{"id":28473,"date":"2024-03-28T05:15:08","date_gmt":"2024-03-28T05:15:08","guid":{"rendered":"https:\/\/fipmed.co\/best-oral-medication-for-fip-fip-tablets-and-capsules\/"},"modified":"2024-03-28T05:15:08","modified_gmt":"2024-03-28T05:15:08","slug":"best-oral-medication-for-fip-fip-tablets-and-capsules","status":"publish","type":"page","link":"https:\/\/fipmed.co\/sk\/best-oral-medication-for-fip-fip-tablets-and-capsules\/","title":{"rendered":"Najlep\u0161ie peror\u00e1lne lieky na FIP &#8211; FIP tablety a kapsuly"},"content":{"rendered":"<p>Hoci sa injekcie v\u0161eobecne pova\u017euj\u00fa za spo\u013eahlivej\u0161ie ako peror\u00e1lna forma lieku GS-441524 na lie\u010dbu FIP, mnoh\u00ed majitelia ma\u010diek sa rozhodn\u00fa pre peror\u00e1lnu mo\u017enos\u0165, aby sa vyhli pr\u00edpadn\u00fdm nepr\u00edjemn\u00fdm pocitom, ktor\u00e9 m\u00f4\u017eu by\u0165 spojen\u00e9 s injekciami. Niektor\u00e9 ma\u010dkovit\u00e9 \u0161elmy m\u00f4\u017eu po dlh\u0161om obdob\u00ed lie\u010dby poci\u0165ova\u0165 nepr\u00edjemn\u00e9 pocity alebo sa u nich m\u00f4\u017ee vyvin\u00fa\u0165 odpor k injekci\u00e1m a s\u00fa aj tak\u00e9, ktor\u00e9 sa m\u00f4\u017eu d\u00f4razne postavi\u0165 proti tomuto postupu. Okrem toho existuje mo\u017enos\u0165 vzniku vredov v mieste vpichu v d\u00f4sledku kyslosti lieku. V t\u00fdchto situ\u00e1ci\u00e1ch sa ako n\u00e1hrada injekci\u00ed m\u00f4\u017eu pou\u017ei\u0165 peror\u00e1lne kapsuly alebo tablety FIP. Pri peror\u00e1lnom pod\u00e1van\u00ed sa nemus\u00edte ob\u00e1va\u0165 rezistencie na liek. \u00da\u010dinnos\u0165 lieku GS-441524 pri lie\u010dbe vlhkej aj suchej FIP je konzistentn\u00e1 bez oh\u013eadu na formu, v ktorej sa u\u017e\u00edva. Pri prv\u00fdch testoch lieku GS-441524 na lie\u010dbu FIP v ter\u00e9ne sa pod\u00e1val injek\u010dne pod ko\u017eu. Pri intraven\u00f3znej aj subkut\u00e1nnej injekcii sa dosiahli vysok\u00e9 hladiny v krvi, ktor\u00e9 sa udr\u017eali na \u00farovni, ktor\u00e1 zastavila v\u00edrus na viac ako 24 hod\u00edn. V\u00fdskumn\u00edci tie\u017e zistili, \u017ee podanie lieku \u00fastami zv\u00fd\u0161ilo hladinu v krvi, ale stalo sa tak o nie\u010do nesk\u00f4r a len na \u00farovni pribli\u017ene 40 % maxim\u00e1lnych hlad\u00edn pozorovan\u00fdch pri subkut\u00e1nnej a intraven\u00f3znej ceste (Pedersen NC, s\u00fakromn\u00e9 \u00fadaje, 2018). Psy s dlh\u0161\u00edmi \u010drevami, ktor\u00e9 sa vyvinuli na konzum\u00e1ciu m\u00e4sa aj rastl\u00edn, v\u0161ak m\u00f4\u017eu prij\u00edma\u0165 a\u017e 85 % lieku GS441524 prostredn\u00edctvom potravy [1, 5]. v \u0161t\u00fadi\u00e1ch absorpcie \u00fastami sa \u010dasto pou\u017e\u00edvali psy ako n\u00e1hradn\u00edci \u013eud\u00ed. To znamen\u00e1, \u017ee absorpcia \u00fastami u \u013eud\u00ed je tie\u017e pravdepodobne vy\u0161\u0161ia ako u ma\u010diek. Preto sa pre testy v ter\u00e9ne na ma\u010dk\u00e1ch vybral subkut\u00e1nny sp\u00f4sob, preto\u017ee sa \u013eahko pou\u017e\u00edva a vytv\u00e1ra vysok\u00e9 hladiny v krvi. \u010c\u00ednski predajcovia lieku GS-441524 skop\u00edrovali publikovan\u00fd test v ter\u00e9ne, koncentr\u00e1ciu lieku a subkut\u00e1nny sp\u00f4sob podania. N\u00e1sledne liek \u0161tuduj\u00fa a pon\u00fakaj\u00fa ho vo forme tabliet. V\u00fdskumn\u00edci v \u010c\u00edne zistili, \u017ee m\u00f4\u017eu dosiahnu\u0165 \u00fa\u010dinn\u00e9 hladiny lieku GS-441524 v krvi len t\u00fdm, \u017ee ich peror\u00e1lne verzie bud\u00fa obsahova\u0165 viac lieku. Potom pri\u0161li \u010fal\u0161ie spolo\u010dnosti s vlastn\u00fdmi verziami lieku GS-441524, ktor\u00e9 sa mohli u\u017e\u00edva\u0165 \u00fastami. Spotrebitelia si teraz m\u00f4\u017eu k\u00fapi\u0165 kapsuly a tablety. Na etiket\u00e1ch sa ako zlo\u017eky uv\u00e1dzaj\u00fa viacer\u00e9 popul\u00e1rne, bezpe\u010dn\u00e9 chemick\u00e9 l\u00e1tky a lie\u010div\u00e9 byliny, ale GS-441524 medzi nimi nie je. Coln\u00edci sa na to pravdepodobne bli\u017e\u0161ie nepozeraj\u00fa. GS-441524 je \u00fa\u010dinnou l\u00e1tkou vo v\u0161etkom or\u00e1lnom tovare bez oh\u013eadu na to, \u010do \u010fal\u0161ie sa v \u0148om nach\u00e1dza. Spolo\u010dnosti, ktor\u00e9 pred\u00e1vaj\u00fa sublingv\u00e1lny tovar, neuv\u00e1dzaj\u00fa, ko\u013eko GS-441524 v \u0148om je, ale je jasn\u00e9, \u017ee je to ove\u013ea viac, ako by bolo potrebn\u00e9, keby sa liek pod\u00e1val pod ko\u017eu. Vyzer\u00e1 to tak, \u017ee \u010doraz viac majite\u013eov dom\u00e1cich zvierat a veterin\u00e1rnych lek\u00e1rov pou\u017e\u00edva peror\u00e1lny liek GS-441524 ako s\u00fa\u010das\u0165 alebo cel\u00fa lie\u010dbu. Za posledn\u00e9 dva roky sa kvalita peror\u00e1lnych produktov GS-441524 zv\u00fd\u0161ila, zatia\u013e \u010do cena pomaly klesala. Vzh\u013eadom na probl\u00e9m reakci\u00ed v mieste vpichu a skuto\u010dnos\u0165, \u017ee peror\u00e1lne pr\u00edpravky GS-441524 \u00fa\u010dinkuj\u00fa lep\u0161ie, sa lie\u010dba \u00fastami stala popul\u00e1rnej\u0161ou.     <\/p>\n<p>   \u010coraz viac ma\u010diek sa lie\u010di liekmi, ktor\u00e9 sa u\u017e\u00edvaj\u00fa \u00fastami, a to bu\u010f na \u010das\u0165 lie\u010dby, alebo na cel\u00fa lie\u010dbu.<\/p>\n<h1>FIP tablety vs. kapsuly: Zlo\u017eenie a d\u00e1vkovanie<\/h1>\n<p>GS-441524 na peror\u00e1lne pou\u017eitie obsahuje ove\u013ea viac \u00fa\u010dinnej l\u00e1tky GS441524, aby sa nahradila strata absorpcie. V\u0161etky zn\u00e1me peror\u00e1lne pr\u00edpravky s\u00fa tablety. Tablety FIPMed s\u00fa v\u0161ak men\u0161\u00edch rozmerov, tak\u017ee sa \u013eah\u0161ie konzumuj\u00fa. Niektor\u00e9 peror\u00e1lne lieky FIP s\u00fa kapsuly, ktor\u00e9 s\u00fa tie\u017e naplnen\u00e9 tekutinou alebo pr\u00e1\u0161kom, a ak ich ma\u010dky prehryzn\u00fa, m\u00f4\u017eu strati\u0165 liek vo vn\u00fatri. Ke\u010f ma\u010dky tablety rozlomia, je zn\u00e1me, \u017ee maj\u00fa zl\u00e9 reakcie. Pokyny na u\u017e\u00edvanie tabliet alebo tabletiek s\u00fa rovnak\u00e9 pre v\u0161etky peror\u00e1lne typy. Zvy\u010dajne je najlep\u0161ie 30 min\u00fat pred podan\u00edm lieku a po \u0148om ni\u010d nejes\u0165 ani nepi\u0165. Niektor\u00e9 ma\u010dky ich m\u00f4\u017eu by\u0165 ochotn\u00e9 u\u017ei\u0165, ak im d\u00e1te mal\u00fd pamlsok, a mnoh\u00e9 ma\u010dky ich zjedia, ak ich d\u00e1te na tanier s kryc\u00edm pamlskom (napr\u00edklad Churu). Hoci s\u00fa peror\u00e1lne kapsuly aj tablety rovnako \u00fa\u010dinn\u00e9, pod\u00e1vanie kaps\u00fal je vo v\u0161eobecnosti n\u00e1ro\u010dnej\u0161ie ako pod\u00e1vanie tabliet. Kapsuly s\u00fa v\u00e4\u010d\u0161ie, tak\u017ee pre ma\u010dky je \u0165a\u017ek\u00e9 ich bez n\u00e1mahy prehltn\u00fa\u0165. Na stla\u010denie pr\u00e1\u0161kovej formy do tabliet je potrebn\u00fdch viac v\u00fdrobn\u00fdch kapac\u00edt, zatia\u013e \u010do pri zadnej amat\u00e9rskej v\u00fdrobe sa na vlo\u017eenie pr\u00e1\u0161ku do kaps\u00fal vyu\u017e\u00edva \u013eudsk\u00e1 pr\u00e1ca. Peror\u00e1lne tablety FIPMED s\u00fa v porovnan\u00ed s tabletami na trhu men\u0161ie, napriek tomu obsahuj\u00fa vysok\u00e9 vstrebate\u013en\u00e9 mno\u017estvo GS441524. Pred\u00e1vaj\u00fa sa v koncentr\u00e1ci\u00e1ch 30 mg a 40 mg, nie ako 5 mg na trhu, ktor\u00e9 si pre rovnak\u00fd \u00fa\u010dinok mus\u00edte zabezpe\u010di\u0165 vo viacer\u00fdch tablet\u00e1ch. S\u00fa kompaktn\u00e9 a mo\u017eno ich \u013eahko pod\u00e1va\u0165 vo v\u00e4\u010d\u0161ine situ\u00e1ci\u00ed.    <\/p>\n<h1>N\u00e1klady na tablety FIP<\/h1>\n<p>Za posledn\u00fd rok sa cena or\u00e1lneho GS v\u00fdrazne zn\u00ed\u017eila. Ke\u010f u\u017e hovor\u00edme o cen\u00e1ch, peror\u00e1lny GS-441524 je o 20 &#8211; 40 % drah\u0161\u00ed ako jeho injek\u010dn\u00fd n\u00e1protivok, av\u0161ak tablety spolo\u010dnosti FIPMed s\u00fa najdostupnej\u0161ie na trhu a stoja takmer rovnako ako injek\u010dn\u00e9 lieky. <\/p>\n<h1>V \u010dom sa l\u00ed\u0161ia \u00fasta od v\u00fdstrelu<\/h1>\n<p>Peror\u00e1lne pod\u00e1vanie lieku GS-441524 zvy\u010dajne nie je vhodn\u00e9 pre ma\u010dky, ktor\u00e9 u\u017e zvracaj\u00fa alebo grgaj\u00fa a maj\u00fa hna\u010dku. \u013dudia \u010dasto pod\u00e1vaj\u00fa ma\u010dk\u00e1m s ve\u013ek\u00fdmi tr\u00e1viacimi probl\u00e9mami injekcie, k\u00fdm probl\u00e9my nevymizn\u00fa. Subkut\u00e1nne pod\u00e1vanie lieku GS-441524 je tie\u017e spo\u013eahlivej\u0161ie ako peror\u00e1lne pod\u00e1vanie. To je \u010dasto ve\u013emi d\u00f4le\u017eit\u00fd faktor pri po\u010diato\u010dnej starostlivosti o ma\u010dky, ktor\u00e9 s\u00fa ve\u013emi chor\u00e9 a neist\u00e9. Pri rozhodovan\u00ed, \u010di ma\u010dke na\u010falej pod\u00e1va\u0165 injek\u010dn\u00fa d\u00e1vku GS-441524, \u010dasto z\u00e1le\u017e\u00ed na tom, ako dobre vie majite\u013e pod\u00e1va\u0165 injekcie, ako je ma\u010dka pripraven\u00e1 zvykn\u00fa\u0165 si na boles\u0165 a ako \u010dasto sa objavuj\u00fa rany v mieste vpichu. Ke\u010f sa tak stane, peror\u00e1lny liek je \u010dasto pr\u00edjemnou prest\u00e1vkou pre majite\u013ea aj pre ma\u010dku.     <\/p>\n<h1>Ak\u00e1 je \u00fa\u010dinnos\u0165 peror\u00e1lneho lieku GS-441524 ako lie\u010dby FIP<\/h1>\n<p>Ak sa peror\u00e1lna lie\u010dba FIP pod\u00e1va vo vhodnom \u010dase a d\u00e1vke, m\u00f4\u017ee by\u0165 rovnako \u00fa\u010dinn\u00e1 ako podko\u017en\u00e9 injekcie pri rie\u0161en\u00ed infek\u010dnej peritonit\u00eddy ma\u010diek. Na druhej strane sa odborn\u00edci na lie\u010dbu FIP vo v\u0161eobecnosti zhoduj\u00fa v tom, \u017ee ma\u010dky lie\u010den\u00e9 peror\u00e1lne maj\u00fa v\u00e4\u010d\u0161iu pravdepodobnos\u0165 recid\u00edvy v porovnan\u00ed s ma\u010dkami lie\u010den\u00fdmi injekciami po\u010das cel\u00e9ho priebehu lie\u010dby. Peror\u00e1lne kapsuly a tabletky nemusia poskytova\u0165 optim\u00e1lnu lie\u010dbu ma\u010dk\u00e1m s neurologick\u00fdmi formami FIP alebo ma\u010dk\u00e1m s \u010dast\u00fdm vracan\u00edm alebo hna\u010dkou. V s\u00fa\u010dasnosti nie s\u00fa hl\u00e1sen\u00e9 \u017eiadne ved\u013eaj\u0161ie \u00fa\u010dinky spojen\u00e9 s injek\u010dnou ani peror\u00e1lnou lie\u010dbou FIP. Niektor\u00e9 ma\u010dky nereagovali dobre na u\u017e\u00edvanie GS-441524 \u00fastami ako prv\u00fa lie\u010dbu alebo sa u nich vyskytli relapsy, ke\u010f pre\u0161li z injekci\u00ed na tablety. V in\u00fdch pr\u00edpadoch pod\u00e1vanie rovnak\u00e9ho mno\u017estva lieku GS-441524 \u00fastami vylie\u010dilo ma\u010dky, ktor\u00e9 nereagovali dobre na injekcie. Odpor\u00fa\u010dame v\u0161ak injek\u010dn\u00fa formu lieku GS-441524, ktor\u00e1 by mohla dosiahnu\u0165 presn\u00e9 mno\u017estv\u00e1 potrebn\u00e9 na lie\u010dbu ochorenia Neuro FIP, najm\u00e4 ak sa v\u00edrus stal rezistentn\u00fdm na r\u00f4zne lieky.   <\/p>\n<p>&nbsp;<\/p>\n<p>Referen\u010dn\u00e9 \u0161t\u00fadie o gastrointestin\u00e1lnej absorpcii nukleozidov s\u00favisiacich s GS-441524 a GS-441524 1. Thomas L. Prekurzor remdesiviru vykazuje terapeutick\u00fd potenci\u00e1l pre COVID-19.<br \/>\nhttps:\/\/www.news-medical.net\/news\/20210209\/A-precursor-to-remdesivir-showstherapeuticpotential-for-COVID-19.aspx. 2. Painter GR, Bowen RA, Bluemling GR, et al. Profylaktick\u00e1 a terapeutick\u00e1 aktivita<br \/>\n\u0161iroko akt\u00edvneho ribonukleozidov\u00e9ho anal\u00f3gu na my\u0161om modeli intranaz\u00e1lnej infekcie v\u00edrusom venezuelskej konskej<br \/>\nencefalit\u00eddy. Antiviral Res. 2019;171:104597.<br \/>\ndoi:10.1016\/j.antiviral.2019.104597 Po peror\u00e1lnom podan\u00ed sa EIDD-1931 r\u00fdchlo absorbuje, o \u010dom sved\u010dia hodnoty T-max v plazme<br \/>\nv rozmedz\u00ed od 0,5 do 1,0 h. Expoz\u00edcie s\u00fa vysok\u00e9 (hodnoty C-ma-x sa pohybuj\u00fa v rozmedz\u00ed od 30 do 40 \u03bcM)<br \/>\na s\u00fa z\u00e1visl\u00e9 od d\u00e1vky, ale v\u00fdrazne menej ako d\u00e1vka \u00famern\u00e1. Pozorovanie<br \/>\nklesaj\u00facej biologickej dostupnosti so zvy\u0161uj\u00facou sa d\u00e1vkou m\u00f4\u017ee nazna\u010dova\u0165 kapacitne obmedzen\u00fa absorpciu,<br \/>\nfenom\u00e9n, ktor\u00fd bol zaznamenan\u00fd pri in\u00fdch nukleozidoch (de Miranda a kol., 1981). EIDD-1931,<br \/>\npodobne ako v\u00e4\u010d\u0161ina endog\u00e9nnych nukleozidov a xenobiotick\u00fdch nukleozidov\u00fdch anal\u00f3gov, je vysoko pol\u00e1rna,<br \/>\nhydrofiln\u00e1 molekula (cLog P =-2,2), a preto pravdepodobne vy\u017eaduje funk\u010dn\u00e9 transport\u00e9ry, aby<br \/>\npre\u0161la cez bunkov\u00e9 membr\u00e1ny. T\u00e1to z\u00e1vislos\u0165 by vysvet\u013eovala obmedzen\u00fa kapacitu absorpcie pozorovan\u00fa vo<br \/>\nfarmakokinetick\u00fdch \u0161t\u00fadi\u00e1ch vykonan\u00fdch na my\u0161iach CD-1. Skor\u0161ie spr\u00e1vy tie\u017e nazna\u010dili, \u017ee vychyt\u00e1vanie nukleozidov<br \/>\ndo epitelov\u00fdch buniek my\u0161\u00edch \u010driev je prim\u00e1rne sprostredkovan\u00e9 sod\u00edkovo z\u00e1visl\u00fdmi<br \/>\nkoncentra\u010dn\u00fdmi nukleozidov\u00fdmi transport\u00e9rmi (Cass et al., 1999; Vijayalakshmi a Belt, 1988).<\/p>\n<p>3. Cass, C.E., Young, J.D., Baldwin, S.A., Cabrita, M.A., Graham, K.A., Griffiths, M.,Jennings,<br \/>\nL.L., Mackey, J.R., Ng, A.M., Ritzel, M.W., Vickers, M.F., Yao, S.Y., 1999.Nucleoside<br \/>\ntransporters of mammalian cells. Pharm. Biotechnol. 12313-12352 4. de Miranda, P., Krasny, H.C., Page, D.A., Elion, G.B., 1981. Dispoz\u00edcia acikloviru<br \/>\nindiferentn\u00fdch druhov. J. Pharmacol. Exp. Ther. 219 (2), 309-315 5. Vijayalakshmi, D., Belt, J.A., 1988. Sodium-dependent nucleoside transport in mouse<br \/>\nintestinal epithelial cells (Transport nukleozidov z\u00e1visl\u00fd od sod\u00edka v epitelov\u00fdch bunk\u00e1ch my\u0161i). Dva transportn\u00e9 syst\u00e9my s rozdielnou substr\u00e1tovou \u0161pecifickos\u0165ou. Biol.<br \/>\nChem. 263 (36), 19419-19423. 6. Yan VC, Khadka S, Arthur K, Ackroyd JJ, Georgiou DK, Muller FL. Pharmacokinetics of Orally<br \/>\nAdministered GS-441524 in Dogs. bioRxiv, doi: https:\/\/doi.org\/10.1101\/2021.02.04.429674 7. https:\/\/ccah.vetmed.ucdavis.edu\/<\/p>\n","protected":false},"excerpt":{"rendered":"<p>Hoci sa injekcie v\u0161eobecne pova\u017euj\u00fa za spo\u013eahlivej\u0161ie ako peror\u00e1lna forma lieku GS-441524 na lie\u010dbu FIP, mnoh\u00ed majitelia ma\u010diek sa rozhodn\u00fa pre peror\u00e1lnu mo\u017enos\u0165, aby sa vyhli pr\u00edpadn\u00fdm nepr\u00edjemn\u00fdm pocitom, ktor\u00e9 m\u00f4\u017eu by\u0165 spojen\u00e9 s injekciami. Niektor\u00e9 ma\u010dkovit\u00e9 \u0161elmy m\u00f4\u017eu po dlh\u0161om obdob\u00ed lie\u010dby poci\u0165ova\u0165 nepr\u00edjemn\u00e9 pocity alebo sa u nich m\u00f4\u017ee vyvin\u00fa\u0165 odpor k injekci\u00e1m [&hellip;]<\/p>\n","protected":false},"author":1,"featured_media":28474,"parent":0,"menu_order":0,"comment_status":"closed","ping_status":"closed","template":"","meta":{"_glsr_average":0,"_glsr_ranking":0,"_glsr_reviews":0,"footnotes":""},"categories":[1169],"tags":[],"_links":{"self":[{"href":"https:\/\/fipmed.co\/sk\/wp-json\/wp\/v2\/pages\/28473"}],"collection":[{"href":"https:\/\/fipmed.co\/sk\/wp-json\/wp\/v2\/pages"}],"about":[{"href":"https:\/\/fipmed.co\/sk\/wp-json\/wp\/v2\/types\/page"}],"author":[{"embeddable":true,"href":"https:\/\/fipmed.co\/sk\/wp-json\/wp\/v2\/users\/1"}],"replies":[{"embeddable":true,"href":"https:\/\/fipmed.co\/sk\/wp-json\/wp\/v2\/comments?post=28473"}],"version-history":[{"count":0,"href":"https:\/\/fipmed.co\/sk\/wp-json\/wp\/v2\/pages\/28473\/revisions"}],"wp:featuredmedia":[{"embeddable":true,"href":"https:\/\/fipmed.co\/sk\/wp-json\/wp\/v2\/media\/28474"}],"wp:attachment":[{"href":"https:\/\/fipmed.co\/sk\/wp-json\/wp\/v2\/media?parent=28473"}],"wp:term":[{"taxonomy":"category","embeddable":true,"href":"https:\/\/fipmed.co\/sk\/wp-json\/wp\/v2\/categories?post=28473"},{"taxonomy":"post_tag","embeddable":true,"href":"https:\/\/fipmed.co\/sk\/wp-json\/wp\/v2\/tags?post=28473"}],"curies":[{"name":"wp","href":"https:\/\/api.w.org\/{rel}","templated":true}]}}