{"id":28481,"date":"2023-05-08T07:39:24","date_gmt":"2023-05-08T07:39:24","guid":{"rendered":"https:\/\/fipmed.co\/contact-us\/"},"modified":"2025-01-22T06:11:11","modified_gmt":"2025-01-22T06:11:11","slug":"contact-us","status":"publish","type":"page","link":"https:\/\/fipmed.co\/sk\/contact-us\/","title":{"rendered":"Kontaktujte n\u00e1s"},"content":{"rendered":"\t\t<div data-elementor-type=\"wp-page\" data-elementor-id=\"28481\" class=\"elementor elementor-28481 elementor-7274\">\n\t\t\t\t\t\t<section class=\"elementor-section elementor-top-section elementor-element elementor-element-a0c711f elementor-section-boxed elementor-section-height-default elementor-section-height-default\" data-id=\"a0c711f\" data-element_type=\"section\">\n\t\t\t\t\t\t<div class=\"elementor-container elementor-column-gap-default\">\n\t\t\t\t\t<div class=\"elementor-column elementor-col-100 elementor-top-column elementor-element elementor-element-935b070\" data-id=\"935b070\" data-element_type=\"column\">\n\t\t\t<div class=\"elementor-widget-wrap elementor-element-populated\">\n\t\t\t\t\t\t<div class=\"elementor-element elementor-element-213ae02 elementor-widget elementor-widget-text-editor\" data-id=\"213ae02\" data-element_type=\"widget\" data-widget_type=\"text-editor.default\">\n\t\t\t\t<div class=\"elementor-widget-container\">\n\t\t\t\t\t\t\t\t\t<p class=\"p1\">\n<p class=\"p1\"><span class=\"s1\">Sme tu, aby sme v\u00e1m pomohli! Nev\u00e1hajte n\u00e1s kontaktova\u0165. Ak m\u00e1te ak\u00e9ko\u013evek ot\u00e1zky, obavy alebo sp\u00e4tn\u00fa v\u00e4zbu, nev\u00e1hajte n\u00e1s kontaktova\u0165. N\u00e1\u0161 \u0161pecializovan\u00fd t\u00edm z\u00e1kazn\u00edckej podpory je pripraven\u00fd pom\u00f4c\u0165 v\u00e1m, ako len bude mo\u017en\u00e9.   <\/span><\/p>\n<p class=\"p1\"><strong><span class=\"s1\">Ako sa k n\u00e1m dostanete<\/span><\/strong><\/p>\n<p class=\"p1\"><strong><span class=\"s1\">E-mail:<\/span><\/strong><\/p>\n<p class=\"p1\"><span class=\"s1\">Nev\u00e1hajte a nap\u00ed\u0161te n\u00e1m na e-mailov\u00fa adresu support@fipmed.co. Na v\u0161etky ot\u00e1zky sa sna\u017e\u00edme odpoveda\u0165 do 2 hod\u00edn vr\u00e1tane v\u00edkendov a sviatkov. \u010ci u\u017e m\u00e1te ot\u00e1zku t\u00fdkaj\u00facu sa na\u0161ich v\u00fdrobkov, probl\u00e9m s objedn\u00e1vkou alebo potrebujete pomoc s vr\u00e1ten\u00edm tovaru, n\u00e1\u0161 t\u00edm je tu, aby v\u00e1m poskytol r\u00fdchlu a u\u017eito\u010dn\u00fa odpove\u010f.  <\/span><\/p>\n<p class=\"p1\"><strong><span class=\"s1\">Chatbot na\u017eivo:<\/span><\/strong><\/p>\n<p class=\"p1\"><span class=\"s1\">Pre pomoc v re\u00e1lnom \u010dase pon\u00fakame na na\u0161ej webovej str\u00e1nke pohodln\u00fa funkciu \u017eiv\u00e9ho chatu. Vyh\u013eadajte ikonu chatu v pravom dolnom rohu obrazovky a kliknut\u00edm na \u0148u za\u010dnite konverz\u00e1ciu s na\u0161\u00edm chatbotom Clawdia. \u010ci u\u017e potrebujete pom\u00f4c\u0165 s navig\u00e1ciou na na\u0161ej str\u00e1nke, m\u00e1te ot\u00e1zky o na\u0161ej ponuke alebo potrebujete podporu po\u010das procesu n\u00e1kupu, je tu, aby v\u00e1m okam\u017eite pomohla. S rados\u0165ou v\u00e1m odpovie na va\u0161e ot\u00e1zky, poskytne odpor\u00fa\u010dania na produkty alebo v\u00e1m pom\u00f4\u017ee s ak\u00fdmiko\u013evek obavami.   <\/span><\/p>\n<p class=\"p1\"><strong><span class=\"s1\">Soci\u00e1lne m\u00e9di\u00e1:<\/span><\/strong><\/p>\n<p class=\"p1\"><span class=\"s1\">Spojte sa s nami na soci\u00e1lnych sie\u0165ach. Sme akt\u00edvni na Facebooku. Sledujte n\u00e1s, aby ste boli informovan\u00ed o najnov\u0161\u00edch produktoch, exkluz\u00edvnych propaga\u010dn\u00fdch akci\u00e1ch a \u010fal\u0161\u00edch novink\u00e1ch. Nev\u00e1hajte n\u00e1s oslovi\u0165 prostredn\u00edctvom priamych spr\u00e1v alebo n\u00e1s ozna\u010dte vo svojich pr\u00edspevkoch. Radi po\u010d\u00favame na\u0161ich z\u00e1kazn\u00edkov a zap\u00e1jame sa do komunik\u00e1cie s na\u0161ou komunitou.    <\/span><\/p>\n<p class=\"p1\"><span class=\"s1\">Va\u0161a spokojnos\u0165 je na\u0161ou najvy\u0161\u0161ou prioritou a my sa zav\u00e4zujeme poskytova\u0165 v\u00fdnimo\u010dn\u00e9 slu\u017eby z\u00e1kazn\u00edkom. V\u00e1\u017eime si va\u0161u sp\u00e4tn\u00fa v\u00e4zbu a oce\u0148ujeme v\u00e1\u0161 \u010das, ktor\u00fd ste n\u00e1m venovali. Sna\u017e\u00edme sa neust\u00e1le zlep\u0161ova\u0165 va\u0161e sk\u00fasenosti a va\u0161e pr\u00edspevky zohr\u00e1vaj\u00fa v tomto procese k\u013e\u00fa\u010dov\u00fa \u00falohu.  <\/span><\/p>\n<p class=\"p1\"><span class=\"s1\">\u010eakujeme, \u017ee ste si vybrali spolo\u010dnos\u0165 FipMed. Te\u0161\u00edme sa na va\u0161u pomoc! <\/span><\/p>\n\t\t\t\t\t\t\t\t<\/div>\n\t\t\t\t<\/div>\n\t\t\t\t\t<\/div>\n\t\t<\/div>\n\t\t\t\t\t<\/div>\n\t\t<\/section>\n\t\t\t\t<\/div>\n\t\t","protected":false},"excerpt":{"rendered":"<p>Sme tu, aby sme v\u00e1m pomohli! Nev\u00e1hajte n\u00e1s kontaktova\u0165. Ak m\u00e1te ak\u00e9ko\u013evek ot\u00e1zky, obavy alebo sp\u00e4tn\u00fa v\u00e4zbu, nev\u00e1hajte n\u00e1s kontaktova\u0165. N\u00e1\u0161 \u0161pecializovan\u00fd t\u00edm z\u00e1kazn\u00edckej podpory je pripraven\u00fd pom\u00f4c\u0165 v\u00e1m, ako len bude mo\u017en\u00e9. Ako sa k n\u00e1m dostanete E-mail: Nev\u00e1hajte a nap\u00ed\u0161te n\u00e1m na e-mailov\u00fa adresu support@fipmed.co. Na v\u0161etky ot\u00e1zky sa sna\u017e\u00edme odpoveda\u0165 do 2 [&hellip;]<\/p>\n","protected":false},"author":1,"featured_media":0,"parent":0,"menu_order":0,"comment_status":"closed","ping_status":"closed","template":"","meta":{"_glsr_average":0,"_glsr_ranking":0,"_glsr_reviews":0,"footnotes":""},"categories":[],"tags":[],"_links":{"self":[{"href":"https:\/\/fipmed.co\/sk\/wp-json\/wp\/v2\/pages\/28481"}],"collection":[{"href":"https:\/\/fipmed.co\/sk\/wp-json\/wp\/v2\/pages"}],"about":[{"href":"https:\/\/fipmed.co\/sk\/wp-json\/wp\/v2\/types\/page"}],"author":[{"embeddable":true,"href":"https:\/\/fipmed.co\/sk\/wp-json\/wp\/v2\/users\/1"}],"replies":[{"embeddable":true,"href":"https:\/\/fipmed.co\/sk\/wp-json\/wp\/v2\/comments?post=28481"}],"version-history":[{"count":1,"href":"https:\/\/fipmed.co\/sk\/wp-json\/wp\/v2\/pages\/28481\/revisions"}],"predecessor-version":[{"id":28482,"href":"https:\/\/fipmed.co\/sk\/wp-json\/wp\/v2\/pages\/28481\/revisions\/28482"}],"wp:attachment":[{"href":"https:\/\/fipmed.co\/sk\/wp-json\/wp\/v2\/media?parent=28481"}],"wp:term":[{"taxonomy":"category","embeddable":true,"href":"https:\/\/fipmed.co\/sk\/wp-json\/wp\/v2\/categories?post=28481"},{"taxonomy":"post_tag","embeddable":true,"href":"https:\/\/fipmed.co\/sk\/wp-json\/wp\/v2\/tags?post=28481"}],"curies":[{"name":"wp","href":"https:\/\/api.w.org\/{rel}","templated":true}]}}