{"id":28485,"date":"2022-12-02T07:59:53","date_gmt":"2022-12-02T07:59:53","guid":{"rendered":"https:\/\/fipmed.co\/cat-fip-10-things-to-do-once-your-feline-is-diagnosed-as-a-fip-cat\/"},"modified":"2022-12-02T07:59:53","modified_gmt":"2022-12-02T07:59:53","slug":"cat-fip-10-things-to-do-once-your-feline-is-diagnosed-as-a-fip-cat","status":"publish","type":"page","link":"https:\/\/fipmed.co\/sk\/cat-fip-10-things-to-do-once-your-feline-is-diagnosed-as-a-fip-cat\/","title":{"rendered":"FIP ma\u010diek: 10 vec\u00ed, ktor\u00e9 treba urobi\u0165 okam\u017eite po diagnostikovan\u00ed FIP ma\u010diek"},"content":{"rendered":"<p>Ak ste pr\u00e1ve zistili, \u017ee va\u0161a ma\u010dka m\u00e1 FIP, m\u00f4\u017ee to by\u0165 znepokojuj\u00face.<br \/>\nAk ste to vy, ch\u00e1peme v\u00e1s, ale sme tu, aby sme v\u00e1m pomohli.<br \/>\nAk va\u0161ej ma\u010dke diagnostikovali FIP, tu je 10 vec\u00ed, ktor\u00e9 m\u00f4\u017eete urobi\u0165.    <\/p>\n<h2>1. Vyh\u013eadajte odborn\u00fa veterin\u00e1rnu pomoc pri FIP ma\u010diek<\/h2>\n<p>  Pre majite\u013eov ma\u010diek m\u00f4\u017ee by\u0165 diagn\u00f3za FIP desivou vyhliadkou.<br \/>\nHoci je toto ochorenie zlo\u017eit\u00e9 a z\u00e1va\u017en\u00e9, v\u010dasn\u00fd z\u00e1sah a odborn\u00e1 starostlivos\u0165 m\u00f4\u017eu ma\u0165 z\u00e1sadn\u00fd vplyv na blaho v\u00e1\u0161ho milovan\u00e9ho dom\u00e1ceho mazn\u00e1\u010dika.<br \/>\nV\u00e1\u0161 veterin\u00e1rny lek\u00e1r v\u00e1m poskytne inform\u00e1cie o tom, ako zabezpe\u010di\u0165, aby va\u0161a ma\u010dka mala \u010do najv\u00e4\u010d\u0161iu \u0161ancu na pre\u017eitie.<br \/>\nAj pri spr\u00e1vnej lie\u010dbe m\u00f4\u017eete urobi\u0165 mnoho vec\u00ed, ktor\u00e9 zv\u00fd\u0161ia \u0161ancu va\u0161ej ma\u010dky na pre\u017eitie.<br \/>\nNiektor\u00e9 ma\u010dky bud\u00fa v poriadku, ak s vami p\u00f4jdu domov, zatia\u013e \u010do v \u0165a\u017e\u0161\u00edch pr\u00edpadoch m\u00f4\u017ee by\u0165 potrebn\u00e1 hospitaliz\u00e1cia pre lep\u0161iu lek\u00e1rsku starostlivos\u0165.      <\/p>\n<h2>2. Za\u010dnite lie\u010dbu liekom GS441524<\/h2>\n<p>  Lie\u010dba ma\u010dacej infek\u010dnej peritonit\u00eddy (FIP) liekom GS441524 je prv\u00fdm krokom, ktor\u00fd pom\u00f4\u017ee ma\u010dk\u00e1m pre\u017ei\u0165.<br \/>\nGS441524 je peror\u00e1lna antiv\u00edrusov\u00e1 <a href=\"\/de?page_id=887\" target=\"_blank\" rel=\"noopener\">lie\u010dba FIP<\/a>, ktor\u00e1 sa uk\u00e1zala ako vysoko \u00fa\u010dinn\u00e1 a mimoriadne bezpe\u010dn\u00e1 pre ma\u010dky bojuj\u00face s t\u00fdmto z\u00e1va\u017en\u00fdm ochoren\u00edm.<br \/>\nPri v\u010dasnom nasaden\u00ed a dodr\u017eiavan\u00ed pokynov lek\u00e1ra m\u00f4\u017ee <a href=\"\/de?page_id=6163\" target=\"_blank\" rel=\"noopener\">GS 441524<\/a> zachr\u00e1ni\u0165 \u017eivot; \u0161t\u00fadie odhalili 90 % \u00faspe\u0161nos\u0165.<br \/>\nPotenci\u00e1lne ne\u017eiaduce \u00fa\u010dinky s\u00fa relat\u00edvne n\u00edzke, ale zah\u0155\u0148aj\u00fa zmeny chuti do jedla, preferencie stravy a spr\u00e1vania, ako aj do\u010dasn\u00e9 epiz\u00f3dy hna\u010dky alebo zvracania po\u010das prv\u00fdch dn\u00ed pod\u00e1vania &#8211; v\u0161etko \u013eahko zvl\u00e1dnute\u013en\u00e9 pod pr\u00edsnym doh\u013eadom veterin\u00e1rneho lek\u00e1ra.<br \/>\nPrioritn\u00e1 lie\u010dba autoinjek\u010dn\u00fdmi kortikosteroidmi by mala sprev\u00e1dza\u0165 za\u010diatok dlhodobej peror\u00e1lnej lie\u010dby v z\u00e1va\u017en\u00fdch pr\u00edpadoch, pri\u010dom zachovanie optim\u00e1lnej symptomatickej podpory, ako je poskytovanie v\u00fd\u017eivy a starostliv\u00e9 hygienick\u00e9 protokoly po\u010das cel\u00e9ho obdobia, v\u00fdrazne pom\u00f4\u017ee zotaveniu va\u0161ej ma\u010dky.      <\/p>\n<h2>3. Zvl\u00e1dnutie pr\u00edznakov a zmiernenie bolesti ma\u010dky pri FIP<\/h2>\n<p>  Ke\u010f sa u ma\u010dky diagnostikuje FIP, je d\u00f4le\u017eit\u00e9 prija\u0165 okam\u017eit\u00e9 opatrenia na zvl\u00e1dnutie jej pr\u00edznakov a zmiernenie bolesti.<br \/>\nFIP je komplexn\u00e9 ochorenie, ktor\u00e9 m\u00f4\u017ee ma\u010dk\u00e1m sp\u00f4sobova\u0165 nepr\u00edjemn\u00e9 pocity, preto je na zvl\u00e1dnutie chronick\u00e9ho ochorenia nevyhnutn\u00fd mana\u017ement sympt\u00f3mov.<br \/>\nAk sa va\u0161a ma\u010dka jav\u00ed ako nepohodln\u00e1 a trp\u00ed boles\u0165ami, niekedy je potrebn\u00e9 pou\u017ei\u0165 lieky proti bolesti.<br \/>\nAj antibiotik\u00e1 m\u00f4\u017eu pom\u00f4c\u0165 pri niektor\u00fdch bakteri\u00e1lnych infekci\u00e1ch, ktor\u00e9 m\u00f4\u017eu by\u0165 sp\u00f4soben\u00e9 stavom FIP.<br \/>\nV niektor\u00fdch pr\u00edpadoch, ke\u010f <a href=\"\/de?page_id=903\" target=\"_blank\" rel=\"noopener\">m\u00e1 ma\u010dka pokro\u010dil\u00fa FIP<\/a>, m\u00f4\u017eu by\u0165 na za\u010diatku potrebn\u00e9 steroidy na zn\u00ed\u017eenie z\u00e1palu.<br \/>\nSteroidy je v\u0161ak potrebn\u00e9 ihne\u010f po stabiliz\u00e1cii ma\u010dky vysadi\u0165, preto\u017ee zasahuj\u00fa do antiv\u00edrusovej lie\u010dby FIP.       <\/p>\n<h2>4. Hydrat\u00e1cia podko\u017en\u00fdmi tekutinami<\/h2>\n<p>  Ma\u010dacia infek\u010dn\u00e1 peritonit\u00edda (FIP) je z\u00e1va\u017en\u00e9 a \u010dasto smrte\u013en\u00e9 ochorenie.<br \/>\nV r\u00e1mci lie\u010debn\u00e9ho pl\u00e1nu sa m\u00f4\u017ee odporu\u010di\u0165 subkut\u00e1nne pod\u00e1vanie tekut\u00edn, ktor\u00e9 pom\u00f4\u017ee zvl\u00e1dnu\u0165 stav ma\u010dky s FIP.<br \/>\nIde o pod\u00e1vanie tekut\u00edn pod ko\u017eu, ktor\u00e9 sa pomaly vstreb\u00e1vaj\u00fa do krvn\u00e9ho obehu a tela, aby sa zabezpe\u010dila primeran\u00e1 \u00farove\u0148 hydrat\u00e1cie a zlep\u0161il celkov\u00fd zdravotn\u00fd stav.<br \/>\nDom\u00e1ca tekutinov\u00e1 terapia m\u00f4\u017ee by\u0165 prospe\u0161n\u00e1, preto\u017ee pom\u00e1ha ma\u010dk\u00e1m so zdravotn\u00fdm stavom, ktor\u00fd si vy\u017eaduje doplnkov\u00e9 tekutiny &#8211; ako je napr\u00edklad FIP ma\u010dky &#8211; zosta\u0165 hydratovan\u00e9 bez toho, aby museli \u010dasto chodi\u0165 k veterin\u00e1rovi na intraven\u00f3znu lie\u010dbu.<br \/>\nSubkut\u00e1nne pod\u00e1vanie tekut\u00edn (SQF) by sa malo pod\u00e1va\u0165 priebe\u017ene; existuj\u00fa v\u0161ak ur\u010dit\u00e9 usmernenia o tom, ako \u010dasto by sa malo vykon\u00e1va\u0165.<br \/>\nV\u00e4\u010d\u0161ina ma\u010diek si vy\u017eaduje rutinn\u00e9 SQF raz t\u00fd\u017edenne a\u017e denne v z\u00e1vislosti od ich celkov\u00e9ho zdravotn\u00e9ho stavu, aktu\u00e1lnej \u00farovne dehydrat\u00e1cie a \u010fal\u0161\u00edch faktorov, ktor\u00e9 ur\u010d\u00ed v\u00e1\u0161 veterin\u00e1rny lek\u00e1r alebo t\u00edm veterin\u00e1rnej zdravotnej starostlivosti.<br \/>\nAk chcete ur\u010di\u0165, \u010di s\u00fa SQF potrebn\u00e9 a ako \u010dasto by sa mali uskuto\u010d\u0148ova\u0165, pred za\u010dat\u00edm dom\u00e1cich lie\u010debn\u00fdch k\u00far sa o tejto z\u00e1le\u017eitosti pora\u010fte priamo so svoj\u00edm veterin\u00e1rnym lek\u00e1rom, ktor\u00fd v\u00e1m poskytne spr\u00e1vne pokyny.<br \/>\nAk sa pod\u00e1vanie SQF doma vykon\u00e1va spr\u00e1vne s pou\u017eit\u00edm steriln\u00fdch ihiel a vybavenia pod\u013ea pokynov veterin\u00e1rneho lek\u00e1ra, m\u00f4\u017ee poskytn\u00fa\u0165 potrebn\u00fa \u00fa\u013eavu a z\u00e1rove\u0148 zabr\u00e1ni\u0165 zbyto\u010dn\u00e9mu stresu po\u010das pravideln\u00fdch kontrol v ordin\u00e1cii veterin\u00e1rneho lek\u00e1ra v d\u00f4sledku pr\u00edle\u017eitostn\u00fdch ochoren\u00ed, ako je <a href=\"\/de?page_id=6094\" target=\"_blank\" rel=\"noopener\">FIP u ma\u010diek<\/a> a ma\u010diatok.         &nbsp;<\/p>\n<h2>5. V\u00fd\u017eivov\u00e1 podpora pre ma\u010dky FIP<\/h2>\n<p><a href=\"\/de?page_id=893\" target=\"_blank\" rel=\"noopener\">V\u00fd\u017eivov\u00e1 podpora<\/a> je d\u00f4le\u017eitou s\u00fa\u010das\u0165ou lie\u010dby FIP u ma\u010diek. \u017diviny zohr\u00e1vaj\u00fa d\u00f4le\u017eit\u00fa \u00falohu pri podpore ich celkov\u00e9ho zdravia a pom\u00e1haj\u00fa v boji proti v\u00edrusu sp\u00f4sobuj\u00facemu toto ochorenie. Pokia\u013e ide o FIP ma\u010diek, existuj\u00fa \u0161pecifick\u00e9 di\u00e9tne potreby, ktor\u00e9 je potrebn\u00e9 zoh\u013eadni\u0165 v z\u00e1ujme dobr\u00e9ho stavu va\u0161ej ma\u010dky. V skuto\u010dnosti sa u niektor\u00fdch ma\u010diek vyvinula FIP v d\u00f4sledku nespr\u00e1vnej v\u00fd\u017eivy, ktor\u00e1 prispieva k oslabeniu imunitn\u00e9ho syst\u00e9mu. Imunitn\u00fd syst\u00e9m zohr\u00e1va d\u00f4le\u017eit\u00fa \u00falohu pri kontrole a boji proti infekcii sp\u00f4sobenej FIP, preto je vhodn\u00e1 v\u00fd\u017eiva k\u013e\u00fa\u010dom k podpore optim\u00e1lneho zdravia a minimaliz\u00e1cii opakovania alebo prepuknutia tohto zlo\u017eit\u00e9ho ochorenia. Zme\u0148te stravu va\u0161ej ma\u010dky na surov\u00fa hov\u00e4dziu stravu, ako aj poskytnutie v\u00fdvaru z kost\u00ed pre viac tekut\u00edn. M\u00f4\u017eete tie\u017e doplni\u0165 tieto vitam\u00edny: <strong>Omega-3 mastn\u00e9 kyseliny:<\/strong> Omega-3 mastn\u00e9 kyseliny, ktor\u00e9 s\u00fa be\u017en\u00e9 v doplnkoch s ryb\u00edm tukom, m\u00f4\u017eu pom\u00f4c\u0165 zn\u00ed\u017ei\u0165 z\u00e1pal a zlep\u0161i\u0165 celkov\u00fd zdravotn\u00fd stav va\u0161ej ma\u010dky. M\u00f4\u017eu pom\u00f4c\u0165 pri probl\u00e9moch s\u00favisiacich s FIP, ako je hromadenie tekut\u00edn a z\u00e1pal. <strong>Antioxidanty<\/strong>: ako s\u00fa vitam\u00edny C a E, m\u00f4\u017eu pom\u00f4c\u0165 pri zni\u017eovan\u00ed oxida\u010dn\u00e9ho stresu a podpore imunitn\u00e9ho syst\u00e9mu. V\u00e1\u0161 veterin\u00e1rny lek\u00e1r v\u00e1m porad\u00ed, ak\u00e1 d\u00e1vka je pre va\u0161u ma\u010dku najvhodnej\u0161ia. <strong>Probiotik\u00e1:<\/strong> Probiotik\u00e1 m\u00f4\u017eu pom\u00f4c\u0165 zdraviu tr\u00e1viaceho traktu a imunitn\u00e9mu syst\u00e9mu va\u0161ej ma\u010dky. Ke\u010f\u017ee FIP m\u00f4\u017ee ma\u0165 vplyv na tr\u00e1viaci trakt, probiotik\u00e1 m\u00f4\u017eu by\u0165 u\u017eito\u010dn\u00e9. <strong>Podpora imunitn\u00e9ho syst\u00e9mu:<\/strong> V spolupr\u00e1ci s veterin\u00e1rnym lek\u00e1rom zv\u00e1\u017ete doplnky imunitn\u00e9ho syst\u00e9mu, ako s\u00fa beta-gluk\u00e1ny alebo imunomodul\u00e1tory. <strong>Vitam\u00edny skupiny B:<\/strong> Vitam\u00edny skupiny B, najm\u00e4 B-12, s\u00fa prospe\u0161n\u00e9 pre celkov\u00e9 zdravie a pohodu. V ojedinel\u00fdch pr\u00edpadoch sa m\u00f4\u017ee odporu\u010di\u0165 doplnenie komplexu vitam\u00ednov B. <strong>Vyh\u00fdbajte sa L-lyz\u00ednu:<\/strong> Lyz\u00edn je aminokyselina, ktor\u00e1 m\u00f4\u017ee pom\u00f4c\u0165 pri pr\u00edznakoch horn\u00fdch d\u00fdchac\u00edch ciest sp\u00f4soben\u00fdch FIP, ale nemus\u00ed priamo lie\u010di\u0165 tento stav. Taktie\u017e br\u00e1ni <a href=\"\/de?page_id=895\" target=\"_blank\" rel=\"noopener\">lie\u010dbe FIP<\/a>.             &nbsp;<\/p>\n<h2>6. Vytvorenie pr\u00edjemn\u00e9ho a \u010dist\u00e9ho prostredia<\/h2>\n<p>  Vytvorenie a udr\u017eiavanie pohodln\u00e9ho a \u010dist\u00e9ho prostredia pre ma\u010dky s FIP je nevyhnutn\u00e9 pre ich celkov\u00e9 zdravie.<br \/>\n\u010cist\u00fd \u017eivotn\u00fd priestor m\u00f4\u017ee pom\u00f4c\u0165 zmierni\u0165 pr\u00edznaky nepohodlia sp\u00f4soben\u00e9 z\u00e1palom a zn\u00ed\u017ei\u0165 z\u00e1va\u017enos\u0165 imunosupresie spojenej s FIP.<br \/>\nJedn\u00fdm zo sp\u00f4sobov, ako m\u00f4\u017eu majitelia ma\u010diek vytvori\u0165 tak\u00e9to prostredie, je udr\u017eiava\u0165 z\u00e1chodov\u00e9 misky, misky na vodu a misky na jedlo bez ne\u010dist\u00f4t alebo neporiadku, ktor\u00e9 by mohli sp\u00f4sobi\u0165 dodato\u010dn\u00fd stres oslaben\u00e9mu imunitn\u00e9mu syst\u00e9mu ma\u010dky.<br \/>\nOkrem toho je d\u00f4le\u017eit\u00e9 zabr\u00e1ni\u0165 preplneniu dom\u00e1cnosti, preto\u017ee to m\u00f4\u017ee prispie\u0165 k \u010fal\u0161\u00edm infekci\u00e1m u ma\u010diek.<br \/>\nTo by mohlo e\u0161te viac zv\u00fd\u0161i\u0165 riziko vzniku FIP u ma\u010diek alebo zhor\u0161i\u0165 existuj\u00face ochorenia, ako s\u00fa gastrointestin\u00e1lne probl\u00e9my spojen\u00e9 s infekciou koronav\u00edrusom.      &nbsp;<\/p>\n<h2>7. Zavedenie pr\u00edsnych hygienick\u00fdch opatren\u00ed<\/h2>\n<p>  Ke\u010f sa u ma\u010dky diagnostikuje FIP, majitelia musia kona\u0165 r\u00fdchlo, aby ochr\u00e1nili ostatn\u00e9 <a href=\"\/de?page_id=891\" target=\"_blank\" rel=\"noopener\">ma\u010dky a zabr\u00e1nili<\/a> \u0161\u00edreniu choroby. Je nevyhnutn\u00e9 zavies\u0165 pr\u00edsne hygienick\u00e9 opatrenia vr\u00e1tane izol\u00e1cie <a href=\"\/de?page_id=899\" target=\"_blank\" rel=\"noopener\">nakazenej ma\u010dky<\/a>, \u010distenia a dezinfekcie prostredia, minimaliz\u00e1cie kontaktu medzi ma\u010dkami a um\u00fdvania r\u00fak po manipul\u00e1cii s nakazen\u00fdm zviera\u0165om. Cie\u013e zavedenia t\u00fdchto protokolov je dvojak\u00fd; po prv\u00e9, zni\u017euje riziko t\u00fdm, \u017ee zabra\u0148uje \u010fal\u0161iemu prenosu FIP v r\u00e1mci dom\u00e1cnosti alebo mimo nej. Po druh\u00e9, pom\u00e1ha vytvori\u0165 pohodln\u00e9 prostredie pre postihnut\u00e9 ma\u010dky a z\u00e1rove\u0148 zni\u017euje nepohodlie, ktor\u00e9 m\u00f4\u017eu poci\u0165ova\u0165 v d\u00f4sledku fyzick\u00fdch pr\u00edznakov, ako s\u00fa hor\u00fa\u010dky alebo tr\u00e1viace probl\u00e9my. V\u0161etky povrchy v dom\u00e1cnosti by sa mali pravidelne \u010disti\u0165 pomocou dezinfek\u010dn\u00fdch prostriedkov schv\u00e1len\u00fdch veterin\u00e1rnymi lek\u00e1rmi aspo\u0148 10 min\u00fat denne, aby sa zn\u00ed\u017eila bakteri\u00e1lna kontamin\u00e1cia sp\u00f4soben\u00e1 aeros\u00f3lov\u00fdmi kvap\u00f4\u010dkami, ktor\u00e9 vznikaj\u00fa pri ka\u0161li alebo k\u00fdchan\u00ed ma\u010diek. Okrem toho dobr\u00e1 hygiena r\u00fak &#8211; d\u00f4kladn\u00e9 um\u00fdvanie r\u00fak vykonan\u00e9 bezprostredne po kontakte s infikovan\u00fdm zviera\u0165om &#8211; v\u00fdrazne zni\u017euje riziko prenosu z \u010dloveka na \u010dloveka. Majite\u013eom ma\u010diek sa odpor\u00fa\u010da nielen nosi\u0165 rukavice, ke\u010f je to potrebn\u00e9, ale zabezpe\u010di\u0165 aj pravideln\u00e9 pranie bielizne, ktor\u00e9 pom\u00e1ha obmedzi\u0165 expoz\u00edciu. V\u00e1\u017enym pr\u00edstupom k jednotliv\u00fdm krokom vo f\u00e1zach diagnostiky a realiz\u00e1cie, ktor\u00e9 obhajuj\u00fa odborn\u00edci, urobia rodi\u010dia spolo\u010densk\u00fdch zvierat v\u0161etko pre to, aby zlep\u0161ili kvalitu \u017eivota spolo\u010densk\u00fdch zvierat \u017eij\u00facich s t\u00fdmto ochoren\u00edm.         &nbsp;<\/p>\n<h2>8. Vykon\u00e1vanie izola\u010dn\u00fdch protokolov FIP pre dom\u00e1cnosti s viacer\u00fdmi ma\u010dkami<\/h2>\n<p>  Ak <a href=\"\/de?page_id=870\" target=\"_blank\" rel=\"noopener\">je ma\u010dke diagnostikovan\u00e1 ma\u010dacia infek\u010dn\u00e1 peritonit\u00edda<\/a> (FIP) v dom\u00e1cnosti s viacer\u00fdmi ma\u010dkami, izol\u00e1cia postihnutej ma\u010dky s FIP od ostatn\u00fdch ma\u010diek je k\u013e\u00fa\u010dom k zabr\u00e1neniu \u010fal\u0161ieho \u0161\u00edrenia a ochrane ostatn\u00fdch ma\u010diek. Hoci je \u0165a\u017ek\u00e9 \u00faplne zabr\u00e1ni\u0165 kontaktu v\u00e1\u0161ho dom\u00e1ceho mazn\u00e1\u010dika s in\u00fdmi ma\u010dkovit\u00fdmi \u0161elmami, existuj\u00fa opatrenia, ktor\u00e9 m\u00f4\u017eete prija\u0165 a ktor\u00e9 v\u00fdrazne zni\u017euj\u00fa riziko infekcie. FIP sa \u0161\u00edri predov\u0161etk\u00fdm kontaktom s infikovan\u00fdmi v\u00fdkalmi v spolo\u010dn\u00fdch z\u00e1chodoch alebo na povrchoch. Ke\u010f sa ma\u010dky dostan\u00fa do tesnej bl\u00edzkosti alebo sa hraj\u00fa hrubo, m\u00f4\u017eu potenci\u00e1lne pren\u00e1\u0161a\u0165 ochorenia, ako je FIP, tak\u017ee obmedzenie t\u00fdchto aktiv\u00edt by malo by\u0165 najvy\u0161\u0161ou prioritou pre majite\u013eov, ktor\u00fdch ma\u010dky boli diagnostikovan\u00e9. D\u00f4le\u017eit\u00e9 je tie\u017e dba\u0165 na spolo\u010dn\u00e9 misky a podstielku a pod\u013ea mo\u017enosti sa zdr\u017ea\u0165 priameho kontaktu medzi viacer\u00fdmi ma\u010dkami. FIPV sa \u0161\u00edri z v\u00fdkalov, tak\u017ee v ide\u00e1lnom pr\u00edpade by ste mali ma\u0165 pre ka\u017ed\u00fa ma\u010dku samostatn\u00e9 podstielky. Ka\u017ed\u00fdch nieko\u013eko t\u00fd\u017ed\u0148ov vytvorte z\u00e1bavn\u00e9 hra\u010dky, \u0161krabadl\u00e1 a skr\u00fd\u0161e \u0161peci\u00e1lne pre vlastn\u00fa ma\u010dku, aby ne\u017e\u00e1rlila na to, \u010do patr\u00ed in\u00fdm. Okrem toho, ak je to mo\u017en\u00e9, ubytujte ka\u017ed\u00e9 zviera oddelene &#8211; ich dr\u017eanie v r\u00f4znych miestnostiach domu nielen zni\u017euje stres, ale udr\u017eiava na uzde aj choroby! Zavedenie vhodn\u00fdch izola\u010dn\u00fdch protokolov pom\u00e1ha zn\u00ed\u017ei\u0165 riziko prenosu ma\u010dacieho koronav\u00edrusu na neo\u010dkovan\u00e9 alebo imunitne oslaben\u00e9 ma\u010dky s FIP. Zah\u0155\u0148a to aj odrezanie spolo\u010dn\u00fdch vonkaj\u0161\u00edch priestorov, stret\u00e1vanie sa s miskami na jedlo a oble\u010den\u00edm, ktor\u00e9 by mohlo \u0161\u00edri\u0165 z\u00e1rodky prostredn\u00edctvom sl\u00edn, srsti at\u010f. Mali by ste tie\u017e zv\u00e1\u017ei\u0165 odpor\u00fa\u010danie, aby v\u0161etky zdrav\u00e9 ma\u010dky \u017eij\u00face v jednej dom\u00e1cnosti boli aspo\u0148 dvakr\u00e1t ro\u010dne o\u010dkovan\u00e9 proti komplexn\u00fdm v\u00edrusov\u00fdm ochoreniam FIV\/FeLV, ako je FIP. Ak spozorujete ak\u00e9ko\u013evek pr\u00edznaky infek\u010dn\u00e9ho ochorenia alebo ak sa v\u00fdsledky testov na FeLV uk\u00e1\u017eu ako pozit\u00edvne, dr\u017ete tieto zvierat\u00e1 \u010falej od karant\u00e9nneho priestoru &#8211; nielen\u017ee tieto v\u00edrusy m\u00f4\u017eu vies\u0165 k v\u00e1\u017enym ochoreniam, ale pokra\u010duj\u00faci kontakt m\u00f4\u017ee do izolovan\u00e9ho prostredia zavies\u0165 aj nov\u00e9 infekcie, ktor\u00e9 by mohli zhor\u0161i\u0165 stav v\u00e1\u0161ho zviera\u0165a r\u00fdchlej\u0161ie, ne\u017e sa za\u010dne lie\u010dba.             &nbsp;<\/p>\n<h2>9. Monitorujte stav va\u0161ej ma\u010dky<\/h2>\n<p>  Je ve\u013emi d\u00f4le\u017eit\u00e9 pozorne sledova\u0165 stav va\u0161ej ma\u010dky a v pr\u00edpade diagnostikovania FIP okam\u017eite vyh\u013eada\u0165 veterin\u00e1rnu starostlivos\u0165. Pr\u00edznaky FIP ma\u010dky sa m\u00f4\u017eu v jednotliv\u00fdch pr\u00edpadoch v\u00fdrazne l\u00ed\u0161i\u0165 a ak\u00e9ko\u013evek zmeny v spr\u00e1van\u00ed alebo zdravotnom stave va\u0161ej ma\u010dky by ste mali okam\u017eite konzultova\u0165 so sk\u00fasen\u00fdmi odborn\u00edkmi, napr\u00edklad s veterin\u00e1rnym lek\u00e1rom. Pravideln\u00e9 veterin\u00e1rne prehliadky s\u00fa k\u013e\u00fa\u010dov\u00e9 pre v\u010dasn\u00fa diagnostiku a lie\u010dbu v\u00edrusu; to umo\u017e\u0148uje \u00fa\u010dinn\u00e9 strat\u00e9gie lie\u010dby, zmiernenie pr\u00edznakov a pred\u013a\u017eenie \u017eivota v\u00e1\u0161ho dom\u00e1ceho zviera\u0165a. Ak m\u00e1te dom\u00e1cnos\u0165 s viacer\u00fdmi ma\u010dkami v interi\u00e9ri, kde m\u00f4\u017eu ma\u010dky prich\u00e1dza\u0165 do vz\u00e1jomn\u00e9ho kontaktu, odpor\u00fa\u010da sa uplatni\u0165 izola\u010dn\u00e9 protokoly, k\u00fdm nebude mo\u017en\u00e9 sledova\u0165 priebeh ochorenia infikovanej ma\u010dky u profesion\u00e1lneho veterin\u00e1rneho lek\u00e1ra. Medzi varovn\u00e9 pr\u00edznaky patr\u00ed drastick\u00fd \u00fabytok hmotnosti, extr\u00e9mna \u00fanava\/letargia, prudk\u00fd n\u00e1rast hor\u00fa\u010dky, zm\u00e4tenos\u0165 alebo dezorient\u00e1cia &#8211; v\u0161etky tieto pr\u00edznaky si vy\u017eaduj\u00fa okam\u017eit\u00fa lek\u00e1rsku pomoc.  <\/p>\n<h2>10. Obmedzte kontakt s in\u00fdmi ma\u010dkami<\/h2>\n<p>  Nakoniec by sa mal obmedzi\u0165 aj pr\u00edstup do vonkaj\u0161ieho prostredia, preto\u017ee vo\u013ene \u017eij\u00face zvierat\u00e1 m\u00f4\u017eu pren\u00e1\u0161a\u0165 choroby, ktor\u00e9 m\u00f4\u017eu va\u0161u FIP pozit\u00edvnu ma\u010di\u010dku \u010falej ohrozi\u0165 &#8211; ochrana pred tak\u00fdmito pr\u00edpadmi t\u00fdm, \u017ee sa vyhnete ak\u00fdmko\u013evek oholen\u00fdm miestam vonku, kde by sa tieto vt\u00e1ky a zvierat\u00e1 mohli \u013eahko zat\u00fala\u0165, by v\u00fdrazne zn\u00ed\u017eila \u0161ancu chyti\u0165 nie\u010do navy\u0161e okrem existuj\u00facej diagn\u00f3zy.<br \/>\nZn\u00ed\u017eenie fyzickej interakcie hlavn\u00fdch vinn\u00edkov miery prenosu pom\u00f4\u017ee zabezpe\u010di\u0165 maxim\u00e1lnu istotu pri prij\u00edman\u00ed potrebn\u00fdch prevent\u00edvnych opatren\u00ed pri zvl\u00e1dan\u00ed ma\u010dacej infek\u010dnej peritonit\u00eddy (FIP).<br \/>\nPrij\u00edmanie \u00fah\u013eadn\u00fdch krokov smerom k bezpe\u010dnosti, ako napr\u00edklad venovanie pozornosti monitorovaniu opatren\u00ed osobnej hygieny, pri\u010dom si je vedom\u00e9 vystavenia kontaminovan\u00e9ho prostredia, poskytne d\u00f4le\u017eit\u00fa ochranu pred potenci\u00e1lnym \u0161\u00edren\u00edm v\u00edrusu corona spojen\u00fdm s podobn\u00fdmi okolnos\u0165ami, najm\u00e4 pokia\u013e ide o dom\u00e1cnosti s viacer\u00fdmi ma\u010dkami, ktor\u00e9 s\u00fa drastickej\u0161ie &#8211; nepostr\u00e1date\u013en\u00e1 prax \u010disto podporen\u00e1 lek\u00e1rskym v\u00fdskumom, ktor\u00e1 sa znovu a znovu \u00fa\u010dinne uplat\u0148uje najm\u00e4 v kontexte tejto \u0161pecifickej choroby.<\/p>\n","protected":false},"excerpt":{"rendered":"<p>Ak ste pr\u00e1ve zistili, \u017ee va\u0161a ma\u010dka m\u00e1 FIP, m\u00f4\u017ee to by\u0165 znepokojuj\u00face. Ak ste to vy, ch\u00e1peme v\u00e1s, ale sme tu, aby sme v\u00e1m pomohli. Ak va\u0161ej ma\u010dke diagnostikovali FIP, tu je 10 vec\u00ed, ktor\u00e9 m\u00f4\u017eete urobi\u0165. 1. Vyh\u013eadajte odborn\u00fa veterin\u00e1rnu pomoc pri FIP ma\u010diek Pre majite\u013eov ma\u010diek m\u00f4\u017ee by\u0165 diagn\u00f3za FIP desivou vyhliadkou. [&hellip;]<\/p>\n","protected":false},"author":11,"featured_media":28486,"parent":0,"menu_order":0,"comment_status":"closed","ping_status":"closed","template":"","meta":{"_glsr_average":0,"_glsr_ranking":0,"_glsr_reviews":0,"footnotes":""},"categories":[1169],"tags":[1170,1190],"_links":{"self":[{"href":"https:\/\/fipmed.co\/sk\/wp-json\/wp\/v2\/pages\/28485"}],"collection":[{"href":"https:\/\/fipmed.co\/sk\/wp-json\/wp\/v2\/pages"}],"about":[{"href":"https:\/\/fipmed.co\/sk\/wp-json\/wp\/v2\/types\/page"}],"author":[{"embeddable":true,"href":"https:\/\/fipmed.co\/sk\/wp-json\/wp\/v2\/users\/11"}],"replies":[{"embeddable":true,"href":"https:\/\/fipmed.co\/sk\/wp-json\/wp\/v2\/comments?post=28485"}],"version-history":[{"count":0,"href":"https:\/\/fipmed.co\/sk\/wp-json\/wp\/v2\/pages\/28485\/revisions"}],"wp:featuredmedia":[{"embeddable":true,"href":"https:\/\/fipmed.co\/sk\/wp-json\/wp\/v2\/media\/28486"}],"wp:attachment":[{"href":"https:\/\/fipmed.co\/sk\/wp-json\/wp\/v2\/media?parent=28485"}],"wp:term":[{"taxonomy":"category","embeddable":true,"href":"https:\/\/fipmed.co\/sk\/wp-json\/wp\/v2\/categories?post=28485"},{"taxonomy":"post_tag","embeddable":true,"href":"https:\/\/fipmed.co\/sk\/wp-json\/wp\/v2\/tags?post=28485"}],"curies":[{"name":"wp","href":"https:\/\/api.w.org\/{rel}","templated":true}]}}