{"id":28523,"date":"2024-03-25T07:19:57","date_gmt":"2024-03-25T07:19:57","guid":{"rendered":"https:\/\/fipmed.co\/fip-in-cats-symptoms-based-on-types-of-fip\/"},"modified":"2024-03-25T07:19:57","modified_gmt":"2024-03-25T07:19:57","slug":"fip-in-cats-symptoms-based-on-types-of-fip","status":"publish","type":"page","link":"https:\/\/fipmed.co\/sk\/fip-in-cats-symptoms-based-on-types-of-fip\/","title":{"rendered":"FIP u ma\u010diek Sympt\u00f3my na z\u00e1klade typov FIP"},"content":{"rendered":"<p>Je m\u00fadre, ke\u010f sa pozrieme na pr\u00edznaky FIP u ma\u010diek na z\u00e1klade typov FIP. S\u00fa zahrnut\u00e9 pre presnej\u0161iu diagn\u00f3zu. Znalos\u0165 typu FIP v\u00e1m pom\u00f4\u017ee predpoveda\u0165 z\u00e1va\u017enos\u0165, ako aj v\u0161etky r\u00f4zne formy FIP, ktor\u00e9 sa m\u00f4\u017eu vyskytn\u00fa\u0165, aby v\u00e1m neunikli \u017eiadne pr\u00edznaky.  <\/p>\n<p>&nbsp;<\/p>\n<h1><strong>Klinick\u00e9 pr\u00edznaky neefekt\u00edvnej suchej FIP<\/strong><\/h1>\n<p>Medzi typick\u00e9 pr\u00edznaky tejto formy FIP patr\u00ed letargia, hor\u00fa\u010dka, anorexia, strata hmotnosti a \u017elta\u010dka.<\/p>\n<p>&nbsp;<\/p>\n<h2><strong>Letargia<\/strong><strong> <\/strong><\/h2>\n<p>Letargia sa be\u017ene uv\u00e1dza ako jeden z klinick\u00fdch pr\u00edznakov spojen\u00fdch s infek\u010dnou peritonit\u00eddou ma\u010diek. U ma\u010diek sa m\u00f4\u017ee objavi\u0165 bu\u010f neefekt\u00edvne, efuz\u00edvne alebo okul\u00e1rne a m\u00f4\u017ee by\u0165 znakom toho, \u017ee sa vyskytuje nie\u010do v\u00e1\u017enej\u0161ie. U mnoh\u00fdch ma\u010diek sa tento pr\u00edznak apatie prejavuje sk\u00f4r, ako sa objavia ak\u00e9ko\u013evek in\u00e9 pr\u00edznaky, \u010do nazna\u010duje, pre\u010do je d\u00f4le\u017eit\u00e9 pozorova\u0165 letargiu \u010do najsk\u00f4r, k\u00fdm sa rozvin\u00fa \u010fal\u0161ie pokro\u010dil\u00e9 \u0161t\u00e1di\u00e1. Jedn\u00fdm z pr\u00edznakov, ktor\u00fd sa vyskytuje vo v\u00e4\u010d\u0161ine pr\u00edpadov, by bola nadmern\u00e1 \u00fanava alebo apatia, ktor\u00e1 m\u00f4\u017ee zah\u0155\u0148a\u0165 dlh\u00e9 nehybn\u00e9 zotrv\u00e1vanie alebo dlhodob\u00e9 spanie mimo be\u017en\u00fdch zvyklost\u00ed. Tento nedostatok energie v aktivit\u00e1ch ma\u010dky m\u00f4\u017ee nakoniec vies\u0165 k \u00fabytku hmotnosti napriek tomu, \u017ee m\u00e1 zv\u00fd\u0161en\u00fd apet\u00edt v d\u00f4sledku jej oslaben\u00e9ho stavu &#8211; to e\u0161te viac obmedz\u00ed \u00farove\u0148 jej aktivity, \u010do \u010dasom vedie k v\u00e4\u010d\u0161ej \u00fanave. \u010eal\u0161\u00edm be\u017en\u00fdm indik\u00e1torom FIP by mohli by\u0165 zmeny spr\u00e1vania, ako napr\u00edklad to, \u017ee sa ma\u010dka stane asoci\u00e1lnou a \u00faplne sa vyh\u00fdba \u013eu\u010fom (aj ke\u010f boli predt\u00fdm priate\u013esk\u00ed). <\/p>\n<p>&nbsp;<\/p>\n<h2><strong>Hor\u00fa\u010dka<\/strong><\/h2>\n<p>Hor\u00fa\u010dka je be\u017en\u00fdm klinick\u00fdm pr\u00edznakom spojen\u00fdm s FIP, av\u0161ak nie je \u0161pecifick\u00e1 a m\u00f4\u017ee by\u0165 pr\u00edtomn\u00e1 u ma\u010diek trpiacich r\u00f4znymi ochoreniami. Je d\u00f4le\u017eit\u00e9 si uvedomi\u0165, \u017ee hor\u00fa\u010dka m\u00f4\u017ee by\u0165 jedin\u00fdm klinick\u00fdm pr\u00edznakom, ktor\u00fd vykazuj\u00fa ma\u010dky s neefekt\u00edvnou suchou FIP, \u010do z nej rob\u00ed d\u00f4le\u017eit\u00fd pr\u00edznak, ktor\u00fd musia veterin\u00e1rni lek\u00e1ri zv\u00e1\u017ei\u0165 pri hodnoten\u00ed ma\u010diek na toto ochorenie. Ke\u010f sa u ma\u010dky objav\u00ed hor\u00fa\u010dka sp\u00f4soben\u00e1 FIP, choroba r\u00fdchlo postupuje a takmer v\u017edy je smrte\u013en\u00e1. Diagnostika FIP m\u00f4\u017ee by\u0165 n\u00e1ro\u010dn\u00e1 aj pre jej nejasn\u00e9 pr\u00edznaky, ke\u010f\u017ee mnoh\u00e9 in\u00e9 ochorenia maj\u00fa podobn\u00e9 prejavy vr\u00e1tane infekci\u00ed d\u00fdchac\u00edch ciest a z\u00e1palov\u00fdch ochoren\u00ed. <\/p>\n<p>&nbsp;<\/p>\n<h2><strong>Anorexia<\/strong><\/h2>\n<p>Anorexia sa be\u017ene pova\u017euje za jeden z ne\u0161pecifick\u00fdch a nelokalizuj\u00facich pr\u00edznakov FIP pozorovan\u00fdch u ma\u010diek. Anorexia sa vz\u0165ahuje na nedostatok alebo stratu chuti do jedla, ktor\u00e1 m\u00f4\u017ee by\u0165 d\u00f4sledkom zn\u00ed\u017eenej t\u00fa\u017eby jes\u0165 v d\u00f4sledku bolesti, choroby alebo zranenia. Ma\u010dky s FIP trpia nechutenstvom a vyv\u00edja sa u nich an\u00e9mia v d\u00f4sledku v\u00fdsledn\u00e9ho nedostatku \u017eiv\u00edn, ktor\u00fd ovplyv\u0148uje ich celkov\u00fd zdravotn\u00fd stav a br\u00e1ni norm\u00e1lnemu fungovaniu. Pr\u00edznaky ako apatia, letargia, strata hmotnosti a hor\u00fa\u010dka s\u00fa \u010dasto sprev\u00e1dzan\u00e9 anorexiou u ma\u010diek trpiacich \u017eivot ohrozuj\u00facim v\u00edrusom, ak\u00fdm je FIP. <\/p>\n<p>&nbsp;<\/p>\n<h2><strong>\u00dabytok hmotnosti<\/strong><\/h2>\n<p>\u00dabytok hmotnosti je be\u017en\u00fdm klinick\u00fdm pr\u00edznakom FIP, najm\u00e4 v pr\u00edpadoch suchej FIP. Pr\u00edznaky spojen\u00e9 s \u00fabytkom hmotnosti sa m\u00f4\u017eu l\u00ed\u0161i\u0165 v z\u00e1vislosti od z\u00e1va\u017enosti ochorenia. V\u010dasn\u00e9 pr\u00edznaky m\u00f4\u017eu zah\u0155\u0148a\u0165 zn\u00ed\u017een\u00fd pr\u00edjem potravy a pomal\u0161ie tempo rastu, ako je be\u017en\u00e9, zatia\u013e \u010do pokro\u010dilej\u0161ie \u0161t\u00e1di\u00e1 m\u00f4\u017eu zah\u0155\u0148a\u0165 v\u00fdrazn\u00fd pokles telesnej hmotnosti v kr\u00e1tkom \u010dase, ako aj zn\u00ed\u017een\u00fa hladinu energie a \u00fabytok svalovej hmoty. Pr\u00edtomnos\u0165 nevysvetlite\u013en\u00e9ho alebo r\u00fdchleho \u00fabytku hmotnosti by sa nemala ignorova\u0165, pokia\u013e ide o ma\u010dky, ktor\u00e9 vykazuj\u00fa pr\u00edznaky zodpovedaj\u00face FIP. Ak sa va\u0161a ma\u010dka zd\u00e1 by\u0165 chud\u0161ia ako zvy\u010dajne bez vysvetlenia alebo sa zd\u00e1, \u017ee str\u00e1ca nadmern\u00e9 mno\u017estvo srsti bez zjavn\u00e9ho d\u00f4vodu, potom je d\u00f4le\u017eit\u00e9, aby ste okam\u017eite vyh\u013eadali odborn\u00fa veterin\u00e1rnu pomoc.  <\/p>\n<p>&nbsp;<\/p>\n<h2><strong>\u017dlta\u010dka<\/strong><\/h2>\n<p>\u017dlta\u010dka je pr\u00edznakom pozorovan\u00fdm u ma\u010diek s FIP, zvy\u010dajne spolu s in\u00fdmi pr\u00edznakmi hepat\u00e1lneho zlyhania alebo hepatomeg\u00e1lie (zv\u00e4\u010d\u0161en\u00e1 pe\u010de\u0148), ako je letargia a strata hmotnosti. Pri fyzickom vy\u0161etren\u00ed m\u00f4\u017ee ma\u0165 ko\u017ea ma\u010dky \u017eltkast\u00fa farbu, ktor\u00e1 m\u00f4\u017ee by\u0165 vidite\u013en\u00e1 najm\u00e4 na bruchu a o\u010diach. V niektor\u00fdch pr\u00edpadoch m\u00f4\u017ee \u017elta\u010dka pokr\u00fdva\u0165 cel\u00e9 telo ma\u010dky. \u017dlta\u010dka je d\u00f4sledkom zv\u00fd\u0161enia hladiny bilirub\u00ednu (pigmentov\u00e9 molekuly uvo\u013e\u0148ovan\u00e9 do krvn\u00e9ho obehu \u010derven\u00fdmi krvinkami, ktor\u00e9 sa rozpadli), \u010do vedie k ich n\u00e1sledn\u00e9mu hromadeniu. Poukazuje na poruchu niekde v \u017el\u010dovode, ktor\u00fd zah\u0155\u0148a \u017el\u010dn\u00edk a spojen\u00e9 \u0161trukt\u00fary medzi pe\u010de\u0148ou a tenk\u00fdm \u010drevom potrebn\u00e9 na tr\u00e1venie. <\/p>\n<p>&nbsp;<\/p>\n<h1><strong>Klinick\u00e9 pr\u00edznaky efuz\u00edvnej mokrej FIP<\/strong><\/h1>\n<p>Opuch hrudn\u00edka, brucha a mie\u0161ka s\u00fa niektor\u00e9 z pr\u00edznakov spojen\u00fdch s v\u00fdtokovou vlhkou FIP.<\/p>\n<p>&nbsp;<\/p>\n<h2><strong>Opuch hrudn\u00edka<\/strong><\/h2>\n<p>Opuch hrudn\u00edka je klinick\u00fd pr\u00edznak spojen\u00fd s v\u00fdtokovou vlhkou FIP, pri ktorej doch\u00e1dza k hromadeniu tekutiny v hrudn\u00edku. To m\u00f4\u017ee vies\u0165 k \u0165a\u017ekostiam s d\u00fdchan\u00edm a ovplyvni\u0165 norm\u00e1lne fungovanie org\u00e1nov, ako je srdcov\u00e1 frekvencia, regul\u00e1cia teploty a v\u00fdmena plynov. Preto je to jeden z v\u00fdpotkov, ktor\u00fd odpor\u00fa\u010dame vypusti\u0165, ak je to mo\u017en\u00e9. Opuch hrudn\u00edka poukazuje na pokro\u010dil\u00e9 \u0161t\u00e1dium FIP a be\u017ene sa prejavuje zv\u00fd\u0161enou frekvenciou d\u00fdchania alebo chr\u010div\u00fdmi zvukmi pri d\u00fdchan\u00ed ma\u010dky. Ak je opuch hrudn\u00edka pr\u00edtomn\u00fd dlh\u0161\u00ed \u010das, m\u00f4\u017ee vies\u0165 k zv\u00fd\u0161en\u00e9mu tlaku na vn\u00fatorn\u00e9 org\u00e1ny, ktor\u00fd sp\u00f4sobuje ich podv\u00fd\u017eivu v d\u00f4sledku zn\u00ed\u017een\u00e9ho prietoku krvi a pr\u00edvodu kysl\u00edka. Okrem toho, ak sa pretrv\u00e1vaj\u00faci opuch hrudn\u00edka nelie\u010di, m\u00f4\u017ee sp\u00f4sobi\u0165 trval\u00e9 po\u0161kodenie \u017eivotne d\u00f4le\u017eit\u00fdch org\u00e1nov a v kone\u010dnom d\u00f4sledku vies\u0165 k smrti, ak sa dlhodobo nelie\u010di. <\/p>\n<p>&nbsp;<\/p>\n<h2><strong>Opuch brucha<\/strong><\/h2>\n<p>Opuch brucha je tie\u017e klinick\u00fdm pr\u00edznakom spojen\u00fdm s efuz\u00edvnou FIP. T\u00e1to forma FIP je charakterizovan\u00e1 rozvojom tekutiny v bruchu, zn\u00e1mej aj ako abdomin\u00e1lny v\u00fdpotok. Gastrointestin\u00e1lny syst\u00e9m a jeho org\u00e1ny s\u00fa obklopen\u00e9 touto extra abnorm\u00e1lnou tekutinou. R\u00f6ntgenografia, ultrasonografia a abdominocent\u00e9za s\u00fa diagnostick\u00e9 postupy, ktor\u00e9 sa pou\u017e\u00edvaj\u00fa na zistenie, \u010di sa u ma\u010diek s podozren\u00edm na FIP vyskytol bru\u0161n\u00fd v\u00fdpotok. Okrem toho anal\u00fdza tekut\u00edn m\u00f4\u017ee poskytn\u00fa\u0165 ve\u013emi orienta\u010dn\u00e9 v\u00fdsledky na presn\u00fa diagnostiku bru\u0161n\u00e9ho v\u00fdpotku sp\u00f4soben\u00e9ho FIP. Abdomin\u00e1lny opuch je pre ma\u010dku menej ohrozuj\u00faci, hoci m\u00f4\u017ee by\u0165 pre \u0148u nepr\u00edjemn\u00fd. Ak sa rozhodnete tento v\u00fdpotok vypusti\u0165, rozhodnite sa vypusti\u0165 maxim\u00e1lne 30 % tekutiny. <\/p>\n<p>&nbsp;<\/p>\n<h2><strong>Opuch mie\u0161ka<\/strong><\/h2>\n<p>Opuch mie\u0161ka u koc\u00farov m\u00f4\u017eu majitelia dom\u00e1cich zvierat identifikova\u0165 pri nevysvetlite\u013enej zmene ve\u013ekosti mie\u0161ka, najm\u00e4 ak sa objav\u00ed r\u00fdchlo alebo ak je sprev\u00e1dzan\u00fd in\u00fdmi pr\u00edznakmi, ako je letargia a hor\u00fa\u010dka. T\u00e1to forma FIP naj\u010dastej\u0161ie postihuje mlad\u00e9 ma\u010dky a m\u00e1 r\u00fdchly n\u00e1stup s pr\u00edznakmi, ako je hromadenie tekutiny v bruchu, zv\u00e4\u010d\u0161enie hrudn\u00edka, strata hmotnosti, \u017elta\u010dka a pretrv\u00e1vaj\u00faca vysok\u00e1 hor\u00fa\u010dka. Opuch mie\u0161ka patr\u00ed medzi hlavn\u00e9 klinick\u00e9 pr\u00edznaky, ktor\u00e9 veterin\u00e1ri pou\u017e\u00edvaj\u00fa na v\u010dasn\u00fa identifik\u00e1ciu tohto ochorenia, zvy\u010dajne sk\u00f4r, ako sa objavia in\u00e9 pr\u00edznaky.<\/p>\n<p>&nbsp;<\/p>\n<h1><strong>Klinick\u00e9 pr\u00edznaky o\u010dnej FIP<\/strong><\/h1>\n<p>D\u00e1vajte pozor na pr\u00edznaky FIP, ako je zmena farby d\u00fahovky, strata zraku, zhrubnutie rohovky a hypopyon.<\/p>\n<p>&nbsp;<\/p>\n<h2><strong>Zafarbenie d\u00fahovky<\/strong><\/h2>\n<p>Odfarbenie d\u00fahovky je klinick\u00fd pr\u00edznak, ktor\u00fd m\u00f4\u017ee sved\u010di\u0165 o o\u010dnej forme FIP. Zvy\u010dajne sa prejavuje ako zmena farby d\u00fahovky, abnorm\u00e1lny z\u00e1kal oka alebo flokulantn\u00fd vzh\u013ead (biele \u0161kvrny) v oblasti zreni\u010dky v d\u00f4sledku z\u00e1palu sp\u00f4soben\u00e9ho infekciou sp\u00f4sobenou v\u00edrusom FIP. Tento pr\u00edznak m\u00f4\u017ee sprev\u00e1dza\u0165 aj zhrubnutie rohovky a hypopyon, ktor\u00e9 zvy\u010dajne, ak sa nelie\u010dia, m\u00f4\u017eu nakoniec vies\u0165 k trvalej strate zraku. V\u010dasn\u00e9 zistenie a diagnostika tohto stavu je d\u00f4le\u017eit\u00e1 na za\u010datie r\u00fdchlej lie\u010dby antiprotozo\u00e1rnymi l\u00e1tkami, ako s\u00fa chloramfenikol a tiamfenikol, aby sa zn\u00ed\u017eili \u010fal\u0161ie rizik\u00e1 s n\u00edm spojen\u00e9. <\/p>\n<p>&nbsp;<\/p>\n<h2><strong>Strata zraku<\/strong><\/h2>\n<p>Strata zraku je jedn\u00fdm z najv\u00fdraznej\u0161\u00edch pr\u00edznakov, \u017ee va\u0161a ma\u010dka m\u00f4\u017ee ma\u0165 FIP o\u010d\u00ed. Je to pokro\u010dil\u00fd pr\u00edznak a m\u00f4\u017ee nazna\u010dova\u0165, \u017ee u v\u00e1\u0161ho dom\u00e1ceho mazn\u00e1\u010dika u\u017e bola akt\u00edvna v\u00e1\u017enej\u0161ia forma v\u00edrusu. Pyogranulomat\u00f3zna predn\u00e1 uveit\u00edda (z\u00e1pal) je jedn\u00fdm z tak\u00fdchto prejavov, ktor\u00fd kladie pr\u00edznaky ako Handlight Sign (\u017eltkast\u00fd rozptyl, ke\u010f s\u00fa o\u010di vystaven\u00e9 s\u00fastreden\u00e9mu sveteln\u00e9mu l\u00fa\u010du, napr\u00edklad svetlu baterky). Tento syndr\u00f3m s\u00favis\u00ed s v\u00fdrazn\u00fdm zn\u00ed\u017een\u00edm zraku spolu s nedostato\u010dn\u00fdm pr\u00edtokom\/odtokom cystick\u00fdch \u0161trukt\u00far a l\u00e9zi\u00ed v d\u00fahovke, ktor\u00e9 sp\u00f4sobuj\u00fa de\u0161trukciu aj vo vn\u00fatri orbit\u00e1lnej dutiny, ak sa \u010dasom nelie\u010dia. <\/p>\n<p>&nbsp;<\/p>\n<h2><strong>Zhrubnutie rohovky<\/strong><\/h2>\n<p>Tento stav nast\u00e1va, ke\u010f sa vonkaj\u0161ia \u010das\u0165 oka, zn\u00e1ma ako rohovka, stane v d\u00f4sledku z\u00e1palu hrub\u0161ou ako zvy\u010dajne. U ma\u010diek ho m\u00f4\u017ee sp\u00f4sobi\u0165 v\u00edrus alebo bakt\u00e9ria a m\u00f4\u017ee trva\u0165 nieko\u013eko t\u00fd\u017ed\u0148ov, k\u00fdm sa jeho \u00fa\u010dinky prejavia. Zvy\u010dajne sa tento pr\u00edznak \u013eah\u0161ie identifikuje, ak s\u00fa s\u00fa\u010dasne pr\u00edtomn\u00e9 aj in\u00e9 pr\u00edznaky, ako napr\u00edklad z\u00e1kal vo viden\u00ed alebo boles\u0165. Ma\u010dka, u ktorej doch\u00e1dza k zhrubnutiu rohovky, m\u00f4\u017ee ma\u0165 probl\u00e9my s jasn\u00fdm viden\u00edm a pr\u00edpadne poci\u0165ova\u0165 nepr\u00edjemn\u00e9 pocity alebo boles\u0165 z d\u00f4vodu zhor\u0161enej kvality videnia.<\/p>\n<p>&nbsp;<\/p>\n<h2><strong>Hypopyon<\/strong><\/h2>\n<p>Hypopyon je lek\u00e1rsky term\u00edn pou\u017e\u00edvan\u00fd na ozna\u010denie nahromadenia bielych krviniek na spodnej \u010dasti rohovky, ktor\u00e9 sa \u010dasto objavuje pri z\u00e1pale alebo infekcii oka. Naj\u010dastej\u0161ie sa sp\u00e1ja s uveit\u00eddou, z\u00e1palom vo vn\u00fatri oka, ktor\u00fd vznik\u00e1 v d\u00f4sledku FIP u ma\u010diek. Hypopyon sp\u00f4sobuj\u00fa leukocyty (biele krvinky), ktor\u00e9 sa dost\u00e1vaj\u00fa cez d\u00fahovku a hromadia sa vo vn\u00fatornej komore oka. To potom vedie k priamym pozorovaniam pri fyzik\u00e1lnom vy\u0161etren\u00ed, ako je vidite\u013en\u00fd z\u00e1kal v jednej alebo viacer\u00fdch \u010dastiach o\u010dnej gule alebo zmeny zrenice po\u010das testov vystavenia svetlu, ktor\u00e9 vykon\u00e1vaj\u00fa veterin\u00e1ri. <\/p>\n<p>&nbsp;<\/p>\n<h2><strong>Odl\u00fa\u010denie sietnice<\/strong><\/h2>\n<p>Ide o stav, ktor\u00fd nast\u00e1va, ke\u010f sa sietnica odtrhne od podkladov\u00e9ho podporn\u00e9ho tkaniva a krvn\u00e9ho z\u00e1sobenia. M\u00f4\u017ee by\u0165 sp\u00f4soben\u00fd viacer\u00fdmi ochoreniami, napr\u00edklad vysok\u00fdm krvn\u00fdm tlakom, nadmernou \u010dinnos\u0165ou \u0161t\u00edtnej \u017e\u013eazy alebo ochoren\u00edm obli\u010diek. U ma\u010diek s FIP sa okrem krv\u00e1cania a odl\u00fa\u010denia sietnice m\u00f4\u017eu vyskytn\u00fa\u0165 aj granulomat\u00f3zne zmeny. Hlavn\u00fdm pr\u00edznakom spojen\u00fdm s odl\u00fa\u010den\u00edm sietnice je strata zraku, ktor\u00e1 m\u00f4\u017ee nasta\u0165 n\u00e1hle alebo postupne v z\u00e1vislosti od rozsahu po\u0161kodenia a z\u00e1va\u017enosti infekcie. Medzi \u010fal\u0161ie pr\u00edznaky patr\u00ed z\u00e1voj alebo zakalenie o\u010d\u00ed, naru\u0161enie alebo skreslenie existuj\u00faceho zorn\u00e9ho po\u013ea a \u0165a\u017ekosti s adapt\u00e1ciou na prostredie s jasn\u00fdm svetlom vr\u00e1tane no\u010dnej slepoty. U niektor\u00fdch ma\u010diek sa m\u00f4\u017eu vyskytn\u00fa\u0165 aj plamienky, ktor\u00e9 s\u00fa d\u00f4sledkom \u00faniku sklovcovej tekutiny do ktorejko\u013evek \u010dasti o\u010dnej \u0161trukt\u00fary, \u010do sp\u00f4sobuje skreslen\u00e9 obrazy v d\u00f4sledku naru\u0161enia norm\u00e1lnych v\u00fdkonov zorn\u00e9ho po\u013ea. <\/p>\n<p>&nbsp;<\/p>\n<h1><strong>Klinick\u00e9 pr\u00edznaky neurologickej FIP<\/strong><\/h1>\n<p>D\u00e1vajte si pozor na pr\u00edznaky, ako je nerovnov\u00e1ha, n\u00e1klon hlavy, z\u00e1chvaty a zmena spr\u00e1vania.<\/p>\n<p>&nbsp;<\/p>\n<h2><strong>Nerovnov\u00e1ha<\/strong><\/h2>\n<p>Nerovnov\u00e1ha je \u010dast\u00fdm pr\u00edznakom FIP a \u010dasto je prv\u00fdm sign\u00e1lom, \u017ee nie\u010do nie je v poriadku. U ma\u010diek s FIP sa nerovnov\u00e1ha m\u00f4\u017ee prejavi\u0165 ako \u0165a\u017ekosti pri ch\u00f4dzi alebo strata koordin\u00e1cie &#8211; v z\u00e1vislosti od z\u00e1va\u017enosti ochorenia. Pri prechode z polohy le\u017emo do polohy stojmo sa niektor\u00e9 ma\u010dky m\u00f4\u017eu kol\u00edsa\u0165 sem a tam, preto\u017ee nie s\u00fa schopn\u00e9 r\u00fdchlo z\u00edska\u0165 rovnov\u00e1hu. Pr\u00ed\u010dina tohto pr\u00edznaku sa m\u00f4\u017ee l\u00ed\u0161i\u0165 v z\u00e1vislosti od toho, ak\u00fd typ FIP sa u va\u0161ej ma\u010dky vyvinul. M\u00f4\u017ee by\u0165 sp\u00f4soben\u00fd neurologick\u00fdm po\u0161koden\u00edm alebo nahromaden\u00edm tekutiny v bru\u0161nej alebo hrudnej dutine. Nerovnov\u00e1hu u ma\u010diek by ste nemali bra\u0165 na \u013eahk\u00fa v\u00e1hu a mali by ste na \u0148u upozorni\u0165 svojho veterin\u00e1ra, preto\u017ee v\u010dasn\u00e1 diagn\u00f3za v\u00fdrazne zlep\u0161uje progn\u00f3zu, pokia\u013e ide o lie\u010dbu tohto stavu. V\u00e1\u0161 veterin\u00e1rny lek\u00e1r za\u010dne fyzik\u00e1lnym vy\u0161etren\u00edm, napr\u00edklad sa pozrie na motorick\u00e9 funkcie a reflexy, aby mohol zhodnoti\u0165, \u010di sa ch\u00f4dza ma\u010dky zd\u00e1 by\u0165 koordinovan\u00e1. <\/p>\n<p>&nbsp;<\/p>\n<h2><strong>N\u00e1klon hlavy<\/strong><\/h2>\n<p>Z\u00e1klon hlavy je d\u00f4le\u017eit\u00fdm klinick\u00fdm pr\u00edznakom neurologickej FIP, preto\u017ee \u010dasto poukazuje na vestibul\u00e1rny syndr\u00f3m. Vestibul\u00e1rny syndr\u00f3m vznik\u00e1 vtedy, ke\u010f \u010das\u0165 mozgu zodpovedn\u00e1 za rovnov\u00e1hu nefunguje spr\u00e1vne, \u010do sp\u00f4sobuje nerovnov\u00e1hu a \u0165a\u017ekosti s koordin\u00e1ciou. U ma\u010diek sa to prejavuje v\u00fdrazn\u00fdm nakl\u00e1\u0148an\u00edm hlavy na jednu alebo druh\u00fa stranu. M\u00f4\u017ee to by\u0165 sprev\u00e1dzan\u00e9 o\u010dami, ktor\u00e9 sa spolu norm\u00e1lne nepohybuj\u00fa. Jeden z nich m\u00f4\u017ee r\u00fdchlo bl\u00fadi\u0165 dopredu a dozadu, zatia\u013e \u010do druh\u00fd zost\u00e1va v pokoji, ako aj k\u00fdvav\u00e9 pohyby sp\u00f4soben\u00e9 gravit\u00e1ciou, ktor\u00e9 ma\u010dke s\u0165a\u017euj\u00fa udr\u017eanie vzpriamenej polohy. <\/p>\n<p>&nbsp;<\/p>\n<h2><strong>Z\u00e1chvaty<\/strong><\/h2>\n<p>Z\u00e1chvaty m\u00f4\u017eu by\u0165 klinick\u00fdm pr\u00edznakom FIP, ak je pr\u00edtomn\u00e9 neurologick\u00e9 postihnutie. Medzi varovn\u00e9 pr\u00edznaky, \u017ee va\u0161a ma\u010dka m\u00f4\u017ee ma\u0165 z\u00e1chvat v d\u00f4sledku FIP, patr\u00ed nevhodn\u00e9 vylu\u010dovanie, spr\u00e1vanie podobn\u00e9 demencii, ako je kr\u00fa\u017eenie alebo agresivita, zhor\u0161en\u00e1 koordin\u00e1cia a rovnov\u00e1ha a zvl\u00e1\u0161tne vokaliz\u00e1cie alebo strata vedomia. V\u017edy, ke\u010f va\u0161a ma\u010dka dostane z\u00e1chvat, mali by ste ju bezodkladne vzia\u0165 k veterin\u00e1rnemu lek\u00e1rovi na \u010fal\u0161ie vy\u0161etrenie a diagnostiku. <\/p>\n<p>&nbsp;<\/p>\n<h2><strong>Zmena spr\u00e1vania<\/strong><\/h2>\n<p>Zmeny v spr\u00e1van\u00ed m\u00f4\u017eu by\u0165 v\u010dasn\u00fdm indik\u00e1torom FIP. Jedn\u00fdm z \u010dast\u00fdch pr\u00edznakov, ktor\u00fd znepokojuje majite\u013eov, s\u00fa n\u00e1hle zmeny v spr\u00e1van\u00ed ich ma\u010dky. Ma\u010dky sa m\u00f4\u017eu \u010dastej\u0161ie ako zvy\u010dajne schov\u00e1va\u0165 alebo prejavova\u0165 agresivitu, ke\u010f by to za norm\u00e1lnych okolnost\u00ed nerobili.<\/p>\n","protected":false},"excerpt":{"rendered":"<p>Je m\u00fadre, ke\u010f sa pozrieme na pr\u00edznaky FIP u ma\u010diek na z\u00e1klade typov FIP. S\u00fa zahrnut\u00e9 pre presnej\u0161iu diagn\u00f3zu. Znalos\u0165 typu FIP v\u00e1m pom\u00f4\u017ee predpoveda\u0165 z\u00e1va\u017enos\u0165, ako aj v\u0161etky r\u00f4zne formy FIP, ktor\u00e9 sa m\u00f4\u017eu vyskytn\u00fa\u0165, aby v\u00e1m neunikli \u017eiadne pr\u00edznaky. &nbsp; Klinick\u00e9 pr\u00edznaky neefekt\u00edvnej suchej FIP Medzi typick\u00e9 pr\u00edznaky tejto formy FIP patr\u00ed letargia, [&hellip;]<\/p>\n","protected":false},"author":1,"featured_media":28524,"parent":0,"menu_order":0,"comment_status":"closed","ping_status":"closed","template":"","meta":{"_glsr_average":0,"_glsr_ranking":0,"_glsr_reviews":0,"footnotes":""},"categories":[1175],"tags":[],"_links":{"self":[{"href":"https:\/\/fipmed.co\/sk\/wp-json\/wp\/v2\/pages\/28523"}],"collection":[{"href":"https:\/\/fipmed.co\/sk\/wp-json\/wp\/v2\/pages"}],"about":[{"href":"https:\/\/fipmed.co\/sk\/wp-json\/wp\/v2\/types\/page"}],"author":[{"embeddable":true,"href":"https:\/\/fipmed.co\/sk\/wp-json\/wp\/v2\/users\/1"}],"replies":[{"embeddable":true,"href":"https:\/\/fipmed.co\/sk\/wp-json\/wp\/v2\/comments?post=28523"}],"version-history":[{"count":0,"href":"https:\/\/fipmed.co\/sk\/wp-json\/wp\/v2\/pages\/28523\/revisions"}],"wp:featuredmedia":[{"embeddable":true,"href":"https:\/\/fipmed.co\/sk\/wp-json\/wp\/v2\/media\/28524"}],"wp:attachment":[{"href":"https:\/\/fipmed.co\/sk\/wp-json\/wp\/v2\/media?parent=28523"}],"wp:term":[{"taxonomy":"category","embeddable":true,"href":"https:\/\/fipmed.co\/sk\/wp-json\/wp\/v2\/categories?post=28523"},{"taxonomy":"post_tag","embeddable":true,"href":"https:\/\/fipmed.co\/sk\/wp-json\/wp\/v2\/tags?post=28523"}],"curies":[{"name":"wp","href":"https:\/\/api.w.org\/{rel}","templated":true}]}}