{"id":28527,"date":"2022-11-25T15:16:05","date_gmt":"2022-11-25T15:16:05","guid":{"rendered":"https:\/\/fipmed.co\/fip-relapse-policy\/"},"modified":"2025-01-22T06:26:39","modified_gmt":"2025-01-22T06:26:39","slug":"fip-relapse-policy","status":"publish","type":"page","link":"https:\/\/fipmed.co\/sk\/fip-relapse-policy\/","title":{"rendered":"Politika relapsu FIP"},"content":{"rendered":"\t\t<div data-elementor-type=\"wp-page\" data-elementor-id=\"28527\" class=\"elementor elementor-28527 elementor-32\">\n\t\t\t\t\t\t<section class=\"elementor-section elementor-top-section elementor-element elementor-element-672f648 elementor-section-boxed elementor-section-height-default elementor-section-height-default\" data-id=\"672f648\" data-element_type=\"section\">\n\t\t\t\t\t\t<div class=\"elementor-container elementor-column-gap-default\">\n\t\t\t\t\t<div class=\"elementor-column elementor-col-100 elementor-top-column elementor-element elementor-element-6547255\" data-id=\"6547255\" data-element_type=\"column\">\n\t\t\t<div class=\"elementor-widget-wrap elementor-element-populated\">\n\t\t\t\t\t\t<div class=\"elementor-element elementor-element-e63edf4 elementor-widget elementor-widget-text-editor\" data-id=\"e63edf4\" data-element_type=\"widget\" data-widget_type=\"text-editor.default\">\n\t\t\t\t<div class=\"elementor-widget-container\">\n\t\t\t\t\t\t\t\t\t<p class=\"p1\"><span class=\"s1\">K recid\u00edve FIP doch\u00e1dza pribli\u017ene u 3 % ma\u010diek, ktor\u00e9 absolvovali program lie\u010dby FipMed FIP.<br \/>\nProgram FipMed Relapse Rebate Program tak m\u00f4\u017ee pokry\u0165 va\u0161e obavy z relapsu. <\/span><\/p>\n<p class=\"p1\"><span style=\"color: #000080;\"><strong><span class=\"s1\">Pre ma\u010dky, ktor\u00e9 ukon\u010dili 84 dn\u00ed lie\u010dby len pomocou injekci\u00ed alebo peror\u00e1lnych kaps\u00fal FipMed FIP, je v pr\u00edpade relapsu FIP k dispoz\u00edcii 50 % z\u013eava na lie\u010dbu relapsu.<\/span><\/strong><\/span><\/p>\n<p class=\"p1\"><span class=\"s1\">Po\u017eiadavky na zaradenie do tohto programu zah\u0155\u0148aj\u00fa:<\/span><\/p>\n<p class=\"p1\"><span class=\"s1\">1. K recid\u00edve d\u00f4jde do 12 mesiacov od ukon\u010denia prvej \u00faplnej lie\u010dby<\/span><\/p>\n<p class=\"p1\"><span class=\"s1\">2. D\u00e1tum za\u010diatku a ukon\u010denia lie\u010dby va\u0161ej ma\u010dky<\/span><\/p>\n<p class=\"p1\"><span class=\"s1\">3.  <span class=\"Apple-converted-space\">  <\/span>Kone\u010dn\u00e9 v\u00fdsledky krvn\u00fdch testov po ukon\u010den\u00ed lie\u010debn\u00e9ho programu FipMed<\/span><\/p>\n<p class=\"p1\"><span class=\"s1\">4.  <span class=\"Apple-converted-space\">  <\/span>Mno\u017estvo liekoviek a tabliet zak\u00fapen\u00fdch na po\u010diato\u010dn\u00fa lie\u010dbu posta\u010dovalo na 84 dn\u00ed<\/span><\/p>\n<p class=\"p1\"><span class=\"s1\" style=\"color: #000080;\"><b>Pre ma\u010dky, ktor\u00e9 nedokon\u010dili 84 dn\u00ed lie\u010dby, ale pou\u017e\u00edvali v\u00fdlu\u010dne lieky FipMed, je v pr\u00edpade relapsu FIP k dispoz\u00edcii 50 % z\u013eava na lie\u010dbu relapsu.<\/b><\/span><\/p>\n<p class=\"p1\"><span class=\"s1\">Mnoh\u00e9 ma\u010dky sa z infekcie FIP \u00faplne zotavia do 84 dn\u00ed.<br \/>\nOce\u0148ujeme va\u0161e rozhodnutie a rozhodnutie v\u00e1\u0161ho veterin\u00e1rneho lek\u00e1ra pred\u010dasne ukon\u010di\u0165 lie\u010debn\u00fd program za t\u00fdchto okolnost\u00ed.<br \/>\nMa\u010dk\u00e1m, u ktor\u00fdch d\u00f4jde k recid\u00edve do 6 mesiacov po ukon\u010den\u00ed lie\u010debn\u00e9ho programu a ktor\u00e9 pou\u017e\u00edvali len produkty FipMed, poskytujeme 50 % z\u013eavu na lie\u010dbu recid\u00edvy.  <\/span><\/p>\n<p class=\"p1\"><span class=\"s1\">Po\u017eiadavky na zaradenie do tohto programu zah\u0155\u0148aj\u00fa:<\/span><\/p>\n<p class=\"p1\"><span class=\"s1\">1. K relapsu FIP d\u00f4jde do 6 mesiacov od ukon\u010denia prvej \u00faplnej lie\u010dby<\/span><\/p>\n<p class=\"p1\"><span class=\"s1\">2. D\u00e1tum za\u010diatku a ukon\u010denia lie\u010dby va\u0161ej ma\u010dky<\/span><\/p>\n<p class=\"p1\"><span class=\"s1\">3.  <span class=\"Apple-converted-space\">  <\/span>Kone\u010dn\u00e9 v\u00fdsledky krvn\u00fdch testov po ukon\u010den\u00ed lie\u010debn\u00e9ho programu FipMed.<\/span><\/p>\n<p class=\"p1\"><span class=\"s1\">4.  <span class=\"Apple-converted-space\">  <\/span>\u017diadne invaz\u00edvne oper\u00e1cie ako kastr\u00e1cia alebo o\u010dkovanie do 84 dn\u00ed po lie\u010dbe liekom FipMed  <\/span><\/p>\n<p class=\"p1\"><span class=\"s1\">5.  <span class=\"Apple-converted-space\">  <\/span>Mno\u017estvo liekoviek a tabliet zak\u00fapen\u00fdch na po\u010diato\u010dn\u00fa lie\u010dbu posta\u010dovalo na 45 dn\u00ed<\/span><\/p>\n<p class=\"p1\"><span class=\"s1\">POZN\u00c1MKA: Neposkytujeme \u00fa\u013eavy pre ma\u010dky, ktor\u00e9 ukon\u010dili n\u00e1\u0161 lie\u010debn\u00fd program bez toho, aby sa predt\u00fdm podrobili d\u00f4kladn\u00e9mu vy\u0161etreniu krvi, \u010di sa kritick\u00e9 parametre vr\u00e1tili do norm\u00e1lneho rozsahu.<\/span><\/p>\n\t\t\t\t\t\t\t\t<\/div>\n\t\t\t\t<\/div>\n\t\t\t\t\t<\/div>\n\t\t<\/div>\n\t\t\t\t\t<\/div>\n\t\t<\/section>\n\t\t\t\t<\/div>\n\t\t","protected":false},"excerpt":{"rendered":"<p>K recid\u00edve FIP doch\u00e1dza pribli\u017ene u 3 % ma\u010diek, ktor\u00e9 absolvovali program lie\u010dby FipMed FIP. Program FipMed Relapse Rebate Program tak m\u00f4\u017ee pokry\u0165 va\u0161e obavy z relapsu. Pre ma\u010dky, ktor\u00e9 ukon\u010dili 84 dn\u00ed lie\u010dby len pomocou injekci\u00ed alebo peror\u00e1lnych kaps\u00fal FipMed FIP, je v pr\u00edpade relapsu FIP k dispoz\u00edcii 50 % z\u013eava na lie\u010dbu relapsu. [&hellip;]<\/p>\n","protected":false},"author":1,"featured_media":0,"parent":0,"menu_order":0,"comment_status":"closed","ping_status":"closed","template":"","meta":{"_glsr_average":0,"_glsr_ranking":0,"_glsr_reviews":0,"footnotes":""},"categories":[],"tags":[],"_links":{"self":[{"href":"https:\/\/fipmed.co\/sk\/wp-json\/wp\/v2\/pages\/28527"}],"collection":[{"href":"https:\/\/fipmed.co\/sk\/wp-json\/wp\/v2\/pages"}],"about":[{"href":"https:\/\/fipmed.co\/sk\/wp-json\/wp\/v2\/types\/page"}],"author":[{"embeddable":true,"href":"https:\/\/fipmed.co\/sk\/wp-json\/wp\/v2\/users\/1"}],"replies":[{"embeddable":true,"href":"https:\/\/fipmed.co\/sk\/wp-json\/wp\/v2\/comments?post=28527"}],"version-history":[{"count":1,"href":"https:\/\/fipmed.co\/sk\/wp-json\/wp\/v2\/pages\/28527\/revisions"}],"predecessor-version":[{"id":28528,"href":"https:\/\/fipmed.co\/sk\/wp-json\/wp\/v2\/pages\/28527\/revisions\/28528"}],"wp:attachment":[{"href":"https:\/\/fipmed.co\/sk\/wp-json\/wp\/v2\/media?parent=28527"}],"wp:term":[{"taxonomy":"category","embeddable":true,"href":"https:\/\/fipmed.co\/sk\/wp-json\/wp\/v2\/categories?post=28527"},{"taxonomy":"post_tag","embeddable":true,"href":"https:\/\/fipmed.co\/sk\/wp-json\/wp\/v2\/tags?post=28527"}],"curies":[{"name":"wp","href":"https:\/\/api.w.org\/{rel}","templated":true}]}}