{"id":28578,"date":"2022-12-02T07:39:47","date_gmt":"2022-12-02T07:39:47","guid":{"rendered":"https:\/\/fipmed.co\/when-fip-vaccine-doesnt-work-preventions-for-cats-getting-fip\/"},"modified":"2022-12-02T07:39:47","modified_gmt":"2022-12-02T07:39:47","slug":"when-fip-vaccine-doesnt-work-preventions-for-cats-getting-fip","status":"publish","type":"page","link":"https:\/\/fipmed.co\/sk\/when-fip-vaccine-doesnt-work-preventions-for-cats-getting-fip\/","title":{"rendered":"Vakc\u00edna proti FIP a \u010fal\u0161ie sp\u00f4soby prevencie ochorenia ma\u010diek na FIP"},"content":{"rendered":"<p>Ma\u010dacia infek\u010dn\u00e1 peritonit\u00edda (FIP) je nevylie\u010dite\u013en\u00fd a \u010dasto smrte\u013en\u00fd v\u00edrus, ktor\u00fd postihuje menej ako jedno percento ma\u010diek. V s\u00fa\u010dasnosti neexistuje \u00fa\u010dinn\u00e1 lie\u010dba tohto ochorenia, preto je k\u013e\u00fa\u010dov\u00e9 predch\u00e1dza\u0165 mu sk\u00f4r, ako sa objavia jeho pr\u00edznaky. V s\u00fa\u010dasnosti nie je zn\u00e1ma \u017eiadna vakc\u00edna proti FIP, ktor\u00e1 by d\u00f4sledne fungovala. Z tohto d\u00f4vodu je pri nedostatku konzistentn\u00fdch liekov ve\u013emi d\u00f4le\u017eit\u00e9 zabr\u00e1ni\u0165 tomu, aby sa ma\u010dky touto chorobou nakazili. Majitelia ma\u010diek by mali by\u0165 ostra\u017eit\u00ed, preto\u017ee s\u00fa zodpovedn\u00ed za zdravie svojich ma\u010diek, najm\u00e4 ak ich vlastnia ve\u013ea naraz. Jednou z naj\u0165a\u017e\u0161ie pochopite\u013en\u00fdch chor\u00f4b je FIP. Diagnostika, lie\u010dba a prevencia tohto ochorenia bud\u00fa aj na\u010falej predmetom diskusi\u00ed. Je ot\u00e1zne, \u010di sa <a href=\"\/?page_id=6094\" target=\"_blank\" rel=\"noopener\">FIP<\/a> dok\u00e1\u017eeme vyhn\u00fa\u0165, preto\u017ee o nej st\u00e1le ve\u013ea nevieme a preto\u017ee koronav\u00edrus sa \u013eahko pren\u00e1\u0161a na mnoh\u00e9 ma\u010dky na celom svete. Hoci existuje o\u010dkovanie proti FIP, neexistuj\u00fa d\u00f4kazy, \u017ee by mohlo zabr\u00e1ni\u0165 ochoreniu, preto sa v s\u00fa\u010dasnosti neodpor\u00fa\u010da. <\/p>\n<h1>Pochopenie FIP a potreby o\u010dkovania<\/h1>\n<p>FIP je nebezpe\u010dn\u00fd v\u00edrus, ktor\u00fd m\u00f4\u017ee u ma\u010diek sp\u00f4sobi\u0165 z\u00e1va\u017en\u00e9 ochorenie a na zabr\u00e1nenie jeho \u0161\u00edrenia je potrebn\u00e9 o\u010dkovanie.<\/p>\n<h2>\u010co je FIP?<\/h2>\n<p>FIP alebo ma\u010dacia infek\u010dn\u00e1 peritonit\u00edda je v\u00edrusov\u00e1 infekcia, ktor\u00e1 postihuje ma\u010dky a je sp\u00f4soben\u00e1 ur\u010dit\u00fdmi kme\u0148mi ma\u010dacieho koronav\u00edrusu. Je to mimoriadne n\u00e1kazliv\u00e9 ochorenie ma\u010diek a r\u00fdchlo sa \u0161\u00edri priamym kontaktom so slinami, mo\u010dom, v\u00fdkalmi a podstielkou <a href=\"\/?page_id=899\" target=\"_blank\" rel=\"noopener\">infikovan\u00fdch ma\u010diek<\/a>. Ke\u010f\u017ee je \u010dasto \u0165a\u017ek\u00e9 ju diagnostikova\u0165 kv\u00f4li jej zlo\u017eitosti, FIP m\u00f4\u017ee bez varovania postihn\u00fa\u0165 \u010distokrvn\u00e9 aj n\u00e1hodne chovan\u00e9 ma\u010dky &#8211; najm\u00e4 mlad\u00e9 ma\u010diatka. V z\u00e1vislosti od z\u00e1va\u017enosti pr\u00edznakov m\u00f4\u017ee <a href=\"\/?page_id=887\" target=\"_blank\" rel=\"noopener\">lie\u010dba FIP<\/a> zah\u0155\u0148a\u0165 podporn\u00fa starostlivos\u0165, ako s\u00fa antibiotik\u00e1 a lieky proti bolesti, ako aj intenz\u00edvnej\u0161ie opatrenia, ako s\u00fa napr\u00edklad tekutiny pod\u00e1van\u00e9 intraven\u00f3zne alebo v pr\u00edpade potreby priamo do brucha. Hoci zatia\u013e neexistuje zaru\u010den\u00fd liek na FIP, o\u010dkovanie proti tomuto ochoreniu m\u00f4\u017ee zn\u00ed\u017ei\u0165 jeho riziko u vn\u00edmav\u00fdch ma\u010diek. <\/p>\n<h2>Pre\u010do je d\u00f4le\u017eit\u00e9 o\u010dkova\u0165 proti FIP?<\/h2>\n<p><a href=\"\/?page_id=13322\" target=\"_blank\" rel=\"noopener\">FIP je potenci\u00e1lne smrte\u013en\u00e9 v\u00edrusov\u00e9 ochorenie ma\u010diek sp\u00f4soben\u00e9<\/a> koronav\u00edrusom FCoV. Ke\u010f sa u ma\u010dky vyvinie FIP, je takmer ist\u00e1 \u00famrtnos\u0165. O\u010dkovanie proti tomuto v\u00edrusu m\u00f4\u017ee pom\u00f4c\u0165 ochr\u00e1ni\u0165 ma\u010dky pred nakazen\u00edm a n\u00e1sledn\u00fdm \u00famrt\u00edm na FIP. Napriek obmedzenej \u00fa\u010dinnosti s\u00fa\u010dasn\u00fdch vakc\u00edn, ktor\u00e9 s\u00fa k dispoz\u00edcii na lie\u010dbu, by vakcin\u00e1cia ma\u010diek proti tomuto smrte\u013en\u00e9mu v\u00edrusu mohla v\u00fdrazne zn\u00ed\u017ei\u0165 jeho v\u00fdskyt, ak sa vykon\u00e1 spr\u00e1vne s \u00fa\u010dinn\u00fdm podan\u00edm vakc\u00edny, ako aj n\u00e1sledn\u00fdm o\u010dkovan\u00edm pod\u013ea \u0161tandardn\u00e9ho protokolu. Ma\u010dky by sa mali pravidelne o\u010dkova\u0165 a pozorne monitorova\u0165, aby sa zabezpe\u010dilo, \u017ee imuniz\u00e1cia sa zoh\u013eadn\u00ed pri posudzovan\u00ed rizikov\u00fdch faktorov spojen\u00fdch s infekciami alebo expoz\u00edciou v d\u00f4sledku r\u00f4znych podmienok prostredia, s ktor\u00fdmi sa m\u00f4\u017eu stretn\u00fa\u0165 v ka\u017edodennom \u017eivote, a z\u00e1rove\u0148 sa zn\u00ed\u017ei po\u010det injekci\u00ed antivirot\u00edk, ktor\u00e9 by inak boli potrebn\u00e9, ak by ma\u010dka nebola o\u010dkovan\u00e1 v\u00f4bec.  <\/p>\n<h1>Typy vakc\u00edn proti FIP<\/h1>\n<p>V s\u00fa\u010dasnosti je na trhu dostupn\u00e1 iba vakc\u00edna proti FIP Vanguard\u00ae Feline FIP Intranasal.<\/p>\n<h2>Vanguard\u00ae Feline FIP Intranasal<\/h2>\n<p>je neadjuvantn\u00e1 intranaz\u00e1lna vakc\u00edna vyvinut\u00e1 na ochranu ma\u010diek vo veku 16 t\u00fd\u017ed\u0148ov alebo star\u0161\u00edch pred ma\u010dacou infek\u010dnou peritonit\u00eddou (FIP). FIP je sp\u00f4soben\u00e1 v\u00edrusom ma\u010dacej infek\u010dnej peritonit\u00eddy (FIPV) a m\u00f4\u017ee sp\u00f4sobi\u0165 v\u00e1\u017ene komplik\u00e1cie vr\u00e1tane smrti. T\u00e1to vakc\u00edna sa pod\u00e1va intranaz\u00e1lne s dvoma d\u00e1vkami v rozmedz\u00ed 3 &#8211; 4 t\u00fd\u017ed\u0148ov na dosiahnutie optim\u00e1lnej ochrany proti FIP. \u0160t\u00fadie zistili, \u017ee ma\u010dky, ktor\u00e9 boli o\u010dkovan\u00e9 teplotne citlivou formou FIPV, mali merate\u013en\u00fa ochranu pred ochoren\u00edm ako ma\u010dky bez o\u010dkovania. Okrem toho spolo\u010dnos\u0165 Vanguard\u00ae pon\u00faka aj injek\u010dn\u00fa formu tejto vakc\u00edny na prevenciu ml\u00e1\u010fat aj dospel\u00fdch ma\u010diek od 16 t\u00fd\u017ed\u0148ov veku. O\u010dkovanie proti FIP poskytuje va\u0161ej ma\u010dke z\u00e1kladn\u00fa ochranu pred \u017eivot ohrozuj\u00facim v\u00edrusom &#8211; je to v\u0161ak len jedna zlo\u017eka ochrany zdravia va\u0161ej ma\u010dky, preto by sa mali prija\u0165 aj \u010fal\u0161ie opatrenia na zabezpe\u010denie jej dobr\u00e9ho zdravotn\u00e9ho stavu, ako napr\u00edklad zn\u00ed\u017eenie hladiny stresu, zabezpe\u010denie spr\u00e1vnej v\u00fd\u017eivy a prijatie mimoriadnych prevent\u00edvnych opatren\u00ed pri umiestnen\u00ed ma\u010dky v chovn\u00fdch staniciach alebo \u00fatulkoch, kde m\u00f4\u017ee pr\u00eds\u0165 do kontaktu s in\u00fdmi zvieratami pren\u00e1\u0161aj\u00facimi prenosn\u00e9 choroby. <\/p>\n<h1>V\u00fdhody a rizik\u00e1 o\u010dkovania proti FIP<\/h1>\n<p>O\u010dkovanie va\u0161ej ma\u010dky proti FIP m\u00f4\u017ee by\u0165 \u00fa\u010dinn\u00fdm sp\u00f4sobom ochrany pred t\u00fdmto nebezpe\u010dn\u00fdm v\u00edrusom, ale je d\u00f4le\u017eit\u00e9 pochopi\u0165 potenci\u00e1lne v\u00fdhody aj rizik\u00e1 spojen\u00e9 s o\u010dkovan\u00edm.<\/p>\n<h2>V\u00fdhody o\u010dkovania proti FIP<\/h2>\n<ul>\n<li>Ochrana pred ochoreniami sp\u00f4soben\u00fdmi koronav\u00edrusmi ma\u010diek, ako s\u00fa infekcie FIP a FCoV.<\/li>\n<li>Zn\u00ed\u017een\u00e9 riziko prenosu choroby z ma\u010dky na ma\u010dku.<\/li>\n<li>Zlep\u0161enie kvality \u017eivota ma\u010diek postihnut\u00fdch infekciami FIP a FCoV prostredn\u00edctvom prevencie.<\/li>\n<li>Predl\u017euje d\u013a\u017eku \u017eivota v\u010faka zn\u00ed\u017eeniu z\u00e1va\u017enosti alebo dokonca mo\u017en\u00e9mu vylie\u010deniu pr\u00edpadov FIP po o\u010dkovan\u00ed.<\/li>\n<\/ul>\n<h2>Rizik\u00e1 o\u010dkovania proti FIP (zv\u00fd\u0161enie hladiny protil\u00e1tok)<\/h2>\n<p>O\u010dkovanie proti FIP m\u00f4\u017ee by\u0165 spojen\u00e9 s rizikami s\u00favisiacimi so zv\u00fd\u0161en\u00edm \u00fa\u010dinnosti protil\u00e1tok (Antibody-Dependent Enhancement &#8211; ADE), \u010do je proces, pri ktorom komplexy v\u00edrusu a protil\u00e1tok zvy\u0161uj\u00fa intenzitu infekcie. Uk\u00e1zalo sa, \u017ee samotn\u00fd FIPV vykazuje ADE \u00fa\u010dinok v pr\u00edtomnosti protil\u00e1tok proti FIPV, \u010do vyvolalo obavy pri v\u00fdvoji s\u00favisiacich vakc\u00edn. <\/p>\n<ol>\n<li>Abnorm\u00e1lne viscerotropn\u00e9 reakcie, ktor\u00e9 viedli k smrti<\/li>\n<li>Pretrv\u00e1vaj\u00face infekcie, ktor\u00e9 neboli \u00fa\u010dinne odstr\u00e1nen\u00e9 po revakcin\u00e1cii<\/li>\n<li>Zv\u00fd\u0161enie \u00famrtnosti po o\u010dkovan\u00ed v porovnan\u00ed s \u00famrtnos\u0165ou pred o\u010dkovan\u00edm<\/li>\n<li>Zmenen\u00e1 distrib\u00facia patog\u00e9nov pri porovnan\u00ed neinfikovan\u00fdch a o\u010dkovan\u00fdch zvierat<\/li>\n<\/ol>\n<h1>\u010eal\u0161ie sp\u00f4soby ochrany va\u0161ej ma\u010dky pred FIP<\/h1>\n<p>Ka\u017ed\u00fd de\u0148 m\u00f4\u017eete podnikn\u00fa\u0165 jednoduch\u00e9 kroky, aby ste udr\u017eali svoju ma\u010dku v bezpe\u010d\u00ed a zdrav\u00ed, vr\u00e1tane zn\u00ed\u017eenia \u00farovne stresu, spr\u00e1vnej v\u00fd\u017eivy a dodato\u010dn\u00fdch bezpe\u010dnostn\u00fdch opatren\u00ed pri ubytovan\u00ed. Americk\u00e1 asoci\u00e1cia praktick\u00fdch lek\u00e1rov pre ma\u010dky neodpor\u00fa\u010da o\u010dkovanie proti FIP napriek tomu, \u017ee existuje. V \u010dase, ke\u010f s\u00fa dostato\u010dne star\u00e9 (16 t\u00fd\u017ed\u0148ov veku) na o\u010dkovanie, v\u00e4\u010d\u0161ina ma\u010diek u\u017e bude vystaven\u00e1 ma\u010daciemu koronav\u00edrusu, \u010d\u00edm sa vakc\u00edna st\u00e1va menej \u00fa\u010dinnou. Ni\u017e\u0161ie uv\u00e1dzame nieko\u013eko pr\u00edkladov prevent\u00edvnych takt\u00edk na zn\u00ed\u017eenie rizika vystavenia ma\u010daciemu koronav\u00edrusu, ale majte na pam\u00e4ti, \u017ee nezabr\u00e1nia vzniku FIP.<\/p>\n<ul>\n<li>Misky na vodu a krmivo udr\u017eiavajte v dostato\u010dnej vzdialenosti od podstielky.<\/li>\n<li>Pre ka\u017ed\u00fa ma\u010dku pou\u017e\u00edvajte jedine\u010dn\u00fd odpadkov\u00fd k\u00f4\u0161 a jeden \u010fal\u0161\u00ed.<\/li>\n<li>Na \u010distenie obytn\u00fdch priestorov a misiek na jedlo a vodu pou\u017e\u00edvajte zrieden\u00e9 bielidlo (1 diel bielidla na 32 dielov vody).<\/li>\n<li>Aby ste zn\u00ed\u017eili nap\u00e4tie, pon\u00faknite ma\u010dk\u00e1m obohatenie prostredia (napr\u00edklad sklada\u010dky a hojda\u010dky).<\/li>\n<li>Ak m\u00e1te ve\u013ea ma\u010diek, v ka\u017edej miestnosti nechajte maxim\u00e1lne tri, aby ste zabr\u00e1nili ich preplneniu.<\/li>\n<\/ul>\n<p>Ma\u010dky s FIP trpia zriedkav\u00fdm, komplikovan\u00fdm a ve\u013emi smrte\u013en\u00fdm ochoren\u00edm. Ak sa u va\u0161ej ma\u010dky za\u010dn\u00fa prejavova\u0165 pr\u00edznaky ochorenia, \u010do najsk\u00f4r ju vezmite k veterin\u00e1rovi. Ke\u010f sa ma\u010diatka odstr\u00e1nia zo zdrojov infekcie, ich matersk\u00e9 protil\u00e1tky ich chr\u00e1nia pred infekciou a\u017e do odstavenia, ktor\u00e9 zvy\u010dajne nast\u00e1va pribli\u017ene vo veku 5 a\u017e 7 t\u00fd\u017ed\u0148ov. FCoV je ve\u013emi n\u00e1kazliv\u00fd v\u00edrus, preto si tak\u00e1to ochrana vy\u017eaduje pr\u00edsnu \u010distotu. <\/p>\n<h2>Zn\u00ed\u017eenie stresu<\/h2>\n<p>Zn\u00ed\u017eenie stresu u ma\u010diek je jedn\u00fdm z naj\u00fa\u010dinnej\u0161\u00edch sp\u00f4sobov, ako ich ochr\u00e1ni\u0165 pred vznikom ma\u010dacej infek\u010dnej peritonit\u00eddy (FIP). Stres m\u00f4\u017ee oslabi\u0165 ich imunitn\u00fd syst\u00e9m a zv\u00fd\u0161i\u0165 riziko n\u00e1kazy chorobami, ako je FIP. \u017divot v preplnenom alebo chaotickom prostred\u00ed, extr\u00e9mna zmena rutiny, pobyt v bl\u00edzkosti nezn\u00e1mych \u013eud\u00ed alebo zvierat, fyzick\u00e1 boles\u0165 a nepohodlie s\u00fa be\u017en\u00fdmi zdrojmi stresu ma\u010diek. Ma\u010dky, ktor\u00e9 \u017eij\u00fa v dom\u00e1cnostiach s viacer\u00fdmi ma\u010dkami alebo v \u00fatulkoch, s\u00fa n\u00e1chylnej\u0161ie na vy\u0161\u0161iu \u00farove\u0148 stresu z d\u00f4vodu preplnenosti. Preto je d\u00f4le\u017eit\u00e9, aby majitelia zabezpe\u010dili obohaten\u00e9 \u017eivotn\u00e9 prostredie s mno\u017estvom \u00fakrytov a pokoj a ticho mimo det\u00ed a in\u00fdch dom\u00e1cich zvierat. Okrem toho zapojenie va\u0161ej ma\u010dky do interakt\u00edvnej hry pomocou hra\u010diek, ako s\u00fa lopti\u010dky alebo hra\u010dky s pr\u00fatikmi, pom\u00e1ha udr\u017ea\u0165 ju akt\u00edvnu bez zbyto\u010dn\u00e9ho za\u0165a\u017eovania jej tela alebo mysle. In\u0161tal\u00e1cia ferom\u00f3nov\u00fdch difuz\u00e9rov po celom dome m\u00f4\u017ee tie\u017e pom\u00f4c\u0165 vytvori\u0165 upokojuj\u00facu atmosf\u00e9ru \u0161peci\u00e1lne navrhnut\u00fa na zn\u00ed\u017eenie \u00fazkosti ma\u010diek t\u00fdm, \u017ee im pripom\u00edna, \u017ee s\u00fa doma v bezpe\u010d\u00ed. <\/p>\n<h2>Poskytovanie spr\u00e1vnej v\u00fd\u017eivy<\/h2>\n<p>K\u013e\u00fa\u010dom k udr\u017eaniu <a href=\"\/?page_id=885\" target=\"_blank\" rel=\"noopener\">zdravia<\/a> va\u0161ej <a href=\"\/?page_id=885\" target=\"_blank\" rel=\"noopener\">ma\u010dky<\/a> a zn\u00ed\u017eeniu rizika FIP je poskytovanie vyv\u00e1\u017eenej stravy bohatej na \u017eiviny. V\u00fd\u017eiva ma\u010dky by mala okrem in\u00fdch miner\u00e1lov a mikro\u017eiv\u00edn obsahova\u0165 esenci\u00e1lne mastn\u00e9 kyseliny, bielkoviny, vl\u00e1kninu, vodu a vitam\u00edny. Niektor\u00e9 z t\u00fdchto \u017eivotne d\u00f4le\u017eit\u00fdch \u017eiv\u00edn mo\u017eno z\u00edska\u0165 prostredn\u00edctvom krmiva, ako je zelenina, napr\u00edklad brokolica alebo mrkva, ktor\u00e9 obsahuj\u00fa vitam\u00edn A pre zdravie o\u010d\u00ed, alebo \u0161o\u0161ovica a ryb\u00ed olej, ktor\u00e9 obsahuj\u00fa omega-3, ktor\u00e9 pom\u00e1haj\u00fa podporova\u0165 imunitn\u00fd syst\u00e9m, pri\u010dom sa treba vyhn\u00fa\u0165 spracovan\u00fdm krmiv\u00e1m pre ma\u010dky pln\u00fdm pr\u00eddavn\u00fdch l\u00e1tok. Ak je to mo\u017en\u00e9, konzum\u00e1cia ekologickej stravy zabezpe\u010d\u00ed v\u0161etky potrebn\u00e9 denn\u00e9 potreby a zabr\u00e1ni prid\u00e1vaniu toxick\u00fdch zl\u00fa\u010den\u00edn, ktor\u00e9 by mohli ovplyvni\u0165 celkov\u00fa pohodu ma\u010diek. Ak ma\u010dky neuspokojuj\u00fa svoje denn\u00e9 v\u00fd\u017eivov\u00e9 potreby len pravideln\u00fdm stravovan\u00edm, m\u00f4\u017eu by\u0165 potrebn\u00e9 aj in\u00e9 doplnky. Napr\u00edklad ak maj\u00fa ma\u010dky sklon k n\u00edzkej hladine energie, m\u00f4\u017ee by\u0165 potrebn\u00fd doplnok \u017eeleza, ktor\u00fd im dod\u00e1 viac energie na to, aby zostali akt\u00edvne po\u010das cel\u00e9ho d\u0148a. <\/p>\n<p>&nbsp;<\/p>\n<h2>Bezpe\u010dnostn\u00e9 opatrenia pri n\u00e1stupe na palubu<\/h2>\n<p>Primeran\u00e1 hygiena a zabr\u00e1nenie preplnenosti s\u00fa k\u013e\u00fa\u010dov\u00e9 strat\u00e9gie, ktor\u00e9 pom\u00e1haj\u00fa minimalizova\u0165 prenos FIP v intern\u00e1toch. Aby ste ochr\u00e1nili svoju ma\u010dku, uistite sa, \u017ee zariadenie na stravovanie je \u010dist\u00e9 a dobre udr\u017eiavan\u00e9. Hygiena by mala by\u0165 pravidelnou s\u00fa\u010das\u0165ou ich \u010distiaceho protokolu vr\u00e1tane pravidelnej dezinfekcie v\u0161etk\u00fdch povrchov a pr\u00edsneho dodr\u017eiavania protokolov um\u00fdvania r\u00fak zamestnancov. Okrem toho je d\u00f4le\u017eit\u00e9 zabr\u00e1ni\u0165 preplneniu; ma\u010dky by mali by\u0165 po\u010das pobytu umiestnen\u00e9 jednotlivo alebo v mal\u00fdch skupink\u00e1ch, aby sa zn\u00ed\u017eila pravdepodobnos\u0165 prenosu v\u00edrusu z jedn\u00e9ho zviera\u0165a na druh\u00e9. Pri zva\u017eovan\u00ed ubytovacieho zariadenia sa p\u00fdtajte na to, ako sa tieto opatrenia dodr\u017eiavaj\u00fa na mieste &#8211; m\u00f4\u017ee to znamena\u0165 rozdiel medzi t\u00fdm, \u010di bude va\u0161e zdrav\u00e9 zviera v bezpe\u010d\u00ed, alebo bude vystaven\u00e9 vysoko n\u00e1kazlivej chorobe. <\/p>\n<h2><strong>Dodato\u010dn\u00e9 bezpe\u010dnostn\u00e9 opatrenia pre dom\u00e1cnosti s viacer\u00fdmi ma\u010dkami<\/strong><\/h2>\n<p>Ke\u010f\u017ee ma\u010dky s FIP \u010dasto poch\u00e1dzaj\u00fa z rod\u00edn s viacer\u00fdmi ma\u010dkami (viac ako 5 ma\u010diek), \u00fatulkov alebo chovn\u00fdch ma\u010dac\u00edch stan\u00edc, m\u00f4\u017ee k tomu prispieva\u0165 stres. Odde\u013ete ma\u010dky s FIP od ostatn\u00fdch ma\u010diek a \u010dasto si um\u00fdvajte ruky, najm\u00e4 po zametan\u00ed alebo \u010disten\u00ed podstielky chorej ma\u010dky. Veterin\u00e1rni lek\u00e1ri odpor\u00fa\u010daj\u00fa majite\u013eom, aby po\u010dkali pribli\u017ene mesiac po \u00famrt\u00ed FIP pozit\u00edvnej ma\u010dky a a\u017e potom si domov priviedli nov\u00fa ma\u010dku, aby sa zn\u00ed\u017eilo riziko vystavenia FCoV. Veterin\u00e1ri odpor\u00fa\u010daj\u00fa po\u010dka\u0165 aspo\u0148 tri mesiace po \u00fahyne FIP-pozit\u00edvnej ma\u010dky v dom\u00e1cnosti s viacer\u00fdmi ma\u010dkami, aby sa zistilo, \u010di sa u ostatn\u00fdch ma\u010diek v dom\u00e1cnosti neprejavuj\u00fa pr\u00edznaky FIP. Tieto ma\u010dky boli vystaven\u00e9 FCoV a m\u00f4\u017eu by\u0165 nosite\u013emi v\u00edrusu, \u010d\u00edm sa st\u00e1vaj\u00fa rizikov\u00fdmi pre v\u0161etky nov\u00e9 ma\u010dky, ktor\u00e9 sa dostan\u00fa do domu. FCoV sa d\u00e1 odstr\u00e1ni\u0165 \u010disten\u00edm zrieden\u00fdm bielidlom (1 diel bielidla na 32 dielov vody). V\u017edy majte v dome 1 n\u00e1hradn\u00fa podstielku pre ka\u017ed\u00fa ma\u010dku. Ak m\u00e1te napr\u00edklad tri ma\u010dky, mus\u00edte ma\u0165 k dispoz\u00edcii aspo\u0148 \u0161tyri podstielky. Bolo dok\u00e1zan\u00e9, \u017ee zlep\u0161enie \u017eivotn\u00e9ho prostredia va\u0161ej ma\u010dky m\u00f4\u017ee zn\u00ed\u017ei\u0165 stres. Patria sem aj koterce, interi\u00e9rov\u00e9 stromy a hojda\u010dky pre ma\u010dky, okenn\u00e9 hojda\u010dky, pou\u017e\u00edvanie ferom\u00f3nov, ako je Feliway, vodn\u00e9 font\u00e1ny, hra\u010dky pre ma\u010dky, potravinov\u00e9 sklada\u010dky a \u010fal\u0161ie.<\/p>\n<h2><\/h2>\n<h2>Z\u00e1ver<\/h2>\n<p>Nie ka\u017ed\u00e1 ma\u010dka vystaven\u00e1 koronav\u00edrusu FIP ochorie. Pod\u013ea odhadov sa klinick\u00e9 pr\u00edznaky FIP prejavia u 8 a\u017e 20 % ma\u010diek vystaven\u00fdch v\u00edrusu a v kol\u00f3ni\u00e1ch ma\u010diek, v ktor\u00fdch sa toto ochorenie vyskytuje. Zvy\u0161n\u00e9 ma\u010dky by si mohli vyvin\u00fa\u0165 imunitu vo\u010di chorobe alebo by na \u0148u jednoducho nemuseli reagova\u0165. Nie je zn\u00e1me, pre\u010do len mal\u00e9 percento ma\u010diek vystaven\u00fdch v\u00edrusu dostane toto ochorenie. Je zn\u00e1me, \u017ee hlavnou obranou ma\u010dacieho organizmu proti FIP je bunkov\u00e1 imunitn\u00e1 odpove\u010f. Ma\u010dky so slabou bunkovou imunitou m\u00f4\u017eu by\u0165 n\u00e1chylnej\u0161ie na toto ochorenie. Zd\u00e1 sa, \u017ee humor\u00e1lny (protil\u00e1tkov\u00fd) obrann\u00fd mechanizmus zohr\u00e1va \u00falohu pri niektor\u00fdch \u00famrtiach ma\u010diek t\u00fdm, \u017ee vlastne zosil\u0148uje po\u0161kodenie, ktor\u00e9 v\u00edrus FIP sp\u00f4sobuje. Zistilo sa, \u017ee jedin\u00e1 dostupn\u00e1 vakc\u00edna proti FIP je menej ako 100 % \u00fa\u010dinn\u00e1 a vo v\u0161eobecnosti sa ma\u010dk\u00e1m ako prevent\u00edvne opatrenie neodpor\u00fa\u010da. Prevencia FIP by teda mala zah\u0155\u0148a\u0165 minimaliz\u00e1ciu stresu a spr\u00e1vne hygienick\u00e9 postupy v dom\u00e1cnosti, ako aj pri stravovan\u00ed\/cestovan\u00ed s ma\u010dkami. Hoci lek\u00e1rske objavy priniesli nov\u00e9 mo\u017enosti, ktor\u00e9 d\u00e1vaj\u00fa n\u00e1dej v boji proti FIP, zodpovedn\u00ed majitelia dom\u00e1cich zvierat by mali zosta\u0165 ostra\u017eit\u00ed a obmedzi\u0165 vystavenie svojho dom\u00e1ceho zviera\u0165a rizik\u00e1m spojen\u00fdm s t\u00fdmto v\u00edrusom.   <\/p>\n<p>&nbsp;<\/p>\n","protected":false},"excerpt":{"rendered":"<p>Ma\u010dacia infek\u010dn\u00e1 peritonit\u00edda (FIP) je nevylie\u010dite\u013en\u00fd a \u010dasto smrte\u013en\u00fd v\u00edrus, ktor\u00fd postihuje menej ako jedno percento ma\u010diek. V s\u00fa\u010dasnosti neexistuje \u00fa\u010dinn\u00e1 lie\u010dba tohto ochorenia, preto je k\u013e\u00fa\u010dov\u00e9 predch\u00e1dza\u0165 mu sk\u00f4r, ako sa objavia jeho pr\u00edznaky. V s\u00fa\u010dasnosti nie je zn\u00e1ma \u017eiadna vakc\u00edna proti FIP, ktor\u00e1 by d\u00f4sledne fungovala. Z tohto d\u00f4vodu je pri nedostatku konzistentn\u00fdch [&hellip;]<\/p>\n","protected":false},"author":11,"featured_media":28579,"parent":0,"menu_order":0,"comment_status":"closed","ping_status":"closed","template":"","meta":{"_glsr_average":0,"_glsr_ranking":0,"_glsr_reviews":0,"footnotes":""},"categories":[1169],"tags":[1170,1190,1199,1200],"_links":{"self":[{"href":"https:\/\/fipmed.co\/sk\/wp-json\/wp\/v2\/pages\/28578"}],"collection":[{"href":"https:\/\/fipmed.co\/sk\/wp-json\/wp\/v2\/pages"}],"about":[{"href":"https:\/\/fipmed.co\/sk\/wp-json\/wp\/v2\/types\/page"}],"author":[{"embeddable":true,"href":"https:\/\/fipmed.co\/sk\/wp-json\/wp\/v2\/users\/11"}],"replies":[{"embeddable":true,"href":"https:\/\/fipmed.co\/sk\/wp-json\/wp\/v2\/comments?post=28578"}],"version-history":[{"count":0,"href":"https:\/\/fipmed.co\/sk\/wp-json\/wp\/v2\/pages\/28578\/revisions"}],"wp:featuredmedia":[{"embeddable":true,"href":"https:\/\/fipmed.co\/sk\/wp-json\/wp\/v2\/media\/28579"}],"wp:attachment":[{"href":"https:\/\/fipmed.co\/sk\/wp-json\/wp\/v2\/media?parent=28578"}],"wp:term":[{"taxonomy":"category","embeddable":true,"href":"https:\/\/fipmed.co\/sk\/wp-json\/wp\/v2\/categories?post=28578"},{"taxonomy":"post_tag","embeddable":true,"href":"https:\/\/fipmed.co\/sk\/wp-json\/wp\/v2\/tags?post=28578"}],"curies":[{"name":"wp","href":"https:\/\/api.w.org\/{rel}","templated":true}]}}