{"id":28583,"date":"2022-12-02T07:30:30","date_gmt":"2022-12-02T07:30:30","guid":{"rendered":"https:\/\/fipmed.co\/fip-treatments-injections-vs-pills\/"},"modified":"2025-01-22T06:32:00","modified_gmt":"2025-01-22T06:32:00","slug":"fip-treatments-injections-vs-pills","status":"publish","type":"page","link":"https:\/\/fipmed.co\/sk\/fip-treatments-injections-vs-pills\/","title":{"rendered":"Lie\u010dba FIP: Injekcie FIP vs. tablety alebo tabletky FIP"},"content":{"rendered":"<p>Pri v\u00fdbere antiv\u00edrusov\u00e9ho lieku GS-441524 na lie\u010dbu FIP m\u00e1te dve alternat\u00edvy: subkut\u00e1nne injekcie alebo peror\u00e1lne kapsuly alebo tablety. Ako teda vybra\u0165 ten vhodn\u00fd pre va\u0161u ma\u010dku? V tomto pr\u00edspevku rozoberieme v\u00fdhody a nev\u00fdhody jednotliv\u00fdch sp\u00f4sobov lie\u010dby, ako aj to, kedy a ako sa najlep\u0161ie rozhodn\u00fa\u0165 pre lie\u010dbu FIP va\u0161ej ma\u010dky. Obvykle sa peror\u00e1lne lieky dod\u00e1vaj\u00fa vo forme tabliet. Tento druh GS sa u\u017e\u00edva peror\u00e1lne. Majitelia <a href=\"\/?page_id=895\" target=\"_blank\" rel=\"noopener\">ma\u010diek si teraz m\u00f4\u017eu<\/a> \u013eahko <a href=\"\/?page_id=895\" target=\"_blank\" rel=\"noopener\">vybra\u0165 najlep\u0161iu formu lie\u010dby<\/a> pre svoju ma\u010dku, preto\u017ee je k dispoz\u00edcii viac mo\u017enost\u00ed. Rozdiely medzi t\u00fdmito 2 pr\u00edpravkami GS-441524 bud\u00fa uveden\u00e9 v tomto pr\u00edspevku spolu s radami, ako vybra\u0165 ten najlep\u0161\u00ed pre terapiu FIP va\u0161ej ma\u010dky.  <\/p>\n<h2><strong>Injek\u010dn\u00e1 lie\u010dba FIP<\/strong><\/h2>\n<p>Za\u010dnime diskusiou o verzii GS-441524 na vstrekovanie kvapaliny. T\u00e1to konkr\u00e9tna forma GS je lie\u010dite\u013en\u00e1. R\u00f4zne kvapaliny GS-441524 maj\u00fa r\u00f4zne vlastnosti. V\u00fdrobn\u00e1 technika a chemick\u00e1 kvalita pou\u017eit\u00e1 v\u00fdrobcom maj\u00fa v\u00fdznamn\u00fd vplyv na kvalitu. Skuto\u010dnos\u0165, \u017ee ceny sa medzi jednotliv\u00fdmi zna\u010dkami v\u00fdrazne l\u00ed\u0161ia, len \u010falej zvy\u0161uje neistotu. Injek\u010dn\u00e1 forma lieku GS441524 sa dod\u00e1va v r\u00f4znych koncentr\u00e1ci\u00e1ch. Najob\u013e\u00fabenej\u0161ie koncentr\u00e1cie dostupn\u00e9 v s\u00fa\u010dasnosti s\u00fa 20 mg a 30 mg. Najlep\u0161\u00ed sp\u00f4sob pod\u00e1vania GS-441524 je injek\u010dn\u00e1 lie\u010dba. Subkut\u00e1nne injekcie injekci\u00ed GS441524 okam\u017eite o\u0161etria krvn\u00fd obeh va\u0161ej ma\u010dky antiv\u00edrusov\u00fdm liekom. Lek\u00e1ri m\u00f4\u017eu pod\u00e1va\u0165 \u0161pecifick\u00e9 d\u00e1vky pomocou injekci\u00ed na z\u00e1klade pr\u00edznakov a telesnej <a href=\"\/?page_id=885\" target=\"_blank\" rel=\"noopener\">hmotnosti va\u0161ej ma\u010dky<\/a>. Injek\u010dne lie\u010den\u00e9 ma\u010dky \u010dasto vykazuj\u00fa zjavn\u00e9 zmeny u\u017e za jeden a\u017e \u0161tyri dni. Preto v pr\u00edpade <a href=\"\/?page_id=899\" target=\"_blank\" rel=\"noopener\">ma\u010diek, ktor\u00e9 vykazuj\u00fa z\u00e1va\u017en\u00e9 pr\u00edznaky FIP<\/a>, s\u00fa injekcie spr\u00e1vnym a jedin\u00fdm \u00fa\u010dinn\u00fdm sp\u00f4sobom lie\u010dby. Ka\u017ed\u00e1 lie\u010dba FIP by sa mala za\u010da\u0165 injekciou. Pokra\u010dujte v pod\u00e1van\u00ed injekci\u00ed, k\u00fdm sa stav va\u0161ej ma\u010dky nestabilizuje, a a\u017e ke\u010f za\u010dne spr\u00e1vne jes\u0165 a vylu\u010dova\u0165, mali by ste uva\u017eova\u0165 o prechode na peror\u00e1lnu lie\u010dbu.    <\/p>\n<h2><strong>Peror\u00e1lna lie\u010dba FIP (tablety alebo tabletky)<\/strong><\/h2>\n<p>V porovnan\u00ed s ihlami je peror\u00e1lna lie\u010dba r\u00fdchlej\u0161ia a jednoduch\u0161ia technika lie\u010dby FIP. Majitelia ma\u010diek si m\u00f4\u017eu pod\u00e1va\u0165 peror\u00e1lne lieky doma, \u010d\u00edm sa vyhn\u00fa ka\u017edodenn\u00fdm n\u00e1v\u0161tev\u00e1m kliniky a v\u00fddavkom na injekcie. Na peror\u00e1lnu lie\u010dbu s\u00fa k dispoz\u00edcii tablety a kapsuly. V\u010faka hladkej \u0161trukt\u00fare a chuti kaps\u00fal ma\u010dky vo v\u0161eobecnosti \u013eah\u0161ie preh\u013ataj\u00fa kapsuly ako tablety. Vo v\u0161eobecnosti odpor\u00fa\u010dame pou\u017e\u00edva\u0165 peror\u00e1lne kapsuly alebo tablety v neskor\u0161\u00edch f\u00e1zach lie\u010dby, ke\u010f u\u017e va\u0161a ma\u010dka nie je v ohrozen\u00ed, t. j. ke\u010f pravidelne pap\u00e1 a chod\u00ed na z\u00e1chod a u\u017e nem\u00e1 ob\u010dasn\u00e9 hor\u00fa\u010dky. Teraz si rozoberieme nev\u00fdhody peror\u00e1lnej lie\u010dby. Hlavn\u00fdm rozdielom medzi peror\u00e1lnou a injek\u010dnou lie\u010dbou je r\u00fdchlos\u0165 ich \u00fa\u010dinku. Antiv\u00edrusov\u00fd liek pou\u017e\u00edvan\u00fd pri peror\u00e1lnej lie\u010dbe, GS-441524, mus\u00ed prejs\u0165 cel\u00fdm tr\u00e1viacim traktom, k\u00fdm sa dostane do krvn\u00e9ho obehu. Nemo\u017enos\u0165 kontroly d\u00e1vkovania je druhou k\u013e\u00fa\u010dovou nev\u00fdhodou peror\u00e1lnej lie\u010dby. Nem\u00f4\u017eeme predpoveda\u0165, ko\u013eko lieku GS-441524 sa vstrebe do tr\u00e1viaceho traktu va\u0161ej ma\u010dky, a preto. Va\u0161a ma\u010dka m\u00f4\u017ee vstreba\u0165 len ur\u010dit\u00e9 percento antiv\u00edrusov\u00e9ho lieku dodan\u00e9ho peror\u00e1lnymi kapsulami v z\u00e1vislosti od stavu jej tr\u00e1viaceho syst\u00e9mu a celkov\u00e9ho zdravotn\u00e9ho stavu. R\u00fdchlos\u0165 vstreb\u00e1vania GS bude ovplyvnen\u00e1 oslaben\u00edm \u017eal\u00fadka, obli\u010diek a pe\u010dene, ktor\u00e9 sa vyskytuje u ma\u010diek s ma\u010dacou infek\u010dnou peritonit\u00eddou (FIP). V porovnan\u00ed s ihlami s\u00fa peror\u00e1lne tablety a tabletky rizikovej\u0161ou formou lie\u010dby. A\u017e po 30 d\u0148och injek\u010dnej lie\u010dby alebo po stabiliz\u00e1cii stavu va\u0161ej ma\u010dky navrhujeme peror\u00e1lnu lie\u010dbu.    <\/p>\n<h2><strong>Bezpe\u010dnostn\u00e9 opatrenie pre kapsuly<\/strong><\/h2>\n<p>V odvetv\u00ed liekov FIP sa preva\u017ene pou\u017e\u00edvaj\u00fa ur\u010dit\u00e9 form\u00e1ty. Napr\u00edklad GS441524 s\u00fa dostupn\u00e9 preva\u017ene vo forme tabliet a EIDD2801 s\u00fa dostupn\u00e9 vo forme kaps\u00fal. D\u00e1vajte si preto pozor na predajcov, ktor\u00ed pred\u00e1vaj\u00fa GS441524 vo forme kaps\u00fal. Aj d\u00e1vkovanie lieku GS441524 pre peror\u00e1lne lieky je \u0161tandardizovan\u00e9 na 15 mg na kg a na dvojn\u00e1sobn\u00fa d\u00e1vku pre o\u010dn\u00e9 a neurologick\u00e9 typy. Pros\u00edm, neprekra\u010dujte toto d\u00e1vkovanie, preto\u017ee vy\u0161\u0161ie d\u00e1vkovanie v peror\u00e1lnych liekoch ohrozuje vstrebate\u013enos\u0165.    <\/p>\n<h2><strong>Porovnanie medzi injek\u010dnou a peror\u00e1lnou lie\u010dbou  <\/strong><\/h2>\n<p>Tu je tabu\u013eka, ktor\u00e1 ukazuje rozdiely medzi <a href=\"\/?page_id=887\" target=\"_blank\" rel=\"noopener\">injekciami a peror\u00e1lnym u\u017e\u00edvan\u00edm lie\u010dby FIP<\/a>.<\/p>\n<p><img data-opt-id=1214015753  fetchpriority=\"high\" decoding=\"async\" class=\"alignnone size-full wp-image-888\" src=\"https:\/\/ml9txs9ouv9q.i.optimole.com\/w:auto\/h:auto\/q:mauto\/f:best\/https:\/\/fipmed.co\/wp-content\/uploads\/2022\/12\/233.png\" alt=\"\" width=\"811\" height=\"719\" srcset=\"https:\/\/ml9txs9ouv9q.i.optimole.com\/w:811\/h:719\/q:mauto\/f:best\/https:\/\/fipmed.co\/wp-content\/uploads\/2022\/12\/233.png 811w, https:\/\/ml9txs9ouv9q.i.optimole.com\/w:300\/h:266\/q:mauto\/f:best\/https:\/\/fipmed.co\/wp-content\/uploads\/2022\/12\/233.png 300w, https:\/\/ml9txs9ouv9q.i.optimole.com\/w:768\/h:681\/q:mauto\/f:best\/https:\/\/fipmed.co\/wp-content\/uploads\/2022\/12\/233.png 768w, https:\/\/ml9txs9ouv9q.i.optimole.com\/w:600\/h:532\/q:mauto\/f:best\/https:\/\/fipmed.co\/wp-content\/uploads\/2022\/12\/233.png 600w\" sizes=\"(max-width: 640px) 100vw, 640px\" \/><\/p>\n<h2><strong>Ktor\u00fa met\u00f3du by som mal zvoli\u0165 pre svoju ma\u010dku?<\/strong><\/h2>\n<p>Odpor\u00fa\u010da sa, aby sa lie\u010dba FIP za\u010dala injekciami pod\u013ea n\u00e1\u0161ho odpor\u00fa\u010dania. Na peror\u00e1lne tablety m\u00f4\u017eete prejs\u0165 hne\u010f, ako sa stav va\u0161ej ma\u010dky stabilizuje, ak opakovan\u00e9 injekcie sp\u00f4sobuj\u00fa ak\u00fatnu boles\u0165 alebo siln\u00e9 podr\u00e1\u017edenie ko\u017ee. Po 30 d\u0148och injek\u010dnej lie\u010dby je prechod na peror\u00e1lne lieky zvy\u010dajne bezpe\u010dn\u00fd. Ide o najd\u00f4veryhodnej\u0161iu techniku, ktor\u00e1 zaru\u010d\u00ed, \u017ee po\u010das lie\u010dby FIP sa pod\u00e1 dostato\u010dn\u00e9 mno\u017estvo lieku GS-441524 a zn\u00ed\u017ei sa riziko reinfekcie v bud\u00facnosti.   <\/p>\n<h2><strong>Faktory ovplyv\u0148uj\u00face peror\u00e1lne a injek\u010dn\u00e9 pod\u00e1vanie<\/strong><\/h2>\n<p>Ma\u010dky, ktor\u00e9 v s\u00fa\u010dasnosti zvracaj\u00fa\/regurgituj\u00fa a maj\u00fa hna\u010dku, sa vo v\u0161eobecnosti pova\u017euj\u00fa za nevhodn\u00fdch kandid\u00e1tov na peror\u00e1lnu lie\u010dbu liekom GS-441524. V d\u00f4sledku toho sa ma\u010dky trpiace z\u00e1va\u017en\u00fdm gastrointestin\u00e1lnym ochoren\u00edm \u010dasto za\u010d\u00ednaj\u00fa lie\u010di\u0165 injekciami, aspo\u0148 k\u00fdm sa probl\u00e9my nevyrie\u0161ia. V\u00e4\u010d\u0161ina \u013eud\u00ed, najm\u00e4 v minulosti, za\u010d\u00ednala s injek\u010dn\u00fdm GS-441524. Injek\u010dn\u00e1 forma je lacnej\u0161ia a d\u00e1vkovanie je presnej\u0161ie kontrolovan\u00e9. Subkut\u00e1nna absorpcia GS-441524 je tie\u017e spo\u013eahlivej\u0161ia ako peror\u00e1lna absorpcia, \u010do je \u010dasto rozhoduj\u00faci faktor pri po\u010diato\u010dnej lie\u010dbe ma\u010diek, ktor\u00e9 s\u00fa na za\u010diatku \u0165a\u017eko chor\u00e9 a nestabiln\u00e9. To, \u010di ma\u010dka bude pokra\u010dova\u0165 v injek\u010dnom pod\u00e1van\u00ed GS-441524, z\u00e1vis\u00ed od schopnosti majite\u013ea \u00fa\u010dinne pod\u00e1va\u0165 injekcie, od ochoty ma\u010dky zvykn\u00fa\u0165 si na boles\u0165 pri injek\u010dnom pod\u00e1van\u00ed a od v\u00fdskytu vredov v mieste vpichu. V tak\u00fdchto pr\u00edpadoch je peror\u00e1lny liek \u010dasto v\u00edtanou \u00fa\u013eavou pre majite\u013ea aj pre ma\u010dacieho pacienta.    <\/p>\n<h2><strong>Porovnanie \u00faspe\u0161nosti lie\u010dby injek\u010dn\u00fdm a peror\u00e1lnym liekom GS-441524  <\/strong><\/h2>\n<p>\u00daspe\u0161nos\u0165 peror\u00e1lneho lieku GS-441524 sa v s\u00fa\u010dasnosti podob\u00e1 \u00faspe\u0161nosti injek\u010dn\u00fdch verzi\u00ed za predpokladu, \u017ee <a href=\"\/?page_id=23\" target=\"_blank\" rel=\"noopener\">sa d\u00e1vkovanie starostlivo vypo\u010d\u00edta<\/a> a d\u00e1vkovanie sa vykon\u00e1va efekt\u00edvne. Boli v\u0161ak hl\u00e1sen\u00e9 rozdiely v reakci\u00e1ch medzi peror\u00e1lnou a injek\u010dnou formou GS-441524. Len u nieko\u013ek\u00fdch ma\u010diek sa po prechode z injekci\u00ed na peror\u00e1lnu formu GS-441524 vyskytli relapsy alebo na \u0148u ako na po\u010diato\u010dn\u00fa lie\u010dbu nereagovali dobre. Pr\u00edpadne sa ochorenie, ktor\u00e9 nereagovalo dobre na injekcie, lie\u010dilo preveden\u00edm ma\u010diek na peror\u00e1lnu formu GS-441524 v ekvivalentnej d\u00e1vke. Je n\u00e1ro\u010dn\u00e9 pripisova\u0165 tieto v\u00fdrazn\u00e9 rozdiely v odpovedi liekovej forme, preto\u017ee GS-441524 sa peror\u00e1lne alebo subkut\u00e1nne dost\u00e1va do krvn\u00e9ho obehu sk\u00f4r, ako sa dostane do tkan\u00edv. Je pravdepodobnej\u0161ie, \u017ee injek\u010dn\u00e9 alebo peror\u00e1lne zna\u010dky lieku GS-441524 pou\u017e\u00edvan\u00e9 pred t\u00fdmto prechodom boli nevyhovuj\u00face. V mnoh\u00fdch pr\u00edpadoch prechod na in\u00fa peror\u00e1lnu alebo injek\u010dn\u00fa zna\u010dku viedol k okam\u017eit\u00e9mu zlep\u0161eniu reakcie. Ke\u010f\u017ee v\u00edrus si vyvinul r\u00f4zny stupe\u0148 rezistencie vo\u010di liekom, predpokladalo sa, \u017ee iba injek\u010dn\u00e1 forma lieku GS-441524 m\u00f4\u017ee dosiahnu\u0165 mimoriadne vysok\u00e9 hladiny v krvi a mozgovomiechovom moku potrebn\u00e9 na \u00fa\u010dinn\u00fa lie\u010dbu neurologick\u00e9ho ochorenia. Ma\u010dky s neurologickou FIP v\u0161ak dobre reagovali na liek <a href=\"https:\/\/fipmed.co\/\" target=\"_blank\" rel=\"noopener\">Fipmed<\/a>. Okrem toho boli do tejto skupiny zahrnut\u00e9 aj niektor\u00e9 ma\u010dky, ktor\u00e9 nereagovali na mimoriadne vysok\u00e9 d\u00e1vky injek\u010dnej formy <a href=\"\/?page_id=6163\" target=\"_blank\" rel=\"noopener\">GS- 441524<\/a>. Celor\u00e1lny re\u017eim lie\u010di \u010doraz v\u00e4\u010d\u0161\u00ed po\u010det zvierat s neurologickou FIP. Je to bu\u010f v\u00fdsledok v\u00e4\u010d\u0161\u00edch sk\u00fasenost\u00ed s pou\u017e\u00edvan\u00edm peror\u00e1lnej <a href=\"https:\/\/fipmed.co\/fip-treatment\/\" target=\"_blank\" rel=\"noopener\">lie\u010dby FIP<\/a> v n\u00e1ro\u010dn\u00fdch pr\u00edpadoch, alebo, \u010do je pravdepodobnej\u0161ie, zlep\u0161enie kvality peror\u00e1lneho pr\u00edpravku.   <\/p>\n<h2><strong>Ako pod\u00e1vam injekcie GS?<\/strong><\/h2>\n<p>Subkut\u00e1nne, niekedy zn\u00e1me ako &#8222;sub-cu&#8220;, je v\u00fdraz pre podanie injekcie priamo pod ko\u017eu. Ka\u017ed\u00fd de\u0148 po\u010das najmenej 12 t\u00fd\u017ed\u0148ov sa injekcie musia pod\u00e1va\u0165 takmer v rovnakom \u010dase ka\u017ed\u00fdch 24 hod\u00edn. Svaly ma\u010dky sa NESM\u00da prepichn\u00fa\u0165 ihlou. Pri pod\u00e1van\u00ed injekcie GS \u0161t\u00edpe, ale hne\u010f ako sa injekcia skon\u010d\u00ed, nepr\u00edjemn\u00e9 pocity ustan\u00fa. Na\u0161i pou\u017e\u00edvatelia vytvorili nieko\u013eko u\u017eito\u010dn\u00fdch filmov, v ktor\u00fdch demon\u0161truj\u00fa, ako si injekciu pod\u00e1vaj\u00fa, a na YouTube je ich ove\u013ea viac. Je lep\u0161ie, ak v\u00e1m veterin\u00e1rny lek\u00e1r pod\u00e1 prv\u00fa jednu alebo dve injekcie a uk\u00e1\u017ee v\u00e1m, ako ich aplikova\u0165. V pr\u00edpade ma\u010diek, ktor\u00e9 sa \u0165a\u017e\u0161ie znehyb\u0148uj\u00fa pri injekci\u00e1ch, m\u00f4\u017ee by\u0165 potrebn\u00e1 ka\u017edodenn\u00e1 n\u00e1v\u0161teva veterin\u00e1ra.      <\/p>\n<h2>Z\u00e1ver<\/h2>\n<p>Majitelia ma\u010diek by preto mali v\u017edy za\u010da\u0165 s injek\u010dnou met\u00f3dou lie\u010dby FIP a pribli\u017ene po 30 d\u0148och prejs\u0165 na u\u017e\u00edvanie tabliet v z\u00e1vislosti od stavu ma\u010dky. U\u017e\u00edvanie liekov prostredn\u00edctvom injekci\u00ed alebo peror\u00e1lne u\u017e\u00edvanie liekov m\u00e1 svoje v\u00fdhody a nev\u00fdhody a je na veterin\u00e1rnych lek\u00e1roch a majite\u013eoch ma\u010diek, aby z t\u00fdchto dvoch mo\u017enost\u00ed vybrali lep\u0161ie rie\u0161enie, ktor\u00e9 poskytn\u00fa ma\u010dk\u00e1m postihnut\u00fdm FIP.<\/p>\n","protected":false},"excerpt":{"rendered":"<p>Pri v\u00fdbere antiv\u00edrusov\u00e9ho lieku GS-441524 na lie\u010dbu FIP m\u00e1te dve alternat\u00edvy: subkut\u00e1nne injekcie alebo peror\u00e1lne kapsuly alebo tablety. Ako teda vybra\u0165 ten vhodn\u00fd pre va\u0161u ma\u010dku? V tomto pr\u00edspevku rozoberieme v\u00fdhody a nev\u00fdhody jednotliv\u00fdch sp\u00f4sobov lie\u010dby, ako aj to, kedy a ako sa najlep\u0161ie rozhodn\u00fa\u0165 pre lie\u010dbu FIP va\u0161ej ma\u010dky. Obvykle sa peror\u00e1lne lieky dod\u00e1vaj\u00fa [&hellip;]<\/p>\n","protected":false},"author":11,"featured_media":28585,"parent":0,"menu_order":0,"comment_status":"closed","ping_status":"closed","template":"","meta":{"_glsr_average":0,"_glsr_ranking":0,"_glsr_reviews":0,"footnotes":""},"categories":[1169],"tags":[1170,1192],"_links":{"self":[{"href":"https:\/\/fipmed.co\/sk\/wp-json\/wp\/v2\/pages\/28583"}],"collection":[{"href":"https:\/\/fipmed.co\/sk\/wp-json\/wp\/v2\/pages"}],"about":[{"href":"https:\/\/fipmed.co\/sk\/wp-json\/wp\/v2\/types\/page"}],"author":[{"embeddable":true,"href":"https:\/\/fipmed.co\/sk\/wp-json\/wp\/v2\/users\/11"}],"replies":[{"embeddable":true,"href":"https:\/\/fipmed.co\/sk\/wp-json\/wp\/v2\/comments?post=28583"}],"version-history":[{"count":1,"href":"https:\/\/fipmed.co\/sk\/wp-json\/wp\/v2\/pages\/28583\/revisions"}],"predecessor-version":[{"id":28589,"href":"https:\/\/fipmed.co\/sk\/wp-json\/wp\/v2\/pages\/28583\/revisions\/28589"}],"wp:featuredmedia":[{"embeddable":true,"href":"https:\/\/fipmed.co\/sk\/wp-json\/wp\/v2\/media\/28585"}],"wp:attachment":[{"href":"https:\/\/fipmed.co\/sk\/wp-json\/wp\/v2\/media?parent=28583"}],"wp:term":[{"taxonomy":"category","embeddable":true,"href":"https:\/\/fipmed.co\/sk\/wp-json\/wp\/v2\/categories?post=28583"},{"taxonomy":"post_tag","embeddable":true,"href":"https:\/\/fipmed.co\/sk\/wp-json\/wp\/v2\/tags?post=28583"}],"curies":[{"name":"wp","href":"https:\/\/api.w.org\/{rel}","templated":true}]}}