{"id":28606,"date":"2024-05-13T08:24:56","date_gmt":"2024-05-13T08:24:56","guid":{"rendered":"https:\/\/fipmed.co\/fipmed-nonprofit-partner-program-registration\/"},"modified":"2024-05-13T08:24:56","modified_gmt":"2024-05-13T08:24:56","slug":"fipmed-nonprofit-partner-program-registration","status":"publish","type":"page","link":"https:\/\/fipmed.co\/sk\/fipmed-nonprofit-partner-program-registration\/","title":{"rendered":"Registr\u00e1cia partnersk\u00e9ho programu neziskov\u00fdch organiz\u00e1ci\u00ed FIPMed"},"content":{"rendered":"<p>Vitajte v partnerskom programe neziskov\u00fdch organiz\u00e1ci\u00ed FIPMed. Te\u0161\u00edme sa na spolupr\u00e1cu s vami pri z\u00e1chrane ma\u010di\u010diek s FIP. Pripojte sa k n\u00e1\u0161mu Partnersk\u00e9mu programu pre neziskov\u00e9 organiz\u00e1cie a z\u00edskajte vysok\u00fa 20 % celo\u017eivotn\u00fa prov\u00edziu len t\u00fdm, \u017ee budete zdie\u013ea\u0165 svoj jedine\u010dn\u00fd kup\u00f3n s majite\u013emi ma\u010diek a darcami vo va\u0161ej komunite. T\u00edto rodi\u010dia ma\u010diek z\u00edskaj\u00fa aj z\u013eavu 10 USD na v\u0161etky produkty na lie\u010dbu FIP zak\u00fapen\u00e9 na na\u0161ej webovej str\u00e1nke. \u010eakujeme za pre\u010d\u00edtanie a d\u00fafame, \u017ee sa stanete na\u0161im partnerom. Po registr\u00e1cii m\u00f4\u017eete svoj k\u00f3d okam\u017eite zdie\u013ea\u0165. Zdie\u013eajte ich akoko\u013evek a kdeko\u013evek chcete. Na svoj partnersk\u00fd panel sa m\u00f4\u017eete prihl\u00e1si\u0165 aj tak, \u017ee prejdete na str\u00e1nku https:\/\/fipmed.co\/my-account\/. <\/p>\n<p>[couponaffiliates-register template=&#8220;10FORGOOD&#8220;]<\/p>\n","protected":false},"excerpt":{"rendered":"<p>Vitajte v partnerskom programe neziskov\u00fdch organiz\u00e1ci\u00ed FIPMed. Te\u0161\u00edme sa na spolupr\u00e1cu s vami pri z\u00e1chrane ma\u010di\u010diek s FIP. Pripojte sa k n\u00e1\u0161mu Partnersk\u00e9mu programu pre neziskov\u00e9 organiz\u00e1cie a z\u00edskajte vysok\u00fa 20 % celo\u017eivotn\u00fa prov\u00edziu len t\u00fdm, \u017ee budete zdie\u013ea\u0165 svoj jedine\u010dn\u00fd kup\u00f3n s majite\u013emi ma\u010diek a darcami vo va\u0161ej komunite. T\u00edto rodi\u010dia ma\u010diek z\u00edskaj\u00fa aj [&hellip;]<\/p>\n","protected":false},"author":1,"featured_media":0,"parent":0,"menu_order":0,"comment_status":"closed","ping_status":"closed","template":"","meta":{"_glsr_average":0,"_glsr_ranking":0,"_glsr_reviews":0,"footnotes":""},"categories":[],"tags":[],"_links":{"self":[{"href":"https:\/\/fipmed.co\/sk\/wp-json\/wp\/v2\/pages\/28606"}],"collection":[{"href":"https:\/\/fipmed.co\/sk\/wp-json\/wp\/v2\/pages"}],"about":[{"href":"https:\/\/fipmed.co\/sk\/wp-json\/wp\/v2\/types\/page"}],"author":[{"embeddable":true,"href":"https:\/\/fipmed.co\/sk\/wp-json\/wp\/v2\/users\/1"}],"replies":[{"embeddable":true,"href":"https:\/\/fipmed.co\/sk\/wp-json\/wp\/v2\/comments?post=28606"}],"version-history":[{"count":0,"href":"https:\/\/fipmed.co\/sk\/wp-json\/wp\/v2\/pages\/28606\/revisions"}],"wp:attachment":[{"href":"https:\/\/fipmed.co\/sk\/wp-json\/wp\/v2\/media?parent=28606"}],"wp:term":[{"taxonomy":"category","embeddable":true,"href":"https:\/\/fipmed.co\/sk\/wp-json\/wp\/v2\/categories?post=28606"},{"taxonomy":"post_tag","embeddable":true,"href":"https:\/\/fipmed.co\/sk\/wp-json\/wp\/v2\/tags?post=28606"}],"curies":[{"name":"wp","href":"https:\/\/api.w.org\/{rel}","templated":true}]}}