{"id":28609,"date":"2023-11-20T03:02:35","date_gmt":"2023-11-20T03:02:35","guid":{"rendered":"https:\/\/fipmed.co\/fipmed-cancellation-policy\/"},"modified":"2025-01-22T06:48:35","modified_gmt":"2025-01-22T06:48:35","slug":"fipmed-cancellation-policy","status":"publish","type":"page","link":"https:\/\/fipmed.co\/sk\/fipmed-cancellation-policy\/","title":{"rendered":"Storno podmienky spolo\u010dnosti FIPMed"},"content":{"rendered":"\t\t<div data-elementor-type=\"wp-page\" data-elementor-id=\"28609\" class=\"elementor elementor-28609 elementor-14413\">\n\t\t\t\t\t\t<section class=\"elementor-section elementor-top-section elementor-element elementor-element-c3897a7 elementor-section-boxed elementor-section-height-default elementor-section-height-default\" data-id=\"c3897a7\" data-element_type=\"section\">\n\t\t\t\t\t\t<div class=\"elementor-container elementor-column-gap-default\">\n\t\t\t\t\t<div class=\"elementor-column elementor-col-100 elementor-top-column elementor-element elementor-element-32e3bf0\" data-id=\"32e3bf0\" data-element_type=\"column\">\n\t\t\t<div class=\"elementor-widget-wrap elementor-element-populated\">\n\t\t\t\t\t\t<div class=\"elementor-element elementor-element-c7b81b6 elementor-widget elementor-widget-text-editor\" data-id=\"c7b81b6\" data-element_type=\"widget\" data-widget_type=\"text-editor.default\">\n\t\t\t\t<div class=\"elementor-widget-container\">\n\t\t\t\t\t\t\t\t\t<p>N\u00e1\u0161 t\u00edm rob\u00ed v\u0161etko pre to, aby bola va\u0161a objedn\u00e1vka odoslan\u00e1 \u010do najr\u00fdchlej\u0161ie.\nJe to sp\u00f4soben\u00e9 \u010dasovo citliv\u00fdm charakterom v\u0161etk\u00fdch na\u0161ich v\u00fdrobkov a sna\u017e\u00edme sa, aby v\u0161etci na\u0161i z\u00e1kazn\u00edci dostali z\u00e1sielku \u010do najsk\u00f4r. <\/p>\n<p>Preto ak\u00e9ko\u013evek zru\u0161enie objedn\u00e1vky po jej odoslan\u00ed v\u00e1\u017ene nar\u00fa\u0161a n\u00e1\u0161 proces.<\/p>\n<p>Ch\u00e1peme v\u0161ak, \u017ee sa m\u00f4\u017eu vyskytn\u00fa\u0165 okolnosti, ktor\u00e9 si vy\u017eaduj\u00fa zru\u0161enie objedn\u00e1vky kr\u00e1tko po jej zadan\u00ed.\nNa pokrytie administrat\u00edvnych n\u00e1kladov spojen\u00fdch so spracovan\u00edm storna sme zaviedli nasleduj\u00face pravidl\u00e1 storno poplatkov.\nPozorne si pros\u00edm pre\u010d\u00edtajte ni\u017e\u0161ie uveden\u00e9 podrobnosti:  <\/p>\n<p><b>1. <\/b>Z\u00e1kazn\u00edci m\u00f4\u017eu po\u017eiada\u0165 o zru\u0161enie objedn\u00e1vky najnesk\u00f4r do 3 hod\u00edn od jej zadania.\n\u017diadosti o zru\u0161enie prijat\u00e9 po tomto \u010dasovom r\u00e1mci nebud\u00fa opr\u00e1vnen\u00e9 na ak\u00fdko\u013evek proces zru\u0161enia objedn\u00e1vky, ale namiesto toho bud\u00fa podlieha\u0165 na\u0161im z\u00e1sad\u00e1m vr\u00e1tenia pe\u0148az\u00ed. <\/p>\n<p><b>2. <\/b>V pr\u00edpade zru\u0161enia rezerv\u00e1cie do 3 hod\u00edn sa \u00fa\u010dtuje storno poplatok vo v\u00fd\u0161ke 50 USD na pokrytie n\u00e1kladov na spracovanie a administrat\u00edvnych n\u00e1kladov spojen\u00fdch so zru\u0161en\u00edm rezerv\u00e1cie.\nTento poplatok sa odpo\u010d\u00edta od celkovej sumy n\u00e1hrady za zru\u0161enie. <\/p>\n<p>3. Prepravn\u00e9 poplatky a digit\u00e1lne produkty sa nevracaj\u00fa a bud\u00fa odpo\u010d\u00edtan\u00e9 od sumy vr\u00e1tenia pe\u0148az\u00ed.<\/p>\n<p>4. Bude tie\u017e odpo\u010d\u00edtan\u00e1 suma 30 USD na pokrytie poplatkov za platbu cez platobn\u00fa br\u00e1nu, ktor\u00e9 n\u00e1m u\u017e boli \u00fa\u010dtovan\u00e9.&nbsp;<\/p>\n<p><b>5. <\/b>Ak chcete iniciova\u0165 zru\u0161enie, kontaktujte n\u00e1\u0161 t\u00edm z\u00e1kazn\u00edckej podpory \u010do najsk\u00f4r v r\u00e1mci 3-hodinov\u00e9ho okna.\nNa na\u0161u z\u00e1kazn\u00edcku podporu sa m\u00f4\u017eete obr\u00e1ti\u0165 prostredn\u00edctvom odpovede na e-mail s potvrden\u00edm objedn\u00e1vky. <\/p>\n<p><strong>6.&nbsp;<\/strong> Po schv\u00e1len\u00ed \u017eiadosti o zru\u0161enie rezerv\u00e1cie bude vr\u00e1tenie pe\u0148az\u00ed spracovan\u00e9 bezodkladne a suma bude vr\u00e1ten\u00e1 na p\u00f4vodn\u00fd sp\u00f4sob platby.\nPo\u010dkajte, pros\u00edm, a\u017e 14 pracovn\u00fdch dn\u00ed, k\u00fdm sa vr\u00e1tenie pe\u0148az\u00ed prejav\u00ed na va\u0161om \u00fa\u010dte. <\/p>\n<p>Zadan\u00edm objedn\u00e1vky u n\u00e1s potvrdzujete, \u017ee ste si pre\u010d\u00edtali, pochopili a s\u00fahlas\u00edte s na\u0161imi z\u00e1sadami storno poplatkov.<\/p>\n<p>Ak m\u00e1te ak\u00e9ko\u013evek ot\u00e1zky alebo obavy t\u00fdkaj\u00face sa na\u0161ich z\u00e1sad storno poplatkov, nev\u00e1hajte sa obr\u00e1ti\u0165 na n\u00e1\u0161 t\u00edm z\u00e1kazn\u00edckej podpory.<\/p>\n<p>\u010eakujeme, \u017ee ste si vybrali Fipmed.co.\nV\u00e1\u017eime si v\u00e1\u0161ho pochopenia a spolupr\u00e1ce.\nV\u0161etko najlep\u0161ie na va\u0161ej ceste v boji proti FIP.  &nbsp;<\/p>\t\t\t\t\t\t\t\t<\/div>\n\t\t\t\t<\/div>\n\t\t\t\t\t<\/div>\n\t\t<\/div>\n\t\t\t\t\t<\/div>\n\t\t<\/section>\n\t\t\t\t<\/div>\n\t\t","protected":false},"excerpt":{"rendered":"<p>N\u00e1\u0161 t\u00edm rob\u00ed v\u0161etko pre to, aby bola va\u0161a objedn\u00e1vka odoslan\u00e1 \u010do najr\u00fdchlej\u0161ie. Je to sp\u00f4soben\u00e9 \u010dasovo citliv\u00fdm charakterom v\u0161etk\u00fdch na\u0161ich v\u00fdrobkov a sna\u017e\u00edme sa, aby v\u0161etci na\u0161i z\u00e1kazn\u00edci dostali z\u00e1sielku \u010do najsk\u00f4r. Preto ak\u00e9ko\u013evek zru\u0161enie objedn\u00e1vky po jej odoslan\u00ed v\u00e1\u017ene nar\u00fa\u0161a n\u00e1\u0161 proces. Ch\u00e1peme v\u0161ak, \u017ee sa m\u00f4\u017eu vyskytn\u00fa\u0165 okolnosti, ktor\u00e9 si vy\u017eaduj\u00fa zru\u0161enie [&hellip;]<\/p>\n","protected":false},"author":1,"featured_media":0,"parent":0,"menu_order":0,"comment_status":"closed","ping_status":"closed","template":"","meta":{"_glsr_average":0,"_glsr_ranking":0,"_glsr_reviews":0,"footnotes":""},"categories":[],"tags":[],"_links":{"self":[{"href":"https:\/\/fipmed.co\/sk\/wp-json\/wp\/v2\/pages\/28609"}],"collection":[{"href":"https:\/\/fipmed.co\/sk\/wp-json\/wp\/v2\/pages"}],"about":[{"href":"https:\/\/fipmed.co\/sk\/wp-json\/wp\/v2\/types\/page"}],"author":[{"embeddable":true,"href":"https:\/\/fipmed.co\/sk\/wp-json\/wp\/v2\/users\/1"}],"replies":[{"embeddable":true,"href":"https:\/\/fipmed.co\/sk\/wp-json\/wp\/v2\/comments?post=28609"}],"version-history":[{"count":1,"href":"https:\/\/fipmed.co\/sk\/wp-json\/wp\/v2\/pages\/28609\/revisions"}],"predecessor-version":[{"id":28610,"href":"https:\/\/fipmed.co\/sk\/wp-json\/wp\/v2\/pages\/28609\/revisions\/28610"}],"wp:attachment":[{"href":"https:\/\/fipmed.co\/sk\/wp-json\/wp\/v2\/media?parent=28609"}],"wp:term":[{"taxonomy":"category","embeddable":true,"href":"https:\/\/fipmed.co\/sk\/wp-json\/wp\/v2\/categories?post=28609"},{"taxonomy":"post_tag","embeddable":true,"href":"https:\/\/fipmed.co\/sk\/wp-json\/wp\/v2\/tags?post=28609"}],"curies":[{"name":"wp","href":"https:\/\/api.w.org\/{rel}","templated":true}]}}