{"id":28629,"date":"2023-11-06T06:42:04","date_gmt":"2023-11-06T06:42:04","guid":{"rendered":"https:\/\/fipmed.co\/how-do-cats-get-fip-what-causes-fip-in-cats\/"},"modified":"2023-11-06T06:42:04","modified_gmt":"2023-11-06T06:42:04","slug":"how-do-cats-get-fip-what-causes-fip-in-cats","status":"publish","type":"page","link":"https:\/\/fipmed.co\/sk\/how-do-cats-get-fip-what-causes-fip-in-cats\/","title":{"rendered":"Ako ma\u010dky dostan\u00fa FIP: \u010co sp\u00f4sobuje FIP u ma\u010diek?"},"content":{"rendered":"<h2>Ako ma\u010dky dostan\u00fa FIP?<\/h2>\n<p>Ma\u010dac\u00ed koronav\u00edrus (FCoV) je hlavnou pr\u00ed\u010dinou <a href=\"\/?page_id=6094\" target=\"_blank\" rel=\"noopener\">FIP u ma\u010diek<\/a>, hoci s\u00fa mo\u017en\u00e9 aj in\u00e9 sp\u00f4soby prenosu.<\/p>\n<h3>Ma\u010dac\u00ed koronav\u00edrus (FCoV)<\/h3>\n<p>Ma\u010dac\u00ed koronav\u00edrus (FCoV) je be\u017en\u00e1 v\u00edrusov\u00e1 infekcia ma\u010diek, ktor\u00e1 zvy\u010dajne nesp\u00f4sobuje \u017eiadne pr\u00edznaky alebo m\u00f4\u017ee by\u0165 spojen\u00e1 len s miernou hna\u010dkou. Je vysoko n\u00e1kazliv\u00e1 a m\u00f4\u017ee sa \u0161\u00edri\u0165 priamym kontaktom, nepriamym kontaktom alebo fek\u00e1lno-or\u00e1lnou cestou medzi ma\u010dkami v tej istej dom\u00e1cnosti. FCoV je v\u00edrus s obalom a jednovl\u00e1knov\u00fdm gen\u00f3mom RNA. Mnoh\u00e9 popul\u00e1rne dezinfek\u010dn\u00e9 prostriedky dok\u00e1\u017eu v\u00edrus r\u00fdchlo inaktivova\u0165, preto\u017ee je pomerne slab\u00fd. Ma\u010dky \u017eij\u00face v tesn\u00fdch priestoroch alebo v situ\u00e1ci\u00e1ch s viacer\u00fdmi ma\u010dkami s\u00fa n\u00e1chylnej\u0161ie na vystavenie a prenos. FCoV nie je zoonotick\u00fd v\u00edrus, \u010do znamen\u00e1, \u017ee be\u017ene neinfikuje \u013eud\u00ed. Bolo v\u0161ak zaznamenan\u00fdch nieko\u013eko hl\u00e1sen\u00ed o infekcii \u013eud\u00ed. FCoV sa naj\u010dastej\u0161ie \u0161\u00edri kontaktom so slinami chor\u00fdch ma\u010diek, nosov\u00fdmi sekr\u00e9tmi, v\u00fdkalmi a predmetmi kontaminovan\u00fdmi v\u00edrusom. <\/p>\n<p><strong>FECV (ma\u010dac\u00ed enterick\u00fd koronav\u00edrus):<\/strong><\/p>\n<p>Menej virulentn\u00e1 verzia v\u00edrusu je FECV. Postihuje predov\u0161etk\u00fdm tr\u00e1viaci trakt ma\u010diek. Mnoh\u00e9 infikovan\u00e9 ma\u010dky s\u00fa asymptomatick\u00e9, \u010do znamen\u00e1, \u017ee nevykazuj\u00fa \u017eiadne klinick\u00e9 pr\u00edznaky ochorenia. FECV m\u00f4\u017ee u niektor\u00fdch pacientov vyvola\u0165 mierne gastrointestin\u00e1lne pr\u00edznaky, ako je hna\u010dka, ale zvy\u010dajne vymizne bez lie\u010dby. Ma\u010dky infikovan\u00e9 v\u00edrusom FECV m\u00f4\u017eu vylu\u010dova\u0165 v\u00edrus vo v\u00fdkaloch, \u010d\u00edm m\u00f4\u017eu infikova\u0165 in\u00e9 ma\u010dky.    <\/p>\n<p><strong>FIPV (Feline Infectious Peritonitis Virus):<\/strong><\/p>\n<p>FIPV je najnebezpe\u010dnej\u0161\u00ed a najnebezpe\u010dnej\u0161\u00ed kme\u0148 v\u00edrusu, ktor\u00fd m\u00f4\u017ee sp\u00f4sobi\u0165 infek\u010dn\u00fa peritonit\u00eddu ma\u010diek (FIP). FIPV m\u00f4\u017ee vznikn\u00fa\u0165 mut\u00e1ciou FECV u toho ist\u00e9ho zviera\u0165a. Prechod FIPV nie je dostato\u010dne objasnen\u00fd a m\u00f4\u017ee by\u0165 ovplyvnen\u00fd r\u00f4znymi okolnos\u0165ami vr\u00e1tane imunologickej reakcie ma\u010dky. Ma\u010dky infikovan\u00e9 FIPV m\u00f4\u017eu ma\u0165 hor\u00fa\u010dku, letargiu, stratu hmotnosti, roztiahnut\u00fd \u017eal\u00fadok (pri mokrej forme) a poruchy funkcie org\u00e1nov.   <\/p>\n<h2>Ako sa pren\u00e1\u0161a FIP?<\/h2>\n<p>FCoV sa m\u00f4\u017ee \u0161\u00edri\u0165 priamym kontaktom medzi ma\u010dkami, nepriamou kontamin\u00e1ciou predmetov alebo prostredia, prehltnut\u00edm v\u00fdkalov obsahuj\u00facich v\u00edrus a d\u00fdchac\u00edmi kvap\u00f4\u010dkami infikovanej ma\u010dky.<\/p>\n<h3>Priamy kontakt:<\/h3>\n<p>Ma\u010dky sa m\u00f4\u017eu infikova\u0165 ma\u010dac\u00edm koronav\u00edrusom (FCoV) a n\u00e1sledne sa u nich m\u00f4\u017ee vyvin\u00fa\u0165 FIP prostredn\u00edctvom bl\u00edzkeho a priameho kontaktu s <a href=\"\/?page_id=899\" target=\"_blank\" rel=\"noopener\">infikovanou ma\u010dkou<\/a>. Hoci v\u00edrus m\u00f4\u017ee pre\u017e\u00edva\u0165 v r\u00f4znych prostrediach, nepren\u00e1\u0161a sa vzduchom a na prenos z jednej ma\u010dky na druh\u00fa je potrebn\u00fd priamy kontakt. To znamen\u00e1, \u017ee ma\u010dky musia pr\u00eds\u0165 do kontaktu s infikovan\u00fdm zviera\u0165om alebo kontaminovan\u00fdm povrchom, aby sa v\u00edrus roz\u0161\u00edril. Pre <a href=\"\/?page_id=891\" target=\"_blank\" rel=\"noopener\">prenos FIP medzi ma\u010dkami<\/a> je nevyhnutn\u00e9 o\u0161etrovanie, vz\u00e1jomn\u00e9 o\u0148uch\u00e1vanie, hryzenie, zdie\u013eanie misiek s potravou a in\u00e9 bl\u00edzke interakcie, preto\u017ee na to, aby do\u0161lo k infekcii, je potrebn\u00e9, aby sa v slin\u00e1ch a in\u00fdch telesn\u00fdch tekutin\u00e1ch vyskytlo ve\u013ek\u00e9 mno\u017estvo v\u00edrusu. Je tie\u017e d\u00f4le\u017eit\u00e9 poznamena\u0165, \u017ee tento sp\u00f4sob prenosu nezaru\u010duje infekciu; dokonca aj pri priamom kontakte sa u niektor\u00fdch ma\u010diek nemusia objavi\u0165 \u017eiadne pr\u00edznaky v d\u00f4sledku ich genetickej v\u00fdbavy alebo stavu imunitn\u00e9ho syst\u00e9mu, ktor\u00fd im poskytuje odolnos\u0165 vo\u010di nemu.<\/p>\n<h3>Nepriamy kontakt:<\/h3>\n<p>V\u00edrus sa m\u00f4\u017ee pren\u00e1\u0161a\u0165 aj nepriamo prostredn\u00edctvom kontaminovan\u00fdch predmetov a prostredia. V\u00edrus m\u00f4\u017ee za vhodn\u00fdch podmienok pre\u017ei\u0165 v prostred\u00ed nieko\u013eko t\u00fd\u017ed\u0148ov. To znamen\u00e1, \u017ee aj ke\u010f ma\u010dka nemala priamy kontakt s infikovanou ma\u010dkou, m\u00f4\u017ee sa nakazi\u0165, ak pr\u00edde do kontaktu s v\u00edrusom z in\u00fdch zdrojov. Ma\u010dky sa m\u00f4\u017eu FIP vystavi\u0165 napr\u00edklad prostredn\u00edctvom podstielky alebo potravinov\u00fdch misiek kontaminovan\u00fdch podstielkou infikovanej ma\u010dky, in\u00fdch ma\u010diek, ktor\u00e9 sa navz\u00e1jom \u0161krab\u00fa a hryz\u00fa si srs\u0165, alebo sa hraj\u00fa na miestach, kde in\u00e1 ma\u010dka odlo\u017eila alebo vyvrhla v\u00fdkaly obsahuj\u00face v\u00edrus. Z tohto d\u00f4vodu je nesmierne d\u00f4le\u017eit\u00e9, aby sa z\u00e1chody, ako s\u00fa z\u00e1chody, pravidelne \u010distili teplou vodou a mydlom (nezabudnite si medzi jednotliv\u00fdmi pou\u017eitiami vymeni\u0165 rukavice), ako aj aby sa \u010dasto menili sav\u00e9 povrchy, ako s\u00fa podstielky a misky na krmivo, ke\u010f sa zne\u010distia. Okrem toho by sa mala zabezpe\u010di\u0165 strava bohat\u00e1 na \u017eiviny a pln\u00e1 antioxidantov, aby sa podporil celkov\u00fd imunitn\u00fd syst\u00e9m ma\u010diek a maximalizovala ich obrana proti infekci\u00e1m, ako je FIP. <\/p>\n<h3>Fek\u00e1lno-or\u00e1lna cesta:<\/h3>\n<p>Ma\u010dky sa m\u00f4\u017eu nakazi\u0165 po\u017eit\u00edm v\u00edrusu, ktor\u00fd sa vylu\u010duje vo v\u00fdkaloch nakazenej ma\u010dky. M\u00f4\u017ee sa to sta\u0165, ke\u010f sa ma\u010dka sama vy\u010des\u00e1va po kontakte s kontaminovan\u00fdm v\u00fdkalom alebo podstielkou. Z tohto d\u00f4vodu by sa v dom\u00e1cnostiach s viacer\u00fdmi ma\u010dkami mala dodr\u017eiava\u0165 mimoriadna opatrnos\u0165, preto\u017ee k\u013e\u00fa\u010dom k zn\u00ed\u017eeniu rizika vystavenia FIP je dobr\u00e1 hygiena. V\u0161etci majitelia by mali v r\u00e1mci svojej ma\u010dacej dom\u00e1cnosti pravidelne vykon\u00e1va\u0165 spr\u00e1vnu hygienu: zabezpe\u010di\u0165 pravideln\u00e9 \u010distenie misiek na krmivo, vyh\u00fdba\u0165 sa spolo\u010dn\u00fdm posteliam a prikr\u00fdvkam medzi ma\u010dkami v dom\u00e1cnosti, ako aj raz t\u00fd\u017edenne dezinfikova\u0165 v\u0161etky povrchy, ku ktor\u00fdm by mohli ma\u0165 potenci\u00e1lny pr\u00edstup; ako s\u00fa stolov\u00e9 dosky, postele, ktor\u00e9 e\u0161te nie s\u00fa vodotesn\u00e9, nedosahuj\u00fa na miesta, kam bud\u00fa odteka\u0165 odpadov\u00e9 vody at\u010f. <\/p>\n<h3>Respira\u010dn\u00e9 kvap\u00f4\u010dky:<\/h3>\n<p>FIP sa v\u0161ak m\u00f4\u017ee \u0161\u00edri\u0165 aj z jednej ma\u010dky na druh\u00fa prostredn\u00edctvom kvap\u00f4\u010dok d\u00fdchac\u00edch ciest, ke\u010f infikovan\u00e1 ma\u010dka k\u00fdchne alebo zaka\u0161le. Hoci prenos virulentnej\u0161ej formy enterick\u00fdch koronav\u00edrusov ma\u010diek (FCoV) d\u00fdchac\u00edmi cestami je menej \u010dast\u00fd ako in\u00e9 sp\u00f4soby prenosu, napr\u00edklad priamy alebo nepriamy kontakt, st\u00e1le je mo\u017en\u00e9, \u017ee <a href=\"\/?page_id=885\" target=\"_blank\" rel=\"noopener\">zdrav\u00e1 ma\u010dka<\/a> vd\u00fdchne v\u00edrus, ak je dostato\u010dne bl\u00edzko infikovan\u00e9ho zviera\u0165a, ke\u010f uvo\u013e\u0148uje tieto infek\u010dn\u00e9 \u010dastice. <\/p>\n<p>&nbsp;<\/p>\n<h2>Rizikov\u00e9 faktory FIP:<\/h2>\n<p>Ma\u010dky mlad\u0161ie ako dva roky, star\u0161ie ako desa\u0165 rokov, \u010distokrvn\u00e9 alebo z chovn\u00fdch stan\u00edc, \u017eij\u00face v preplnenom prostred\u00ed a ma\u010dky s oslaben\u00fdm imunitn\u00fdm syst\u00e9mom m\u00f4\u017eu by\u0165 viac ohrozen\u00e9 rizikom vzniku FIP.<\/p>\n<h3>Vek: FIP sa \u010dastej\u0161ie vyskytuje u ma\u010diek mlad\u0161\u00edch ako 2 roky a star\u0161\u00edch ako 10 rokov.<br \/>\nZd\u00e1 sa, \u017ee ma\u010diatka a star\u0161ie ma\u010dky s\u00fa vystaven\u00e9 vy\u0161\u0161iemu riziku. <\/h3>\n<p>Mlad\u0161ie ma\u010dky a star\u0161ie ma\u010dky maj\u00fa \u010dasto nezrel\u00fd alebo oslaben\u00fd imunitn\u00fd syst\u00e9m, ktor\u00fd ich m\u00f4\u017ee vystavi\u0165 v\u00e4\u010d\u0161iemu riziku vzniku FIP. Tieto vekov\u00e9 skupiny b\u00fdvaj\u00fa tie\u017e \u010dastej\u0161ie vystaven\u00e9 ma\u010daciemu koronav\u00edrusu, preto\u017ee m\u00f4\u017eu \u017ei\u0165 v interi\u00e9ri s in\u00fdmi ma\u010dkami, chodi\u0165 von za dobrodru\u017estvom alebo prich\u00e1dza\u0165 do kontaktu s in\u00fdmi ma\u010dkami v \u00fatulkoch alebo chovn\u00fdch staniciach. <\/p>\n<h3>Plemeno: Niektor\u00e9 plemen\u00e1, napr\u00edklad \u010distokrvn\u00e9 ma\u010dky alebo ma\u010dky z chovn\u00fdch stan\u00edc, m\u00f4\u017eu by\u0165 vystaven\u00e9 vy\u0161\u0161iemu riziku FIP.<\/h3>\n<p>Ma\u010dky z chovn\u00fdch stan\u00edc alebo \u010distokrvn\u00fdch l\u00edni\u00ed m\u00f4\u017eu by\u0165 obzvl\u00e1\u0161\u0165 n\u00e1chyln\u00e9 na vznik FIP. Abes\u00ednske, beng\u00e1lske, birmansk\u00e9, himal\u00e1jske, ragdollsk\u00e9 a rexovit\u00e9 ma\u010dky maj\u00fa v porovnan\u00ed s ostatn\u00fdmi ma\u010dkami v\u00fdrazne vy\u0161\u0161ie riziko ochorenia. Zistilo sa, \u017ee aj in\u00e9 plemen\u00e1 ma\u010diek vr\u00e1tane barmsk\u00fdch, exotick\u00fdch kr\u00e1tkosrst\u00fdch, manxov, perzsk\u00fdch a rusk\u00fdch modr\u00fdch s\u00fa n\u00e1chylnej\u0161ie na FIP v d\u00f4sledku genetiky a ich v\u00e4\u010d\u0161ieho vystavenia v chovn\u00fdch programoch. Predpoklad\u00e1 sa, \u017ee ur\u010dit\u00e9 genetick\u00e9 faktory spojen\u00e9 s perzsk\u00fdmi ma\u010dkami (a s nimi spojen\u00fdmi plemenami) sp\u00f4sobuj\u00fa, \u017ee s\u00fa o nie\u010do menej schopn\u00e9 ako in\u00e9 druhy ma\u010diek kontrolova\u0165 v\u00edrus, ktor\u00fd sp\u00f4sobuje FIP, a preto s\u00fa n\u00e1chylnej\u0161ie na infekciu, ak sa s n\u00edm dostan\u00fa do kontaktu. Existuj\u00fa d\u00f4kazy, ktor\u00e9 nazna\u010duj\u00fa, \u017ee perzsk\u00e9 ma\u010dky s\u00fa nosite\u013ekami &#8222;predispozi\u010dn\u00fdch alel&#8220; pre tento stav, \u010do ich rob\u00ed zranite\u013en\u00fdmi, ke\u010f s\u00fa vystaven\u00e9 v\u00edrusu, ktor\u00fd sp\u00f4sobuje FIP, \u010do znamen\u00e1, \u017ee majitelia t\u00fdchto orientovan\u00fdch plemien musia prija\u0165 opatrenia na zabezpe\u010denie lep\u0161ej ochrany proti jeho \u0161\u00edreniu medzi \u010dlenmi v r\u00e1mci dom\u00e1cnost\u00ed s viacer\u00fdmi ma\u010dkami. <\/p>\n<h3>Preplnen\u00e9 \u017eivotn\u00e9 podmienky:<\/h3>\n<p>Ma\u010dky, ktor\u00e9 \u017eij\u00fa v preplnen\u00fdch alebo stresuj\u00facich podmienkach, maj\u00fa v\u00e4\u010d\u0161ie riziko kontaktu s ma\u010dac\u00edm koronav\u00edrusom, \u010do m\u00f4\u017ee vies\u0165 k infekcii a n\u00e1sledn\u00e9mu rozvoju FIP. Medzi rizikov\u00e9 faktory s\u00favisiace so \u017eivotom v preplnen\u00fdch podmienkach patr\u00ed bl\u00edzkos\u0165 in\u00fdch ma\u010diek, spolo\u010dn\u00e9 zdroje (ako s\u00fa misky na jedlo, z\u00e1chody a postele) a oslaben\u00fd imunitn\u00fd syst\u00e9m v d\u00f4sledku stresu. D\u00f4le\u017eit\u00fdm faktorom prenosu je najm\u00e4 kontakt s in\u00fdmi ma\u010dkami, preto\u017ee infikovan\u00e9 ma\u010dky vylu\u010duj\u00fa v\u00edrus do svojich sl\u00edn alebo v\u00fdkalov. \u00dazky kontakt medzi ma\u010dkami umo\u017e\u0148uje \u013eah\u0161ie \u0161\u00edrenie v\u00edrusu. V dom\u00e1cnostiach s viacer\u00fdmi ma\u010dkami a v \u00fatulkoch je d\u00f4le\u017eit\u00e9 zn\u00ed\u017ei\u0165 pravdepodobnos\u0165 prenosu presadzovan\u00edm spr\u00e1vnych hygienick\u00fdch postupov, ako je dezinfekcia povrchov \u010distiacim prostriedkom pre dom\u00e1cnos\u0165 a pravideln\u00e9 um\u00fdvanie r\u00fak medzi hladkan\u00edm r\u00f4znych ma\u010diek.<\/p>\n<h3>Genetika:<\/h3>\n<p>Niektor\u00e9 ma\u010dky m\u00f4\u017eu ma\u0165 genetick\u00fa predispoz\u00edciu, ktor\u00e1 ich rob\u00ed n\u00e1chylnej\u0161\u00edmi na vznik FIP. M\u00f4\u017ee to s\u00favisie\u0165 s ich imunitn\u00fdm syst\u00e9mom alebo schopnos\u0165ou kontrolova\u0165 ma\u010dac\u00ed koronav\u00edrus. Genetick\u00e1 v\u00fdbava ma\u010dky ju m\u00f4\u017ee urobi\u0165 zranite\u013enej\u0161ou vo\u010di infekcii bu\u010f t\u00fdm, \u017ee nedok\u00e1\u017ee rozpozna\u0165 a br\u00e1ni\u0165 sa napadnutiu v\u00edrusov\u00fdmi \u010dasticami, alebo t\u00fdm, \u017ee jej bunkov\u00e9 membr\u00e1ny s\u00fa menej odoln\u00e9 vo\u010di v\u00edrusu. M\u00f4\u017eu tie\u017e sp\u00f4sobi\u0165, \u017ee ur\u010dit\u00e9 bunky ma\u010diek bud\u00fa n\u00e1chyln\u00e9 na imunitn\u00fa reakciu, ktor\u00e1 vyvol\u00e1 z\u00e1pal ved\u00faci k \u010fal\u0161iemu po\u0161kodeniu tkaniva. Okrem toho niektor\u00e9 ma\u010dky m\u00f4\u017eu ma\u0165 nedostato\u010dn\u00fa schopnos\u0165 kontrolova\u0165 replik\u00e1ciu nebezpe\u010dn\u00e9ho kme\u0148a ma\u010dacieho koronav\u00edrusu spojen\u00e9ho s FIP, \u010d\u00edm sa zvy\u0161uje ich n\u00e1chylnos\u0165 na vznik tohto ochorenia. <\/p>\n<h3>Stres:<\/h3>\n<p>Stres negat\u00edvne ovplyv\u0148uje imunitn\u00fd syst\u00e9m ma\u010diek a zni\u017euje ich schopnos\u0165 bojova\u0165 proti infekci\u00e1m. Ma\u010dky m\u00f4\u017eu by\u0165 v strese, ke\u010f sa u nich vyskytne ak\u00e1ko\u013evek v\u00fdznamn\u00e1 zmena prostredia alebo rutiny &#8211; napr\u00edklad pri s\u0165ahovan\u00ed alebo zozn\u00e1men\u00ed sa s nov\u00fdm dom\u00e1cim zviera\u0165om. Ke\u010f je ma\u010dka vystaven\u00e1 stresorom, jej telo uvo\u013e\u0148uje horm\u00f3ny, ktor\u00e9 potl\u00e1\u010daj\u00fa produkciu a funkciu ur\u010dit\u00fdch imunitn\u00fdch buniek. To sp\u00f4sobuje zn\u00ed\u017eenie celkovej v\u00fdkonnosti imunitn\u00e9ho syst\u00e9mu ma\u010dky, \u010d\u00edm sa st\u00e1va n\u00e1chylnej\u0161ou nielen na FIP, ale aj na in\u00e9 ochorenia alebo choroby, napr\u00edklad sp\u00f4soben\u00e9 parazitmi a bakt\u00e9riami. Je d\u00f4le\u017eit\u00e9, aby si majitelia ma\u010diek uvedomovali, ako m\u00f4\u017ee stres ohrozi\u0165 imunitu ma\u010dky, a aby podnikli kroky na zmiernenie jeho \u00fa\u010dinkov, ak je to mo\u017en\u00e9. Ak napr\u00edklad zav\u00e1dzate do dom\u00e1ceho prostredia nov\u00e9 dom\u00e1ce zviera alebo \u010dlena rodiny, je najlep\u0161ie, ak tak rob\u00edte postupne &#8211; aby ste svojim existuj\u00facim zvierat\u00e1m poskytli \u010das na pomal\u00e9 prisp\u00f4sobenie bez toho, aby ste ich vystavovali pr\u00edli\u0161n\u00e9mu tlaku. <\/p>\n<h3>Stav imunitn\u00e9ho syst\u00e9mu:<\/h3>\n<p>FeLV a FIV s\u00fa v\u00edrusov\u00e9 infekcie, ktor\u00e9 postihuj\u00fa ma\u010dky a ktor\u00e9 nap\u00e1daj\u00fa ich imunitn\u00fd syst\u00e9m. V d\u00f4sledku toho maj\u00fa ma\u010dky s oslaben\u00fdm imunitn\u00fdm syst\u00e9mom v d\u00f4sledku niektor\u00e9ho z t\u00fdchto v\u00edrusov \u010dasto probl\u00e9my bojova\u0165 s in\u00fdmi chorobami alebo ochoreniami vr\u00e1tane FIP. Ma\u010dky so z\u00e1kladn\u00fdmi ochoreniami, ako je FeLV alebo FIV, m\u00f4\u017eu by\u0165 menej schopn\u00e9 \u00fa\u010dinne reagova\u0165 na koronav\u00edrusov\u00fa infekciu, ke\u010f s\u00fa jej vystaven\u00e9, a je pravdepodobnej\u0161ie, \u017ee pod\u013eahn\u00fa rozvoju ochorenia. Podvy\u017eiven\u00e9 ma\u010dky s\u00fa tie\u017e n\u00e1chyln\u00e9 na vznik FIP. <\/p>\n<h2>Sp\u00f4soby prevencie FIP<\/h2>\n<p>Majitelia ma\u010diek m\u00f4\u017eu zn\u00ed\u017ei\u0165 riziko <a href=\"\/?page_id=891\" target=\"_blank\" rel=\"noopener\">n\u00e1kazy FIP t\u00fdm, \u017ee bud\u00fa pravidelne o\u010dkova\u0165 svoje ma\u010dky<\/a>, podporova\u0165 <a href=\"\/?page_id=891\" target=\"_blank\" rel=\"noopener\">ich<\/a> zdrav\u00fd imunitn\u00fd syst\u00e9m a dodr\u017eiava\u0165 spr\u00e1vne hygienick\u00e9 a sanita\u010dn\u00e9 opatrenia.<\/p>\n<h3>O\u010dkovanie<\/h3>\n<p>O\u010dkovanie je jedn\u00fdm z hlavn\u00fdch sp\u00f4sobov, ako zn\u00ed\u017ei\u0165 riziko vzniku FIP u ma\u010dky. K dispoz\u00edcii s\u00fa vakc\u00edny, ktor\u00e9 pom\u00e1haj\u00fa chr\u00e1ni\u0165 pred ma\u010dac\u00edm koronav\u00edrusom (FCoV), ktor\u00fd m\u00f4\u017ee u ma\u010diek sp\u00f4sobi\u0165 FIP. Tieto vakc\u00edny nemusia by\u0165 \u00faplne \u00fa\u010dinn\u00e9 pri prevencii infekcie, ale m\u00f4\u017eu zn\u00ed\u017ei\u0165 pravdepodobnos\u0165, \u017ee sa u vystavenej ma\u010dky vyvinie klinick\u00e9 ochorenie a z\u00e1va\u017en\u00e9 pr\u00edznaky spojen\u00e9 s FIP. Je d\u00f4le\u017eit\u00e9 poznamena\u0165, \u017ee niektor\u00e9 ma\u010dky u\u017e m\u00f4\u017eu ma\u0165 protil\u00e1tky z predch\u00e1dzaj\u00facej expoz\u00edcie a je pravdepodobnej\u0161ie, \u017ee bud\u00fa odoln\u00e9 vo\u010di o\u010dkovaniu; av\u0161ak ma\u010dky s\u00e9ronegat\u00edvne na FCoV v \u010dase o\u010dkovania sa javia ako ove\u013ea menej pravdepodobn\u00e9, \u017ee sa u nich vyskytn\u00fa alebo prejavia v\u00fdznamn\u00e9 pr\u00edznaky, ak sa nakazia nesk\u00f4r. <\/p>\n<h3>Podpora zdrav\u00e9ho imunitn\u00e9ho syst\u00e9mu<\/h3>\n<p>Udr\u017eiavanie zdrav\u00e9ho imunitn\u00e9ho syst\u00e9mu ma\u010dky m\u00f4\u017ee pom\u00f4c\u0165 predch\u00e1dza\u0165 FIP. Spr\u00e1vna v\u00fd\u017eiva je nevyhnutn\u00e1 na podporu dobr\u00e9ho zdravia a siln\u00e9ho imunitn\u00e9ho syst\u00e9mu. Ma\u010dky by mali by\u0165 k\u0155men\u00e9 kvalitnou, druhovo vhodnou stravou, ktor\u00e1 neobsahuje plnidl\u00e1 a ved\u013eaj\u0161ie produkty. Obmedzenie mno\u017estva such\u00e9ho krmiva v ich strave m\u00f4\u017ee tie\u017e pom\u00f4c\u0165 zn\u00ed\u017ei\u0165 z\u00e1pal sp\u00f4soben\u00fd sacharidmi v strave, ako aj in\u00e9 ochorenia spojen\u00e9 s nespr\u00e1vnou v\u00fd\u017eivou, ako s\u00fa obezita, cukrovka a infekcie mo\u010dov\u00fdch ciest (IMC). Pravideln\u00e9 lek\u00e1rske prehliadky u veterin\u00e1rneho lek\u00e1ra m\u00f4\u017eu zabezpe\u010di\u0165, \u017ee va\u0161e zviera zostane zdrav\u00e9 a ak\u00e9ko\u013evek zdravotn\u00e9 probl\u00e9my sa odhalia v\u010das. Pravideln\u00e9 o\u010dkovanie proti be\u017en\u00fdm ma\u010dac\u00edm chorob\u00e1m, ako je psinka a besnota, tie\u017e minimalizuje riziko infekcie spojenej s t\u00fdmito chorobami. Ak ma\u010dky \u017eij\u00fa v prostred\u00ed, ktor\u00e9 je n\u00e1chyln\u00e9 na stres alebo pre\u013eudnenie &#8211; napr\u00edklad v dom\u00e1cnostiach s viacer\u00fdmi ma\u010dkami alebo v \u00fatulkoch a z\u00e1chrann\u00fdch zariadeniach &#8211; m\u00f4\u017ee by\u0165 prospe\u0161n\u00e9 sk\u00fasi\u0165 zabezpe\u010di\u0165 hra\u010dky a \u0161krabadl\u00e1 na obohatenie \u017eivota spolu s dostato\u010dn\u00fdm priestorom medzi jednotliv\u00fdmi zvieratami.  <\/p>\n<h3>Hygienick\u00e9 a hygienick\u00e9 opatrenia<\/h3>\n<p>Je d\u00f4le\u017eit\u00e9, aby majitelia ma\u010diek venovali osobitn\u00fa pozornos\u0165 uplat\u0148ovaniu hygienick\u00fdch a sanit\u00e1rnych opatren\u00ed v okol\u00ed svojich ma\u010diek s cie\u013eom zn\u00ed\u017ei\u0165 riziko FIP. Pravideln\u00e9 \u010distenie podstielky, misiek na vodu a jedlo, podstielky, povrchov, hra\u010diek a nosi\u010dov pom\u00f4\u017ee minimalizova\u0165 kontakt s v\u00edrusom. Pravideln\u00e9 um\u00fdvanie r\u00fak po manipul\u00e1cii s potenci\u00e1lne kontaminovan\u00fdmi predmetmi tie\u017e zn\u00ed\u017ei mo\u017enos\u0165 prenosu. V dom\u00e1cnostiach s viacer\u00fdmi zvieratami alebo v \u00fatulkoch m\u00f4\u017ee by\u0165 prospe\u0161n\u00e9, ak sa oddelia priestory, ktor\u00e9 pou\u017e\u00edvaj\u00fa len jednotliv\u00e9 ma\u010dky, aby sa zabr\u00e1nilo kr\u00ed\u017eovej kontamin\u00e1cii. Pri starostlivosti o chor\u00fa ma\u010dku uprednost\u0148ujte jednorazov\u00e9 rukavice po\u010das v\u0161etk\u00fdch interakci\u00ed a\u017e do ukon\u010denia lie\u010dby. Udr\u017eiavanie t\u00fdchto priestorov v \u010distote od v\u00fdkalov a in\u00fdch ne\u010dist\u00f4t, ako aj poskytovanie v\u00fdberu \u010derstv\u00e9ho krmiva m\u00f4\u017ee \u010falej zn\u00ed\u017ei\u0165 \u0161\u00edrenie infekcie z jedn\u00e9ho dom\u00e1ceho zviera\u0165a na druh\u00e9. <\/p>\n<h2>Z\u00e1ver<\/h2>\n<p>Ma\u010dacia infek\u010dn\u00e1 peritonit\u00edda (FIP) je z\u00e1va\u017en\u00e9 v\u00edrusov\u00e9 ochorenie, ktor\u00e9 sa u ma\u010diek ned\u00e1 vylie\u010di\u0165. FIP je typicky sp\u00f4soben\u00e1 zmutovan\u00fdm kme\u0148om ma\u010dacieho koronav\u00edrusu, je \u010dasto smrte\u013en\u00e1 a m\u00f4\u017ee postihn\u00fa\u0165 ma\u010dky ak\u00e9hoko\u013evek veku alebo plemena. Aby ste zn\u00ed\u017eili riziko vzniku tohto vy\u010derp\u00e1vaj\u00faceho v\u00edrusu u va\u0161ej ma\u010dky, odpor\u00fa\u010da sa o\u010dkovanie, ako aj prijatie opatren\u00ed na podporu zdrav\u00e9ho imunitn\u00e9ho syst\u00e9mu a dodr\u017eiavanie spr\u00e1vnej hygieny a sanit\u00e1cie. V kone\u010dnom d\u00f4sledku je d\u00f4le\u017eit\u00e9 uvedomi\u0165 si, \u017ee hoci FIP mo\u017eno nikdy \u00faplne nevym\u00fdtime, dodr\u017eiavanie spr\u00e1vnych prevent\u00edvnych opatren\u00ed m\u00f4\u017ee pom\u00f4c\u0165 ochr\u00e1ni\u0165 va\u0161u ma\u010dku pred infekciou &#8211; zachr\u00e1ni\u0165 ju pred utrpen\u00edm a pr\u00edpadne u\u0161etri\u0165 jej \u017eivot.<\/p>\n","protected":false},"excerpt":{"rendered":"<p>Ako ma\u010dky dostan\u00fa FIP? Ma\u010dac\u00ed koronav\u00edrus (FCoV) je hlavnou pr\u00ed\u010dinou FIP u ma\u010diek, hoci s\u00fa mo\u017en\u00e9 aj in\u00e9 sp\u00f4soby prenosu. Ma\u010dac\u00ed koronav\u00edrus (FCoV) Ma\u010dac\u00ed koronav\u00edrus (FCoV) je be\u017en\u00e1 v\u00edrusov\u00e1 infekcia ma\u010diek, ktor\u00e1 zvy\u010dajne nesp\u00f4sobuje \u017eiadne pr\u00edznaky alebo m\u00f4\u017ee by\u0165 spojen\u00e1 len s miernou hna\u010dkou. Je vysoko n\u00e1kazliv\u00e1 a m\u00f4\u017ee sa \u0161\u00edri\u0165 priamym kontaktom, nepriamym kontaktom [&hellip;]<\/p>\n","protected":false},"author":1,"featured_media":28630,"parent":0,"menu_order":0,"comment_status":"closed","ping_status":"closed","template":"","meta":{"_glsr_average":0,"_glsr_ranking":0,"_glsr_reviews":0,"footnotes":""},"categories":[1169],"tags":[],"_links":{"self":[{"href":"https:\/\/fipmed.co\/sk\/wp-json\/wp\/v2\/pages\/28629"}],"collection":[{"href":"https:\/\/fipmed.co\/sk\/wp-json\/wp\/v2\/pages"}],"about":[{"href":"https:\/\/fipmed.co\/sk\/wp-json\/wp\/v2\/types\/page"}],"author":[{"embeddable":true,"href":"https:\/\/fipmed.co\/sk\/wp-json\/wp\/v2\/users\/1"}],"replies":[{"embeddable":true,"href":"https:\/\/fipmed.co\/sk\/wp-json\/wp\/v2\/comments?post=28629"}],"version-history":[{"count":0,"href":"https:\/\/fipmed.co\/sk\/wp-json\/wp\/v2\/pages\/28629\/revisions"}],"wp:featuredmedia":[{"embeddable":true,"href":"https:\/\/fipmed.co\/sk\/wp-json\/wp\/v2\/media\/28630"}],"wp:attachment":[{"href":"https:\/\/fipmed.co\/sk\/wp-json\/wp\/v2\/media?parent=28629"}],"wp:term":[{"taxonomy":"category","embeddable":true,"href":"https:\/\/fipmed.co\/sk\/wp-json\/wp\/v2\/categories?post=28629"},{"taxonomy":"post_tag","embeddable":true,"href":"https:\/\/fipmed.co\/sk\/wp-json\/wp\/v2\/tags?post=28629"}],"curies":[{"name":"wp","href":"https:\/\/api.w.org\/{rel}","templated":true}]}}