{"id":28640,"date":"2022-12-02T07:50:40","date_gmt":"2022-12-02T07:50:40","guid":{"rendered":"https:\/\/fipmed.co\/nutritional-supplements-for-cats-with-fip\/"},"modified":"2022-12-02T07:50:40","modified_gmt":"2022-12-02T07:50:40","slug":"nutritional-supplements-for-cats-with-fip","status":"publish","type":"page","link":"https:\/\/fipmed.co\/sk\/nutritional-supplements-for-cats-with-fip\/","title":{"rendered":"V\u00fd\u017eivov\u00e9 doplnky pre ma\u010dky s FIP"},"content":{"rendered":"<p>Po\u010das <a href=\"https:\/\/fipmed.co\/fip-treatment\/\" target=\"_blank\" rel=\"noopener\">lie\u010dby FIP<\/a> sa odpor\u00fa\u010da pod\u00e1va\u0165 ma\u010dke vitam\u00edny a doplnky, aby sa udr\u017eali jej obli\u010dky a pe\u010de\u0148 zdrav\u00e9 a siln\u00e9. Zdrav\u00e9 vn\u00fatorn\u00e9 org\u00e1ny zvy\u0161uj\u00fa schopnos\u0165 tela odol\u00e1va\u0165 infekci\u00e1m a zotavi\u0165 sa z choroby. V s\u00fa\u010dasnosti nie s\u00fa zn\u00e1me \u017eiadne ne\u017eiaduce ved\u013eaj\u0161ie \u00fa\u010dinky, ke\u010f sa vitam\u00edny a v\u00fd\u017eivov\u00e9 doplnky pre ma\u010dky pod\u00e1vaj\u00fa spolu s liekom GS-441524 po\u010das lie\u010dby FIP.  <\/p>\n<h2><strong>Vitam\u00edny pre ma\u010dky<\/strong><\/h2>\n<p><a href=\"\/?page_id=907\" target=\"_blank\" rel=\"noopener\">Vitam\u00edn B12<\/a>: Subkut\u00e1nne injekcie B12, ktor\u00e9 s\u00fa mimoriadne bezpe\u010dn\u00e9, sa m\u00f4\u017eu ma\u010dk\u00e1m pod\u00e1va\u0165 ka\u017ed\u00fd t\u00fd\u017ede\u0148, aby pomohli v boji proti an\u00e9mii a podporili imunitn\u00fd syst\u00e9m. Pomocou pr\u00edpravku Pet Tinic alebo porovnate\u013en\u00e9ho pr\u00edpravku mo\u017eno vitam\u00edn pod\u00e1va\u0165 denne. B12 sa zvy\u010dajne nach\u00e1dza v potravin\u00e1ch \u017eivo\u010d\u00ed\u0161neho p\u00f4vodu, ako je m\u00e4so, ryby, vajcia a pe\u010de\u0148. Ma\u010dka s <a href=\"\/?page_id=14932\" target=\"_blank\" rel=\"noopener\">FIP<\/a> v\u0161ak r\u00fdchlo vy\u010derp\u00e1 svoje z\u00e1soby a je potrebn\u00e9 ich doplni\u0165. Vitam\u00edn B12 pom\u00e1ha pri tvorbe a udr\u017eiavan\u00ed \u010derven\u00fdch krviniek.<\/p>\n<ul>\n<li>B12 zachov\u00e1va zdravie neurologick\u00e9ho syst\u00e9mu (nervov\u00e9 bunky a norm\u00e1lnu myeliniz\u00e1ciu &#8211; tukov\u00e9 obaly, ktor\u00e9 pokr\u00fdvaj\u00fa a chr\u00e1nia nervov\u00e9 zakon\u010denia). Pre nervov\u00e9 a kognit\u00edvne procesy m\u00e1 z\u00e1sadn\u00fd v\u00fdznam. <\/li>\n<li>B12 udr\u017eiava zdravie \u010driev, aby sa zabezpe\u010dilo primeran\u00e9 tr\u00e1venie a vstreb\u00e1vanie potravy, ako aj metabolizmus tukov a sacharidov.<\/li>\n<\/ul>\n<h2><strong>V\u00fd\u017eivov\u00e9 doplnky pre ma\u010dky s FIP<\/strong><\/h2>\n<p><strong>Gabapent\u00edn<\/strong>: Mierne analgetikum, ktor\u00e9 sa m\u00f4\u017ee u\u017e\u00edva\u0165 peror\u00e1lne 60 a\u017e 90 min\u00fat pred injekciami. Pri spr\u00e1vnom podan\u00ed len do\u010dasne zmierni nepr\u00edjemn\u00fd pocit z injekcie bez toho, aby sa va\u0161a ma\u010dka c\u00edtila ospal\u00e1 alebo utlmen\u00e1. <strong>Lidoka\u00ednov\u00fd kr\u00e9m<\/strong>: Ten sa m\u00f4\u017ee ma\u010dke natrie\u0165 na ko\u017eu 30 min\u00fat pred injekciou GS441, aby sa zmiernilo p\u00e1lenie. Pou\u017e\u00edvajte len kr\u00e9m zbaven\u00fd aloe, preto\u017ee ma\u010dky s\u00fa pre aloe extr\u00e9mne toxick\u00e9. <strong>K\u00f4ra z brestu klzk\u00e9ho<\/strong>: Sirup z k\u00f4ry brestu klzk\u00e9ho je \u00faplne pr\u00edrodn\u00fd liek na nevo\u013enos\u0165, zvracanie a in\u00e9 stavy. <strong>Denamar\u00edn<\/strong>: Doplnok stravy Denamar\u00edn v tablet\u00e1ch pre ma\u010dky zvy\u0161uje hladinu antioxidantov v pe\u010deni. <strong>Silymar\u00edn (Pestrec mari\u00e1nsky):<\/strong> Tento pr\u00edrodn\u00fd doplnok, ktor\u00fd je zn\u00e1my svojou schopnos\u0165ou posil\u0148ova\u0165 a chr\u00e1ni\u0165 pe\u010de\u0148, pou\u017e\u00edvajte na zlep\u0161enie zdravia pe\u010dene va\u0161ej ma\u010dky. <\/p>\n<p><u>Pri lie\u010dbe FIP pomocou GS411 sa odpor\u00fa\u010da pod\u00e1va\u0165 ma\u010dke denamar\u00edn alebo silymar\u00edn, aby sa maxim\u00e1lne podporila pe\u010de\u0148.<\/u><\/p>\n<h2><strong>Nepod\u00e1vajte L-lyz\u00edn ma\u010dk\u00e1m s FIP<\/strong><\/h2>\n<p>Hoci sa L-lyz\u00edn \u010dasto pou\u017e\u00edva na lie\u010dbu ma\u010dacieho herpesv\u00edrusu a ako prostriedok na posilnenie imunitn\u00e9ho syst\u00e9mu, nov\u00fd v\u00fdskum uk\u00e1zal, \u017ee nem\u00e1 \u017eiadne jednozna\u010dn\u00e9 v\u00fdhody. Okrem toho by ma\u010dky FCoV+, ma\u010dky s rizikom vzniku FIP a ma\u010dky s FIP nemali u\u017e\u00edva\u0165 L-lyz\u00edn. <\/p>\n<h2><strong>Moducare a imunitn\u00fd syst\u00e9m<\/strong><\/h2>\n<p>K\u013e\u00fa\u010dom k \u00faspechu je imunita. Najlep\u0161ou ochranou proti akejko\u013evek chorobe je siln\u00fd imunitn\u00fd syst\u00e9m. Je ve\u013emi d\u00f4le\u017eit\u00e9 vybudova\u0165 si a udr\u017eiava\u0165 siln\u00fd imunitn\u00fd syst\u00e9m. V pr\u00edpade potreby Moducare pom\u00e1ha pri \u00faprave reakcie imunitn\u00e9ho syst\u00e9mu.   <\/p>\n<h2><strong>V\u00fd\u017eiva ma\u010dky s FIP<\/strong><\/h2>\n<p>K\u0155mte ma\u010dky s FIP nieko\u013ek\u00fdmi sardinkami, lososom, sardinkami alebo in\u00fdmi rybami bohat\u00fdmi na omega-3. Zv\u00fd\u0161te pr\u00edjem protiz\u00e1palov\u00fdch omega 3 mastn\u00fdch kysel\u00edn v potrave ma\u010dky. Prav\u00e9 ryby s\u00fa dostupn\u00e9 v konzerv\u00e1ch od spolo\u010dnost\u00ed Applaws a Almo Nature. D\u00e1vajte v\u0161ak pozor na mo\u017enos\u0165 hypervitamin\u00f3zy A (nadmern\u00e9 ukladanie kost\u00ed v k\u013aboch) a po 6 t\u00fd\u017ed\u0148och sa na situ\u00e1ciu znovu pozrite, ak k\u0155mite pr\u00edli\u0161 ve\u013ea prav\u00fdch r\u00fdb. Nezabudnite opatrovate\u013eovi ma\u010dky poskytn\u00fa\u0165 n\u00e1vod, ako postupne v priebehu nieko\u013ek\u00fdch t\u00fd\u017ed\u0148ov meni\u0165 krmivo; inak bude ma\u010dka nov\u00e9 krmivo nieko\u013eko dn\u00ed hlta\u0165, k\u00fdm sa jej z neho znechut\u00ed a u\u017e sa ho nikdy nedotkne! Pod\u00e1vanie nov\u00e9ho krmiva po\u010das jedn\u00e9ho jedla, n\u00e1vrat k be\u017enej strave ma\u010dky po\u010das nieko\u013ek\u00fdch nasleduj\u00facich jed\u00e1l, potom op\u00e4tovn\u00e9 pon\u00faknutie mal\u00e9ho mno\u017estva nov\u00e9ho krmiva a tak \u010falej, postupn\u00e9 zvy\u0161ovanie frekvencie pod\u00e1vania nov\u00e9ho krmiva, a\u017e sa pod\u00e1vanie in\u00e9ho krmiva pri ka\u017edom jedle stane pre ma\u010dku rutinou. \u00da\u010dinn\u00e9 zavedenie nov\u00fdch jed\u00e1l potrv\u00e1 najmenej mesiac. Surov\u00e1 strava, napr\u00edklad surov\u00e9 hov\u00e4dzie m\u00e4so, je tie\u017e pln\u00e1 \u017eiv\u00edn, ktor\u00e9 ma\u010dka potrebuje. Surov\u00e9 m\u00e4so (najlep\u0161ie hov\u00e4dzie) pod\u00e1vajte pri ka\u017edom jedle. Obsahuje ve\u013ea protiz\u00e1palov\u00fdch vlastnost\u00ed a posil\u0148uje imunitn\u00fd syst\u00e9m va\u0161ej ma\u010dky  <\/p>\n<h2><strong>Extra VITAM\u00cdNY, ktor\u00e9 sa m\u00f4\u017eu pod\u00e1va\u0165 ma\u010dke s FIP<\/strong><\/h2>\n<p><strong>Vitam\u00edn A (volite\u013en\u00e9)  <\/strong><\/p>\n<p>Vitam\u00edn A je antioxidant. Dop\u013a\u0148anie vitam\u00ednu A nie je potrebn\u00e9 pre ma\u010dky, ktor\u00e9 \u010dasto dost\u00e1vaj\u00fa skuto\u010dn\u00e9 rybie krmivo. Ma\u010dky nedok\u00e1\u017eu metabolizova\u0165 beta-karot\u00e9n, preto sa im mus\u00ed pod\u00e1va\u0165 vitam\u00edn A vo forme r\u00fdb alebo rybieho oleja, napr\u00edklad oleja z pe\u010dene halibuta. Uprednost\u0148uje sa zaradenie skuto\u010dn\u00fdch r\u00fdb do stravy namiesto samotn\u00fdch doplnkov. Hypervitamin\u00f3za A v\u0161ak sp\u00f4sob\u00ed nadmern\u00e9 ukladanie kost\u00ed v k\u013aboch, preto sa vyh\u00fdbajte jeho s\u00fastavn\u00e9mu u\u017e\u00edvaniu dlh\u0161iemu ako 4 &#8211; 6 t\u00fd\u017ed\u0148ov.    <\/p>\n<p><strong>Komplex vitam\u00ednu B (volite\u013en\u00e9)  <\/strong><\/p>\n<p>Multivitam\u00edn B je dobr\u00fdm stimul\u00e1torom chuti do jedla, ktor\u00fd je dostupn\u00fd v lek\u00e1r\u0148ach alebo v obchodoch so zdravou v\u00fd\u017eivou. Tiam\u00edn, vitam\u00edn B1 (volite\u013en\u00fd &#8211; ak nepod\u00e1vate B komplex) pod\u00e1van\u00fd peror\u00e1lne (t. j. \u00fastami alebo v potrave). <\/p>\n<p><strong>Vitam\u00edn C (kyselina askorbov\u00e1) (volite\u013en\u00e9)  <\/strong><\/p>\n<p>Vitam\u00edn C je antioxidant. Vitam\u00edn C by sa mal pou\u017e\u00edva\u0165 len nieko\u013eko t\u00fd\u017ed\u0148ov, preto\u017ee pri dlhodobom u\u017e\u00edvan\u00ed m\u00f4\u017ee vies\u0165 k tvorbe oxal\u00e1tov\u00fdch kry\u0161t\u00e1lov v mo\u010di. D\u00e1vka: 125 miligramov pod\u00e1van\u00fdch peror\u00e1lne alebo prostredn\u00edctvom potravy dvakr\u00e1t denne. Vzh\u013eadom na to v\u0161etko by mali by\u0165 majitelia ma\u010diek otvorenej\u0161\u00ed my\u0161lienke pod\u00e1vania doplnkov svojim ma\u010dk\u00e1m, aby im pomohli v procese lie\u010dby FIP, preto\u017ee tieto r\u00f4zne doplnky m\u00f4\u017eu pom\u00f4c\u0165 zdraviu ich ma\u010diek. Nezabudnite v\u0161ak, \u017ee nie v\u0161etky doplnky s\u00fa \u00faplne bez rizika, preto\u017ee m\u00f4\u017eu ma\u0165 rozdielne v\u00fdsledky v z\u00e1vislosti od d\u00e1vkovania doplnku a individu\u00e1lnej telesnej stavby ma\u010dky.<\/p>\n","protected":false},"excerpt":{"rendered":"<p>Po\u010das lie\u010dby FIP sa odpor\u00fa\u010da pod\u00e1va\u0165 ma\u010dke vitam\u00edny a doplnky, aby sa udr\u017eali jej obli\u010dky a pe\u010de\u0148 zdrav\u00e9 a siln\u00e9. Zdrav\u00e9 vn\u00fatorn\u00e9 org\u00e1ny zvy\u0161uj\u00fa schopnos\u0165 tela odol\u00e1va\u0165 infekci\u00e1m a zotavi\u0165 sa z choroby. V s\u00fa\u010dasnosti nie s\u00fa zn\u00e1me \u017eiadne ne\u017eiaduce ved\u013eaj\u0161ie \u00fa\u010dinky, ke\u010f sa vitam\u00edny a v\u00fd\u017eivov\u00e9 doplnky pre ma\u010dky pod\u00e1vaj\u00fa spolu s liekom GS-441524 [&hellip;]<\/p>\n","protected":false},"author":11,"featured_media":28642,"parent":0,"menu_order":0,"comment_status":"closed","ping_status":"closed","template":"","meta":{"_glsr_average":0,"_glsr_ranking":0,"_glsr_reviews":0,"footnotes":""},"categories":[1169],"tags":[1170,1204],"_links":{"self":[{"href":"https:\/\/fipmed.co\/sk\/wp-json\/wp\/v2\/pages\/28640"}],"collection":[{"href":"https:\/\/fipmed.co\/sk\/wp-json\/wp\/v2\/pages"}],"about":[{"href":"https:\/\/fipmed.co\/sk\/wp-json\/wp\/v2\/types\/page"}],"author":[{"embeddable":true,"href":"https:\/\/fipmed.co\/sk\/wp-json\/wp\/v2\/users\/11"}],"replies":[{"embeddable":true,"href":"https:\/\/fipmed.co\/sk\/wp-json\/wp\/v2\/comments?post=28640"}],"version-history":[{"count":0,"href":"https:\/\/fipmed.co\/sk\/wp-json\/wp\/v2\/pages\/28640\/revisions"}],"wp:featuredmedia":[{"embeddable":true,"href":"https:\/\/fipmed.co\/sk\/wp-json\/wp\/v2\/media\/28642"}],"wp:attachment":[{"href":"https:\/\/fipmed.co\/sk\/wp-json\/wp\/v2\/media?parent=28640"}],"wp:term":[{"taxonomy":"category","embeddable":true,"href":"https:\/\/fipmed.co\/sk\/wp-json\/wp\/v2\/categories?post=28640"},{"taxonomy":"post_tag","embeddable":true,"href":"https:\/\/fipmed.co\/sk\/wp-json\/wp\/v2\/tags?post=28640"}],"curies":[{"name":"wp","href":"https:\/\/api.w.org\/{rel}","templated":true}]}}