{"id":28652,"date":"2022-11-25T09:19:05","date_gmt":"2022-11-25T09:19:05","guid":{"rendered":"https:\/\/fipmed.co\/privacy-policy\/"},"modified":"2025-01-22T06:55:27","modified_gmt":"2025-01-22T06:55:27","slug":"privacy-policy","status":"publish","type":"page","link":"https:\/\/fipmed.co\/sk\/privacy-policy\/","title":{"rendered":"Z\u00e1sady ochrany osobn\u00fdch \u00fadajov"},"content":{"rendered":"\t\t<div data-elementor-type=\"wp-page\" data-elementor-id=\"28652\" class=\"elementor elementor-28652 elementor-3\">\n\t\t\t\t\t\t<section class=\"elementor-section elementor-top-section elementor-element elementor-element-8b2513f elementor-section-boxed elementor-section-height-default elementor-section-height-default\" data-id=\"8b2513f\" data-element_type=\"section\">\n\t\t\t\t\t\t<div class=\"elementor-container elementor-column-gap-default\">\n\t\t\t\t\t<div class=\"elementor-column elementor-col-100 elementor-top-column elementor-element elementor-element-cb4fbe6\" data-id=\"cb4fbe6\" data-element_type=\"column\">\n\t\t\t<div class=\"elementor-widget-wrap elementor-element-populated\">\n\t\t\t\t\t\t<div class=\"elementor-element elementor-element-4603e09 elementor-widget elementor-widget-text-editor\" data-id=\"4603e09\" data-element_type=\"widget\" data-widget_type=\"text-editor.default\">\n\t\t\t\t<div class=\"elementor-widget-container\">\n\t\t\t\t\t\t\t\t\t<p class=\"p1\"><span class=\"s1\">Ochrana osobn\u00fdch \u00fadajov je pre spolo\u010dnos\u0165 FipMed.co ve\u013emi d\u00f4le\u017eit\u00e1 a chceme by\u0165 otvoren\u00ed a transparentn\u00ed pri spracovan\u00ed va\u0161ich osobn\u00fdch \u00fadajov.<br \/>\nZav\u00e4zujeme sa chr\u00e1ni\u0165 s\u00fakromie a bezpe\u010dnos\u0165 na\u0161ich z\u00e1kazn\u00edkov a n\u00e1v\u0161tevn\u00edkov str\u00e1nky. <span class=\"Apple-converted-space\">  <\/span>Preto m\u00e1me z\u00e1sady, ktor\u00e9 stanovuj\u00fa \u00fa\u010del zhroma\u017e\u010fovania va\u0161ich osobn\u00fdch \u00fadajov, ako aj sp\u00f4sob ich spracovania a ochrany.<span class=\"Apple-converted-space\">  <\/span>Budete ma\u0165 tie\u017e mo\u017enos\u0165 monitorova\u0165 proces zhroma\u017e\u010fovania \u00fadajov a riadi\u0165 \u00farove\u0148 komunik\u00e1cie, ktor\u00fa si s nami \u017eel\u00e1te.<\/span><\/p>\n<p class=\"p1\">\n<p class=\"p1\"><span class=\"s1\">&#8211; Va\u0161e \u00fadaje bud\u00fa pou\u017eit\u00e9 len na zlep\u0161enie na\u0161ich slu\u017eieb a va\u0161ich sk\u00fasenost\u00ed s nami.<\/span><\/p>\n<p class=\"p1\"><span class=\"s1\">&#8211; Ochrana va\u0161ich \u00fadajov pred neopr\u00e1vnen\u00fdm pr\u00edstupom je na\u0161ou prioritou \u010d\u00edslo jeden, \u010do zah\u0155\u0148a prevenciu neopr\u00e1vnen\u00e9ho pr\u00edstupu, \u00fapravy alebo zdie\u013eania \u00fadajov.<\/span><\/p>\n<p class=\"p1\"><span class=\"s1\">&#8211; Zav\u00e4zujeme sa oznamova\u0165 v\u0161etky potrebn\u00e9 inform\u00e1cie \u010do najjasnej\u0161ie a najv\u00fdsti\u017enej\u0161ie.<\/span><\/p>\n<p class=\"p1\"><span class=\"s1\">&#8211; M\u00e1te mo\u017enos\u0165 rozhodn\u00fa\u0165 sa, \u010do a ako sa od n\u00e1s dozviete<\/span><\/p>\n<p class=\"p1\"><span class=\"s1\">&#8211; V\u0161etky osobn\u00e9 \u00fadaje, ak nie s\u00fa nevyhnutn\u00e9 pre na\u0161u anal\u00fdzu, sa vyma\u017e\u00fa, aby sa zabr\u00e1nilo ukladaniu nadbyto\u010dn\u00fdch inform\u00e1ci\u00ed v na\u0161om syst\u00e9me.<\/span><\/p>\n<\/p>\n<h3 class=\"p1\"><span class=\"s1\">Pr\u00e1vny z\u00e1klad spracovania<\/span><\/h3>\n<p class=\"p1\"><span class=\"s1\">Va\u0161e osobn\u00e9 \u00fadaje budeme spracov\u00e1va\u0165 z t\u00fdchto d\u00f4vodov:<\/span><\/p>\n<p class=\"p1\"><span class=\"s1\">&#8211; plnenie zml\u00fav, ktor\u00fdch ste zmluvnou stranou<\/span><\/p>\n<p class=\"p1\"><span class=\"s1\">&#8211; Dodr\u017eiavanie na\u0161ich z\u00e1konn\u00fdch povinnost\u00ed<\/span><\/p>\n<p class=\"p1\"><span class=\"s1\">&#8211; Marketingov\u00e9 a in\u00e9 opr\u00e1vnen\u00e9 z\u00e1ujmy, ktor\u00e9 sa sleduj\u00fa<\/span><\/p>\n<p class=\"p2\">\n<h3 class=\"p1\"><span class=\"s1\">Opr\u00e1vnen\u00e9 z\u00e1ujmy<\/span><\/h3>\n<p class=\"p1\"><span class=\"s1\">Patria medzi ne:  <\/span><\/p>\n<p class=\"p1\"><span class=\"s1\">&#8211; Zhroma\u017e\u010fovanie osobn\u00fdch \u00fadajov s cie\u013eom poskytn\u00fa\u0165 v\u00e1m \u010do najlep\u0161ie z\u00e1kazn\u00edcke slu\u017eby<\/span><\/p>\n<p class=\"p1\"><span class=\"s1\">&#8211; Prev\u00e1dzkov\u00e9 po\u017eiadavky potrebn\u00e9 pre intern\u00e9 procesy<\/span><\/p>\n<p class=\"p1\"><span class=\"s1\">&#8211; Plnenie va\u0161ich po\u017eiadaviek t\u00fdkaj\u00facich sa na\u0161ich slu\u017eieb a produktov<\/span><\/p>\n<p class=\"p1\"><span class=\"s1\">&#8211; Predch\u00e1dzanie podvodom<\/span><\/p>\n<p class=\"p1\"><span class=\"s1\">&#8211; V\u00fdhradne pre n\u00e1\u0161 vlastn\u00fd intern\u00fd marketing, v\u00fdskum a v\u00fdvoj produktov<\/span><\/p>\n<p class=\"p2\">\n<h3 class=\"p1\"><span class=\"s1\">  Ako o v\u00e1s zhroma\u017e\u010fujeme inform\u00e1cie  <\/span><\/h3>\n<p class=\"p1\"><span class=\"s1\">&#8211; prostredn\u00edctvom online n\u00e1kupov (pri zadan\u00ed objedn\u00e1vky)  <\/span><\/p>\n<p class=\"p1\"><span class=\"s1\">&#8211; prostredn\u00edctvom priameho marketingu (ke\u010f sa prihl\u00e1site na odber na\u0161ich noviniek).<\/span><\/p>\n<p class=\"p1\"><span class=\"s1\">&#8211; Pri registr\u00e1cii \u00fa\u010dtu na str\u00e1nke FipMed.co<\/span><\/p>\n<p class=\"p1\"><span class=\"s1\">&#8211; Prostredn\u00edctvom komunik\u00e1cie cez na\u0161u slu\u017ebu starostlivosti o z\u00e1kazn\u00edkov<\/span><\/p>\n<p class=\"p1\"><span class=\"s1\">&#8211; Va\u0161e \u00fadaje sa m\u00f4\u017eu zhroma\u017e\u010fova\u0165 aj automaticky po\u010das n\u00e1v\u0161tev na\u0161ej webovej str\u00e1nky, vr\u00e1tane inform\u00e1ci\u00ed o va\u0161ich zariadeniach a prehliadan\u00ed.<br \/>\nTieto inform\u00e1cie sa zhroma\u017e\u010fuj\u00fa pomocou s\u00faborov cookie a podobn\u00fdch technol\u00f3gi\u00ed.   <\/span><\/p>\n<p class=\"p2\">\n<h3 class=\"p1\"><span class=\"s1\">Pre\u010do pou\u017e\u00edvame va\u0161e osobn\u00e9 \u00fadaje:<\/span><\/h3>\n<p class=\"p1\"><span class=\"s1\">&#8211; Spracovanie a doru\u010denie va\u0161ich n\u00e1kupov<\/span><\/p>\n<p class=\"p1\"><span class=\"s1\">&#8211; Prij\u00edmanie platieb a refund\u00e1cie<\/span><\/p>\n<p class=\"p1\"><span class=\"s1\">&#8211; zasielanie servisn\u00fdch spr\u00e1v prostredn\u00edctvom SMS, e-mailu alebo inak.<\/span><\/p>\n<p class=\"p1\"><span class=\"s1\">&#8211; Poskytovanie slu\u017eieb starostlivosti o z\u00e1kazn\u00edkov a podpory, vybavovanie vr\u00e1ten\u00ed tovaru, z\u00e1ru\u010dn\u00fdch reklam\u00e1ci\u00ed<\/span><\/p>\n<p class=\"p1\"><span class=\"s1\">&#8211; V\u0161etky formy odha\u013eovania a prevencie podvodov<\/span><\/p>\n<p class=\"p1\"><span class=\"s1\">&#8211; Bezpe\u010dnos\u0165 a ochrana na\u0161ej webovej str\u00e1nky<\/span><\/p>\n<p class=\"p1\"><span class=\"s1\">&#8211; Zobrazovanie na\u0161ich rekl\u00e1m po\u010das prehliadania webu<\/span><\/p>\n<p class=\"p1\"><span class=\"s1\">&#8211; Poskytovanie inform\u00e1ci\u00ed o na\u0161ich produktoch a slu\u017eb\u00e1ch, akci\u00e1ch, z\u013eav\u00e1ch a novink\u00e1ch t\u00fdkaj\u00facich sa va\u0161ich preferenci\u00ed a \u017eelan\u00ed.<\/span><\/p>\n<p class=\"p1\"><span class=\"s1\">&#8211; Zlep\u0161enie na\u0161ej webovej str\u00e1nky<\/span><\/p>\n<p class=\"p2\">\n<h3 class=\"p1\"><span class=\"s1\">Ak\u00e9 typy \u00fadajov zhroma\u017e\u010fujeme<\/span><\/h3>\n<p class=\"p1\"><span class=\"s1\">&#8211; toto\u017enos\u0165 a kontaktn\u00e9 \u00fadaje (e-mailov\u00e1 adresa, meno, priezvisko, adresa, telef\u00f3n)<\/span><\/p>\n<p class=\"p1\"><span class=\"s1\">&#8211; Finan\u010dn\u00e9 inform\u00e1cie a inform\u00e1cie o transakci\u00e1ch (\u00fadaje o kreditn\u00fdch kart\u00e1ch, \u00fadaje o platb\u00e1ch poskytovan\u00fdch spracovate\u013emi platieb tret\u00edch str\u00e1n).<\/span><\/p>\n<p class=\"p1\"><span class=\"s1\">&#8211; Inform\u00e1cie o profile (meno, priezvisko, e-mailov\u00e1 adresa, heslo a \u010fal\u0161ie nepovinn\u00e9 inform\u00e1cie o pou\u017e\u00edvate\u013eovi: pohlavie, \u010dasov\u00e9 p\u00e1smo, d\u00e1tum narodenia)<\/span><\/p>\n<p class=\"p1\"><span class=\"s1\">&#8211; Technick\u00e9 inform\u00e1cie (adresa internetov\u00e9ho protokolu (IP), va\u0161e prihlasovacie \u00fadaje, inform\u00e1cie o prehliada\u010di, \u010dasov\u00e9 p\u00e1smo, jazyk, typy a verzie doplnkov prehliada\u010da, opera\u010dn\u00fd syst\u00e9m a \u010fal\u0161ie technol\u00f3gie zariaden\u00ed, ktor\u00e9 pou\u017e\u00edvate na pr\u00edstup k webovej str\u00e1nke FipMed.co alebo mobilnej aplik\u00e1cii)<\/span><\/p>\n<p class=\"p1\"><span class=\"s1\">&#8211; Marketingov\u00e9 a komunika\u010dn\u00e9 inform\u00e1cie (e-mailov\u00e1 adresa, meno, priezvisko, pohlavie, \u010dasov\u00e9 p\u00e1smo, regi\u00f3n, krajina, d\u00e1tum n\u00e1kupu, IP adresa, d\u00e1tum objedn\u00e1vky, zak\u00fapen\u00fd produkt, zdroj predplatn\u00e9ho, jazyk, ID objedn\u00e1vky, ID pou\u017e\u00edvate\u013ea, d\u00e1tum predplatn\u00e9ho, d\u00e1tum poslednej zmeny)<\/span><\/p>\n<p class=\"p2\">\n<h3 class=\"p1\"><span class=\"s1\">Ako dlho uchov\u00e1vame va\u0161e osobn\u00e9 \u00fadaje<\/span><\/h3>\n<p class=\"p1\"><span class=\"s1\">Va\u0161e \u00fadaje budeme uchov\u00e1va\u0165 dovtedy, k\u00fdm budete ma\u0165 \u00fa\u010det, alebo dovtedy, k\u00fdm bude potrebn\u00e9, aby sme v\u00e1m mohli poskytova\u0165 slu\u017eby vr\u00e1tane z\u00e1ruky na v\u00fdrobok v trvan\u00ed a\u017e 10 rokov, alebo (v pr\u00edpade ak\u00e9hoko\u013evek kontaktu s na\u0161\u00edm t\u00edmom starostlivosti o z\u00e1kazn\u00edkov) len dovtedy, k\u00fdm to bude potrebn\u00e9 na poskytovanie spr\u00e1v s\u00favisiacich s podporou a anal\u00fdzou trendov.<\/span><\/p>\n<p class=\"p1\"><span class=\"s1\">Ak to vy\u017eaduje z\u00e1kon, m\u00f4\u017eeme si niektor\u00e9 va\u0161e \u00fadaje ponecha\u0165 aj po zru\u0161en\u00ed v\u00e1\u0161ho \u00fa\u010dtu a po tom, ako v\u00e1m u\u017e nebudeme musie\u0165 poskytova\u0165 \u017eiadne slu\u017eby.<\/span><\/p>\n<p class=\"p1\"><span class=\"s1\">\u00dadaje pou\u017e\u00edvan\u00e9 na priamy marketing sa bud\u00fa uchov\u00e1va\u0165 dovtedy, k\u00fdm sa pou\u017e\u00edvate\u013e neodhl\u00e1si alebo nebude neakt\u00edvny viac ako rok.<\/span><\/p>\n<p class=\"p2\">\n<p class=\"p1\"><span class=\"s1\">\u017diadne va\u0161e osobn\u00e9 \u00fadaje vr\u00e1tane v\u00e1\u0161ho mena, adresy, e-mailovej adresy alebo \u00fadajov o kreditnej karte nepred\u00e1vame a nebudeme pred\u00e1va\u0165 \u017eiadnej tretej strane.<span class=\"Apple-converted-space\">  <\/span>Chceme si z\u00edska\u0165 a udr\u017ea\u0165 va\u0161u d\u00f4veru a ver\u00edme, \u017ee je to pre n\u00e1s absol\u00fatne nevyhnutn\u00e9.<\/span><\/p>\n<p class=\"p1\"><span class=\"s1\">Va\u0161e \u00fadaje v\u0161ak zdie\u013eame s nasleduj\u00facimi kateg\u00f3riami spolo\u010dnost\u00ed ako nevyhnutn\u00fa s\u00fa\u010das\u0165 toho, aby sme v\u00e1m mohli poskytova\u0165 na\u0161e slu\u017eby, ako je uveden\u00e9 v tomto vyhl\u00e1sen\u00ed:<\/span><\/p>\n<p class=\"p1\"><span class=\"s1\">&#8211; Pridru\u017een\u00e9 spolo\u010dnosti a spracovatelia na z\u00e1klade plnenia k\u00fapnej zmluvy alebo na vykon\u00e1vanie intern\u00fdch procesov a postupov.<\/span><\/p>\n<p class=\"p1\"><span class=\"s1\">&#8211; Spolo\u010dnosti vyd\u00e1vaj\u00face kreditn\u00e9 karty, poskytovatelia platobn\u00fdch slu\u017eieb na spracovanie platieb a banky na z\u00e1klade va\u0161ej objedn\u00e1vky na splnenie k\u00fapnej zmluvy.<\/span><\/p>\n<p class=\"p1\"><span class=\"s1\">&#8211; Dopravcovia na doru\u010denie va\u0161ej objedn\u00e1vky alebo slu\u017eieb  <\/span><\/p>\n<p class=\"p1\"><span class=\"s1\">&#8211; Ostatn\u00ed poskytovatelia slu\u017eieb a tretie strany zapojen\u00e9 do spracovania \u00fadajov<\/span><\/p>\n<p class=\"p1\"><span class=\"s1\">&#8211; Tretie strany, ako s\u00fa org\u00e1ny \u010dinn\u00e9 v trestnom konan\u00ed, in\u00e9 vl\u00e1dne agent\u00fary a spriaznen\u00e9 strany, ak to od n\u00e1s vy\u017eaduje z\u00e1kon.<\/span><\/p>\n<\/p>\n<p class=\"p1\"><span class=\"s1\">Tret\u00edm stran\u00e1m m\u00f4\u017eeme poskytova\u0165 s\u00fahrnn\u00e9, ale anonymizovan\u00e9 inform\u00e1cie a anal\u00fdzy o na\u0161ich z\u00e1kazn\u00edkoch, pri\u010dom pred ich poskytnut\u00edm sa uist\u00edme, \u017ee v\u00e1s neidentifikuj\u00fa.<\/span><\/p>\n<p class=\"p2\">\n<p class=\"p2\">\n<h3 class=\"p1\"><span class=\"s1\">Ak\u00e9 s\u00fa va\u0161e pr\u00e1va<\/span><\/h3>\n<p class=\"p1\"><span class=\"s1\">&#8211; Pr\u00e1vo na pr\u00edstup k osobn\u00fdm \u00fadajom, ktor\u00e9 o v\u00e1s uchov\u00e1vame.<span class=\"Apple-converted-space\">  <\/span>M\u00e1te pr\u00e1vo kedyko\u013evek po\u017eiada\u0165 o inform\u00e1cie o osobn\u00fdch \u00fadajoch, ktor\u00e9 o v\u00e1s uchov\u00e1vame.<br \/>\nKe\u010f n\u00e1s kontaktujete, poskytneme v\u00e1m va\u0161e osobn\u00e9 \u00fadaje prostredn\u00edctvom e-mailu. <\/span><\/p>\n<p class=\"p1\"><span class=\"s1\">&#8211; Pr\u00e1vo na prenosnos\u0165.<span class=\"Apple-converted-space\">  <\/span>M\u00e1te pr\u00e1vo z\u00edska\u0165 k\u00f3piu svojich \u00fadajov v \u0161trukt\u00farovanom, be\u017ene pou\u017e\u00edvanom a strojovo \u010ditate\u013enom form\u00e1te, ktor\u00e1 sa v\u00e1m alebo inej strane odovzd\u00e1.<span class=\"Apple-converted-space\">  <\/span>Ide len o osobn\u00e9 \u00fadaje, ktor\u00e9 ste n\u00e1m poskytli.<span class=\"Apple-converted-space\">  <\/span>M\u00e1te tie\u017e pr\u00e1vo po\u017eiada\u0165 n\u00e1s o prenos alebo prenos prvkov va\u0161ich \u00fadajov bu\u010f k v\u00e1m, alebo k in\u00e9mu poskytovate\u013eovi slu\u017eieb.<\/span><\/p>\n<p class=\"p1\"><span class=\"s1\">&#8211; Pr\u00e1vo na opravu.<span class=\"Apple-converted-space\">  <\/span>M\u00e1te pr\u00e1vo po\u017eiada\u0165 o opravu svojich osobn\u00fdch \u00fadajov, ak s\u00fa nespr\u00e1vne, vr\u00e1tane pr\u00e1va na doplnenie ne\u00fapln\u00fdch osobn\u00fdch \u00fadajov.<\/span><\/p>\n<p class=\"p1\"><span class=\"s1\">&#8211; Pr\u00e1vo na vymazanie.<span class=\"Apple-converted-space\">  <\/span>M\u00e1te pr\u00e1vo kedyko\u013evek po\u017eiada\u0165 o vymazanie, zastavenie spracovania alebo zhroma\u017e\u010fovania ak\u00fdchko\u013evek osobn\u00fdch \u00fadajov.<\/span><\/p>\n<p class=\"p1\"><span class=\"s1\">&#8211; Pr\u00e1vo namieta\u0165 proti spracovaniu osobn\u00fdch \u00fadajov, ktor\u00e9 je zalo\u017een\u00e9 na opr\u00e1vnenom z\u00e1ujme.<span class=\"Apple-converted-space\">  <\/span>Na z\u00e1klade va\u0161ej \u017eiadosti spolo\u010dnos\u0165 FipMed.co nebude pokra\u010dova\u0165 v sprac\u00favan\u00ed va\u0161ich osobn\u00fdch \u00fadajov, pokia\u013e nepreuk\u00e1\u017ee opr\u00e1vnen\u00fd d\u00f4vod na in\u00fd postup, ktor\u00fd preva\u017euje nad va\u0161imi z\u00e1ujmami a pr\u00e1vami, alebo z d\u00f4vodu z\u00e1konn\u00fdch povinnost\u00ed alebo n\u00e1rokov.<\/span><\/p>\n<p class=\"p1\"><span class=\"s1\">&#8211; Pr\u00e1vo namieta\u0165 proti priamemu marketingu.<span class=\"Apple-converted-space\">  <\/span>M\u00e1te pr\u00e1vo namieta\u0165 proti priamemu marketingu vr\u00e1tane profilovej anal\u00fdzy na \u00fa\u010dely priameho marketingu.<\/span><\/p>\n<p class=\"p1\"><span class=\"s1\">Ako n\u00e1\u0161 z\u00e1kazn\u00edk alebo n\u00e1v\u0161tevn\u00edk str\u00e1nky m\u00e1te celkovo pr\u00e1vo na \u00fapln\u00e9 inform\u00e1cie t\u00fdkaj\u00face sa zhroma\u017e\u010fovania a spracovania va\u0161ich osobn\u00fdch \u00fadajov.<span class=\"Apple-converted-space\">  <\/span>Ak si chcete uplatni\u0165 svoje pr\u00e1va, potrebujete pomoc, m\u00e1te s\u0165a\u017enos\u0165 alebo len ot\u00e1zky, nev\u00e1hajte n\u00e1s kontaktova\u0165.<\/span><\/p>\n<p class=\"p2\">\n<h3 class=\"p1\"><span class=\"s1\">O s\u00faboroch cookie<\/span><\/h3>\n<p class=\"p1\"><span class=\"s1\">S\u00fabory cookie s\u00fa mal\u00e9 textov\u00e9 s\u00fabory odoslan\u00e9 z webovej lokality a ulo\u017een\u00e9 vo webovom prehliada\u010di pou\u017e\u00edvate\u013ea po\u010das prehliadania webovej lokality.<span class=\"Apple-converted-space\">  <\/span>Ke\u010f pou\u017e\u00edvate\u013e v bud\u00facnosti nav\u0161t\u00edvi t\u00fa ist\u00fa webov\u00fa lokalitu, webov\u00e1 lokalita m\u00f4\u017ee na\u010d\u00edta\u0165 \u00fadaje ulo\u017een\u00e9 v s\u00fabore cookie a upozorni\u0165 ju na predch\u00e1dzaj\u00facu aktivitu pou\u017e\u00edvate\u013ea, \u010d\u00edm sa pou\u017e\u00edvate\u013e odl\u00ed\u0161i od ostatn\u00fdch pou\u017e\u00edvate\u013eov webovej lokality.<\/span><\/p>\n<p class=\"p2\">\n<p class=\"p1\"><span class=\"s1\">S\u00fabory cookie pou\u017e\u00edvame na efekt\u00edvnu navig\u00e1ciu po na\u0161ich webov\u00fdch str\u00e1nkach a na vykon\u00e1vanie ur\u010dit\u00fdch funkci\u00ed vr\u00e1tane anal\u00fdzy n\u00e1v\u0161tevnosti str\u00e1nok.<br \/>\nS\u00fabory cookie v\u00e1s m\u00f4\u017eu rozpozna\u0165 aj pri \u010fal\u0161om prihl\u00e1sen\u00ed a pon\u00faknu\u0165 v\u00e1m obsah prisp\u00f4soben\u00fd va\u0161im preferenci\u00e1m a z\u00e1ujmom. <\/span><\/p>\n<p class=\"p1\"><span class=\"s1\">S\u00fabory cookie m\u00f4\u017eeme ulo\u017ei\u0165 do v\u00e1\u0161ho zariadenia, ak s\u00fa nevyhnutne potrebn\u00e9 na prev\u00e1dzku tejto str\u00e1nky.<br \/>\nNa v\u0161etky ostatn\u00e9 typy s\u00faborov cookie potrebujeme v\u00e1\u0161 s\u00fahlas.<br \/>\nT\u00e1to str\u00e1nka pou\u017e\u00edva r\u00f4zne typy s\u00faborov cookie.<br \/>\nNiektor\u00e9 s\u00fabory cookie ukladaj\u00fa slu\u017eby tret\u00edch str\u00e1n, ktor\u00e9 sa zobrazuj\u00fa na na\u0161ich str\u00e1nkach.<br \/>\nSvoj s\u00fahlas m\u00f4\u017eete kedyko\u013evek zmeni\u0165 alebo odvola\u0165 v *Spr\u00e1vcovi s\u00faborov cookie na na\u0161ej webovej str\u00e1nke.    <\/span><\/p>\n<p class=\"p2\">\n<p class=\"p1\"><span class=\"s1\">Typy s\u00faborov cookie, ktor\u00e9 pou\u017e\u00edvame:<\/span><\/p>\n<p class=\"p1\"><span class=\"s1\">&#8211; Nevyhnutn\u00e9 s\u00fabory cookie pom\u00e1haj\u00fa pri pou\u017e\u00edvan\u00ed webovej str\u00e1nky t\u00fdm, \u017ee umo\u017e\u0148uj\u00fa z\u00e1kladn\u00e9 funkcie, ako je navig\u00e1cia na str\u00e1nke a pr\u00edstup do zabezpe\u010den\u00fdch oblast\u00ed webovej str\u00e1nky.<br \/>\nBez t\u00fdchto s\u00faborov cookie nem\u00f4\u017ee webov\u00e1 str\u00e1nka spr\u00e1vne fungova\u0165. <\/span><\/p>\n<p class=\"p1\"><span class=\"s1\">&#8211; S\u00fabory cookie preferenci\u00ed umo\u017e\u0148uj\u00fa webovej lokalite zapam\u00e4ta\u0165 si inform\u00e1cie, ktor\u00e9 menia sp\u00f4sob, ak\u00fdm sa webov\u00e1 lokalita spr\u00e1va alebo vyzer\u00e1, ako napr\u00edklad v\u00e1\u0161 preferovan\u00fd jazyk alebo regi\u00f3n, v ktorom sa nach\u00e1dzate.<\/span><\/p>\n<p class=\"p1\"><span class=\"s1\">&#8211; \u0160tatistick\u00e9 s\u00fabory cookie pom\u00e1haj\u00fa majite\u013eom webov\u00fdch str\u00e1nok pochopi\u0165, ako n\u00e1v\u0161tevn\u00edci interaguj\u00fa s webov\u00fdmi str\u00e1nkami, a to prostredn\u00edctvom anonymn\u00e9ho zhroma\u017e\u010fovania a vykazovania inform\u00e1ci\u00ed.<\/span><\/p>\n<p class=\"p1\"><span class=\"s1\">&#8211; Marketingov\u00e9 s\u00fabory cookie sa pou\u017e\u00edvaj\u00fa na sledovanie n\u00e1v\u0161tevn\u00edkov na r\u00f4znych webov\u00fdch str\u00e1nkach. Cie\u013eom je zobrazova\u0165 reklamy, ktor\u00e9 s\u00fa pre jednotliv\u00fdch pou\u017e\u00edvate\u013eov relevantn\u00e9 a p\u00fatav\u00e9, a t\u00fdm aj hodnotnej\u0161ie pre vydavate\u013eov a inzerentov tret\u00edch str\u00e1n. <\/span><\/p>\n\t\t\t\t\t\t\t\t<\/div>\n\t\t\t\t<\/div>\n\t\t\t\t\t<\/div>\n\t\t<\/div>\n\t\t\t\t\t<\/div>\n\t\t<\/section>\n\t\t\t\t<\/div>\n\t\t","protected":false},"excerpt":{"rendered":"<p>Ochrana osobn\u00fdch \u00fadajov je pre spolo\u010dnos\u0165 FipMed.co ve\u013emi d\u00f4le\u017eit\u00e1 a chceme by\u0165 otvoren\u00ed a transparentn\u00ed pri spracovan\u00ed va\u0161ich osobn\u00fdch \u00fadajov. Zav\u00e4zujeme sa chr\u00e1ni\u0165 s\u00fakromie a bezpe\u010dnos\u0165 na\u0161ich z\u00e1kazn\u00edkov a n\u00e1v\u0161tevn\u00edkov str\u00e1nky. Preto m\u00e1me z\u00e1sady, ktor\u00e9 stanovuj\u00fa \u00fa\u010del zhroma\u017e\u010fovania va\u0161ich osobn\u00fdch \u00fadajov, ako aj sp\u00f4sob ich spracovania a ochrany. Budete ma\u0165 tie\u017e mo\u017enos\u0165 monitorova\u0165 proces zhroma\u017e\u010fovania [&hellip;]<\/p>\n","protected":false},"author":1,"featured_media":0,"parent":0,"menu_order":0,"comment_status":"closed","ping_status":"open","template":"","meta":{"_glsr_average":0,"_glsr_ranking":0,"_glsr_reviews":0,"footnotes":""},"categories":[],"tags":[],"_links":{"self":[{"href":"https:\/\/fipmed.co\/sk\/wp-json\/wp\/v2\/pages\/28652"}],"collection":[{"href":"https:\/\/fipmed.co\/sk\/wp-json\/wp\/v2\/pages"}],"about":[{"href":"https:\/\/fipmed.co\/sk\/wp-json\/wp\/v2\/types\/page"}],"author":[{"embeddable":true,"href":"https:\/\/fipmed.co\/sk\/wp-json\/wp\/v2\/users\/1"}],"replies":[{"embeddable":true,"href":"https:\/\/fipmed.co\/sk\/wp-json\/wp\/v2\/comments?post=28652"}],"version-history":[{"count":1,"href":"https:\/\/fipmed.co\/sk\/wp-json\/wp\/v2\/pages\/28652\/revisions"}],"predecessor-version":[{"id":28655,"href":"https:\/\/fipmed.co\/sk\/wp-json\/wp\/v2\/pages\/28652\/revisions\/28655"}],"wp:attachment":[{"href":"https:\/\/fipmed.co\/sk\/wp-json\/wp\/v2\/media?parent=28652"}],"wp:term":[{"taxonomy":"category","embeddable":true,"href":"https:\/\/fipmed.co\/sk\/wp-json\/wp\/v2\/categories?post=28652"},{"taxonomy":"post_tag","embeddable":true,"href":"https:\/\/fipmed.co\/sk\/wp-json\/wp\/v2\/tags?post=28652"}],"curies":[{"name":"wp","href":"https:\/\/api.w.org\/{rel}","templated":true}]}}