{"id":28654,"date":"2024-03-25T06:20:25","date_gmt":"2024-03-25T06:20:25","guid":{"rendered":"https:\/\/fipmed.co\/should-i-start-fip-cats-treatment-without-a-confirmed-conclusive-diagnosis\/"},"modified":"2024-03-25T06:20:25","modified_gmt":"2024-03-25T06:20:25","slug":"should-i-start-fip-cats-treatment-without-a-confirmed-conclusive-diagnosis","status":"publish","type":"page","link":"https:\/\/fipmed.co\/sk\/should-i-start-fip-cats-treatment-without-a-confirmed-conclusive-diagnosis\/","title":{"rendered":"M\u00e1m za\u010da\u0165 lie\u010dbu ma\u010diek FIP bez potvrdenej jednozna\u010dnej diagn\u00f3zy?"},"content":{"rendered":"<p>M\u00e1m za\u010da\u0165 lie\u010dbu ma\u010diek FIP bez potvrdenej jednozna\u010dnej diagn\u00f3zy?<br \/>\nKr\u00e1tka odpove\u010f je \u00e1no.<br \/>\nV\u017edy v\u0161ak mus\u00edte pokra\u010dova\u0165 v snahe o potvrdenie diagn\u00f3zy, aj ke\u010f ste u\u017e lie\u010dbu za\u010dali.<br \/>\nJe to preto, \u017ee nechceme str\u00e1ca\u0165 \u010das, ale chceme \u010do najsk\u00f4r vedie\u0165, o ak\u00e9 skuto\u010dn\u00e9 ochorenie ide.   <\/p>\n<p>FIP alebo ma\u010dacia infek\u010dn\u00e1 peritonit\u00edda je neuverite\u013ene \u0165a\u017eko diagnostikovate\u013en\u00e9 ochorenie. Ke\u010f\u017ee na \u0148u neexistuje jeden \u0161pecifick\u00fd test, veterin\u00e1ri sa musia spolieha\u0165 na viacero ukazovate\u013eov, aby pos\u00fadili, \u010di ma\u010dka reaguje na \u00fatok FCov v tele. \u017diadna diagn\u00f3za FIP nie je stopercentne jednozna\u010dn\u00e1. FIP m\u00e1 toti\u017e pr\u00edli\u0161 ve\u013ea spolo\u010dn\u00fdch pr\u00edznakov s in\u00fdmi ochoreniami a 1 ukazovate\u013e neznamen\u00e1, \u017ee ma\u010dka m\u00e1 FIP. \u010c\u00edm viac ukazovate\u013eov v krvn\u00fdch testoch, testoch na v\u00fdpotok, testoch na protil\u00e1tky at\u010f. poskytne veterin\u00e1rom v\u00e4\u010d\u0161iu istotu pri ur\u010dovan\u00ed, \u010di ide o FIP. Preto je dobr\u00e9, aby veterin\u00e1r lie\u010dil FIP, ak si je na 50 % ist\u00fd, \u017ee ide o FIP, a po\u010das lie\u010dby pokra\u010doval v \u010fal\u0161\u00edch testoch na vyl\u00fa\u010denie in\u00fdch ochoren\u00ed. GS441524 toti\u017e nesp\u00f4sobuje z\u00e1va\u017en\u00e9 ved\u013eaj\u0161ie \u00fa\u010dinky. <\/p>\n<h1><\/h1>\n<h1><strong>Diagnostick\u00e9 v\u00fdzvy a obmedzenia<\/strong><\/h1>\n<p><strong> <\/strong><\/p>\n<p><strong>Falo\u0161ne pozit\u00edvne a negat\u00edvne v\u00fdsledky<\/strong><\/p>\n<p>Pri testoch FIP sa m\u00f4\u017eu vyskytn\u00fa\u0165 falo\u0161ne pozit\u00edvne a falo\u0161ne negat\u00edvne v\u00fdsledky. Falo\u0161ne pozit\u00edvny v\u00fdsledok nastane vtedy, ke\u010f test uk\u00e1\u017ee, \u017ee ma\u010dka m\u00e1 v\u00edrus, hoci v skuto\u010dnosti ho nem\u00e1. To m\u00f4\u017ee vies\u0165 k nespr\u00e1vnej diagn\u00f3ze alebo nevhodn\u00fdm lie\u010debn\u00fdm protokolom pre ma\u010dky, ktor\u00e9 v skuto\u010dnosti nie s\u00fa infikovan\u00e9 v\u00edrusom. Falo\u0161ne negat\u00edvny test nast\u00e1va vtedy, ke\u010f test nespr\u00e1vne uv\u00e1dza, \u017ee vo vzorke nie je pr\u00edtomn\u00fd \u017eiadny d\u00f4kaz o pr\u00edtomnosti v\u00edrusu, \u010do m\u00f4\u017ee tie\u017e vies\u0165 k oneskorenej alebo nevhodnej lie\u010dbe ma\u010diek, ktor\u00e9 s\u00fa skuto\u010dne infikovan\u00e9 FIP. V niektor\u00fdch pr\u00edpadoch m\u00f4\u017eu by\u0165 nespr\u00e1vne v\u00fdsledky sp\u00f4soben\u00e9 zlou kvalitou vzoriek. Napr\u00edklad, ak sa s tkanivom alebo krvou pou\u017eitou na testovanie po\u010das odberu a prepravy nespr\u00e1vne zaobch\u00e1dzalo, je to na ni\u010d. Preto je nesmierne d\u00f4le\u017eit\u00e9 starostlivo odobra\u0165 a uskladni\u0165 vzorky hne\u010f po ich odobrat\u00ed zviera\u0165u testovan\u00e9mu na FIP.  <\/p>\n<p>&nbsp;<\/p>\n<h1><strong>\u010co ak nem\u00f4\u017eete diagnostikova\u0165? Za\u010dnite lie\u010dbu ma\u010diek FIP, aby ste mohli diagnostikova\u0165. <\/strong><\/h1>\n<p>Met\u00f3da &#8222;lie\u010dbou k diagn\u00f3ze&#8220; sa niekedy pou\u017e\u00edva vo veterin\u00e1rnej medic\u00edne, a to aj u ma\u010diek, za ur\u010dit\u00fdch okolnost\u00ed. Tento pr\u00edstup zah\u0155\u0148a podanie terapeutickej sk\u00fa\u0161obnej lie\u010dby, aby sa zistilo, \u010di pacient reaguje pozit\u00edvne pred stanoven\u00edm definit\u00edvnej diagn\u00f3zy. Hoci m\u00e1 svoje obmedzenia, v ur\u010dit\u00fdch situ\u00e1ci\u00e1ch m\u00f4\u017ee by\u0165 prospe\u0161n\u00e1:  <\/p>\n<p>&nbsp;<\/p>\n<p><strong>R\u00fdchlo progreduj\u00face stavy<\/strong><\/p>\n<p>V pr\u00edpadoch, ke\u010f m\u00e1 ma\u010dka z\u00e1va\u017en\u00e9 alebo r\u00fdchlo postupuj\u00face pr\u00edznaky, nemus\u00ed by\u0165 praktick\u00e9 \u010daka\u0165 na rozsiahle diagnostick\u00e9 testy na potvrdenie konkr\u00e9tneho ochorenia. Okam\u017eit\u00e9 za\u010datie lie\u010dby m\u00f4\u017ee by\u0165 rozhoduj\u00face, najm\u00e4 ak by odkladanie lie\u010dby mohlo vies\u0165 k zhor\u0161eniu stavu. <\/p>\n<p>&nbsp;<\/p>\n<p><strong>Obmedzen\u00e9 zdroje alebo pr\u00edstup k diagnostick\u00fdm n\u00e1strojom<\/strong><\/p>\n<p>V niektor\u00fdch situ\u00e1ci\u00e1ch m\u00f4\u017eu ma\u0165 veterin\u00e1rne zariadenia obmedzenia, pokia\u013e ide o dostupn\u00e9 diagnostick\u00e9 n\u00e1stroje, napr\u00edklad \u0161pecializovan\u00e9 zobrazovacie alebo laborat\u00f3rne testy. Za\u010datie lie\u010dby m\u00f4\u017ee by\u0165 pragmatick\u00fdm pr\u00edstupom po\u010das \u010dakania na v\u00fdsledky z rozsiahlej\u0161\u00edch diagnostick\u00fdch zariaden\u00ed. <\/p>\n<p>&nbsp;<\/p>\n<p><strong>Diagnostick\u00e1 nejednozna\u010dnos\u0165<\/strong><\/p>\n<p>Ak s\u00fa pr\u00edznaky ma\u010dky nejednozna\u010dn\u00e9 a nie je ist\u00e9, \u010do je ich pr\u00ed\u010dinou, m\u00f4\u017ee sa za\u010da\u0165 terapeutick\u00fd pokus na pozorovanie reakcie. Ak sa stav ma\u010dky po lie\u010dbe zlep\u0161\u00ed, m\u00f4\u017ee to poskytn\u00fa\u0165 cenn\u00e9 inform\u00e1cie o potenci\u00e1lnej pr\u00ed\u010dine pr\u00edznakov. <\/p>\n<p>&nbsp;<\/p>\n<p><strong>Obmedzenia klienta<\/strong><\/p>\n<p>Niektor\u00ed majitelia ma\u010diek m\u00f4\u017eu ma\u0165 finan\u010dn\u00e9 obmedzenia, ktor\u00e9 obmedzuj\u00fa ich schopnos\u0165 vykon\u00e1va\u0165 rozsiahle diagnostick\u00e9 vy\u0161etrenie. Za\u010diatok lie\u010dby m\u00f4\u017ee by\u0165 v tak\u00fdchto situ\u00e1ci\u00e1ch schodnej\u0161ou mo\u017enos\u0165ou, najm\u00e4 ak je lie\u010dba relat\u00edvne n\u00edzkorizikov\u00e1 a m\u00e1 primeran\u00fa \u0161ancu na \u00faspech. <\/p>\n<p>&nbsp;<\/p>\n<h1><strong>Faktory a parametre ur\u010duj\u00face, \u010do sa m\u00e1 lie\u010di\u0165<\/strong><\/h1>\n<p>Ke\u010f sa veterin\u00e1rny lek\u00e1r stretne s ma\u010dkou, ktor\u00e1 m\u00e1 nejasn\u00e9 pr\u00edznaky alebo viacero mo\u017en\u00fdch ochoren\u00ed, pou\u017eije systematick\u00fd pr\u00edstup, aby z\u00fa\u017eil potenci\u00e1lne diagn\u00f3zy a ur\u010dil vhodn\u00fd postup. Rozhodovac\u00ed proces zah\u0155\u0148a zv\u00e1\u017eenie r\u00f4znych faktorov a parametrov, ako s\u00fa napr\u00edklad tieto. <\/p>\n<p>&nbsp;<\/p>\n<p><strong>Vek a plemeno<\/strong>: Niektor\u00e9 ochorenia s\u00fa \u010dastej\u0161ie u ur\u010dit\u00fdch vekov\u00fdch skup\u00edn alebo plemien. Znalos\u0165 veku a plemena ma\u010dky m\u00f4\u017ee veterin\u00e1rnemu lek\u00e1rovi pom\u00f4c\u0165 uprednostni\u0165 alebo vyl\u00fa\u010di\u0165 ur\u010dit\u00e9 ochorenia. <strong>Hist\u00f3ria o\u010dkovania<\/strong>: Hist\u00f3ria o\u010dkovania ma\u010dky m\u00f4\u017ee poskytn\u00fa\u0165 inform\u00e1cie o pravdepodobnosti v\u00fdskytu ur\u010dit\u00fdch infek\u010dn\u00fdch chor\u00f4b. <strong>Vzor a trvanie pr\u00edznakov:<\/strong> Pochopenie vzoru a trvania pr\u00edznakov pom\u00e1ha pri kategoriz\u00e1cii chor\u00f4b ako ak\u00fatnych alebo chronick\u00fdch a m\u00f4\u017ee usmerni\u0165 diagnostick\u00fd proces. <strong>Z\u00e1va\u017enos\u0165 pr\u00edznakov:<\/strong> Z\u00e1va\u017enos\u0165 klinick\u00fdch pr\u00edznakov m\u00f4\u017ee poskytn\u00fa\u0165 inform\u00e1cie o naliehavosti z\u00e1sahu a potenci\u00e1lnom vplyve na celkov\u00fa pohodu ma\u010dky. <strong>Diagnostick\u00e9 testy:<\/strong> V\u00fdsledky vykonan\u00fdch predbe\u017en\u00fdch testov FIP. <strong>\u00davodn\u00e9 skr\u00edningov\u00e9 testy:<\/strong> Z\u00e1kladn\u00e9 testy FIP, ako je kompletn\u00fd krvn\u00fd obraz (CBC) a biochemick\u00e9 vy\u0161etrenie s\u00e9ra, m\u00f4\u017eu poskytn\u00fa\u0165 cenn\u00e9 inform\u00e1cie o celkovom zdravotnom stave ma\u010dky a m\u00f4\u017eu odhali\u0165 abnormality sved\u010diace o \u0161pecifick\u00fdch ochoreniach. <strong>\u0160pecializovan\u00e9 testy:<\/strong> V z\u00e1vislosti od podozrenia na ochorenie sa m\u00f4\u017eu odporu\u010di\u0165 \u0161pecializovanej\u0161ie testy, ako napr\u00edklad zobrazovacie vy\u0161etrenia (r\u00f6ntgen, ultrazvuk), testy PCR a titre protil\u00e1tok. <strong>Monitorovanie reakcie:<\/strong> D\u00f4sledn\u00e9 monitorovanie reakcie ma\u010dky na lie\u010dbu je nevyhnutn\u00e9. Ak d\u00f4jde k zlep\u0161eniu, veterin\u00e1rny lek\u00e1r m\u00f4\u017ee pokra\u010dova\u0165 v lie\u010dbe alebo ju upravi\u0165 na z\u00e1klade pozorovanej reakcie. <strong>Bezpe\u010dnos\u0165 lie\u010dby:<\/strong> Zoh\u013ead\u0148uje sa bezpe\u010dnostn\u00fd profil zvolenej lie\u010dby. M\u00f4\u017eu sa uprednostni\u0165 lie\u010dby s n\u00edzkym rizikom alebo z\u00e1kroky s vysokou pravdepodobnos\u0165ou pr\u00ednosu, najm\u00e4 ak je n\u00e1ro\u010dn\u00e9 okam\u017eite stanovi\u0165 kone\u010dn\u00fa diagn\u00f3zu. <strong>Finan\u010dn\u00e9 h\u013eadisko:<\/strong> Finan\u010dn\u00e9 obmedzenia majite\u013ea ma\u010dky m\u00f4\u017eu ovplyvni\u0165 diagnostick\u00fd pr\u00edstup. Veterin\u00e1rni lek\u00e1ri a majitelia m\u00f4\u017eu spolo\u010dne rozhodn\u00fa\u0165 o postupnom diagnostickom pl\u00e1ne na z\u00e1klade prior\u00edt. <\/p>\n<p>&nbsp;<\/p>\n<p>Je d\u00f4le\u017eit\u00e9 poznamena\u0165, \u017ee pr\u00edstup &#8222;lie\u010dba k diagn\u00f3ze&#8220; a za\u010datie lie\u010dby ma\u010diek s FIP m\u00e1 svoje nev\u00fdhody. Bez potvrdenej diagn\u00f3zy existuje riziko nevhodnej alebo ne\u00fa\u010dinnej lie\u010dby. Okrem toho m\u00f4\u017ee oddiali\u0165 identifik\u00e1ciu z\u00e1kladn\u00fdch ochoren\u00ed, ktor\u00e9 si vy\u017eaduj\u00fa \u0161pecifick\u00e9 z\u00e1sahy. Veterin\u00e1rni lek\u00e1ri pred zvolen\u00edm tohto pr\u00edstupu starostlivo zva\u017euj\u00fa potenci\u00e1lne v\u00fdhody a rizik\u00e1 a d\u00f4kladn\u00e9 monitorovanie reakcie ma\u010dky na lie\u010dbu je nevyhnutn\u00e9 na usmernenie \u010fal\u0161ieho diagnostick\u00e9ho \u00fasilia. Je ve\u013emi d\u00f4le\u017eit\u00e9, aby veterin\u00e1rni lek\u00e1ri transparentne komunikovali s majite\u013emi dom\u00e1cich zvierat o d\u00f4vodoch tejto met\u00f3dy a potrebe priebe\u017enej diagnostiky na zabezpe\u010denie najlep\u0161ej mo\u017enej starostlivosti o ma\u010dku.<\/p>\n","protected":false},"excerpt":{"rendered":"<p>M\u00e1m za\u010da\u0165 lie\u010dbu ma\u010diek FIP bez potvrdenej jednozna\u010dnej diagn\u00f3zy? Kr\u00e1tka odpove\u010f je \u00e1no. V\u017edy v\u0161ak mus\u00edte pokra\u010dova\u0165 v snahe o potvrdenie diagn\u00f3zy, aj ke\u010f ste u\u017e lie\u010dbu za\u010dali. Je to preto, \u017ee nechceme str\u00e1ca\u0165 \u010das, ale chceme \u010do najsk\u00f4r vedie\u0165, o ak\u00e9 skuto\u010dn\u00e9 ochorenie ide. FIP alebo ma\u010dacia infek\u010dn\u00e1 peritonit\u00edda je neuverite\u013ene \u0165a\u017eko diagnostikovate\u013en\u00e9 ochorenie. [&hellip;]<\/p>\n","protected":false},"author":1,"featured_media":28656,"parent":0,"menu_order":0,"comment_status":"closed","ping_status":"closed","template":"","meta":{"_glsr_average":0,"_glsr_ranking":0,"_glsr_reviews":0,"footnotes":""},"categories":[1175],"tags":[],"_links":{"self":[{"href":"https:\/\/fipmed.co\/sk\/wp-json\/wp\/v2\/pages\/28654"}],"collection":[{"href":"https:\/\/fipmed.co\/sk\/wp-json\/wp\/v2\/pages"}],"about":[{"href":"https:\/\/fipmed.co\/sk\/wp-json\/wp\/v2\/types\/page"}],"author":[{"embeddable":true,"href":"https:\/\/fipmed.co\/sk\/wp-json\/wp\/v2\/users\/1"}],"replies":[{"embeddable":true,"href":"https:\/\/fipmed.co\/sk\/wp-json\/wp\/v2\/comments?post=28654"}],"version-history":[{"count":0,"href":"https:\/\/fipmed.co\/sk\/wp-json\/wp\/v2\/pages\/28654\/revisions"}],"wp:featuredmedia":[{"embeddable":true,"href":"https:\/\/fipmed.co\/sk\/wp-json\/wp\/v2\/media\/28656"}],"wp:attachment":[{"href":"https:\/\/fipmed.co\/sk\/wp-json\/wp\/v2\/media?parent=28654"}],"wp:term":[{"taxonomy":"category","embeddable":true,"href":"https:\/\/fipmed.co\/sk\/wp-json\/wp\/v2\/categories?post=28654"},{"taxonomy":"post_tag","embeddable":true,"href":"https:\/\/fipmed.co\/sk\/wp-json\/wp\/v2\/tags?post=28654"}],"curies":[{"name":"wp","href":"https:\/\/api.w.org\/{rel}","templated":true}]}}