{"id":28665,"date":"2024-03-25T07:02:30","date_gmt":"2024-03-25T07:02:30","guid":{"rendered":"https:\/\/fipmed.co\/stages-of-fip-and-symptoms-based-on-stages-of-fip\/"},"modified":"2024-03-25T07:02:30","modified_gmt":"2024-03-25T07:02:30","slug":"stages-of-fip-and-symptoms-based-on-stages-of-fip","status":"publish","type":"page","link":"https:\/\/fipmed.co\/sk\/stages-of-fip-and-symptoms-based-on-stages-of-fip\/","title":{"rendered":"\u0160t\u00e1di\u00e1 FIP a pr\u00edznaky na z\u00e1klade \u0161t\u00e1di\u00ed FIP"},"content":{"rendered":"<p>Pri infekcii t\u00fdmto v\u00edrusom existuj\u00fa \u0161tyri r\u00f4zne \u0161t\u00e1di\u00e1 FIP: po\u010diato\u010dn\u00e1 expoz\u00edcia a inkub\u00e1cia, prim\u00e1rna vir\u00e9mia, sekund\u00e1rna vir\u00e9mia a klinick\u00e1 FIP.<\/p>\n<p>&nbsp;<\/p>\n<h1><strong>F\u00e1za FIP: po\u010diato\u010dn\u00e1 expoz\u00edcia a inkub\u00e1cia<\/strong><\/h1>\n<p>Ma\u010dac\u00ed koronav\u00edrus (FCoV) sa vyskytuje v mnoh\u00fdch prostrediach, tak\u017ee je ve\u013emi pravdepodobn\u00e9, \u017ee ma\u010dky bud\u00fa niekedy po\u010das svojho \u017eivota vystaven\u00e9 tomuto v\u00edrusu.<br \/>\nT\u00e1to po\u010diato\u010dn\u00e1 infekcia je zvy\u010dajne ne\u0161kodn\u00e1, ale bohu\u017eia\u013e existuje riziko, \u017ee v\u00edrus zmutuje a u niektor\u00fdch ma\u010diek sp\u00f4sob\u00ed FIP.<br \/>\nInkuba\u010dn\u00e1 doba tejto mut\u00e1cie sa m\u00f4\u017ee pohybova\u0165 od nieko\u013ek\u00fdch t\u00fd\u017ed\u0148ov a\u017e po nieko\u013eko rokov, ale ma\u010dky s\u00fa najviac ohrozen\u00e9 rozvojom klinickej FIP po\u010das prv\u00fdch 6 t\u00fd\u017ed\u0148ov po prvotnej infekcii v\u00edrusom.<br \/>\nExperimenty dospeli k z\u00e1veru, \u017ee u\u017e \u0161es\u0165 t\u00fd\u017ed\u0148ov m\u00f4\u017ee by\u0165 dostato\u010dn\u00fd \u010das na to, aby sa u infikovanej ma\u010dky vyvinulo pln\u00e9 ochorenie.<br \/>\nPo\u010das po\u010diato\u010dnej expoz\u00edcie a inkuba\u010dn\u00e9ho obdobia je d\u00f4le\u017eit\u00e9 si uvedomi\u0165, \u017ee infikovan\u00e9 ma\u010dky vylu\u010duj\u00fa nezvy\u010dajne ve\u013ek\u00e9 mno\u017estvo v\u00edrusov\u00fdch \u010dast\u00edc, \u010do m\u00f4\u017ee r\u00fdchlo vies\u0165 k tomu, \u017ee sa infekciou nakazia aj ostatn\u00e9 dom\u00e1ce zvierat\u00e1. <\/p>\n<p>&nbsp;<\/p>\n<h1><strong>\u0160t\u00e1dium FIP: <\/strong>Prim\u00e1rna vir\u00e9mia<\/h1>\n<p>Prim\u00e1rna vir\u00e9mia je \u0161t\u00e1dium infekcie v\u00edrusom ma\u010dacej infek\u010dnej peritonit\u00eddy (FIP), v ktorom imunitn\u00fd syst\u00e9m ma\u010diek za\u010d\u00edna reagova\u0165 na cudzieho votrelca.<br \/>\nPo\u010das tohto \u0161t\u00e1dia sa v ich krvi m\u00f4\u017eu nach\u00e1dza\u0165 vysok\u00e9 hladiny FCoV.<br \/>\nZnamen\u00e1 to za\u010diatok boja medzi telom ma\u010dky a v\u00edrusom a tie\u017e to znamen\u00e1, \u017ee sa zvy\u0161uje pravdepodobnos\u0165 v\u00fdskytu mut\u00e1ci\u00ed v d\u00f4sledku zn\u00ed\u017eenej odolnosti.<br \/>\nMa\u010dky s prim\u00e1rnou vir\u00e9miou vykazuj\u00fa zv\u00fd\u0161en\u00fa reakciu imunitn\u00e9ho syst\u00e9mu, ktor\u00fd sa ich sna\u017e\u00ed intenz\u00edvne chr\u00e1ni\u0165 pred ak\u00fdmko\u013evek po\u0161koden\u00edm sp\u00f4soben\u00fdm patog\u00e9nom, ktor\u00fd sa dostane do ich tela.<br \/>\nNiektor\u00e9 ma\u010dky bud\u00fa schopn\u00e9 zbavi\u0165 svoje telo v\u00edrusu pomocou silnej imunitnej reakcie. <\/p>\n<p>&nbsp;<\/p>\n<h1><strong>F\u00e1za FIP: <\/strong><strong>Sekund\u00e1rna vir\u00e9mia<\/strong><\/h1>\n<p>Sekund\u00e1rna vir\u00e9mia sa vz\u0165ahuje na \u010fal\u0161ie \u0161t\u00e1dium, ktor\u00e9 postihuje ma\u010dky, ktor\u00e9 sa nedok\u00e1zali br\u00e1ni\u0165 v\u00edrusu po\u010das prim\u00e1rneho \u0161t\u00e1dia.<br \/>\nV tomto \u0161t\u00e1diu v\u00edrus napadol kostn\u00fa dre\u0148 a in\u00e9 tkaniv\u00e1.<br \/>\nV\u00edrus potom m\u00f4\u017ee zosta\u0165 v pas\u00edvnom stave v kostnej dreni pomerne dlh\u00fd \u010das.<br \/>\nOkrem toho sa v\u0161ak hladina FIPV v krvi za\u010dne zvy\u0161ova\u0165 a nakoniec dosiahne bod, ke\u010f ho ma\u010dky u\u017e nie s\u00fa schopn\u00e9 udr\u017ea\u0165 pod kontrolou.<br \/>\nNane\u0161\u0165astie, v tomto \u010dase u\u017e prebiehaj\u00fa mnoh\u00e9 syst\u00e9mov\u00e9 z\u00e1palov\u00e9 procesy, preto\u017ee FIPV sa zmocnil \u017eivotne d\u00f4le\u017eit\u00fdch org\u00e1nov a tkan\u00edv.<br \/>\nAko u\u017e n\u00e1zov napoved\u00e1, po\u010das sekund\u00e1rnej vir\u00e9mie sa v\u00edrus za\u010d\u00edna \u0161\u00edri\u0165 do \u010fal\u0161\u00edch org\u00e1nov, \u010do vedie k z\u00e1va\u017enej\u0161\u00edm pr\u00edznakom, ktor\u00e9 sa m\u00f4\u017eu r\u00fdchlo sta\u0165 \u017eivot ohrozuj\u00facimi, ak sa im okam\u017eite nevenuje pozornos\u0165.<br \/>\nZ\u00e1va\u017enos\u0165 prim\u00e1rnej imunitnej reakcie alebo to, ako dobre je organizmus ma\u010dky schopn\u00fd kontrolova\u0165 infekciu, zohr\u00e1va d\u00f4le\u017eit\u00fa \u00falohu pri ur\u010dovan\u00ed toho, na akej \u00farovni sa v\u00edrus za\u010dne \u0161\u00edri\u0165 mimo len jedn\u00e9ho org\u00e1nov\u00e9ho syst\u00e9mu.<br \/>\nPo\u010das tohto rozhoduj\u00faceho obdobia m\u00f4\u017eu ma\u010dky poci\u0165ova\u0165 pretrv\u00e1vaj\u00facu hor\u00fa\u010dku (nad 103 \u00b0C), zn\u00ed\u017een\u00fa chu\u0165 do jedla a celkovo zhor\u0161uj\u00faci sa stav v d\u00f4sledku zlyh\u00e1vaj\u00faceho imunitn\u00e9ho syst\u00e9mu, ktor\u00fd sa ve\u013emi sna\u017e\u00ed zvl\u00e1dnu\u0165 zmutovan\u00e9 v\u00edrusy, ale nedok\u00e1\u017ee to, tak\u017ee sa musia spolieha\u0165 na lie\u010debn\u00e9 pl\u00e1ny s antivirotikami okrem in\u00fdch liekov.<\/p>\n<p>&nbsp;<\/p>\n<h1><strong>F\u00e1za FIP: <\/strong><strong>Klinick\u00e1 FIP<\/strong><\/h1>\n<p>V klinickom \u0161t\u00e1diu FIP u\u017e ma\u010dky nie s\u00fa schopn\u00e9 v\u00edrus zadr\u017ea\u0165.<br \/>\n\u010ciasto\u010dne je to sp\u00f4soben\u00e9 zmenou jedn\u00e9ho z prote\u00ednov, ktor\u00fd sa nach\u00e1dza v niektor\u00fdch typoch FCoV naz\u00fdvan\u00fdch FIPV.<br \/>\nFIPV sp\u00f4sobuje vaskulit\u00eddu, \u010do je z\u00e1pal a opuch okolo skupiny buniek alebo org\u00e1nov.<br \/>\nV tomto \u0161t\u00e1diu m\u00f4\u017ee d\u00f4js\u0165 aj k hromadeniu tekutiny v telesn\u00fdch dutin\u00e1ch, \u010do vedie k hromadeniu tekutiny a nadmern\u00e9mu tlaku na \u017eivotne d\u00f4le\u017eit\u00e9 org\u00e1ny.<br \/>\nMa\u010dky s FIP m\u00f4\u017eu ma\u0165 pr\u00edznaky, ako je \u00fabytok hmotnosti, hor\u00fa\u010dka, dehydrat\u00e1cia opuchnut\u00e9 brucho alebo oblas\u0165 hlavy a d\u00fdchacie \u0165a\u017ekosti v d\u00f4sledku pre\u0165a\u017eenia hrudn\u00edka.<br \/>\nV tomto \u0161t\u00e1diu sa za\u010dne de\u0161trukcia sp\u00f4soben\u00e1 infekciami vo vn\u00fatri \u017eivotne d\u00f4le\u017eit\u00fdch org\u00e1nov, \u010do m\u00f4\u017ee vies\u0165 k zlyhaniu syst\u00e9mu org\u00e1nov.<br \/>\nTo sa zvy\u010dajne nesk\u00f4r prejav\u00ed ako ochorenie obli\u010diek alebo neurologick\u00e9 po\u0161kodenie sp\u00f4soben\u00e9 z\u00e1palom v ich mozgovom tkanive.  <\/p>\n<p>&nbsp;<\/p>\n<h1><strong>F\u00e1za FIP: <\/strong><strong>Po\u0161kodenie org\u00e1nov <\/strong> <\/h1>\n<p>Ide o posledn\u00e9 \u0161t\u00e1dium FIP, ke\u010f z\u00e1pal u\u017e sp\u00f4sobuje po\u0161kodenie org\u00e1nov a ma\u010dka m\u00e1 \u010fal\u0161ie n\u00e1sledn\u00e9 probl\u00e9my.<br \/>\nMedzi be\u017ene postihnut\u00e9 org\u00e1ny patria:<br \/>\n<strong>Bru\u0161n\u00e9 org\u00e1ny:<\/strong> FIP \u010dasto vedie k tvorbe granul\u00f3mov (mal\u00fdch uzl\u00edkov z\u00e1palov\u00e9ho tkaniva) v bru\u0161n\u00fdch org\u00e1noch, ako s\u00fa pe\u010de\u0148, slezina a obli\u010dky.<br \/>\nTo m\u00f4\u017ee vies\u0165 k dysfunkcii a zlyhaniu t\u00fdchto org\u00e1nov.<br \/>\n<strong>Obli\u010dky:<\/strong> Obli\u010dky m\u00f4\u017eu by\u0165 postihnut\u00e9 granulomat\u00f3znymi l\u00e9ziami, \u010do m\u00f4\u017ee vies\u0165 k zlyhaniu obli\u010diek.<br \/>\n<strong>Centr\u00e1lny nervov\u00fd syst\u00e9m (CNS):<\/strong> FIP m\u00f4\u017ee pri postihnut\u00ed CNS sp\u00f4sobi\u0165 neurologick\u00e9 pr\u00edznaky.<br \/>\nMa\u010dky s neurologickou FIP m\u00f4\u017eu vykazova\u0165 zmeny spr\u00e1vania, z\u00e1chvaty a \u0165a\u017ekosti pri ch\u00f4dzi.<br \/>\n<strong>O\u010di<\/strong>: Pri FIP je be\u017en\u00e9 postihnutie o\u010d\u00ed, ktor\u00e9 vedie k z\u00e1palu, z\u00e1kalom a niekedy k slepote.<br \/>\nToto je zn\u00e1me ako o\u010dn\u00e1 alebo such\u00e1 FIP.<br \/>\n<strong>Kardiovaskul\u00e1rny syst\u00e9m:<\/strong> V niektor\u00fdch pr\u00edpadoch m\u00f4\u017ee FIP postihn\u00fa\u0165 srdce a cievy, \u010do vedie ku kardiovaskul\u00e1rnym probl\u00e9mom.<br \/>\nToto neust\u00e1le zhor\u0161ovanie stavu ma\u010dky nakoniec vedie k ochrnutiu a nakoniec k smrti.<\/p>\n<p>&nbsp;<\/p>\n<p>&nbsp;<\/p>\n<h1><strong>Pr\u00edznaky na z\u00e1klade \u0161t\u00e1di\u00ed FIP<\/strong><\/h1>\n<h2><strong>Pr\u00edznak po\u010das skor\u00fdch \u0161t\u00e1di\u00ed FIP<\/strong><strong> <\/strong><\/h2>\n<p>U ma\u010diek sa m\u00f4\u017eu objavi\u0165 skor\u00e9 ne\u0161pecifick\u00e9 pr\u00edznaky, ako s\u00fa zmeny spr\u00e1vania, strata hmotnosti a chuti do jedla, ako aj kol\u00edsav\u00e1 hor\u00fa\u010dka.<\/p>\n<p><strong> <\/strong><\/p>\n<p><strong>Ne\u0161pecifick\u00e9 pr\u00edznaky<\/strong><\/p>\n<p>FIP m\u00e1 \u0161irok\u00fa \u0161k\u00e1lu ne\u0161pecifick\u00fdch pr\u00edznakov, ktor\u00e9 sa daj\u00fa \u013eahko zameni\u0165 za in\u00e9 ochorenia. Tieto po\u010diato\u010dn\u00e9 pr\u00edznaky s\u00fa zvy\u010dajne nejasn\u00e9 a zah\u0155\u0148aj\u00fa apatiu, letargiu, zn\u00ed\u017een\u00fa chu\u0165 do jedla, stratu hmotnosti a kol\u00edsav\u00fa hor\u00fa\u010dku. V niektor\u00fdch pr\u00edpadoch sa u ma\u010diek objavia zmeny spr\u00e1vania sprev\u00e1dzaj\u00face tieto fyzick\u00e9 pr\u00edznaky. Je nevyhnutn\u00e9 venova\u0165 pozornos\u0165 drobn\u00fdm zmen\u00e1m v zdravotnom re\u017eime va\u0161ej ma\u010dky, ako je zv\u00fd\u0161en\u00e1 alebo zn\u00ed\u017een\u00e1 hladina energie, preto\u017ee to m\u00f4\u017ee by\u0165 prv\u00fdm pr\u00edznakom FIP. Napriek tomu, \u017ee je u ma\u010diek tak\u00e1 \u010dast\u00e1, nen\u00e1padn\u00e1 pr\u00ed\u010dina s\u0165a\u017euje jej odhalenie v po\u010diato\u010dn\u00fdch \u0161t\u00e1di\u00e1ch, pokia\u013e sa nebudete pozorne venova\u0165 \u010fal\u0161\u00edm pr\u00edznakom, ako je anorexia alebo pica (stav, ke\u010f jedia veci, ktor\u00e9 by nemali), ktor\u00e9 sa \u010dasto vyskytuj\u00fa po\u010das infekcie FIP. Kol\u00edsav\u00e9 hor\u00fa\u010dky m\u00f4\u017eu tie\u017e znamena\u0165, \u017ee s va\u0161ou ma\u010dkou nie je nie\u010do v poriadku, preto si pri pravideln\u00fdch kontrol\u00e1ch po\u010das d\u0148a v\u0161\u00edmajte ak\u00e9ko\u013evek v\u00fdrazn\u00e9 zmeny teploty, ako napr\u00edklad zdokumentovan\u00fa hor\u00fa\u010dku trvaj\u00facu viac ako 24 hod\u00edn napriek lie\u010dbe, ktor\u00fa vykon\u00e1va veterin\u00e1rny lek\u00e1r. <\/p>\n<p>&nbsp;<\/p>\n<p><strong>Hna\u010dka<\/strong><\/p>\n<p>Ke\u010f sa ma\u010dac\u00ed koronav\u00edrus (FCoV) prv\u00fdkr\u00e1t dostane do ma\u010dky, infikuje tenk\u00e9 \u010drevo a niekedy sp\u00f4sobuje hna\u010dku.<br \/>\nV\u00edrus sa vylu\u010duje s trusom u\u017e dva dni po infekcii a potom nieko\u013eko t\u00fd\u017ed\u0148ov a\u017e mesiacov.<br \/>\nZ \u010dreva sa v\u00edrus dost\u00e1va do krvn\u00e9ho obehu, \u010do u niektor\u00fdch ne\u0161\u0165astn\u00fdch ma\u010diek vedie k FIP, ale v\u00e4\u010d\u0161ina ma\u010diek \u00faspe\u0161ne reaguje na imunitn\u00fd syst\u00e9m a v\u00edrusu sa zbav\u00ed &#8211; a \u010falej vedie \u00faplne zdrav\u00fd a norm\u00e1lny \u017eivot.<br \/>\nPo\u010diato\u010dn\u00e1 infekcia v\u00edrusom FCoV v akomko\u013evek veku, nielen u ma\u010diatok, m\u00f4\u017ee sp\u00f4sobi\u0165 hna\u010dku a jej z\u00e1va\u017enos\u0165 sa m\u00f4\u017ee pohybova\u0165 od miernej, cez chronick\u00fa a\u017e po z\u00e1va\u017en\u00fa a \u017eivot ohrozuj\u00facu.<br \/>\nV\u00edrus spo\u010diatku po\u0161kodzuje sliznicu tenk\u00e9ho \u010dreva.<br \/>\nBohu\u017eia\u013e, u niektor\u00fdch ma\u010diek m\u00f4\u017ee FCoV po\u0161kodi\u0165 tenk\u00e9 \u010drevo pomerne v\u00e1\u017ene, \u010do vedie k trval\u00e9mu sklonu k zvracaniu alebo hna\u010dk\u00e1m a k tzv. malabsorp\u010dn\u00e9mu syndr\u00f3mu, ke\u010f postihnut\u00e1 ma\u010dka nedok\u00e1\u017ee vyu\u017e\u00edva\u0165 \u017eiviny, ktor\u00e9 skonzumovala, a preto nedok\u00e1\u017ee dostato\u010dne pribera\u0165 a prospieva\u0165.  <\/p>\n<p>&nbsp;<\/p>\n<p><strong>Zmeny spr\u00e1vania<\/strong><\/p>\n<p>U ma\u010diek infikovan\u00fdch FIP si majitelia m\u00f4\u017eu najsk\u00f4r v\u0161imn\u00fa\u0165 menej zjavn\u00e9 pr\u00edznaky, ako je zn\u00ed\u017een\u00e1 aktivita, apatia a nechutenstvo.<br \/>\nVa\u0161a ma\u010dka m\u00f4\u017ee by\u0165 ove\u013ea menej interakt\u00edvna ako predt\u00fdm a rad\u0161ej sa zdr\u017eiava osamote alebo cel\u00fd de\u0148 sp\u00ed.<br \/>\nM\u00f4\u017ee sa tie\u017e za\u010da\u0165 vyh\u00fdba\u0165 kontaktom s in\u00fdmi dom\u00e1cimi zvieratami alebo \u013eu\u010fmi.<br \/>\nPica je \u010fal\u0161ia zmena spr\u00e1vania spojen\u00e1 s v\u00edrusom &#8211; ke\u010f va\u0161e zviera za\u010dne jes\u0165 nepotravinov\u00e9 predmety, m\u00f4\u017ee to by\u0165 znakom, \u017ee m\u00e1 FIP.<br \/>\nOkrem anorexie (\u00faplnej straty chuti do jedla) m\u00f4\u017eete pozorova\u0165, \u017ee va\u0161a ma\u010dka sa sna\u017e\u00ed sama k\u0155mi\u0165 alebo pri pon\u00faknut\u00ed potravy \u00faplne prejavuje nez\u00e1ujem o \u0148u &#8211; oboje m\u00f4\u017ee by\u0165 ukazovate\u013eom, \u017ee nie\u010do nie je v poriadku. <\/p>\n<p>&nbsp;<\/p>\n<p><strong>\u00dabytok hmotnosti a strata chuti do jedla<\/strong><\/p>\n<p>Strata hmotnosti a nechutenstvo s\u00fa dva z prv\u00fdch pr\u00edznakov FIP. Ke\u010f sa ma\u010dky nakazia prv\u00fdkr\u00e1t, nemusia sa u nich prejavi\u0165 \u017eiadne pr\u00edznaky a\u017e do nieko\u013ek\u00fdch t\u00fd\u017ed\u0148ov alebo mesiacov. Pomal\u00fd \u00fabytok hmotnosti a zn\u00ed\u017een\u00e1 chu\u0165 do jedla v\u0161ak m\u00f4\u017eu nazna\u010dova\u0165, \u017ee nie\u010do nie je v poriadku. Strata hmotnosti u ma\u010diek je zvy\u010dajne nen\u00e1padn\u00e1, ale majitelia by si ju nemali nev\u0161imn\u00fa\u0165 &#8211; n\u00e1hly pokles hmotnosti o 15 &#8211; 20 % v priebehu nieko\u013ek\u00fdch dn\u00ed m\u00f4\u017ee znamena\u0165 pr\u00edtomnos\u0165 FIP. Podobne aj zn\u00ed\u017een\u00e1 chu\u0165 do jedla, dokonca aj ke\u010f je ma\u010dke pon\u00fakan\u00e9 priazniv\u00e9 krmivo, by mohla nazna\u010dova\u0165 za\u010diatok ochorenia. Tento typ komplexu pr\u00edznakov m\u00f4\u017ee poukazova\u0165 na zlyhanie org\u00e1nov sp\u00f4soben\u00e9 FIP alebo na in\u00e9 z\u00e1va\u017en\u00e9 ochorenia, ako je chronick\u00e9 ochorenie obli\u010diek, ktor\u00e9 nelie\u010den\u00e9 m\u00f4\u017ee r\u00fdchlo postupova\u0165 a sta\u0165 sa pre ma\u010dky \u017eivot ohrozuj\u00facim, ak sa nezist\u00ed v\u010das. Mnoh\u00ed majitelia ma\u010diek uv\u00e1dzaj\u00fa, \u017ee v s\u00favislosti s t\u00fdmito pr\u00edznakmi pozoruj\u00fa dramatick\u00e9 zmeny v \u00farovni energie a aktivity, \u010do e\u0161te viac zd\u00f4raz\u0148uje ich d\u00f4le\u017eitos\u0165 pri diagnostike a rozhodovan\u00ed o lie\u010dbe zo strany veterin\u00e1rnych lek\u00e1rov aj majite\u013eov zvierat.  <\/p>\n<p>&nbsp;<\/p>\n<p><strong>Kol\u00edsav\u00e1 hor\u00fa\u010dka<\/strong><\/p>\n<p>Kol\u00edsav\u00e1 hor\u00fa\u010dka u ma\u010diek sa zvy\u010dajne definuje ako striedanie epiz\u00f3d vysok\u00fdch a n\u00edzkych tepl\u00f4t.<br \/>\nJe to jeden z prv\u00fdch klinick\u00fdch pr\u00edznakov spojen\u00fdch s FIP.<br \/>\nTento druh hor\u00fa\u010dky sa m\u00f4\u017ee meni\u0165 ka\u017ed\u00fd de\u0148 a oscilova\u0165 medzi norm\u00e1lnou telesnou teplotou a nebezpe\u010dne vysok\u00fdmi teplotami.<br \/>\nKe\u010f\u017ee k tomu m\u00f4\u017ee d\u00f4js\u0165 n\u00e1hle, je d\u00f4le\u017eit\u00e9, aby majitelia ma\u010diek pravidelne sledovali teplotu svojho dom\u00e1ceho mazn\u00e1\u010dika, preto\u017ee ak\u00e9ko\u013evek n\u00e1hle zmeny m\u00f4\u017eu by\u0165 pr\u00edznakom FIP alebo in\u00e9ho v\u00e1\u017eneho zdravotn\u00e9ho probl\u00e9mu.<br \/>\nJe \u013eahk\u00e9 zameni\u0165 kol\u00edsav\u00fa teplotu s trval\u00fdmi vysok\u00fdmi hor\u00fa\u010dkami, ktor\u00e9 m\u00f4\u017eu ma\u0165 ma\u010dky, ke\u010f s\u00fa chor\u00e9, ale tieto dve ochorenia s\u00fa ve\u013emi odli\u0161n\u00e9 a vy\u017eaduj\u00fa si odli\u0161n\u00e9 formy lie\u010dby. <\/p>\n<p>&nbsp;<\/p>\n<h2><strong>Pr\u00edznaky po\u010das pokro\u010dil\u00fdch \u0161t\u00e1di\u00ed FIP<\/strong><\/h2>\n<p>&nbsp;<\/p>\n<p>Pr\u00edznaky m\u00f4\u017eu prejs\u0165 do z\u00e1va\u017enej\u0161\u00edch \u00fa\u010dinkov, ako je zlyhanie org\u00e1nov a hromadenie tekut\u00edn.<br \/>\n\u010c\u00edtajte \u010falej a dozviete sa viac! <\/p>\n<p><strong>Zlyhanie org\u00e1nov<\/strong><\/p>\n<p>Zlyhanie org\u00e1nov je jedn\u00fdm z najz\u00e1va\u017enej\u0161\u00edch n\u00e1sledkov spojen\u00fdch s FIP.<br \/>\nM\u00f4\u017ee postihn\u00fa\u0165 r\u00f4zne org\u00e1ny, napr\u00edklad obli\u010dky, pe\u010de\u0148 a mnoh\u00e9 \u010fal\u0161ie.<br \/>\nKe\u010f dosiahne najpokro\u010dilej\u0161ie \u0161t\u00e1dium, m\u00f4\u017ee d\u00f4js\u0165 k poruche funkcie alebo zlyhaniu org\u00e1nov.<br \/>\nToto po\u0161kodenie org\u00e1nov m\u00f4\u017ee sp\u00f4sobi\u0165 \u0161irok\u00fa \u0161k\u00e1lu pr\u00edznakov, ktor\u00e9 sa l\u00ed\u0161ia v z\u00e1vislosti od konkr\u00e9tnych postihnut\u00fdch miest v tele.<br \/>\nAk sa nelie\u010di pr\u00edli\u0161 dlho, zvy\u0161uje obrovsk\u00fa z\u00e1\u0165a\u017e na celkov\u00e9 fyzick\u00e9 zdravie postihnut\u00e9ho zviera\u0165a, a\u017e sa nakoniec zmen\u00ed na katastrof\u00e1lne ochorenie alebo vy\u00fasti do smrti, ak sa nezachyt\u00ed dostato\u010dne skoro a nelie\u010di sa primerane. <\/p>\n<p>&nbsp;<\/p>\n<p><strong>Pretrv\u00e1vaj\u00faca vysok\u00e1 hor\u00fa\u010dka<\/strong><\/p>\n<p>Neustupuj\u00faca hor\u00fa\u010dka je be\u017en\u00fdm klinick\u00fdm pr\u00edznakom spojen\u00fdm s pokro\u010dil\u00fdmi \u0161t\u00e1diami ma\u010dacej infek\u010dnej peritonit\u00eddy (FIP).<br \/>\nT\u00e1to hor\u00fa\u010dka m\u00f4\u017ee dosiahnu\u0165 teplotu od 102 \u00b0C do 105 \u00b0C a m\u00f4\u017ee trva\u0165 t\u00fd\u017edne alebo mesiace.<br \/>\nJe d\u00f4le\u017eit\u00e9 stanovi\u0165 v\u010dasn\u00fa diagn\u00f3zu, preto\u017ee pom\u00e1ha vyl\u00fa\u010di\u0165 in\u00e9 ochorenia a za\u010da\u0165 lie\u010dbu.<br \/>\nHor\u00fa\u010dka je sp\u00f4soben\u00e1 z\u00e1palom v d\u00f4sledku rozsiahlej infekcie, ktor\u00fd m\u00f4\u017ee by\u0165 sprev\u00e1dzan\u00fd pr\u00edznakmi, ako je letargia, opuch brucha, strata chuti do jedla, \u00fabytok hmotnosti a \u017elta\u010dka.<br \/>\nAk hor\u00fa\u010dka pretrv\u00e1va napriek antibiotickej lie\u010dbe alebo protiz\u00e1palov\u00fdm liekom, m\u00f4\u017ee to sved\u010di\u0165 o FIP.<br \/>\nVysok\u00e1 teplota sa \u010dasto normalizuje po za\u010dat\u00ed spr\u00e1vnej lie\u010dby. <\/p>\n<p>&nbsp;<\/p>\n<p><strong>Hromadenie tekut\u00edn<\/strong><\/p>\n<p>Hromadenie tekut\u00edn je hlavn\u00fdm pr\u00edznakom FIP u ma\u010diek a m\u00f4\u017ee sa vyskytova\u0165 v r\u00f4znych oblastiach tela.<br \/>\nV hrudn\u00edku sa tekutina hromad\u00ed okolo srdca a p\u013e\u00fac, \u010do vedie k obmedzeniu pohybu a \u0165a\u017ekostiam s d\u00fdchan\u00edm.<br \/>\nOkrem toho m\u00f4\u017ee d\u00f4js\u0165 k opuchu lymfatick\u00fdch uzl\u00edn v d\u00f4sledku blok\u00e1dy sp\u00f4sobenej nadmernou tvorbou tekut\u00fdch buniek bohat\u00fdch na bielkoviny, ktor\u00e9 sa naz\u00fdvaj\u00fa pleur\u00e1lne v\u00fdpotky.<br \/>\nTekutina sa m\u00f4\u017ee hromadi\u0165 aj v in\u00fdch org\u00e1noch, ako je brucho alebo mie\u0161ok, \u010do sp\u00f4sobuje opuch t\u00fdchto oblast\u00ed a boles\u0165 va\u0161ej ma\u010dky.<br \/>\nOkrem toho m\u00f4\u017eu o\u010di va\u0161ej ma\u010dky vykazova\u0165 pr\u00edznaky tohto hromadenia v nich vr\u00e1tane zmien sfarbenia alebo z\u00e1kalu, zhrubnutia rohovky (ed\u00e9m rohovky) hypopyonu (biela pena v zadnej \u010dasti oka) alebo odl\u00fa\u010denia sietnice v d\u00f4sledku zv\u00fd\u0161enia vn\u00fatroo\u010dn\u00e9ho tlaku sp\u00f4soben\u00e9ho infekciou FIP. <\/p>\n<p>&nbsp;<\/p>\n<p><strong>Probl\u00e9my s o\u010dami<\/strong><\/p>\n<p>Probl\u00e9my s o\u010dami s\u00fa be\u017en\u00fdm indik\u00e1torom FIP.<br \/>\nU ma\u010diek s FIP sa m\u00f4\u017eu vyskytn\u00fa\u0165 o\u010dn\u00e9 zmeny charakterizovan\u00e9 pyogranulomat\u00f3znou prednou uveit\u00eddou.<br \/>\nPr\u00edznaky m\u00f4\u017eu zah\u0155\u0148a\u0165 z\u00e1pal o\u010dnej gule, \u017emurkanie, opuchnut\u00e9 tretie vie\u010dko a zv\u00e4\u010d\u0161en\u00e9 o\u010di, ktor\u00e9 m\u00f4\u017eu zhor\u0161i\u0165 videnie alebo dokonca vies\u0165 k slepote, ak sa nelie\u010dia.<br \/>\nU zvierat s t\u00fdmto typom o\u010dn\u00e9ho prejavu sa m\u00f4\u017ee prejavi\u0165 zv\u00fd\u0161en\u00e1 produkcia s\u013az, ako aj krv\u00e1canie z oka v d\u00f4sledku ulcer\u00e1cie sp\u00f4sobenej infekciou.<br \/>\nOkrem toho m\u00f4\u017eu neurologick\u00e9 pr\u00edznaky s\u00favisiace s FIP ovplyvni\u0165 nervov\u00fd syst\u00e9m &#8211; vr\u00e1tane probl\u00e9mov so zrakom a o\u010dami, ako s\u00fa stiahnut\u00e9 zreni\u010dky, ktor\u00e9 nereaguj\u00fa primerane na zmeny svetla.<br \/>\nNapokon, v niektor\u00fdch pr\u00edpadoch mokrej formy efuz\u00edvnej FIP sa pozorovalo zv\u00fd\u0161enie vn\u00fatroo\u010dn\u00e9ho tlaku sprev\u00e1dzan\u00e9 zhrubnut\u00edm rohovky, \u010do vedie k potenci\u00e1lnej strate zraku v priebehu \u010dasu, ak sa nelie\u010di spr\u00e1vne alebo dostato\u010dne r\u00fdchlo.<\/p>\n","protected":false},"excerpt":{"rendered":"<p>Pri infekcii t\u00fdmto v\u00edrusom existuj\u00fa \u0161tyri r\u00f4zne \u0161t\u00e1di\u00e1 FIP: po\u010diato\u010dn\u00e1 expoz\u00edcia a inkub\u00e1cia, prim\u00e1rna vir\u00e9mia, sekund\u00e1rna vir\u00e9mia a klinick\u00e1 FIP. &nbsp; F\u00e1za FIP: po\u010diato\u010dn\u00e1 expoz\u00edcia a inkub\u00e1cia Ma\u010dac\u00ed koronav\u00edrus (FCoV) sa vyskytuje v mnoh\u00fdch prostrediach, tak\u017ee je ve\u013emi pravdepodobn\u00e9, \u017ee ma\u010dky bud\u00fa niekedy po\u010das svojho \u017eivota vystaven\u00e9 tomuto v\u00edrusu. T\u00e1to po\u010diato\u010dn\u00e1 infekcia je zvy\u010dajne ne\u0161kodn\u00e1, [&hellip;]<\/p>\n","protected":false},"author":1,"featured_media":28666,"parent":0,"menu_order":0,"comment_status":"closed","ping_status":"closed","template":"","meta":{"_glsr_average":0,"_glsr_ranking":0,"_glsr_reviews":0,"footnotes":""},"categories":[1175],"tags":[],"_links":{"self":[{"href":"https:\/\/fipmed.co\/sk\/wp-json\/wp\/v2\/pages\/28665"}],"collection":[{"href":"https:\/\/fipmed.co\/sk\/wp-json\/wp\/v2\/pages"}],"about":[{"href":"https:\/\/fipmed.co\/sk\/wp-json\/wp\/v2\/types\/page"}],"author":[{"embeddable":true,"href":"https:\/\/fipmed.co\/sk\/wp-json\/wp\/v2\/users\/1"}],"replies":[{"embeddable":true,"href":"https:\/\/fipmed.co\/sk\/wp-json\/wp\/v2\/comments?post=28665"}],"version-history":[{"count":0,"href":"https:\/\/fipmed.co\/sk\/wp-json\/wp\/v2\/pages\/28665\/revisions"}],"wp:featuredmedia":[{"embeddable":true,"href":"https:\/\/fipmed.co\/sk\/wp-json\/wp\/v2\/media\/28666"}],"wp:attachment":[{"href":"https:\/\/fipmed.co\/sk\/wp-json\/wp\/v2\/media?parent=28665"}],"wp:term":[{"taxonomy":"category","embeddable":true,"href":"https:\/\/fipmed.co\/sk\/wp-json\/wp\/v2\/categories?post=28665"},{"taxonomy":"post_tag","embeddable":true,"href":"https:\/\/fipmed.co\/sk\/wp-json\/wp\/v2\/tags?post=28665"}],"curies":[{"name":"wp","href":"https:\/\/api.w.org\/{rel}","templated":true}]}}