{"id":28693,"date":"2022-12-02T01:55:02","date_gmt":"2022-12-02T01:55:02","guid":{"rendered":"https:\/\/fipmed.co\/what-to-do-about-cat-abdominal-fluid-caused-by-wet-or-effusive-fip\/"},"modified":"2022-12-02T01:55:02","modified_gmt":"2022-12-02T01:55:02","slug":"what-to-do-about-cat-abdominal-fluid-caused-by-wet-or-effusive-fip","status":"publish","type":"page","link":"https:\/\/fipmed.co\/sk\/what-to-do-about-cat-abdominal-fluid-caused-by-wet-or-effusive-fip\/","title":{"rendered":"\u010co robi\u0165 s bru\u0161nou tekutinou ma\u010dky sp\u00f4sobenou mokrou alebo efuz\u00edvnou FIP"},"content":{"rendered":"<h2>S\u00favislos\u0165 medzi FIP a bru\u0161nou tekutinou<\/h2>\n<p>FIP sp\u00f4sobuje hromadenie tekutiny v bru\u0161nej dutine ma\u010dky, preto je d\u00f4le\u017eit\u00e9 pochopi\u0165 pr\u00edznaky aj d\u00f4sledky.<\/p>\n<h3>Ako sa hromad\u00ed tekutina pri FIP<\/h3>\n<p>Ma\u010dacia infek\u010dn\u00e1 peritonit\u00edda (FIP) je z\u00e1va\u017en\u00fd a zvy\u010dajne smrte\u013en\u00fd v\u00edrus u ma\u010diek. Vznik\u00e1 vtedy, ke\u010f sa koronav\u00edrus, ktor\u00fd sa u\u017e nach\u00e1dza v \u010dreve ma\u010dky, za\u010dne agres\u00edvnej\u0161ie rozmno\u017eova\u0165 a \u0161\u00edri sa do in\u00fdch \u010dast\u00ed tela. Ke\u010f sa tak stane, d\u00f4jde k z\u00e1palovej reakcii imunitn\u00e9ho syst\u00e9mu, ktor\u00e1 vedie k hromadeniu tekutiny v r\u00f4znych org\u00e1noch, ako je brucho alebo hrudn\u00edk. K zadr\u017eiavaniu tekut\u00edn doch\u00e1dza v d\u00f4sledku zv\u00fd\u0161enej priepustnosti ciev a zn\u00ed\u017eenej lymfatickej dren\u00e1\u017ee. Tento proces m\u00e1 vplyv aj na po\u0161kodenie tkaniva, \u010do vedie k \u010fal\u0161iemu po\u0161kodeniu buniek v d\u00f4sledku fibr\u00f3zy a tvorby kolag\u00e9nu, ktor\u00e9 s\u00fa d\u00f4sledkom chronick\u00e9ho z\u00e1palu. Opuch brucha sp\u00f4soben\u00fd FIP m\u00f4\u017ee by\u0165 celkom vidite\u013en\u00fd ako zv\u00e4\u010d\u0161enie v oblasti \u017eal\u00fadka, ktor\u00e9 je niekedy m\u00e4kk\u00e9, ale pevn\u00e9 kv\u00f4li svojej visk\u00f3znej \u0161trukt\u00fare &#8211; nie\u010do podobn\u00e9 ako gumov\u00fd cement pri dotyku; m\u00f4\u017eu sa objavi\u0165 aj \u0161kvrny, vl\u00e1kna alebo zrazeniny fibr\u00ednu v z\u00e1vislosti od toho, ako dlho je pr\u00edtomn\u00fd. Okrem toho, \u017ee sa vizu\u00e1lne odli\u0161uje od in\u00fdch druhov tekut\u00edn, ktor\u00e9 sa nach\u00e1dzaj\u00fa vo vn\u00fatri zvierat, vedci dok\u00e1zali identifikova\u0165 alfa-1 kysl\u00fd glykoprote\u00edn (AGP), ktor\u00fd je \u010dasto zv\u00fd\u0161en\u00fd vo vzork\u00e1ch s\u00e9ra odobrat\u00fdch pri vy\u0161etreniach pred smr\u0165ou z v\u00fdpotkov, ktor\u00e9 s\u00fa vy\u0161\u0161ie, ako sa o\u010dak\u00e1va v porovnan\u00ed s ma\u010dkami, ktor\u00e9 za norm\u00e1lnych okolnost\u00ed nie s\u00fa postihnut\u00e9. <\/p>\n<h3>Vidite\u013en\u00e9 pr\u00edznaky FIP Eff\u00fazia<\/h3>\n<p>Ma\u010dky trpiace FIP m\u00f4\u017eu ma\u0165 zv\u00e4\u010d\u0161en\u00e9 brucho, odol\u00e1vaj\u00fa meraniu teploty a pri dotyku po bokoch sa zdaj\u00fa by\u0165 nepr\u00edjemn\u00e9. Mal by sa vyhodnoti\u0165 aj stav hydrat\u00e1cie, preto\u017ee v d\u00f4sledku siln\u00e9ho opuchu brucha spojen\u00e9ho s ef\u00faziou FIP m\u00f4\u017ee d\u00f4js\u0165 k dehydrat\u00e1cii. Pri palpa\u010dnom vy\u0161etren\u00ed po\u010das fyzik\u00e1lneho vy\u0161etrenia sa tekutina spojen\u00e1 s FIP \u010dasto jav\u00ed ako visk\u00f3zna, h\u00fa\u017eevnat\u00e1, lepkav\u00e1, spenen\u00e1 a svetlo\u017eltej farby. V niektor\u00fdch pr\u00edpadoch m\u00f4\u017eu by\u0165 v tekutine dokonca vidite\u013en\u00e9 \u0161kvrny alebo vl\u00e1kna, ktor\u00e9 s\u00favisia s fibr\u00ednov\u00fdmi usadeninami \u0161pecifick\u00fdmi pre tento chorobn\u00fd proces; na spr\u00e1vne potvrdenie tohto stavu pred za\u010dat\u00edm lie\u010dby je v\u0161ak potrebn\u00e1 presn\u00e1 diagn\u00f3za pomocou laborat\u00f3rnych testovac\u00edch met\u00f3d, ako je cytol\u00f3gia a s\u00e9rol\u00f3gia. <\/p>\n<h3>\u00daloha pri diagnostike a lie\u010dbe<\/h3>\n<p>Pri <a href=\"\/de?page_id=870\" target=\"_blank\" rel=\"noopener\">podozren\u00ed na FIP u ma\u010diek<\/a> zohr\u00e1va d\u00f4le\u017eit\u00fa \u00falohu pri diagnostike bru\u0161n\u00e1 tekutina. Jedn\u00fdm zo sp\u00f4sobov, ktor\u00fd m\u00f4\u017ee pom\u00f4c\u0165 pri stanoven\u00ed pozit\u00edvnej diagn\u00f3zy, je vykonanie postupu naz\u00fdvan\u00e9ho &#8222;cent\u00e9za&#8220; alebo odber \u010dasti tejto tekutiny a jej anal\u00fdza na d\u00f4kaz p\u00f4vodcov infekcie \u0161pecifick\u00fdch pre FIP. V\u010faka tomu je diagn\u00f3za presnej\u0161ia v porovnan\u00ed so spoliehan\u00edm sa len na sn\u00edmky, ako je CT alebo ultrazvuk, ktor\u00e9 sa zvy\u010dajne pou\u017e\u00edvaj\u00fa pri diagnostike tohto ochorenia. Anal\u00fdza tekut\u00edn umo\u017e\u0148uje veterin\u00e1rnym lek\u00e1rom zisti\u0165 hromadenie protil\u00e1tky zn\u00e1mej ako antig\u00e9n ma\u010dacieho koronav\u00edrusu (FCoV), ktor\u00e1 m\u00e1 tendenciu hromadi\u0165 sa spolu s ascitom v pr\u00edpadoch, ke\u010f sa vyvinie FIP. <\/p>\n<h2>Kedy by ste mali odstr\u00e1ni\u0165 bru\u0161n\u00fa tekutinu pri v\u00fdtoku FIP Ko\u010dky.<\/h2>\n<p>Mali by ste t\u00fato tekutinu odstr\u00e1ni\u0165, ke\u010f u\u017e pozn\u00e1te pr\u00ed\u010dinu? Z\u00e1le\u017e\u00ed na tom. Ni\u017e\u0161ie uv\u00e1dzame dve fikt\u00edvne situ\u00e1cie spolu s na\u0161imi n\u00e1vrhmi postupu pre ka\u017ed\u00fa z nich.  <\/p>\n<p><strong>Scen\u00e1r I  <\/strong><\/p>\n<p><u>Zv\u00e4\u010d\u0161enie brucha je jasne vidite\u013en\u00e9. Va\u0161a ma\u010dka v\u0161ak pohodlne pap\u00e1, pije a d\u00fdcha <\/u><\/p>\n<p>V tomto pr\u00edpade neodpor\u00fa\u010dame kvapalinu vybera\u0165. R\u00fdchlo za\u010dnite lie\u010dbu liekom GS-441524 a uvid\u00edte, \u017ee ve\u013ekos\u0165 opuchu brucha sa zmen\u0161\u00ed. V\u00edrusy FIP sa postupne vylu\u010duj\u00fa z tela, ke\u010f sa n\u00edm postupne reabsorbuje tekutina z brucha. Ke\u010f\u017ee v tejto situ\u00e1cii existuje v\u00e4\u010d\u0161ie riziko po\u0161kodenia ako \u00fa\u017eitku, neodpor\u00fa\u010dame vyp\u00fa\u0161\u0165anie bru\u0161nej tekutiny. Straten\u00e1 tekutina sa r\u00fdchlo vr\u00e1ti, \u010dasto na \u00fakor pr\u00edjmu bielkov\u00edn a dehydrat\u00e1cie. Vyhnite sa v\u00e4\u010d\u0161iemu po\u0161kodeniu u\u017e aj tak citliv\u00e9ho syst\u00e9mu va\u0161ej ma\u010dky, ak pravidelne pap\u00e1 a pije a nem\u00e1 s\u0165a\u017een\u00e9 d\u00fdchanie.  <\/p>\n<p><strong>Scen\u00e1r II  <\/strong><\/p>\n<p><u>Zv\u00e4\u010d\u0161enie sp\u00f4sobuje \u0165a\u017ekosti s d\u00fdchan\u00edm alebo jedlom.  <\/u><\/p>\n<p>V tomto pr\u00edpade sa mus\u00ed odstr\u00e1ni\u0165 \u010das\u0165 tekutiny, ale nie v\u0161etka. D\u00fdchacie \u0165a\u017ekosti ved\u00fa k srdcov\u00e9mu stresu, ktor\u00fd sa prejavuje zv\u00fd\u0161enou srdcovou frekvenciou a nam\u00e1hav\u00fdm tlkotom srdca. Za extr\u00e9mnych okolnost\u00ed m\u00f4\u017ee tento stres sp\u00f4sobi\u0165 zlyhanie srdca. Dehydrat\u00e1cia a depl\u00e9cia bielkov\u00edn s\u00fa d\u00f4sledkom odstr\u00e1nenia tekutiny z brucha. V tomto pr\u00edpade v\u00fdhody evaku\u00e1cie tekut\u00edn prevy\u0161uj\u00fa nev\u00fdhody. Je potrebn\u00e9 poznamena\u0165, \u017ee nadmern\u00e9 odstr\u00e1nenie tekut\u00edn m\u00f4\u017ee sp\u00f4sobi\u0165 nebezpe\u010dn\u00fd \u0161ok pre syst\u00e9m va\u0161ej ma\u010dky a m\u00f4\u017ee ma\u0165 za n\u00e1sledok smr\u0165. Vo v\u0161eobecnosti odpor\u00fa\u010dame odstr\u00e1ni\u0165 maxim\u00e1lne 30 % celkovej tekutiny z brucha. V porovnan\u00ed s lie\u010dbou dospel\u00fdch ma\u010diek v ich najlep\u0161om veku bu\u010fte pri lie\u010dbe ma\u010diatok a star\u0161\u00edch ma\u010diek s vlhkou FIP opatrnej\u0161\u00ed a odoberajte menej tekutiny. Majte na pam\u00e4ti, \u017ee pokia\u013e va\u0161a ma\u010dka nedostane antivirotikum GS-441524, tekutina sa vr\u00e1ti.    <\/p>\n<p><strong>Pozn\u00e1mky k odstr\u00e1neniu:<\/strong><\/p>\n<p>Odstr\u00e1nenie bru\u0161nej tekutiny ma\u010dk\u00e1m s diagn\u00f3zou efuz\u00edvnej FIP je indikovan\u00e9 na zn\u00ed\u017eenie opuchu brucha a poskytnutie \u00fa\u013eavy ma\u010dke. Zvy\u010dajne po jednom alebo dvoch t\u00fd\u017ed\u0148och lie\u010dby mo\u017eno pozorova\u0165 zn\u00ed\u017eenie opuchu brucha za predpokladu, \u017ee tekutina bola odstr\u00e1nen\u00e1. Ak je v\u00fdpotok dostato\u010dne ve\u013ek\u00fd, malo by sa zv\u00e1\u017ei\u0165 jeho odstr\u00e1nenie pomocou zu\u017euj\u00facich techn\u00edk, ako je abdominocent\u00e9za\/torakocent\u00e9za alebo interkost\u00e1lna dren\u00e1\u017e, po ktorej sa m\u00f4\u017ee do hrudnej alebo bru\u0161nej dutiny aplikova\u0165 dexametaz\u00f3n. Pom\u00f4\u017ee to zn\u00ed\u017ei\u0165 z\u00e1pal spojen\u00fd s FIP, \u010do vedie k lep\u0161iemu pohodliu a lep\u0161ej progn\u00f3ze ma\u010dky. Obdobie remisie spojen\u00e9 s odstra\u0148ovan\u00edm v\u00fdpotkov je v\u0161ak vo v\u0161eobecnosti do\u010dasn\u00e9 a u ma\u010diek sa zvy\u010dajne r\u00fdchlo obnov\u00ed, ak sa po v\u00fdraznom zmiernen\u00ed pr\u00edznakov po z\u00e1kroku nesleduje komplexn\u00e1 starostlivos\u0165. <\/p>\n<h2>Met\u00f3dy na zn\u00ed\u017eenie hromadenia tekut\u00edn<\/h2>\n<p>Dren\u00e1\u017e ascitickej tekutiny pri infek\u010dnej peritonit\u00edde ma\u010diek \u010dasto zah\u0155\u0148a nasleduj\u00face postupy: Veterin\u00e1rne hodnotenie: Oper\u00e1ciu by mal v\u017edy vykon\u00e1va\u0165 veterin\u00e1rny lek\u00e1r alebo osoba pracuj\u00faca pod jeho doh\u013eadom. Veterin\u00e1rny lek\u00e1r ma\u010dku fyzicky vy\u0161etr\u00ed, pou\u017eije ultrazvuk alebo vykon\u00e1 in\u00e9 diagnostick\u00e9 postupy, aby potvrdil pr\u00edtomnos\u0165 ascitickej tekutiny pred pokra\u010dovan\u00edm v lie\u010dbe. Pr\u00edprava pred z\u00e1krokom: Pr\u00edprava pred oper\u00e1ciou zah\u0155\u0148a sed\u00e1ciu alebo anest\u00e9ziu ma\u010dky, aby sa c\u00edtila pohodlnej\u0161ie a zn\u00ed\u017eila sa jej \u00farove\u0148 \u00fazkosti. Vyholenie a steriliz\u00e1cia oblasti brucha je be\u017enou praxou na prevenciu infekcie. Umiestnenie ihly alebo kat\u00e9tra: Veterin\u00e1rny lek\u00e1r zavedie tenk\u00fa ihlu alebo kat\u00e9ter cez bru\u0161n\u00fa stenu do bru\u0161nej dutiny. Be\u017enou praxou je pou\u017eitie ultrazvukov\u00e9ho nav\u00e1dzania, ktor\u00e9 pom\u00e1ha pri umiest\u0148ovan\u00ed a zabra\u0148uje ne\u00famyseln\u00e9mu poraneniu vn\u00fatorn\u00fdch org\u00e1nov. Odvod tekut\u00edn: Ascitick\u00e1 tekutina sa jemne a pomaly odv\u00e1dza z brucha do sterilnej n\u00e1doby. Z\u00e1va\u017enos\u0165 ochorenia ma\u010dky a mno\u017estvo ascitu ur\u010duj\u00fa, ko\u013eko tekutiny sa mus\u00ed odsa\u0165. Aby sa zmiernilo nad\u00favanie a boles\u0165 brucha, v lie\u010dbe sa \u010dasto pokra\u010duje, k\u00fdm sa neodsaje dostato\u010dn\u00fd objem tekutiny. Monitorovanie: Po\u010das cel\u00e9ho pobytu na opera\u010dnej s\u00e1le sa u ma\u010diek monitoruje srdcov\u00e1 frekvencia a frekvencia d\u00fdchania. Starostlivos\u0165 po z\u00e1kroku: Veterin\u00e1rny lek\u00e1r bude ma\u010dku pozorne sledova\u0165, ke\u010f sa bude zotavova\u0165 zo z\u00e1kroku. Po oper\u00e1cii bud\u00fa niektor\u00e9 ma\u010dky potrebova\u0165 lieky proti bolesti, tekutiny a antibiotik\u00e1 na prevenciu infekcie. Je mo\u017en\u00e9 obviazanie alebo zo\u0161itie brucha na utesnenie prepichnut\u00e9ho otvoru.<\/p>\n<p>&nbsp;<\/p>\n<h2>Podporn\u00e1 starostlivos\u0165, aby sa ma\u010dka c\u00edtila pohodlnej\u0161ie<\/h2>\n<p>Poskytovanie podpornej starostlivosti ma\u010dk\u00e1m s diagn\u00f3zou FIP je nevyhnutn\u00e9, aby sa ma\u010dka c\u00edtila pohodlnej\u0161ie a zlep\u0161ila sa jej kvalita \u017eivota. \u0160irokospektr\u00e1lne antibiotik\u00e1 be\u017ene odpor\u00fa\u010dan\u00e1 <a href=\"\/de?page_id=895\" target=\"_blank\" rel=\"noopener\">lie\u010dba na podporn\u00fa lie\u010dbu ma\u010diek s FIP<\/a>, preto\u017ee m\u00f4\u017ee pom\u00f4c\u0165 zn\u00ed\u017ei\u0165 z\u00e1pal a zvl\u00e1dnu\u0165 sekund\u00e1rne infekcie. D\u00f4le\u017eit\u00e9 s\u00fa aj podko\u017en\u00e9 tekutiny, ktor\u00e9 zabezpe\u010dia, \u017ee ma\u010dka zostane hydratovan\u00e1, a pom\u00e1haj\u00fa udr\u017eiava\u0165 optim\u00e1lnu telesn\u00fa kond\u00edciu. Na zmiernenie niektor\u00fdch <a href=\"\/de?page_id=899\" target=\"_blank\" rel=\"noopener\">pr\u00edznakov<\/a>, ako je hna\u010dka spojen\u00e1 s pr\u00edpadmi FIP, sa m\u00f4\u017eu pou\u017ei\u0165 dom\u00e1ce lieky, napr\u00edklad tekvicov\u00e9 pyr\u00e9 alebo probiotik\u00e1. Je tie\u017e d\u00f4le\u017eit\u00e9 poskytova\u0165 podporn\u00fa starostlivos\u0165, aj ke\u010f sa po\u010das diagnostick\u00e9ho postupu nezist\u00ed \u017eiadny v\u00fdpotok, \u010do je \u010dasto pr\u00edpad niektor\u00fdch pr\u00edpadov v\u00fdpotkovej infek\u010dnej peritonit\u00eddy ma\u010diek. M\u00f4\u017ee to zah\u0155\u0148a\u0165 pou\u017eitie intraven\u00f3znych tekut\u00edn na udr\u017eanie hladiny hydrat\u00e1cie, ke\u010f zlyh\u00e1 peror\u00e1lna rehydrat\u00e1cia, ako aj stimul\u00e1torov chuti do jedla alebo v\u00fd\u017eivov\u00fdch doplnkov, ktor\u00e9 m\u00f4\u017ee predp\u00edsa\u0165 veterin\u00e1rny odborn\u00edk na v\u00fd\u017eivu v z\u00e1vislosti od ich individu\u00e1lnych potrieb Okrem toho sk\u00fasen\u00fd veterin\u00e1rny odborn\u00edk bude sledova\u0165 ak\u00e9ko\u013evek opuchy pr\u00edtomn\u00e9 v bruchu va\u0161ej ma\u010dky, preto\u017ee to m\u00f4\u017ee nazna\u010dova\u0165 hromadenie tekut\u00edn v d\u00f4sledku z\u00e1kladn\u00fdch zdravotn\u00fdch stavov s\u00favisiacich s FIP. <\/p>\n<p>&nbsp;<\/p>\n","protected":false},"excerpt":{"rendered":"<p>S\u00favislos\u0165 medzi FIP a bru\u0161nou tekutinou FIP sp\u00f4sobuje hromadenie tekutiny v bru\u0161nej dutine ma\u010dky, preto je d\u00f4le\u017eit\u00e9 pochopi\u0165 pr\u00edznaky aj d\u00f4sledky. Ako sa hromad\u00ed tekutina pri FIP Ma\u010dacia infek\u010dn\u00e1 peritonit\u00edda (FIP) je z\u00e1va\u017en\u00fd a zvy\u010dajne smrte\u013en\u00fd v\u00edrus u ma\u010diek. Vznik\u00e1 vtedy, ke\u010f sa koronav\u00edrus, ktor\u00fd sa u\u017e nach\u00e1dza v \u010dreve ma\u010dky, za\u010dne agres\u00edvnej\u0161ie rozmno\u017eova\u0165 a [&hellip;]<\/p>\n","protected":false},"author":11,"featured_media":28694,"parent":0,"menu_order":0,"comment_status":"closed","ping_status":"closed","template":"","meta":{"_glsr_average":0,"_glsr_ranking":0,"_glsr_reviews":0,"footnotes":""},"categories":[1169],"tags":[1206,1170],"_links":{"self":[{"href":"https:\/\/fipmed.co\/sk\/wp-json\/wp\/v2\/pages\/28693"}],"collection":[{"href":"https:\/\/fipmed.co\/sk\/wp-json\/wp\/v2\/pages"}],"about":[{"href":"https:\/\/fipmed.co\/sk\/wp-json\/wp\/v2\/types\/page"}],"author":[{"embeddable":true,"href":"https:\/\/fipmed.co\/sk\/wp-json\/wp\/v2\/users\/11"}],"replies":[{"embeddable":true,"href":"https:\/\/fipmed.co\/sk\/wp-json\/wp\/v2\/comments?post=28693"}],"version-history":[{"count":0,"href":"https:\/\/fipmed.co\/sk\/wp-json\/wp\/v2\/pages\/28693\/revisions"}],"wp:featuredmedia":[{"embeddable":true,"href":"https:\/\/fipmed.co\/sk\/wp-json\/wp\/v2\/media\/28694"}],"wp:attachment":[{"href":"https:\/\/fipmed.co\/sk\/wp-json\/wp\/v2\/media?parent=28693"}],"wp:term":[{"taxonomy":"category","embeddable":true,"href":"https:\/\/fipmed.co\/sk\/wp-json\/wp\/v2\/categories?post=28693"},{"taxonomy":"post_tag","embeddable":true,"href":"https:\/\/fipmed.co\/sk\/wp-json\/wp\/v2\/tags?post=28693"}],"curies":[{"name":"wp","href":"https:\/\/api.w.org\/{rel}","templated":true}]}}