{"id":29562,"date":"2024-12-19T13:19:45","date_gmt":"2024-12-19T13:19:45","guid":{"rendered":"https:\/\/fipmed.co\/product\/1x-bottle-fipmed-eidd2801-30x-capsules-for-5kg-cats\/"},"modified":"2024-12-19T13:19:45","modified_gmt":"2024-12-19T13:19:45","slug":"1x-bottle-fipmed-eidd2801-30x-capsules-for-5kg-cats","status":"publish","type":"product","link":"https:\/\/fipmed.co\/sk\/produkt\/1x-bottle-fipmed-eidd2801-30x-capsules-for-5kg-cats\/","title":{"rendered":"FIPMed EIDD2801 30x kapsuly (5 kg ma\u010dky) Vysok\u00e1 toxicita. Len pre ma\u010dky rezistentn\u00e9 na GS441524."},"content":{"rendered":"<p>Pon\u00fakame kapsuly FIPMed EIDD2801 pre ma\u010dky, u ktor\u00fdch sa vyvinula rezistencia na GS441524 a u\u017e im nezaber\u00e1. V takom pr\u00edpade m\u00f4\u017ee by\u0165 EIDD2801 poslednou mo\u017enos\u0165ou. <\/p>\n<p>Molnupiravir (EIDD-2801) vykazuje vysok\u00fa toxicitu, \u010do ho rob\u00ed nevhodn\u00fdm na dlhodob\u00e9 pou\u017e\u00edvanie potrebn\u00e9 pri lie\u010dbe FIP. Dlhodob\u00e9 pou\u017e\u00edvanie m\u00f4\u017ee vies\u0165 k mut\u00e1ci\u00e1m RNA, \u010do zvy\u0161uje riziko vzniku rakoviny. <\/p>\n<p>Molnupiravir je vhodn\u00fd len na kr\u00e1tkodob\u00fa lie\u010dbu, ako je COVID-19, kde 5-d\u0148ov\u00e1 lie\u010dba nie je dostato\u010dne dlh\u00e1 na to, aby sp\u00f4sobila \u0161kodliv\u00e9 mutag\u00e9nne \u00fa\u010dinky.<\/p>\n<p><strong>U ma\u010diek s FIP lie\u010den\u00fdch molnupiravirom alebo EIDD2801 sa m\u00f4\u017ee zv\u00fd\u0161i\u0165 pravdepodobnos\u0165 vzniku rakoviny v priebehu 3 rokov. Neodpor\u00fa\u010da sa lie\u010di\u0165 FIP liekom EIDD2801, najm\u00e4 u mlad\u00fdch ma\u010diek. <\/strong><\/p>\n<p>Je to len alternat\u00edva, ak va\u0161a ma\u010dka u\u017e nereaguje na GS441524.<\/p>\n<p>Pre\u010do mus\u00ed lie\u010dba FIP trva\u0165 84 dn\u00ed? V\u00edrus FIPV zost\u00e1va v tele ma\u010dky a\u017e 90 dn\u00ed. Antivirotik\u00e1 ako GS-441524, Molnupiravir a GC376 sk\u00f4r inhibuj\u00fa replik\u00e1ciu v\u00edrusu, ne\u017e aby ho priamo zab\u00edjali, preto mus\u00edme po\u010dka\u0165, k\u00fdm v\u00edrus prirodzene odumrie. V s\u00fa\u010dasnosti nie je na trhu \u017eiadny liek, ktor\u00fd by \u00faspe\u0161ne usmrtil v\u00edrus a skr\u00e1til tak \u010das lie\u010dby.   <\/p>\n<p>&#8211; Smery: 1 kapsula denne<\/p>\n<p>&#8211; Ka\u017ed\u00e1 kapsula obsahuje 100 mg molnupiraviru (EIDD2801) pre 5 kg ma\u010dky<\/p>\n<p>&#8211; Ka\u017ed\u00e1 f\u013ea\u0161a obsahuje 30 kaps\u00fal<\/p>\n<p><strong>Ako rozpozna\u0165 EIDD2801 pred\u00e1van\u00fd ako GS441524?<\/strong><\/p>\n<p><span style=\"font-size: 12pt;\">&#8211; Ak je cena v porovnan\u00ed s priemyseln\u00fdmi normami pre GS441524 ove\u013ea ni\u017e\u0161ia<\/span><\/p>\n<p><span style=\"font-size: 12pt;\">&#8211; Ak sa pred\u00e1va vo forme kaps\u00fal. \u017diadny v\u00fdrobca nevyr\u00e1ba GS-441524 vo forme kaps\u00fal. Ale v\u0161etka lie\u010dba EIDD2801 sa vyr\u00e1ba vo forme kaps\u00fal.  <\/span><\/p>\n<p><span style=\"font-size: 12pt;\">&#8211; Ak sa d\u00e1vkovanie alebo trvanie lie\u010dby l\u00ed\u0161i od odpor\u00fa\u010dania Dr. Nielsa Pedersena<\/span><\/p>\n","protected":false},"excerpt":{"rendered":"<p>Pon\u00fakame kapsuly FIPMed EIDD2801 pre ma\u010dky, u ktor\u00fdch sa vyvinula rezistencia na GS441524 a u\u017e im nezaber\u00e1. V takom pr\u00edpade m\u00f4\u017ee by\u0165 EIDD2801 poslednou mo\u017enos\u0165ou. <\/p>\n<p>Molnupiravir (EIDD-2801) vykazuje vysok\u00fa toxicitu, \u010do ho rob\u00ed nevhodn\u00fdm na dlhodob\u00e9 pou\u017e\u00edvanie potrebn\u00e9 pri lie\u010dbe FIP. Dlhodob\u00e9 pou\u017e\u00edvanie m\u00f4\u017ee vies\u0165 k mut\u00e1ci\u00e1m RNA, \u010do zvy\u0161uje riziko vzniku rakoviny. <\/p>\n<p>Molnupiravir je vhodn\u00fd len na kr\u00e1tkodob\u00fa lie\u010dbu, ako je COVID-19, kde 5-d\u0148ov\u00e1 lie\u010dba nie je dostato\u010dne dlh\u00e1 na to, aby sp\u00f4sobila \u0161kodliv\u00e9 mutag\u00e9nne \u00fa\u010dinky.<\/p>\n<p>U ma\u010diek s FIP lie\u010den\u00fdch molnupiravirom alebo EIDD2801 sa m\u00f4\u017ee zv\u00fd\u0161i\u0165 pravdepodobnos\u0165 vzniku rakoviny v priebehu 3 rokov. Neodpor\u00fa\u010da sa lie\u010di\u0165 FIP liekom EIDD2801, najm\u00e4 u mlad\u00fdch ma\u010diek. <\/p>\n<p>Je to len alternat\u00edva, ak va\u0161a ma\u010dka u\u017e nereaguje na GS441524.<\/p>\n<p>Pre\u010do mus\u00ed lie\u010dba FIP trva\u0165 84 dn\u00ed? V\u00edrus FIPV zost\u00e1va v tele ma\u010dky a\u017e 90 dn\u00ed. Antivirotik\u00e1 ako GS-441524, Molnupiravir a GC376 sk\u00f4r inhibuj\u00fa replik\u00e1ciu v\u00edrusu, ne\u017e aby ho priamo zab\u00edjali, preto mus\u00edme po\u010dka\u0165, k\u00fdm v\u00edrus prirodzene odumrie. V s\u00fa\u010dasnosti nie je na trhu \u017eiadny liek, ktor\u00fd by \u00faspe\u0161ne usmrtil v\u00edrus a skr\u00e1til tak \u010das lie\u010dby.   <\/p>\n<p>&#8211; Smery: 1 kapsula denne<\/p>\n<p>&#8211; Ka\u017ed\u00e1 kapsula obsahuje 100 mg molnupiraviru (EIDD2801) pre 5 kg ma\u010dky<\/p>\n<p>&#8211; Ka\u017ed\u00e1 f\u013ea\u0161a obsahuje 30 kaps\u00fal<\/p>\n","protected":false},"featured_media":29563,"template":"","meta":{"_glsr_average":0,"_glsr_ranking":0,"_glsr_reviews":0},"product_cat":[1216],"product_tag":[],"_links":{"self":[{"href":"https:\/\/fipmed.co\/sk\/wp-json\/wp\/v2\/product\/29562"}],"collection":[{"href":"https:\/\/fipmed.co\/sk\/wp-json\/wp\/v2\/product"}],"about":[{"href":"https:\/\/fipmed.co\/sk\/wp-json\/wp\/v2\/types\/product"}],"wp:featuredmedia":[{"embeddable":true,"href":"https:\/\/fipmed.co\/sk\/wp-json\/wp\/v2\/media\/29563"}],"wp:attachment":[{"href":"https:\/\/fipmed.co\/sk\/wp-json\/wp\/v2\/media?parent=29562"}],"wp:term":[{"taxonomy":"product_cat","embeddable":true,"href":"https:\/\/fipmed.co\/sk\/wp-json\/wp\/v2\/product_cat?post=29562"},{"taxonomy":"product_tag","embeddable":true,"href":"https:\/\/fipmed.co\/sk\/wp-json\/wp\/v2\/product_tag?post=29562"}],"curies":[{"name":"wp","href":"https:\/\/api.w.org\/{rel}","templated":true}]}}