{"id":29583,"date":"2022-11-30T16:38:07","date_gmt":"2022-11-30T16:38:07","guid":{"rendered":"https:\/\/fipmed.co\/product\/3x-strips-fipmed-tablets-30mg-10s\/"},"modified":"2022-11-30T16:38:07","modified_gmt":"2022-11-30T16:38:07","slug":"3x-strips-fipmed-tablets-30mg-10s","status":"publish","type":"product","link":"https:\/\/fipmed.co\/sk\/produkt\/3x-strips-fipmed-tablets-30mg-10s\/","title":{"rendered":"3x Strips FipMed Tablety x 10 dn\u00ed (pre 3kg ma\u010dky)"},"content":{"rendered":"<p>&nbsp;<\/p>\n<p><span class=\"s1\">FipMed GS-441524 tablety je \u00fa\u010dinn\u00e1 lie\u010dba ma\u010dacej infek\u010dnej peritonit\u00eddy (FIP).<\/span><\/p>\n<p class=\"p1\"><span class=\"s1\">Ka\u017ed\u00e1 tableta FipMedu pre 3 kg ma\u010dky obsahuje 45 mg GS-441524.<\/span><\/p>\n<p class=\"p1\"><span class=\"s1\">Je ur\u010den\u00fd pre ma\u010dky s hmotnos\u0165ou do 3 kg.<\/span><\/p>\n<p class=\"p1\"><span class=\"s1\">GS-441524 je metabolicky stabiln\u00fd. Absorbovan\u00e9 mno\u017estvo sa v\u0161ak po str\u00e1ven\u00ed \u00faplne nezmetabolizuje. Odhadovan\u00e9 metabolizovan\u00e9 mno\u017estvo je dostato\u010dn\u00e9 pre mokr\u00fa aj such\u00fa FIP. Pri o\u010dnej FIP a neurologickej FIP d\u00e1vku zdvojn\u00e1sobte. U\u017e\u00edvajte dve tablety namiesto jednej.    <\/span><\/p>\n<p>&nbsp;<\/p>\n<p class=\"p1\"><span class=\"s1\">Tablety a d\u00e1vkovanie lieku FIPMed s\u00fa vytvoren\u00e9 na z\u00e1klade odpor\u00fa\u010dan\u00ed Dr. Nielsa Pedersena:<\/span><\/p>\n<p><strong>D\u00e1vkovanie mokr\u00e9ho\/such\u00e9ho FIP pre tablety:<\/strong><\/p>\n<p>Skuto\u010dn\u00fd obsah tabletu GS441524: 15mg\/kg<\/p>\n<p>Po 60 % strate v d\u00f4sledku tr\u00e1venia a metabolizmu*: 6mg\/kg<\/p>\n<p><strong>O\u010dn\u00e9\/neurologick\u00e9 d\u00e1vkovanie FIP pre tablety:<\/strong><\/p>\n<p>Skuto\u010dn\u00fd obsah tabletu GS441524: 30mg\/kg<\/p>\n<p>Po 60 % strate v d\u00f4sledku tr\u00e1venia a metabolizmu*: 12mg\/kg<\/p>\n<p>&nbsp;<\/p>\n<p>* Zistilo sa, \u017ee peror\u00e1lne pod\u00e1vanie tie\u017e zabezpe\u010duje hladinu v krvi, ale s ur\u010dit\u00fdm oneskoren\u00edm a len na \u00farovni pribli\u017ene 40 % maxim\u00e1lnych hlad\u00edn subkut\u00e1nnej a intraven\u00f3znej cesty. GS-441424 sa absorbuje z \u010dreva s pribli\u017ene 50 % \u00fa\u010dinnos\u0165ou ako pri subkut\u00e1nnom alebo intraven\u00f3znom podan\u00ed. Vzh\u013eadom na obmedzenia absorpcie peror\u00e1lneho GS-441524 by sa dalo o\u010dak\u00e1va\u0165, \u017ee peror\u00e1lna d\u00e1vka bude pribli\u017ene dvojn\u00e1sobn\u00e1 v porovnan\u00ed s injekciami. (Niels Pedersen NC, 2018).   <\/p>\n<p>https:\/\/www.vetmed.ucdavis.edu\/sites\/g\/files\/dgvnsk4586\/files\/inline-files\/Use%20of%20oral%20GS-441524%20for%20FIP%20treatmemt_0.pdf<\/p>\n<p>&nbsp;<\/p>\n<p class=\"p1\"><span class=\"s1\">Ka\u017ed\u00fd p\u00e1sik obsahuje 10 peror\u00e1lnych tabliet (10 dn\u00ed lie\u010dby)<\/span><\/p>\n","protected":false},"excerpt":{"rendered":"<p>&nbsp;<\/p>\n<p class=\"p1\"><span class=\"s1\">FipMed GS-441524 tablety je \u00fa\u010dinn\u00e1 lie\u010dba ma\u010dacej infek\u010dnej peritonit\u00eddy (FIP).<\/span><\/p>\n<p class=\"p1\"><span class=\"s1\">Ka\u017ed\u00e1 tableta FipMedu pre 3 kg ma\u010dky obsahuje 45 mg GS-441524. Je ur\u010den\u00fd pre ma\u010dky s hmotnos\u0165ou najviac 3 kg. <\/span><\/p>\n<p class=\"p1\"><span class=\"s1\">GS-441524 je metabolicky stabiln\u00fd. Absorbovan\u00e9 mno\u017estvo sa v\u0161ak po str\u00e1ven\u00ed \u00faplne nezmetabolizuje. Odhadovan\u00e9 metabolizovan\u00e9 mno\u017estvo je dostato\u010dn\u00e9 pre mokr\u00fa aj such\u00fa FIP. Pri o\u010dnej FIP a neurologickej FIP d\u00e1vku zdvojn\u00e1sobte. U\u017e\u00edvajte dve tablety namiesto jednej.    <\/span><\/p>\n<p class=\"p1\"><span class=\"s1\">Ka\u017ed\u00fd p\u00e1sik obsahuje 10 peror\u00e1lnych tabliet (10 dn\u00ed lie\u010dby)<\/span><\/p>\n","protected":false},"featured_media":29584,"template":"","meta":{"_glsr_average":0,"_glsr_ranking":0,"_glsr_reviews":0},"product_cat":[1217],"product_tag":[],"_links":{"self":[{"href":"https:\/\/fipmed.co\/sk\/wp-json\/wp\/v2\/product\/29583"}],"collection":[{"href":"https:\/\/fipmed.co\/sk\/wp-json\/wp\/v2\/product"}],"about":[{"href":"https:\/\/fipmed.co\/sk\/wp-json\/wp\/v2\/types\/product"}],"wp:featuredmedia":[{"embeddable":true,"href":"https:\/\/fipmed.co\/sk\/wp-json\/wp\/v2\/media\/29584"}],"wp:attachment":[{"href":"https:\/\/fipmed.co\/sk\/wp-json\/wp\/v2\/media?parent=29583"}],"wp:term":[{"taxonomy":"product_cat","embeddable":true,"href":"https:\/\/fipmed.co\/sk\/wp-json\/wp\/v2\/product_cat?post=29583"},{"taxonomy":"product_tag","embeddable":true,"href":"https:\/\/fipmed.co\/sk\/wp-json\/wp\/v2\/product_tag?post=29583"}],"curies":[{"name":"wp","href":"https:\/\/api.w.org\/{rel}","templated":true}]}}