{"id":29682,"date":"2023-09-18T08:36:12","date_gmt":"2023-09-18T08:36:12","guid":{"rendered":"https:\/\/fipmed.co\/product\/1x-fipmed-injection-7ml-vial-20mg-ml\/"},"modified":"2023-09-18T08:36:12","modified_gmt":"2023-09-18T08:36:12","slug":"1x-fipmed-injection-7ml-vial-20mg-ml","status":"publish","type":"product","link":"https:\/\/fipmed.co\/sk\/produkt\/1x-fipmed-injection-7ml-vial-20mg-ml\/","title":{"rendered":"1x Fipmed injekcia 7ml injek\u010dn\u00e1 liekovka 20mg\/ml"},"content":{"rendered":"<p class=\"p1\"><span class=\"s1\">FipMed GS-441524 Injection je \u00fa\u010dinn\u00e1 lie\u010dba ma\u010dacej infek\u010dnej peritonit\u00eddy (FIP).  <\/span><span class=\"s1\">Ka\u017ed\u00e1 injek\u010dn\u00e1 liekovka FipMed 20 mg\/ml obsahuje 7 ml.<\/span><\/p>\n<p class=\"p1\"><span class=\"s1\"><strong>Koncentr\u00e1cia<\/strong>: <strong><span class=\"Apple-converted-space\">  <\/span> 20mg\/ml<\/strong><\/span><\/p>\n<p class=\"p1\"><span class=\"s1\"><strong>Objem:<\/strong><span class=\"Apple-converted-space\">  <\/span>7 ml na f\u013ea\u0161ti\u010dku<\/span><\/p>\n<p class=\"p1\"><span class=\"s1\"><strong>Mno\u017estvo:<\/strong><span class=\"Apple-converted-space\"><strong> <\/strong> 1x<\/span> f\u013ea\u0161ti\u010dka<\/span><\/p>\n<p>&nbsp;<\/p>\n<p class=\"p1\"><strong><span class=\"s1\">Odpor\u00fa\u010dan\u00e9 d\u00e1vkovanie:<\/span><\/strong><\/p>\n<p class=\"p1\"><span class=\"s1\">Mokr\u00fd FIP 6mg\/kg telesnej hmotnosti ma\u010dky<\/span><\/p>\n<p class=\"p1\"><span class=\"s1\">Such\u00fd FIP 8mg\/kg telesnej hmotnosti ma\u010dky<\/span><\/p>\n<p class=\"p1\"><span class=\"s1\">O\u010dn\u00e1 FIP 10mg\/kg telesnej hmotnosti ma\u010dky<\/span><\/p>\n<p class=\"p1\"><span class=\"s1\">Neurologick\u00e9 10mg\/kg telesnej hmotnosti ma\u010dky<\/span><\/p>\n<p>&nbsp;<\/p>\n<p class=\"p1\"><span class=\"s1\"><strong>Sp\u00f4sob lie\u010dby:<\/strong> <\/span><\/p>\n<p class=\"p1\"><span class=\"s1\">1 injekcia denne, 7 dn\u00ed v t\u00fd\u017edni.<\/span><\/p>\n<p class=\"p1\"><span class=\"s1\">D\u013a\u017eka lie\u010dby: minim\u00e1lne 4 t\u00fd\u017edne (odpor\u00fa\u010dan\u00e9), potom nasleduj\u00fa tablety alebo pokra\u010dovanie injekciou.<\/span><\/p>\n","protected":false},"excerpt":{"rendered":"<p class=\"p1\"><span class=\"s1\">FipMed GS-441524 Injection je \u00fa\u010dinn\u00e1 lie\u010dba ma\u010dacej infek\u010dnej peritonit\u00eddy (FIP).  <\/span><span class=\"s1\">Ka\u017ed\u00e1 injek\u010dn\u00e1 liekovka FipMed 20 mg\/ml obsahuje 7 ml.<\/span><\/p>\n<p class=\"p1\"><span class=\"s1\"><strong>Koncentr\u00e1cia<\/strong>: <strong><span class=\"Apple-converted-space\">  <\/span> 20mg\/ml<\/strong><\/span><\/p>\n<p class=\"p1\"><span class=\"s1\"><strong>Objem:<\/strong><span class=\"Apple-converted-space\">  <\/span>7 ml na f\u013ea\u0161ti\u010dku<\/span><\/p>\n<p class=\"p1\"><span class=\"s1\"><strong>Mno\u017estvo:<\/strong><span class=\"Apple-converted-space\"><strong> <\/strong> 1x<\/span> f\u013ea\u0161ti\u010dka<\/span><\/p>\n<p>&nbsp;<\/p>\n<p class=\"p1\"><strong><span class=\"s1\">Odpor\u00fa\u010dan\u00e9 d\u00e1vkovanie:<\/span><\/strong><\/p>\n<p class=\"p1\"><span class=\"s1\">Mokr\u00fd FIP 6mg\/kg telesnej hmotnosti ma\u010dky<\/span><\/p>\n<p class=\"p1\"><span class=\"s1\">Such\u00fd FIP 8mg\/kg telesnej hmotnosti ma\u010dky<\/span><\/p>\n<p class=\"p1\"><span class=\"s1\">O\u010dn\u00e1 FIP 10mg\/kg telesnej hmotnosti ma\u010dky<\/span><\/p>\n<p class=\"p1\"><span class=\"s1\">Neurologick\u00e9 10mg\/kg telesnej hmotnosti ma\u010dky<\/span><\/p>\n<p class=\"p1\"><span class=\"s1\"><strong>Sp\u00f4sob lie\u010dby:<\/strong> <\/span><\/p>\n<p class=\"p1\"><span class=\"s1\">1 injekcia denne, 7 dn\u00ed v t\u00fd\u017edni.<\/span><\/p>\n<p class=\"p1\"><span class=\"s1\">D\u013a\u017eka lie\u010dby: minim\u00e1lne 4 t\u00fd\u017edne (odpor\u00fa\u010dan\u00e9), potom nasleduj\u00fa tablety alebo pokra\u010dovanie injekciou.<\/span><\/p>\n","protected":false},"featured_media":29580,"template":"","meta":{"_glsr_average":0,"_glsr_ranking":0,"_glsr_reviews":0},"product_cat":[1221],"product_tag":[],"_links":{"self":[{"href":"https:\/\/fipmed.co\/sk\/wp-json\/wp\/v2\/product\/29682"}],"collection":[{"href":"https:\/\/fipmed.co\/sk\/wp-json\/wp\/v2\/product"}],"about":[{"href":"https:\/\/fipmed.co\/sk\/wp-json\/wp\/v2\/types\/product"}],"wp:featuredmedia":[{"embeddable":true,"href":"https:\/\/fipmed.co\/sk\/wp-json\/wp\/v2\/media\/29580"}],"wp:attachment":[{"href":"https:\/\/fipmed.co\/sk\/wp-json\/wp\/v2\/media?parent=29682"}],"wp:term":[{"taxonomy":"product_cat","embeddable":true,"href":"https:\/\/fipmed.co\/sk\/wp-json\/wp\/v2\/product_cat?post=29682"},{"taxonomy":"product_tag","embeddable":true,"href":"https:\/\/fipmed.co\/sk\/wp-json\/wp\/v2\/product_tag?post=29682"}],"curies":[{"name":"wp","href":"https:\/\/api.w.org\/{rel}","templated":true}]}}