{"id":28437,"date":"2022-12-02T08:10:56","date_gmt":"2022-12-02T08:10:56","guid":{"rendered":"https:\/\/fipmed.co\/wet-fip-or-dry-fip-types-of-cat-fip\/"},"modified":"2022-12-02T08:10:56","modified_gmt":"2022-12-02T08:10:56","slug":"wet-fip-or-dry-fip-types-of-cat-fip","status":"publish","type":"page","link":"https:\/\/fipmed.co\/sl\/wet-fip-or-dry-fip-types-of-cat-fip\/","title":{"rendered":"4 vrste ma\u010dje FIP: mokra FIP, suha FIP, o\u010desna FIP in nevrolo\u0161ka FIP"},"content":{"rendered":"<p>Ma\u010dji infekcijski peritonitis (FIP) je pogosta in smrtonosna bolezen za ma\u010dke. Ne samo to, ima tudi ve\u010d razli\u010dic in lahko ma\u010dko prizadene na razli\u010dne na\u010dine. V tem \u010dlanku bomo govorili o razli\u010dnih vrstah FIP, ki se lahko manifestirajo.  <\/p>\n<h2><strong>Vrste ma\u010dje FIP<\/strong><\/h2>\n<p>FIP se lahko ka\u017ee na tri razli\u010dne na\u010dine: mokra, izcedna, eksudativna oblika, suha, granulomatozna, parenhimatozna, neizcedna oblika in me\u0161ana oblika. Za prvo obliko so zna\u010dilni fibrinozni peritonitis, plevritis ali perikarditis z izlivi v trebuhu, prsnem ko\u0161u in\/ali perikardu. Pri drugi razli\u010dici, pri kateri ni o\u010ditnih izliva, se v CNS in drugih organih, vklju\u010dno z o\u010dmi, pojavijo granulomatozne spremembe. Ker ima vsaka ma\u010dka s FIP razli\u010dno stopnjo izliva skupaj z bolj ali manj granulomatoznimi spremembami organov, je bilo ugotovljeno, da razlikovanje med temi vrstami ni koristno (in je koristno le za diagnosti\u010dno metodo). Oblike se lahko tudi spreminjajo ena v drugo. Tako je lahko FIP pri dolo\u010deni ma\u010dki v dolo\u010denem trenutku preprosto bolj ali manj produktivna ali eksudativna.     <\/p>\n<h2><strong>Razlike med suhim in mokrim postopkom FIP<\/strong><\/h2>\n<p><strong>Neizrazit &#8220;suh&#8221; FIP<\/strong><\/p>\n<p>Pri &#8220;suhi&#8221; ali neizraziti FIP je pri nekaterih ma\u010dkonih kopi\u010denje teko\u010dine malo ali ni\u010d. Pri suhi obliki so o\u010di, mo\u017egani, jetra, \u010drevesje ali drugi telesni organi pogosto mo\u010dno vneti, kar lahko povzro\u010di \u0161tevilne klini\u010dne simptome. Pri mnogih ma\u010dkah z neefiksno FIP so te\u017eave z o\u010dmi edini klini\u010dni simptom. Ko bolezen izbruhne, se stanje ve\u010dine prizadetih hitro poslab\u0161a, vendar lahko nekatere ma\u010dke \u0161e nekaj tednov normalno delujejo. \u017dal se skoraj vsak primer bolezni kon\u010da s smrtjo. Le majhen del ma\u010dk, ki so izpostavljene ma\u010djemu koronavirusu, tudi tistim, ki lahko <a href=\"\/?page_id=13322\" target=\"_blank\" rel=\"noopener\">povzro\u010dijo FIP<\/a>, se lahko pred njim brani, kar pri ve\u010dini oku\u017eenih ma\u010dk povzro\u010di klini\u010dno bolezen. Vendar, kot je bilo \u017ee omenjeno, tiste, ki zbolijo, skoraj vedno umrejo.  <\/p>\n<p><strong>Efuzivni &#8220;mokri&#8221; FIP<\/strong><\/p>\n<p>Zbiranje teko\u010dine v prsih ali trebuhu, ki lahko ote\u017euje dihanje, je zna\u010dilen klini\u010dni simptom efuzivne FIP. Drugi simptomi so pomanjkanje apetita, vro\u010dina, huj\u0161anje, zlatenica in driska. <\/p>\n<h2><strong>DIAGNOZA MOKREGA IN SUHEGA FIPA  <\/strong><\/h2>\n<p><strong>Diagnosticiranje efuzivne FIP<\/strong><\/p>\n<p>Izcedno obliko bolezni je zdaj la\u017eje diagnosticirati kot neko\u010d. Efuzivno obliko FIP lahko diagnosticiramo, \u010de v vzorcu izliva (teko\u010dina, ki se izliva iz telesa) najdemo virusno RNK, na primer z uporabo veri\u017ene reakcije s povratno transkripcijo polimeraze (RT-PCR). Vendar je za to treba vzorec poslati v zunanji veterinarski laboratorij. Ve\u010d diagnosti\u010dnih preiskav, ki so na voljo v veterinarski bolni\u0161nici, lahko hitro izklju\u010di diagnozo FIP, vklju\u010dno z:   <\/p>\n<ol>\n<li>Preverite vsebnost skupnih beljakovin v izcedku; \u010de je ta manj\u0161a od 35 g\/L, je FIP zelo malo verjetna.<\/li>\n<li>Dolo\u010dite razmerje med albumini in globulini v izcedku; \u010de je ve\u010dje od 0,8, je FIP izklju\u010dena; \u010de je manj\u0161e od 0,4, je FIP potencialno diagnosti\u010dno, vendar negotovo stanje.<\/li>\n<li>Preglejte celice v izcedku; \u010de je ve\u010dina celic limfocitov (vrsta belih krvni\u010dk), je diagnoza FIP izklju\u010dena.<\/li>\n<\/ol>\n<p><strong>Diagnosticiranje neefektivne FIP<\/strong><\/p>\n<p>Ker so klini\u010dne indikacije pri neefuzivni FIP bolj dvoumne in spremenljive kot pri efuzivni FIP, je seznam diferencialnih diagnoz bistveno dalj\u0161i. Kadar so izpolnjeni naslednji pogoji, je treba upo\u0161tevati diagnozo FIP brez izliva: <\/p>\n<ol>\n<li>Ozadje: Ma\u010dka je mlada (mlaj\u0161a od dveh let) in \u010distokrvna; skoraj 70 % primerov FIP predstavljajo rodovni\u0161ki ma\u010dki.<\/li>\n<li>Predhodni dogodki: ma\u010dka je bila pod stresom zaradi nedavne kastracije ali cepljenja.<\/li>\n<li>Pretekli: Ma\u010dka je lahko dobila FCoV zaradi dejavnikov, kot je ta, da je pri\u0161la iz vzrejne ali re\u0161evalne ma\u010dke ali da je bila pred kratkim seznanjena s \u010distopasemskim ma\u010dkom ali ma\u010dko.<\/li>\n<li>Klini\u010dni kazalniki vklju\u010dujejo intraokularne znake, anoreksijo, prehranjevanje, ki je manj\u0161e od obi\u010dajnega, ne pridobivajo telesne te\u017ee, ne pridobivajo telesne te\u017ee, postajajo anoreksi\u010dni in imajo zlatenico.<\/li>\n<li>Hipergamaglobulinemija; povi\u0161an bilirubin brez povi\u0161anih jetrnih encimov.<\/li>\n<li>Limfopenija z neregenerativno, obi\u010dajno zmerno anemijo.<\/li>\n<li>Serologija: Zaradi visoke pojavnosti FCoV v vzrejnih in re\u0161evalnih ma\u010djih vrtcih je treba ta parameter uporabljati previdno.<br \/>\nMa\u010dka ima visok titer protiteles proti FCoV. <\/li>\n<\/ol>\n<p>\u010ce je ma\u010dka seronegativna, je mogo\u010de izklju\u010diti diagnozo FIP, ki ne poteka u\u010dinkovito, \u010de je test protiteles zelo ob\u010dutljiv. Test FCoV Immunocomb (Biogal), hitri imunokromatografski (RIM) test Speed F-Corona (Virbac) in najhitrej\u0161i test RIM za ma\u010dji infekcijski peritonitis (MegaCor Diagnostic) so se v \u0161tudiji, v kateri je bilo pregledanih ve\u010d komercialno dostopnih internih testov protiteles FCoV, izkazali za 100 % ob\u010dutljive. Zaradi dveh razli\u010dnih glavnih vrst FIP bi morali biti lastniki ma\u010dk bolje seznanjeni s to temo, da bi vedeli, kako bolje zdraviti svoje ma\u010dke v najslab\u0161em primeru. \u010ce se ne bodo ustrezno pou\u010dili o razli\u010dnih vrstah FIP, se lahko posvetujejo s svojim veterinarjem, da bi na\u0161li ustrezen na\u010din zdravljenja <a href=\"\/?page_id=883\" target=\"_blank\" rel=\"noopener\">FIP<\/a> svoje <a href=\"\/?page_id=883\" target=\"_blank\" rel=\"noopener\">ma\u010dke<\/a>. <\/p>\n<h1><strong>Okularna FIP<\/strong><\/h1>\n<p>Ta vrsta FIP lahko pri ma\u010dkah povzro\u010di hude zaplete, saj prodre tudi skozi krvno o\u010desno pregrado.<\/p>\n<p>&nbsp;<\/p>\n<p><strong>Krvna pregrada za o\u010di<\/strong><\/p>\n<p>Krvno-o\u010desna pregrada pri ma\u010dkah je pomembna za\u0161\u010ditna pregrada pred \u0161irjenjem FIP. Ta pregrada je sestavljena iz celic, ki obdajajo sprednjo o\u010desno komoro, in te celice prepre\u010dujejo, da bi patogeni vstopili v to ob\u010dutljivo obmo\u010dje in povzro\u010dili vnetje. \u010ceprav to virusu, kot je FCoV, ote\u017euje dostop do o\u010desnih struktur, lahko pride do po\u0161kodb zaradi poru\u0161itve pregrad, ko pride do kroni\u010dnega vnetja. Zaviralci proteaz, kot je GC376, se prav tako niso izkazali za u\u010dinkovite pri prehajanju krvno-o\u010desne pregrade, zaradi \u010desar so manj uporabni pri zdravljenju primerov, v katerih lahko FIP prizadene o\u010desne strukture. Makrofagi z virusnimi delci morajo za vstop v o\u010desne strukture najprej prebiti to plast; brez uspe\u0161nega prehoda skozi vsako naslednjo plast do prenosa bolezni ne more priti. <\/p>\n<p>&nbsp;<\/p>\n<p><strong>Kako se suha FIP razvije v o\u010desno FIP<\/strong><\/p>\n<p>Suha FIP je bolj smrtonosna oblika bolezni in lahko pri pribli\u017eno tretjini ma\u010dk, ki zbolijo za to boleznijo, preide v o\u010desno FIP. Pri okularni FIP ali uveitisu se zaradi oslabitve pregrade med krvjo in o\u010dmi zaradi virusa razvijejo o\u010desne spremembe. To vodi do pove\u010dane ravni glukoze, ki povzro\u010di otekanje in vnetje o\u010di.  <\/p>\n<p>&nbsp;<\/p>\n<h1><strong>Nevrolo\u0161ka FIP<\/strong><\/h1>\n<p>Suha FIP se lahko razvije tudi v najnevarnej\u0161o obliko FIP, nevrolo\u0161ko FIP.<\/p>\n<p>&nbsp;<\/p>\n<p><strong>Krvna mo\u017eganska pregrada<\/strong><\/p>\n<p>Krvno-mo\u017eganska pregrada (BBB) je pomembna za\u0161\u010ditna plast, ki jo tvorijo posebne celice, ki oblikujejo stene drobnih \u017eil v mo\u017eganih in njihovi okolici. Ta izjemno tesna pregrada ima bistveno vlogo pri za\u0161\u010diti na\u0161ega osrednjega \u017eiv\u010dnega sistema pred po\u0161kodbami, saj blokira potencialno strupene snovi, ki kro\u017eijo po krvnem obtoku, vklju\u010dno s sistemskimi toksini. Zato ni presenetljivo, da se lahko ob ogro\u017eanju te pregrade zaradi razli\u010dnih bolezni ali povzro\u010diteljev oku\u017eb pojavijo nevrolo\u0161ke motnje, kakr\u0161ne so lahko posledica FIP. FIPV, ki povzro\u010di intenzivno vnetno reakcijo okoli \u017eil v razli\u010dnih tkivih, vklju\u010dno z mo\u017egani, je pogost vzrok, ki je odgovoren za 45-50 % vseh primerov, povezanih z nevrolo\u0161kimi boleznimi pri ma\u010dkah, ki jih povzro\u010dajo oku\u017ebe. Z drugimi besedami, izguba tega pomembnega \u0161\u010dita lahko mo\u010dno pove\u010da tveganje za razvoj nevrolo\u0161kih zapletov zaradi oku\u017ebe s FIPV in bi imela resne posledice za terapevtske posege. <\/p>\n<p>&nbsp;<\/p>\n<p><strong>Kako se suha FIP razvije v nevrolo\u0161ko FIP<\/strong><\/p>\n<p>Suha FIP lahko v nekaterih primerih napreduje v naslednjo stopnjo nevrolo\u0161ke FIP. Z napredovanjem suhe FIP se pove\u010data gostota in proliferacija belih krvnih celic in monocitov v obtoku. Te celice vztrajno vstopajo v cerebrospinalno teko\u010dino, dokler ne pride do vnetnega stanja, ki povzro\u010di nevrolo\u0161ko po\u0161kodbo. Nevrolo\u0161ka FIP prizadene predvsem ma\u010dji \u017eiv\u010dni sistem, najpogostej\u0161i simptomi pa so tresenje, te\u017eave pri hoji (ataksija), du\u0161evna zmedenost in agresivno vedenje.<\/p>\n","protected":false},"excerpt":{"rendered":"<p>Ma\u010dji infekcijski peritonitis (FIP) je pogosta in smrtonosna bolezen za ma\u010dke. Ne samo to, ima tudi ve\u010d razli\u010dic in lahko ma\u010dko prizadene na razli\u010dne na\u010dine. V tem \u010dlanku bomo govorili o razli\u010dnih vrstah FIP, ki se lahko manifestirajo. Vrste ma\u010dje FIP FIP se lahko ka\u017ee na tri razli\u010dne na\u010dine: mokra, izcedna, eksudativna oblika, suha, granulomatozna, [&hellip;]<\/p>\n","protected":false},"author":11,"featured_media":28438,"parent":0,"menu_order":0,"comment_status":"closed","ping_status":"closed","template":"","meta":{"_glsr_average":0,"_glsr_ranking":0,"_glsr_reviews":0,"footnotes":""},"categories":[1172],"tags":[1173,1174],"_links":{"self":[{"href":"https:\/\/fipmed.co\/sl\/wp-json\/wp\/v2\/pages\/28437"}],"collection":[{"href":"https:\/\/fipmed.co\/sl\/wp-json\/wp\/v2\/pages"}],"about":[{"href":"https:\/\/fipmed.co\/sl\/wp-json\/wp\/v2\/types\/page"}],"author":[{"embeddable":true,"href":"https:\/\/fipmed.co\/sl\/wp-json\/wp\/v2\/users\/11"}],"replies":[{"embeddable":true,"href":"https:\/\/fipmed.co\/sl\/wp-json\/wp\/v2\/comments?post=28437"}],"version-history":[{"count":0,"href":"https:\/\/fipmed.co\/sl\/wp-json\/wp\/v2\/pages\/28437\/revisions"}],"wp:featuredmedia":[{"embeddable":true,"href":"https:\/\/fipmed.co\/sl\/wp-json\/wp\/v2\/media\/28438"}],"wp:attachment":[{"href":"https:\/\/fipmed.co\/sl\/wp-json\/wp\/v2\/media?parent=28437"}],"wp:term":[{"taxonomy":"category","embeddable":true,"href":"https:\/\/fipmed.co\/sl\/wp-json\/wp\/v2\/categories?post=28437"},{"taxonomy":"post_tag","embeddable":true,"href":"https:\/\/fipmed.co\/sl\/wp-json\/wp\/v2\/tags?post=28437"}],"curies":[{"name":"wp","href":"https:\/\/api.w.org\/{rel}","templated":true}]}}