{"id":28451,"date":"2024-03-25T06:01:34","date_gmt":"2024-03-25T06:01:34","guid":{"rendered":"https:\/\/fipmed.co\/8-diseases-similar-to-fip-that-could-be-mistaken-as-feline-infectious-peritonitis-fip\/"},"modified":"2024-03-25T06:01:34","modified_gmt":"2024-03-25T06:01:34","slug":"8-diseases-similar-to-fip-that-could-be-mistaken-as-feline-infectious-peritonitis-fip","status":"publish","type":"page","link":"https:\/\/fipmed.co\/sl\/8-diseases-similar-to-fip-that-could-be-mistaken-as-feline-infectious-peritonitis-fip\/","title":{"rendered":"8 bolezni, podobnih FIP, ki bi jih lahko zamenjali za ma\u010dji infekciozni peritonitis (FIP)"},"content":{"rendered":"<p><strong>FIP ima zelo podobne simptome s \u0161tevilnimi boleznimi<\/strong><\/p>\n<p>Diagnosticiranje ma\u010djega infekcijskega peritonitisa (FIP) je lahko zelo zahtevno, saj so \u0161tevilni simptomi podobni boleznim, ki jih lahko zamenjamo za ma\u010dji infekcijski peritonitis. To vklju\u010duje izgubo telesne te\u017ee, \u0161ibkost, letargijo, vro\u010dino, anoreksijo in o\u010desne spremembe. Ker sta si ti bolezni tako podobni, je pomembno, da se za pravilno diagnozo posvetujete z veterinarjem. Poleg tega je ma\u010dji koronavirus (FCoV), ki je bil povezan s FIP, na splo\u0161no prisoten pri ma\u010dkah, tudi zdravih. \u0160e en izziv pri diagnosticiranju so sistemski u\u010dinki virusa. Ta lahko povzro\u010di vnetje v celotnem telesu in prizadene ve\u010d organov. Virus cilja na razli\u010dne dele ma\u010djega imunskega sistema, vklju\u010dno z limfnim tkivom, krvnimi \u017eilami in celicami v ve\u010d organih. To povzro\u010di sistemsko vnetje, ki prizadene \u0161tevilna podro\u010dja telesa. Ta prizadetost ve\u010d organov lahko povzro\u010di \u0161tevilne znake in simptome, vklju\u010dno s pove\u010danimi bezgavkami ali trebuhom, izgubo apetita, zmanj\u0161ano stopnjo aktivnosti ali vro\u010dino, zaradi \u010desar je natan\u010dna diagnoza zelo te\u017eka. Napa\u010dna diagnoza lahko povzro\u010di napa\u010dno zdravljenje, ki povzro\u010di nadaljnje zdravstvene zaplete. V nekaterih primerih lahko ma\u010dke celo nimajo klini\u010dnih znakov, preden preidejo v naprednej\u0161e faze FIP, zato rutinski telesni pregled ne zadostuje za prepoznavo v za\u010detnih fazah. <\/p>\n<p>&nbsp;<\/p>\n<p><strong>Virus FCoV je prisoten skoraj pri vseh ma\u010dkah<\/strong><\/p>\n<p>Ma\u010dji koronavirus (FCoV) je pogost virus, ki ga najdemo pri ma\u010dkah po vsem svetu, \u010deprav se glede na okolje lahko pojavlja razli\u010dno pogosto. Ocenjuje se, da je bilo do 80 % ma\u010dk izpostavljenih virusu FCoV in ga lahko prena\u0161ajo, ne da bi kazale kakr\u0161ne koli klini\u010dne znake ali simptome. Vendar pa lahko virus v velikem \u0161tevilu povzro\u010di oku\u017ebe, kot je FIP. Zato se strokovnjaki strinjajo, da je skrbno spremljanje in sledenje tega virusa pomembno za lastnike ma\u010dk, ki imajo ve\u010d ma\u010dk &#8211; zlasti tistih v ma\u010djih vrtovih ali zaveti\u0161\u010dih, kjer lahko stopnja prenosa bolezni hitro postane visoka. Poleg tega je treba omeniti, da virus FCoV prena\u0161ajo tudi divje ma\u010dke, kar ka\u017ee na njegovo globalno \u0161irjenje bodisi z neposrednim stikom med vrstami bodisi z okoljsko oku\u017ebo z iztrebki ali oku\u017eenimi pra\u0161nimi delci, ki jih zasledujejo ptice in mali sesalci, ki naseljujejo podobna obmo\u010dja. <\/p>\n<p>&nbsp;<\/p>\n<p><strong>Zelo pogoste so tudi spremljajo\u010de bolezni pri FIP<\/strong><\/p>\n<p>Pogoste spremljajo\u010de bolezni pri FIP so toksoplazmoza, FELV, FIV, FPV, vnetna \u010drevesna bolezen, rak, oku\u017eba z ma\u010djo hemotropno mikoplazmo, limfom, te\u017eave s srcem in vnetje jeter. Ker se so\u010dasne bolezni pri FIP lahko pojavljajo z drugimi nalezljivimi boleznimi, to \u0161e dodatno ote\u017euje opredelitev natan\u010dnega diagnosti\u010dnega zaklju\u010dka. Tukaj so bolezni, ki imajo podobne simptome kot FIP in jih pogosto zamenjujejo za FIP.<\/p>\n<h3><\/h3>\n<h3>Toksoplazmoza<\/h3>\n<p>Toksoplazmozo povzro\u010da parazit Toxoplasma gondii, s katerim se lahko oku\u017eijo ljudje in ma\u010dke. Ta virus je pri ma\u010dkah enako pogost kot virus FCoV. Ta bolezen lahko povzro\u010di splo\u0161ne simptome, kot so vro\u010dina, izguba apetita in letargija, ki se pojavijo tudi pri FIP. Pri ma\u010dkah se lahko pojavijo tudi nevrolo\u0161ke manifestacije, podobne FIP. Toksoplazmozo zaradi podobnosti simptomov pogosto napa\u010dno diagnosticirajo kot FIP. Latentna reaktivacija toksoplazme pri ma\u010dkah lahko dodatno ote\u017ei diagnozo.   <\/p>\n<h3><\/h3>\n<h3>FELV<\/h3>\n<p>Virus ma\u010dje levkemije je retrovirus, ki lahko pri ma\u010dkah povzro\u010di imunosupresijo, medtem ko je FIP imunsko posredovana bolezen, ki jo povzro\u010da mutirana oblika ma\u010djega koronavirusa. Virus FeLV lahko pri ma\u010dkah povzro\u010di \u0161tevilne druge bolezni, vklju\u010dno s FIP. Pri obeh boleznih se virusi izlo\u010dajo s slino, nosnimi izlo\u010dki, urinom, iztrebki in mlekom oku\u017eenih ma\u010dk. Virus se lahko prenese z ma\u010dke na ma\u010dko z ugrizom, med vzajemnim negovanjem ter s skupno uporabo strani\u0161\u010d in posod za hranjenje. Ma\u010dke z virusom FeLV lahko dlje \u010dasa \u017eivijo normalno. Srednji \u010das pre\u017eivetja ma\u010dk po diagnozi FeLV je 2,5 leta, medtem ko FIP brez zdravljenja napreduje veliko hitreje. <\/p>\n<h3><\/h3>\n<h3>FIV<\/h3>\n<p>FIV povzro\u010da virus ma\u010dje imunske pomanjkljivosti, ki vpliva na imunski sistem ma\u010dke. V marsi\u010dem je podoben \u010dlove\u0161kemu virusu HIV. Zaradi FIV so ma\u010dke bolj dovzetne za druge oku\u017ebe, prena\u0161a pa se predvsem z ugrizi in tesnimi stiki z oku\u017eenimi ma\u010dkami. Obe bolezni ma\u010dko prizadeneta sistemsko. FIV ogro\u017ea imunski sistem ma\u010dk, medtem ko FIP napade telo z vnetjem. Obe bolezni sta tudi nalezljivi. Medtem ko FIV ni ozdravljiva, je FIP mogo\u010de pozdraviti z zdravilom GS441524. <\/p>\n<h3><\/h3>\n<h3>FPV<\/h3>\n<p>Virus ma\u010dje panleukopenije (FPV) in ma\u010dji infekcijski peritonitis (FIP) sta virusni bolezni, ki lahko prizadeneta ma\u010dke. Zato so lahko njune klini\u010dne slike tudi podobne. Simptomi, povezani z oku\u017ebo s FPV, lahko vklju\u010dujejo vro\u010dino, letargijo, bruhanje ali drisko, podobno kot pri FIP. Vendar se na\u010din prenosa za vsak virus razlikuje. Virus FPV se lahko prena\u0161a le s stikom z oku\u017eenimi iztrebki, za oku\u017ebe, povezane s FIP, pa je potreben neposreden stik med ma\u010dkami ali posreden prenos s steljo ali posodami za hrano. <\/p>\n<h3><\/h3>\n<h3>Vnetna \u010drevesna bolezen<\/h3>\n<p>Vnetna \u010drevesna bolezen (IBD) in FIP sta resni bolezni ma\u010dk, ki imata lahko podobne simptome, vendar se razlikujeta glede vzroka, diagnoze in zdravljenja. IBD je kroni\u010dna bolezen z vnetjem prebavnega trakta, ki ga povzro\u010di imunsko pogojen proces. Zaradi po\u0161kodbe ali dra\u017eenja sluznice tankega \u010drevesa povzro\u010da malabsorpcijo, bruhanje, drisko in izgubo telesne te\u017ee. Po drugi strani pa FIP povzro\u010da oku\u017eba z nekaterimi sevi ma\u010djega koronavirusa, kot je FeCV. FIP prav tako povzro\u010da prebavne te\u017eave vzdol\u017e \u010drevesja, zato ima podobne simptome kot IBD.<\/p>\n<h3><\/h3>\n<h3>Rak<\/h3>\n<p>Rak pri ma\u010dkah nastane zaradi nenadzorovane rasti nenormalnih celic, v nasprotju s FIP, ki je posledica mutacije ma\u010djega koronavirusa. Simptomi raka se lahko razlikujejo od vrste do vrste in lahko povzro\u010dijo vidne grudice, spremembe ali izcedke, medtem ko FIP zaradi vnetja po vsem telesu prizadene ve\u010d delov in v nekaterih primerih povzro\u010di anoreksijo, vro\u010dino, te\u017eave z dihanjem in kopi\u010denje teko\u010dine. <\/p>\n<h3><\/h3>\n<h3>Ma\u010dja hemotropna mikoplazmoza<\/h3>\n<p>Ma\u010dja hemotropna mikoplazmoza (FHM) in FIP sta dve bolezni, ki v podobnih pogojih prizadeneta ma\u010dke. Obe lahko povzro\u010dita vnetje v telesu, ki vodi v slabost, izgubo telesne te\u017ee, vro\u010dino, zlatenico, dehidracijo in splo\u0161no slabo po\u010dutje. Vendar FIP povzro\u010di oku\u017eba z ma\u010djim koronavirusom, znanim kot FCoV, medtem ko je FHM posledica nalezljive bakterije, znane kot mikoplazme, ki se naravno nahaja v grlu \u0161tevilnih ma\u010dk. <\/p>\n<h3><\/h3>\n<h3>Limfom<\/h3>\n<p>Limfom in FIP sta dve bolezni, ki se pogosto pojavljata pri ma\u010dkah in sta si po simptomih lahko zelo podobni, saj obe povzro\u010data vnetje ve\u010d delov telesa. Limfom je vrsta raka, ki nastane v limfnem sistemu zaradi maligne mutacije, medtem ko je FIP imunolo\u0161ka bolezen, povezana z virusom Corona, ki povzro\u010di pu\u0161\u010danje peritonealne membrane. Zdravljenje se zelo razlikuje glede na to, ali gre za limfom ali FIP.<\/p>\n<h3><\/h3>\n<h3>Te\u017eave s srcem<\/h3>\n<p>Pri ma\u010dkah ne smemo zanemariti zdravja srca, saj imajo te \u017eivali lahko ve\u010d te\u017eav s srcem in o\u017eiljem. Ker FIP obi\u010dajno povzro\u010da sistemsko vnetje v telesu, lahko posredno vpliva na srce, tako kot druga sr\u010dna obolenja, na primer hipertrofi\u010dna kardiomiopatija ali kongestivno sr\u010dno popu\u0161\u010danje. Pomembno se je zavedati, da \u010deprav imata obe bolezni nekatere skupne simptome &#8211; vklju\u010dno z izgubo apetita, huj\u0161anjem in vro\u010dino &#8211; se njuno delovanje dovolj razlikuje, da so za dokon\u010dno diagnozo obeh bolezni potrebni razli\u010dni diagnosti\u010dni testi. Pri morebitnih te\u017eavah s srcem so lahko potrebni tudi \u0161tevilni dodatni testi, vklju\u010dno z radiografijo in elektrokardiogramom. <\/p>\n<h3><\/h3>\n<h3>Vnetje jeter<\/h3>\n<p>Vnetje jeter je naravni obrambni mehanizem telesa pred boleznimi in virusi, ki lahko povzro\u010dijo dolgoro\u010dne zaplete. Pomembno je, da se lastniki ma\u010dk zavedajo vnetja jeter v primerjavi s FIP, saj se pogosto pojavljajo podobni simptomi, kot so slab apetit, letargija, zlatenica in zmanj\u0161ana raven energije. FIP prav tako povzro\u010di vnetje jeter in te\u017eave z jetri. Preve\u010d enostavno je misliti, da gre le za te\u017eave z jetri, \u010deprav ni tako.<\/p>\n<h3><\/h3>\n<h3>Bakterijski peritonitis<\/h3>\n<p>Tako kot FIP je tudi bakterijski peritonitis resno in potencialno \u017eivljenjsko nevarno stanje pri ma\u010dkah. Gre za vnetje trebu\u0161ne sluznice, ki ga povzro\u010dajo bakterije, simptomi pa so lahko zelo podobni simptomom FIP, odvisno od tega, kako napredovala je bolezen. Bakterijski peritonitis najpogosteje povzro\u010dijo \u010drevesne bakterije, kot sta E. coli ali salmonela, ki v \u010drevesje ali krvni obtok vstopijo zaradi raka, bolezni jeter, po\u0161kodb za\u0161\u010ditnih plasti v telesu, kot so tiste zaradi po\u0161kodb (npr. prometne nesre\u010de), parazitov, prehranskih te\u017eav, kot so alergije na hrano ali intoleranca, in drugih oku\u017eb z virusi (vklju\u010dno z virusom ma\u010dje imunske pomanjkljivosti), zaradi katerih je lahko imunski sistem ma\u010dk prej oslabljen. <\/p>\n<h3><\/h3>\n<h3>Bakterijski plevritis<\/h3>\n<p>Bakterijski plevritis je oku\u017eba plevre, tanke plasti tkiva, ki tvori vre\u010dko okoli plju\u010d. Lahko ima podobne simptome kot FIP. Obe bolezni povzro\u010data ka\u0161elj, ote\u017eeno dihanje ali celo kolaps, \u010de ju ne zdravimo. Medtem ko FIP obi\u010dajno povzro\u010di vnetje ve\u010d organov hkrati, je bakterijski plevritis usmerjen predvsem v spodnja dihala in je lahko na splo\u0161no zelo lokaliziran, \u010deprav zaradi svoje agresivne narave zahteva takoj\u0161nje zdravljenje. Diagnoza te oku\u017ebe obi\u010dajno vklju\u010duje odvzem vzorca teko\u010dine z mesta, kjer se plju\u010da stikajo s telesnimi votlinami, ali pregled vzorcev tkiva, odvzetih med operacijo. Zdravljenje bakterijskega plevritisa je pogosto sestavljeno iz antibiotikov, ki se dajejo intravenozno, \u010de je to mogo\u010de, ter dodatnega zdravljenja s kisikom in drugega podpornega zdravljenja, odvisno od resnosti bolnika.  <\/p>\n<h3><\/h3>\n<h3>Kriptokokoza<\/h3>\n<p>Kriptokokoza ali kriptokokna bolezen je glivi\u010dna oku\u017eba, ki jo povzro\u010da gliva vrste Cryptococcus neoformans, ki jo najdemo v zemlji in pti\u010djih iztrebkih. Simptomi obeh bolezni so precej podobni, vklju\u010dno z izgubo telesne te\u017ee, vro\u010dino, anoreksijo in letargijo. Pri kriptokokozi se lahko pojavijo tudi znaki nevrolo\u0161kih te\u017eav, kot sta nagibanje glave in ataksija.<\/p>\n","protected":false},"excerpt":{"rendered":"<p>FIP ima zelo podobne simptome s \u0161tevilnimi boleznimi Diagnosticiranje ma\u010djega infekcijskega peritonitisa (FIP) je lahko zelo zahtevno, saj so \u0161tevilni simptomi podobni boleznim, ki jih lahko zamenjamo za ma\u010dji infekcijski peritonitis. To vklju\u010duje izgubo telesne te\u017ee, \u0161ibkost, letargijo, vro\u010dino, anoreksijo in o\u010desne spremembe. Ker sta si ti bolezni tako podobni, je pomembno, da se za [&hellip;]<\/p>\n","protected":false},"author":1,"featured_media":28452,"parent":0,"menu_order":0,"comment_status":"closed","ping_status":"closed","template":"","meta":{"_glsr_average":0,"_glsr_ranking":0,"_glsr_reviews":0,"footnotes":""},"categories":[1176],"tags":[],"_links":{"self":[{"href":"https:\/\/fipmed.co\/sl\/wp-json\/wp\/v2\/pages\/28451"}],"collection":[{"href":"https:\/\/fipmed.co\/sl\/wp-json\/wp\/v2\/pages"}],"about":[{"href":"https:\/\/fipmed.co\/sl\/wp-json\/wp\/v2\/types\/page"}],"author":[{"embeddable":true,"href":"https:\/\/fipmed.co\/sl\/wp-json\/wp\/v2\/users\/1"}],"replies":[{"embeddable":true,"href":"https:\/\/fipmed.co\/sl\/wp-json\/wp\/v2\/comments?post=28451"}],"version-history":[{"count":0,"href":"https:\/\/fipmed.co\/sl\/wp-json\/wp\/v2\/pages\/28451\/revisions"}],"wp:featuredmedia":[{"embeddable":true,"href":"https:\/\/fipmed.co\/sl\/wp-json\/wp\/v2\/media\/28452"}],"wp:attachment":[{"href":"https:\/\/fipmed.co\/sl\/wp-json\/wp\/v2\/media?parent=28451"}],"wp:term":[{"taxonomy":"category","embeddable":true,"href":"https:\/\/fipmed.co\/sl\/wp-json\/wp\/v2\/categories?post=28451"},{"taxonomy":"post_tag","embeddable":true,"href":"https:\/\/fipmed.co\/sl\/wp-json\/wp\/v2\/tags?post=28451"}],"curies":[{"name":"wp","href":"https:\/\/api.w.org\/{rel}","templated":true}]}}