{"id":28453,"date":"2024-03-25T07:31:47","date_gmt":"2024-03-25T07:31:47","guid":{"rendered":"https:\/\/fipmed.co\/common-fip-comorbidities\/"},"modified":"2024-03-25T07:31:47","modified_gmt":"2024-03-25T07:31:47","slug":"common-fip-comorbidities","status":"publish","type":"page","link":"https:\/\/fipmed.co\/sl\/common-fip-comorbidities\/","title":{"rendered":"9 pogostih so\u010dasnih bolezni FIP"},"content":{"rendered":"<h2>Zakaj se FIP pogosto pojavlja skupaj z drugimi boleznimi?<\/h2>\n<p>Ma\u010dke z boleznimi, ki niso FIP, so pogosto naklju\u010dno pozitivne na protitelesa FCoV ali virus. Tukaj je 9 pogostih spremljajo\u010dih bolezni pri FIP. FIP je lahko posledica oslabitve imunskega sistema zaradi \u017ee obstoje\u010dih bolezni, mutacije virusa ali za\u010detne bolezni, ki povzro\u010di nadaljnje zaplete. <\/p>\n<h3>Predhodno obstoje\u010de stanje<\/h3>\n<p>Ma\u010dke so lahko zaradi predhodne bolezni bolj dovzetne za FIP, kar vpliva na njihovo splo\u0161no zdravje in kakovost \u017eivljenja. Druge bolezni ali oslabljen imunski sistem so namre\u010d lahko vzrok za mutacijo virusa, ki povzro\u010da FIP. Predhodna stanja niso vedno o\u010ditna, \u010deprav so nekateri pogosti znaki vro\u010dina, huj\u0161anje, letargija, anoreksija in dehidracija &#8211; vsi ti znaki so pokazatelji bakterijskih oku\u017eb. \u010ce se to opazi zgodaj, lahko antibiotiki ali dodatna prehrana pomagajo ubla\u017eiti nadaljnjo \u0161kodo, ki je posledica \u017ee tako oslabljenega stanja ma\u010dke. Poleg tega je pomembno, da se posodablja cepljenje, saj je to lahko tudi za\u0161\u010dita pred morebitnim sekundarnim razvojem bolezni, ki jih povzro\u010dajo \u017ee obstoje\u010de bolezni, kot je FIP. <\/p>\n<h3>Mutacija virusa<\/h3>\n<p>Mutacije beljakovine spike, ki je glavni del ma\u010djega koronavirusa, lahko povzro\u010dijo spremembe v na\u010dinu \u0161irjenja in razmno\u017eevanja virusa. \u010ce so mutacije prisotne v tej beljakovini, se pove\u010da sposobnost FIP, da oku\u017ei ma\u010dke, in pove\u010da resnost bolezni, ko zbolijo. Poleg tega lahko te spremembe motijo druge procese, ki so najpogosteje povezani z delovanjem celic imunskega sistema, kar vodi do nenormalnih izidov rednega razvoja bolezni. Posledi\u010dno se lahko razli\u010dne spremljajo\u010de bolezni, povezane s FIP, kot so plju\u010dnica, kroni\u010dna ledvi\u010dna bolezen (CKD), virus ma\u010dje levkemije (FeLV), rak ali avtoimunske bolezni, zaradi oslabljenih imunskih odzivov, ki jih povzro\u010dijo omenjene virusne mutacije, ki \u017ee obstajajo v celicah, razvijejo hitreje od pri\u010dakovanega. <\/p>\n<h3>Za\u010detna bolezen je bila posledica \u0161ibkega imunskega sistema.<\/h3>\n<p>Kadar ima ma\u010dka oku\u017ebo, je lahko imunski sistem oslabljen. Oslabljena imunost vodi do ve\u010djega tveganja za razvoj FIP. Tudi okoljski stresi lahko oslabijo imunski sistem in pove\u010dajo dovzetnost za oku\u017ebe s FIPV. Zlasti ma\u010dke z oku\u017ebami z virusom FeLV (virusom ma\u010dje levkemije) so bolj dovzetne za virus FIP kot druge zdrave ma\u010dke, saj se njihov oslabljeni imunski sistem ne more u\u010dinkovito boriti proti novim virusom. Mlade ma\u010dke in tiste, ki so \u017ee imunsko oslabljene, se lahko te\u017eko borijo proti katastrofalnim virusnim oku\u017ebam, kot je FIPV.  <\/p>\n<p>&nbsp;<\/p>\n<h2>Pnevmonija in FIP<\/h2>\n<p>Pnevmonija je pogosta spremljajo\u010da bolezen, povezana s FIP pri ma\u010dkah. To pomeni, da \u010de ima va\u0161a ma\u010dka FIP, bo verjetno kot del oku\u017ebe imela tudi plju\u010dnico. Pnevmonija se pojavi, ko vnetje blokira dihalne poti, ki vodijo do plju\u010d, in lahko prizadene katero koli starost ali pasmo ma\u010dke. Pri ma\u010dkah s FIP se lahko razvije plju\u010dnica, ker virusni delci FCoV povzro\u010dijo vnetni odziv, ki lahko privede do ote\u017eenega dihanja in ka\u0161lja zaradi nabiranja teko\u010dine v plju\u010dih in plevralni oziroma peritonealni votlini. Simptomi plju\u010dnice se obi\u010dajno pojavijo v dveh tednih po izpostavljenosti ma\u010djemu koronavirusu, vklju\u010dno z izgubo apetita, letargijo, vro\u010dino, hitrim dihanjem, pospe\u0161enim sr\u010dnim utripom, te\u017ekim dihanjem (znanim kot dispneja), izgubo telesne te\u017ee in izka\u0161ljevanjem krvave\u010de sluzi.  <\/p>\n<h2><strong>CKD in FIP<\/strong><\/h2>\n<p>Pri ma\u010dkah s kroni\u010dno ledvi\u010dno boleznijo (CKB) obstaja ve\u010dje tveganje za razvoj FIP, potencialno smrtno nevarne virusne oku\u017ebe. \u0160tudije so pokazale, da je pri ma\u010dkah z nediagnosticirano ali slabo zdravljeno CKD zaradi oslabljenega imunskega sistema, ki je posledica predhodne bolezni, ve\u010dja verjetnost, da zbolijo za FIP. CKD se pogosto razkrije, ko se pri oboleli \u017eivali pojavi FIP, kar pomeni, da je bila prisotna \u017ee pred pojavom znakov FIP. To ka\u017ee na povezavo med obema boleznima in na to, kako lahko negativno vplivata druga na drugo. Na sre\u010do lahko zgodnje diagnosticiranje KKS in FIP ma\u010dkam zagotovi bolj\u0161e rezultate, saj lahko takoj\u0161nje zdravljenje obeh bolezni upo\u010dasni napredovanje obeh bolezni in izbolj\u0161a z njima povezane simptome, kot sta odpoved ledvic ali vro\u010dina. <\/p>\n<h2>FELV in FIP<\/h2>\n<p>Oku\u017eba z virusom ma\u010dje levkemije (FeLV) je pogosta spremljajo\u010da bolezen pri FIP. Ve\u010dina ma\u010dk, pri katerih se razvije FIP, ima \u017ee obstoje\u010do bolezen ali oku\u017ebo, kot je FeLV, zaradi \u010desar so bolj dovzetne za viruse in druge povzro\u010ditelje oku\u017eb. Mutacija virusa lahko pri oslabljenem imunskem sistemu povzro\u010di oportunisti\u010dne oku\u017ebe, kar ima za posledico razvoj bolezni. Pri oku\u017ebi z virusom FeLV in FIP se pri \u0161tevilnih oku\u017eenih ma\u010dkah pojavi globoka panleukopenija &#8211; zmanj\u0161anje \u0161tevila belih krvnih celic, kar ovira odpornost ma\u010dke. Ta vrsta anemije povzro\u010di drasti\u010dno zmanj\u0161anje ravni trombocitov in pove\u010da krhkost \u017eil in arterij, kar povzro\u010di te\u017eave s krvavitvami po vsem telesu. Druga stanja, povezana s FeLV, vklju\u010dujejo malignome, imunosupresijo in pove\u010dano virusno obremenitev prizadetih ma\u010dk, kar so vsi dejavniki, ki prispevajo k znatnemu poslab\u0161anju njihovega zdravstvenega stanja ob diagnozi FIP. <\/p>\n<h2>Rak in FIP<\/h2>\n<p>Ma\u010dke, pri katerih se razvije rak ali ma\u010dja neoplazija, so lahko prav tako dovzetne za druge so\u010dasne bolezni, kot je FIP. \u010ceprav ni dokazov, ki bi kazali na neposredno povezavo med rakom in FIP pri ma\u010dkah, strokovnjaki ugotavljajo, da so nekatere ma\u010dke z rakom, ki zbolijo tudi za FIP, bolj ranljive. \u0160ibkej\u0161i imunski sistem tistih, ki so oku\u017eene s katero koli boleznijo, verjetno prispeva k temu, da se obe bolezni pojavita hkrati. Simptomi se lahko nekoliko prekrivajo, odvisno od dolo\u010denih vrst raka in seva virusa, povezanega s FIP, na primer kroni\u010dna izguba telesne te\u017ee\/pove\u010danje telesne te\u017ee, letargija, slabo splo\u0161no zdravje, ponavljajo\u010de se epizode vro\u010dine ali te\u017eave z dihanjem, ki se pojavljajo pri prizadetih ma\u010dkah pri obeh boleznih hkrati. Ker imata ti dve bolezni nekatere skupne kazalnike, je za dokon\u010dno diagnozo obi\u010dajno potreben pregled celotne krvne slike, ki veterinarjem omogo\u010da bolj\u0161o analizo narave in obsega oku\u017eb. <\/p>\n<h2>Avtoimunske bolezni in FIP<\/h2>\n<p>Lastniki ma\u010dk se morajo zavedati mo\u017enih dejavnikov tveganja, povezanih s FIP, med katerimi so lahko tudi avtoimunske bolezni. Avtoimunske bolezni se pri ma\u010dkah pojavijo, ko protitelesa napadejo lastna tkiva in organe namesto tujih snovi, kot so bakterije in virusi. Zaradi oslabljenega imunskega sistema je ma\u010dka bolj ranljiva za oku\u017ebe, kot je FIP. Poleg tega lahko \u017ee obstoje\u010da stanja zaradi avtoimunskih motenj ustvarijo okolje za mutacijo koronavirusov, ki so prvotno ne\u0161kodljivi, vendar se lahko razvijejo v FIP in povzro\u010dijo po\u0161kodbe celic v vitalnih organih. Zaradi bolezni, ki se prena\u0161a po zraku, so lahko celo zdrave ma\u010dke brez kakr\u0161nih koli predhodnih bolezni \u0161e vedno izpostavljene tveganju, \u010de so bile izpostavljene oku\u017eeni ma\u010dki, ki je v njihovi bli\u017eini stegovala nos ali kihala. <\/p>\n<h2>Bakterijska oku\u017eba in FIP<\/h2>\n<p>Lastniki ma\u010dk se morajo zavedati, da lahko bakterijske oku\u017ebe vplivajo na razvoj in napredovanje FIP. Poleg tega lahko nezdravljena bakterijska oku\u017eba dodatno oslabi imunski sistem ma\u010dke, zaradi \u010desar lahko hitreje zboli za FIP, \u010de je oku\u017eena z njo.<\/p>\n<h2>FHV in FIP<\/h2>\n<p>Kadar je ma\u010dka oku\u017eena z ma\u010djim herpesvirusom (FHV) in FIP, je lahko primer \u0161e posebej hud. FHV oslabi sposobnost telesa, da se bori proti drugim boleznim, zato so ma\u010dke bolj dovzetne za bolezni zaradi drugih oku\u017eb, kot je FIP. Poleg tega lahko znaki bolezni zaradi oslabljenega imunskega sistema hitreje napredujejo. To pa zato, ker glede na sev, izbran z gensko mutacijo, \u010de sta hkrati prisotna dva povzro\u010ditelja, kot sta v tem primeru FHV in FIP, hkrati prispevata k vnetju in povzro\u010data dodatne \u0161kodljive neposredne u\u010dinke lastnih ciklov razmno\u017eevanja v celicah. <\/p>\n<h2>FIV in FIP<\/h2>\n<p>\u010ce ima ma\u010dka tako virus FIV (virus ma\u010dje imunske pomanjkljivosti) kot virus FIP, se lahko tveganje za zdravje ma\u010dke znatno pove\u010da, saj obstaja mo\u017enost dvojne oku\u017ebe. To \u017eal pove\u010duje tveganje za resne zaplete, kot so odpoved organov, izguba telesne te\u017ee in celo smrt. Zaradi tega je pomembno, da lastniki ma\u010dk ob sumu na katero koli od teh bolezni svojo \u017eival testirajo. Glavna te\u017eava, ki se pojavi pri ma\u010dkah s FIV in FPV, je, da to znatno oslabi imunski sistem \u017eivali, zaradi \u010desar so bolj dovzetne za bolezni ali oku\u017ebe z bakterijami ali virusi. Kadar so ma\u010dke oku\u017eene z dvema boleznima hkrati, se lahko simptomi \u0161e poslab\u0161ajo in ote\u017eijo tudi mo\u017enosti zdravljenja. V nekaterih primerih lahko ma\u010dka sprva ka\u017ee znake le ene bolezni &#8211; pozneje pa se zaradi oslabljene imunosti s\u010dasoma razvijeta obe bolezni skupaj &#8211; zato je klju\u010dno, da ste pozorni na zgodnje opozorilne znake, kot sta vro\u010dina utrujenost in pove\u010dana frekvenca dihanja.<\/p>\n<h2>FIP med nose\u010dnostjo<\/h2>\n<p>FIP med nose\u010dnostjo je \u0161e posebej zaskrbljujo\u010da za ma\u010dko in njene mladi\u010de. FIP se lahko pojavi pri majhnem \u0161tevilu brejih ma\u010dk, kar vodi v resno smrtnost matere in mladi\u010dev v leglu. Ta bolezen hitro napreduje in ima le malo mo\u017enosti za ozdravitev, saj se pri ma\u010dkah, oku\u017eenih s tem virusom, kopi\u010di teko\u010dina v telesnih votlinah, \u010drevesna negibljivost, odpoved ledvic, po\u0161kodbe jeter ali vnetje drugih organov. \u0160e huje, tudi \u010de je plod v poznej\u0161ih fazah brejosti, ko njegova mati zboli za FIP, \u0161e \u017eiv, lahko \u0161e vedno umre zaradi pomanjkanja ustrezne prehrane, ki je posledica oslabljenega stanja matere. Glede na to, kako kriti\u010dna je lahko oku\u017eba s FIP med nose\u010dnostjo tako za mamo kot za prizadete otroke, morajo lastniki hitro poiskati zdravni\u0161ko pomo\u010d, \u010de opazijo kakr\u0161ne koli simptome, povezane s to boleznijo, medtem ko je njihova ma\u010dka breja.<\/p>\n","protected":false},"excerpt":{"rendered":"<p>Zakaj se FIP pogosto pojavlja skupaj z drugimi boleznimi? Ma\u010dke z boleznimi, ki niso FIP, so pogosto naklju\u010dno pozitivne na protitelesa FCoV ali virus. Tukaj je 9 pogostih spremljajo\u010dih bolezni pri FIP. FIP je lahko posledica oslabitve imunskega sistema zaradi \u017ee obstoje\u010dih bolezni, mutacije virusa ali za\u010detne bolezni, ki povzro\u010di nadaljnje zaplete. Predhodno obstoje\u010de stanje [&hellip;]<\/p>\n","protected":false},"author":1,"featured_media":28454,"parent":0,"menu_order":0,"comment_status":"closed","ping_status":"closed","template":"","meta":{"_glsr_average":0,"_glsr_ranking":0,"_glsr_reviews":0,"footnotes":""},"categories":[1176],"tags":[],"_links":{"self":[{"href":"https:\/\/fipmed.co\/sl\/wp-json\/wp\/v2\/pages\/28453"}],"collection":[{"href":"https:\/\/fipmed.co\/sl\/wp-json\/wp\/v2\/pages"}],"about":[{"href":"https:\/\/fipmed.co\/sl\/wp-json\/wp\/v2\/types\/page"}],"author":[{"embeddable":true,"href":"https:\/\/fipmed.co\/sl\/wp-json\/wp\/v2\/users\/1"}],"replies":[{"embeddable":true,"href":"https:\/\/fipmed.co\/sl\/wp-json\/wp\/v2\/comments?post=28453"}],"version-history":[{"count":0,"href":"https:\/\/fipmed.co\/sl\/wp-json\/wp\/v2\/pages\/28453\/revisions"}],"wp:featuredmedia":[{"embeddable":true,"href":"https:\/\/fipmed.co\/sl\/wp-json\/wp\/v2\/media\/28454"}],"wp:attachment":[{"href":"https:\/\/fipmed.co\/sl\/wp-json\/wp\/v2\/media?parent=28453"}],"wp:term":[{"taxonomy":"category","embeddable":true,"href":"https:\/\/fipmed.co\/sl\/wp-json\/wp\/v2\/categories?post=28453"},{"taxonomy":"post_tag","embeddable":true,"href":"https:\/\/fipmed.co\/sl\/wp-json\/wp\/v2\/tags?post=28453"}],"curies":[{"name":"wp","href":"https:\/\/api.w.org\/{rel}","templated":true}]}}