{"id":28467,"date":"2024-03-25T07:24:09","date_gmt":"2024-03-25T07:24:09","guid":{"rendered":"https:\/\/fipmed.co\/all-about-fip-relapse-prevention-causes-and-treatment\/"},"modified":"2024-03-25T07:24:09","modified_gmt":"2024-03-25T07:24:09","slug":"all-about-fip-relapse-prevention-causes-and-treatment","status":"publish","type":"page","link":"https:\/\/fipmed.co\/sl\/all-about-fip-relapse-prevention-causes-and-treatment\/","title":{"rendered":"Vse o ponovitvi bolezni FIP: Prepre\u010devanje, vzroki in zdravljenje"},"content":{"rendered":"<p>&nbsp;<\/p>\n<h2>Zakaj pride do ponovitve bolezni FIP?<\/h2>\n<p>FIP povzro\u010da virus, zato lahko bolezen ostane latentna (neaktivna) v organizmu oku\u017eene ma\u010dke \u0161e nekaj \u010dasa po prvem zdravljenju. Do ponovitve bolezni FIP lahko pride tudi mesece ali tedne po kon\u010danem zdravljenju, \u010de se virus ponovno aktivira. Poleg tega je bilo ugotovljeno, da so recidivi pogostej\u0161i pri ma\u010dkah z nevrolo\u0161kimi simptomi FIP v primerjavi z drugimi oblikami bolezni, zaradi \u010desar so \u0161e posebej izpostavljene tej te\u017eavi. Pri dobro ugotovljenih primerih, ki vklju\u010dujejo oku\u017ebe o\u010di, mo\u017eganov in hrbtenice, je za popolno ozdravitev in okrevanje po FIP morda potrebno najmanj 12-tedensko zdravljenje. <\/p>\n<h2>Kako prepre\u010diti ponovitev bolezni FIP pri zdravljenju z zdravilom GS441524?<\/h2>\n<h3>Ne uporabljajte imunosupresivov<\/h3>\n<p>Imunosupresivi so zdravila, ki se obi\u010dajno predpi\u0161ejo za zmanj\u0161anje po\u0161kodb zaradi vnetja pri zdravljenju ma\u010djega infekcijskega peritonitisa (FIP) v za\u010detnem obdobju. Imunosupresivna zdravila lahko ovirajo sposobnost telesa, da okreva po FIP, saj oslabijo naravne obrambne sisteme z zmanj\u0161anjem vnetja in zaviranjem odpornosti. To lahko povzro\u010di ve\u010dje tveganje za ponovitev bolezni ali nadaljnje zaplete, kot so oku\u017ebe.<\/p>\n<h3>Zdravljenje nadaljujte najmanj 84 dni<\/h3>\n<p>Priporo\u010dilo o 84-dnevnem zdravljenju ma\u010dk s ponovnim pojavom FIPGS441524 je podprto z raziskavami, ki so pokazale, da to pove\u010da u\u010dinkovitost zdravljenja. Od 393 bolnikov jih je 90 % doseglo uspe\u0161en potek zdravljenja, \u010de so GS441524 dajali 12 tednov, 11,4 % pa jih je zdravljenje podalj\u0161alo za ve\u010d kot 84 dni in doseglo \u0161e bolj\u0161e rezultate. To \u0161e dodatno potrjuje pomen dokon\u010danja celotnega priporo\u010denega odmerka za optimizacijo stopnje uspe\u0161nosti. Nezadostno odmerjanje zdravila GS441524 pove\u010duje tveganje za ponovitev bolezni in odpornost na zdravilo, kar lahko na koncu privede do neuspe\u0161nega zdravljenja va\u0161ega ma\u010djega spremljevalca. <\/p>\n<h3>Zagotavljanje zadostne hidracije in prehranske podpore<\/h3>\n<p>Med zdravljenjem ponovitve bolezni FIP je treba zagotoviti ustrezno hidracijo in prehransko podporo. Hidracija je pri zdravljenju ma\u010dk s FIP izjemno pomembna, saj pomaga ohranjati normalno delovanje organov in podpira odziv imunskega sistema na virus. Poleg tega lahko pomaga zmanj\u0161ati nekatere te\u017eave s strjevanjem krvi, povezane s to boleznijo. Medtem ima pravilna prehrana klju\u010dno vlogo pri zdravljenju in okrevanju. Ustrezen vnos beljakovin je potreben za izgradnjo mi\u0161ic, ki jih je prizadela oku\u017eba, in obnovitev izgubljenih ravni energije zaradi oslabljenega stanja ali stranskih u\u010dinkov zdravil, medtem ko lahko nekatera prehranska dopolnila pomagajo dodatno okrepiti odpornost ma\u010dke v boju proti virusu. <\/p>\n<h2>Kako zdraviti ponovitev bolezni, \u010de do nje pride?<\/h2>\n<h3>Pove\u010dajte odmerek zdravila GS441524<\/h3>\n<p>\u010ce se po zdravljenju FIP pri ma\u010dkah pojavi ponovitev bolezni, je treba odmerek zdravila GS441524 pove\u010dati za 50 %. Ve\u010dji odmerek lahko izbolj\u0161a u\u010dinkovitost pri zdravljenju ponovitve bolezni FIP. \u010ce je va\u0161a ma\u010dka razvila visoko odpornost na zdravilo GS441524, lahko zdravljenje kombinirate z zdravilom GC376. Vendar pa so ob pojavu recidivov mo\u017enosti, da bo ma\u010dka pre\u017eivela, obi\u010dajno majhne.<\/p>\n","protected":false},"excerpt":{"rendered":"<p>&nbsp; Zakaj pride do ponovitve bolezni FIP? FIP povzro\u010da virus, zato lahko bolezen ostane latentna (neaktivna) v organizmu oku\u017eene ma\u010dke \u0161e nekaj \u010dasa po prvem zdravljenju. Do ponovitve bolezni FIP lahko pride tudi mesece ali tedne po kon\u010danem zdravljenju, \u010de se virus ponovno aktivira. Poleg tega je bilo ugotovljeno, da so recidivi pogostej\u0161i pri ma\u010dkah [&hellip;]<\/p>\n","protected":false},"author":1,"featured_media":28468,"parent":0,"menu_order":0,"comment_status":"closed","ping_status":"closed","template":"","meta":{"_glsr_average":0,"_glsr_ranking":0,"_glsr_reviews":0,"footnotes":""},"categories":[1176],"tags":[],"_links":{"self":[{"href":"https:\/\/fipmed.co\/sl\/wp-json\/wp\/v2\/pages\/28467"}],"collection":[{"href":"https:\/\/fipmed.co\/sl\/wp-json\/wp\/v2\/pages"}],"about":[{"href":"https:\/\/fipmed.co\/sl\/wp-json\/wp\/v2\/types\/page"}],"author":[{"embeddable":true,"href":"https:\/\/fipmed.co\/sl\/wp-json\/wp\/v2\/users\/1"}],"replies":[{"embeddable":true,"href":"https:\/\/fipmed.co\/sl\/wp-json\/wp\/v2\/comments?post=28467"}],"version-history":[{"count":0,"href":"https:\/\/fipmed.co\/sl\/wp-json\/wp\/v2\/pages\/28467\/revisions"}],"wp:featuredmedia":[{"embeddable":true,"href":"https:\/\/fipmed.co\/sl\/wp-json\/wp\/v2\/media\/28468"}],"wp:attachment":[{"href":"https:\/\/fipmed.co\/sl\/wp-json\/wp\/v2\/media?parent=28467"}],"wp:term":[{"taxonomy":"category","embeddable":true,"href":"https:\/\/fipmed.co\/sl\/wp-json\/wp\/v2\/categories?post=28467"},{"taxonomy":"post_tag","embeddable":true,"href":"https:\/\/fipmed.co\/sl\/wp-json\/wp\/v2\/tags?post=28467"}],"curies":[{"name":"wp","href":"https:\/\/api.w.org\/{rel}","templated":true}]}}