{"id":28469,"date":"2022-12-02T08:18:10","date_gmt":"2022-12-02T08:18:10","guid":{"rendered":"https:\/\/fipmed.co\/b12-vitamins-for-cats-with-fip-are-important-for-recovery\/"},"modified":"2022-12-02T08:18:10","modified_gmt":"2022-12-02T08:18:10","slug":"b12-vitamins-for-cats-with-fip-are-important-for-recovery","status":"publish","type":"page","link":"https:\/\/fipmed.co\/sl\/b12-vitamins-for-cats-with-fip-are-important-for-recovery\/","title":{"rendered":"Vitamini B12 za ma\u010dke s FIP so pomembni za okrevanje"},"content":{"rendered":"<p>Pri oskrbi ma\u010dke, ki je zbolela za ma\u010djim infekcijskim peritonitisom (FIP), je skrb za njeno zdravje zelo pomembna. To se raz\u0161iri na vitamine za ma\u010dke in pomemben vitamin, ki ga imajo tudi ma\u010dke, je vitamin B12. V tem \u010dlanku bomo pojasnili pomen vitamina B12 za ma\u010dke.  <\/p>\n<h2><strong>Kaj je B12?<\/strong><\/h2>\n<p>Kobalamin je drug izraz za vitamin B12, ki je skupno ime za skupino snovi z delovanjem vitamina B12. Te snovi izstopajo zaradi 4,5-odstotne koncentracije kobalta, zaradi \u010desar so dobile ime &#8220;kobalamin&#8221; (kobalt + vitamin). <\/p>\n<h2><strong>Od kod prihaja?<\/strong><\/h2>\n<p>\u017divila \u017eivalskega izvora, kot so meso, ribe, jajca in jetra, so vir B12. Vendar pa <a href=\"\/?page_id=893\">ma\u010dka s FIP verjetno potrebuje dodatke<\/a>. <\/p>\n<h2><strong>Kaj po\u010dne B12?<\/strong><\/h2>\n<p>B12 ima ve\u010d funkcij, ki so vse klju\u010dne za mo\u010dan imunski sistem:<\/p>\n<ul>\n<li>B12 spodbuja nastajanje rde\u010dih krvni\u010dk (razvoj in vzdr\u017eevanje rde\u010dih krvni\u010dk).<br \/>\nDa bi prepre\u010dili anemijo, mora biti raven B12 ustrezna. <\/li>\n<li>B12 ohranja zdravje \u017eiv\u010dnega sistema (\u017eiv\u010dne celice in normalno mielinizacijo &#8211; ma\u0161\u010dobne ovojnice, ki pokrivajo in \u0161\u010ditijo \u017eiv\u010dne kon\u010di\u010de).<br \/>\nZa \u017eiv\u010dne in kognitivne procese je klju\u010dnega pomena. <\/li>\n<li>B12 skrbi za zdravje \u010drevesja, da se zagotovi ustrezna prebava in absorpcija hrane ter presnova ma\u0161\u010dob in ogljikovih hidratov.<br \/>\n\u010crevesje potrebuje B12 za svoje najbolj\u0161e delovanje, vendar ga ne more absorbirati (iz hrane), \u010de je po\u0161kodovano ali bolno, tako da se pojavlja nekak\u0161en &#8220;catch-22&#8221;. <\/li>\n<\/ul>\n<h2><strong>Kateri so znaki pomanjkanja B12?<\/strong><\/h2>\n<p>Klini\u010dni simptomi pomanjkanja B12 so driska, nelagodje v trebuhu, slabost, bruhanje, izguba apetita, sindrom malabsorpcije, zaprtje, plini, huj\u0161anje, iz\u010drpanost in letargija. Nekateri od na\u0161tetih simptomov so precej pogosti ne\u017eeleni u\u010dinki FIP in so zelo dobro znani. Zdravje va\u0161e ma\u010dke se lahko izbolj\u0161a, \u010de zau\u017eije dovolj B12. Poleg tega so kognitivne motnje in \u0161ibkost okon\u010din povezane s pomanjkanjem B12. Kadar FIP prizadene nevrolo\u0161ki sistem, se ponovno obi\u010dajno pojavijo podobni simptomi.  <\/p>\n<ol>\n<li><strong>Cikel iz\u010drpavanja.<\/strong><\/li>\n<\/ol>\n<p>Prebavila so eden od \u0161tevilnih telesnih procesov, ki jih prizadene vnetna bolezen FIP. Pogosto so prizadeti tudi trebu\u0161na slinavka, vranica in jetra. \u010ce je imunski sistem ogro\u017een, se zaloge B12 v jetrih hitro iz\u010drpajo. Zaradi pomanjkanja B12 v jetrih nastane krog slab\u0161anja pomanjkanja B12, ki povzro\u010di tudi kr\u010denje \u010drevesnih celic in izgubo hranilnih snovi (vklju\u010dno s samim B12). To je dilema, ki smo se je dotaknili \u017ee v prej\u0161njem delu.    <\/p>\n<ol start=\"2\">\n<li><strong>Groze\u010da nevarnost anemije.<\/strong><\/li>\n<\/ol>\n<p>Pri va\u0161i ma\u010dki je zmanj\u0161ana tvorba krvnih celic, kar povzro\u010da anemijo. Pomanjkanje vitamina B12 zavira in zmanj\u0161uje sposobnost telesa za tvorbo krvi ter pove\u010duje apoptozo krvnih celic. Z drugimi besedami, va\u0161a ma\u010dka postane slabokrvna, ko raven B12 pade. Ko va\u0161a ma\u010dka postane slabokrvna, se njena sposobnost, da se upre bolezni (ali \u010demur koli drugemu), znatno zmanj\u0161a.   <\/p>\n<ol start=\"3\">\n<li><strong>Nadaljnja oslabitev imunske odpornosti proti FIP.<\/strong><\/li>\n<\/ol>\n<p>Pomembno je poudariti, da so ljudje zaradi nizkih ravni vitamina B12 bolj dovzetni za oku\u017ebe in bolezni ter zelo \u0161kodljivi za \u017eiv\u010dni sistem, kar lahko privede do nevrolo\u0161kih te\u017eav ter resnih in morda nepopravljivih po\u0161kodb \u017eivcev. Dejansko je pomanjkanje kobalamina pogost vzrok presnovne encefalopatije, ene od ve\u010d vrst encefalopatije, povezane s primarno boleznijo (kot je FIP), ki okvari procese krvno-mo\u017eganske pregrade in normalno delovanje mo\u017eganov. Letargija, \u017ealost, ataksija, anoreksija in ob\u010dasno bruhanje so le nekateri od nejasnih klini\u010dnih znakov, ki lahko v huj\u0161ih primerih povzro\u010dijo nevrolo\u0161ko bolezen in slepoto pri ma\u010dkah. Splo\u0161no znano je, da imajo ma\u010dke s FIP pogosto anemijo ali so na robu anemije, nekatere pa ka\u017eejo nevrolo\u0161ke znake bolezni. Drugi del &#8220;catch-22 blowback&#8221; je, da va\u0161a ma\u010dka zaradi FIP morda ne more shranjevati zadostnih koli\u010din B12, kar lahko poslab\u0161a simptome bolezni. \u010ce tega kroga ne boste ustavili in dodali pomembnih vitaminov, ne morete zmagati.  <\/p>\n<h2><strong>Na\u010dini umetnega pridobivanja B12 pri ma\u010dki<\/strong><\/h2>\n<p><strong>Injekcije B12.<\/strong><\/p>\n<p>V ve\u010dini dr\u017eav je kobalamin lahko dostopen brez recepta. Za ma\u010dke s telesno maso do 5 kg se priporo\u010da podko\u017ena injekcija 250 g kobalamina. Za ma\u010dke s FIP svetujemo tedensko vbrizgavanje, dokler anemija ne izzveni in se vrednosti RBC ne stabilizirajo. Poleg tega lahko B12 dajete s podko\u017eno teko\u010dino. Za va\u0161o ma\u010dko bo ta postopek morda bolj udoben, saj injekcije B12 bolijo!    <\/p>\n<p><strong>peroralni dodatki B12.<\/strong><\/p>\n<p>Jemati je treba metilkobalamin, saj znatno izbolj\u0161a delovanje jeter. Ma\u010dke lahko jemljejo dodatke B12, ki so namenjeni ljudem. 500 mcg (0,5 mg) na dan je odli\u010den za\u010detni odmerek, lahko pa ga tudi podvojite. \u010ceprav se zdi visoka, se dejansko absorbira le majhen del. Razmislite o jemanju multivitaminskega dodatka, namenjenega ma\u010dkam, ki vsebuje tudi \u017eelezo (za anemijo).    <\/p>\n<p><strong>Prehrana.<\/strong><\/p>\n<p>Ne podcenjujte naravnih virov B12; \u010de lahko, dajte svoji ma\u010dki vsak dan pribli\u017eno \u017elico sve\u017eega mesa, jeter ali rib. Prigrizki bodo va\u0161i ma\u010dki morda celo v\u0161e\u010d, poleg tega pa je malo \u017ee zelo veliko. <\/p>\n<h2><strong>Koristi B12: vitamini za ma\u010dke<\/strong><\/h2>\n<p>B12 pomaga pri nastajanju rde\u010dih krvni\u010dk (razvoj in vzdr\u017eevanje rde\u010dih krvni\u010dk). Da bi prepre\u010dili anemijo, mora biti raven B12 ustrezna. B12 ohranja zdravje nevrolo\u0161kega sistema (\u017eiv\u010dnih celic in normalne mielinizacije &#8211; ma\u0161\u010dobne ovojnice, ki pokrivajo in \u0161\u010ditijo \u017eiv\u010dne kon\u010di\u010de). Za \u017eiv\u010dne in kognitivne procese je klju\u010dnega pomena. B12 spodbuja zdravje \u010drevesja za bolj\u0161o prebavo in absorpcijo hrane ter presnovo ma\u0161\u010dob in ogljikovih hidratov.<\/p>\n<h2><strong>10 znakov pomanjkanja B12<\/strong><\/h2>\n<ol>\n<li>Slabost<\/li>\n<li>Bruhanje<\/li>\n<li>Pomanjkanje apetita<\/li>\n<li>Te\u017eave z absorpcijo hrane<\/li>\n<li>Zaprtje<\/li>\n<li>Plin<\/li>\n<li>Izguba telesne te\u017ee<\/li>\n<li>Utrujenost \/ letargija<\/li>\n<li>Bole\u010dine v \u017eelodcu<\/li>\n<li>Driska<\/li>\n<\/ol>\n<h2><strong>Odmerjanje vitaminov za ma\u010dke B12 med zdravljenjem FIP<\/strong><\/h2>\n<p>Vsak teden do 250-500 mikrogramov (mcg) za odrasle ma\u010dke, ki niso slabokrvne. Za pravi odmerek za ma\u010dke se posvetujte z veterinarjem. Morda bo treba ma\u010dkam s hudo anemijo vsak teden dati do 1000 mcg. GS-441524 samo z vitaminom B12 morda ne bo zadostoval v primerih hude anemije. Morda bi bilo treba dajati dodatne tedenske injekcije vitamina B12. Posvetujte se s svojim veterinarjem.<\/p>\n<h2><strong>Izra\u010dun odmerka pri uporabi GS-441524 + B12<\/strong><\/h2>\n<p>Odmerek zdravila GS-441524 je z vitaminom B12 ali brez njega enak.<\/p>\n<p><strong>Primer: 3 kg te\u017eki ma\u010dki, pri kateri je bila diagnosticirana <a href=\"\/?page_id=897\">mokra oblika<\/a> FIP.  <\/strong><\/p>\n<p>Odmerek za FIP v mokri obliki je 6 mg\/kg. Dnevna injekcija 0,9 ml GS-441524 je enaka 3 kg x 6 mg\/kg 20 mg\/ml. Priporo\u010deni dnevni odmerek vitamina B12 je 45 mcg (0,9 ml x 50 mcg\/ml). Ta ma\u010dka bo vsak teden dobila 315 mcg vitamina B12.   <\/p>\n<h2><strong>Zakaj ma\u010dke s FIP potrebujejo vitamin B12  <\/strong><\/h2>\n<p><strong>Veliko tveganje za anemijo.<\/strong><\/p>\n<p>Med boleznijo FIP se pri ma\u010dkah pogosto pojavi slabokrvnost. Pomanjkanje B12 pospe\u0161uje propadanje krvnih celic in omejuje naravno sposobnost telesa, da ustvarja novo kri. Ma\u010dke, ki imajo nizko raven B12, postanejo slabokrvne. Ko ma\u010dke postanejo slabokrvne, se njihova sposobnost odpornosti proti virusu FIP in drugim oku\u017ebam znatno zmanj\u0161a.   <\/p>\n<p><strong>oslabljen imunski sistem.<\/strong><\/p>\n<p>Nezadostna raven B12 pove\u010duje ranljivost telesa za oku\u017ebe in bolezni ter je \u0161e posebej \u0161kodljiva za \u017eiv\u010dni sistem ma\u010dk. Zaradi tega se nevrolo\u0161ki simptomi poka\u017eejo hitreje in lahko povzro\u010dijo hude ali nepopravljive po\u0161kodbe \u017eivcev. Primarna bolezen (kot je FIP), ki posega v normalno delovanje mo\u017eganov in sisteme krvno-mo\u017eganske pregrade, je pogost vzrok za encefalopatijo, ki vklju\u010duje metabolno encefalopatijo, eno od ve\u010d vrst encefalopatije. Pomanjkanje B12 je glavni vzrok za to encefalopatijo. Letargija, \u017ealost, ataksija, anoreksija in ob\u010dasno bruhanje so le nekateri od nejasnih klini\u010dnih znakov, ki lahko v huj\u0161ih primerih povzro\u010dijo nevrolo\u0161ko bolezen in slepoto pri ma\u010dkah. Dobro je dokumentirano, da imajo ma\u010dke, oku\u017eene s FIPV, pogosto anemijo ali anemiji podobne simptome. Pri mnogih ljudeh se pojavijo nevrolo\u0161ki znaki. To je primer klasi\u010dne negativne povratne zanke: Oku\u017eba z virusom FIP se hitreje razvije, \u010de je raven B12 nezadostna. Zaradi FIP ma\u010dke te\u017eje vzdr\u017eujejo zadostno koli\u010dino B12 v telesu.    <\/p>\n<p><strong>Hitro iz\u010drpavanje hranil<\/strong><\/p>\n<p>Ker je FIP vnetno obolenje, lahko ob diagnozi pri ma\u010dki po\u0161koduje jetra, prebavila, trebu\u0161no slinavko in vranico. Ko je imunski sistem oslabljen, jetra hitro porabijo shranjeni B12. Ko je raven B12 v jetrih nizka, se \u010drevesne celice skr\u010dijo in telo ima te\u017eave z absorpcijo prehrane. To bo spro\u017eilo zanko, zaradi katere se bo pomanjkanje B12 \u0161e poslab\u0161alo.   <\/p>\n<h2><strong>POGOSTO ZASTAVLJENA VPRA\u0160ANJA<\/strong><\/h2>\n<p><strong>Kako lahko B12 izbolj\u0161a splo\u0161no po\u010dutje moje ma\u010dke?<\/strong><\/p>\n<p>S hematolo\u0161kimi, kemi\u010dnimi in\/ali krvnimi preiskavami lahko ocenite zdravstveni napredek va\u0161e ma\u010dke. Opaziti pa morate tudi spremembe v obi\u010dajnem vedenju va\u0161e ma\u010dke, kot so ve\u010dja \u017eivahnost, manj\u0161a letargi\u010dnost in ve\u010dja lakota. Klju\u010dnega pomena je, da se zavedate, da ma\u010dke ne morejo razumeti svoje bolezni ali razlogov zanjo. Zavedajo se le splo\u0161nega ob\u010dutka, da so bolne. Pri njihovem re\u017eimu zdravljenja je lahko koristna uporaba B12, da se zmanj\u0161a njihovo trpljenje in izbolj\u0161a kakovost \u017eivljenja.    <\/p>\n<p><strong>Ali lahko B12 pomaga pri zdravljenju FIP?<\/strong><\/p>\n<p>Ne, ni. B12 NI <a href=\"https:\/\/fipmed.co\/\">zdravilo za FIP<\/a>. Pomaga pa imunskemu sistemu va\u0161e ma\u010dke pri opravljanju \u017eivljenjsko pomembnih nalog. Potrebujete vso pomo\u010d, ki jo lahko dobite, \u010de \u017eelite svoji ma\u010dki dati prilo\u017enost, da se bori proti virusu. \u010ce ne sprejmete vseh previdnostnih ukrepov za pove\u010danje mo\u017enosti za uspeh, ne morete pri\u010dakovati, da boste s primarnim zdravljenjem dosegli svoje cilje. Skratka, obvladovanje FIP vklju\u010duje ve\u010d kot le zagotavljanje primarnega zdravljenja, kot so PI, FOI itd. Kot skrbnik ma\u010dke ste odgovorni za vzdr\u017eevanje in izbolj\u0161anje imunskega sistema, da bi svoji ma\u010dki zagotovili najbolj\u0161e mo\u017enosti za pre\u017eivetje. Glede na velikost in resnost bolezni FIP to ni lahka naloga. Vse, kar lahko storimo lastniki, je, da uporabimo vsa oro\u017eja, ki so nam na voljo, in se borimo tako dolgo in tako mo\u010dno, kot lahko. V tem spopadu \u0161teje vsaka prednost in B12 je klju\u010dno oro\u017eje. Nikoli ne veste, katero na videz nepomembno, a na koncu pomembno dejanje lahko na koncu bistveno spremeni situacijo. Dajte svoji ma\u010dki prilo\u017enost za uspeh.     <\/p>\n<p><strong>Zakaj lahko ma\u010dka potrebuje injekcijo B12?<\/strong><\/p>\n<p>Vitamin B12 ma\u010dke zau\u017eijejo naravno s hrano. Na \u017ealost ima veliko ma\u010dk te\u017eave s pravilnim vsrkavanjem hranil v \u010drevesju in jim lahko hitro za\u010dne primanjkovati vitamina B12. Zaradi tega ma\u010dkom morda ne bodo koristili oralni dodatki; namesto tega bo zanesljivej\u0161i na\u010din za zagotavljanje tega vitamina injicirani vitamin. Injekcija vitamina B12 je lahko koristna za ma\u010dke s spodaj na\u0161tetimi boleznimi kot sestavni del podpornega re\u017eima zdravljenja:  <\/p>\n<ul>\n<li>Nelagodje v trebuhu<\/li>\n<li>Malabsorpcija<\/li>\n<li>Inappetance<\/li>\n<li>Driska<\/li>\n<li>Zaprtje<\/li>\n<li>Letargi\u010dno stanje<\/li>\n<li>Izguba telesne te\u017ee<\/li>\n<li>Bruhanje<\/li>\n<li>Anemija<\/li>\n<li>FIP<\/li>\n<li>Panleukopenija<\/li>\n<\/ul>\n<p>\u010ceprav B12 sam ne more odpraviti teh te\u017eav, lahko pomaga ohranjati imunski in prebavni sistem ma\u010dke med zdravljenjem in okrevanjem.<\/p>\n<p><strong>Potrebna oprema<\/strong><\/p>\n<ul>\n<li>B12 v obliki injekcij, ki jih zagotovi veterinar<\/li>\n<li>Sterilez 1cc brizga<\/li>\n<li>25 g igel<\/li>\n<li>Dozator za ostre predmete<\/li>\n<\/ul>\n<p>\u010ceprav B12 ne pomaga neposredno izbolj\u0161ati stanja ma\u010dke, ki je zbolela za FIP, lahko pomaga s podporo imunskega sistema va\u0161e ma\u010dke in lahko posredno pomaga ma\u010dki pri okrevanju po bolezni. Zato bi moralo ve\u010d lastnikov ma\u010dk vedeti za to in svojim ma\u010dkam pogosto dajati zdravilo B12, da bi izbolj\u0161ali njihovo stanje, ne glede na to, ali so zdrave ali bolne.<\/p>\n","protected":false},"excerpt":{"rendered":"<p>Pri oskrbi ma\u010dke, ki je zbolela za ma\u010djim infekcijskim peritonitisom (FIP), je skrb za njeno zdravje zelo pomembna. To se raz\u0161iri na vitamine za ma\u010dke in pomemben vitamin, ki ga imajo tudi ma\u010dke, je vitamin B12. V tem \u010dlanku bomo pojasnili pomen vitamina B12 za ma\u010dke. Kaj je B12? Kobalamin je drug izraz za vitamin [&hellip;]<\/p>\n","protected":false},"author":11,"featured_media":28470,"parent":0,"menu_order":0,"comment_status":"closed","ping_status":"closed","template":"","meta":{"_glsr_average":0,"_glsr_ranking":0,"_glsr_reviews":0,"footnotes":""},"categories":[1172],"tags":[1184,1182,1173,1183,1181],"_links":{"self":[{"href":"https:\/\/fipmed.co\/sl\/wp-json\/wp\/v2\/pages\/28469"}],"collection":[{"href":"https:\/\/fipmed.co\/sl\/wp-json\/wp\/v2\/pages"}],"about":[{"href":"https:\/\/fipmed.co\/sl\/wp-json\/wp\/v2\/types\/page"}],"author":[{"embeddable":true,"href":"https:\/\/fipmed.co\/sl\/wp-json\/wp\/v2\/users\/11"}],"replies":[{"embeddable":true,"href":"https:\/\/fipmed.co\/sl\/wp-json\/wp\/v2\/comments?post=28469"}],"version-history":[{"count":0,"href":"https:\/\/fipmed.co\/sl\/wp-json\/wp\/v2\/pages\/28469\/revisions"}],"wp:featuredmedia":[{"embeddable":true,"href":"https:\/\/fipmed.co\/sl\/wp-json\/wp\/v2\/media\/28470"}],"wp:attachment":[{"href":"https:\/\/fipmed.co\/sl\/wp-json\/wp\/v2\/media?parent=28469"}],"wp:term":[{"taxonomy":"category","embeddable":true,"href":"https:\/\/fipmed.co\/sl\/wp-json\/wp\/v2\/categories?post=28469"},{"taxonomy":"post_tag","embeddable":true,"href":"https:\/\/fipmed.co\/sl\/wp-json\/wp\/v2\/tags?post=28469"}],"curies":[{"name":"wp","href":"https:\/\/api.w.org\/{rel}","templated":true}]}}