{"id":28487,"date":"2022-12-02T08:05:01","date_gmt":"2022-12-02T08:05:01","guid":{"rendered":"https:\/\/fipmed.co\/cat-fip-treatment-medical-advancement-for-fip-saves-cats\/"},"modified":"2022-12-02T08:05:01","modified_gmt":"2022-12-02T08:05:01","slug":"cat-fip-treatment-medical-advancement-for-fip-saves-cats","status":"publish","type":"page","link":"https:\/\/fipmed.co\/sl\/cat-fip-treatment-medical-advancement-for-fip-saves-cats\/","title":{"rendered":"Zdravljenje ma\u010dke FIP: Zdravstveni napredek pri FIP re\u0161uje ma\u010dke"},"content":{"rendered":"<p>Za ma\u010dke je \u017ee na voljo preizku\u0161eno zdravilo za FIP. Vendar zaradi pomanjkanja finan\u010dne motivacije trenutno ni na seznamu uradno odobrenih zdravil za <a href=\"\/?page_id=883\" target=\"_blank\" rel=\"noopener\">FIP pri ma\u010dkah<\/a>. Podporno zdravljenje lahko ubla\u017ei nelagodje, vendar ne pove\u010da stopnje pre\u017eivetja, kot so protivnetna zdravila in odvajanje teko\u010dine iz prsnega ko\u0161a in trebuha. V preteklosti je bila evtanazija najbolj\u0161a mo\u017enost zaradi hitre in visoke smrtnosti bolezni, vendar je danes mogo\u010de zagotoviti zdravljenje z visoko stopnjo uspe\u0161nosti. Trenutno se raziskuje nekaj raziskovalnih zdravil, med drugim GS441524, GC376, CL-Pro in Remdesivir. Ta zdravila trenutno niso zakonsko dostopna za klini\u010dno uporabo pri ma\u010dkah.   <\/p>\n<h2><\/h2>\n<p><strong>ANTIVIRALNA zdravila (zaviralci proteaz, zaviralci polimeraz, nukleozidni analogi)<\/strong><\/p>\n<p>Edina <a href=\"https:\/\/fipmed.co\/\" target=\"_blank\" rel=\"noopener\">zdravila, ki zdaj dajejo upanje ma\u010dkam s FIP<\/a>, sta GS441524, ki je nukleozidni analog, in GC376, zaviralec proteaze. GS441524 ostaja najbolj\u0161a mo\u017enost za zdravljenje FIP zaradi ni\u017eje stopnje ponovitve bolezni v primerjavi z GC376. V primerjavi z zdravilom Remdesivir tudi hitreje deluje. Remdesivir je namre\u010d predhodnik GS441524, zato je potreben dodaten korak, da se Remdesivir pretvori v GS441524, da lahko deluje.<\/p>\n<p>&nbsp;<\/p>\n<p><strong>GS-441524<\/strong><\/p>\n<p>Dokazano je, da to zdravilo dobro deluje v \u0161tevilnih primerih. Njegovo pridobivanje je bilo te\u017eavno. Remdesivir je, kot je bilo \u017ee navedeno, protid ali prodrog, ki ga telo nato pretvori v GS-441524. Dajanje zdravila v obliki protida ali prozdelka pomaga pri njegovem vnosu v celice imunskega sistema, ki vsebujejo imunosupresivne koronaviruse. Pri testiranju nekaterih zdravil pri ma\u010dkah so GS-441524 dajali v njegovi prvotni obliki, pri \u010demer ni bilo zaznati uspe\u0161ne stopnje ozdravitve FIP.    <\/p>\n<p>&nbsp;<\/p>\n<p>GS441524 je trenutno \u0161e vedno najbolj\u0161a mo\u017enost za zdravljenje. Zaradi visokih stro\u0161kov in pomanjkanja dostopa do tega zdravila pa bi morali lastniki ma\u010dk bolj vztrajati, da prepre\u010dijo, da bi njihova ma\u010dka sploh zbolela. <\/p>\n<p>&nbsp;<\/p>\n<p><strong>GC376<\/strong><\/p>\n<p>GC376 lahko \u0161tejemo za protivirusno zdravilo \u0161irokega spektra, ki zavira <sup>Mpro<\/sup> ve\u010d virusov, vklju\u010dno s koronavirusi, kot so FCoV, virus pra\u0161i\u010dje epidemi\u010dne diareje (PEDV), SARS-CoV, MERS-CoV, SARS-CoV-2, koronavirusi dihurjev in nork. GC376 je prodrug GC373, \u0161e enega zaviralca proteaz na osnovi dipeptidov. Zdravljenje FIP pri ma\u010dkah z zdravilom GC376 je bilo povezano s stranskimi u\u010dinki, kot so prehodno zbadanje na mestih injiciranja, podko\u017ena fibroza, izpadanje dlake in nenormalno izra\u0161\u010danje stalnih zob pri mladih ma\u010dkah<span class=\"anchor-text\">[4].<\/span> Zato so potrebne nadaljnje \u0161tudije za oceno mo\u017enih stranskih u\u010dinkov, povezanih z uporabo zdravila GC376 na \u017eivalskih modelih, preden se uporabi v klini\u010dnih presku\u0161anjih. GC376 prepre\u010duje razmno\u017eevanje virusa FCoV z druga\u010dnim mehanizmom. Vendar je stopnja ponovitve bolezni pri ma\u010dkah, zdravljenih z zdravilom GC376, bistveno vi\u0161ja kot pri zdravilu GS441524. GC376 se izka\u017ee v primerih, ko so ma\u010dke razvile odpornost proti GS441524, zlasti v primerih ponovitve bolezni. Takrat je priporo\u010dljivo uporabiti zdravilo GC376. Obstajajo tudi raziskave, ki ka\u017eejo, da kombinacija GS441524 in GC376 daje bolj\u0161e rezultate, omogo\u010dila pa je tudi kraj\u0161e trajanje zdravljenja, in sicer 6 tednov namesto obi\u010dajnih 12 tednov. <\/p>\n<p>&nbsp;<\/p>\n<p class=\"p1\"><b>Ma\u010dji interferon<\/b><\/p>\n<p>Interferon je tisti, ki ga telo naravno proizvaja kot odgovor na oku\u017ebo z virusom. Veterinarji imajo na voljo dve vrsti interferonov: ma\u010dji interferon omega (Virbagen Omega,\u00ae proizvajalca Virbac v Franciji) in \u010dlove\u0161ki interferon alfa, ki je na voljo pod ve\u010d blagovnimi znamkami. Bolje je uporabiti ma\u010dji interferon, ker so interferoni vrstno specifi\u010dni: najbolje delujejo pri izvorni vrsti. Interferon-omega je injekcija, ki se tr\u017ei za ma\u010dke s FIP. Majhna zgodnja \u0161tudija je pokazala obetavne rezultate, zato je za kratek \u010das postal del standardnega zdravljenja. To je bilo eno prvih <a href=\"\/?page_id=887\" target=\"_blank\" rel=\"noopener\">razpolo\u017eljivih zdravljenj za FIP<\/a>, vendar je bila stopnja uspe\u0161nosti nizka. Ve\u010dja dvojno slepa, s placebom kontrolirana \u0161tudija ni pokazala nobene koristi interferona. S tem bi moralo biti zadeve konec, vendar je zdravilo \u0161e vedno na voljo, ljudje pa \u0161e vedno spodbujajo prej\u0161nji dokument, ne da bi se sklicevali na poznej\u0161ega.  <\/p>\n<p>&nbsp;<\/p>\n<p><strong>KORTIKOSTEROIDI (SAMO ZA PALLIALITIVE)<\/strong><\/p>\n<p class=\"p1\"><span class=\"s1\">Med zgodnjo boleznijo so lahko potrebna podporna (simptomatska) zdravila, ki ohranijo ma\u010dke pri \u017eivljenju dovolj dolgo, da za\u010dnejo delovati protivirusna zdravila.<br \/>\nMed zdravili so pogosto tudi protivnetna zdravila (kortikosteroidi, nesteroidni protivnetni zdravila).<br \/>\nRaje se izogibajte pretirani uporabi teh zdravil, razen v kratkem \u010dasu in le, \u010de za to obstajajo utemeljeni razlogi, zlasti pri izjemno slabem po\u010dutju ma\u010dk v prvih nekaj dneh.  <\/span><\/p>\n<p class=\"p1\"><span class=\"s1\">Glavni cilj zdravljenja FIP je prepre\u010diti razmno\u017eevanje virusa v makrofagih, kar takoj ustavi nastajanje razli\u010dnih vnetnih in imunosupresivnih citokinov, ki povzro\u010dajo simptome FIP.<br \/>\nNekatera zdravila, kot so kortikosteroidi (prednizolon) in nesteroidni protivnetni zdravila (meloksikam), lahko zmanj\u0161ajo vnetne citokine, zdravilo GS-441524 pa te \u0161kodljive citokine popolnoma blokira.<br \/>\nZdravilo FipMed v 24-48 urah povzro\u010di znatno izbolj\u0161anje temperature, aktivnosti, lakote in drugih simptomov.<br \/>\nTo izbolj\u0161anje bo bistveno ve\u010dje, kot ga lahko zagotovi katero koli drugo zdravilo.<br \/>\nZato je treba, razen \u010de obstaja nujen razlog za nadaljevanje uporabe drugih zdravil, le-ta ukiniti takoj, ko se <a href=\"\/?page_id=899\" target=\"_blank\" rel=\"noopener\">simptomi FIP<\/a> opazno in stalno izbolj\u0161ajo.    <\/span><\/p>\n<p class=\"p1\"><span class=\"s1\">Steroidi lahko poleg prikrivanja simptomov, povezanih s FIP, ovirajo tudi porazdelitev zdravila GS-441524 skozi krvno-mo\u017egansko pregrado.<br \/>\nVe\u010d raziskav je pokazalo, da lahko steroidi zmanj\u0161ajo prepustnost krvno-mo\u017eganske pregrade.<br \/>\nPri ma\u010dkah lahko zmanj\u0161ana prepustnost zmanj\u0161a u\u010dinkovitost zdravila GS-441524 in pove\u010da verjetnost ponovitve bolezni.  <\/span><\/p>\n<p>&nbsp;<\/p>\n<p class=\"p1\"><span class=\"s1\"><b><a href=\"\/?page_id=6163\" target=\"_blank\" rel=\"noopener\">GS 441524<\/a> Varnost kot zdravljenje FIP<\/b><\/span><\/p>\n<p class=\"p1\"><span class=\"s1\">GS-441524 se je izkazal za varno in u\u010dinkovito mo\u017enost zdravljenja.<br \/>\nZdravilo je bilo prvotno razvito kot protivirusno zdravilo za ljudi, vendar je bilo nato ponovno uporabljeno za uporabo pri ma\u010dkah. <span class=\"Apple-converted-space\"> <\/span><\/span><\/p>\n<p class=\"p1\"><span class=\"s1\">\u0160tevilne \u0161tudije so pokazale, da zdravilo ne povzro\u010da pomembnih ne\u017eelenih u\u010dinkov ali toksi\u010dnosti, \u010de se uporablja v skladu z navodili.<\/span><\/p>\n<p class=\"p1\"><span class=\"s1\">Pri nekaterih ma\u010dkah se lahko med zdravljenjem pojavijo blagi ne\u017eeleni u\u010dinki, kot sta slabost ali letargija. Ti simptomi obi\u010dajno hitro izzvenijo in ne zahtevajo posredovanja veterinarja. <span class=\"Apple-converted-space\"> <\/span><\/span><\/p>\n<p>&nbsp;<\/p>\n","protected":false},"excerpt":{"rendered":"<p>Za ma\u010dke je \u017ee na voljo preizku\u0161eno zdravilo za FIP. Vendar zaradi pomanjkanja finan\u010dne motivacije trenutno ni na seznamu uradno odobrenih zdravil za FIP pri ma\u010dkah. Podporno zdravljenje lahko ubla\u017ei nelagodje, vendar ne pove\u010da stopnje pre\u017eivetja, kot so protivnetna zdravila in odvajanje teko\u010dine iz prsnega ko\u0161a in trebuha. V preteklosti je bila evtanazija najbolj\u0161a mo\u017enost [&hellip;]<\/p>\n","protected":false},"author":11,"featured_media":28490,"parent":0,"menu_order":0,"comment_status":"closed","ping_status":"closed","template":"","meta":{"_glsr_average":0,"_glsr_ranking":0,"_glsr_reviews":0,"footnotes":""},"categories":[1172],"tags":[1173,1191],"_links":{"self":[{"href":"https:\/\/fipmed.co\/sl\/wp-json\/wp\/v2\/pages\/28487"}],"collection":[{"href":"https:\/\/fipmed.co\/sl\/wp-json\/wp\/v2\/pages"}],"about":[{"href":"https:\/\/fipmed.co\/sl\/wp-json\/wp\/v2\/types\/page"}],"author":[{"embeddable":true,"href":"https:\/\/fipmed.co\/sl\/wp-json\/wp\/v2\/users\/11"}],"replies":[{"embeddable":true,"href":"https:\/\/fipmed.co\/sl\/wp-json\/wp\/v2\/comments?post=28487"}],"version-history":[{"count":0,"href":"https:\/\/fipmed.co\/sl\/wp-json\/wp\/v2\/pages\/28487\/revisions"}],"wp:featuredmedia":[{"embeddable":true,"href":"https:\/\/fipmed.co\/sl\/wp-json\/wp\/v2\/media\/28490"}],"wp:attachment":[{"href":"https:\/\/fipmed.co\/sl\/wp-json\/wp\/v2\/media?parent=28487"}],"wp:term":[{"taxonomy":"category","embeddable":true,"href":"https:\/\/fipmed.co\/sl\/wp-json\/wp\/v2\/categories?post=28487"},{"taxonomy":"post_tag","embeddable":true,"href":"https:\/\/fipmed.co\/sl\/wp-json\/wp\/v2\/tags?post=28487"}],"curies":[{"name":"wp","href":"https:\/\/api.w.org\/{rel}","templated":true}]}}