{"id":28495,"date":"2023-05-08T07:39:24","date_gmt":"2023-05-08T07:39:24","guid":{"rendered":"https:\/\/fipmed.co\/contact-us\/"},"modified":"2025-01-22T06:13:26","modified_gmt":"2025-01-22T06:13:26","slug":"contact-us","status":"publish","type":"page","link":"https:\/\/fipmed.co\/sl\/contact-us\/","title":{"rendered":"Pi\u0161ite nam"},"content":{"rendered":"\t\t<div data-elementor-type=\"wp-page\" data-elementor-id=\"28495\" class=\"elementor elementor-28495 elementor-7274\">\n\t\t\t\t\t\t<section class=\"elementor-section elementor-top-section elementor-element elementor-element-a0c711f elementor-section-boxed elementor-section-height-default elementor-section-height-default\" data-id=\"a0c711f\" data-element_type=\"section\">\n\t\t\t\t\t\t<div class=\"elementor-container elementor-column-gap-default\">\n\t\t\t\t\t<div class=\"elementor-column elementor-col-100 elementor-top-column elementor-element elementor-element-935b070\" data-id=\"935b070\" data-element_type=\"column\">\n\t\t\t<div class=\"elementor-widget-wrap elementor-element-populated\">\n\t\t\t\t\t\t<div class=\"elementor-element elementor-element-213ae02 elementor-widget elementor-widget-text-editor\" data-id=\"213ae02\" data-element_type=\"widget\" data-widget_type=\"text-editor.default\">\n\t\t\t\t<div class=\"elementor-widget-container\">\n\t\t\t\t\t\t\t\t\t<p class=\"p1\">\n<p class=\"p1\"><span class=\"s1\">Tu smo, da vam pomagamo! Obrnite se na nas. \u010ce imate vpra\u0161anja, pomisleke ali povratne informacije, nas brez oklevanja kontaktirajte. Na\u0161a predana ekipa za podporo strankam vam je pripravljena pomagati po svojih najbolj\u0161ih mo\u010deh.   <\/span><\/p>\n<p class=\"p1\"><strong><span class=\"s1\">Kako do nas<\/span><\/strong><\/p>\n<p class=\"p1\"><strong><span class=\"s1\">Elektronska po\u0161ta:<\/span><\/strong><\/p>\n<p class=\"p1\"><span class=\"s1\">Po\u0161ljite nam elektronsko sporo\u010dilo na naslov support@fipmed.co. Na vsa vpra\u0161anja se bomo odzvali v 2 urah, tudi ob koncu tedna in praznikih. Ne glede na to, ali imate vpra\u0161anje o na\u0161ih izdelkih, te\u017eavo z naro\u010dilom ali potrebujete pomo\u010d pri vra\u010dilu, vam bo na\u0161a ekipa zagotovila hiter in koristen odgovor.  <\/span><\/p>\n<p class=\"p1\"><strong><span class=\"s1\">Klepetalni robot v \u017eivo:<\/span><\/strong><\/p>\n<p class=\"p1\"><span class=\"s1\">Za pomo\u010d v realnem \u010dasu vam na na\u0161em spletnem mestu ponujamo priro\u010dno funkcijo klepeta v \u017eivo. V spodnjem desnem kotu zaslona poi\u0161\u010dite ikono za klepet in kliknite, da za\u010dnete pogovor z na\u0161im klepetalnikom Clawdia. Ne glede na to, ali potrebujete pomo\u010d pri navigaciji po na\u0161em spletnem mestu, imate vpra\u0161anja o na\u0161i ponudbi ali potrebujete podporo med postopkom nakupa, vam bo takoj pomagala. Z veseljem bo odgovorila na va\u0161a vpra\u0161anja, vam priporo\u010dila za izdelke ali vam pomagala pri morebitnih te\u017eavah.   <\/span><\/p>\n<p class=\"p1\"><strong><span class=\"s1\">Dru\u017ebeni mediji:<\/span><\/strong><\/p>\n<p class=\"p1\"><span class=\"s1\">Pove\u017eite se z nami v dru\u017eabnih medijih. Aktivni smo na Facebooku. Spremljajte nas in bodite obve\u0161\u010deni o najnovej\u0161ih predstavitvah izdelkov, ekskluzivnih promocijah in \u0161e ve\u010d. Obrnite se na nas z neposrednimi sporo\u010dili ali nas ozna\u010dite v svojih objavah. Radi sli\u0161imo na\u0161e stranke in sodelujemo z na\u0161o skupnostjo.    <\/span><\/p>\n<p class=\"p1\"><span class=\"s1\">Va\u0161e zadovoljstvo je na\u0161a najpomembnej\u0161a prednostna naloga, zato smo zavezani k zagotavljanju izjemnih storitev za stranke. Cenimo va\u0161e povratne informacije in cenimo va\u0161 \u010das, ki ste nam ga namenili. Prizadevamo si za nenehno izbolj\u0161evanje va\u0161e izku\u0161nje in va\u0161 prispevek ima v tem procesu klju\u010dno vlogo.  <\/span><\/p>\n<p class=\"p1\"><span class=\"s1\">Hvala, ker ste izbrali FipMed. Veselimo se, da vam bomo lahko pomagali! <\/span><\/p>\n\t\t\t\t\t\t\t\t<\/div>\n\t\t\t\t<\/div>\n\t\t\t\t\t<\/div>\n\t\t<\/div>\n\t\t\t\t\t<\/div>\n\t\t<\/section>\n\t\t\t\t<\/div>\n\t\t","protected":false},"excerpt":{"rendered":"<p>Tu smo, da vam pomagamo! Obrnite se na nas. \u010ce imate vpra\u0161anja, pomisleke ali povratne informacije, nas brez oklevanja kontaktirajte. Na\u0161a predana ekipa za podporo strankam vam je pripravljena pomagati po svojih najbolj\u0161ih mo\u010deh. Kako do nas Elektronska po\u0161ta: Po\u0161ljite nam elektronsko sporo\u010dilo na naslov support@fipmed.co. Na vsa vpra\u0161anja se bomo odzvali v 2 urah, [&hellip;]<\/p>\n","protected":false},"author":1,"featured_media":0,"parent":0,"menu_order":0,"comment_status":"closed","ping_status":"closed","template":"","meta":{"_glsr_average":0,"_glsr_ranking":0,"_glsr_reviews":0,"footnotes":""},"categories":[],"tags":[],"_links":{"self":[{"href":"https:\/\/fipmed.co\/sl\/wp-json\/wp\/v2\/pages\/28495"}],"collection":[{"href":"https:\/\/fipmed.co\/sl\/wp-json\/wp\/v2\/pages"}],"about":[{"href":"https:\/\/fipmed.co\/sl\/wp-json\/wp\/v2\/types\/page"}],"author":[{"embeddable":true,"href":"https:\/\/fipmed.co\/sl\/wp-json\/wp\/v2\/users\/1"}],"replies":[{"embeddable":true,"href":"https:\/\/fipmed.co\/sl\/wp-json\/wp\/v2\/comments?post=28495"}],"version-history":[{"count":1,"href":"https:\/\/fipmed.co\/sl\/wp-json\/wp\/v2\/pages\/28495\/revisions"}],"predecessor-version":[{"id":28496,"href":"https:\/\/fipmed.co\/sl\/wp-json\/wp\/v2\/pages\/28495\/revisions\/28496"}],"wp:attachment":[{"href":"https:\/\/fipmed.co\/sl\/wp-json\/wp\/v2\/media?parent=28495"}],"wp:term":[{"taxonomy":"category","embeddable":true,"href":"https:\/\/fipmed.co\/sl\/wp-json\/wp\/v2\/categories?post=28495"},{"taxonomy":"post_tag","embeddable":true,"href":"https:\/\/fipmed.co\/sl\/wp-json\/wp\/v2\/tags?post=28495"}],"curies":[{"name":"wp","href":"https:\/\/api.w.org\/{rel}","templated":true}]}}