{"id":28497,"date":"2022-11-25T15:14:53","date_gmt":"2022-11-25T15:14:53","guid":{"rendered":"https:\/\/fipmed.co\/dosage-calculator\/"},"modified":"2025-01-22T06:14:16","modified_gmt":"2025-01-22T06:14:16","slug":"dosage-calculator","status":"publish","type":"page","link":"https:\/\/fipmed.co\/sl\/dosage-calculator\/","title":{"rendered":"Kalkulator odmerjanja"},"content":{"rendered":"\t\t<div data-elementor-type=\"wp-page\" data-elementor-id=\"28497\" class=\"elementor elementor-28497 elementor-23\">\n\t\t\t\t\t\t<section class=\"elementor-section elementor-top-section elementor-element elementor-element-eb8087c elementor-section-boxed elementor-section-height-default elementor-section-height-default\" data-id=\"eb8087c\" data-element_type=\"section\">\n\t\t\t\t\t\t<div class=\"elementor-container elementor-column-gap-default\">\n\t\t\t\t\t<div class=\"elementor-column elementor-col-100 elementor-top-column elementor-element elementor-element-f6193ee\" data-id=\"f6193ee\" data-element_type=\"column\">\n\t\t\t<div class=\"elementor-widget-wrap elementor-element-populated\">\n\t\t\t\t\t\t<div class=\"elementor-element elementor-element-e1cee53 elementor-widget elementor-widget-heading\" data-id=\"e1cee53\" data-element_type=\"widget\" data-widget_type=\"heading.default\">\n\t\t\t\t<div class=\"elementor-widget-container\">\n\t\t\t\t\t<h2 class=\"elementor-heading-title elementor-size-default\">Kalkulator odmerjanja<\/h2>\t\t\t\t<\/div>\n\t\t\t\t<\/div>\n\t\t\t\t<div class=\"elementor-element elementor-element-717f075 elementor-widget elementor-widget-text-editor\" data-id=\"717f075\" data-element_type=\"widget\" data-widget_type=\"text-editor.default\">\n\t\t\t\t<div class=\"elementor-widget-container\">\n\t\t\t\t\t\t\t\t\t<p>Priporo\u010damo uporabo 3ml ali 5ml brizge, odvisno od potrebnega volumna, in igle 21, ki je dolga 2,5 cm. Va\u0161a ma\u010dka<br \/>bo z napredovanjem zdravljenja pridobila na te\u017ei.  Vsak teden stehtajte svojo ma\u010dko in ustrezno prilagodite odmerek. POMEMBNA OPOMBA: Ko ma\u010dka<br \/>postane bolj\u0161a, ne zmanj\u0161ujte odmerka, saj bi to lahko povzro\u010dilo ponovitev bolezni. <\/p>\n\t\t\t\t\t\t\t\t<\/div>\n\t\t\t\t<\/div>\n\t\t\t\t\t<\/div>\n\t\t<\/div>\n\t\t\t\t\t<\/div>\n\t\t<\/section>\n\t\t\t\t<section class=\"elementor-section elementor-top-section elementor-element elementor-element-596af40 elementor-section-boxed elementor-section-height-default elementor-section-height-default\" data-id=\"596af40\" data-element_type=\"section\">\n\t\t\t\t\t\t<div class=\"elementor-container elementor-column-gap-default\">\n\t\t\t\t\t<div class=\"elementor-column elementor-col-100 elementor-top-column elementor-element elementor-element-3b1768a\" data-id=\"3b1768a\" data-element_type=\"column\">\n\t\t\t<div class=\"elementor-widget-wrap elementor-element-populated\">\n\t\t\t\t\t\t<div class=\"elementor-element elementor-element-d310386 elementor-widget elementor-widget-shortcode\" data-id=\"d310386\" data-element_type=\"widget\" data-widget_type=\"shortcode.default\">\n\t\t\t\t<div class=\"elementor-widget-container\">\n\t\t\t\t\t\t\t<div class=\"elementor-shortcode\">\t<div class=\"cwc-container\">\r\n\t\t<div class=\"cwc-wrapper\">\r\n\t\t\t<div class=\"select-section\">\r\n\t\t\t\t<h2 class=\"select-section__title\">Select injections or tablets<\/h2>\r\n\t\t\t\t<div class=\"select-section__button-group\">\r\n\t\t\t\t\t<button class=\"select-section__button active\" id=\"injection-btn\">\r\n\t\t\t\t\t\t<p class=\"kind\">injections<\/p>\r\n\t\t\t\t\t\t<img data-opt-id=742975361  fetchpriority=\"high\" decoding=\"async\" src=\"https:\/\/ml9txs9ouv9q.i.optimole.com\/w:auto\/h:auto\/q:mauto\/f:best\/http:\/\/fipmed.co\/wp-content\/uploads\/2023\/10\/injections.png\" alt=\"injection\" class=\"dosage\" \/>\r\n\t\t\t\t\t\t<img data-opt-id=1133396674  data-opt-src=\"https:\/\/ml9txs9ouv9q.i.optimole.com\/w:auto\/h:auto\/q:mauto\/f:best\/http:\/\/fipmed.co\/wp-content\/uploads\/2023\/10\/check_mark.png\"  decoding=\"async\" src=\"data:image/svg+xml,%3Csvg%20viewBox%3D%220%200%20100%%20100%%22%20width%3D%22100%%22%20height%3D%22100%%22%20xmlns%3D%22http%3A%2F%2Fwww.w3.org%2F2000%2Fsvg%22%3E%3Crect%20width%3D%22100%%22%20height%3D%22100%%22%20fill%3D%22transparent%22%2F%3E%3C%2Fsvg%3E\" alt=\"check-mark\" class=\"check-mark\" \/><noscript><img data-opt-id=1133396674  decoding=\"async\" src=\"https:\/\/ml9txs9ouv9q.i.optimole.com\/w:auto\/h:auto\/q:mauto\/f:best\/http:\/\/fipmed.co\/wp-content\/uploads\/2023\/10\/check_mark.png\" alt=\"check-mark\" class=\"check-mark\" \/></noscript>\r\n\t\t\t\t\t\t<p class=\"case\">advanced cases<\/p>\r\n\t\t\t\t\t<\/button>\r\n\t\r\n\t\t\t\t\t<button class=\"select-section__button\" id=\"tablets-btn\">\r\n\t\t\t\t\t\t<p class=\"kind\">tablets<\/p>\r\n\t\t\t\t\t\t<img data-opt-id=687681235  data-opt-src=\"https:\/\/ml9txs9ouv9q.i.optimole.com\/w:auto\/h:auto\/q:mauto\/f:best\/http:\/\/fipmed.co\/wp-content\/uploads\/2023\/10\/tablets.png\"  decoding=\"async\" src=\"data:image/svg+xml,%3Csvg%20viewBox%3D%220%200%20100%%20100%%22%20width%3D%22100%%22%20height%3D%22100%%22%20xmlns%3D%22http%3A%2F%2Fwww.w3.org%2F2000%2Fsvg%22%3E%3Crect%20width%3D%22100%%22%20height%3D%22100%%22%20fill%3D%22transparent%22%2F%3E%3C%2Fsvg%3E\" alt=\"tablet\" class=\"dosage\" \/><noscript><img data-opt-id=687681235  decoding=\"async\" src=\"https:\/\/ml9txs9ouv9q.i.optimole.com\/w:auto\/h:auto\/q:mauto\/f:best\/http:\/\/fipmed.co\/wp-content\/uploads\/2023\/10\/tablets.png\" alt=\"tablet\" class=\"dosage\" \/></noscript>\r\n\t\t\t\t\t\t<img data-opt-id=1133396674  data-opt-src=\"https:\/\/ml9txs9ouv9q.i.optimole.com\/w:auto\/h:auto\/q:mauto\/f:best\/http:\/\/fipmed.co\/wp-content\/uploads\/2023\/10\/check_mark.png\"  decoding=\"async\" src=\"data:image/svg+xml,%3Csvg%20viewBox%3D%220%200%20100%%20100%%22%20width%3D%22100%%22%20height%3D%22100%%22%20xmlns%3D%22http%3A%2F%2Fwww.w3.org%2F2000%2Fsvg%22%3E%3Crect%20width%3D%22100%%22%20height%3D%22100%%22%20fill%3D%22transparent%22%2F%3E%3C%2Fsvg%3E\" alt=\"check-mark\" class=\"check-mark d-none\" \/><noscript><img data-opt-id=1133396674  decoding=\"async\" src=\"https:\/\/ml9txs9ouv9q.i.optimole.com\/w:auto\/h:auto\/q:mauto\/f:best\/http:\/\/fipmed.co\/wp-content\/uploads\/2023\/10\/check_mark.png\" alt=\"check-mark\" class=\"check-mark d-none\" \/></noscript>\r\n\t\t\t\t\t\t<p class=\"case\">mild cases<\/p>\r\n\t\t\t\t\t<\/button>\r\n\t\t\t\t<\/div>\r\n\t\t\t<\/div>\r\n\r\n\t\t\t<div class=\"calculator\" id=\"injection-calculator\">\r\n\t\t\t\t<h2 class=\"calculator__title\">injections<\/h2>\r\n\t\t\t\t<p class=\"calculator__subtitle\">for advanced cases<\/p>\r\n\r\n\t\t\t\t<div class=\"cwc-slider-container\">\r\n\t\t\t\t\t<h3 class=\"cwc-slider__title\">Your cat's weight (kg)<\/h3>\r\n\t\t\t\t\t<div class=\"slider-container\">\r\n\t\t\t\t\t\t<button class=\"slider-btn prev-btn\">-<\/button>\r\n\t\t\t\t\t\t<div class=\"slider-wrapper\">\r\n\t\t\t\t\t\t\t<input type=\"range\" min=\"1\" max=\"8\" step=\"1\" value=\"1\" class=\"slider\" id=\"injection-slider\" \/>\r\n\t\t\t\t\t\t\t<div class=\"slider-values\">\r\n\t\t\t\t\t\t\t\t<span>1<\/span>\r\n\t\t\t\t\t\t\t\t<span>2<\/span>\r\n\t\t\t\t\t\t\t\t<span>3<\/span>\r\n\t\t\t\t\t\t\t\t<span>4<\/span>\r\n\t\t\t\t\t\t\t\t<span>5<\/span>\r\n\t\t\t\t\t\t\t\t<span>6<\/span>\r\n\t\t\t\t\t\t\t\t<span>7<\/span>\r\n\t\t\t\t\t\t\t\t<span>8<\/span>\r\n\t\t\t\t\t\t\t<\/div>\r\n\t\t\t\t\t\t\t<div id=\"injection-tooltip\" class=\"tooltip\"><span>1 kg<\/span><\/div>\r\n\t\t\t\t\t\t<\/div>\r\n\t\t\t\t\t\t<button class=\"slider-btn next-btn\">+<\/button>\r\n\t\t\t\t\t<\/div>\r\n\t\t\t\t\t<p class=\"cwc-slider__comment\">Please round up to the larger number<\/p>\r\n\t\t\t\t<\/div>\r\n\r\n\t\t\t\t<div class=\"cwc-result-container\">\r\n\t\t\t\t\t<div class=\"cwc-input-wrapper\">\r\n\t\t\t\t\t\t<input type=\"text\" id=\"volume-of-product\" readonly \/>\r\n\t\t\t\t\t\t<label for=\"volume-of-product\">mg\/ml 7ml vial<\/label>\r\n\t\t\t\t\t<\/div>\r\n\t\t\t\t\t<div class=\"cwc-input-wrapper\">\r\n\t\t\t\t\t\t<input type=\"text\" id=\"volume\" readonly \/>\r\n\t\t\t\t\t\t<label for=\"volume\">ml per day<\/label>\r\n\t\t\t\t\t<\/div>\r\n\t\t\t\t\t<div class=\"cwc-input-wrapper\">\r\n\t\t\t\t\t\t<input type=\"text\" id=\"vials\" readonly \/>\r\n\t\t\t\t\t\t<label for=\"vials\">vials for 30 days<\/label>\r\n\t\t\t\t\t<\/div>\r\n\t\t\t\t<\/div>\r\n\t\t\t<\/div>\r\n\r\n\t\t\t<div class=\"calculator d-none\" id=\"tablet-calculator\">\r\n\t\t\t\t<h2 class=\"calculator__title\">tablets<\/h2>\r\n\t\t\t\t<p class=\"calculator__subtitle\">for mild cases<\/p>\r\n\r\n\t\t\t\t<div class=\"cwc-slider-container\">\r\n\t\t\t\t\t<h3 class=\"cwc-slider__title\">Your cat's weight (kg)<\/h3>\r\n\t\t\t\t\t<div class=\"slider-container\">\r\n\t\t\t\t\t\t<button class=\"slider-btn prev-btn\">-<\/button>\r\n\t\t\t\t\t\t<div class=\"slider-wrapper\">\r\n\t\t\t\t\t\t\t<input type=\"range\" min=\"1\" max=\"8\" step=\"1\" value=\"1\" class=\"slider\" id=\"tablet-slider\" \/>\r\n\t\t\t\t\t\t\t<div class=\"slider-values\">\r\n\t\t\t\t\t\t\t\t<span>1<\/span>\r\n\t\t\t\t\t\t\t\t<span>2<\/span>\r\n\t\t\t\t\t\t\t\t<span>3<\/span>\r\n\t\t\t\t\t\t\t\t<span>4<\/span>\r\n\t\t\t\t\t\t\t\t<span>5<\/span>\r\n\t\t\t\t\t\t\t\t<span>6<\/span>\r\n\t\t\t\t\t\t\t\t<span>7<\/span>\r\n\t\t\t\t\t\t\t\t<span>8<\/span>\r\n\t\t\t\t\t\t\t<\/div>\r\n\t\t\t\t\t\t\t<div id=\"tablet-tooltip\" class=\"tooltip\"><span>1 kg<\/span><\/div>\r\n\t\t\t\t\t\t<\/div>\r\n\t\t\t\t\t\t<button class=\"slider-btn next-btn\">+<\/button>\r\n\t\t\t\t\t<\/div>\r\n\t\t\t\t\t<p class=\"cwc-slider__comment\">Please round up to the larger number<\/p>\r\n\t\t\t\t<\/div>\r\n\r\n\t\t\t\t<div class=\"cwc-result-container\">\r\n\t\t\t\t\t<div class=\"cwc-input-wrapper\">\r\n\t\t\t\t\t\t<input type=\"text\" id=\"mass-per-tablet\" readonly \/>\r\n\t\t\t\t\t\t<label for=\"mass-per-tablet\">mg tablet<\/label>\r\n\t\t\t\t\t<\/div>\r\n\t\t\t\t\t<div class=\"cwc-input-wrapper\">\r\n\t\t\t\t\t\t<input type=\"text\" id=\"tablets-num-per-day\" readonly \/>\r\n\t\t\t\t\t\t<label for=\"tablets-num-per-day\">tablet each day<\/label>\r\n\t\t\t\t\t<\/div>\r\n\t\t\t\t\t<div class=\"cwc-input-wrapper\">\r\n\t\t\t\t\t\t<input type=\"text\" id=\"strips-num-to-purchase\" readonly \/>\r\n\t\t\t\t\t\t<label for=\"strips-num-to-purchase\">strips for 84 days<\/label>\r\n\t\t\t\t\t<\/div>\r\n\t\t\t\t<\/div>\r\n\t\t\t<\/div>\r\n\t\t\t\r\n\t\t\t<div class=\"cwc-buy-container\">\r\n\t\t\t\t<div class=\"cwc-buy-container__info\" id=\"injection-info\">\r\n\t\t\t\t\t<span>Please treat with injections for at least 30 days before using tablets for the rest of the 54 days.<\/span>\r\n\t\t\t\t<\/div>\r\n\t\t\t\t<div class=\"cwc-buy-container__info d-none\" id=\"tablet-info\">\r\n\t\t\t\t\t<span>Double the dosage for Neuro and Ocular FIP. Treat for at least 84 days to prevent future relapses.<\/span>\r\n\t\t\t\t<\/div>\r\n\t\t\t\t<p class=\"cwc-buy-container__subinfo\">For relapses, increase dosage by 50%<\/p>\r\n\t\t\t\t<p class=\"cwc-buy-container__subinfo_1\">For severe cases, increase dosage by 20%<\/p>\r\n\t\t\t\t<a href=\"https:\/\/www.fipmed.co\/fip-treatment\" class=\"cwc-buy-button\">Click to buy<\/a>\r\n\t\t\t<\/div>\r\n\t\t<\/div>\r\n\t<\/div>\r\n\t <\/div>\n\t\t\t\t\t\t<\/div>\n\t\t\t\t<\/div>\n\t\t\t\t\t<\/div>\n\t\t<\/div>\n\t\t\t\t\t<\/div>\n\t\t<\/section>\n\t\t\t\t<section class=\"elementor-section elementor-top-section elementor-element elementor-element-4ba666e elementor-section-boxed elementor-section-height-default elementor-section-height-default\" data-id=\"4ba666e\" data-element_type=\"section\">\n\t\t\t\t\t\t<div class=\"elementor-container elementor-column-gap-default\">\n\t\t\t\t\t<div class=\"elementor-column elementor-col-100 elementor-top-column elementor-element elementor-element-a8592f3\" data-id=\"a8592f3\" data-element_type=\"column\">\n\t\t\t<div class=\"elementor-widget-wrap elementor-element-populated\">\n\t\t\t\t\t\t<div class=\"elementor-element elementor-element-ca7587e elementor-widget__width-initial elementor-widget elementor-widget-text-editor\" data-id=\"ca7587e\" data-element_type=\"widget\" data-widget_type=\"text-editor.default\">\n\t\t\t\t<div class=\"elementor-widget-container\">\n\t\t\t\t\t\t\t\t\t<p>Pravilno odmerjanje je klju\u010dnega pomena pri zdravljenju FIP.  <span style=\"color: var( --e-global-color-text ); font-weight: var( --e-global-typography-text-font-weight );\">Pomembno je, da dosledno upo\u0161tevate predpisani odmerek in ga ne prilagajate brez posvetovanja z veterinarjem.<br \/>\nNenatan\u010dno odmerjanje lahko privede do neu\u010dinkovitega zdravljenja ali celo \u0161kodljivih u\u010dinkov na zdravje ma\u010dke. <\/span><\/p>\n<p>To je najpogosteje uporabljeno in tudi najbolj dokumentirano <a href=\"https:\/\/fipmed.co\/fip-treatment\/\" target=\"_blank\" rel=\"noopener\">zdravljenje FIP<\/a>. U\u010dinkovito je pri vseh oblikah FIP (ob pravilnem odmerjanju). <\/p>\n<p><b style=\"color: #202020; font-size: 32px; letter-spacing: 0px;\"> <\/b><\/p>\n<p><b style=\"color: #202020; font-size: 32px; letter-spacing: 0px;\">Obi\u010dajni protokol je 12 tednov (84 dni) neprekinjenega zdravljenja:<\/b><\/p>\n<h5> <\/h5>\n<h5><strong>Odmerjanje za injekcije:<\/strong><\/h5>\n<p><span style=\"color: var( --e-global-color-text ); font-weight: var( --e-global-typography-text-font-weight );\">6 mg\/kg za <a href=\"https:\/\/fipmed.co\/sl\/wet-fip-or-dry-fip-types-of-cat-fip\/\" target=\"_blank\" rel=\"noopener\">mokri in suhi FIP<\/a><\/span><\/p>\n<p><span style=\"color: var( --e-global-color-text ); font-weight: var( --e-global-typography-text-font-weight );\">8 mg\/kg za o\u010desni FIP<\/span><\/p>\n<p><span style=\"color: var( --e-global-color-text ); font-weight: var( --e-global-typography-text-font-weight );\">10 mg\/kg za nevrolo\u0161ko FIP<\/span><\/p>\n<p><span style=\"color: var( --e-global-color-text ); font-weight: var( --e-global-typography-text-font-weight );\">Na\u0161 kalkulator je bil razvit, da bi vam pomagal poenostaviti izra\u010dune. Za natan\u010dnej\u0161e odmerjanje lahko preverite zgornje zneske ali zaprosite veterinarja, da dolo\u010di ustrezen odmerek.   <\/span><\/p>\n<h3><b> <\/b><\/h3>\n<h5><strong>Odmerjanje za tablete:<\/strong><\/h5>\n<h6> <\/h6>\n<h6><span style=\"text-decoration: underline;\"><strong>* Za mokri in suhi FIP<\/strong><\/span><\/h6>\n<h6> <\/h6>\n<h6><strong>3 kg<\/strong><\/h6>\n<p>1x 30 mg tableta Fipmed (z dejansko koli\u010dino 45 mg GS441524. Pribli\u017eno 75-odstotna absorpcija po prebavi)<\/p>\n<h6><strong>4 kg<\/strong><\/h6>\n<p>1x 40 mg tableta Fipmed (z dejansko koli\u010dino 60 mg GS441524. Pribli\u017eno 75-odstotna absorpcija po prebavi)<\/p>\n<h6><strong>5 kg<\/strong><\/h6>\n<p>1x 50 mg tableta Fipmed (z dejansko koli\u010dino 75 mg GS441524. Po prebavi se absorbira pribli\u017eno 75 %.)<\/p>\n<h6> <\/h6>\n<h6><span style=\"text-decoration: underline;\"><strong>* Pri o\u010desni FIP in nevrolo\u0161ki FIP podvojite odmerek. Vzemite dve tableti namesto ene.   <\/strong><\/span><\/h6>\n<h6> <\/h6>\n<h6><strong>* Upo\u0161tevajte, da je to uradni priporo\u010deni odmerek zdravila GS441524.<br \/>\nPazite na druga navodila za odmerjanje.<br \/>\n\u010ce je priporo\u010den vi\u0161ji odmerek, se lahko zgodi, da zdravilo ni GS441524, temve\u010d EIDD 2801.<br \/>\nEIDD2801 je zelo strupen in ima mutagene lastnosti.<br \/>\nPri ma\u010dkah bo pozneje v \u017eivljenju povzro\u010dil raka.    <span style=\"color: #000000;\">  EIDD2801 se ve\u010dinoma proizvaja v obliki kapsul.  <\/span><\/strong><\/h6>\n<h3> <\/h3>\n<h3><b>Prilagoditve odmerka med zdravljenjem<\/b><\/h3>\n<p>Priporo\u010damo, da se odmerek spreminja s tedenskim preverjanjem telesne te\u017ee.<br \/>\nMnoge od teh ma\u010dk lahko pridobijo veliko te\u017ee, bodisi ker so na za\u010detku tako vitke bodisi ker rastejo, ali pa oboje.<br \/>\n\u010ce v prvih nekaj tednih zdravljenja pride do izgube telesne te\u017ee, odmerka ne zmanj\u0161ujte.<br \/>\n\u010ce med zdravljenjem ne pridobijo zadostne koli\u010dine telesne te\u017ee, to velja za slab znak.   <\/p>\n<p>Ne pove\u010dujte odmerka, razen \u010de za to obstajajo nujni razlogi, kot so neuspeh, po\u010dasno napredovanje, nizka raven aktivnosti, neuspe\u0161no re\u0161evanje za\u010detnih klini\u010dnih kazalnikov ali sprememba oblike bolezni, ki vklju\u010duje okulisti\u010dne ali nevrolo\u0161ke simptome.<\/p>\n<p>Tu nastopi umetnost, saj se ne \u017eelite preve\u010d osredoto\u010diti na dolo\u010dene vrednosti krvi, ki niso povsem tipi\u010dne, in spregledati splo\u0161nega zdravja ma\u010dke.<\/p>\n<p>Globulin je lahko na primer \u0161e vedno nekoliko povi\u0161an, vendar so drugi bistveni krvni testi in zdravstveno stanje v redu.<br \/>\n\u010ce obstaja pomemben razlog za pove\u010danje odmerka, naj bo to vedno od +2 do +5 mg\/kg dnevno in najmanj 4 tedne.<br \/>\n\u010ce 4 tedni podalj\u0161ajo 12-tedensko zdravljenje, se \u010das zdravljenja podalj\u0161a, da se prilagodi.  <\/p>\n<p>Pri\u010dakovati je treba pozitiven odziv na vsako pove\u010danje odmerka, \u010de se stanje ne izbolj\u0161a, pa to pomeni, da je odmerek \u0161e vedno nezadosten, da se pojavlja odpornost na zdravilo, da ma\u010dka nima FIP ali da zdravljenje ote\u017eujejo druge bolezni.<\/p>\n<h3><b> <\/b><\/h3>\n<div>\n<h3 style=\"letter-spacing: normal;\"><span style=\"letter-spacing: 0px;\"><span style=\"font-family: Montserrat;\">Zakaj zdravljenje traja 84 dni?<\/span><\/span><\/h3>\n<h3 style=\"letter-spacing: normal;\"><span style=\"color: #7a7a7a; font-size: 17px; font-weight: 400; letter-spacing: 0px;\">Zdravilo FIPMed naj bi ustavilo razmno\u017eevanje virusa. Ne uni\u010di obstoje\u010dega virusa v telesu. Ma\u010dji koronavirus lahko v ma\u010dki \u017eivi 90 dni. Zato je pomembno, da ma\u010dko zdravimo 84 dni in po\u010dakamo, da vsi obstoje\u010di virusi naravno odmrejo, preden prenehamo z zdravljenjem.     <\/span><\/h3>\n<p><span style=\"color: #7a7a7a; font-size: 17px; font-weight: 400; letter-spacing: 0px;\"> <\/span><\/p>\n<\/div>\n<h3><b>Kako ugotoviti, kdaj je va\u0161a ma\u010dka popolnoma zdrava po FIP  <\/b><\/h3>\n<p>Ena najte\u017ejih odlo\u010ditev je izbrati, kdaj prenehati z zdravljenjem.<br \/>\n\u010ceprav lahko nekatere ma\u010dke, pogosto mlaj\u0161e z mokro FIP, ozdravimo \u017ee v 8 tednih in morda tudi prej, je obi\u010dajni \u010das zdravljenja 12 tednov.<br \/>\nPri nekaterih ma\u010dkah je morda treba spremeniti odmerek in celo podalj\u0161ati trajanje zdravljenja.  <\/p>\n<p>Kriti\u010dne krvne vrednosti, kot so hematokrit, vsebnost skupnih beljakovin, albuminov in globulinov ter skupno \u0161tevilo krvnih celic in absolutno \u0161tevilo limfocitov, se pri ma\u010dkah obi\u010dajno normalizirajo pri 8-10 tednih, ko se pogosto nepri\u010dakovano pove\u010da stopnja aktivnosti.<br \/>\nDomneva se, vendar ni potrjeno, da se med 8. in 10. tednom razvije ma\u010dja imunost proti virusu. <\/p>\n<p>\u017dal ni enostavnega testa, s katerim bi ugotovili, ali je pri\u0161lo do ozdravitve, in strah pred ponovnim pojavom bolezni v\u010dasih sili lastnike, svetovalce za zdravljenje in veterinarje, da nadaljujejo zdravljenje po 84 dneh.<\/p>\n<p>Strah pred ponovitvijo bolezni bo osebe, ki sodelujejo v postopku odlo\u010danja, spodbudil tudi k preveliki previdnosti glede posameznih nepravilnih krvnih vrednosti, kot je malo vi\u0161ji globulin ali malo ni\u017eje razmerje A:G.<\/p>\n<p>Opozoriti je treba, da normalni razpon vrednosti krvi vklju\u010duje ve\u010dino \u017eivali, vendar je krivulja v obliki zvona in da bo nekaj izjemnih primerov imelo vrednosti na obrobju teh krivulj.<br \/>\nUpo\u0161tevajte stopnjo patologije, ki se lahko pojavi v trebuhu bolnika s FIP, ter kako lahko brazgotinjenje in drugi trajni u\u010dinki vplivajo na normalen videz ma\u010dk, ki so bile ustrezno zdravljene.<br \/>\nKo se pojavijo tak\u0161ni pomisleki, je bolje preu\u010diti celotno sliko kot le en majhen vidik.  <\/p>\n<p>Najpomembnej\u0161i rezultat zdravljenja je povrnitev normalnega zdravja, ki ima dve komponenti &#8211; zunanje znake zdravja in notranje znake zdravja.<br \/>\nZunanji znaki zdravja vklju\u010dujejo vrnitev k normalni ravni aktivnosti, apetit, ustrezno pove\u010danje telesne te\u017ee in\/ali rast ter kakovost dlake.<br \/>\nSlednja je pogosto eden najbolj\u0161ih kazalnikov zdravja ma\u010dke.  <\/p>\n<p>Vrnitev nekaterih bistvenih vrednosti, ki temeljijo na rednih pregledih celotne krvne slike (CBC) in kemi\u010dnih profilov seruma, v normalno stanje je eden od notranjih kazalnikov zdravja. Hematokrit ter relativno in absolutno skupno \u0161tevilo belih krvni\u010dk, nevtrofilcev in limfocitov so najpomembnej\u0161e spremenljivke v CBC. Pomembne vrednosti kemijskega pregleda seruma (ali pregleda elektroforeze seruma) so skupne beljakovine, globulin, albumin in razmerje A:G. Ravni bilirubina so pogosto pove\u010dane pri ma\u010dkah z ekscesno FIP in se lahko uporabijo za spremljanje stopnje in trajanja vnetja.   <\/p>\n<p>Kadar se soo\u010damo z dvoumnimi negotovostmi \u0161tevilnih testnih metod, mora kon\u010dna odlo\u010ditev o prekinitvi ali podalj\u0161anju zdravljenja vedno temeljiti na zunanjih znakih zdravja in ne na rezultatih posameznega testa.<\/p>\n<h3> <\/h3>\n<h3><b>Metoda upravljanja<\/b><\/h3>\n<p>Optimalni odmerek zdravila za FIP je klju\u010dnega pomena za pove\u010danje njegove u\u010dinkovitosti.<br \/>\nPriporo\u010dena pot za injiciranje GS-441524 je podko\u017ena ali pod ko\u017eo.<br \/>\nPeroralne formulacije pa se dajejo ma\u010dkam tako, da se jih vme\u0161a v hrano ali neposredno z oralno brizgo.  <\/p>\n<h3><b> <\/b><\/h3>\n<h3><b>Zdravila, ki se jim je treba izogibati<\/b><\/h3>\n<p><b>L-lizin: <\/b>Nikoli ne dajejte L-lizina ma\u010dki z oku\u017ebo s Fe-CoV ali FIP, ker je sovra\u017een do arginina, ki je potreben za imunolo\u0161ko delovanje.<\/p>\n<p><b>Steroidi po stabilizaciji: <\/b>V zgodnjem obdobju bolezni so lahko potrebna podporna (simptomatska) zdravila, da se ma\u010dke ohranijo pri \u017eivljenju dovolj dolgo, da za\u010dnejo delovati protivirusna zdravila. Med zdravili so pogosto tudi protivnetna zdravila (kortikosteroidi, nesteroidni protivnetni zdravila). Raje se izogibajte pretirani uporabi teh zdravil, razen v kratkem \u010dasu in le, \u010de za to obstajajo utemeljeni razlogi, zlasti pri izjemno slabem po\u010dutju ma\u010dk v prvih nekaj dneh.  <\/p>\n<p>Glavni cilj zdravljenja FIP je prepre\u010diti razmno\u017eevanje virusa v makrofagih, kar takoj ustavi nastajanje razli\u010dnih vnetnih in imunosupresivnih citokinov, ki povzro\u010dajo <a href=\"https:\/\/fipmed.co\/fip-symptoms-signs-of-infected-cats\/\" target=\"_blank\" rel=\"noopener\">simptome FIP<\/a>. Nekatera zdravila, kot so kortikosteroidi in nesteroidni protivnetni zdravila, lahko zmanj\u0161ajo koli\u010dino vnetnih citokinov, GS-441524 pa te \u0161kodljive citokine popolnoma blokira. Zdravilo FipMed v 24-48 urah povzro\u010di znatno izbolj\u0161anje temperature, aktivnosti, lakote in drugih simptomov. To izbolj\u0161anje bo bistveno ve\u010dje, kot ga lahko zagotovi katero koli drugo zdravilo. Zato je treba, razen \u010de obstaja nujen razlog za nadaljevanje uporabe drugih zdravil, le-ta ukiniti takoj, ko se simptomi FIP opazno in stalno izbolj\u0161ajo.    <\/p>\n<p>Steroidi lahko poleg prikrivanja simptomov, povezanih s FIP, ovirajo tudi porazdelitev zdravila GS-441524 skozi krvno-mo\u017egansko pregrado.<br \/>\nVe\u010d raziskav je pokazalo, da lahko steroidi zmanj\u0161ajo prepustnost krvno-mo\u017eganske pregrade.<br \/>\nPri ma\u010dkah lahko zmanj\u0161ana prepustnost zmanj\u0161a u\u010dinkovitost zdravila GS-441524 in pove\u010da verjetnost ponovitve bolezni.  <\/p>\n<p><b>Nekateri antibiotiki: <\/b>Fluorokinolonski antibiotiki vsebujejo fluor in lahko vstopijo v mo\u017egane\/nervni sistem. Zaradi tega lahko njihovi ne\u017eeleni u\u010dinki povzro\u010dijo nevrolo\u0161ke simptome. Ker zdravimo zelo bolne ma\u010dke, si \u017eelimo, da ne bi po mo\u017enosti dodajali novih simptomov, ki bi lahko zmedli zdravljenje. \u010ce va\u0161 veterinar meni, da je potreben antibiotik fluorokinolon, upo\u0161tevajte njegov nasvet, saj obstajajo nekatere bolezni, pri katerih je treba jemati ta razred zdravil.   <\/p>\n<p><b>Zdravila, ki lahko vplivajo na CNS: <\/b>FIP lahko prehaja skozi krvno-mo\u017egansko pregrado. Ko se enkrat razvije, je ma\u010dke z nevrolo\u0161kimi in o\u010desnimi primeri zelo te\u017eko ozdraviti. Pri ma\u010dkah, ki so bile oku\u017eene dlje \u010dasa, se pogosteje razvijejo nevrolo\u0161ki simptomi, kar ka\u017ee na to, da je virus posegel v mo\u017egane. To velja za veliko ve\u010dino bolnikov s suho-FIP. Zdravila, ki vplivajo na osrednji \u017eiv\u010dni sistem, lahko vplivajo na prepustnost krvno-mo\u017eganske pregrade, kar lahko zmanj\u0161a u\u010dinkovitost zdravljenja FIP.    <\/p>\n<p>\u010ce veste, kako pravilno izvajati zdravljenje FIP, lahko pove\u010date mo\u017enosti za ozdravitev va\u0161e ma\u010dke in podalj\u0161ate njeno \u017eivljenje. O priporo\u010denih koli\u010dinah in pogostosti odmerjanja ter o vseh vpra\u0161anjih v zvezi s tehnikami dajanja se obrnite na nas ali na svojega veterinarja. <\/p>\n\t\t\t\t\t\t\t\t<\/div>\n\t\t\t\t<\/div>\n\t\t\t\t\t<\/div>\n\t\t<\/div>\n\t\t\t\t\t<\/div>\n\t\t<\/section>\n\t\t\t\t<\/div>\n\t\t","protected":false},"excerpt":{"rendered":"<p>Kalkulator odmerjanja Priporo\u010damo uporabo 3ml ali 5ml brizge, odvisno od potrebnega volumna, in igle 21, ki je dolga 2,5 cm. Va\u0161a ma\u010dkabo z napredovanjem zdravljenja pridobila na te\u017ei. Vsak teden stehtajte svojo ma\u010dko in ustrezno prilagodite odmerek. POMEMBNA OPOMBA: Ko ma\u010dkapostane bolj\u0161a, ne zmanj\u0161ujte odmerka, saj bi to lahko povzro\u010dilo ponovitev bolezni. Pravilno odmerjanje je [&hellip;]<\/p>\n","protected":false},"author":1,"featured_media":0,"parent":0,"menu_order":0,"comment_status":"closed","ping_status":"closed","template":"elementor_header_footer","meta":{"_glsr_average":0,"_glsr_ranking":0,"_glsr_reviews":0,"footnotes":""},"categories":[],"tags":[],"_links":{"self":[{"href":"https:\/\/fipmed.co\/sl\/wp-json\/wp\/v2\/pages\/28497"}],"collection":[{"href":"https:\/\/fipmed.co\/sl\/wp-json\/wp\/v2\/pages"}],"about":[{"href":"https:\/\/fipmed.co\/sl\/wp-json\/wp\/v2\/types\/page"}],"author":[{"embeddable":true,"href":"https:\/\/fipmed.co\/sl\/wp-json\/wp\/v2\/users\/1"}],"replies":[{"embeddable":true,"href":"https:\/\/fipmed.co\/sl\/wp-json\/wp\/v2\/comments?post=28497"}],"version-history":[{"count":8,"href":"https:\/\/fipmed.co\/sl\/wp-json\/wp\/v2\/pages\/28497\/revisions"}],"predecessor-version":[{"id":28509,"href":"https:\/\/fipmed.co\/sl\/wp-json\/wp\/v2\/pages\/28497\/revisions\/28509"}],"wp:attachment":[{"href":"https:\/\/fipmed.co\/sl\/wp-json\/wp\/v2\/media?parent=28497"}],"wp:term":[{"taxonomy":"category","embeddable":true,"href":"https:\/\/fipmed.co\/sl\/wp-json\/wp\/v2\/categories?post=28497"},{"taxonomy":"post_tag","embeddable":true,"href":"https:\/\/fipmed.co\/sl\/wp-json\/wp\/v2\/tags?post=28497"}],"curies":[{"name":"wp","href":"https:\/\/api.w.org\/{rel}","templated":true}]}}