{"id":28511,"date":"2024-03-25T05:50:49","date_gmt":"2024-03-25T05:50:49","guid":{"rendered":"https:\/\/fipmed.co\/feline-infectious-peritonitis-fip-risk-factors\/"},"modified":"2024-03-25T05:50:49","modified_gmt":"2024-03-25T05:50:49","slug":"feline-infectious-peritonitis-fip-risk-factors","status":"publish","type":"page","link":"https:\/\/fipmed.co\/sl\/feline-infectious-peritonitis-fip-risk-factors\/","title":{"rendered":"Ma\u010dji infekciozni peritonitis: Dejavniki tveganja FIP"},"content":{"rendered":"<p><strong>Kateri so nekateri dejavniki tveganja FIP?<\/strong><\/p>\n<p>Nekatere ma\u010dke so bolj nagnjene k FIP kot druge, \u010deprav je koronavirus, ki jo povzro\u010da, prisoten povsod. V nadaljevanju so navedeni nekateri dejavniki tveganja, ki pove\u010dujejo tveganje, da bo ma\u010dka zbolela za FIP. <\/p>\n<p>&nbsp;<\/p>\n<p><strong>Starost<\/strong><\/p>\n<p>50 % ma\u010dk, pri katerih se razvije FIP, je mlaj\u0161ih od dveh let, zato so se verjetno oku\u017eile kot mucki, ko je bil njihov imunski sistem \u0161e premajhen, da bi se lahko spopadel z oku\u017ebo z virusom FCoV. Mlaj\u0161e in starej\u0161e ma\u010dke imajo pogosto nezrel ali oslabljen imunski sistem, zaradi \u010desar so lahko bolj izpostavljene tveganju za razvoj FIP. Tudi mladi mladi\u010di so bili lahko izpostavljeni virusu, ko so bili v ma\u010djih vrtcih ali zaveti\u0161\u010dih.<\/p>\n<p>&nbsp;<\/p>\n<p><strong>Pasma kot dejavniki tveganja FIP<\/strong><\/p>\n<p>Pri nekaterih pasmah, kot so \u010distokrvne ma\u010dke ali ma\u010dke iz ma\u010djih legel, je tveganje za FIP ve\u010dje. Perzijske ma\u010dke in sorodne pasme se zdijo bolj dovzetne. Obstajajo dokazi, ki ka\u017eejo, da so perzijske ma\u010dke nosilke &#8220;predispozicijskih alelov&#8221; za to bolezen, zaradi \u010desar so izpostavljene virusu, ki povzro\u010da FIP. Ma\u010dke iz ma\u010djih legel ali \u010distopasemskih linij so lahko \u0161e posebej nagnjene k razvoju FIP. Pri abesinijcih, bengalkah, birmankah, himalajkah, ragdollih in rexih je tveganje za bolezen v primerjavi z drugimi ma\u010dkami bistveno ve\u010dje. Za druge pasme ma\u010dk, vklju\u010dno z burmanskimi, eksoti\u010dnimi kratkodlakimi, manksi, perzijskimi in ruskimi modrimi, je prav tako ugotovljeno, da so bolj dovzetne za FIP zaradi genetike in njihove ve\u010dje izpostavljenosti v vzrejnih programih. Menijo, da so zaradi nekaterih genetskih dejavnikov, povezanih s perzijskimi ma\u010dkami (in z njimi povezanimi pasmami), nekoliko manj sposobne obvladovati virus, ki povzro\u010da FIP, kot druge vrste ma\u010dk, zato so bolj dovzetne za oku\u017ebo, \u010de pridejo v stik z njim.  <\/p>\n<p>&nbsp;<\/p>\n<p><strong>Gne\u010da v bivalnih razmerah<\/strong><strong> <\/strong><\/p>\n<p>Ma\u010dke, ki \u017eivijo v prenatrpanih ali stresnih okoljih, kot so gospodinjstva z ve\u010d ma\u010dkami ali zaveti\u0161\u010da, so lahko bolj izpostavljene ma\u010djemu koronavirusu, ki lahko pove\u010da verjetnost za razvoj FIP. Nekateri dejavniki tveganja FIP, povezani z \u017eivljenjem v gne\u010di, vklju\u010dujejo bli\u017eino drugih ma\u010dk, skupne vire (kot so posode za hrano, strani\u0161\u010da in postelje) ter oslabljen imunski sistem zaradi stresa. Izpostavljenost drugim ma\u010dkam je pomemben dejavnik prenosa, saj oku\u017eene ma\u010dke virus izlo\u010dajo s svojo slino ali iztrebki. Tesen stik med ma\u010dkami omogo\u010da la\u017eje \u0161irjenje virusa. V gospodinjstvih z ve\u010d ma\u010dkami in zaveti\u0161\u010dih je pomembno zmanj\u0161ati mo\u017enost prenosa s spodbujanjem dobrih higienskih praks, kot sta razku\u017eevanje povr\u0161in z gospodinjskim \u010distilom in redno umivanje rok med bo\u017eanjem razli\u010dnih ma\u010dk. Prav tako je pomembno spodbujati zdravo vedenje med ma\u010dkami, vklju\u010dno z zagotavljanjem dovolj prostora za vsako ma\u010dko, da se ne bi borile za ozemlje. Po potrebi uporabljajte ukrepe za nadzor \u0161kodljivcev, kot so sredstva za prepre\u010devanje bolh, in ponudite dejavnosti za obogatitev, kot so igra\u010de\/jedilniki\/plezalni stolpi itd. Poskrbite, da bodo ma\u010dke enako hranjene, ne da bi se morale &#8220;boriti&#8221; za hrano, in jim zagotovite udobna mesta za po\u010ditek.<\/p>\n<p>&nbsp;<\/p>\n<p><strong>Genetika<\/strong><\/p>\n<p>Nekatere ma\u010dke imajo lahko genetsko predispozicijo, zaradi katere so bolj dovzetne za razvoj FIP. To je lahko povezano z njihovim imunskim sistemom ali sposobnostjo obvladovanja ma\u010djega koronavirusa. Zaradi genetske zasnove je lahko ma\u010dka bolj ranljiva za oku\u017ebo, saj ne more prepoznati in se boriti proti napadalnim delcem virusa ali pa so njene celi\u010dne membrane manj odporne proti virusu. Zaradi njih so lahko nekatere celice pri ma\u010dkah dovzetne za imunski odziv, ki spro\u017ei vnetje, ki vodi v nadaljnjo po\u0161kodbo tkiva. Poleg tega nekatere ma\u010dke morda niso sposobne nadzorovati replikacije nevarnega seva ma\u010djega koronavirusa, povezanega s FIP, kar pove\u010duje njihovo dovzetnost za razvoj te bolezni. <\/p>\n<p>&nbsp;<\/p>\n<p><strong>Stres<\/strong><\/p>\n<p>Stres negativno vpliva na imunski sistem ma\u010dk in zmanj\u0161uje njihovo sposobnost za boj proti oku\u017ebam. Ma\u010dke lahko postanejo stresne, kadar se jim bistveno spremeni okolje ali rutina, kot je selitev ali seznanitev z novim hi\u0161nim ljubljen\u010dkom. Ko je ma\u010dka izpostavljena stresnim dejavnikom, njeno telo spro\u0161\u010da hormone, ki zavirajo proizvodnjo in delovanje nekaterih imunskih celic. Zaradi tega se zmanj\u0161a splo\u0161na u\u010dinkovitost imunskega sistema ma\u010dke, zato je bolj dovzetna ne le za FIP, temve\u010d tudi za druge bolezni, kot so bolezni, ki jih povzro\u010dajo paraziti in bakterije. Ve\u010dina ma\u010dk, pri katerih se razvije FIP, je bila nekaj tednov do nekaj mesecev pred pojavom FIP pod stresom. \u010ce svojim hi\u0161nim ljubljen\u010dkom omogo\u010dite obogatitev okolja in zmanj\u0161ate mo\u017ene vire stresa, lahko zmanj\u0161ate njihovo dovzetnost za to bolezen. <\/p>\n<p>&nbsp;<\/p>\n<p><strong>Stanje imunskega sistema<\/strong><strong> <\/strong><\/p>\n<p>Pri ma\u010dkah z oslabljenim imunskim sistemom, kot so ma\u010dke z virusom ma\u010dje levkemije (FeLV) ali virusom ma\u010dje imunske pomanjkljivosti (FIV), je tveganje za razvoj FIP ve\u010dje. FeLV in FIV sta virusni oku\u017ebi, ki prizadeneta ma\u010dke in napadata njihov imunski sistem. Zato se ma\u010dke z oslabljenim imunskim sistemom zaradi obeh virusov pogosto te\u017eko borijo proti drugim boleznim ali obolenjem, vklju\u010dno s FIP. Ma\u010dke z osnovnimi boleznimi, kot sta FeLV ali FIV, so lahko manj sposobne u\u010dinkovitega odziva proti koronavirusni oku\u017ebi, ko so ji izpostavljene, in bolj verjetno, da bodo podlegle razvoju bolezni. Star\u0161i hi\u0161nih ljubljen\u010dkov lahko tveganje za razvoj FIP pri svoji ma\u010dki zmanj\u0161ajo tako, da poznajo njeno zdravstveno zgodovino. Redni obiski pri veterinarju morajo vklju\u010devati temeljite preglede splo\u0161nega zdravja va\u0161ega hi\u0161nega ljubljen\u010dka, vklju\u010dno s testi na te viruse, da lahko zgodaj odkrijete morebitne znake in po potrebi zagotovite ma\u010dki ustrezno oskrbo in zdravljenje.<\/p>\n","protected":false},"excerpt":{"rendered":"<p>Kateri so nekateri dejavniki tveganja FIP? Nekatere ma\u010dke so bolj nagnjene k FIP kot druge, \u010deprav je koronavirus, ki jo povzro\u010da, prisoten povsod. V nadaljevanju so navedeni nekateri dejavniki tveganja, ki pove\u010dujejo tveganje, da bo ma\u010dka zbolela za FIP. &nbsp; Starost 50 % ma\u010dk, pri katerih se razvije FIP, je mlaj\u0161ih od dveh let, zato [&hellip;]<\/p>\n","protected":false},"author":1,"featured_media":28512,"parent":0,"menu_order":0,"comment_status":"closed","ping_status":"closed","template":"","meta":{"_glsr_average":0,"_glsr_ranking":0,"_glsr_reviews":0,"footnotes":""},"categories":[1176],"tags":[],"_links":{"self":[{"href":"https:\/\/fipmed.co\/sl\/wp-json\/wp\/v2\/pages\/28511"}],"collection":[{"href":"https:\/\/fipmed.co\/sl\/wp-json\/wp\/v2\/pages"}],"about":[{"href":"https:\/\/fipmed.co\/sl\/wp-json\/wp\/v2\/types\/page"}],"author":[{"embeddable":true,"href":"https:\/\/fipmed.co\/sl\/wp-json\/wp\/v2\/users\/1"}],"replies":[{"embeddable":true,"href":"https:\/\/fipmed.co\/sl\/wp-json\/wp\/v2\/comments?post=28511"}],"version-history":[{"count":0,"href":"https:\/\/fipmed.co\/sl\/wp-json\/wp\/v2\/pages\/28511\/revisions"}],"wp:featuredmedia":[{"embeddable":true,"href":"https:\/\/fipmed.co\/sl\/wp-json\/wp\/v2\/media\/28512"}],"wp:attachment":[{"href":"https:\/\/fipmed.co\/sl\/wp-json\/wp\/v2\/media?parent=28511"}],"wp:term":[{"taxonomy":"category","embeddable":true,"href":"https:\/\/fipmed.co\/sl\/wp-json\/wp\/v2\/categories?post=28511"},{"taxonomy":"post_tag","embeddable":true,"href":"https:\/\/fipmed.co\/sl\/wp-json\/wp\/v2\/tags?post=28511"}],"curies":[{"name":"wp","href":"https:\/\/api.w.org\/{rel}","templated":true}]}}