{"id":28521,"date":"2024-03-25T07:19:57","date_gmt":"2024-03-25T07:19:57","guid":{"rendered":"https:\/\/fipmed.co\/fip-in-cats-symptoms-based-on-types-of-fip\/"},"modified":"2024-03-25T07:19:57","modified_gmt":"2024-03-25T07:19:57","slug":"fip-in-cats-symptoms-based-on-types-of-fip","status":"publish","type":"page","link":"https:\/\/fipmed.co\/sl\/fip-in-cats-symptoms-based-on-types-of-fip\/","title":{"rendered":"FIP pri ma\u010dkah Simptomi glede na vrste FIP"},"content":{"rendered":"<p>Pametno je, da se pri FIP pri ma\u010dkah osredoto\u010dimo na simptome, ki temeljijo na vrstah FIP. Vklju\u010deni so za natan\u010dnej\u0161o diagnozo. Poznavanje vrste FIP vam lahko pomaga predvideti resnost in tudi vse razli\u010dne oblike FIP, ki se lahko pojavijo, tako da ne spregledate nobenih simptomov.  <\/p>\n<p>&nbsp;<\/p>\n<h1><strong>Klini\u010dni znaki neafektivne suhe FIP<\/strong><\/h1>\n<p>Tipi\u010dni simptomi te oblike FIP so letargija, zvi\u0161ana telesna temperatura, anoreksija, huj\u0161anje in zlatenica.<\/p>\n<p>&nbsp;<\/p>\n<h2><strong>Letargija<\/strong><strong> <\/strong><\/h2>\n<p>Letargija je pogosto eden od klini\u010dnih znakov ma\u010djega infekcijskega peritonitisa. Pri ma\u010dkah se lahko pojavlja neefektivno, efuzivno ali o\u010desno in je lahko znak, da se pojavlja nekaj resnej\u0161ega. Pri mnogih ma\u010dkah se ta simptom apatije pojavi, preden se pojavijo drugi simptomi, kar nakazuje, zakaj je pomembno, da letargijo opazujemo \u010dim prej, preden se razvijejo druge napredne faze. Eden od simptomov, ki se pojavi v ve\u010dini primerov, bi bila pretirana utrujenost ali brezvoljnost, ki lahko vklju\u010duje dolgotrajno mirovanje ali dolgotrajno spanje zunaj obi\u010dajnih navad. To pomanjkanje energije pri dejavnostih ma\u010dke lahko s\u010dasoma privede do izgube telesne te\u017ee kljub pove\u010danemu apetitu zaradi njenega oslabljenega stanja &#8211; to bo \u0161e dodatno omejilo raven njene aktivnosti, kar bo s\u010dasoma povzro\u010dilo ve\u010djo utrujenost. Drug pogost kazalnik za FIP so vedenjske spremembe, na primer, da postane antisocialna in se popolnoma izogiba ljudem (tudi \u010de so bili prej prijazni). <\/p>\n<p>&nbsp;<\/p>\n<h2><strong>Vro\u010dina<\/strong><\/h2>\n<p>Vro\u010dina je pogost klini\u010dni znak, povezan s FIP, vendar je nespecifi\u010dna in je lahko prisotna pri ma\u010dkah z razli\u010dnimi boleznimi. Pomembno se je zavedati, da je vro\u010dina lahko edini klini\u010dni znak, ki ga imajo ma\u010dke z neefektno suho FIP, zato je pomemben simptom, ki ga morajo veterinarji upo\u0161tevati pri ocenjevanju ma\u010dk za to bolezen. Ko se pri ma\u010dki pojavi vro\u010dina zaradi FIP, bolezen hitro napreduje in je skoraj vedno smrtna. Diagnosticiranje FIP je lahko te\u017eavno tudi zaradi njenih nejasnih simptomov, saj imajo \u0161tevilne druge bolezni podobne znake, vklju\u010dno z oku\u017ebami dihal in vnetnimi motnjami. <\/p>\n<p>&nbsp;<\/p>\n<h2><strong>Anoreksija<\/strong><\/h2>\n<p>Anoreksija je pogosto prepoznana kot eden od nespecifi\u010dnih in nelokaliziranih znakov FIP pri ma\u010dkah. Anoreksija pomeni pomanjkanje ali izgubo apetita, ki je lahko posledica zmanj\u0161ane \u017eelje po hrani zaradi bole\u010dine, bolezni ali po\u0161kodbe. Ma\u010dke s FIP imajo slab apetit in razvijejo anemijo zaradi pomanjkanja hranil, kar vpliva na njihovo splo\u0161no zdravje in ovira normalno delovanje. Simptome, kot so apati\u010dnost, letargija, huj\u0161anje in vro\u010dina, pri ma\u010dkah z \u017eivljenjsko nevarnim virusom, kot je FIP, pogosto spremlja anoreksija. <\/p>\n<p>&nbsp;<\/p>\n<h2><strong>Izguba telesne te\u017ee<\/strong><\/h2>\n<p>Izguba telesne te\u017ee je pogost klini\u010dni znak FIP, zlasti v primerih suhe FIP. Simptomi, povezani z izgubo telesne te\u017ee, se lahko razlikujejo glede na resnost bolezni. Zgodnji znaki lahko vklju\u010dujejo zmanj\u0161an vnos hrane in po\u010dasnej\u0161o rast od obi\u010dajne, medtem ko lahko naprednej\u0161e faze vklju\u010dujejo znatno zmanj\u0161anje telesne mase v kratkem \u010dasu ter zmanj\u0161ano raven energije in izgubo mi\u0161i\u010dne mase. Pri ma\u010dkah z znaki, ki so skladni s FIP, ne smete zanemariti nepojasnjene ali hitre izgube telesne te\u017ee. \u010ce je va\u0161a ma\u010dka brez pojasnila videti vitkej\u0161a kot obi\u010dajno ali \u010de se zdi, da brez vidnega razloga izgublja prekomerno koli\u010dino dlake, je pomembno, da takoj poi\u0161\u010dete strokovno veterinarsko pomo\u010d.  <\/p>\n<p>&nbsp;<\/p>\n<h2><strong>Zlatenica<\/strong><\/h2>\n<p>Pri ma\u010dkah s FIP se poleg drugih znakov jetrne okvare ali hepatomegalije (pove\u010dana jetra), kot sta letargija in huj\u0161anje, obi\u010dajno pojavi tudi zlatenica. Pri telesnem pregledu je lahko ko\u017ea ma\u010dke rumenkaste barve, kar je vidno zlasti na trebuhu in o\u010deh. V nekaterih primerih lahko zlatenica zajame celotno telo ma\u010dke. \u017dolta\u010dica je posledica pove\u010dane ravni bilirubina (pigmentne molekule, ki se spro\u0161\u010dajo v krvni obtok iz razpadlih rde\u010dih krvni\u010dk), ki se nato kopi\u010di. Ka\u017ee na motnjo nekje v \u017eol\u010dnem drevesu, ki vklju\u010duje \u017eol\u010dnik in povezane strukture med jetri in tankim \u010drevesjem, potrebne za prebavo. <\/p>\n<p>&nbsp;<\/p>\n<h1><strong>Klini\u010dni znaki efuzivne mokre FIP<\/strong><\/h1>\n<p>Med znaki, povezanimi z izcedno mokro FIP, so otekanje prsnega ko\u0161a, trebuha in skrotuma.<\/p>\n<p>&nbsp;<\/p>\n<h2><strong>Otekanje prsnega ko\u0161a<\/strong><\/h2>\n<p>Otekanje prsnega ko\u0161a je klini\u010dni znak, povezan z izcedno mokro FIP, pri kateri se v prsnem ko\u0161u nabira teko\u010dina. To lahko povzro\u010di te\u017eave pri dihanju in vpliva na normalno delovanje organov, kot so sr\u010dni utrip, uravnavanje temperature in izmenjava plinov. Zato je to eden od izliva, ki ga svetujemo izsu\u0161iti, \u010de je le mogo\u010de. Otekanje prsnega ko\u0161a ka\u017ee na napredovale stopnje FIP in se obi\u010dajno ka\u017ee s pove\u010dano hitrostjo dihanja ali \u017elobudrajo\u010dimi zvoki, ko ma\u010dka diha. \u010ce je oteklina prsnega ko\u0161a prisotna dlje \u010dasa, lahko povzro\u010di pove\u010dan pritisk na notranje organe, zaradi \u010desar ti postanejo podhranjeni zaradi zmanj\u0161anega pretoka krvi in oskrbe s kisikom. Poleg tega lahko vztrajno otekanje prsnega ko\u0161a, \u010de se ne zdravi, povzro\u010di trajne po\u0161kodbe \u017eivljenjsko pomembnih organov, kar lahko privede do smrti, \u010de se dalj \u010dasa ne zdravi. <\/p>\n<p>&nbsp;<\/p>\n<h2><strong>Oteklina trebuha<\/strong><\/h2>\n<p>Klini\u010dni znak, povezan z efuzivno FIP, je tudi otekanje trebuha. Za to obliko FIP je zna\u010dilno, da se v trebuhu pojavi teko\u010dina, znana tudi kot abdominalni izliv. Ta dodatna, nenormalna teko\u010dina obdaja prebavila in njihove organe. Radiografija, ultrazvok in abdominocenteza so diagnosti\u010dni postopki, ki se uporabljajo za ugotavljanje, ali se je pri ma\u010dkah s sumom na FIP pojavil abdominalni izliv. Poleg tega lahko analiza teko\u010dine zagotovi zelo indikativne rezultate za natan\u010dno diagnozo abdominalnega izliva, ki ga povzro\u010da FIP. Abdominalni iztek je za ma\u010dko manj nevaren, \u010deprav ji je lahko neprijeten. \u010ce se odlo\u010dite za drena\u017eo tega izliva, se odlo\u010dite za drena\u017eo najve\u010d 30 % teko\u010dine. <\/p>\n<p>&nbsp;<\/p>\n<h2><strong>Otekanje skrotalne sluznice<\/strong><\/h2>\n<p>Lastniki hi\u0161nih ljubljen\u010dkov lahko ugotovijo, da se je velikost mo\u0161njaka nepojasnjeno spremenila, zlasti \u010de se to zgodi hitro ali \u010de se pojavijo drugi znaki, kot sta letargija in vro\u010dina. Ta oblika FIP najpogosteje prizadene mlade ma\u010dke in se hitro pojavi s simptomi, kot so kopi\u010denje teko\u010dine v trebuhu, pove\u010danje prsnega ko\u0161a, izguba telesne te\u017ee, zlatenica in vztrajna visoka vro\u010dina. Med glavnimi klini\u010dnimi simptomi, ki jih veterinarji uporabljajo za zgodnje prepoznavanje te bolezni, je oteklina mod, obi\u010dajno \u0161e preden se pojavijo drugi znaki.<\/p>\n<p>&nbsp;<\/p>\n<h1><strong>Klini\u010dni znaki o\u010desne FIP<\/strong><\/h1>\n<p>Bodite pozorni na znake FIP, kot so razbarvanje \u0161arenice, izguba vida, zadebelitev ro\u017eenice in hipopion.<\/p>\n<p>&nbsp;<\/p>\n<h2><strong>Razbarvanje \u0161arenice<\/strong><\/h2>\n<p>Razbarvanje \u0161arenice je klini\u010dni znak, ki lahko ka\u017ee na o\u010desno obliko FIP. Obi\u010dajno se ka\u017ee kot sprememba barve \u0161arenice, nenormalna motnost o\u010desa ali videz flokulirane barve (bele pege) v obmo\u010dju zenice zaradi vnetja, ki je posledica oku\u017ebe, ki jo povzro\u010da virus FIP. Ta znak lahko spremljata tudi zadebelitev ro\u017eenice in hipopiont, ki obi\u010dajno, \u010de se ne zdravi, lahko s\u010dasoma privede do trajne izgube vida. Zgodnje odkrivanje in diagnosticiranje tega stanja je pomembno za za\u010detek takoj\u0161njega zdravljenja z antiprotozoalnimi zdravili, kot sta kloramfenikol in tiamfenikol, da se zmanj\u0161ajo nadaljnja tveganja, povezana s tem stanjem. <\/p>\n<p>&nbsp;<\/p>\n<h2><strong>Izguba vida<\/strong><\/h2>\n<p>Izguba vida je eden od najbolj opaznih znakov, da ima va\u0161a ma\u010dka morda o\u010desno FIP. To je napreden simptom, ki lahko ka\u017ee, da je pri va\u0161i \u017eivali \u017ee aktivna resnej\u0161a oblika virusa. Piogranulomatozni anteriorni uveitis (vnetje) je ena od tak\u0161nih manifestacij, ki dolo\u010da znake, kot je Handlight Sign (rumenkasto razpr\u0161enost, ko so o\u010di izpostavljene usmerjenemu \u017earku svetlobe, kot je lu\u010d svetilke). Ta sindrom je povezan z znatnim zmanj\u0161anjem vida skupaj z nezadostnim dotokom\/odtokom cisti\u010dnih struktur in lezij v \u0161arenici, ki povzro\u010dajo uni\u010denje tudi v orbitalni votlini, \u010de se s\u010dasoma ne zdravi. <\/p>\n<p>&nbsp;<\/p>\n<h2><strong>Zgo\u0161\u010devanje ro\u017eenice<\/strong><\/h2>\n<p>Do tega stanja pride, ko zunanji del o\u010desa, imenovan ro\u017eenica, zaradi vnetja postane debelej\u0161i od obi\u010dajnega. Pri ma\u010dkah ga lahko povzro\u010di virus ali bakterija, u\u010dinki pa so lahko opazni \u0161ele \u010dez nekaj tednov. Obi\u010dajno je ta simptom la\u017eje prepoznati, \u010de so hkrati prisotni tudi drugi znaki, kot sta motnost vida ali bole\u010dina. Ma\u010dka, pri kateri pride do zadebelitve ro\u017eenice, ima lahko te\u017eave z jasnim vidom in morda \u010duti nelagodje ali bole\u010dino zaradi slab\u0161e kakovosti vida.<\/p>\n<p>&nbsp;<\/p>\n<h2><strong>Hypopyon<\/strong><\/h2>\n<p>Hipopion je medicinski izraz, ki se uporablja za opis kopi\u010denja belih krvnih celic na dnu ro\u017eenice, ki se pogosto pojavi ob vnetju ali oku\u017ebi o\u010desa. Najpogosteje je povezan z uveitisom, vnetjem v o\u010desu, ki se pojavi kot posledica FIP pri ma\u010dkah. Hipopion je posledica vstopa levkocitov (belih krvnih celic) skozi \u0161arenico in njihovega kopi\u010denja v notranjosti o\u010desa. To nato privede do neposrednih opa\u017eanj pri fizi\u010dnem pregledu, kot so vidna motnost v enem ali ve\u010d delih o\u010desnega zrkla ali spremembe zenice med testi izpostavljenosti svetlobi, ki jih opravijo veterinarji. <\/p>\n<p>&nbsp;<\/p>\n<h2><strong>Odlepitev mre\u017enice<\/strong><\/h2>\n<p>To je stanje, ki se pojavi, ko se mre\u017enica odtrga od spodaj le\u017ee\u010dega podpornega tkiva in oskrbe s krvjo. Vzrok je lahko ve\u010d bolezenskih stanj, kot so visok krvni tlak, prekomerno delovanje \u0161\u010ditnice ali bolezni ledvic. Pri ma\u010dkah s FIP se lahko poleg krvavitve in odstopa mre\u017enice pojavijo tudi granulomatozne spremembe. Glavni simptom, povezan z odstopom mre\u017enice, je izguba vida, ki se lahko pojavi nenadoma ali postopoma, odvisno od obsega po\u0161kodbe in resnosti oku\u017ebe. Drugi znaki so \u0161e zastiranje ali zameglitev o\u010di, motnje ali izkrivljanje obstoje\u010dega vidnega polja in te\u017eave pri prilagajanju na okolje z mo\u010dno svetlobo, vklju\u010dno z no\u010dno slepoto. Pri nekaterih ma\u010dkah se lahko pojavijo tudi plavajo\u010de slike, ki so posledica uhajanja steklovine v kateri koli del o\u010desne strukture in povzro\u010dajo izkrivljene slike zaradi motenj v normalnih vidnih potezah. <\/p>\n<p>&nbsp;<\/p>\n<h1><strong>Klini\u010dni znaki nevrolo\u0161ke FIP<\/strong><\/h1>\n<p>Bodite pozorni na znake, kot so neravnovesje, nagibanje glave, napadi in sprememba vedenja.<\/p>\n<p>&nbsp;<\/p>\n<h2><strong>Neravnovesje<\/strong><\/h2>\n<p>Neravnovesje je pogost simptom FIP in je pogosto prvi znak, da je nekaj narobe. Pri ma\u010dkah s FIP se lahko neravnovesje ka\u017ee kot te\u017eave pri hoji ali izguba koordinacije &#8211; odvisno od resnosti bolezni. Pri prehodu iz le\u017ee\u010dega v stoje\u010di polo\u017eaj se lahko nekatere ma\u010dke zaradi nezmo\u017enosti hitrega vzpostavljanja ravnote\u017eja zibajo naprej in nazaj. Vzrok za ta simptom se lahko razlikuje glede na vrsto FIP, ki se je razvila pri va\u0161i ma\u010dki. Vzrok je lahko nevrolo\u0161ka po\u0161kodba ali kopi\u010denje teko\u010dine v trebu\u0161ni ali prsni votlini. Neravnovesja pri ma\u010dkah ne smete jemati zlahka in o tem obvestite svojega veterinarja, saj zgodnja diagnoza bistveno izbolj\u0161a prognozo pri zdravljenju tega stanja. Va\u0161 veterinar bo za\u010del s fizi\u010dnimi pregledi, na primer s pregledom motori\u010dnih funkcij in refleksov, da bo lahko ocenil, ali je ma\u010dkina hoja videti usklajena. <\/p>\n<p>&nbsp;<\/p>\n<h2><strong>Nagib glave<\/strong><\/h2>\n<p>Nagibanje glave je pomemben klini\u010dni znak nevrolo\u0161ke FIP, saj pogosto ka\u017ee na vestibularni sindrom. Vestibularni sindrom se pojavi, kadar del mo\u017eganov, odgovoren za ravnote\u017eje, ne deluje pravilno, kar povzro\u010da neravnote\u017eje in te\u017eave z usklajevanjem. Pri ma\u010dkah se to ka\u017ee kot izrazit nagib glave na eno ali drugo stran. To lahko spremljajo o\u010di, ki se ne premikajo normalno skupaj. Eno lahko hitro \u0161vigne naprej in nazaj, medtem ko drugo ostaja mirno, poleg tega pa se zaradi gravitacije ma\u010dka te\u017eko dr\u017ei pokonci. <\/p>\n<p>&nbsp;<\/p>\n<h2><strong>Napadi<\/strong><\/h2>\n<p>Napadi so lahko klini\u010dni znak FIP, kadar je prisotna nevrolo\u0161ka prizadetost. Nekateri opozorilni znaki, ki ka\u017eejo na to, da ima va\u0161a ma\u010dka morda napade zaradi FIP, so neustrezno izlo\u010danje, demenci podobno vedenje, kot je kro\u017eenje ali agresivnost, slab\u0161a koordinacija in ravnote\u017eje ter nenavadni vokali ali izguba zavesti. Kadar koli se pri va\u0161i ma\u010dki pojavi napad, jo morate nemudoma odpeljati k veterinarju, da opravi nadaljnji pregled in postavi diagnozo. <\/p>\n<p>&nbsp;<\/p>\n<h2><strong>Sprememba vedenja<\/strong><\/h2>\n<p>Spremembe v vedenju so lahko zgodnji pokazatelj FIP. Eden od pogostih simptomov, ki skrbi lastnike, so nenadne spremembe v vedenju njihove ma\u010dke. Ma\u010dke se lahko pogosteje skrivajo kot obi\u010dajno ali ka\u017eejo agresijo, \u010deprav je obi\u010dajno ne bi.<\/p>\n","protected":false},"excerpt":{"rendered":"<p>Pametno je, da se pri FIP pri ma\u010dkah osredoto\u010dimo na simptome, ki temeljijo na vrstah FIP. Vklju\u010deni so za natan\u010dnej\u0161o diagnozo. Poznavanje vrste FIP vam lahko pomaga predvideti resnost in tudi vse razli\u010dne oblike FIP, ki se lahko pojavijo, tako da ne spregledate nobenih simptomov. &nbsp; Klini\u010dni znaki neafektivne suhe FIP Tipi\u010dni simptomi te oblike [&hellip;]<\/p>\n","protected":false},"author":1,"featured_media":28522,"parent":0,"menu_order":0,"comment_status":"closed","ping_status":"closed","template":"","meta":{"_glsr_average":0,"_glsr_ranking":0,"_glsr_reviews":0,"footnotes":""},"categories":[1176],"tags":[],"_links":{"self":[{"href":"https:\/\/fipmed.co\/sl\/wp-json\/wp\/v2\/pages\/28521"}],"collection":[{"href":"https:\/\/fipmed.co\/sl\/wp-json\/wp\/v2\/pages"}],"about":[{"href":"https:\/\/fipmed.co\/sl\/wp-json\/wp\/v2\/types\/page"}],"author":[{"embeddable":true,"href":"https:\/\/fipmed.co\/sl\/wp-json\/wp\/v2\/users\/1"}],"replies":[{"embeddable":true,"href":"https:\/\/fipmed.co\/sl\/wp-json\/wp\/v2\/comments?post=28521"}],"version-history":[{"count":0,"href":"https:\/\/fipmed.co\/sl\/wp-json\/wp\/v2\/pages\/28521\/revisions"}],"wp:featuredmedia":[{"embeddable":true,"href":"https:\/\/fipmed.co\/sl\/wp-json\/wp\/v2\/media\/28522"}],"wp:attachment":[{"href":"https:\/\/fipmed.co\/sl\/wp-json\/wp\/v2\/media?parent=28521"}],"wp:term":[{"taxonomy":"category","embeddable":true,"href":"https:\/\/fipmed.co\/sl\/wp-json\/wp\/v2\/categories?post=28521"},{"taxonomy":"post_tag","embeddable":true,"href":"https:\/\/fipmed.co\/sl\/wp-json\/wp\/v2\/tags?post=28521"}],"curies":[{"name":"wp","href":"https:\/\/api.w.org\/{rel}","templated":true}]}}