{"id":28525,"date":"2022-11-25T15:16:05","date_gmt":"2022-11-25T15:16:05","guid":{"rendered":"https:\/\/fipmed.co\/fip-relapse-policy\/"},"modified":"2025-01-22T06:26:38","modified_gmt":"2025-01-22T06:26:38","slug":"fip-relapse-policy","status":"publish","type":"page","link":"https:\/\/fipmed.co\/sl\/fip-relapse-policy\/","title":{"rendered":"Politika ponovitve bolezni FIP"},"content":{"rendered":"\t\t<div data-elementor-type=\"wp-page\" data-elementor-id=\"28525\" class=\"elementor elementor-28525 elementor-32\">\n\t\t\t\t\t\t<section class=\"elementor-section elementor-top-section elementor-element elementor-element-672f648 elementor-section-boxed elementor-section-height-default elementor-section-height-default\" data-id=\"672f648\" data-element_type=\"section\">\n\t\t\t\t\t\t<div class=\"elementor-container elementor-column-gap-default\">\n\t\t\t\t\t<div class=\"elementor-column elementor-col-100 elementor-top-column elementor-element elementor-element-6547255\" data-id=\"6547255\" data-element_type=\"column\">\n\t\t\t<div class=\"elementor-widget-wrap elementor-element-populated\">\n\t\t\t\t\t\t<div class=\"elementor-element elementor-element-e63edf4 elementor-widget elementor-widget-text-editor\" data-id=\"e63edf4\" data-element_type=\"widget\" data-widget_type=\"text-editor.default\">\n\t\t\t\t<div class=\"elementor-widget-container\">\n\t\t\t\t\t\t\t\t\t<p class=\"p1\"><span class=\"s1\">Do ponovitve bolezni FIP pride pri pribli\u017eno 3 % ma\u010dk, ki so bile vklju\u010dene v program zdravljenja FipMed FIP.<br \/>\nZato lahko program FipMed Relapse Rebate pokrije va\u0161e pomisleke v primeru ponovitve bolezni. <\/span><\/p>\n<p class=\"p1\"><span style=\"color: #000080;\"><strong><span class=\"s1\">Za ma\u010dke, ki so zaklju\u010dile 84 dni zdravljenja samo z injekcijami ali oralnimi kapsulami FipMed FIP, velja 50-odstotni popust na zdravljenje ponovitve bolezni, \u010de se pojavi ponovitev bolezni FIP.<\/span><\/strong><\/span><\/p>\n<p class=\"p1\"><span class=\"s1\">Pogoji za udele\u017ebo v tem programu vklju\u010dujejo:<\/span><\/p>\n<p class=\"p1\"><span class=\"s1\">1. Do ponovitve bolezni pride v 12 mesecih po kon\u010danem prvem celotnem zdravljenju.<\/span><\/p>\n<p class=\"p1\"><span class=\"s1\">2. Datum za\u010detka in konca zdravljenja va\u0161e ma\u010dke<\/span><\/p>\n<p class=\"p1\"><span class=\"s1\">3.  <span class=\"Apple-converted-space\">  <\/span>Kon\u010dni rezultati krvnih testov ob zaklju\u010dku programa zdravljenja z zdravilom FipMed<\/span><\/p>\n<p class=\"p1\"><span class=\"s1\">4.  <span class=\"Apple-converted-space\">  <\/span>Koli\u010dina stekleni\u010dk in tablet, kupljenih za za\u010detno zdravljenje, je zadostovala za 84 dni<\/span><\/p>\n<p class=\"p1\"><span class=\"s1\" style=\"color: #000080;\"><b>Za ma\u010dke, ki niso zaklju\u010dile 84 dni zdravljenja, vendar so uporabljale izklju\u010dno zdravila FipMed, je 50-odstotni popust na zdravljenje ponovitve bolezni, \u010de pride do ponovitve bolezni FIP.<\/b><\/span><\/p>\n<p class=\"p1\"><span class=\"s1\">Veliko ma\u010dk si v 84 dneh popolnoma opomore od oku\u017ebe s FIP. Cenimo va\u0161o odlo\u010ditev in odlo\u010ditev va\u0161ega veterinarja, da v teh okoli\u0161\u010dinah pred\u010dasno prekinete program zdravljenja. Za ma\u010dke, ki se jim bolezen ponovi v 6 mesecih po zaklju\u010dku programa zdravljenja in so uporabljale samo izdelke FipMed, zagotavljamo 50-odstotni popust na terapijo za ponovitev bolezni.  <\/span><\/p>\n<p class=\"p1\"><span class=\"s1\">Pogoji za udele\u017ebo v tem programu vklju\u010dujejo:<\/span><\/p>\n<p class=\"p1\"><span class=\"s1\">1. Do ponovitve bolezni FIP pride v \u0161estih mesecih po kon\u010danem prvem popolnem zdravljenju<\/span><\/p>\n<p class=\"p1\"><span class=\"s1\">2. Datum za\u010detka in konca zdravljenja va\u0161e ma\u010dke<\/span><\/p>\n<p class=\"p1\"><span class=\"s1\">3.  <span class=\"Apple-converted-space\">  <\/span>Kon\u010dni rezultati krvnih preiskav po zaklju\u010dku programa zdravljenja z zdravilom FipMed.<\/span><\/p>\n<p class=\"p1\"><span class=\"s1\">4.  <span class=\"Apple-converted-space\">  <\/span>V 84 dneh po zdravljenju z zdravilom FipMed ni invazivnih posegov, kot sta kastracija ali cepljenje.  <\/span><\/p>\n<p class=\"p1\"><span class=\"s1\">5.  <span class=\"Apple-converted-space\">  <\/span>Koli\u010dina stekleni\u010dk in tablet, kupljenih za za\u010detno zdravljenje, je zadostovala za 45 dni<\/span><\/p>\n<p class=\"p1\"><span class=\"s1\">OPOMBA: Za ma\u010dke, ki so zaklju\u010dile na\u0161 program zdravljenja, ne da bi prej opravile temeljit krvni test, s katerim preverimo, ali so se kriti\u010dni parametri vrnili v normalne okvire, ne zagotavljamo koncesij.<\/span><\/p>\n\t\t\t\t\t\t\t\t<\/div>\n\t\t\t\t<\/div>\n\t\t\t\t\t<\/div>\n\t\t<\/div>\n\t\t\t\t\t<\/div>\n\t\t<\/section>\n\t\t\t\t<\/div>\n\t\t","protected":false},"excerpt":{"rendered":"<p>Do ponovitve bolezni FIP pride pri pribli\u017eno 3 % ma\u010dk, ki so bile vklju\u010dene v program zdravljenja FipMed FIP. Zato lahko program FipMed Relapse Rebate pokrije va\u0161e pomisleke v primeru ponovitve bolezni. Za ma\u010dke, ki so zaklju\u010dile 84 dni zdravljenja samo z injekcijami ali oralnimi kapsulami FipMed FIP, velja 50-odstotni popust na zdravljenje ponovitve bolezni, [&hellip;]<\/p>\n","protected":false},"author":1,"featured_media":0,"parent":0,"menu_order":0,"comment_status":"closed","ping_status":"closed","template":"","meta":{"_glsr_average":0,"_glsr_ranking":0,"_glsr_reviews":0,"footnotes":""},"categories":[],"tags":[],"_links":{"self":[{"href":"https:\/\/fipmed.co\/sl\/wp-json\/wp\/v2\/pages\/28525"}],"collection":[{"href":"https:\/\/fipmed.co\/sl\/wp-json\/wp\/v2\/pages"}],"about":[{"href":"https:\/\/fipmed.co\/sl\/wp-json\/wp\/v2\/types\/page"}],"author":[{"embeddable":true,"href":"https:\/\/fipmed.co\/sl\/wp-json\/wp\/v2\/users\/1"}],"replies":[{"embeddable":true,"href":"https:\/\/fipmed.co\/sl\/wp-json\/wp\/v2\/comments?post=28525"}],"version-history":[{"count":1,"href":"https:\/\/fipmed.co\/sl\/wp-json\/wp\/v2\/pages\/28525\/revisions"}],"predecessor-version":[{"id":28526,"href":"https:\/\/fipmed.co\/sl\/wp-json\/wp\/v2\/pages\/28525\/revisions\/28526"}],"wp:attachment":[{"href":"https:\/\/fipmed.co\/sl\/wp-json\/wp\/v2\/media?parent=28525"}],"wp:term":[{"taxonomy":"category","embeddable":true,"href":"https:\/\/fipmed.co\/sl\/wp-json\/wp\/v2\/categories?post=28525"},{"taxonomy":"post_tag","embeddable":true,"href":"https:\/\/fipmed.co\/sl\/wp-json\/wp\/v2\/tags?post=28525"}],"curies":[{"name":"wp","href":"https:\/\/api.w.org\/{rel}","templated":true}]}}