{"id":28545,"date":"2022-11-25T15:16:30","date_gmt":"2022-11-25T15:16:30","guid":{"rendered":"https:\/\/fipmed.co\/fip-return-policy\/"},"modified":"2025-01-22T06:27:19","modified_gmt":"2025-01-22T06:27:19","slug":"fip-return-policy","status":"publish","type":"page","link":"https:\/\/fipmed.co\/sl\/fip-return-policy\/","title":{"rendered":"Politika vra\u010danja FIP"},"content":{"rendered":"\t\t<div data-elementor-type=\"wp-page\" data-elementor-id=\"28545\" class=\"elementor elementor-28545 elementor-34\">\n\t\t\t\t\t\t<section class=\"elementor-section elementor-top-section elementor-element elementor-element-c3897a7 elementor-section-boxed elementor-section-height-default elementor-section-height-default\" data-id=\"c3897a7\" data-element_type=\"section\">\n\t\t\t\t\t\t<div class=\"elementor-container elementor-column-gap-default\">\n\t\t\t\t\t<div class=\"elementor-column elementor-col-100 elementor-top-column elementor-element elementor-element-32e3bf0\" data-id=\"32e3bf0\" data-element_type=\"column\">\n\t\t\t<div class=\"elementor-widget-wrap elementor-element-populated\">\n\t\t\t\t\t\t<div class=\"elementor-element elementor-element-c7b81b6 elementor-widget elementor-widget-text-editor\" data-id=\"c7b81b6\" data-element_type=\"widget\" data-widget_type=\"text-editor.default\">\n\t\t\t\t<div class=\"elementor-widget-container\">\n\t\t\t\t\t\t\t\t\t<p><span style=\"font-kerning: none;\">To je na\u0161 pravilnik o vra\u010dilu FIP. Prepri\u010dani smo o u\u010dinkovitosti na\u0161e terapije GS-441524. \u010ce na\u0161a terapija GS-441524 ne more re\u0161iti va\u0161e ma\u010dke pred FIP, vam bomo povrnili 50 % za vse neuporabljene viale in neodprte tabletne trakove. Izdelkov ne moremo ponovno prodati, ampak jih bomo podarili ma\u010djim zaveti\u0161\u010dem.     <\/span><\/p>\n<p><span style=\"font-kerning: none;\">Upo\u0161tevajte, da je to povra\u010dilo namenjeno le lastnikom, katerih ma\u010dka je poginila in ni bila re\u0161ena, \u010deprav so jo najmanj 14 dni pravilno zdravili z izdelki dru\u017ebe Fipmed.  <\/span><\/p>\n<p><span style=\"font-kerning: none;\">Kupljeni izdelek mora biti neuporabljen in v enakem stanju, kot ste ga prejeli.<br \/>\nPrav tako mora biti v originalni embala\u017ei. <\/span><\/p>\n<p><span style=\"font-kerning: none;\">To jamstvo velja za stekleni\u010dke ali tablete, kupljene v 21 dneh po vlo\u017eitvi zahtevka.<br \/>\nZa kritje stro\u0161kov po\u0161iljanja, materiala za po\u0161iljanje, dela in transakcijskih stro\u0161kov, kot so pristojbine za pla\u010dilni prehod, zara\u010dunamo pristojbino 80 USD. <\/span><\/p>\n<p><span style=\"font-kerning: none;\">Neodprte stekleni\u010dke je treba do vrnitve hraniti pri temperaturi 3-8 \u00b0C ali pri sobni temperaturi za kapsule, stran od neposredne son\u010dne svetlobe.<\/span><\/p>\n<p><span style=\"color: var( --e-global-color-text ); font-weight: var( --e-global-typography-text-font-weight );\">Da bi prepre\u010dili zlorabe, bomo za obdelavo va\u0161ega zahtevka potrebovali najmanj naslednje dokumente:<\/span><\/p>\n<ol>\n<li>Prilo\u017eite poro\u010dilo o diagnozi FIP va\u0161ega hi\u0161nega ljubljen\u010dka in krvne preiskave za potrditev FIP.<\/li>\n<\/ol>\n<ol start=\"2\">\n<li>Zapise o klini\u010dni anamnezi va\u0161ega veterinarja, ki je zdravil va\u0161ega ljubljen\u010dka, in zdravni\u0161ko potrdilo o smrti va\u0161e ma\u010dke zaradi FIP.<\/li>\n<\/ol>\n<ol start=\"3\">\n<li>Datirani ra\u010duni istega veterinarja.<\/li>\n<\/ol>\n<ol start=\"4\">\n<li>Izpolnjen obrazec za vra\u010dilo (prenesite ga <a href=\"http:\/\/fipmed.co\/wp-content\/uploads\/2023\/11\/FIPMed_Returns-Form.pdf\">tukaj<\/a>)<\/li>\n<li>Ban\u010dni podatki &#8211; pla\u010dilo se lahko izvr\u0161i samo vam ali veterinarju, ki vas zdravi.<\/li>\n<\/ol>\n<p>\u010ce nam predlo\u017eite zgoraj navedene dokumente v podporo svojemu zahtevku, bomo lahko nemudoma obdelali in izdali va\u0161e povra\u010dilo.<br \/>\n\u010ce bomo potrebovali ve\u010d informacij za utemeljitev va\u0161ega zahtevka, se lahko obrnemo na va\u0161ega veterinarja ali na vas. <\/p>\n<p><span style=\"font-kerning: none;\">  \u010ce tega ne boste storili, zahtevek ne bo izpla\u010dan, razen v izjemnih okoli\u0161\u010dinah.<\/span><\/p>\n<p><span style=\"font-kerning: none;\"><b>OPOMBA:<\/b><\/span><\/p>\n<p><span style=\"font-kerning: none;\">&#8211; To jamstvo ne velja za nakupe, opravljene prek katerega koli programa donacij.<\/span><\/p>\n<p><span style=\"color: var( --e-global-color-text ); font-weight: var( --e-global-typography-text-font-weight );\">&#8211; Stranke bodo krile stro\u0161ke povratnega po\u0161iljanja in stro\u0161ke prvotnega po\u0161iljanja.<\/span><\/p>\n<p><span style=\"font-kerning: none;\">&#8211; Po prejemu bomo preverili va\u0161 izdelek in vas obvestili, da smo prejeli va\u0161 vrnjeni izdelek.<br \/>\nPo pregledu izdelka vas bomo hitro obvestili o stanju vra\u010dila. <\/span><\/p>\n<p>&#8211; Za povra\u010dilo sredstev na va\u0161 ra\u010dun lahko po\u010dakate do 14 delovnih dni od prejema izdelkov v na\u0161e skladi\u0161\u010de.<\/p>\n<p>&#8211; Ko bomo kon\u010dali postopek vra\u010dila, vam bomo poslali e-po\u0161tno sporo\u010dilo.<\/p>\n<p><span style=\"font-kerning: none;\">&#8211; \u010ce bo va\u0161a vrnitev sprejeta, bomo spro\u017eili vra\u010dilo na va\u0161o kreditno kartico ali ban\u010dni ra\u010dun.  <\/span><\/p>\n<p><span style=\"font-kerning: none;\">&#8211; Odvisno od omejitev izdajatelja kartice boste vra\u010dilo prejeli v dolo\u010denem \u0161tevilu dni.<\/span><\/p>\n<p><span style=\"font-kerning: none;\">&#8211; Ko nam boste izdelek vrnili, boste pla\u010dali stro\u0161ke po\u0161iljanja. Stro\u0161ki po\u0161iljanja se ne povrnejo. <\/span><\/p>\n<p>&#8211; Dokler ne prejmemo v celoti izpolnjenega obrazca zahtevka in dokler ga ne ocenimo, ne moremo odobriti ali zagotoviti, da bo va\u0161 zahtevek izpla\u010dan.<\/p>\n<p>&#8211; Izdelki, ki ne izpolnjujejo na\u0161ih smernic za vra\u010dilo ali so vrnjeni brez potrdila o vra\u010dilu, ne bodo povrnjeni.<\/p>\n<p><span style=\"font-kerning: none;\">\u010ce imate kakr\u0161na koli vpra\u0161anja o tem, kako nam lahko vrnete svoje nakupe, se obrnite na nas.<\/span><\/p>\n\t\t\t\t\t\t\t\t<\/div>\n\t\t\t\t<\/div>\n\t\t\t\t\t<\/div>\n\t\t<\/div>\n\t\t\t\t\t<\/div>\n\t\t<\/section>\n\t\t\t\t<\/div>\n\t\t","protected":false},"excerpt":{"rendered":"<p>To je na\u0161 pravilnik o vra\u010dilu FIP. Prepri\u010dani smo o u\u010dinkovitosti na\u0161e terapije GS-441524. \u010ce na\u0161a terapija GS-441524 ne more re\u0161iti va\u0161e ma\u010dke pred FIP, vam bomo povrnili 50 % za vse neuporabljene viale in neodprte tabletne trakove. Izdelkov ne moremo ponovno prodati, ampak jih bomo podarili ma\u010djim zaveti\u0161\u010dem. Upo\u0161tevajte, da je to povra\u010dilo namenjeno [&hellip;]<\/p>\n","protected":false},"author":1,"featured_media":0,"parent":0,"menu_order":0,"comment_status":"closed","ping_status":"closed","template":"","meta":{"_glsr_average":0,"_glsr_ranking":0,"_glsr_reviews":0,"footnotes":""},"categories":[],"tags":[],"_links":{"self":[{"href":"https:\/\/fipmed.co\/sl\/wp-json\/wp\/v2\/pages\/28545"}],"collection":[{"href":"https:\/\/fipmed.co\/sl\/wp-json\/wp\/v2\/pages"}],"about":[{"href":"https:\/\/fipmed.co\/sl\/wp-json\/wp\/v2\/types\/page"}],"author":[{"embeddable":true,"href":"https:\/\/fipmed.co\/sl\/wp-json\/wp\/v2\/users\/1"}],"replies":[{"embeddable":true,"href":"https:\/\/fipmed.co\/sl\/wp-json\/wp\/v2\/comments?post=28545"}],"version-history":[{"count":1,"href":"https:\/\/fipmed.co\/sl\/wp-json\/wp\/v2\/pages\/28545\/revisions"}],"predecessor-version":[{"id":28546,"href":"https:\/\/fipmed.co\/sl\/wp-json\/wp\/v2\/pages\/28545\/revisions\/28546"}],"wp:attachment":[{"href":"https:\/\/fipmed.co\/sl\/wp-json\/wp\/v2\/media?parent=28545"}],"wp:term":[{"taxonomy":"category","embeddable":true,"href":"https:\/\/fipmed.co\/sl\/wp-json\/wp\/v2\/categories?post=28545"},{"taxonomy":"post_tag","embeddable":true,"href":"https:\/\/fipmed.co\/sl\/wp-json\/wp\/v2\/tags?post=28545"}],"curies":[{"name":"wp","href":"https:\/\/api.w.org\/{rel}","templated":true}]}}