{"id":28575,"date":"2022-12-02T07:39:47","date_gmt":"2022-12-02T07:39:47","guid":{"rendered":"https:\/\/fipmed.co\/when-fip-vaccine-doesnt-work-preventions-for-cats-getting-fip\/"},"modified":"2022-12-02T07:39:47","modified_gmt":"2022-12-02T07:39:47","slug":"when-fip-vaccine-doesnt-work-preventions-for-cats-getting-fip","status":"publish","type":"page","link":"https:\/\/fipmed.co\/sl\/when-fip-vaccine-doesnt-work-preventions-for-cats-getting-fip\/","title":{"rendered":"Cepivo proti FIP in drugi na\u010dini prepre\u010devanja bolezni FIP pri ma\u010dkah"},"content":{"rendered":"<p>Ma\u010dji infekcijski peritonitis (FIP) je neozdravljiv in pogosto smrtno nevaren virus, ki prizadene manj kot en odstotek ma\u010dk. Trenutno za bolezen ni u\u010dinkovitega zdravljenja, zato je klju\u010dno, da jo prepre\u010dite, preden se pojavijo simptomi. Trenutno ni znanega cepiva proti FIP, ki bi bilo stalno u\u010dinkovito. Zato je zaradi pomanjkanja doslednih zdravil zelo pomembno prepre\u010diti, da bi se ma\u010dke oku\u017eile z boleznijo. Lastniki ma\u010dk morajo biti pozorni, saj so odgovorni za zdravje svojih ma\u010dk, zlasti \u010de jih imajo ve\u010d naenkrat. FIP je ena najte\u017eje razumljivih bolezni. O diagnozi, zdravljenju in prepre\u010devanju te bolezni se bo \u0161e naprej razpravljalo. Dvomimo, da se bomo lahko izognili <a href=\"\/?page_id=6094\" target=\"_blank\" rel=\"noopener\">FIP<\/a>, saj o njej \u0161e vedno veliko ne vemo in ker se koronavirus zlahka prena\u0161a na \u0161tevilne ma\u010dke po vsem svetu. \u010ceprav obstaja cepljenje proti FIP, ni dokazov, da bi lahko prepre\u010dilo bolezen, zato se trenutno ne priporo\u010da. <\/p>\n<h1>Razumevanje FIP in potrebe po cepljenju<\/h1>\n<p>FIP je nevaren virus, ki lahko pri ma\u010dkah povzro\u010di hudo bolezen in za prepre\u010devanje njegovega \u0161irjenja je potrebno cepljenje.<\/p>\n<h2>Kaj je FIP?<\/h2>\n<p>FIP ali ma\u010dji infekciozni peritonitis je virusna oku\u017eba ma\u010dk, ki jo povzro\u010dajo nekateri sevi ma\u010djega koronavirusa. Gre za izjemno nalezljivo bolezen med ma\u010dkami, ki se hitro \u0161iri z neposrednim stikom s slino, urinom, iztrebki in steljo <a href=\"\/?page_id=899\" target=\"_blank\" rel=\"noopener\">oku\u017eenih ma\u010dk<\/a>. Ker jo je zaradi njene zapletenosti pogosto te\u017eko diagnosticirati, lahko FIP brez opozorila prizadene tako \u010distokrvne kot naklju\u010dno vzrejene ma\u010dke &#8211; zlasti mlade mucke. Glede na resnost simptomov lahko <a href=\"\/?page_id=887\" target=\"_blank\" rel=\"noopener\">zdravljenje FIP<\/a> vklju\u010duje podporno zdravljenje, kot so antibiotiki in sredstva proti bole\u010dinam, ter intenzivnej\u0161e ukrepe, kot so teko\u010dine, ki se po potrebi dajejo intravenozno ali neposredno v trebuh. \u010ceprav zagotovljenega zdravila za FIP \u0161e ni, lahko cepljenje proti bolezni zmanj\u0161a tveganje za njeno pojavljanje pri dovzetnih ma\u010dkah. <\/p>\n<h2>Zakaj je pomembno cepljenje proti FIP?<\/h2>\n<p><a href=\"\/?page_id=13322\" target=\"_blank\" rel=\"noopener\">FIP je potencialno smrtonosna virusna bolezen pri ma\u010dkah, ki jo povzro\u010da<\/a> koronavirus FCoV. Ko ma\u010dka zboli za FIP, je smrtnost skoraj gotova. Cepljenje proti temu virusu lahko pomaga za\u0161\u010dititi ma\u010dke pred oku\u017ebo in posledi\u010dno smrtjo zaradi FIP. Kljub omejeni u\u010dinkovitosti trenutnih cepiv, ki so na voljo za zdravljenje, lahko cepljenje ma\u010dk proti temu smrtonosnemu virusu znatno zmanj\u0161a njegovo pojavnost, \u010de se pravilno izvede z u\u010dinkovito dostavo cepiva in nadaljnjim cepljenjem v skladu s standardnim protokolom. Ma\u010dke je treba redno cepiti in skrbno spremljati, da se zagotovi upo\u0161tevanje cepljenja pri ocenjevanju dejavnikov tveganja, povezanih z oku\u017ebami ali izpostavljenostjo zaradi razli\u010dnih okoljskih pogojev, s katerimi se lahko sre\u010dujejo v vsakdanjem \u017eivljenju, hkrati pa se zmanj\u0161a \u0161tevilo injekcij protivirusnih zdravil, ki bi bile sicer potrebne, \u010de ma\u010dka sploh ne bi bila cepljena.  <\/p>\n<h1>Vrste cepiv proti FIP<\/h1>\n<p>Trenutno je na trgu na voljo samo cepivo proti FIP, in sicer Vanguard\u00ae Feline FIP Intranasal.<\/p>\n<h2>Vanguard\u00ae Feline FIP Intranazalno<\/h2>\n<p>je intranazalno cepivo brez adjuvansov, razvito za za\u0161\u010dito ma\u010dk, starih 16 tednov ali ve\u010d, pred ma\u010djim infekcijskim peritonitisom (FIP). FIP povzro\u010da virus ma\u010djega infekcijskega peritonitisa (FIPV) in lahko povzro\u010di resne zaplete, vklju\u010dno s smrtjo. To cepivo se daje intranazalno z dvema odmerkoma v razmaku 3-4 tednov za optimalno za\u0161\u010dito pred FIP. \u0160tudije so pokazale, da so bile ma\u010dke, ki so bile cepljene s temperaturno ob\u010dutljivo obliko virusa FIPV, merljivo bolj za\u0161\u010ditene pred boleznijo kot tiste brez cepljenja. Poleg tega podjetje Vanguard\u00ae ponuja tudi injicirano obliko tega cepiva za prepre\u010devanje tako mladi\u010dev kot odraslih ma\u010dk, starih od 16 tednov naprej. Cepljenje ma\u010dke proti FIP ji zagotavlja pomembno za\u0161\u010dito pred \u017eivljenjsko nevarnim virusom, vendar je le ena od sestavin za\u0161\u010dite zdravja ma\u010dke, zato je treba za njeno dobro po\u010dutje sprejeti tudi druge previdnostne ukrepe, kot so zmanj\u0161anje ravni stresa, zagotavljanje ustrezne prehrane in dodatni previdnostni ukrepi pri nastanitvi v ma\u010djih vrtcih ali zaveti\u0161\u010dih, kjer lahko pride v stik z drugimi \u017eivalmi, ki prena\u0161ajo nalezljive bolezni. <\/p>\n<h1>Prednosti in tveganja cepljenja proti FIP<\/h1>\n<p>Cepljenje ma\u010dke proti FIP je lahko u\u010dinkovit na\u010din za\u0161\u010dite pred tem nevarnim virusom, vendar je pomembno, da razumete morebitne koristi in tveganja, povezana s cepivom.<\/p>\n<h2>Prednosti cepljenja proti FIP<\/h2>\n<ul>\n<li>Za\u0161\u010dita pred boleznimi, ki jih povzro\u010dajo ma\u010dji koronavirusi, kot sta oku\u017ebi s FIP in FCoV.<\/li>\n<li>Manj\u0161e tveganje prenosa bolezni z ma\u010dke na ma\u010dko.<\/li>\n<li>Izbolj\u0161anje kakovosti \u017eivljenja ma\u010dk, ki so zbolele za oku\u017ebami s FIP in FCoV, s prepre\u010devanjem.<\/li>\n<li>Pove\u010da \u017eivljenjsko dobo zaradi manj\u0161e resnosti ali celo mo\u017enosti ozdravitve primerov FIP ob cepljenju.<\/li>\n<\/ul>\n<h2>Tveganja cepljenja proti FIP (od protiteles odvisna okrepitev)<\/h2>\n<p>Cepljenje proti FIP je lahko povezano s tveganji, povezanimi z okrepitvijo, ki je odvisna od protiteles (ADE), procesom, pri katerem kompleksi virusov in protiteles okrepijo oku\u017ebo. Pokazalo se je, da sam virus FIPV v prisotnosti protiteles proti virusu FIPV ka\u017ee u\u010dinek ADE, kar je med razvojem sorodnih cepiv vzbudilo zaskrbljenost. <\/p>\n<ol>\n<li>Nenormalne viscerotropne reakcije, ki so povzro\u010dile smrt<\/li>\n<li>Vztrajne oku\u017ebe, ki se po revakcinaciji niso u\u010dinkovito odpravile<\/li>\n<li>Pove\u010danje stopnje umrljivosti po cepljenju v primerjavi s stopnjo pred cepljenjem<\/li>\n<li>Spremenjena porazdelitev patogenov pri primerjavi neoku\u017eenih in cepljenih \u017eivali<\/li>\n<\/ol>\n<h1>Drugi na\u010dini za\u0161\u010dite ma\u010dke pred FIP<\/h1>\n<p>Za varnost in zdravje svoje ma\u010dke lahko vsak dan storite nekaj preprostih korakov, med drugim zmanj\u0161ajte raven stresa, poskrbite za pravilno prehrano in poskrbite za dodatne previdnostne ukrepe, ko se nastanite v penzionu. Ameri\u0161ko zdru\u017eenje ma\u010djih zdravnikov kljub obstoju cepiva FIP tega ne priporo\u010da. Ve\u010dina ma\u010dk je do starosti (16 tednov), ko so dovolj stare za cepljenje, \u017ee izpostavljena ma\u010djemu koronavirusu, zato je cepivo manj u\u010dinkovito. V nadaljevanju je navedenih nekaj primerov preventivnih taktik za zmanj\u0161anje tveganja izpostavljenosti ma\u010djemu koronavirusu, vendar imejte v mislih, da s tem ne boste ustavili FIP.<\/p>\n<ul>\n<li>Posode za vodo in hrano naj bodo dale\u010d stran od strani\u0161\u010da za smeti.<\/li>\n<li>Za vsako ma\u010dko in \u0161e enega dodatnega ma\u010djega ljubljen\u010dka uporabljajte edinstvene strani\u0161\u010da za smeti.<\/li>\n<li>Za \u010di\u0161\u010denje bivalnih prostorov ter posod za hrano in vodo uporabite razred\u010deno belilo (1 del belila na 32 delov vode).<\/li>\n<li>Da bi zmanj\u0161ali napetost, jim ponudite obogatitev okolja (na primer igra\u010de za sestavljanje sestavljank in ma\u010dje gredice).<\/li>\n<li>\u010ce imate veliko ma\u010dk, naj bodo v vsaki sobi najve\u010d tri, da se izognete prenatrpanosti.<\/li>\n<\/ul>\n<p>Ma\u010dke s FIP trpijo zaradi redke, zapletene in zelo smrtonosne bolezni. \u010ce ma\u010dka za\u010dne kazati simptome bolezni, jo \u010dim prej odpeljite k veterinarju. Ko so mladi\u010di odstranjeni od virov oku\u017ebe, jih materina protitelesa \u0161\u010ditijo pred oku\u017ebo do odstavitve, ki se obi\u010dajno zgodi pri pribli\u017eno 5-7 tednih starosti. FCoV je zelo nalezljiv virus, zato tak\u0161na za\u0161\u010dita zahteva strogo \u010disto\u010do. <\/p>\n<h2>Zmanj\u0161evanje stresa<\/h2>\n<p>Zmanj\u0161anje stresa pri ma\u010dkah je eden od naju\u010dinkovitej\u0161ih na\u010dinov za za\u0161\u010dito pred razvojem ma\u010djega infekcijskega peritonitisa (FIP). Stres lahko oslabi njihov imunski sistem in pove\u010da tveganje, da zbolijo za boleznimi, kot je FIP. \u017divljenje v prenatrpanem ali kaoti\u010dnem okolju, izjemna sprememba rutine, bivanje v bli\u017eini neznanih ljudi ali \u017eivali, fizi\u010dna bole\u010dina in nelagodje so pogosti viri ma\u010djega stresa. Ma\u010dke, ki \u017eivijo v gospodinjstvih z ve\u010d ma\u010dkami ali v zaveti\u0161\u010dih, so zaradi prenatrpanosti bolj nagnjene k ve\u010dji stopnji stresa. Zato je pomembno, da lastniki zagotovijo obogateno \u017eivljenjsko okolje z veliko skrivali\u0161\u010di ter mir in ti\u0161ino stran od otrok in drugih hi\u0161nih ljubljen\u010dkov. Poleg tega lahko ma\u010dko vklju\u010dite v interaktivno igro z igra\u010dami, kot so \u017eogice ali palice, in jo tako ohranite aktivno, ne da bi po nepotrebnem obremenjevali njeno telo ali um. Namestitev feromonskih difuzorjev po hi\u0161i lahko prav tako pomaga ustvariti pomirjujo\u010de vzdu\u0161je, ki je posebej zasnovano za zmanj\u0161evanje tesnobe pri ma\u010dkah, saj jih opominja, da so doma varne. <\/p>\n<h2>Zagotavljanje ustrezne prehrane<\/h2>\n<p>Klju\u010d do ohranjanja <a href=\"\/?page_id=885\" target=\"_blank\" rel=\"noopener\">zdravja<\/a> va\u0161e <a href=\"\/?page_id=885\" target=\"_blank\" rel=\"noopener\">ma\u010dke<\/a> in zmanj\u0161anja tveganja za FIP je zagotavljanje uravnote\u017eene, s hranili bogate prehrane. Prehrana ma\u010dk mora vsebovati esencialne ma\u0161\u010dobne kisline, beljakovine, vlaknine, vodo in vitamine ter druge minerale in mikrohranila. Nekatera od teh \u017eivljenjsko pomembnih hranil lahko dobite s hrano, na primer z zelenjavo, kot sta brokoli ali korenje, ki vsebujeta vitamin A za zdravje o\u010di, ali z le\u010do in ribjim oljem, ki vsebujeta omega-3, ki pomagajo podpirati imunski sistem, hkrati pa se izogibajte predelani hrani za ma\u010dke, polni aditivov. \u010ce je le mogo\u010de, boste z ekolo\u0161ko hrano zagotovili vse potrebne dnevne prehranske potrebe in prepre\u010dili vse dodane strupene spojine, ki bi lahko vplivale na splo\u0161no dobro po\u010dutje ma\u010dk. \u010ce ma\u010dke svojih dnevnih prehranskih potreb ne izpolnijo samo z rednimi obroki, bodo morda potrebna tudi druga prehranska dopolnila. \u010ce so na primer ma\u010dke nagnjene k nizki ravni energije, bo morda potrebno \u017eelezovo dopolnilo, ki bo prepre\u010dilo utrujenost in jim dalo ve\u010d energije, da bodo aktivne ves dan. <\/p>\n<p>&nbsp;<\/p>\n<h2>Previdnostni ukrepi za vkrcanje<\/h2>\n<p>Ustrezna higiena in prepre\u010devanje prenatrpanosti sta klju\u010dni strategiji, ki pomagata zmanj\u0161ati prenos FIP v nastanitvenih objektih. Da bi za\u0161\u010ditili svojo ma\u010dko, poskrbite, da je nastanitveni objekt \u010dist in dobro vzdr\u017eevan. Higiena mora biti redni del njihovega protokola \u010di\u0161\u010denja, vklju\u010dno z rednim razku\u017eevanjem vseh povr\u0161in in doslednim upo\u0161tevanjem protokolov umivanja rok za zaposlene. Poleg tega se je treba izogibati prenatrpanosti; ma\u010dke morajo biti med bivanjem nastanjene posami\u010dno ali v majhnih skupinah, da se zmanj\u0161a mo\u017enost prenosa virusa z ene \u017eivali na drugo. Ko razmi\u0161ljate o nastanitvenem obratu, se pozanimajte, kako se ti previdnostni ukrepi izvajajo na kraju samem &#8211; to lahko pomeni razliko med tem, ali bo va\u0161a zdrava \u017eival ostala varna ali pa bo izpostavljena zelo nalezljivi bolezni. <\/p>\n<h2><strong>Dodatni previdnostni ukrepi za gospodinjstva z ve\u010d ma\u010dkami<\/strong><\/h2>\n<p>Ker ma\u010dke s FIP pogosto prihajajo iz dru\u017ein z ve\u010d ma\u010dkami (ve\u010d kot 5 ma\u010dk), zaveti\u0161\u010d za \u017eivali ali vzrejnih ma\u010dk, lahko k temu prispeva tudi stres. Ma\u010dke s FIP lo\u010dite od drugih ma\u010dk in si pogosto umivajte roke, zlasti po pometanju ali \u010di\u0161\u010denju strani\u0161\u010da bolne ma\u010dke. Veterinarji svetujejo lastnikom, naj po\u010dakajo pribli\u017eno mesec dni po smrti ma\u010dke, pozitivne na FIP, preden domov pripeljejo novo ma\u010dko, da bi zmanj\u0161ali tveganje izpostavljenosti FCoV. Veterinarji svetujejo, da v gospodinjstvu z ve\u010d ma\u010dkami po\u010dakajo vsaj tri mesece po smrti ma\u010dke, ki je bila pozitivna na FIP, in preverijo, ali imajo druge ma\u010dke v domu simptome FIP. Te ma\u010dke so bile izpostavljene virusu FCoV in ga lahko prena\u0161ajo, zaradi \u010desar predstavljajo tveganje za vse nove ma\u010dke, ki vstopijo v hi\u0161o. FCoV lahko odpravite s \u010di\u0161\u010denjem z razred\u010denim belilom (1 del belila na 32 delov vode). V hi\u0161i imejte vedno eno dodatno strani\u0161\u010de za vsako ma\u010dko. \u010ce imate na primer tri ma\u010dke, morate imeti na voljo vsaj \u0161tiri strani\u0161\u010da. Dokazano je bilo, da lahko izbolj\u0161anje \u017eivljenjskega prostora va\u0161e ma\u010dke zmanj\u0161a stres. Sem spadajo katiosi, drevesa in gredice za sobne ma\u010dke, gredice na oknih, uporaba feromona, kot je Feliway, vodne fontane, ma\u010dje igra\u010de, prehranske uganke in drugo.<\/p>\n<h2><\/h2>\n<h2>Zaklju\u010dek<\/h2>\n<p>Vsaka ma\u010dka, ki je izpostavljena koronavirusu FIP, ne bo zbolela. Po ocenah bo 8 do 20 % ma\u010dk, ki so bile izpostavljene virusu, in v kolonijah ma\u010dk, kjer je ta bolezen znana, imelo klini\u010dne simptome FIP. Preostale ma\u010dke lahko razvijejo odpornost proti bolezni ali pa se nanjo preprosto ne odzovejo. Ni znano, zakaj le majhen odstotek ma\u010dk, ki so bile izpostavljene virusu, zboli. Znano je, da je glavna obramba ma\u010djega telesa pred virusom FIP celi\u010dno posredovani imunski odziv. Ma\u010dke s slabo celi\u010dno posredovano imunostjo so lahko bolj nagnjene k tej bolezni. Zdi se, da ima humoralni obrambni mehanizem (protitelesa) vlogo pri nekaterih smrtnih primerih ma\u010dk, saj dejansko pove\u010da \u0161kodo, ki jo povzro\u010di virus FIP. Edino razpolo\u017eljivo cepivo proti FIP je manj kot 100-odstotno u\u010dinkovito in na splo\u0161no ni priporo\u010dljivo za ma\u010dke kot preventivni ukrep. Zato je treba pri prepre\u010devanju FIP \u010dim bolj zmanj\u0161ati stres in izvajati ustrezne higienske prakse tako doma kot med namestitvijo\/potovanjem z ma\u010dkami. \u010ceprav so medicinski dose\u017eki prinesli nove mo\u017enosti, ki dajejo upanje v boju proti FIP, morajo odgovorni lastniki hi\u0161nih ljubljen\u010dkov ostati pozorni in omejiti izpostavljenost svojega ljubljen\u010dka tveganjem, povezanim s tem virusom.   <\/p>\n<p>&nbsp;<\/p>\n","protected":false},"excerpt":{"rendered":"<p>Ma\u010dji infekcijski peritonitis (FIP) je neozdravljiv in pogosto smrtno nevaren virus, ki prizadene manj kot en odstotek ma\u010dk. Trenutno za bolezen ni u\u010dinkovitega zdravljenja, zato je klju\u010dno, da jo prepre\u010dite, preden se pojavijo simptomi. Trenutno ni znanega cepiva proti FIP, ki bi bilo stalno u\u010dinkovito. Zato je zaradi pomanjkanja doslednih zdravil zelo pomembno prepre\u010diti, da [&hellip;]<\/p>\n","protected":false},"author":11,"featured_media":28577,"parent":0,"menu_order":0,"comment_status":"closed","ping_status":"closed","template":"","meta":{"_glsr_average":0,"_glsr_ranking":0,"_glsr_reviews":0,"footnotes":""},"categories":[1172],"tags":[1197,1198,1173,1189],"_links":{"self":[{"href":"https:\/\/fipmed.co\/sl\/wp-json\/wp\/v2\/pages\/28575"}],"collection":[{"href":"https:\/\/fipmed.co\/sl\/wp-json\/wp\/v2\/pages"}],"about":[{"href":"https:\/\/fipmed.co\/sl\/wp-json\/wp\/v2\/types\/page"}],"author":[{"embeddable":true,"href":"https:\/\/fipmed.co\/sl\/wp-json\/wp\/v2\/users\/11"}],"replies":[{"embeddable":true,"href":"https:\/\/fipmed.co\/sl\/wp-json\/wp\/v2\/comments?post=28575"}],"version-history":[{"count":0,"href":"https:\/\/fipmed.co\/sl\/wp-json\/wp\/v2\/pages\/28575\/revisions"}],"wp:featuredmedia":[{"embeddable":true,"href":"https:\/\/fipmed.co\/sl\/wp-json\/wp\/v2\/media\/28577"}],"wp:attachment":[{"href":"https:\/\/fipmed.co\/sl\/wp-json\/wp\/v2\/media?parent=28575"}],"wp:term":[{"taxonomy":"category","embeddable":true,"href":"https:\/\/fipmed.co\/sl\/wp-json\/wp\/v2\/categories?post=28575"},{"taxonomy":"post_tag","embeddable":true,"href":"https:\/\/fipmed.co\/sl\/wp-json\/wp\/v2\/tags?post=28575"}],"curies":[{"name":"wp","href":"https:\/\/api.w.org\/{rel}","templated":true}]}}