{"id":28580,"date":"2022-12-02T07:30:30","date_gmt":"2022-12-02T07:30:30","guid":{"rendered":"https:\/\/fipmed.co\/fip-treatments-injections-vs-pills\/"},"modified":"2025-01-22T06:31:53","modified_gmt":"2025-01-22T06:31:53","slug":"fip-treatments-injections-vs-pills","status":"publish","type":"page","link":"https:\/\/fipmed.co\/sl\/fip-treatments-injections-vs-pills\/","title":{"rendered":"Zdravljenje FIP: Injekcije FIP proti tabletam ali tabletam FIP"},"content":{"rendered":"<p>Pri izbiri protivirusnega zdravila GS-441524 za zdravljenje FIP imate na voljo dve mo\u017enosti: podko\u017ene injekcije ali peroralne kapsule ali tablete. Kako torej izbrati ustrezno zdravilo za va\u0161o ma\u010dko? V tem prispevku bomo obravnavali prednosti in slabosti vsake od metod zdravljenja ter kdaj in kako sprejeti najbolj\u0161o odlo\u010ditev za zdravljenje FIP va\u0161e ma\u010dke. Obi\u010dajno so peroralna zdravila v obliki tablet. Ta vrsta GS se jemlje peroralno. Lastniki <a href=\"\/?page_id=895\" target=\"_blank\" rel=\"noopener\">ma\u010dk lahko zdaj<\/a> zlahka <a href=\"\/?page_id=895\" target=\"_blank\" rel=\"noopener\">izberejo najbolj\u0161o obliko zdravljenja<\/a> za svojo ma\u010dko, saj je na voljo ve\u010d mo\u017enosti. Razlike med tema dvema formulacijama GS-441524 bodo opisane v tem prispevku, skupaj z nasveti, kako izbrati najbolj\u0161o za terapijo FIP va\u0161e ma\u010dke.  <\/p>\n<h2><strong>Zdravljenje z injiciranjem FIP<\/strong><\/h2>\n<p>Za\u010dnimo z razpravo o razli\u010dici GS-441524 za vbrizgavanje teko\u010dine. To posebno obliko GS je mogo\u010de zdraviti. Razli\u010dne teko\u010dine GS-441524 imajo razli\u010dne lastnosti. Tehnika izdelave in kakovost kemikalij, ki jih uporablja proizvajalec, pomembno vplivata na kakovost. Dejstvo, da se cene med blagovnimi znamkami precej razlikujejo, samo \u0161e pove\u010duje negotovost. Injekcijska oblika zdravila GS441524 je na voljo v razli\u010dnih koncentracijah. Najbolj priljubljeni koncentraciji, ki sta zdaj na voljo, sta 20 mg in 30 mg. GS-441524 se najbolje uporablja z injiciranjem. S podko\u017enimi injekcijami zdravila GS441524 v obliki injekcij se krvni obtok va\u0161e ma\u010dke takoj obdela s protivirusnim zdravilom. Zdravniki lahko z injekcijami dajejo dolo\u010den odmerek glede na simptome in telesno <a href=\"\/?page_id=885\" target=\"_blank\" rel=\"noopener\">te\u017eo va\u0161e ma\u010dke<\/a>. Pri ma\u010dkah, ki se zdravijo z injekcijami, se o\u010ditne spremembe pogosto poka\u017eejo \u017ee v enem do \u0161tirih dneh. Zato so pri <a href=\"\/?page_id=899\" target=\"_blank\" rel=\"noopener\">ma\u010dkah s hudimi simptomi FIP<\/a> injekcije pravilno in edino u\u010dinkovito sredstvo zdravljenja. Vsako zdravljenje FIP je treba za\u010deti z injekcijo. Injekcije uporabljajte, dokler se stanje va\u0161e ma\u010dke ne stabilizira, in \u0161ele ko za\u010dne pravilno jesti in izlo\u010dati, lahko razmi\u0161ljate o prehodu na peroralno zdravljenje.    <\/p>\n<h2><strong>Peroralno zdravljenje FIP (tablete ali tablete)<\/strong><\/h2>\n<p>V primerjavi z iglami je oralno zdravljenje hitrej\u0161a in enostavnej\u0161a metoda zdravljenja FIP. Lastniki ma\u010dk lahko peroralno zdravilo dajejo doma in se tako izognejo vsakodnevnim obiskom klinike in stro\u0161kom injekcij. Za peroralno zdravljenje so na voljo tablete in kapsule. Zaradi gladke teksture in neokusnosti kapsule ma\u010dke obi\u010dajno la\u017eje pogoltnejo kapsule kot tablete. Na splo\u0161no svetujemo uporabo peroralnih kapsul ali tablet v poznej\u0161ih fazah zdravljenja, ko va\u0161a ma\u010dka ni ve\u010d ogro\u017eena, tj. ko redno j\u00e9 in hodi na strani\u0161\u010de ter nima ve\u010d ob\u010dasne vro\u010dine. Sedaj se posvetimo slabostim peroralnega zdravljenja. Glavna razlika med peroralnim in injekcijskim zdravljenjem je v hitrosti delovanja. Protivirusno zdravilo GS-441524, ki se uporablja pri peroralnem zdravljenju, mora pred vstopom v krvni obtok preiti skozi celoten prebavni trakt. Nezmo\u017enost nadzora nad odmerjanjem je druga klju\u010dna pomanjkljivost peroralnega zdravljenja. Ne moremo predvideti, koliko zdravila GS-441524 se bo absorbiralo v prebavnem traktu va\u0161e ma\u010dke, zato. Va\u0161a ma\u010dka lahko glede na stanje njenega prebavnega sistema in splo\u0161nega zdravja absorbira le dolo\u010den odstotek protivirusnega zdravila, ki ga zagotavljajo oralne kapsule. Na hitrost absorpcije GS bo vplivala oslabitev \u017eelodca, ledvic in jeter, ki se pojavi pri ma\u010dkah z ma\u010djim infekcijskim peritonitisom (FIP). V primerjavi z iglami so peroralne tablete in tabletke bolj tvegana oblika zdravljenja. \u0160ele po 30 dneh zdravljenja z injekcijami ali po stabilizaciji stanja va\u0161e ma\u010dke predlagamo peroralno zdravljenje.    <\/p>\n<h2><strong>Previdnostni ukrep za kapsule<\/strong><\/h2>\n<p>V industriji zdravil FIP se ve\u010dinoma uporabljajo dolo\u010deni formati. GS441524 je na primer ve\u010dinoma na voljo v obliki tablet, EIDD2801 pa v obliki kapsul. Zato bodite pozorni na prodajalce, ki prodajajo GS441524 v obliki kapsul. Tudi odmerek GS441524 za peroralna zdravila je standardiziran na 15 mg na kg, za o\u010desne in nevrolo\u0161ke vrste pa na dvakratni odmerek. Prosimo, da tega odmerka ne prekora\u010dite, saj ve\u010dji odmerek pri peroralnih zdravilih ogrozi absorpcijo.    <\/p>\n<h2><strong>Primerjava med injiciranjem in oralnim zdravljenjem  <\/strong><\/h2>\n<p>Tukaj je tabela, ki prikazuje razlike med <a href=\"\/?page_id=887\" target=\"_blank\" rel=\"noopener\">injekcijami in peroralnim jemanjem zdravila za FIP<\/a>.<\/p>\n<p><img data-opt-id=1214015753  fetchpriority=\"high\" decoding=\"async\" class=\"alignnone size-full wp-image-888\" src=\"https:\/\/ml9txs9ouv9q.i.optimole.com\/w:auto\/h:auto\/q:mauto\/f:best\/https:\/\/fipmed.co\/wp-content\/uploads\/2022\/12\/233.png\" alt=\"\" width=\"811\" height=\"719\" srcset=\"https:\/\/ml9txs9ouv9q.i.optimole.com\/w:811\/h:719\/q:mauto\/f:best\/https:\/\/fipmed.co\/wp-content\/uploads\/2022\/12\/233.png 811w, https:\/\/ml9txs9ouv9q.i.optimole.com\/w:300\/h:266\/q:mauto\/f:best\/https:\/\/fipmed.co\/wp-content\/uploads\/2022\/12\/233.png 300w, https:\/\/ml9txs9ouv9q.i.optimole.com\/w:768\/h:681\/q:mauto\/f:best\/https:\/\/fipmed.co\/wp-content\/uploads\/2022\/12\/233.png 768w, https:\/\/ml9txs9ouv9q.i.optimole.com\/w:600\/h:532\/q:mauto\/f:best\/https:\/\/fipmed.co\/wp-content\/uploads\/2022\/12\/233.png 600w\" sizes=\"(max-width: 640px) 100vw, 640px\" \/><\/p>\n<h2><strong>Katero metodo naj izberem za svojo ma\u010dko?<\/strong><\/h2>\n<p>Po na\u0161em priporo\u010dilu je priporo\u010dljivo, da se zdravljenje FIP za\u010dne z injekcijami. \u010ce ponavljajo\u010de se injekcije povzro\u010dajo akutno bole\u010dino ali hudo dra\u017eenje ko\u017ee, lahko takoj, ko se stanje va\u0161e ma\u010dke stabilizira, preidete na peroralne tablete. Po 30 dneh zdravljenja z injekcijami je prehod na peroralno zdravilo obi\u010dajno varen. To je najzanesljivej\u0161a tehnika, ki zagotavlja, da med zdravljenjem FIP dobite dovolj GS-441524 in zmanj\u0161uje tveganje za ponovno oku\u017ebo v prihodnosti.   <\/p>\n<h2><strong>Dejavniki, ki vplivajo na peroralno in injekcijsko uporabo<\/strong><\/h2>\n<p>Ma\u010dke, ki trenutno bruhajo\/regurgirajo in imajo drisko, na splo\u0161no veljajo za slabe kandidate za peroralno zdravilo GS-441524. Zato se pri ma\u010dkah, ki trpijo zaradi hudih bolezni prebavil, pogosto za\u010dnejo uporabljati injekcije, vsaj dokler se te\u017eave ne odpravijo. Ve\u010dina ljudi, zlasti v preteklosti, je za\u010dela z injiciranim zdravilom GS-441524. Injekcijska oblika je cenej\u0161a, odmerek pa je natan\u010dneje nadzorovan. Podko\u017ena absorpcija zdravila GS-441524 je tudi zanesljivej\u0161a od peroralne absorpcije, kar je pogosto odlo\u010dilen dejavnik pri za\u010detnem zdravljenju ma\u010dk, ki so na za\u010detku hudo bolne in nestabilne. Ali bo ma\u010dka nadaljevala z injiciranjem zdravila GS-441524, je odvisno od lastnikove sposobnosti u\u010dinkovitega dajanja injekcij, ma\u010dkine pripravljenosti, da se privadi na bole\u010dino pri injiciranju, in pojava ran na mestu injiciranja. V takih primerih je peroralno zdravilo pogosto dobrodo\u0161lo olaj\u0161anje tako za lastnika kot za ma\u010djega bolnika.    <\/p>\n<h2><strong>Primerjava uspe\u0161nosti zdravljenja z injiciranim in peroralnim zdravilom GS-441524  <\/strong><\/h2>\n<p>Stopnja uspe\u0161nosti peroralnega zdravila GS-441524 je zdaj podobna stopnji uspe\u0161nosti injiciranih razli\u010dic, \u010de <a href=\"\/?page_id=23\" target=\"_blank\" rel=\"noopener\">so odmerki skrbno izra\u010dunani<\/a> in \u010de je odmerjanje u\u010dinkovito. Vendar pa so poro\u010dali o razli\u010dnih reakcijah med peroralno in injicirano obliko zdravila GS-441524. Le pri nekaj ma\u010dkah so se po prehodu z injekcij na peroralno obliko GS-441524 pojavili recidivi ali pa se na za\u010detno zdravljenje niso dobro odzvale. Bolezen, ki se ni dobro odzivala na injekcije, so zdravili tako, da so ma\u010dke prenesli na peroralno obliko GS-441524 v enakovrednem odmerku. Te velike razlike v odzivu je te\u017eko pripisati obliki zdravila, ker GS-441524 peroralno ali subkutano vstopi v krvni obtok, preden dose\u017ee tkiva. Bolj verjetno je, da so bile blagovne znamke GS-441524 za injiciranje ali peroralno uporabo, uporabljene pred tem prehodom, neustrezne. V \u0161tevilnih primerih je prehod na drugo peroralno ali injekcijsko blagovno znamko povzro\u010dil takoj\u0161nje izbolj\u0161anje reakcije. Ker je virus razvil razli\u010dne stopnje odpornosti proti zdravilom, je veljalo, da lahko le injicirana oblika zdravila GS-441524 dose\u017ee izjemno visoke ravni v krvi in cerebrospinalni teko\u010dini, ki so potrebne za u\u010dinkovito zdravljenje nevrolo\u0161ke bolezni. Vendar so se ma\u010dke z nevrolo\u0161ko FIP dobro odzvale na zdravilo <a href=\"https:\/\/fipmed.co\/\" target=\"_blank\" rel=\"noopener\">Fipmed<\/a>. Poleg tega so bile v to vklju\u010dene tudi nekatere ma\u010dke, ki se niso odzivale na izjemno visok odmerek injekcijske oblike <a href=\"\/?page_id=6163\" target=\"_blank\" rel=\"noopener\">GS- 441524<\/a>. S povsem oralno shemo se zdravi vse ve\u010d \u017eivali z nevrolo\u0161ko FIP. To je bodisi posledica ve\u010d izku\u0161enj z uporabo peroralnega <a href=\"https:\/\/fipmed.co\/fip-treatment\/\" target=\"_blank\" rel=\"noopener\">zdravljenja FIP<\/a> v zahtevnih primerih bodisi, kar je bolj verjetno, izbolj\u0161anja kakovosti peroralne formulacije.   <\/p>\n<h2><strong>Kako naj izvajam injekcije GS?<\/strong><\/h2>\n<p>Subkutano, v\u010dasih znano kot &#8220;sub-cu&#8221;, je izraz za dajanje injekcij neposredno pod ko\u017eo. Injekcije je treba dajati vsak dan vsaj 12 tednov skoraj ob istem \u010dasu vsakih 24 ur. Z iglo NE smete prebiti ma\u010dje mi\u0161ice. Ko se GS injicira, to pe\u010de, vendar takoj po kon\u010dani injekciji nelagodje preneha. Na\u0161i uporabniki so posneli \u0161tevilne uporabne filme, v katerih prikazujejo, kako si injicirajo, \u0161e ve\u010d pa jih je na YouTubu. Bolje je, da veterinar aplicira prvo eno ali dve injekciji in vam poka\u017ee, kako jih aplicirati. Za ma\u010dke, ki jih je te\u017eje zadr\u017eati za injekcije, bo morda potreben vsakodnevni obisk pri veterinarju.      <\/p>\n<h2>Zaklju\u010dek<\/h2>\n<p>Zato morajo lastniki ma\u010dk pri zdravljenju FIP za svoje ma\u010dke vedno za\u010deti uporabljati metodo injiciranja in po pribli\u017eno 30 dneh preiti na jemanje tablet, odvisno od stanja njihove ma\u010dke. Jemanje zdravil z injekcijami ali oralno jemanje zdravil imata svoje prednosti in slabosti, veterinarji in lastniki ma\u010dk pa morajo izbrati bolj\u0161o od obeh re\u0161itev za ma\u010dke s FIP.<\/p>\n","protected":false},"excerpt":{"rendered":"<p>Pri izbiri protivirusnega zdravila GS-441524 za zdravljenje FIP imate na voljo dve mo\u017enosti: podko\u017ene injekcije ali peroralne kapsule ali tablete. Kako torej izbrati ustrezno zdravilo za va\u0161o ma\u010dko? V tem prispevku bomo obravnavali prednosti in slabosti vsake od metod zdravljenja ter kdaj in kako sprejeti najbolj\u0161o odlo\u010ditev za zdravljenje FIP va\u0161e ma\u010dke. Obi\u010dajno so peroralna [&hellip;]<\/p>\n","protected":false},"author":11,"featured_media":28582,"parent":0,"menu_order":0,"comment_status":"closed","ping_status":"closed","template":"","meta":{"_glsr_average":0,"_glsr_ranking":0,"_glsr_reviews":0,"footnotes":""},"categories":[1172],"tags":[1173,1191],"_links":{"self":[{"href":"https:\/\/fipmed.co\/sl\/wp-json\/wp\/v2\/pages\/28580"}],"collection":[{"href":"https:\/\/fipmed.co\/sl\/wp-json\/wp\/v2\/pages"}],"about":[{"href":"https:\/\/fipmed.co\/sl\/wp-json\/wp\/v2\/types\/page"}],"author":[{"embeddable":true,"href":"https:\/\/fipmed.co\/sl\/wp-json\/wp\/v2\/users\/11"}],"replies":[{"embeddable":true,"href":"https:\/\/fipmed.co\/sl\/wp-json\/wp\/v2\/comments?post=28580"}],"version-history":[{"count":1,"href":"https:\/\/fipmed.co\/sl\/wp-json\/wp\/v2\/pages\/28580\/revisions"}],"predecessor-version":[{"id":28586,"href":"https:\/\/fipmed.co\/sl\/wp-json\/wp\/v2\/pages\/28580\/revisions\/28586"}],"wp:featuredmedia":[{"embeddable":true,"href":"https:\/\/fipmed.co\/sl\/wp-json\/wp\/v2\/media\/28582"}],"wp:attachment":[{"href":"https:\/\/fipmed.co\/sl\/wp-json\/wp\/v2\/media?parent=28580"}],"wp:term":[{"taxonomy":"category","embeddable":true,"href":"https:\/\/fipmed.co\/sl\/wp-json\/wp\/v2\/categories?post=28580"},{"taxonomy":"post_tag","embeddable":true,"href":"https:\/\/fipmed.co\/sl\/wp-json\/wp\/v2\/tags?post=28580"}],"curies":[{"name":"wp","href":"https:\/\/api.w.org\/{rel}","templated":true}]}}