{"id":28607,"date":"2023-11-20T03:02:35","date_gmt":"2023-11-20T03:02:35","guid":{"rendered":"https:\/\/fipmed.co\/fipmed-cancellation-policy\/"},"modified":"2025-01-22T06:48:34","modified_gmt":"2025-01-22T06:48:34","slug":"fipmed-cancellation-policy","status":"publish","type":"page","link":"https:\/\/fipmed.co\/sl\/fipmed-cancellation-policy\/","title":{"rendered":"Politika odpovedi FIPMed"},"content":{"rendered":"\t\t<div data-elementor-type=\"wp-page\" data-elementor-id=\"28607\" class=\"elementor elementor-28607 elementor-14413\">\n\t\t\t\t\t\t<section class=\"elementor-section elementor-top-section elementor-element elementor-element-c3897a7 elementor-section-boxed elementor-section-height-default elementor-section-height-default\" data-id=\"c3897a7\" data-element_type=\"section\">\n\t\t\t\t\t\t<div class=\"elementor-container elementor-column-gap-default\">\n\t\t\t\t\t<div class=\"elementor-column elementor-col-100 elementor-top-column elementor-element elementor-element-32e3bf0\" data-id=\"32e3bf0\" data-element_type=\"column\">\n\t\t\t<div class=\"elementor-widget-wrap elementor-element-populated\">\n\t\t\t\t\t\t<div class=\"elementor-element elementor-element-c7b81b6 elementor-widget elementor-widget-text-editor\" data-id=\"c7b81b6\" data-element_type=\"widget\" data-widget_type=\"text-editor.default\">\n\t\t\t\t<div class=\"elementor-widget-container\">\n\t\t\t\t\t\t\t\t\t<p>Na\u0161a ekipa se potrudi, da bo va\u0161e naro\u010dilo poslano \u010dim hitreje.\nTo je posledica \u010dasovne ob\u010dutljivosti vseh na\u0161ih izdelkov in prizadevamo si, da bi vse na\u0161e stranke dobavo prejele \u010dim prej. <\/p>\n<p>Zato vsak preklic po naro\u010dilu mo\u010dno ovira na\u0161 postopek.<\/p>\n<p>Vendar razumemo, da se lahko pojavijo okoli\u0161\u010dine, zaradi katerih morate preklicati naro\u010dilo kmalu po oddaji.\nZa kritje upravnih stro\u0161kov, povezanih z obdelavo preklicev, smo uvedli naslednjo politiko stro\u0161kov preklica.\nPozorno preberite spodnje podrobnosti:  <\/p>\n<p><b>1. <\/b>Stranke lahko zahtevajo preklic v najve\u010d 3 urah od oddaje naro\u010dila.\nZahtevki za preklic, prejeti po tem \u010dasovnem okviru, ne bodo upravi\u010deni do nobenega postopka preklica naro\u010dila, temve\u010d bo zanje veljala na\u0161a politika vra\u010dila. <\/p>\n<p><b>2. <\/b>Za odpovedi v roku treh ur se zara\u010duna 50 USD za kritje stro\u0161kov obdelave in administrativnih stro\u0161kov, povezanih z obravnavo odpovedi.\nTa pristojbina se od\u0161teje od celotnega zneska vra\u010dila za odpoved. <\/p>\n<p>3. Stro\u0161ki po\u0161iljanja in digitalni izdelki niso vra\u010dljivi in bodo od\u0161teti od zneska vra\u010dila.<\/p>\n<p>4. Prav tako se od\u0161teje 30 USD za kritje pristojbin za pla\u010dilni prehod, ki so nam \u017ee bile zara\u010dunane.&nbsp;<\/p>\n<p><b>5. <\/b>Za preklic se \u010dim prej obrnite na na\u0161o slu\u017ebo za podporo strankam v roku treh ur.\nS podporo za stranke se lahko pove\u017eete tako, da odgovorite na e-po\u0161tno sporo\u010dilo o potrditvi naro\u010dila. <\/p>\n<p><strong>6.&nbsp;<\/strong> Po odobritvi zahtevka za preklic bo vra\u010dilo takoj obdelano, znesek pa bo povrnjen na prvotni na\u010din pla\u010dila.\nProsimo, upo\u0161tevajte \u010das do 14 delovnih dni, da se povra\u010dilo odrazi na va\u0161em ra\u010dunu. <\/p>\n<p>Z oddajo naro\u010dila pri nas potrjujete, da ste prebrali, razumeli in se strinjali z na\u0161im pravilnikom o stro\u0161kih odpovedi.<\/p>\n<p>\u010ce imate kakr\u0161na koli vpra\u0161anja ali pomisleke v zvezi z na\u0161im pravilnikom o storno pristojbinah, se za pomo\u010d obrnite na na\u0161o ekipo za podporo strankam.<\/p>\n<p>Zahvaljujemo se vam, da ste izbrali Fipmed.co. Cenimo va\u0161e razumevanje in sodelovanje. Vse najbolj\u0161e na va\u0161i poti v boju proti FIP.  &nbsp;<\/p>\t\t\t\t\t\t\t\t<\/div>\n\t\t\t\t<\/div>\n\t\t\t\t\t<\/div>\n\t\t<\/div>\n\t\t\t\t\t<\/div>\n\t\t<\/section>\n\t\t\t\t<\/div>\n\t\t","protected":false},"excerpt":{"rendered":"<p>Na\u0161a ekipa se potrudi, da bo va\u0161e naro\u010dilo poslano \u010dim hitreje. To je posledica \u010dasovne ob\u010dutljivosti vseh na\u0161ih izdelkov in prizadevamo si, da bi vse na\u0161e stranke dobavo prejele \u010dim prej. Zato vsak preklic po naro\u010dilu mo\u010dno ovira na\u0161 postopek. Vendar razumemo, da se lahko pojavijo okoli\u0161\u010dine, zaradi katerih morate preklicati naro\u010dilo kmalu po oddaji. [&hellip;]<\/p>\n","protected":false},"author":1,"featured_media":0,"parent":0,"menu_order":0,"comment_status":"closed","ping_status":"closed","template":"","meta":{"_glsr_average":0,"_glsr_ranking":0,"_glsr_reviews":0,"footnotes":""},"categories":[],"tags":[],"_links":{"self":[{"href":"https:\/\/fipmed.co\/sl\/wp-json\/wp\/v2\/pages\/28607"}],"collection":[{"href":"https:\/\/fipmed.co\/sl\/wp-json\/wp\/v2\/pages"}],"about":[{"href":"https:\/\/fipmed.co\/sl\/wp-json\/wp\/v2\/types\/page"}],"author":[{"embeddable":true,"href":"https:\/\/fipmed.co\/sl\/wp-json\/wp\/v2\/users\/1"}],"replies":[{"embeddable":true,"href":"https:\/\/fipmed.co\/sl\/wp-json\/wp\/v2\/comments?post=28607"}],"version-history":[{"count":1,"href":"https:\/\/fipmed.co\/sl\/wp-json\/wp\/v2\/pages\/28607\/revisions"}],"predecessor-version":[{"id":28608,"href":"https:\/\/fipmed.co\/sl\/wp-json\/wp\/v2\/pages\/28607\/revisions\/28608"}],"wp:attachment":[{"href":"https:\/\/fipmed.co\/sl\/wp-json\/wp\/v2\/media?parent=28607"}],"wp:term":[{"taxonomy":"category","embeddable":true,"href":"https:\/\/fipmed.co\/sl\/wp-json\/wp\/v2\/categories?post=28607"},{"taxonomy":"post_tag","embeddable":true,"href":"https:\/\/fipmed.co\/sl\/wp-json\/wp\/v2\/tags?post=28607"}],"curies":[{"name":"wp","href":"https:\/\/api.w.org\/{rel}","templated":true}]}}