{"id":28627,"date":"2023-11-06T06:42:04","date_gmt":"2023-11-06T06:42:04","guid":{"rendered":"https:\/\/fipmed.co\/how-do-cats-get-fip-what-causes-fip-in-cats\/"},"modified":"2023-11-06T06:42:04","modified_gmt":"2023-11-06T06:42:04","slug":"how-do-cats-get-fip-what-causes-fip-in-cats","status":"publish","type":"page","link":"https:\/\/fipmed.co\/sl\/how-do-cats-get-fip-what-causes-fip-in-cats\/","title":{"rendered":"Kako ma\u010dke zbolijo za FIP: Kaj povzro\u010da FIP pri ma\u010dkah?"},"content":{"rendered":"<h2>Kako ma\u010dke zbolijo za FIP?<\/h2>\n<p>Ma\u010dji koronavirus (FCoV) je glavni povzro\u010ditelj <a href=\"\/?page_id=6094\" target=\"_blank\" rel=\"noopener\">FIP pri ma\u010dkah<\/a>, \u010deprav so mo\u017eni tudi drugi na\u010dini prenosa.<\/p>\n<h3>Ma\u010dji koronavirus (FCoV)<\/h3>\n<p>Ma\u010dji koronavirus (FCoV) je pogosta virusna oku\u017eba med ma\u010dkami, ki obi\u010dajno ne povzro\u010da nobenih simptomov ali pa je lahko povezana le z blago drisko. Je zelo nalezljiva in se med ma\u010dkami v istem gospodinjstvu lahko \u0161iri z neposrednim in posrednim stikom ali po fekalno-oralni poti. FCoV je virus z ovojnico in enoveri\u017enim genomom RNK. \u0160tevilna priljubljena razku\u017eila lahko virus hitro inaktivirajo, saj je precej \u0161ibek. Ma\u010dke, ki \u017eivijo v tesnih prostorih ali v razmerah, ko je ve\u010d ma\u010dk, so bolj izpostavljene izpostavljenosti in prenosu. FCoV ni zoonotski virus, kar pomeni, da se z njim ljudje obi\u010dajno ne oku\u017eijo. Vendar je bilo nekaj poro\u010dil o oku\u017ebi ljudi. FCoV se najpogosteje \u0161iri s stikom s slino, nosnimi izlo\u010dki, iztrebki in z virusom oku\u017eenimi predmeti bolnih ma\u010dk. <\/p>\n<p><strong>FECV (ma\u010dji enteri\u010dni koronavirus):<\/strong><\/p>\n<p>Manj virulentna razli\u010dica virusa je FECV. Pri ma\u010dkah prizadene predvsem prebavila. Veliko oku\u017eenih ma\u010dk je asimptomatskih, kar pomeni, da nimajo klini\u010dnih znakov bolezni. Virus FECV lahko pri nekaterih bolnikih povzro\u010di zmerne prebavne simptome, kot je driska, vendar obi\u010dajno izgine brez zdravljenja. Ma\u010dke, oku\u017eene z virusom FECV, lahko virus izlo\u010dajo z blatom in tako lahko oku\u017eijo druge ma\u010dke.    <\/p>\n<p><strong>FIPV (virus ma\u010djega infekcioznega peritonitisa):<\/strong><\/p>\n<p>FIPV je najnevarnej\u0161i in najhuj\u0161i sev virusa, ki lahko povzro\u010di ma\u010dji infekciozni peritonitis (FIP). FIPV se lahko pojavi zaradi mutacije FECV pri isti \u017eivali. Prehod FIPV je slabo poznan in nanj lahko vplivajo razli\u010dne okoli\u0161\u010dine, vklju\u010dno z imunolo\u0161kim odzivom ma\u010dke. Ma\u010dke, oku\u017eene s FIPV, imajo lahko vro\u010dino, letargijo, izgubo telesne te\u017ee, napenjanje \u017eelodca (pri mokri obliki) in motnje v delovanju organov.   <\/p>\n<h2>Kako se prena\u0161a virus FIP?<\/h2>\n<p>FCoV se lahko \u0161iri z neposrednim stikom med ma\u010dkami, posredno kontaminacijo predmetov ali okolja, zau\u017eitjem iztrebkov, ki vsebujejo virus, in dihalnih kapljic oku\u017eene ma\u010dke.<\/p>\n<h3>Neposredni stik:<\/h3>\n<p>Ma\u010dke se lahko oku\u017eijo z ma\u010djim koronavirusom (FCoV) in nato razvijejo FIP zaradi tesnega in neposrednega stika z <a href=\"\/?page_id=899\" target=\"_blank\" rel=\"noopener\">oku\u017eeno ma\u010dko<\/a>. \u010ceprav lahko virus pre\u017eivi v razli\u010dnih okoljih, se ne prena\u0161a po zraku in za prenos z ene ma\u010dke na drugo potrebuje neposreden stik. To pomeni, da morajo ma\u010dke priti v stik z oku\u017eeno \u017eivaljo ali oku\u017eeno povr\u0161ino, da se virus lahko raz\u0161iri. Za <a href=\"\/?page_id=891\" target=\"_blank\" rel=\"noopener\">prenos FIP med ma\u010dkami<\/a> so bistvenega pomena negovanje, medsebojno vohanje, grizenje, deljenje posod za hrano in drugi tesni stiki, saj morajo biti v slini in drugih telesnih teko\u010dinah prisotne velike koli\u010dine virusa, da pride do oku\u017ebe. Pomembno je tudi opozoriti, da ta na\u010din prenosa ne zagotavlja oku\u017ebe; tudi ob neposredni izpostavljenosti se pri nekaterih ma\u010dkah morda ne bodo pojavili nobeni simptomi zaradi njihove genetske zasnove ali stanja imunskega sistema, ki zagotavlja odpornost proti virusu.<\/p>\n<h3>Posredni stik:<\/h3>\n<p>Virus se lahko prena\u0161a tudi posredno z oku\u017eenimi predmeti in okoljem. Virus lahko pod ustreznimi pogoji v okolju pre\u017eivi ve\u010d tednov. To pomeni, da se lahko ma\u010dka oku\u017ei, tudi \u010de ni imela neposrednega stika z oku\u017eeno ma\u010dko, \u010de pride v stik z virusom iz drugih virov. Ma\u010dke so lahko na primer izpostavljene virusu FIP s steljo ali posodami za hrano, onesna\u017eenimi z iztrebki oku\u017eene ma\u010dke, z drugimi ma\u010dkami, ki se praskajo in grizejo po ko\u017euhu ali se igrajo na obmo\u010djih, kjer je druga ma\u010dka odlo\u017eila ali odvrgla iztrebke, ki vsebujejo virus. Zato je izredno pomembno, da toaletne prostore, kot so strani\u0161\u010da, redno \u010distite s toplo vodo in milom (med uporabo ne pozabite zamenjati rokavic) ter pogosto menjate vpojne povr\u0161ine, kot so posteljnina in posode za hrano, ko se uma\u017eejo. Poleg tega je treba zagotoviti prehrano, bogato s hranili in antioksidanti, da bi podprli splo\u0161ni imunski sistem ma\u010dk in pove\u010dali njihovo obrambo pred oku\u017ebami, kot je FIP. <\/p>\n<h3>Fekalno-oralna pot:<\/h3>\n<p>Ma\u010dke se lahko oku\u017eijo z zau\u017eitjem virusa, ki se je izlo\u010dil z blatom oku\u017eene ma\u010dke. To se lahko zgodi, ko se ma\u010dka po stiku z oku\u017eenimi iztrebki ali steljo sama neguje. Zato je treba biti v gospodinjstvih z ve\u010d ma\u010dkami zelo previden, saj je dobra higiena klju\u010dnega pomena za zmanj\u0161anje tveganja izpostavljenosti FIP. Vsi lastniki morajo v svojem ma\u010djem gospodinjstvu redno izvajati ustrezno higieno: zagotoviti morajo redno \u010di\u0161\u010denje posodic za hrano, prepre\u010diti, da bi si ma\u010dke v hi\u0161i delile postelje in odeje, ter enkrat tedensko razku\u017eiti vse povr\u0161ine, do katerih bi lahko imele dostop; na primer namizne plo\u0161\u010de, postelje, ki \u0161e vedno niso vodotesne, ne segajo na mesta, kjer se bodo stekale odplake, itd. <\/p>\n<h3>Kapljice dihalnih poti:<\/h3>\n<p>Vendar se FIP lahko prena\u0161a tudi z ene ma\u010dke na drugo z dihalnimi kapljicami, ko oku\u017eena ma\u010dka kiha ali ka\u0161lja. \u010ceprav je prenos virulentnej\u0161e oblike ma\u010djih enteri\u010dnih koronavirusov (FCoV) prek dihal manj pogost kot drugi na\u010dini prenosa, kot je neposredni ali posredni stik, je \u0161e vedno mogo\u010de, da <a href=\"\/?page_id=885\" target=\"_blank\" rel=\"noopener\">zdrava ma\u010dka<\/a> vdihne virus, \u010de je dovolj blizu oku\u017eene \u017eivali, ko ta spro\u0161\u010da te ku\u017ene delce. <\/p>\n<p>&nbsp;<\/p>\n<h2>Dejavniki tveganja FIP:<\/h2>\n<p>Ma\u010dke, mlaj\u0161e od dveh let, starej\u0161e od desetih let, \u010distokrvne ali iz ma\u010djih legel, ki \u017eivijo v prenatrpanih okoljih, in tiste z oslabljenim imunskim sistemom so lahko bolj izpostavljene tveganju za razvoj FIP.<\/p>\n<h3>Starost: FIP se najpogosteje pojavlja pri ma\u010dkah, mlaj\u0161ih od 2 let in starej\u0161ih od 10 let.<br \/>\nZdi se, da so bolj ogro\u017eeni mladi\u010di in starej\u0161e ma\u010dke. <\/h3>\n<p>Mlaj\u0161e in starej\u0161e ma\u010dke imajo pogosto nezrel ali oslabljen imunski sistem, zaradi \u010desar so lahko bolj izpostavljene tveganju za razvoj FIP. Te starostne skupine so tudi pogosteje izpostavljene ma\u010djemu koronavirusu, saj lahko \u017eivijo v zaprtih prostorih z drugimi ma\u010dkami, hodijo ven na pustolov\u0161\u010dine ali prihajajo v stik z drugimi ma\u010dkami v zaveti\u0161\u010dih ali ma\u010djih vrtovih. <\/p>\n<h3>Pasma: Pri nekaterih pasmah, kot so \u010distokrvne ma\u010dke ali ma\u010dke iz ma\u010djih legel, je lahko tveganje za FIP ve\u010dje.<\/h3>\n<p>Za razvoj FIP so lahko \u0161e posebej nagnjene ma\u010dke iz ma\u010djih legel ali \u010distopasemskih linij. Pri abesinijcih, bengalkah, birmankah, himalajkah, ragdollih in rexih je tveganje za bolezen v primerjavi z drugimi ma\u010dkami bistveno ve\u010dje. Za druge pasme ma\u010dk, vklju\u010dno z burmanskimi, eksoti\u010dnimi kratkodlakimi, manksi, perzijskimi in ruskimi modrimi, je prav tako ugotovljeno, da so bolj dovzetne za FIP zaradi genetike in njihove ve\u010dje izpostavljenosti v vzrejnih programih. Menijo, da so zaradi nekaterih genetskih dejavnikov, povezanih s perzijskimi ma\u010dkami (in z njimi povezanimi pasmami), nekoliko manj sposobne obvladovati virus, ki povzro\u010da FIP, kot druge vrste ma\u010dk, zato so bolj dovzetne za oku\u017ebo, \u010de pridejo v stik z njim. Obstajajo dokazi, ki ka\u017eejo, da so perzijske ma\u010dke nosilke &#8220;predispozicijskih alelov&#8221; za to stanje, zaradi \u010desar so ob izpostavljenosti virusu, ki povzro\u010da FIP, ranljive, kar pomeni, da morajo lastniki teh pasem sprejeti ukrepe za bolj\u0161o za\u0161\u010dito pred \u0161irjenjem virusa med \u010dlani v gospodinjstvih z ve\u010d ma\u010dkami. <\/p>\n<h3>gne\u010da v bivalnih razmerah:<\/h3>\n<p>Ma\u010dke, ki \u017eivijo v gne\u010di ali stresnih razmerah, imajo ve\u010dje tveganje za stik z ma\u010djim koronavirusom, ki lahko povzro\u010di oku\u017ebo in posledi\u010dno razvoj FIP. Nekateri dejavniki tveganja, povezani z \u017eivljenjem v gne\u010di, vklju\u010dujejo bli\u017eino drugih ma\u010dk, skupne vire (kot so posode za hrano, strani\u0161\u010da in postelje) ter oslabljen imunski sistem zaradi stresa. Zlasti izpostavljenost drugim ma\u010dkam je pomemben dejavnik za prenos, saj oku\u017eene ma\u010dke virus izlo\u010dajo s svojo slino ali iztrebki. Tesen stik med ma\u010dkami omogo\u010da la\u017eje \u0161irjenje virusa. V gospodinjstvih z ve\u010d ma\u010dkami in zaveti\u0161\u010dih je pomembno zmanj\u0161ati mo\u017enosti prenosa s spodbujanjem dobrih higienskih praks, kot sta razku\u017eevanje povr\u0161in z gospodinjskim \u010distilom in redno umivanje rok med bo\u017eanjem razli\u010dnih ma\u010dk.<\/p>\n<h3>Genetika:<\/h3>\n<p>Nekatere ma\u010dke imajo lahko genetsko predispozicijo, zaradi katere so bolj dovzetne za razvoj FIP. To je lahko povezano z njihovim imunskim sistemom ali sposobnostjo obvladovanja ma\u010djega koronavirusa. Zaradi genetske zasnove je lahko ma\u010dka bolj ranljiva za oku\u017ebo, saj ne more prepoznati in se boriti proti napadalnim delcem virusa ali pa so njene celi\u010dne membrane manj odporne proti virusu. Zaradi njih so lahko nekatere celice pri ma\u010dkah dovzetne za imunski odziv, ki spro\u017ei vnetje, ki vodi v nadaljnjo po\u0161kodbo tkiva. Poleg tega nekatere ma\u010dke morda niso sposobne nadzorovati replikacije nevarnega seva ma\u010djega koronavirusa, povezanega s FIP, kar pove\u010duje njihovo dovzetnost za razvoj te bolezni. <\/p>\n<h3>Stres:<\/h3>\n<p>Stres negativno vpliva na imunski sistem ma\u010dk in zmanj\u0161uje njihovo sposobnost za boj proti oku\u017ebam. Ma\u010dke lahko postanejo stresne, ko se jim bistveno spremeni okolje ali rutina, kot je selitev ali seznanitev z novim hi\u0161nim ljubljen\u010dkom. Ko je ma\u010dka izpostavljena stresnim dejavnikom, njeno telo spro\u0161\u010da hormone, ki zavirajo proizvodnjo in delovanje nekaterih imunskih celic. Zaradi tega se zmanj\u0161a splo\u0161na zmogljivost imunskega sistema ma\u010dke, zato je bolj dovzetna ne le za FIP, temve\u010d tudi za druge bolezni, kot so bolezni, ki jih povzro\u010dajo paraziti in bakterije. Pomembno je, da se lastniki ma\u010dk zavedajo, kako lahko stres ogrozi ma\u010djo odpornost, in sprejmejo ukrepe za ubla\u017eitev njegovih u\u010dinkov, kadar je to mogo\u010de. \u010ce na primer v doma\u010de okolje uvajate novega hi\u0161nega ljubljen\u010dka ali dru\u017einskega \u010dlana, je najbolje, da to storite postopoma &#8211; tako da obstoje\u010di hi\u0161ni ljubljen\u010dki omogo\u010dite \u010das za po\u010dasno prilagajanje, ne da bi se izpostavljali prevelikemu pritisku. <\/p>\n<h3>Stanje imunskega sistema:<\/h3>\n<p>FeLV in FIV sta virusni oku\u017ebi, ki prizadeneta ma\u010dke in napadata njihov imunski sistem. Zato se ma\u010dke z oslabljenim imunskim sistemom zaradi obeh virusov pogosto te\u017eko borijo proti drugim boleznim, vklju\u010dno s FIP. Ma\u010dke z osnovnimi boleznimi, kot sta FeLV ali FIV, so lahko manj sposobne u\u010dinkovitega odziva proti koronavirusni oku\u017ebi, ko so ji izpostavljene, in bolj verjetno, da bodo podlegle razvoju bolezni. Tudi podhranjene ma\u010dke so dovzetne za razvoj FIP. <\/p>\n<h2>Na\u010dini za prepre\u010devanje FIP<\/h2>\n<p>Lastniki ma\u010dk lahko pomagajo zmanj\u0161ati tveganje, da bi njihove <a href=\"\/?page_id=891\" target=\"_blank\" rel=\"noopener\">ma\u010dke zbolele za FIP, z rednim cepljenjem<\/a>, spodbujanjem zdravega imunskega sistema ter ustreznimi higienskimi in sanitarnimi ukrepi.<\/p>\n<h3>Cepljenje<\/h3>\n<p>Cepljenje je eden glavnih na\u010dinov za zmanj\u0161anje tveganja, da ma\u010dka zboli za FIP. Na voljo so cepiva za za\u0161\u010dito pred ma\u010djim koronavirusom (FCoV), ki lahko pri ma\u010dkah povzro\u010di FIP. Ta cepiva morda niso popolnoma u\u010dinkovita pri prepre\u010devanju oku\u017ebe, vendar lahko zmanj\u0161ajo mo\u017enost, da se pri izpostavljeni ma\u010dki razvije klini\u010dna bolezen in hudi simptomi, povezani s FIP. Pomembno je opozoriti, da imajo nekatere ma\u010dke morda \u017ee protitelesa zaradi predhodne izpostavljenosti in bodo bolj verjetno odporne na cepljenje; vendar se zdi, da je pri ma\u010dkah, ki so v \u010dasu cepljenja seronegativne na FCoV, veliko manj verjetno, da bodo ob\u010dutile ali pokazale pomembne simptome, \u010de se bodo kasneje oku\u017eile. <\/p>\n<h3>Spodbujanje zdravega imunskega sistema<\/h3>\n<p>\u010ce ohranjate zdrav imunski sistem ma\u010dke, lahko prepre\u010dite FIP. Pravilna prehrana je bistvenega pomena za dobro zdravje in mo\u010dan imunski sistem. Ma\u010dke je treba hraniti z visokokakovostno, vrsti primerno prehrano, ki ne vsebuje polnil in stranskih proizvodov. Omejitev koli\u010dine suhe hrane v prehrani lahko pomaga zmanj\u0161ati vnetja, ki jih povzro\u010dajo ogljikovi hidrati v prehrani, in druge bolezni, povezane z neustrezno prehrano, kot so debelost, sladkorna bolezen in oku\u017ebe se\u010dil (UTI). Redni telesni pregledi pri veterinarju lahko zagotovijo, da bo va\u0161 hi\u0161ni ljubljen\u010dek ostal zdrav in da bodo morebitne zdravstvene te\u017eave ugotovljene zgodaj. Redno cepljenje proti pogostim ma\u010djim boleznim, kot sta garje in steklina, bo prav tako zmanj\u0161alo tveganje oku\u017eb, povezanih s temi boleznimi. \u010ce ma\u010dke \u017eivijo v okolju, ki je nagnjeno k stresu ali prenatrpanosti, na primer v gospodinjstvih z ve\u010d ma\u010dkami ali v zaveti\u0161\u010dih in re\u0161evalnih ustanovah, je morda koristno, da poskusite zagotoviti igra\u010de in praskalnike za obogatitev dejavnosti ter dovolj prostora med posameznimi \u017eivalmi.  <\/p>\n<h3>Higienski in sanitarni ukrepi<\/h3>\n<p>Pomembno je, da lastniki ma\u010dk posebno pozornost namenijo izvajanju higienskih in sanitarnih ukrepov v okolici svojih ma\u010dk, da bi zmanj\u0161ali tveganje za FIP. Redno \u010di\u0161\u010denje strani\u0161\u010d, posodic za hrano in vodo, stelje, povr\u0161in, igra\u010d in prena\u0161alcev bo pomagalo zmanj\u0161ati stik z virusom. Prav tako se bo zmanj\u0161ala mo\u017enost prenosa virusa, \u010de boste po rokovanju s potencialno oku\u017eenimi predmeti dobro umivali roke. V gospodinjstvih z ve\u010d hi\u0161nimi ljubljen\u010dki ali zaveti\u0161\u010dih je morda koristno imeti lo\u010dene prostore, ki jih uporabljajo samo posamezne ma\u010dke, da se prepre\u010di navzkri\u017ena kontaminacija. Pri oskrbi bolne ma\u010dke si med vsemi stiki do konca zdravljenja raje omislite rokavice za enkratno uporabo. Vzdr\u017eevanje \u010distih prostorov brez iztrebkov in drugih odpadkov ter zagotavljanje sve\u017ee hrane lahko dodatno zmanj\u0161a \u0161irjenje oku\u017ebe z ene \u017eivali na drugo. <\/p>\n<h2>Zaklju\u010dek<\/h2>\n<p>Ma\u010dji infekciozni peritonitis (FIP) je huda virusna bolezen pri ma\u010dkah, za katero ni znanega zdravila. Obi\u010dajno jo povzro\u010da mutirani sev ma\u010djega koronavirusa, zato je pogosto smrtna in lahko prizadene ma\u010dke vseh starosti in pasem. Da bi zmanj\u0161ali tveganje za razvoj tega iz\u010drpavajo\u010dega virusa pri va\u0161i ma\u010dki, priporo\u010damo cepljenje ter ukrepe za spodbujanje zdravega imunskega sistema in vzdr\u017eevanje ustrezne higiene in sanitarij. Pomembno je, da se zavedate, da \u010deprav FIP morda nikoli ne bomo popolnoma izkoreninili, lahko z upo\u0161tevanjem dobrih preventivnih ukrepov za\u0161\u010ditite svojo ma\u010dko pred oku\u017ebo, kar ji lahko prihrani trpljenje in \u017eivljenje.<\/p>\n","protected":false},"excerpt":{"rendered":"<p>Kako ma\u010dke zbolijo za FIP? Ma\u010dji koronavirus (FCoV) je glavni povzro\u010ditelj FIP pri ma\u010dkah, \u010deprav so mo\u017eni tudi drugi na\u010dini prenosa. Ma\u010dji koronavirus (FCoV) Ma\u010dji koronavirus (FCoV) je pogosta virusna oku\u017eba med ma\u010dkami, ki obi\u010dajno ne povzro\u010da nobenih simptomov ali pa je lahko povezana le z blago drisko. Je zelo nalezljiva in se med ma\u010dkami [&hellip;]<\/p>\n","protected":false},"author":1,"featured_media":28628,"parent":0,"menu_order":0,"comment_status":"closed","ping_status":"closed","template":"","meta":{"_glsr_average":0,"_glsr_ranking":0,"_glsr_reviews":0,"footnotes":""},"categories":[1172],"tags":[],"_links":{"self":[{"href":"https:\/\/fipmed.co\/sl\/wp-json\/wp\/v2\/pages\/28627"}],"collection":[{"href":"https:\/\/fipmed.co\/sl\/wp-json\/wp\/v2\/pages"}],"about":[{"href":"https:\/\/fipmed.co\/sl\/wp-json\/wp\/v2\/types\/page"}],"author":[{"embeddable":true,"href":"https:\/\/fipmed.co\/sl\/wp-json\/wp\/v2\/users\/1"}],"replies":[{"embeddable":true,"href":"https:\/\/fipmed.co\/sl\/wp-json\/wp\/v2\/comments?post=28627"}],"version-history":[{"count":0,"href":"https:\/\/fipmed.co\/sl\/wp-json\/wp\/v2\/pages\/28627\/revisions"}],"wp:featuredmedia":[{"embeddable":true,"href":"https:\/\/fipmed.co\/sl\/wp-json\/wp\/v2\/media\/28628"}],"wp:attachment":[{"href":"https:\/\/fipmed.co\/sl\/wp-json\/wp\/v2\/media?parent=28627"}],"wp:term":[{"taxonomy":"category","embeddable":true,"href":"https:\/\/fipmed.co\/sl\/wp-json\/wp\/v2\/categories?post=28627"},{"taxonomy":"post_tag","embeddable":true,"href":"https:\/\/fipmed.co\/sl\/wp-json\/wp\/v2\/tags?post=28627"}],"curies":[{"name":"wp","href":"https:\/\/api.w.org\/{rel}","templated":true}]}}