{"id":28635,"date":"2022-12-02T07:50:40","date_gmt":"2022-12-02T07:50:40","guid":{"rendered":"https:\/\/fipmed.co\/nutritional-supplements-for-cats-with-fip\/"},"modified":"2022-12-02T07:50:40","modified_gmt":"2022-12-02T07:50:40","slug":"nutritional-supplements-for-cats-with-fip","status":"publish","type":"page","link":"https:\/\/fipmed.co\/sl\/nutritional-supplements-for-cats-with-fip\/","title":{"rendered":"Prehranski dodatki za ma\u010dke s FIP"},"content":{"rendered":"<p>Priporo\u010dljivo je, da svoji ma\u010dki dajete vitamine in dodatke, da bodo ledvice in jetra med <a href=\"https:\/\/fipmed.co\/fip-treatment\/\" target=\"_blank\" rel=\"noopener\">zdravljenjem FIP<\/a> zdrava in mo\u010dna. Zdravi notranji organi pove\u010dajo sposobnost telesa, da se upre oku\u017ebam in okreva po bolezni. Trenutno ni znanih ne\u017eelenih stranskih u\u010dinkov, kadar se vitamini in prehranski dodatki za ma\u010dke dajejo poleg zdravila GS-441524 med zdravljenjem FIP.  <\/p>\n<h2><strong>Vitamini za ma\u010dke<\/strong><\/h2>\n<p><a href=\"\/?page_id=907\" target=\"_blank\" rel=\"noopener\">Vitamin B12<\/a>: subkutane injekcije B12, ki so zelo varne za dajanje, se lahko ma\u010dkam dajejo tedensko, da pomagajo v boju proti slabokrvnosti in podpirajo imunski sistem. Z zdravilom Pet Tinic ali primerljivim izdelkom lahko vsakodnevno dajete vitaminsko pomo\u010d. B12 se obi\u010dajno nahaja v \u017eivilih \u017eivalskega izvora, kot so meso, ribe, jajca in jetra. Vendar se pri ma\u010dki s <a href=\"\/?page_id=14932\" target=\"_blank\" rel=\"noopener\">FIP<\/a> zaloge hitro iz\u010drpajo in jih je treba dopolniti. Vitamin B12 pomaga pri nastajanju in vzdr\u017eevanju rde\u010dih krvni\u010dk.<\/p>\n<ul>\n<li>B12 ohranja zdravje nevrolo\u0161kega sistema (\u017eiv\u010dnih celic in normalne mielinizacije &#8211; ma\u0161\u010dobne ovojnice, ki pokrivajo in \u0161\u010ditijo \u017eiv\u010dne kon\u010di\u010de). Za \u017eiv\u010dne in kognitivne procese je klju\u010dnega pomena. <\/li>\n<li>B12 skrbi za zdravje \u010drevesja, da se zagotovi ustrezna prebava in absorpcija hrane ter presnova ma\u0161\u010dob in ogljikovih hidratov.<\/li>\n<\/ul>\n<h2><strong>Prehranski dodatki za ma\u010dke s FIP<\/strong><\/h2>\n<p><strong>Gabapentin<\/strong>: 60 do 90 minut pred injiciranjem lahko peroralno zau\u017eijete blag analgetik. Ob pravilnem dajanju bo le za\u010dasno ubla\u017eil nelagodje ob injiciranju, ne da bi se va\u0161a ma\u010dka po\u010dutila zaspano ali uspavano. <strong>Lidokainska krema<\/strong>: To lahko ma\u010dki vtremo na ko\u017eo 30 minut pred injiciranjem zdravila GS441, da zmanj\u0161amo ob\u010dutek zbadanja. Uporabite samo kremo brez aloe, saj so ma\u010dke za aloe izredno strupene. <strong>Koruza spolzkega breza<\/strong>: Sirup iz lubja spolzkega bresta je povsem naravno zdravilo za slabost, bruhanje in druga stanja. <strong>Denamarin<\/strong>: dopolnilo za ma\u010dja jetra Denamarin Tablete pove\u010duje raven antioksidantov. <strong>Silimarin (pegastega badlja):<\/strong> Ta naravni dodatek, ki je znan po tem, da krepi in ohranja jetra, uporabite za izbolj\u0161anje zdravja jeter va\u0161e ma\u010dke. <\/p>\n<p><u>Pri zdravljenju FIP z zdravilom GS411 je priporo\u010dljivo, da ma\u010dki dajete denamarin ali silimarin, da zagotovite najve\u010djo mo\u017eno podporo jetrom.<\/u><\/p>\n<h2><strong>Ma\u010dkam s FIP ne dajejte L-lizina<\/strong><\/h2>\n<p>\u010ceprav se L-lizin pogosto uporablja pri ma\u010djem herpesvirusu in kot sredstvo za krepitev imunskega sistema, so nove raziskave pokazale, da nima jasnih prednosti. Poleg tega ma\u010dke FCoV+, ma\u010dke s tveganjem za razvoj FIP in ma\u010dke s FIP ne smejo jemati L-lizina. <\/p>\n<h2><strong>Moducare in imunski sistem<\/strong><\/h2>\n<p>Imuniteta je klju\u010dnega pomena. Najbolj\u0161a za\u0161\u010dita pred vsako boleznijo je mo\u010dan imunski sistem. Klju\u010dnega pomena je vzpostaviti in vzdr\u017eevati mo\u010dan imunski sistem. Zdravilo Moducare po potrebi pomaga pri prilagajanju odziva imunskega sistema.   <\/p>\n<h2><strong>Prehrana za ma\u010dko s FIP<\/strong><\/h2>\n<p>Ma\u010dke s FIP hranite z nekaj sardel, lososa, sardin ali drugih rib, bogatih z omega-3. Pove\u010dajte vnos protivnetnih ma\u0161\u010dobnih kislin omega 3 iz ma\u010dje prehrane. Prave ribe so na voljo v konzervah Applaws in Almo Nature. Vendar bodite pozorni na mo\u017enost hipervitaminoze A (prekomerno odlaganje kosti v sklepih) in si po 6 tednih ponovno oglejte stanje, \u010de hranite preve\u010d pravih rib. Ne pozabite ma\u010djemu skrbniku dati navodil, kako postopoma zamenjati hrano v nekaj tednih; sicer bo ma\u010dka nekaj dni po\u017eirala novo hrano, nato pa se je bo naveli\u010dala in se je ne bo ve\u010d dotaknila! Dajanje nove hrane za en obrok, vrnitev k ma\u010dkini obi\u010dajni prehrani za naslednjih nekaj obrokov, nato ponovna ponudba majhne koli\u010dine nove hrane in tako naprej, postopno pove\u010devanje pogostosti nove hrane, dokler postanejo obroki z drugo hrano pri vsakem obroku za ma\u010dko rutina. Za u\u010dinkovito uvajanje novih obrokov je potreben vsaj mesec dni. Tudi surova hrana, kot je surova govedina, je polna hranilnih snovi, ki jih ma\u010dka potrebuje. Vsak obrok ji ponudite surovo meso (najbolj\u0161e je goveje). Vsebuje veliko protivnetnih lastnosti in krepi imunski sistem va\u0161e ma\u010dke.  <\/p>\n<h2><strong>Dodatni VITAMINI, ki jih lahko dobi ma\u010dka s FIP<\/strong><\/h2>\n<p><strong>Vitamin A (neobvezno)  <\/strong><\/p>\n<p>Vitamin A je antioksidant. Dodajanje vitamina A ni potrebno pri ma\u010dkah, ki pogosto prejemajo ribje obroke. Ma\u010dke ne morejo presnavljati betakarotena, zato morajo vitamin A dobivati v obliki rib ali ribjega olja, kot je olje jeter morske plo\u0161\u010de. V prehrano je bolje vklju\u010diti prave ribe kot le dodatke. Hipervitaminoza A pa povzro\u010di prekomerno nalaganje kosti v sklepih, zato se izogibajte njegovi dosledni uporabi dlje kot 4-6 tednov.    <\/p>\n<p><strong>kompleks vitamina B (neobvezno)  <\/strong><\/p>\n<p>Multivitamin B je dobro sredstvo za spodbujanje apetita, ki je na voljo v lekarnah ali trgovinah z zdravo prehrano. Tiamin, vitamin B1 (neobvezno &#8211; \u010de ne dajete kompleksa B), ki se daje peroralno (tj. skozi usta ali v hrani). <\/p>\n<p><strong>Vitamin C (askorbinska kislina) (neobvezno)  <\/strong><\/p>\n<p>Vitamin C je antioksidant. Vitamin C se sme uporabljati le nekaj tednov, saj lahko pri dalj\u0161em jemanju povzro\u010di nastanek oksalatnih kristalov v urinu. Odmerek: 125 miligramov peroralno ali s hrano dvakrat na dan. Glede na vse to bi morali biti lastniki ma\u010dk bolj odprti za zamisel, da bi svojim ma\u010dkam dajali dodatke za pomo\u010d pri zdravljenju FIP, saj lahko ti razli\u010dni dodatki pripomorejo k zdravju njihovih ma\u010dk. Vendar ne pozabite, da niso vsi dodatki popolnoma brez tveganja, saj imajo lahko razli\u010dne rezultate, ki so odvisni od odmerka dodatka in telesne zgradbe posamezne ma\u010dke.<\/p>\n","protected":false},"excerpt":{"rendered":"<p>Priporo\u010dljivo je, da svoji ma\u010dki dajete vitamine in dodatke, da bodo ledvice in jetra med zdravljenjem FIP zdrava in mo\u010dna. Zdravi notranji organi pove\u010dajo sposobnost telesa, da se upre oku\u017ebam in okreva po bolezni. Trenutno ni znanih ne\u017eelenih stranskih u\u010dinkov, kadar se vitamini in prehranski dodatki za ma\u010dke dajejo poleg zdravila GS-441524 med zdravljenjem FIP. [&hellip;]<\/p>\n","protected":false},"author":11,"featured_media":28639,"parent":0,"menu_order":0,"comment_status":"closed","ping_status":"closed","template":"","meta":{"_glsr_average":0,"_glsr_ranking":0,"_glsr_reviews":0,"footnotes":""},"categories":[1172],"tags":[1173,1203],"_links":{"self":[{"href":"https:\/\/fipmed.co\/sl\/wp-json\/wp\/v2\/pages\/28635"}],"collection":[{"href":"https:\/\/fipmed.co\/sl\/wp-json\/wp\/v2\/pages"}],"about":[{"href":"https:\/\/fipmed.co\/sl\/wp-json\/wp\/v2\/types\/page"}],"author":[{"embeddable":true,"href":"https:\/\/fipmed.co\/sl\/wp-json\/wp\/v2\/users\/11"}],"replies":[{"embeddable":true,"href":"https:\/\/fipmed.co\/sl\/wp-json\/wp\/v2\/comments?post=28635"}],"version-history":[{"count":0,"href":"https:\/\/fipmed.co\/sl\/wp-json\/wp\/v2\/pages\/28635\/revisions"}],"wp:featuredmedia":[{"embeddable":true,"href":"https:\/\/fipmed.co\/sl\/wp-json\/wp\/v2\/media\/28639"}],"wp:attachment":[{"href":"https:\/\/fipmed.co\/sl\/wp-json\/wp\/v2\/media?parent=28635"}],"wp:term":[{"taxonomy":"category","embeddable":true,"href":"https:\/\/fipmed.co\/sl\/wp-json\/wp\/v2\/categories?post=28635"},{"taxonomy":"post_tag","embeddable":true,"href":"https:\/\/fipmed.co\/sl\/wp-json\/wp\/v2\/tags?post=28635"}],"curies":[{"name":"wp","href":"https:\/\/api.w.org\/{rel}","templated":true}]}}