{"id":28638,"date":"2023-11-06T06:56:11","date_gmt":"2023-11-06T06:56:11","guid":{"rendered":"https:\/\/fipmed.co\/is-fip-contagious-how-is-fip-transmitted\/"},"modified":"2023-11-06T06:56:11","modified_gmt":"2023-11-06T06:56:11","slug":"is-fip-contagious-how-is-fip-transmitted","status":"publish","type":"page","link":"https:\/\/fipmed.co\/sl\/is-fip-contagious-how-is-fip-transmitted\/","title":{"rendered":"Ali je FIP nalezljiva: kako se prena\u0161a FIP?"},"content":{"rendered":"<p>Ali je FIP nalezljiva? \u010ceprav FIP ni tako nalezljiva kot nekatere druge ma\u010dje bolezni, je \u0161e vedno nalezljiv virus, zato se mora vsak lastnik ma\u010dke zavedati morebitnih tveganj. <\/p>\n<h3>Ma\u010dji infekciozni peritonitis (FIP) na splo\u0161no velja za manj nalezljivega kot nekatere druge pogoste ma\u010dje infekcijske bolezni.<\/h3>\n<p>V primerjavi z drugimi nalezljivimi boleznimi, ki so jim ma\u010dke lahko izpostavljene, je verjetnost prenosa FIP manj\u0161a. Ma\u010dji infekciozni peritonitis (FIP) je posledica oku\u017ebe z ma\u010djim koronavirusom (FCoV). \u010ceprav je ta virus nalezljiv in se lahko prena\u0161a z ma\u010dke na ma\u010dko, na splo\u0161no velja, da je manj nalezljiv od tistih, povezanih z oku\u017ebami zgornjih dihal ali posebno smrtonosno panleukopenijo. Opozoriti je treba tudi, da FIP ne prizadene vseh ma\u010dk, tudi \u010de so mu izpostavljene; dejavniki, kot so starost, pasma, genetika, stopnja stresa in \u0161tevilni drugi, vplivajo na to, kako verjetno je, da bodo po izpostavljenosti zbolele. <\/p>\n<h2>Vrste virusov FIP<\/h2>\n<p>Ma\u010dji infekciozni peritonitis (FIP) povzro\u010data dva razli\u010dna virusa, ma\u010dji enteri\u010dni koronavirus (FECV) in ma\u010dji koronavirus tipa 2 (FCoV).<\/p>\n<h3>FECV<\/h3>\n<p>Ma\u010dji koronavirus (FCoV) je zelo nalezljiv virus, povezan z ma\u010djim infekcijskim peritonitisom (FIP). Virus se lahko izlo\u010da z iztrebki <a href=\"\/?page_id=899\" target=\"_blank\" rel=\"noopener\">oku\u017eenih ma\u010dk<\/a>, do prenosa pa ve\u010dinoma pride z neposrednim stikom s temi izlo\u010dki ali povr\u0161inami, ki jih vsebujejo. Zaradi tega je zrel za \u0161irjenje s fomitnim prenosom ali prenosom mikrobov med povr\u0161inami in prsti v usta. Da bi zmanj\u0161ali dovzetnost va\u0161e ma\u010dke za oku\u017ebo z virusom FCoV, vedno izvajajte dobre higienske navade. \u010ce je le mogo\u010de, posku\u0161ajte zmanj\u0161ati tudi raven stresa &#8211; po potrebi imejte ve\u010d ma\u010dk v lo\u010denih sobah -, saj so \u0161tudije pokazale, da so ma\u010dke, ki so pod ve\u010djim stresom, zaradi oslabljenega imunskega sistema bolj nagnjene k boleznim, kot je FIP. <\/p>\n<h3>FCoV<\/h3>\n<p>Ma\u010dji koronavirus, obi\u010dajno imenovan FCoV, je nalezljiv virusni patogen iz dru\u017eine Coronaviridae. \u010ceprav je FCoV razmeroma pogost vzrok blage in samoomejujo\u010de gastrointestinalne bolezni pri ma\u010dkah, ga lahko oku\u017eene ma\u010dke ob\u010dasno prena\u0161ajo ve\u010d mesecev ali celo let. Virus ima nizko vrstno specifi\u010dnost, kar pomeni, da so za oku\u017ebo s tem virusom lahko dovzetne tudi druge \u017eivali, kot so psi ali divje \u017eivali. FCoV se najpogosteje \u0161iri z neposrednim stikom med dvema ma\u010dkama, pri \u010demer brezsimptomni prena\u0161alec nevede prenese bolezen na drugo ma\u010dko. Virus se lahko v organizem prenese tudi posredno z oku\u017eenimi predmeti, kot so posode za hrano in vodo ali igra\u010de, ki si jih deli ve\u010d ma\u010dk, ki \u017eivijo pod eno streho. Mo\u017eno je celo, da delci iz dihalnih prostorov, kot so dlaka iz ko\u017euha in dihalne teko\u010dine, ki vsebujejo veliko delcev virusa, \u0161irijo povzro\u010ditelje oku\u017ebe, \u010de jih vdihavajo okoli\u0161ke ma\u010dje \u017eivali. <\/p>\n<p>&nbsp;<\/p>\n<h2>Tukaj je splo\u0161na primerjava nalezljivosti FIP z nekaterimi drugimi nalezljivimi boleznimi pri ma\u010dkah:<\/h2>\n<p>FIP na splo\u0161no velja za manj nalezljivo od panleukopenije, oku\u017eb zgornjih dihal, FIV in FeLV.<\/p>\n<h3>Ma\u010dja panleukopenija (ma\u010dja kuga)<\/h3>\n<p>Ma\u010dja panleukopenija, znana tudi kot ma\u010dja kuga, je nalezljiva virusna oku\u017eba pri ma\u010dkah, ki jo povzro\u010da ma\u010dji parvovirus. Ve\u010dinoma prizadene mladi\u010de in necepljene ma\u010dke, vendar lahko oku\u017ei vse starosti in pasme ma\u010dk. Virus je prisoten v vseh izlo\u010dkih, zlasti v iztrebkih, kar pomeni, da se lahko zelo enostavno prenese z ma\u010dke na ma\u010dko z neposrednim ali posrednim stikom. Klini\u010dni znaki se razlikujejo glede na sev virusa in starost obolele ma\u010dke, vendar so lahko simptomi naslednji: vro\u010dina ali nizka temperatura, letargija\/depresija, izguba apetita in bruhanje z drisko, ki vsebuje kri, kar so pogosti pokazatelji oku\u017ebe s FPlV. V nekaterih primerih je lahko bolezen celo smrtna, \u010de ni pravilno diagnosticirana in takoj zdravljena. Tega stanja ne smete zamenjevati s ma\u010djim infekcijskim peritonitisom (FIP), \u010deprav imata podobne simptome, gre za dva razli\u010dna virusa, ki razli\u010dno prizadeneta ma\u010dke. <\/p>\n<h3>Oku\u017ebe zgornjih dihal<\/h3>\n<p>Oku\u017ebe zgornjih dihal so najpogostej\u0161a nalezljiva bolezen pri ma\u010dkah. Tako kot druge bolezni lahko tudi URI povzro\u010dijo \u0161tevilni virusi in bakterije, vklju\u010dno s kalicivirusi, herpesvirusi, adenovirusi, Bordetella bronchiseptica in Chlamydophila felis. Simptomi so lahko kihanje ali ka\u0161ljanje, zama\u0161en nos ali izcedek iz njega, rde\u010dina ali izcedek iz o\u010di, pomanjkanje apetita, vro\u010dina, letargija, razjede v predelu ust in \u017erela ter dehidracija. \u010ceprav je redkej\u0161i od drugih oku\u017eb zgornjih dihal, je s to oku\u017ebo v\u010dasih povezan tudi virus ma\u010dje levkemije (FeLV), \u010deprav sam ne povzro\u010da nobenih simptomov. Najpogostej\u0161i na\u010din, kako se ma\u010dke oku\u017eijo z oku\u017ebo zgornjih dihal, je neposreden ali posreden stik z drugo oku\u017eeno ma\u010dko &#8211; na primer medsebojno negovanje med igro ali souporaba posodice za hrano\/le\u017ei\u0161\u010da &#8211; vendar se lahko oku\u017eba prenese tudi po zraku z oku\u017eenimi predmeti, na primer s pra\u0161nimi delci, ki jih razna\u0161a veter in prena\u0161ajo povzro\u010ditelja oku\u017ebe. <\/p>\n<h3>Virus ma\u010dje imunske pomanjkljivosti (FIV) in virus ma\u010dje levkemije (FeLV)<\/h3>\n<p>Gre za dva retrovirusa, ki napadata ma\u010dje celice, vklju\u010dene v imunski odziv, zaradi \u010desar so ma\u010dke bolj dovzetne za druge oku\u017ebe. FIV se najpogosteje prena\u0161a z globokimi ugrizi, medtem ko se FeLV ve\u010dinoma prena\u0161a z matere na ma\u010dko ali s slino in nosnimi izlo\u010dki. Oba virusa lahko povzro\u010dita zmanj\u0161anje imunosti, kar vodi v pove\u010dano tveganje za trdovratne in ponavljajo\u010de se oportunisti\u010dne oku\u017ebe, kot soS kinneria turicensis, Bartonella henselae, Stomatitis Virus (FHV) incalisilitis. Oba sta znana po tem, da povzro\u010data sindrom imunske pomanjkljivosti (podoben virusu HIV\/aidsu pri ljudeh), ki zmanj\u0161uje naravno odpornost ma\u010dk proti boleznim, kot so rak in bakterijske bolezni. <\/p>\n<p>&nbsp;<\/p>\n<h2>Kako se prena\u0161a virus FIP?<\/h2>\n<p>FIP se obi\u010dajno \u0161iri z neposrednim in posrednim stikom, po fekalno-oralni poti ter z dihalnimi kapljicami. Preberite ve\u010d, da boste bolje razumeli, kako lahko prizadene va\u0161o ma\u010dko, in poskrbite za previdnostne ukrepe! <\/p>\n<h3>Neposredni stik<\/h3>\n<p>Neposreden stik je najpreprostej\u0161i in najpogostej\u0161i na\u010din, kako <a href=\"\/?page_id=870\" target=\"_blank\" rel=\"noopener\">se lahko ma\u010dka oku\u017ei s FIP<\/a>. Z neposrednim stikom, na primer z medsebojnim negovanjem in deljenjem posode za hrano ali strani\u0161\u010da, lahko oku\u017eena ma\u010dka prenese svoj virus neposredno na drugo ma\u010dko. Poleg tega se lahko oku\u017ei tudi s tesnej\u0161imi fizi\u010dnimi stiki, kot je tuljenje z lastniki, ki so bili pred kratkim v stiku z ma\u010dkami, za katere je znano, da prena\u0161ajo virus FCoV. Drug pomemben dejavnik so kihajo\u010de kapljice, ki prena\u0161ajo FCoV z ene ma\u010dke na drugo. \u010ceprav je ta oblika prenosa v primerjavi z drugimi oku\u017ebami manj pogosta, \u0161e vedno ostaja eden od na\u010dinov \u0161irjenja oku\u017ebe med \u017eivalmi. Zato je pomembno, da lastniki hi\u0161nih ljubljen\u010dkov svoje ljubljen\u010dke nau\u010dijo pravilnih higienskih navad in so vedno pozorni, ko se crkljajo s svojimi ma\u010dkami. <\/p>\n<h3>Posredni stik<\/h3>\n<p>Pri prenosu ma\u010djega infekcijskega peritonitisa (FIP) lahko pomembno vlogo igra posredni stik. Gre za stik z oku\u017eenimi povr\u0161inami ali predmeti, ki se jih je dotaknila oku\u017eena ma\u010dka, t. i. fomiti. Fomiti, kot so obla\u010dila, igra\u010de in oprema za nego, lahko kontaminirajo ma\u010dji ko\u017euh in prenesejo virus za kratek \u010das, preden se s teh povr\u0161in izgubi. Ker ma\u010dke pogosto negujejo sebe in druge ma\u010dke, so na ta na\u010din izpostavljene tveganju oku\u017ebe, tudi \u010de ni pri\u0161lo do neposrednega stika med njimi. Virus se lahko prena\u0161a tudi posredno s stikom z mokrimi snovmi, kot so posode za vodo, vendar se lahko prena\u0161ajo tudi suhe snovi, kot je stelja, \u010de so delci sline ali iztrebkov pri\u0161li v stik s katero koli povr\u0161ino, ki se je nato dotakne druga ma\u010dka. Gospodinjstva z ve\u010d ma\u010dkami ali gne\u010da so lahko \u0161e posebej nagnjena k posrednemu prenosu virusa, saj je veliko povr\u0161in, na katerih lahko pogosto pride do kontaminacije. <\/p>\n<h3>Fekalno-oralna pot<\/h3>\n<p>Fekalno-oralni na\u010din je eden najpogostej\u0161ih na\u010dinov prenosa FIP pri ma\u010dkah. Ma\u010dji koronavirus (FCoV) je mogo\u010de najti v slini oku\u017eenih ma\u010dk, vendar se primarno \u0161iri s stikom z iztrebki, ki jih je oku\u017eila oku\u017eena ma\u010dka. Ta vrsta prenosa se zgodi, ko neoku\u017eena ma\u010dka zau\u017eije material, ki je pri\u0161el v stik z virusnim kompleksom iz strani\u0161\u010da ali druge povr\u0161ine, kot so posode za hrano in stelja. Zaradi nalezljive narave oku\u017ebe se v gne\u010di zaradi visoke stopnje kontaminacije z iztrebki pove\u010da tveganje prenosa. V gospodinjstvih z ve\u010d ma\u010dkami morajo lastniki svoje ma\u010dke lo\u010diti in jim zagotoviti individualno nego in pozornost, kadar koli je to mogo\u010de. To pomeni, da je treba vsaki ma\u010dki zagotoviti lastno strani\u0161\u010de, ki omogo\u010da enostaven dostop za \u010di\u0161\u010denje po uporabi. Prav tako je pomembno, da ne pozabite ne le na redno \u010di\u0161\u010denje, temve\u010d tudi na tedensko razku\u017eevanje povr\u0161in, ki jih uporabljajo vse ma\u010dke v gospodinjstvih z ve\u010d ma\u010dkami, da \u0161e dodatno zmanj\u0161ate mo\u017enost prenosa. <\/p>\n<h3>Dihalne kapljice<\/h3>\n<p>FIP se redko \u0161iri s kihanjem ali ka\u0161ljanjem z dihalnimi kapljicami. Virus se lahko prena\u0161a po zraku in oku\u017ei okolico ma\u010dke, vendar je za prenos z ene \u017eivali na drugo potreben tesen stik. Ma\u010dke, ki \u017eivijo v gne\u010di, kot so zaveti\u0161\u010da ali kolonije, so zaradi bli\u017eine med \u017eivalmi bolj ogro\u017eene, da se oku\u017eijo s <a href=\"\/?page_id=891\" target=\"_blank\" rel=\"noopener\">FIP<\/a> na <a href=\"\/?page_id=891\" target=\"_blank\" rel=\"noopener\">ta na\u010din<\/a>. Kadar ljudje ravnajo z oku\u017eenimi ma\u010dkami, morajo izvajati dobro osebno higieno, zlasti kadar kihajo in ka\u0161ljajo v bli\u017eini drugih ma\u010dk, ki imajo ni\u017ejo stopnjo imunosti in so lahko bolj nagnjene k oku\u017ebi s FIP. Tudi z uporabo u\u010dinkovitih tehnik razku\u017eevanja in rednim steriliziranjem obmo\u010dij, ki so izpostavljena oku\u017eenemu materialu, kot so stelja, posoda, odpadni material itd. <\/p>\n<h2>Dejavniki, ki vplivajo na nagnjenost va\u0161e ma\u010dke k FIP<\/h2>\n<p>Starost, pasma, \u017eivljenjski pogoji, genetika, stres in stanje imunskega sistema lahko vplivajo na tveganje za <a href=\"\/?page_id=6094\" target=\"_blank\" rel=\"noopener\">FIP pri ma\u010dkah<\/a>.<\/p>\n<h3>Starost<\/h3>\n<p>Za FIP najpogosteje zbolijo ma\u010dke, mlaj\u0161e od dveh let, saj se pribli\u017eno 80 % vseh primerov pojavi pri ma\u010dkah v tem starostnem obdobju. Najve\u010dje tveganje za oku\u017ebo s FIP je pri ma\u010dkah, starih od 4 do 12 mesecev; skoraj polovica vseh diagnosticiranih ma\u010dk spada v to starostno skupino. Tudi mlaj\u0161i mladi\u010di so \u0161e vedno lahko izpostavljeni prenosu virusa zaradi nerazvitega imunskega sistema in dovzetnosti za okoljske stresne dejavnike. Poleg tega so nekatere pasme, kot so siamske ali burmanske ma\u010dke, zaradi genetskih nagnjenj lahko bolj nagnjene k FIP, \u010deprav ta ni odvisna samo od pasme. Tudi pri gepardih je verjetnost za razvoj ma\u010djega infekcijskega peritonitisa ve\u010dja kot pri drugih pasmah ma\u010dk zaradi pomanjkljive celi\u010dne imunosti, zaradi katere so zelo dovzetni. <\/p>\n<h3>Pasma<\/h3>\n<p>Lastniki \u010distokrvnih ma\u010dk se morajo \u0161e posebej zavedati njihove dovzetnosti za FIP. Pri \u010distopasemskih ma\u010dkah je verjetnost za razvoj FIP ve\u010dja kot pri me\u0161anih pasmah zaradi genetske pomanjkljivosti celi\u010dne imunosti, nekatere pasme, kot so gepardi, perzijci, bengalci in \u0161kotski gobavci, pa so \u0161e posebej nagnjene k tej bolezni. To ve\u010dje tveganje je mogo\u010de deloma pripisati temu, da so se te posebne pasme razvile z inbridingom z omejeno genetsko raznolikostjo ali pospe\u0161enimi vzrejnimi cikli, kar povzro\u010da ve\u010djo ranljivost za resno bolezen zaradi ve\u010djega podvajanja genov, ko se homozigotni pari genov pojavijo skupaj v posameznih \u017eivalih. Zaradi tega pove\u010danega tveganja, povezanega s \u010distokrvnimi pasmami, je pomembno, da lastniki teh ma\u010dk &#8211; pa tudi tisti, ki skrbijo za ma\u010dke drugih pasem &#8211; razumejo dovzetnost svoje \u017eivali, da lahko sprejmejo ustrezne previdnostne ukrepe in u\u010dinkoviteje skrbijo za njeno zdravje. Cepljenje ma\u010dke proti pogostim nalezljivim boleznim, kot sta ma\u010dja kuga ali oku\u017ebe zgornjih dihal, bo zmanj\u0161alo mo\u017enost oku\u017ebe; prilagajanje prehranskih potreb glede na stopnjo odpornosti, vadba glede na telesne zna\u010dilnosti; omejevanje izpostavljenosti z nadzorovanjem gne\u010de itd. <\/p>\n<h3>Gne\u010da v bivalnih razmerah<\/h3>\n<p>Gne\u010da v bivalnih razmerah ima lahko velik vpliv na ma\u010dke in njihovo zdravje. Gne\u010da ma\u010dkam povzro\u010da dodaten stres, ki je lahko \u0161kodljiv, saj s\u010dasoma oslabi imunski sistem in pove\u010da verjetnost oku\u017ebe ali prenosa oku\u017ebe, vklju\u010dno z ma\u010djim infekcijskim peritonitisom (FIP). Stres je \u0161e posebej nevaren za mlade ma\u010dke, ki morda \u0161e nimajo vzpostavljene optimalne imunosti. Poleg psiholo\u0161kih posledic, ki jih povzro\u010da prenatrpanost, lahko fizi\u010dna bli\u017eina med posamezniki olaj\u0161a neposreden prenos med ma\u010dkami s slino zaradi lizanja ali izka\u0161ljevanja oku\u017eenih dihalnih izlo\u010dkov. Poleg tega posredni stik s ku\u017enim materialom, kot so iztrebki oku\u017eene ma\u010dke na posodah za hrano ali praskalnikih, ki jih nato uporabljajo neoku\u017eene ma\u010dke, pove\u010da tveganje za nadaljnje \u0161irjenje FIP v gne\u010di, kot so zaveti\u0161\u010da in ma\u010dje kletke. Zato je dovolj prostora za va\u0161o hi\u0161no ma\u010dko ali ma\u010dke najpomembnej\u0161e za izbolj\u0161anje njenega splo\u0161nega po\u010dutja in pove\u010danje njene odpornosti proti obi\u010dajnim boleznim, vklju\u010dno z oku\u017ebo s FIP. <\/p>\n<h3>Genetika<\/h3>\n<p>Pri ma\u010djem infekcijskem peritonitisu (FIP) ima pomembno vlogo genetika, ki lahko postane pomemben pokazatelj pri dolo\u010danju njegovega \u0161irjenja. \u0160tudije so pokazale, da so samci ma\u010dk pogosteje oboleli kot samice, kar ka\u017ee na mo\u017een vpliv spola na razvoj FIP in tveganje oku\u017ebe. Birmanske ma\u010dke so na primer mo\u010dno povezane z nekaterimi genetskimi dejavniki, povezanimi s FIP. Tako \u010distokrvne kot naklju\u010dno vzrejene ma\u010dke so lahko dovzetne za oku\u017ebo z virusom prek koronavirusa ali prenosa z druge prizadete ma\u010dke, vendar lahko tiste, ki imajo gene, ki so v\u010dasih zna\u010dilni za dolo\u010dene pasme, prenesejo svoje ve\u010dje tveganje na potomce. Pri vzreji, \u010de je eden od star\u0161ev oku\u017een z ustrezno vrsto virusnega virusa, kot je ma\u010dji enteri\u010dni koronavirus (FeCV), lahko ma\u010dkoni prejmejo vir, ki lahko pozneje <a href=\"\/?page_id=13322\" target=\"_blank\" rel=\"noopener\">povzro\u010di razvoj FIP<\/a>, tudi brez stika z drugimi oku\u017eenimi \u017eivalmi. Ker do prenosa pride ob spo\u010detju, je \u017eal malo mo\u017enosti, da bi prepre\u010dili kakr\u0161no koli \u0161kodo, ki jo povzro\u010di podedovani gen, zato se lastniki odlo\u010dajo za druga\u010dna sredstva za za\u0161\u010dito hi\u0161nih ljubljen\u010dkov pred tovrstnimi boleznimi. <\/p>\n<h3>Stres<\/h3>\n<p>Lastniki ma\u010dk se moramo zavedati, da lahko stres prispeva k razvoju ma\u010djega infekcijskega peritonitisa (FIP). Kadar so ma\u010dke pod stresom zaradi ponovne namestitve, nedavne operacije ali so\u010dasnih oku\u017eb, je njihov imunski odziv oslabljen in so bolj nagnjene k oku\u017ebi s FIP. V prenatrpanem bivalnem okolju z ve\u010d ma\u010dkami v neposredni bli\u017eini se lahko raven stresa hitro pove\u010da, kar dodatno oslabi odpornost in pove\u010da dovzetnost za oku\u017ebo s FIP. Kot odgovorni star\u0161i ma\u010dk lahko sprejmete nekatere ukrepe, s katerimi zmanj\u0161ate tveganje za razvoj FIP: poskrbite, da imajo mirni dru\u017einski \u010dlani dovolj prostora drug od drugega, da ne tekmujejo za vire; ustvarite zanesljivo dnevno rutino &#8211; to pomaga prepre\u010diti stres; zagotovite veliko obogatitvenih dejavnosti, kot so praskalniki in igra\u010de &#8211; te ma\u010dke ne ohranjajo aktivne samo fizi\u010dno, ampak tudi psihi\u010dno; redno ponujajte nagrade, kot so pribolj\u0161ki\/ko\u0161\u010dki, da bi pokazali spo\u0161tovanje med posamezniki. Nazadnje poskrbite, da se boste redno ukvarjali s svojim hi\u0161nim ljubljen\u010dkom &#8211; zagotavljanje ljubezni in pozornosti krepi vez, ki zmanj\u0161uje ob\u010dutek zapu\u0161\u010denosti, zaradi \u010desar se manj skrbi ka\u017ee v simptomih stresa. <\/p>\n<h3>Stanje imunskega sistema<\/h3>\n<p>Ma\u010dja imunost ima pomembno vlogo pri razvoju FIP. Ma\u010dke z oslabljenim imunskim sistemom imajo ve\u010djo verjetnost, da se oku\u017eijo s tem virusom, medtem ko imajo ma\u010dke z mo\u010dnim in delujo\u010dim imunskim sistemom naravno odpornost. Starost je dejavnik, ki vpliva na ma\u010djo odpornost in tveganje za razvoj FIP, saj imajo starej\u0161e ma\u010dke v primerjavi z mlaj\u0161imi ma\u010dkami na splo\u0161no \u0161ibkej\u0161o odpornost, kar pove\u010duje njihovo dovzetnost. Dolo\u010dene pasme imajo tudi razli\u010dno prirojeno mo\u010d proti povzro\u010diteljem bolezni, kot je FIP. \u010cistokrvne ma\u010dke so pogosto genetsko nagnjene k dolo\u010denim boleznim, vklju\u010dno s FIP; vendar so lahko nekatere doma\u010de ma\u010dke odporne tudi zaradi genetike. Tudi stres lahko zmanj\u0161a odpornost, zaradi \u010desar se ma\u010dje telo te\u017eje bori proti oku\u017ebam, kot je ma\u010dji infekcijski peritonitis; morda na videz majhne nev\u0161e\u010dnosti ali spremembe lahko mo\u010dno zamajejo gospodinjsko rutino in povzro\u010dijo, da se imunski obrambni sistem va\u0161ega kosmatinca upo\u010dasni, zaradi \u010desar je lahko ranljiv. Celo pri gepardih, ki jih gojijo v ujetni\u0161tvu, je bilo ugotovljeno, da so podvr\u017eeni FIP zaradi genetske pomanjkljivosti, ki zavira dolo\u010dene sestavine njihove celi\u010dne imunosti, zaradi \u010desar so zelo dovzetni. <\/p>\n<h2>Zaklju\u010dek<\/h2>\n<p>Ma\u010dji infekciozni peritonitis (FIP) na splo\u0161no ne velja za zelo nalezljivo bolezen, \u010deprav se lahko \u0161iri s stikom z iztrebki in z dihanjem. Dobra higienska praksa je pomembna za zmanj\u0161anje tveganja za FIP, medtem ko je zmanj\u0161anje stresa pri ma\u010dkah klju\u010dno tudi za prepre\u010devanje mutacije virusa. \u010ceprav FIP ni tako pogosta ali enostavna za \u0161irjenje kot druge bolezni ma\u010dk, jo je \u0161e vedno vredno upo\u0161tevati za vse lastnike hi\u0161nih ljubljen\u010dkov, ki \u017eelijo razumeti oku\u017ebo in njena morebitna tveganja.<\/p>\n","protected":false},"excerpt":{"rendered":"<p>Ali je FIP nalezljiva? \u010ceprav FIP ni tako nalezljiva kot nekatere druge ma\u010dje bolezni, je \u0161e vedno nalezljiv virus, zato se mora vsak lastnik ma\u010dke zavedati morebitnih tveganj. Ma\u010dji infekciozni peritonitis (FIP) na splo\u0161no velja za manj nalezljivega kot nekatere druge pogoste ma\u010dje infekcijske bolezni. V primerjavi z drugimi nalezljivimi boleznimi, ki so jim ma\u010dke [&hellip;]<\/p>\n","protected":false},"author":1,"featured_media":28641,"parent":0,"menu_order":0,"comment_status":"closed","ping_status":"closed","template":"","meta":{"_glsr_average":0,"_glsr_ranking":0,"_glsr_reviews":0,"footnotes":""},"categories":[1172],"tags":[],"_links":{"self":[{"href":"https:\/\/fipmed.co\/sl\/wp-json\/wp\/v2\/pages\/28638"}],"collection":[{"href":"https:\/\/fipmed.co\/sl\/wp-json\/wp\/v2\/pages"}],"about":[{"href":"https:\/\/fipmed.co\/sl\/wp-json\/wp\/v2\/types\/page"}],"author":[{"embeddable":true,"href":"https:\/\/fipmed.co\/sl\/wp-json\/wp\/v2\/users\/1"}],"replies":[{"embeddable":true,"href":"https:\/\/fipmed.co\/sl\/wp-json\/wp\/v2\/comments?post=28638"}],"version-history":[{"count":0,"href":"https:\/\/fipmed.co\/sl\/wp-json\/wp\/v2\/pages\/28638\/revisions"}],"wp:featuredmedia":[{"embeddable":true,"href":"https:\/\/fipmed.co\/sl\/wp-json\/wp\/v2\/media\/28641"}],"wp:attachment":[{"href":"https:\/\/fipmed.co\/sl\/wp-json\/wp\/v2\/media?parent=28638"}],"wp:term":[{"taxonomy":"category","embeddable":true,"href":"https:\/\/fipmed.co\/sl\/wp-json\/wp\/v2\/categories?post=28638"},{"taxonomy":"post_tag","embeddable":true,"href":"https:\/\/fipmed.co\/sl\/wp-json\/wp\/v2\/tags?post=28638"}],"curies":[{"name":"wp","href":"https:\/\/api.w.org\/{rel}","templated":true}]}}