{"id":28651,"date":"2024-03-25T06:20:25","date_gmt":"2024-03-25T06:20:25","guid":{"rendered":"https:\/\/fipmed.co\/should-i-start-fip-cats-treatment-without-a-confirmed-conclusive-diagnosis\/"},"modified":"2024-03-25T06:20:25","modified_gmt":"2024-03-25T06:20:25","slug":"should-i-start-fip-cats-treatment-without-a-confirmed-conclusive-diagnosis","status":"publish","type":"page","link":"https:\/\/fipmed.co\/sl\/should-i-start-fip-cats-treatment-without-a-confirmed-conclusive-diagnosis\/","title":{"rendered":"Ali naj za\u010dnem zdravljenje ma\u010dk FIP brez potrjene dokon\u010dne diagnoze?"},"content":{"rendered":"<p>Ali naj za\u010dnem zdravljenje ma\u010dk FIP brez potrjene dokon\u010dne diagnoze?<br \/>\nKratek odgovor je pritrdilen.<br \/>\nVendar si morate vedno prizadevati za potrditev diagnoze, tudi \u010de ste \u017ee za\u010deli zdravljenje.<br \/>\nTo pa zato, ker ne \u017eelimo izgubljati \u010dasa, temve\u010d \u017eelimo \u010dim prej izvedeti, kak\u0161na je dejanska bolezen.   <\/p>\n<p>FIP ali ma\u010dji infekciozni peritonitis je bolezen, ki jo je izjemno te\u017eko diagnosticirati. Ker zanjo ne obstaja noben poseben test, se morajo veterinarji zana\u0161ati na ve\u010d kazalnikov, da ocenijo, ali se ma\u010dka odziva na napad FIP v telesu. Nobena diagnoza FIP ni 100-odstotno dokon\u010dna. FIP ima namre\u010d preve\u010d skupnih simptomov z drugimi boleznimi in 1 kazalnik \u0161e ne pomeni, da ima ma\u010dka FIP. Ve\u010d kazalnikov v krvnih testih, testih izliva, testih protiteles itd. bo veterinarjem dalo ve\u010djo gotovost pri ugotavljanju, ali gre za FIP. Zato je dobro, da veterinarji zdravijo FIP, \u010de je 50 % prepri\u010dan, da gre za FIP, in med zdravljenjem nadaljujejo z drugimi testi, da izklju\u010dijo druge bolezni. To pa zato, ker GS441524 ne povzro\u010da hudih ne\u017eelenih u\u010dinkov. <\/p>\n<h1><\/h1>\n<h1><strong>Diagnosti\u010dni izzivi in omejitve<\/strong><\/h1>\n<p><strong> <\/strong><\/p>\n<p><strong>La\u017eni pozitivni in negativni rezultati<\/strong><\/p>\n<p>Pri testih FIP lahko pride do la\u017eno pozitivnih in la\u017eno negativnih rezultatov. La\u017eno pozitiven rezultat se pojavi, ko test poka\u017ee, da ima ma\u010dka virus, \u010deprav ga v resnici nima. To lahko privede do napa\u010dne diagnoze ali neustreznih protokolov zdravljenja ma\u010dk, ki dejansko niso oku\u017eene z virusom. Do la\u017eno negativnega testa pride, kadar test napa\u010dno navaja, da v vzorcu ni dokazov o prisotnosti virusa, kar lahko prav tako privede do zapoznelega ali neustreznega zdravljenja ma\u010dk, ki so dejansko oku\u017eene s FIP. V nekaterih primerih so lahko nepravilni rezultati posledica slabe kakovosti vzorcev. Na primer, \u010de je bilo s tkivom ali krvjo, uporabljeno za testiranje, med zbiranjem in prevozom napa\u010dno ravnano, je test neuporaben. Zato je izjemno pomembno, da vzorce skrbno odvzamete in shranite takoj, ko jih odvzamete \u017eivali, ki se testira na FIP.  <\/p>\n<p>&nbsp;<\/p>\n<h1><strong>Kaj \u010de ne morete diagnosticirati? Za\u010dnite zdravljenje ma\u010dk FIP, da bi postavili diagnozo. <\/strong><\/h1>\n<p>V dolo\u010denih okoli\u0161\u010dinah se v veterinarski medicini, tudi pri ma\u010dkah, v\u010dasih uporablja metoda &#8220;zdravljenje za postavitev diagnoze&#8221;. Ta pristop vklju\u010duje terapevtski poskus zdravljenja, da se ugotovi, ali se bolnik pozitivno odziva, preden se postavi dokon\u010dna diagnoza. \u010ceprav ima svoje omejitve, je lahko v dolo\u010denih primerih koristna:  <\/p>\n<p>&nbsp;<\/p>\n<p><strong>Hitro napredujo\u010di pogoji<\/strong><\/p>\n<p>V primerih, ko ima ma\u010dka hude ali hitro napredujo\u010de simptome, \u010dakanje na obse\u017ene diagnosti\u010dne teste za potrditev dolo\u010dene bolezni morda ni smiselno. Takoj\u0161en za\u010detek zdravljenja je lahko klju\u010dnega pomena, zlasti \u010de bi odla\u0161anje z zdravljenjem lahko privedlo do poslab\u0161anja stanja. <\/p>\n<p>&nbsp;<\/p>\n<p><strong>Omejena sredstva ali dostop do diagnosti\u010dnih orodij<\/strong><\/p>\n<p>V nekaterih primerih imajo lahko veterinarske ustanove omejitve glede razpolo\u017eljivih diagnosti\u010dnih orodij, kot so specializirani slikovni ali laboratorijski testi. Za\u010detek zdravljenja je lahko pragmati\u010den pristop med \u010dakanjem na rezultate iz obse\u017enej\u0161ih diagnosti\u010dnih ustanov. <\/p>\n<p>&nbsp;<\/p>\n<p><strong>Diagnosti\u010dna dvoumnost<\/strong><\/p>\n<p>Kadar so simptomi ma\u010dke dvoumni in ni gotovo, kaj je osnovni vzrok, se lahko za\u010dne terapevtski poskus, da se opazuje odziv. \u010ce se stanje ma\u010dke z zdravljenjem izbolj\u0161a, lahko to zagotovi dragocene informacije o morebitnem vzroku simptomov. <\/p>\n<p>&nbsp;<\/p>\n<p><strong>Omejitve strank<\/strong><\/p>\n<p>Nekateri lastniki ma\u010dk imajo lahko finan\u010dne omejitve, ki omejujejo njihovo zmo\u017enost opravljanja obse\u017enega diagnosti\u010dnega pregleda. Za\u010detek zdravljenja je lahko v takih primerih bolj izvedljiva mo\u017enost, zlasti \u010de je zdravljenje razmeroma nizko tvegano in ima razumne mo\u017enosti za uspeh. <\/p>\n<p>&nbsp;<\/p>\n<h1><strong>Dejavniki in parametri, ki dolo\u010dajo, kaj zdraviti<\/strong><\/h1>\n<p>Ko se veterinar sre\u010da z ma\u010dko, ki ima nejasne simptome ali ve\u010d mo\u017enih bolezni, uporabi sistemati\u010den pristop, da bi zo\u017eil mo\u017ene diagnoze in dolo\u010dil ustrezen na\u010din ukrepanja. V postopku odlo\u010danja upo\u0161teva razli\u010dne dejavnike in parametre, kot so ti. <\/p>\n<p>&nbsp;<\/p>\n<p><strong>Starost in pasma<\/strong>: Nekatere bolezni so pogostej\u0161e pri dolo\u010denih starostnih skupinah ali pasmah. Poznavanje starosti in pasme ma\u010dke lahko veterinarju pomaga pri dolo\u010danju prednosti ali izklju\u010ditvi dolo\u010denih bolezni. <strong>Zgodovina cepljenja<\/strong>: Zgodovina cepljenja ma\u010dke lahko poka\u017ee, kak\u0161na je verjetnost pojava nekaterih nalezljivih bolezni. <strong>Vzorec in trajanje simptomov:<\/strong> Razumevanje vzorca in trajanja simptomov pomaga pri razvr\u0161\u010danju bolezni med akutne ali kroni\u010dne in lahko usmerja diagnosti\u010dni postopek. <strong>Resnost simptomov:<\/strong> Resnost klini\u010dnih znakov lahko poka\u017ee, ali je treba nujno ukrepati in kak\u0161en je potencialni vpliv na splo\u0161no po\u010dutje ma\u010dke. <strong>Diagnosti\u010dni testi:<\/strong> Rezultati opravljenih predhodnih testov FIP. <strong>Za\u010detni presejalni testi:<\/strong> Osnovni testi FIP, kot sta popolna krvna slika (CBC) in biokemija seruma, lahko zagotovijo dragocene informacije o splo\u0161nem zdravju ma\u010dke in lahko razkrijejo nepravilnosti, ki ka\u017eejo na dolo\u010dene bolezni. <strong>Specializirani testi:<\/strong> Odvisno od domnevnih bolezni se lahko priporo\u010dijo bolj specializirani testi, kot so slikovne preiskave (rentgensko slikanje, ultrazvok), testi PCR in titri protiteles. <strong>Spremljanje odziva:<\/strong> Pomembno je natan\u010dno spremljanje odziva ma\u010dke na zdravljenje. \u010ce pride do izbolj\u0161anja, lahko veterinar nadaljuje zdravljenje ali ga spremeni glede na ugotovljeni odziv. <strong>Varnost zdravljenja:<\/strong> Upo\u0161teva se varnostni profil izbranega zdravljenja. Prednost imajo lahko zdravljenje z majhnim tveganjem ali posegi z veliko verjetnostjo koristi, zlasti \u010de je te\u017eko takoj postaviti dokon\u010dno diagnozo. <strong>Finan\u010dni vidiki:<\/strong> Finan\u010dne omejitve lastnika ma\u010dke lahko vplivajo na diagnosti\u010dni pristop. Veterinarji in lastniki se lahko skupaj odlo\u010dijo za postopen diagnosti\u010dni na\u010drt, ki temelji na prednostnih nalogah. <\/p>\n<p>&nbsp;<\/p>\n<p>Pomembno je opozoriti, da ima pristop &#8220;zdravljenje za postavitev diagnoze&#8221; in za\u010detek zdravljenja ma\u010dk FIP svoje pomanjkljivosti. Brez potrjene diagnoze obstaja tveganje za neustrezno ali neu\u010dinkovito zdravljenje. Poleg tega lahko odlo\u017ei prepoznavanje osnovnih bolezni, ki zahtevajo posebne posege. Veterinarji skrbno pretehtajo morebitne koristi in tveganja, preden se odlo\u010dijo za ta pristop, pozorno spremljanje odziva ma\u010dke na zdravljenje pa je nujno za usmerjanje nadaljnjih diagnosti\u010dnih prizadevanj. Klju\u010dnega pomena je, da veterinarji lastnikom hi\u0161nih ljubljen\u010dkov transparentno sporo\u010dajo razloge za to metodo in potrebo po stalni diagnostiki, da se zagotovi najbolj\u0161a mo\u017ena oskrba ma\u010dke.<\/p>\n","protected":false},"excerpt":{"rendered":"<p>Ali naj za\u010dnem zdravljenje ma\u010dk FIP brez potrjene dokon\u010dne diagnoze? Kratek odgovor je pritrdilen. Vendar si morate vedno prizadevati za potrditev diagnoze, tudi \u010de ste \u017ee za\u010deli zdravljenje. To pa zato, ker ne \u017eelimo izgubljati \u010dasa, temve\u010d \u017eelimo \u010dim prej izvedeti, kak\u0161na je dejanska bolezen. FIP ali ma\u010dji infekciozni peritonitis je bolezen, ki jo je [&hellip;]<\/p>\n","protected":false},"author":1,"featured_media":28653,"parent":0,"menu_order":0,"comment_status":"closed","ping_status":"closed","template":"","meta":{"_glsr_average":0,"_glsr_ranking":0,"_glsr_reviews":0,"footnotes":""},"categories":[1176],"tags":[],"_links":{"self":[{"href":"https:\/\/fipmed.co\/sl\/wp-json\/wp\/v2\/pages\/28651"}],"collection":[{"href":"https:\/\/fipmed.co\/sl\/wp-json\/wp\/v2\/pages"}],"about":[{"href":"https:\/\/fipmed.co\/sl\/wp-json\/wp\/v2\/types\/page"}],"author":[{"embeddable":true,"href":"https:\/\/fipmed.co\/sl\/wp-json\/wp\/v2\/users\/1"}],"replies":[{"embeddable":true,"href":"https:\/\/fipmed.co\/sl\/wp-json\/wp\/v2\/comments?post=28651"}],"version-history":[{"count":0,"href":"https:\/\/fipmed.co\/sl\/wp-json\/wp\/v2\/pages\/28651\/revisions"}],"wp:featuredmedia":[{"embeddable":true,"href":"https:\/\/fipmed.co\/sl\/wp-json\/wp\/v2\/media\/28653"}],"wp:attachment":[{"href":"https:\/\/fipmed.co\/sl\/wp-json\/wp\/v2\/media?parent=28651"}],"wp:term":[{"taxonomy":"category","embeddable":true,"href":"https:\/\/fipmed.co\/sl\/wp-json\/wp\/v2\/categories?post=28651"},{"taxonomy":"post_tag","embeddable":true,"href":"https:\/\/fipmed.co\/sl\/wp-json\/wp\/v2\/tags?post=28651"}],"curies":[{"name":"wp","href":"https:\/\/api.w.org\/{rel}","templated":true}]}}