{"id":28661,"date":"2022-11-25T09:19:05","date_gmt":"2022-11-25T09:19:05","guid":{"rendered":"https:\/\/fipmed.co\/privacy-policy\/"},"modified":"2025-01-22T06:55:45","modified_gmt":"2025-01-22T06:55:45","slug":"privacy-policy","status":"publish","type":"page","link":"https:\/\/fipmed.co\/sl\/privacy-policy\/","title":{"rendered":"Pravilnik o zasebnosti"},"content":{"rendered":"\t\t<div data-elementor-type=\"wp-page\" data-elementor-id=\"28661\" class=\"elementor elementor-28661 elementor-3\">\n\t\t\t\t\t\t<section class=\"elementor-section elementor-top-section elementor-element elementor-element-8b2513f elementor-section-boxed elementor-section-height-default elementor-section-height-default\" data-id=\"8b2513f\" data-element_type=\"section\">\n\t\t\t\t\t\t<div class=\"elementor-container elementor-column-gap-default\">\n\t\t\t\t\t<div class=\"elementor-column elementor-col-100 elementor-top-column elementor-element elementor-element-cb4fbe6\" data-id=\"cb4fbe6\" data-element_type=\"column\">\n\t\t\t<div class=\"elementor-widget-wrap elementor-element-populated\">\n\t\t\t\t\t\t<div class=\"elementor-element elementor-element-4603e09 elementor-widget elementor-widget-text-editor\" data-id=\"4603e09\" data-element_type=\"widget\" data-widget_type=\"text-editor.default\">\n\t\t\t\t<div class=\"elementor-widget-container\">\n\t\t\t\t\t\t\t\t\t<p class=\"p1\"><span class=\"s1\">Za FipMed.co je zasebnost podatkov zelo pomembna, zato \u017eelimo biti odprti in pregledni pri obdelavi va\u0161ih osebnih podatkov.<br \/>\nZavezani smo k varovanju zasebnosti in varnosti na\u0161ih strank in obiskovalcev spletnega mesta. <span class=\"Apple-converted-space\">  <\/span>Zato imamo pravilnik, ki dolo\u010da namen zbiranja va\u0161ih osebnih podatkov ter na\u010din njihove obdelave in za\u0161\u010dite.<span class=\"Apple-converted-space\">  <\/span>Prav tako boste imeli mo\u017enost spremljati postopek zbiranja podatkov in upravljati raven komunikacije, ki jo \u017eelite z nami.<\/span><\/p>\n<p class=\"p1\">\n<p class=\"p1\"><span class=\"s1\">&#8211; Va\u0161i podatki bodo uporabljeni le za izbolj\u0161anje na\u0161ih storitev za vas in va\u0161e izku\u0161nje z nami.<\/span><\/p>\n<p class=\"p1\"><span class=\"s1\">&#8211; Za\u0161\u010dita va\u0161ih podatkov pred nepoobla\u0161\u010denim dostopom je na\u0161a prednostna naloga, kar vklju\u010duje prepre\u010devanje nepoobla\u0161\u010denega dostopa, urejanja ali izmenjave podatkov.<\/span><\/p>\n<p class=\"p1\"><span class=\"s1\">&#8211; Zavezujemo se, da bomo vse potrebne informacije posredovali na najbolj jasen in jedrnat na\u010din.<\/span><\/p>\n<p class=\"p1\"><span class=\"s1\">&#8211; Lahko se odlo\u010dite, kaj in kako boste od nas sli\u0161ali.<\/span><\/p>\n<p class=\"p1\"><span class=\"s1\">&#8211; Vse osebne podatke, ki niso nujni za na\u0161o analitiko, izbri\u0161emo, da prepre\u010dimo shranjevanje odve\u010dnih informacij v na\u0161em sistemu.<\/span><\/p>\n<\/p>\n<h3 class=\"p1\"><span class=\"s1\">Pravna podlaga za obdelavo<\/span><\/h3>\n<p class=\"p1\"><span class=\"s1\">Va\u0161e osebne podatke bomo obdelovali iz naslednjih razlogov:<\/span><\/p>\n<p class=\"p1\"><span class=\"s1\">&#8211; izvajanje pogodb, katerih stranka ste.<\/span><\/p>\n<p class=\"p1\"><span class=\"s1\">&#8211; Izpolnjevanje na\u0161ih zakonskih obveznosti<\/span><\/p>\n<p class=\"p1\"><span class=\"s1\">&#8211; Tr\u017eenje in drugi legitimni interesi, za katere si prizadevamo<\/span><\/p>\n<p class=\"p2\">\n<h3 class=\"p1\"><span class=\"s1\">Zakoniti interesi<\/span><\/h3>\n<p class=\"p1\"><span class=\"s1\">Med njimi so naslednje:  <\/span><\/p>\n<p class=\"p1\"><span class=\"s1\">&#8211; Zbiranje osebnih podatkov za zagotavljanje najbolj\u0161e mo\u017ene uporabni\u0161ke izku\u0161nje.<\/span><\/p>\n<p class=\"p1\"><span class=\"s1\">&#8211; Operativne zahteve, potrebne za notranje procese<\/span><\/p>\n<p class=\"p1\"><span class=\"s1\">&#8211; izpolnjevanje va\u0161ih zahtev v zvezi z na\u0161imi storitvami in izdelki.<\/span><\/p>\n<p class=\"p1\"><span class=\"s1\">&#8211; Prepre\u010devanje goljufij<\/span><\/p>\n<p class=\"p1\"><span class=\"s1\">&#8211; izklju\u010dno za na\u0161e notranje tr\u017eenje, raziskave in razvoj izdelkov.<\/span><\/p>\n<p class=\"p2\">\n<h3 class=\"p1\"><span class=\"s1\">  Kako zbiramo podatke o vas  <\/span><\/h3>\n<p class=\"p1\"><span class=\"s1\">&#8211; s spletnimi nakupi (ko oddate naro\u010dilo).  <\/span><\/p>\n<p class=\"p1\"><span class=\"s1\">&#8211; prek neposrednega tr\u017eenja (ko se prijavite na na\u0161e e-novice).<\/span><\/p>\n<p class=\"p1\"><span class=\"s1\">&#8211; Ko se registrirate za ra\u010dun FipMed.co<\/span><\/p>\n<p class=\"p1\"><span class=\"s1\">&#8211; prek komunikacije prek na\u0161e slu\u017ebe za pomo\u010d strankam<\/span><\/p>\n<p class=\"p1\"><span class=\"s1\">&#8211; Va\u0161i podatki se lahko samodejno zbirajo tudi med obiskom na\u0161ega spletnega mesta, med drugim tudi podatki o va\u0161ih napravah in brskanju.<br \/>\nTe informacije se zbirajo z uporabo pi\u0161kotkov in podobnih tehnologij.   <\/span><\/p>\n<p class=\"p2\">\n<h3 class=\"p1\"><span class=\"s1\">Zakaj uporabljamo va\u0161e osebne podatke:<\/span><\/h3>\n<p class=\"p1\"><span class=\"s1\">&#8211; Obdelava in dostava va\u0161ih nakupov.<\/span><\/p>\n<p class=\"p1\"><span class=\"s1\">&#8211; Sprejemanje pla\u010dil in vra\u010danje nadomestil<\/span><\/p>\n<p class=\"p1\"><span class=\"s1\">&#8211; po\u0161iljanje storitvenih sporo\u010dil prek SMS, e-po\u0161te ali kako druga\u010de.<\/span><\/p>\n<p class=\"p1\"><span class=\"s1\">&#8211; Zagotavljanje storitev za stranke in podpore, obravnavanje vra\u010dil, garancijskih zahtevkov.<\/span><\/p>\n<p class=\"p1\"><span class=\"s1\">&#8211; Vse oblike odkrivanja in prepre\u010devanja goljufij.<\/span><\/p>\n<p class=\"p1\"><span class=\"s1\">&#8211; Varnost in za\u0161\u010dita na\u0161ega spletnega mesta<\/span><\/p>\n<p class=\"p1\"><span class=\"s1\">&#8211; prikazovanje na\u0161ih oglasov med brskanjem po spletu.<\/span><\/p>\n<p class=\"p1\"><span class=\"s1\">&#8211; zagotavljanje informacij o na\u0161ih izdelkih in storitvah, promocijah, popustih in novostih glede na va\u0161e \u017eelje in \u017eelje.<\/span><\/p>\n<p class=\"p1\"><span class=\"s1\">&#8211; Izbolj\u0161anje na\u0161ega spletnega mesta<\/span><\/p>\n<p class=\"p2\">\n<h3 class=\"p1\"><span class=\"s1\">Katere vrste podatkov zbiramo<\/span><\/h3>\n<p class=\"p1\"><span class=\"s1\">&#8211; Identiteta in kontaktni podatki (e-po\u0161tni naslov, ime, priimek, naslov, telefon)<\/span><\/p>\n<p class=\"p1\"><span class=\"s1\">&#8211; Finan\u010dni podatki in podatki o transakcijah (podatki o kreditnih karticah, podrobnosti o pla\u010dilih, ki jih zagotavljajo tretji obdelovalci pla\u010dil).<\/span><\/p>\n<p class=\"p1\"><span class=\"s1\">&#8211; Podatki o profilu (ime, priimek, e-po\u0161tni naslov, geslo in dodatne neobvezne informacije o uporabniku: spol, \u010dasovni pas, datum rojstva).<\/span><\/p>\n<p class=\"p1\"><span class=\"s1\">&#8211; Tehni\u010dne informacije (naslov internetnega protokola (IP), podatki o va\u0161i prijavi, podatki o brskalniku, \u010dasovni pas, jezik, vrste in razli\u010dice vti\u010dnikov brskalnika, operacijski sistem in druge tehnologije naprav, ki jih uporabljate za dostop do spletnega mesta FipMed.co ali mobilne aplikacije).<\/span><\/p>\n<p class=\"p1\"><span class=\"s1\">&#8211; Podatki o tr\u017eenju in komunikacijah (e-po\u0161tni naslov, ime, priimek, spol, \u010dasovni pas, regija, dr\u017eava, datum nakupa, naslov IP, datum naro\u010dila, kupljeni izdelek, vir naro\u010dnine, jezik, ID naro\u010dila, ID uporabnika, datum naro\u010dnine, datum zadnje spremembe)<\/span><\/p>\n<p class=\"p2\">\n<h3 class=\"p1\"><span class=\"s1\">Kako dolgo hranimo va\u0161e osebne podatke<\/span><\/h3>\n<p class=\"p1\"><span class=\"s1\">Va\u0161e podatke bomo hranili toliko \u010dasa, dokler imate ra\u010dun, ali toliko \u010dasa, kolikor je potrebno, da vam lahko zagotovimo storitve, vklju\u010dno z garancijo za izdelek, ki traja do 10 let, ali (v primeru stika z na\u0161o ekipo za pomo\u010d strankam) toliko \u010dasa, kolikor je potrebno za zagotavljanje poro\u010danja o podpori in analizo trendov.<\/span><\/p>\n<p class=\"p1\"><span class=\"s1\">Nekatere va\u0161e podatke lahko hranimo, \u010de to zahteva zakon, tudi po zaprtju va\u0161ega ra\u010duna in ko vam ne potrebujemo ve\u010d zagotavljati nobenih storitev.<\/span><\/p>\n<p class=\"p1\"><span class=\"s1\">Podatki, ki se uporabljajo za neposredno tr\u017eenje, bodo shranjeni, dokler se uporabnik ne odjavi ali postane neaktiven za ve\u010d kot eno leto.<\/span><\/p>\n<p class=\"p2\">\n<p class=\"p1\"><span class=\"s1\">Va\u0161ih osebnih podatkov, vklju\u010dno z va\u0161im imenom, naslovom, e-po\u0161tnim naslovom ali podatki o kreditni kartici, ne prodajamo in jih ne bomo prodali nobeni tretji osebi.<span class=\"Apple-converted-space\">  <\/span>\u017delimo si pridobiti in ohraniti va\u0161e zaupanje, zato menimo, da je to nujno potrebno.<\/span><\/p>\n<p class=\"p1\"><span class=\"s1\">Vendar pa va\u0161e podatke delimo z naslednjimi kategorijami podjetij, saj je to nujno za zagotavljanje na\u0161ih storitev, kot je navedeno v tej izjavi:<\/span><\/p>\n<p class=\"p1\"><span class=\"s1\">&#8211; povezana podjetja in obdelovalci na podlagi izpolnjevanja nakupne pogodbe ali za izvajanje notranjih procesov in postopkov.<\/span><\/p>\n<p class=\"p1\"><span class=\"s1\">&#8211; podjetja, ki izdajajo kreditne kartice, ponudniki pla\u010dilnih storitev za obdelavo pla\u010dil in banke na podlagi va\u0161ega naro\u010dila za izpolnitev nakupne pogodbe.<\/span><\/p>\n<p class=\"p1\"><span class=\"s1\">&#8211; prevozniki za dostavo va\u0161ega naro\u010dila ali storitev.  <\/span><\/p>\n<p class=\"p1\"><span class=\"s1\">&#8211; Drugi ponudniki storitev in tretje osebe, ki sodelujejo pri obdelavi podatkov.<\/span><\/p>\n<p class=\"p1\"><span class=\"s1\">&#8211; Tretje osebe, kot so organi pregona, druge vladne agencije in povezane osebe, \u010de to od nas zahteva zakon.<\/span><\/p>\n<\/p>\n<p class=\"p1\"><span class=\"s1\">Tretjim osebam lahko posredujemo zdru\u017eene, vendar anonimizirane informacije in analiti\u010dne podatke o na\u0161ih strankah, vendar bomo pred tem poskrbeli, da vas ne bodo identificirali.<\/span><\/p>\n<p class=\"p2\">\n<p class=\"p2\">\n<h3 class=\"p1\"><span class=\"s1\">Kak\u0161ne so va\u0161e pravice<\/span><\/h3>\n<p class=\"p1\"><span class=\"s1\">&#8211; Pravica do dostopa do osebnih podatkov, ki jih hranimo o vas.<span class=\"Apple-converted-space\">  <\/span>Kadar koli lahko zahtevate informacije o osebnih podatkih, ki jih hranimo o vas.<br \/>\nKo stopite v stik z nami, vam bomo va\u0161e osebne podatke posredovali po elektronski po\u0161ti. <\/span><\/p>\n<p class=\"p1\"><span class=\"s1\">&#8211; Pravica do prenosljivosti.<span class=\"Apple-converted-space\">  <\/span>Pravico imate, da dobite kopijo svojih podatkov v strukturirani, splo\u0161no uporabljani in strojno berljivi obliki, ki se prenese vam ali drugi stranki.<span class=\"Apple-converted-space\">  <\/span>To vklju\u010duje le osebne podatke, ki ste nam jih posredovali.<span class=\"Apple-converted-space\">  <\/span>Prav tako imate pravico zahtevati, da prenesemo ali prenesemo elemente va\u0161ih podatkov k vam ali k drugemu ponudniku storitev.<\/span><\/p>\n<p class=\"p1\"><span class=\"s1\">&#8211; Pravica do popravka.<span class=\"Apple-converted-space\">  <\/span>Imate pravico zahtevati popravek svojih osebnih podatkov, \u010de so nepravilni, vklju\u010dno s pravico do dopolnitve nepopolnih osebnih podatkov.<\/span><\/p>\n<p class=\"p1\"><span class=\"s1\">&#8211; Pravica do izbrisa.<span class=\"Apple-converted-space\">  <\/span>Imate pravico zahtevati, da kadar koli izbri\u0161emo, prenehamo obdelovati ali zbirati katere koli osebne podatke.<\/span><\/p>\n<p class=\"p1\"><span class=\"s1\">&#8211; Pravica do ugovora obdelavi osebnih podatkov, ki temelji na zakonitem interesu.<span class=\"Apple-converted-space\">  <\/span>Na va\u0161o zahtevo dru\u017eba FipMed.co ne bo nadaljevala z obdelavo va\u0161ih osebnih podatkov, razen \u010de doka\u017ee legitimno podlago za druga\u010dno ravnanje, ki prevlada nad va\u0161imi interesi in pravicami, ali zaradi pravnih obveznosti ali zahtevkov.<\/span><\/p>\n<p class=\"p1\"><span class=\"s1\">&#8211; Pravica do ugovora neposrednemu tr\u017eenju.<span class=\"Apple-converted-space\">  <\/span>Imate pravico do ugovora neposrednemu tr\u017eenju, vklju\u010dno z analizo profiliranja za namene neposrednega tr\u017eenja.<\/span><\/p>\n<p class=\"p1\"><span class=\"s1\">Na splo\u0161no ste kot na\u0161a stranka ali obiskovalec spletnega mesta upravi\u010deni do popolnih informacij v zvezi z zbiranjem in obdelavo va\u0161ih osebnih podatkov.<span class=\"Apple-converted-space\">  <\/span>\u010ce \u017eelite uveljavljati svoje pravice, potrebujete pomo\u010d, se \u017eelite prito\u017eiti ali imate kakr\u0161no koli vpra\u0161anje, se obrnite na nas.<\/span><\/p>\n<p class=\"p2\">\n<h3 class=\"p1\"><span class=\"s1\">O pi\u0161kotkih<\/span><\/h3>\n<p class=\"p1\"><span class=\"s1\">Pi\u0161kotki so majhne besedilne datoteke, ki jih po\u0161lje spletno mesto in se shranijo v uporabnikovem spletnem brskalniku med brskanjem po spletnem mestu.<span class=\"Apple-converted-space\">  <\/span>Ko bo uporabnik v prihodnosti brskal po istem spletnem mestu, lahko spletno mesto pridobi podatke, shranjene v pi\u0161kotku, in ga obvesti o njegovi prej\u0161nji dejavnosti ter ga tako razlikuje od drugih uporabnikov spletnega mesta.<\/span><\/p>\n<p class=\"p2\">\n<p class=\"p1\"><span class=\"s1\">Pi\u0161kotke uporabljamo za pomo\u010d pri u\u010dinkovitem krmarjenju po na\u0161em spletnem mestu in za izvajanje dolo\u010denih funkcij, vklju\u010dno z analizo prometa na spletnem mestu.<br \/>\nPi\u0161kotki vas lahko prepoznajo tudi ob naslednji prijavi in vam ponudijo vsebino, prilagojeno va\u0161im \u017eeljam in interesom. <\/span><\/p>\n<p class=\"p1\"><span class=\"s1\">Pi\u0161kotke lahko shranimo v va\u0161o napravo, \u010de so nujno potrebni za delovanje tega spletnega mesta.<br \/>\nZa vse druge vrste pi\u0161kotkov potrebujemo va\u0161e dovoljenje.<br \/>\nTo spletno mesto uporablja razli\u010dne vrste pi\u0161kotkov.<br \/>\nNekatere pi\u0161kotke namestijo storitve tretjih oseb, ki so prikazane na na\u0161ih straneh.<br \/>\nSvoje soglasje lahko kadar koli spremenite ali prekli\u010dete v *Upravljalniku pi\u0161kotkov na na\u0161i spletni strani.    <\/span><\/p>\n<p class=\"p2\">\n<p class=\"p1\"><span class=\"s1\">Vrste pi\u0161kotkov, ki jih uporabljamo:<\/span><\/p>\n<p class=\"p1\"><span class=\"s1\">&#8211; Nujni pi\u0161kotki omogo\u010dajo uporabo spletnega mesta, saj omogo\u010dajo osnovne funkcije, kot sta navigacija po strani in dostop do varnih obmo\u010dij spletnega mesta.<br \/>\nBrez teh pi\u0161kotkov spletno mesto ne more pravilno delovati. <\/span><\/p>\n<p class=\"p1\"><span class=\"s1\">&#8211; Pi\u0161kotki nastavitev omogo\u010dajo, da si spletno mesto zapomni informacije, ki spreminjajo na\u010din obna\u0161anja ali videza spletnega mesta, na primer \u017eeleni jezik ali regijo, v kateri se nahajate.<\/span><\/p>\n<p class=\"p1\"><span class=\"s1\">&#8211; Statisti\u010dni pi\u0161kotki pomagajo lastnikom spletnih mest razumeti, kako obiskovalci komunicirajo s spletnimi mesti, saj anonimno zbirajo informacije in o njih poro\u010dajo.<\/span><\/p>\n<p class=\"p1\"><span class=\"s1\">&#8211; Tr\u017eenjski pi\u0161kotki se uporabljajo za sledenje obiskovalcem na razli\u010dnih spletnih mestih. Namen je prikazovati oglase, ki so ustrezni in zanimivi za posameznega uporabnika, s tem pa dragocenej\u0161i za zalo\u017enike in ogla\u0161evalce tretjih oseb. <\/span><\/p>\n\t\t\t\t\t\t\t\t<\/div>\n\t\t\t\t<\/div>\n\t\t\t\t\t<\/div>\n\t\t<\/div>\n\t\t\t\t\t<\/div>\n\t\t<\/section>\n\t\t\t\t<\/div>\n\t\t","protected":false},"excerpt":{"rendered":"<p>Za FipMed.co je zasebnost podatkov zelo pomembna, zato \u017eelimo biti odprti in pregledni pri obdelavi va\u0161ih osebnih podatkov. Zavezani smo k varovanju zasebnosti in varnosti na\u0161ih strank in obiskovalcev spletnega mesta. Zato imamo pravilnik, ki dolo\u010da namen zbiranja va\u0161ih osebnih podatkov ter na\u010din njihove obdelave in za\u0161\u010dite. Prav tako boste imeli mo\u017enost spremljati postopek zbiranja [&hellip;]<\/p>\n","protected":false},"author":1,"featured_media":0,"parent":0,"menu_order":0,"comment_status":"closed","ping_status":"open","template":"","meta":{"_glsr_average":0,"_glsr_ranking":0,"_glsr_reviews":0,"footnotes":""},"categories":[],"tags":[],"_links":{"self":[{"href":"https:\/\/fipmed.co\/sl\/wp-json\/wp\/v2\/pages\/28661"}],"collection":[{"href":"https:\/\/fipmed.co\/sl\/wp-json\/wp\/v2\/pages"}],"about":[{"href":"https:\/\/fipmed.co\/sl\/wp-json\/wp\/v2\/types\/page"}],"author":[{"embeddable":true,"href":"https:\/\/fipmed.co\/sl\/wp-json\/wp\/v2\/users\/1"}],"replies":[{"embeddable":true,"href":"https:\/\/fipmed.co\/sl\/wp-json\/wp\/v2\/comments?post=28661"}],"version-history":[{"count":1,"href":"https:\/\/fipmed.co\/sl\/wp-json\/wp\/v2\/pages\/28661\/revisions"}],"predecessor-version":[{"id":28662,"href":"https:\/\/fipmed.co\/sl\/wp-json\/wp\/v2\/pages\/28661\/revisions\/28662"}],"wp:attachment":[{"href":"https:\/\/fipmed.co\/sl\/wp-json\/wp\/v2\/media?parent=28661"}],"wp:term":[{"taxonomy":"category","embeddable":true,"href":"https:\/\/fipmed.co\/sl\/wp-json\/wp\/v2\/categories?post=28661"},{"taxonomy":"post_tag","embeddable":true,"href":"https:\/\/fipmed.co\/sl\/wp-json\/wp\/v2\/tags?post=28661"}],"curies":[{"name":"wp","href":"https:\/\/api.w.org\/{rel}","templated":true}]}}