{"id":28663,"date":"2024-03-25T07:02:30","date_gmt":"2024-03-25T07:02:30","guid":{"rendered":"https:\/\/fipmed.co\/stages-of-fip-and-symptoms-based-on-stages-of-fip\/"},"modified":"2024-03-25T07:02:30","modified_gmt":"2024-03-25T07:02:30","slug":"stages-of-fip-and-symptoms-based-on-stages-of-fip","status":"publish","type":"page","link":"https:\/\/fipmed.co\/sl\/stages-of-fip-and-symptoms-based-on-stages-of-fip\/","title":{"rendered":"Stopnje FIP in simptomi na podlagi stopenj FIP"},"content":{"rendered":"<p>Pri oku\u017ebi s tem virusom obstajajo \u0161tiri razli\u010dne stopnje FIP: za\u010detna izpostavljenost in inkubacija, primarna viremija, sekundarna viremija in klini\u010dna FIP.<\/p>\n<p>&nbsp;<\/p>\n<h1><strong>Faza FIP: za\u010detna izpostavljenost in inkubacija<\/strong><\/h1>\n<p>Ma\u010dji koronavirus (FCoV) je prisoten v \u0161tevilnih okoljih, zato je zelo verjetno, da bodo ma\u010dke kdaj v \u017eivljenju izpostavljene temu virusu.<br \/>\nZa\u010detna oku\u017eba je obi\u010dajno benigna, vendar \u017eal obstaja tveganje, da virus mutira in pri nekaterih ma\u010dkah povzro\u010di FIP.<br \/>\nInkubacijska doba te mutacije lahko traja od nekaj tednov do ve\u010d let, vendar so ma\u010dke najbolj izpostavljene tveganju za razvoj klini\u010dne FIP v prvih 6 tednih po za\u010detni oku\u017ebi z virusom.<br \/>\nS poskusi so ugotovili, da je lahko \u017ee \u0161est tednov dovolj \u010dasa, da se pri oku\u017eeni ma\u010dki razvije polna bolezen.<br \/>\nMed za\u010detno izpostavljenostjo in inkubacijsko dobo je treba upo\u0161tevati, da oku\u017eene ma\u010dke izlo\u010dajo nenavadno veliko virusnih delcev, zaradi \u010desar lahko hitro zbolijo tudi druge hi\u0161ne \u017eivali. <\/p>\n<p>&nbsp;<\/p>\n<h1><strong>Faza FIP: <\/strong>primarna viremija<\/h1>\n<p>Primarna viremija je faza oku\u017ebe z virusom ma\u010djega infekcijskega peritonitisa (FIP), ko se ma\u010dji imunski sistem za\u010dne odzivati na tujega vsiljivca.<br \/>\nV tej fazi lahko v krvi najdemo visoke ravni virusa FCoV.<br \/>\nTo pomeni za\u010detek bitke med ma\u010djim telesom in virusom, hkrati pa tudi za\u010detek, ko se zaradi zmanj\u0161ane odpornosti pove\u010da verjetnost pojava mutacij.<br \/>\nPri ma\u010dkah s primarno viromijo je opazen pove\u010dan odziv imunskega sistema, ki se na vso mo\u010d trudi, da bi jih za\u0161\u010ditil pred kakr\u0161no koli \u0161kodo, ki bi jo povzro\u010dil patogen, ki bi vstopil v njeno telo.<br \/>\nNekatere ma\u010dke se bodo z mo\u010dnim imunskim odzivom lahko znebile virusa. <\/p>\n<p>&nbsp;<\/p>\n<h1><strong>Faza FIP: <\/strong><strong>Sekundarna viremija<\/strong><\/h1>\n<p>Sekundarna viremija je naslednja stopnja, ki prizadene ma\u010dke, ki se v primarni fazi niso mogle boriti proti virusu.<br \/>\nV tej fazi virus napade kostni mozeg in druga tkiva.<br \/>\nVirus lahko ostane v pasivnem stanju v kostnem mozgu kar nekaj \u010dasa.<br \/>\nPoleg tega pa se raven FIPV v krvi za\u010dne pove\u010devati in s\u010dasoma dose\u017ee to\u010dko, ko ga ma\u010dke ne morejo ve\u010d nadzorovati.<br \/>\nNa \u017ealost se do takrat \u017ee pojavijo \u0161tevilni sistemski vnetni procesi, saj FIPV zajame vitalne organe in tkiva.<br \/>\nKot pove \u017ee ime, se med sekundarno viremijo virus za\u010dne \u0161iriti po drugih organih, kar povzro\u010di huj\u0161e znake, ki lahko hitro postanejo \u017eivljenjsko nevarni, \u010de se jim ne posvetimo takoj.<br \/>\nResnost primarnega imunskega odziva ali to, kako dobro je ma\u010dje telo sposobno nadzorovati oku\u017ebo, ima pomembno vlogo pri dolo\u010danju stopnje, na kateri se bo virus za\u010del \u0161iriti izven enega samega organskega sistema.<br \/>\nV tem odlo\u010dilnem obdobju lahko ma\u010dke do\u017eivljajo stalno povi\u0161ano telesno temperaturo (nad 103 \u00b0C), zmanj\u0161an apetit in splo\u0161no poslab\u0161anje stanja zaradi oslabljenega imunskega sistema, ki se zelo trudi obvladati mutirane viruse, vendar mu to ne uspeva, zato se morajo zana\u0161ati na na\u010drte zdravljenja s protivirusnimi zdravili in drugimi zdravili.<\/p>\n<p>&nbsp;<\/p>\n<h1><strong>Faza FIP: <\/strong><strong>Klini\u010dna FIP<\/strong><\/h1>\n<p>V klini\u010dni fazi FIP ma\u010dke ne morejo ve\u010d zadr\u017eati virusa.<br \/>\nTo je deloma posledica spremembe ene od beljakovin, ki jo najdemo v nekaterih vrstah FCoV, imenovanih FIPV.<br \/>\nFIPV povzro\u010da vaskulitis, ki je vnetje in otekanje okoli skupine celic ali organov.<br \/>\nNa tej stopnji se lahko pojavi tudi kopi\u010denje teko\u010dine v telesnih votlinah, kar povzro\u010di kopi\u010denje teko\u010dine in prevelik pritisk na vitalne organe.<br \/>\nPri ma\u010dkah s FIP se lahko pojavijo simptomi, kot so izguba telesne te\u017ee, vro\u010dina, dehidracija otekel trebuh ali predel glave in te\u017eave z dihanjem zaradi zama\u0161enega prsnega ko\u0161a.<br \/>\nNa tej stopnji se za\u010dne uni\u010devanje zaradi oku\u017eb v vitalnih organih, kar lahko privede do odpovedi organov.<br \/>\nTo se obi\u010dajno pozneje poka\u017ee kot bolezen ledvic ali nevrolo\u0161ke po\u0161kodbe zaradi vnetja v mo\u017eganskem tkivu.  <\/p>\n<p>&nbsp;<\/p>\n<h1><strong>Faza FIP: <\/strong><strong>Po\u0161kodba organov <\/strong> <\/h1>\n<p>To je zadnja stopnja FIP, ko vnetje \u017ee povzro\u010da po\u0161kodbe organov in ma\u010dka ima druge te\u017eave.<br \/>\nNekateri od obi\u010dajno prizadetih organov so:<br \/>\n<strong>trebu\u0161ni organi:<\/strong> V trebu\u0161nih organih, kot so jetra, vranica in ledvice, se pogosto tvorijo granulomi (majhni vozli\u010di vnetnega tkiva).<br \/>\nTo lahko privede do motenj v delovanju in odpovedi teh organov.<br \/>\n<strong>Ledvice:<\/strong> Ledvice lahko prizadenejo granulomatozne spremembe, kar vodi v odpoved ledvic.<br \/>\n<strong>Centralni \u017eiv\u010dni sistem (CNS):<\/strong> FIP lahko povzro\u010di nevrolo\u0161ke simptome, \u010de prizadene osrednji \u017eiv\u010dni sistem.<br \/>\nPri ma\u010dkah z nevrolo\u0161ko FIP se lahko pojavijo spremembe vedenja, napadi in te\u017eave pri hoji.<br \/>\n<strong>O\u010di<\/strong>: Pri FIP je pogosta prizadetost o\u010di, ki povzro\u010di vnetje, motnost in v\u010dasih slepoto.<br \/>\nTo je znano kot o\u010desna ali suha FIP.<br \/>\n<strong>Kardiovaskularni sistem:<\/strong> V nekaterih primerih lahko FIP prizadene srce in krvne \u017eile, kar povzro\u010di te\u017eave s srcem in o\u017eiljem.<br \/>\nTo nenehno slab\u0161anje stanja pri ma\u010dki s\u010dasoma privede do paralize in nazadnje do smrti.<\/p>\n<p>&nbsp;<\/p>\n<p>&nbsp;<\/p>\n<h1><strong>Simptomi glede na stopnje FIP<\/strong><\/h1>\n<h2><strong>Znak v zgodnjih fazah FIP<\/strong><strong> <\/strong><\/h2>\n<p>Pri ma\u010dkah se lahko zgodaj pojavijo nespecifi\u010dni simptomi, kot so vedenjske spremembe, izguba te\u017ee in apetita ter nihajo\u010da vro\u010dina.<\/p>\n<p><strong> <\/strong><\/p>\n<p><strong>Nespecifi\u010dni simptomi<\/strong><\/p>\n<p>FIP ima \u0161tevilne nespecifi\u010dne simptome, ki jih zlahka zamenjamo za druge bolezni. Ti za\u010detni znaki so obi\u010dajno nejasni in vklju\u010dujejo brezvoljnost, letargijo, zmanj\u0161an apetit, izgubo telesne te\u017ee in nihajo\u010do vro\u010dino. V nekaterih primerih se pri ma\u010dkah pojavijo spremembe vedenja, ki spremljajo te telesne simptome. Pomembno je, da ste pozorni na drobne spremembe v zdravstvenem re\u017eimu va\u0161e ma\u010dke, kot je pove\u010dana ali zmanj\u0161ana raven energije, saj je to lahko prvi znak FIP. Kljub temu, da je bolezen pri ma\u010dkah tako pogosta, jo je zaradi subtilnega vzroka v za\u010detnih fazah te\u017eko odkriti, razen \u010de pozorno spremljate dodatne znake, kot sta anoreksija ali pica (stanje, ko jedo stvari, ki jih ne bi smele), ki se pogosto pojavljata med oku\u017ebo s FIP. Nihajo\u010da vro\u010dina lahko pomeni tudi, da je z va\u0161o ma\u010dko nekaj narobe, zato bodite pozorni na ve\u010dje spremembe temperature, ko jo redno preverjate \u010dez dan, na primer na dokumentirano vro\u010dino, ki traja ve\u010d kot 24 ur kljub zdravljenju, ki ga je opravil veterinar. <\/p>\n<p>&nbsp;<\/p>\n<p><strong>Driska<\/strong><\/p>\n<p>Ko se ma\u010dji koronavirus (FCoV) prvi\u010d pojavi v ma\u010dki, oku\u017ei tanko \u010drevo in v\u010dasih povzro\u010di drisko.<br \/>\nVirus se izlo\u010da z blatom \u017ee dva dni po oku\u017ebi in nato \u0161e nekaj tednov do mesecev.<br \/>\nIz \u010drevesja virus preide v krvni obtok in pri nekaterih nesre\u010dnih ma\u010dkah povzro\u010di FIP, vendar se ve\u010dina ma\u010dk uspe\u0161no odzove z imunskim odzivom in se znebi virusa ter \u017eivi povsem zdravo in normalno \u017eivljenje.<br \/>\nZa\u010detna oku\u017eba z virusom FCoV pri katerikoli starosti, ne le pri ma\u010dkah, lahko povzro\u010di drisko, njena resnost pa je lahko od blage, kroni\u010dne do hude in smrtno nevarne.<br \/>\nVirus najprej po\u0161koduje sluznico tankega \u010drevesa.<br \/>\n\u017dal lahko pri nekaterih ma\u010dkah virus FCoV zelo resno po\u0161koduje tanko \u010drevo, kar povzro\u010di trajno nagnjenost k bruhanju ali diareji in tako imenovani &#8220;sindrom malabsorpcije&#8221;, ko prizadeta ma\u010dka ne more izkoristiti zau\u017eitih hranil, zato ne pridobiva dovolj na te\u017ei in ne uspeva.  <\/p>\n<p>&nbsp;<\/p>\n<p><strong>Spremembe vedenja<\/strong><\/p>\n<p>Pri ma\u010dkah, oku\u017eenih s FIP, lahko lastniki najprej opazijo manj o\u010ditne simptome, kot so zmanj\u0161ana aktivnost, apati\u010dnost in pomanjkanje apetita.<br \/>\nVa\u0161a ma\u010dka lahko postane veliko manj interaktivna kot prej in se raje zadr\u017euje v samoti ali ves dan spi.<br \/>\nLahko se tudi za\u010dne izogibati stikom z drugimi hi\u0161nimi ljubljen\u010dki ali ljudmi.<br \/>\nPica je \u0161e ena vedenjska sprememba, povezana z virusom &#8211; \u010de va\u0161a \u017eival za\u010dne jesti predmete, ki niso hrana, je to lahko znak, da ima FIP.<br \/>\nPoleg anoreksije (popolna izguba apetita) lahko opazite, da se va\u0161a ma\u010dka trudi sama hraniti ali da je popolnoma nezainteresirana za hrano, ko ji jo ponudite &#8211; oboje je lahko pokazatelj, da nekaj ni v redu. <\/p>\n<p>&nbsp;<\/p>\n<p><strong>Izguba te\u017ee in izguba apetita<\/strong><\/p>\n<p>Izguba te\u017ee in izguba apetita sta dva od prvih znakov FIP. Ko se ma\u010dke prvi\u010d oku\u017eijo, se simptomi lahko pojavijo \u0161ele po nekaj tednih ali mesecih. Vendar pa sta lahko po\u010dasno huj\u0161anje in zmanj\u0161an apetit znak, da je nekaj narobe. Izguba te\u017ee pri ma\u010dkah je obi\u010dajno neopazna, vendar je lastniki ne smejo spregledati &#8211; nenadno zmanj\u0161anje te\u017ee za 15-20 % v samo nekaj dneh lahko pomeni, da gre za FIP. Podobno lahko zmanj\u0161an apetit tudi ob ugodni hrani ka\u017ee na za\u010detek bolezni. Tovrstni kompleks simptomov lahko ka\u017ee na odpoved organov zaradi FIP ali drugih resnih bolezni, kot je kroni\u010dna bolezen ledvic, ki lahko nezdravljena hitro napreduje in ogro\u017ea \u017eivljenje ma\u010dk, \u010de ni odkrita zgodaj. \u0160tevilni lastniki ma\u010dk so poro\u010dali, da so opazili dramati\u010dne spremembe v ravni energije in aktivnosti, povezane s temi simptomi, kar \u0161e dodatno poudarja njihov pomen pri odlo\u010danju veterinarjev in lastnikov hi\u0161nih \u017eivali o diagnozi in zdravljenju.  <\/p>\n<p>&nbsp;<\/p>\n<p><strong>Nihajo\u010da vro\u010dina<\/strong><\/p>\n<p>Nihajo\u010da vro\u010dina pri ma\u010dkah je obi\u010dajno opredeljena kot izmeni\u010dno nizka in visoka temperatura.<br \/>\nTo je eden od prvih klini\u010dnih znakov, povezanih s FIP.<br \/>\nTa vrsta vro\u010dine se lahko dnevno spreminja in niha med normalno telesno temperaturo in nevarno visokimi temperaturami.<br \/>\nKer se to lahko zgodi nenadoma, je pomembno, da lastniki ma\u010dk redno spremljajo temperaturo svojega ljubljen\u010dka, saj so lahko nenadne spremembe znak FIP ali druge resne zdravstvene te\u017eave.<br \/>\nNihajo\u010do vro\u010dino zlahka zamenjamo s stalno visoko vro\u010dino, ki jo imajo ma\u010dke, ko zbolijo, vendar sta to dve zelo razli\u010dni bolezni, ki zahtevata razli\u010dne oblike zdravljenja. <\/p>\n<p>&nbsp;<\/p>\n<h2><strong>Znaki v napredovali fazi FIP<\/strong><\/h2>\n<p>&nbsp;<\/p>\n<p>Simptomi lahko napredujejo do huj\u0161ih posledic, kot sta odpoved organov in kopi\u010denje teko\u010dine.<br \/>\nNadaljujte z branjem in izveste ve\u010d! <\/p>\n<p><strong>odpoved organov<\/strong><\/p>\n<p>Okvara organov je ena najhuj\u0161ih posledic, povezanih s FIP.<br \/>\nPrizadene lahko razli\u010dne organe, kot so ledvice, jetra in \u0161tevilne druge.<br \/>\nKo dose\u017ee najnaprednej\u0161o fazo, lahko pride do motenj v delovanju ali odpovedi organov.<br \/>\nPo\u0161kodbe organov lahko povzro\u010dijo \u0161tevilne simptome, ki se razlikujejo glede na prizadeta mesta v telesu.<br \/>\n\u010ce se predolgo ne zdravi, to mo\u010dno obremeni splo\u0161no telesno zdravje prizadete \u017eivali, dokler se s\u010dasoma ne spremeni v katastrofalno bolezen ali povzro\u010di smrt, \u010de ni dovolj zgodaj ujeta in ustrezno zdravljena. <\/p>\n<p>&nbsp;<\/p>\n<p><strong>Vztrajna visoka vro\u010dina<\/strong><\/p>\n<p>Nenehna vro\u010dina je pogost klini\u010dni znak, povezan z napredovalimi fazami ma\u010djega infekcijskega peritonitisa (FIP).<br \/>\nVro\u010dina lahko dose\u017ee temperaturo med 102 \u00b0F in 105 \u00b0F ter traja ve\u010d tednov ali mesecev.<br \/>\nPomembno je, da se diagnoza postavi zgodaj, saj pomaga pri izklju\u010ditvi drugih bolezni in za\u010detku zdravljenja.<br \/>\nVro\u010dina je posledica vnetja, ki je posledica raz\u0161irjene oku\u017ebe, ki jo lahko spremljajo znaki, kot so letargija, otekanje trebuha, izguba apetita, huj\u0161anje in zlatenica.<br \/>\n\u010ce vro\u010dina vztraja kljub zdravljenju z antibiotiki ali protivnetnimi zdravili, lahko ka\u017ee na FIP.<br \/>\nVisoka temperatura se pogosto normalizira, ko se za\u010dne ustrezno zdravljenje. <\/p>\n<p>&nbsp;<\/p>\n<p><strong>Kopi\u010denje teko\u010dine<\/strong><\/p>\n<p>Kopi\u010denje teko\u010dine je glavni znak FIP pri ma\u010dkah in se lahko pojavi na razli\u010dnih delih telesa.<br \/>\nV prsnem ko\u0161u se teko\u010dina nabira okoli srca in plju\u010d, zaradi \u010desar je gibanje omejeno, dihanje pa ote\u017eeno.<br \/>\nPoleg tega lahko ote\u010dejo bezgavke zaradi blokade, ki jo povzro\u010di prekomerno nastajanje s proteini bogatih teko\u010dinskih celic, imenovanih plevralni izlivi.<br \/>\nTeko\u010dina se lahko nabira tudi v drugih organih, kot sta trebuh ali mo\u0161nja, zaradi \u010desar ti predeli ote\u010dejo in so za va\u0161o ma\u010dko bole\u010di.<br \/>\nPoleg tega lahko o\u010di va\u0161e ma\u010dke ka\u017eejo znake tega kopi\u010denja v njih, vklju\u010dno s spremembami obarvanosti ali motnosti, odebelitvijo ro\u017eenice (edem ro\u017eenice) hipopionom (bela pena na zadnjem delu o\u010desa) ali odstopom mre\u017enice zaradi povi\u0161anega znotrajo\u010desnega tlaka, ki je posledica oku\u017ebe s FIP. <\/p>\n<p>&nbsp;<\/p>\n<p><strong>Te\u017eave z o\u010dmi<\/strong><\/p>\n<p>Te\u017eave z o\u010dmi so pogost pokazatelj FIP. Pri ma\u010dkah s FIP se lahko pojavijo o\u010desne spremembe, za katere je zna\u010dilen piogranulomatozni sprednji uveitis. Simptomi lahko vklju\u010dujejo vnetje o\u010desnega zrkla, me\u017eikanje, otekle tretje veke in pove\u010dane o\u010di, ki lahko poslab\u0161ajo vid ali celo vodijo v slepoto, \u010de se ne zdravijo. Pri \u017eivalih s to vrsto o\u010desne manifestacije lahko pride do pove\u010danega izlo\u010danja solz in krvavitve iz o\u010desa zaradi razjede, ki jo povzro\u010di oku\u017eba. Poleg tega lahko nevrolo\u0161ki simptomi, povezani s FIP, vplivajo na \u017eiv\u010dni sistem &#8211; vklju\u010dno z vidom in te\u017eavami z o\u010dmi, kot so skr\u010dene zenice, ki se ne odzivajo ustrezno na spremembe svetlobe. V nekaterih primerih mokre oblike izcedne FIP je bilo ugotovljeno povi\u0161anje znotrajo\u010desnega tlaka, ki ga spremlja zadebelitev ro\u017eenice, kar lahko s\u010dasoma privede do izgube vida, \u010de se ne zdravi pravilno ali dovolj hitro.<\/p>\n","protected":false},"excerpt":{"rendered":"<p>Pri oku\u017ebi s tem virusom obstajajo \u0161tiri razli\u010dne stopnje FIP: za\u010detna izpostavljenost in inkubacija, primarna viremija, sekundarna viremija in klini\u010dna FIP. &nbsp; Faza FIP: za\u010detna izpostavljenost in inkubacija Ma\u010dji koronavirus (FCoV) je prisoten v \u0161tevilnih okoljih, zato je zelo verjetno, da bodo ma\u010dke kdaj v \u017eivljenju izpostavljene temu virusu. Za\u010detna oku\u017eba je obi\u010dajno benigna, vendar [&hellip;]<\/p>\n","protected":false},"author":1,"featured_media":28664,"parent":0,"menu_order":0,"comment_status":"closed","ping_status":"closed","template":"","meta":{"_glsr_average":0,"_glsr_ranking":0,"_glsr_reviews":0,"footnotes":""},"categories":[1176],"tags":[],"_links":{"self":[{"href":"https:\/\/fipmed.co\/sl\/wp-json\/wp\/v2\/pages\/28663"}],"collection":[{"href":"https:\/\/fipmed.co\/sl\/wp-json\/wp\/v2\/pages"}],"about":[{"href":"https:\/\/fipmed.co\/sl\/wp-json\/wp\/v2\/types\/page"}],"author":[{"embeddable":true,"href":"https:\/\/fipmed.co\/sl\/wp-json\/wp\/v2\/users\/1"}],"replies":[{"embeddable":true,"href":"https:\/\/fipmed.co\/sl\/wp-json\/wp\/v2\/comments?post=28663"}],"version-history":[{"count":0,"href":"https:\/\/fipmed.co\/sl\/wp-json\/wp\/v2\/pages\/28663\/revisions"}],"wp:featuredmedia":[{"embeddable":true,"href":"https:\/\/fipmed.co\/sl\/wp-json\/wp\/v2\/media\/28664"}],"wp:attachment":[{"href":"https:\/\/fipmed.co\/sl\/wp-json\/wp\/v2\/media?parent=28663"}],"wp:term":[{"taxonomy":"category","embeddable":true,"href":"https:\/\/fipmed.co\/sl\/wp-json\/wp\/v2\/categories?post=28663"},{"taxonomy":"post_tag","embeddable":true,"href":"https:\/\/fipmed.co\/sl\/wp-json\/wp\/v2\/tags?post=28663"}],"curies":[{"name":"wp","href":"https:\/\/api.w.org\/{rel}","templated":true}]}}