{"id":28691,"date":"2022-12-02T01:55:02","date_gmt":"2022-12-02T01:55:02","guid":{"rendered":"https:\/\/fipmed.co\/what-to-do-about-cat-abdominal-fluid-caused-by-wet-or-effusive-fip\/"},"modified":"2022-12-02T01:55:02","modified_gmt":"2022-12-02T01:55:02","slug":"what-to-do-about-cat-abdominal-fluid-caused-by-wet-or-effusive-fip","status":"publish","type":"page","link":"https:\/\/fipmed.co\/sl\/what-to-do-about-cat-abdominal-fluid-caused-by-wet-or-effusive-fip\/","title":{"rendered":"Kaj storiti glede ma\u010dje trebu\u0161ne teko\u010dine, ki jo povzro\u010da mokra ali izcedna FIP"},"content":{"rendered":"<h2>Povezava med FIP in trebu\u0161no teko\u010dino<\/h2>\n<p>FIP povzro\u010da kopi\u010denje teko\u010dine v trebu\u0161ni votlini ma\u010dke, zato je pomembno, da razumete znake in posledice.<\/p>\n<h3>Kako se kopi\u010di teko\u010dina pri FIP<\/h3>\n<p>Ma\u010dji infekciozni peritonitis (FIP) je hud in obi\u010dajno smrtno nevaren virus pri ma\u010dkah. Pojavi se, ko se koronavirus, ki \u017ee prebiva v ma\u010djem \u010drevesju, za\u010dne agresivneje razmno\u017eevati in se raz\u0161iri na druge dele telesa. To povzro\u010di vnetni odziv imunskega sistema, ki povzro\u010di kopi\u010denje teko\u010dine v razli\u010dnih organih, kot sta trebuh ali prsni ko\u0161. Do zadr\u017eevanja teko\u010dine pride zaradi pove\u010dane prepustnosti krvnih \u017eil in zmanj\u0161ane limfne drena\u017ee. Ta proces vpliva tudi na po\u0161kodbe tkiv, kar vodi v nadaljnje po\u0161kodbe celic zaradi fibroze in tvorbe kolagena, ki sta posledica kroni\u010dnega vnetja. Oteklina trebuha, ki jo povzro\u010di FIP, je lahko precej vidna kot pove\u010danje okoli trebuha, ki je zaradi svoje viskozne strukture mehka, v\u010dasih pa \u010dvrsta &#8211; ob dotiku spominja na gumijasti cement; lahko se pojavijo tudi lisice, nitke ali strdki fibrina, odvisno od tega, kako dolgo je prisotna. Poleg tega, da se po videzu razlikuje od drugih vrst teko\u010din, ki jih najdemo pri \u017eivalih, so znanstveniki lahko identificirali alfa-1-kislinski glikoprotein (AGP), ki je pogosto povi\u0161an v vzorcih seruma, odvzetih pri preiskavah pred smrtjo iz izlo\u010dkov, ki so vi\u0161ji od pri\u010dakovanih v primerjavi z ma\u010dkami brez bolezni v normalnih okoli\u0161\u010dinah. <\/p>\n<h3>Vidni znaki FIP Izpirek<\/h3>\n<p>Ma\u010dke s FIP imajo lahko pove\u010dan trebuh, se upirajo merjenju temperature in so neprijetne, ko se jih dotikamo ob straneh. Oceniti je treba tudi stanje hidracije, saj lahko pride do dehidracije zaradi hudega otekanja trebuha, povezanega z efuzijami FIP. Teko\u010dina, povezana s FIP, je ob otipavanju med fizi\u010dnim pregledom pogosto videti viskozna, \u017eilava, lepljiva, penasta in svetlo rumene barve. V nekaterih primerih so lahko v teko\u010dini vidni celo lisice ali nitke, ki so povezane z usedlinami fibrina, zna\u010dilnimi za ta bolezenski proces; vendar je za ustrezno potrditev tega stanja pred za\u010detkom zdravljenja potrebna natan\u010dna diagnoza z uporabo laboratorijskih testnih metod, kot sta citologija in serologija. <\/p>\n<h3>Vloga pri diagnosticiranju in zdravljenju<\/h3>\n<p>Pri <a href=\"\/de?page_id=870\" target=\"_blank\" rel=\"noopener\">sumu na FIP pri ma\u010dkah<\/a> ima pomembno vlogo pri postavitvi diagnoze trebu\u0161na teko\u010dina. Eden od na\u010dinov, ki lahko pripomore k pozitivni diagnozi, je izvedba postopka, imenovanega &#8220;centeza&#8221;, ali odvzem dela te teko\u010dine in njena analiza na prisotnost povzro\u010diteljev oku\u017eb, zna\u010dilnih za FIP. Tako je diagnoza natan\u010dnej\u0161a v primerjavi z opiranjem na preiskave, kot sta CT ali ultrazvok, ki se obi\u010dajno uporabljata pri diagnosticiranju te bolezni. Analiza teko\u010dine veterinarjem omogo\u010da, da odkrijejo kopi\u010denje protitelesa, znanega kot antigen ma\u010djega koronavirusa (FCoV), ki se obi\u010dajno kopi\u010di skupaj z ascitesom v primerih, ko se razvije FIP. <\/p>\n<h2>Kdaj je treba odstraniti trebu\u0161no teko\u010dino pri izcedni bolezni FIP Ma\u010dke.<\/h2>\n<p>Ali bi morali zdaj, ko ste seznanjeni z vzrokom, odstraniti to teko\u010dino? Odvisno. V nadaljevanju smo vklju\u010dili dve izmi\u0161ljeni situaciji in predlagali ukrepanje za vsako od njiju.  <\/p>\n<p><strong>Scenarij I  <\/strong><\/p>\n<p><u>Pove\u010danje trebuha je jasno vidno. Vendar va\u0161a ma\u010dka brez te\u017eav je, pije in diha. <\/u><\/p>\n<p>V tem primeru ne svetujemo, da teko\u010dino odstranite. Hitro za\u010dnite zdravljenje z zdravilom GS-441524 in opazili boste zmanj\u0161anje velikosti oteklega trebuha. Virusi FIP se postopoma izlo\u010dajo iz telesa, ko to postopoma reabsorbira trebu\u0161no teko\u010dino. Ker v tem primeru obstaja ve\u010dje tveganje za \u0161kodo kot korist, odsesavanja trebu\u0161ne teko\u010dine ne svetujemo. Izgubljena teko\u010dina se hitro povrne, pogosto na ra\u010dun vnosa beljakovin in dehidracije. \u010ce ma\u010dka redno je in pije ter nima te\u017ekega dihanja, se izogibajte \u0161e ve\u010dji \u0161kodi za \u017ee tako ob\u010dutljiv sistem.  <\/p>\n<p><strong>Scenarij II  <\/strong><\/p>\n<p><u>Pove\u010danje povzro\u010da te\u017eave pri dihanju ali prehranjevanju.  <\/u><\/p>\n<p>V tem primeru je treba odstraniti del teko\u010dine, vendar ne vse. Te\u017eave z dihanjem povzro\u010dijo stres srca, ki se ka\u017ee kot povi\u0161an sr\u010dni utrip in sunkovito bitje srca. V skrajnih okoli\u0161\u010dinah lahko ta stres povzro\u010di odpoved srca. Dehidracija in pomanjkanje beljakovin sta posledica odstranitve teko\u010dine iz trebuha. V tem primeru so prednosti odvajanja teko\u010dine ve\u010dje od slabosti. Opozoriti je treba, da lahko pretirano odstranjevanje teko\u010dine povzro\u010di nevaren \u0161ok v sistemu va\u0161e ma\u010dke in lahko povzro\u010di smrt. Na splo\u0161no svetujemo, da odstranite najve\u010d 30 % celotne trebu\u0161ne teko\u010dine. V primerjavi z zdravljenjem odraslih ma\u010dk v najbolj\u0161ih letih bodite pri zdravljenju mladi\u010dev in starej\u0161ih ma\u010dk z mokro FIP bolj previdni, tako da odvajate manj teko\u010dine. Upo\u0161tevajte, da se bo teko\u010dina vrnila, \u010de va\u0161a ma\u010dka ne bo prejemala protivirusnega zdravila GS-441524.    <\/p>\n<p><strong>Opombe za odstranitev:<\/strong><\/p>\n<p>Odstranitev trebu\u0161ne teko\u010dine pri ma\u010dkah z diagnozo izcedne FIP je indicirana za zmanj\u0161anje otekline trebuha in olaj\u0161anje stanja ma\u010dke. Obi\u010dajno se po enem ali dveh tednih zdravljenja zmanj\u0161a oteklina trebuha, \u010de je bila teko\u010dina odstranjena. \u010ce je izliv dovolj velik, je treba razmisliti o njegovi odstranitvi s tehnikami zo\u017eevanja, kot so abdominocenteza\/torakocenteza ali interkostalna drena\u017ea, po kateri se lahko v prsno ali trebu\u0161no votlino vbrizga deksametazon. To bo pomagalo zmanj\u0161ati vnetje, povezano s FIP, kar bo izbolj\u0161alo udobje in izbolj\u0161alo prognozo za ma\u010dko. Vendar so obdobja remisije, povezana z odstranjevanjem izliva, na splo\u0161no za\u010dasna in pri ma\u010dkah obi\u010dajno hitro pride do ponovnega pojava bolezni, \u010de se ne izvaja celovita oskrba, potem ko se simptomi po posegu znatno zmanj\u0161ajo. <\/p>\n<h2>Metode za zmanj\u0161evanje kopi\u010denja teko\u010din<\/h2>\n<p>Drena\u017ea asciti\u010dne teko\u010dine pri ma\u010djem infekcijskem peritonitisu pogosto vklju\u010duje naslednje postopke: Veterinarska ocena: Vedno mora poseg izvajati veterinar ali oseba, ki dela pod njegovim nadzorom. Veterinar bo ma\u010dko fizi\u010dno pregledal, uporabil ultrazvok ali opravil druge diagnosti\u010dne postopke, da potrdi prisotnost asciti\u010dne teko\u010dine, preden bo nadaljeval z zdravljenjem. Priprava pred posegom: Priprave pred posegom vklju\u010dujejo pomiritev ali anestezijo ma\u010dke, da ji je udobneje in da se zmanj\u0161a njena raven tesnobe. Britje in sterilizacija podro\u010dja trebuha sta obi\u010dajna praksa za prepre\u010devanje oku\u017eb. Namestitev igle ali katetra: Veterinar bo skozi trebu\u0161no steno v trebu\u0161no votlino vstavil tanko iglo ali kateter. Obi\u010dajno se uporablja ultrazvo\u010dno vodenje, ki pomaga pri namestitvi in prepre\u010duje nenamerne po\u0161kodbe notranjih organov. Odvajanje teko\u010dine: Asciti\u010dno teko\u010dino iz trebuha ne\u017eno in po\u010dasi odvedemo v sterilno posodo. Od resnosti bolezni ma\u010dke in koli\u010dine ascitesa je odvisno, koliko teko\u010dine je treba odvesti. Da bi ubla\u017eili napihnjenost in bole\u010dine v trebuhu, se zdravljenje pogosto nadaljuje, dokler se ne izlo\u010di zadostna koli\u010dina teko\u010dine. Spremljanje: Ves \u010das bivanja v operacijski sobi se pri ma\u010dkah spremljata sr\u010dni utrip in frekvenca dihanja. Nega po posegu: Veterinar bo natan\u010dno opazoval ma\u010dko, ko bo okrevala po posegu. Po operaciji bodo nekatere ma\u010dke potrebovale zdravila proti bole\u010dinam, teko\u010dino in antibiotike za prepre\u010devanje oku\u017eb. Mo\u017eno je tudi povijanje ali \u0161ivanje trebuha, da se zapre vbodna luknja.<\/p>\n<p>&nbsp;<\/p>\n<h2>Podporna oskrba za bolj\u0161e po\u010dutje ma\u010dke<\/h2>\n<p>Podporna oskrba ma\u010dk z diagnozo FIP je bistvenega pomena, da se ma\u010dka bolje po\u010duti in izbolj\u0161a kakovost njenega \u017eivljenja. \u0160iroko spektralni antibiotiki so pogosto priporo\u010dljivo <a href=\"\/de?page_id=895\" target=\"_blank\" rel=\"noopener\">zdravljenje za podporno zdravljenje ma\u010dk s FIP<\/a>, saj lahko pomagajo zmanj\u0161ati vnetje in obvladati sekundarne oku\u017ebe. Pomembne so tudi podko\u017ene teko\u010dine, ki zagotavljajo, da ma\u010dka ostane hidrirana, in pomagajo vzdr\u017eevati optimalno telesno stanje. Za ubla\u017eitev nekaterih <a href=\"\/de?page_id=899\" target=\"_blank\" rel=\"noopener\">simptomov,<\/a> kot je driska, povezana s primeri FIP, se lahko uporabljajo doma\u010da zdravila, kot so bu\u010dni pire ali probiotiki. Pomembno je tudi zagotoviti podporno oskrbo, tudi \u010de med diagnosti\u010dnim postopkom ni ugotovljenega izliva, kar se pogosto zgodi v nekaterih primerih izliva ma\u010djega infekcijskega peritonitisa. To lahko vklju\u010duje uporabo intravenskih teko\u010din za vzdr\u017eevanje ravni hidracije, kadar peroralna rehidracija ne uspe, pa tudi sredstva za spodbujanje apetita ali prehranska dopolnila, ki jih lahko predpi\u0161e veterinarski dietetik glede na njihove individualne potrebe. Poleg tega bo izku\u0161en veterinar spremljal morebitne otekline v trebuhu va\u0161e ma\u010dke, saj to lahko pomeni kopi\u010denje teko\u010dine zaradi osnovnih zdravstvenih stanj, povezanih s FIP. <\/p>\n<p>&nbsp;<\/p>\n","protected":false},"excerpt":{"rendered":"<p>Povezava med FIP in trebu\u0161no teko\u010dino FIP povzro\u010da kopi\u010denje teko\u010dine v trebu\u0161ni votlini ma\u010dke, zato je pomembno, da razumete znake in posledice. Kako se kopi\u010di teko\u010dina pri FIP Ma\u010dji infekciozni peritonitis (FIP) je hud in obi\u010dajno smrtno nevaren virus pri ma\u010dkah. Pojavi se, ko se koronavirus, ki \u017ee prebiva v ma\u010djem \u010drevesju, za\u010dne agresivneje razmno\u017eevati [&hellip;]<\/p>\n","protected":false},"author":11,"featured_media":28692,"parent":0,"menu_order":0,"comment_status":"closed","ping_status":"closed","template":"","meta":{"_glsr_average":0,"_glsr_ranking":0,"_glsr_reviews":0,"footnotes":""},"categories":[1172],"tags":[1205,1173],"_links":{"self":[{"href":"https:\/\/fipmed.co\/sl\/wp-json\/wp\/v2\/pages\/28691"}],"collection":[{"href":"https:\/\/fipmed.co\/sl\/wp-json\/wp\/v2\/pages"}],"about":[{"href":"https:\/\/fipmed.co\/sl\/wp-json\/wp\/v2\/types\/page"}],"author":[{"embeddable":true,"href":"https:\/\/fipmed.co\/sl\/wp-json\/wp\/v2\/users\/11"}],"replies":[{"embeddable":true,"href":"https:\/\/fipmed.co\/sl\/wp-json\/wp\/v2\/comments?post=28691"}],"version-history":[{"count":0,"href":"https:\/\/fipmed.co\/sl\/wp-json\/wp\/v2\/pages\/28691\/revisions"}],"wp:featuredmedia":[{"embeddable":true,"href":"https:\/\/fipmed.co\/sl\/wp-json\/wp\/v2\/media\/28692"}],"wp:attachment":[{"href":"https:\/\/fipmed.co\/sl\/wp-json\/wp\/v2\/media?parent=28691"}],"wp:term":[{"taxonomy":"category","embeddable":true,"href":"https:\/\/fipmed.co\/sl\/wp-json\/wp\/v2\/categories?post=28691"},{"taxonomy":"post_tag","embeddable":true,"href":"https:\/\/fipmed.co\/sl\/wp-json\/wp\/v2\/tags?post=28691"}],"curies":[{"name":"wp","href":"https:\/\/api.w.org\/{rel}","templated":true}]}}