{"id":29606,"date":"2024-12-19T13:19:45","date_gmt":"2024-12-19T13:19:45","guid":{"rendered":"https:\/\/fipmed.co\/product\/1x-bottle-fipmed-eidd2801-30x-capsules-for-5kg-cats\/"},"modified":"2024-12-19T13:19:45","modified_gmt":"2024-12-19T13:19:45","slug":"1x-bottle-fipmed-eidd2801-30x-capsules-for-5kg-cats","status":"publish","type":"product","link":"https:\/\/fipmed.co\/sl\/izdelek\/1x-bottle-fipmed-eidd2801-30x-capsules-for-5kg-cats\/","title":{"rendered":"FIPMed EIDD2801 30x Kapsule (5kg ma\u010dke) Visoka toksi\u010dnost. Samo za ma\u010dke, odporne na GS441524."},"content":{"rendered":"<p>Za ma\u010dke, ki so razvile odpornost na zdravilo GS441524 in pri njih ne deluje ve\u010d, nudimo kapsule FIPMed EIDD2801. V tem primeru je EIDD2801 lahko zadnja mo\u017enost. <\/p>\n<p>Molnupiravir (EIDD-2801) je zelo toksi\u010den, zato ni primeren za dolgotrajno uporabo pri zdravljenju FIP. Dolgotrajna uporaba lahko povzro\u010di mutacije RNK, kar pove\u010da tveganje za nastanek raka. <\/p>\n<p>Molnupiravir je primeren le za kratkotrajno zdravljenje, kot je COVID-19, pri katerem petdnevno zdravljenje ni dovolj dolgo, da bi povzro\u010dilo \u0161kodljive mutagene u\u010dinke.<\/p>\n<p><strong>Pri ma\u010dkah s FIP, ki se zdravijo z molnupiravirom ali EIDD2801, se lahko pove\u010da mo\u017enost, da v treh letih zbolijo za rakom. Zdravljenje FIP z zdravilom EIDD2801 ni priporo\u010dljivo, zlasti pri mladih ma\u010dkah. <\/strong><\/p>\n<p>To je le alternativa, \u010de se va\u0161a ma\u010dka ne odziva ve\u010d na zdravilo GS441524.<\/p>\n<p>Zakaj mora zdravljenje FIP trajati 84 dni? Virus FIPV ostane v telesu ma\u010dke do 90 dni. Protivirusna zdravila, kot so GS-441524, Molnupiravir in GC376, zavirajo razmno\u017eevanje virusa in ga ne uni\u010dijo neposredno, zato moramo po\u010dakati, da virus naravno odmre. Trenutno na trgu ni zdravila, ki bi uspe\u0161no uni\u010dilo virus in tako skraj\u0161alo \u010das zdravljenja.   <\/p>\n<p>&#8211; Navodila: 1 kapsula na dan<\/p>\n<p>&#8211; Vsaka kapsula vsebuje 100 mg molnupiravirja (EIDD2801) za ma\u010dke s te\u017eo 5 kg<\/p>\n<p>&#8211; Vsaka stekleni\u010dka vsebuje 30 kapsul<\/p>\n<p><strong>Kako prepoznati EIDD2801, ki se prodaja kot GS441524?<\/strong><\/p>\n<p><span style=\"font-size: 12pt;\">&#8211; \u010ce je cena za GS441524 veliko ni\u017eja v primerjavi z industrijskimi standardi<\/span><\/p>\n<p><span style=\"font-size: 12pt;\">&#8211; \u010ce se prodaja v obliki kapsul. GS-441524 v obliki kapsul ne proizvaja noben proizvajalec. Vendar je vse zdravljenje z EIDD2801 izdelano v obliki kapsul.  <\/span><\/p>\n<p><span style=\"font-size: 12pt;\">&#8211; \u010ce se odmerjanje ali trajanje zdravljenja razlikuje od priporo\u010dila Dr. Nielsa Pedersena<\/span><\/p>\n","protected":false},"excerpt":{"rendered":"<p>Za ma\u010dke, ki so razvile odpornost na zdravilo GS441524 in pri njih ne deluje ve\u010d, ponujamo kapsule FIPMed EIDD2801. V tem primeru je EIDD2801 lahko zadnja mo\u017enost. <\/p>\n<p>Molnupiravir (EIDD-2801) je zelo toksi\u010den, zato ni primeren za dolgotrajno uporabo pri zdravljenju FIP. Dolgotrajna uporaba lahko povzro\u010di mutacije RNK, kar pove\u010da tveganje za nastanek raka. <\/p>\n<p>Molnupiravir je primeren le za kratkotrajno zdravljenje, kot je COVID-19, pri katerem petdnevno zdravljenje ni dovolj dolgo, da bi povzro\u010dilo \u0161kodljive mutagene u\u010dinke.<\/p>\n<p>Pri ma\u010dkah s FIP, ki se zdravijo z molnupiravirom ali EIDD2801, se lahko pove\u010da mo\u017enost, da v treh letih zbolijo za rakom. Zdravljenje FIP z zdravilom EIDD2801 ni priporo\u010dljivo, zlasti pri mladih ma\u010dkah. <\/p>\n<p>To je le alternativa, \u010de se va\u0161a ma\u010dka ne odziva ve\u010d na zdravilo GS441524.<\/p>\n<p>Zakaj mora zdravljenje FIP trajati 84 dni? Virus FIPV ostane v telesu ma\u010dke do 90 dni. Protivirusna zdravila, kot so GS-441524, Molnupiravir in GC376, zavirajo razmno\u017eevanje virusa in ga ne uni\u010dijo neposredno, zato moramo po\u010dakati, da virus naravno odmre. Trenutno na trgu ni zdravila, ki bi uspe\u0161no uni\u010dilo virus in tako skraj\u0161alo \u010das zdravljenja.   <\/p>\n<p>&#8211; Navodila: 1 kapsula na dan<\/p>\n<p>&#8211; Vsaka kapsula vsebuje 100 mg molnupiravirja (EIDD2801) za ma\u010dke s te\u017eo 5 kg<\/p>\n<p>&#8211; Vsaka stekleni\u010dka vsebuje 30 kapsul<\/p>\n","protected":false},"featured_media":29607,"template":"","meta":{"_glsr_average":0,"_glsr_ranking":0,"_glsr_reviews":0},"product_cat":[1227],"product_tag":[],"_links":{"self":[{"href":"https:\/\/fipmed.co\/sl\/wp-json\/wp\/v2\/product\/29606"}],"collection":[{"href":"https:\/\/fipmed.co\/sl\/wp-json\/wp\/v2\/product"}],"about":[{"href":"https:\/\/fipmed.co\/sl\/wp-json\/wp\/v2\/types\/product"}],"wp:featuredmedia":[{"embeddable":true,"href":"https:\/\/fipmed.co\/sl\/wp-json\/wp\/v2\/media\/29607"}],"wp:attachment":[{"href":"https:\/\/fipmed.co\/sl\/wp-json\/wp\/v2\/media?parent=29606"}],"wp:term":[{"taxonomy":"product_cat","embeddable":true,"href":"https:\/\/fipmed.co\/sl\/wp-json\/wp\/v2\/product_cat?post=29606"},{"taxonomy":"product_tag","embeddable":true,"href":"https:\/\/fipmed.co\/sl\/wp-json\/wp\/v2\/product_tag?post=29606"}],"curies":[{"name":"wp","href":"https:\/\/api.w.org\/{rel}","templated":true}]}}