{"id":29631,"date":"2022-11-30T16:38:07","date_gmt":"2022-11-30T16:38:07","guid":{"rendered":"https:\/\/fipmed.co\/product\/3x-strips-fipmed-tablets-30mg-10s\/"},"modified":"2022-11-30T16:38:07","modified_gmt":"2022-11-30T16:38:07","slug":"3x-strips-fipmed-tablets-30mg-10s","status":"publish","type":"product","link":"https:\/\/fipmed.co\/sl\/izdelek\/3x-strips-fipmed-tablets-30mg-10s\/","title":{"rendered":"3x Strips FipMed Tablete x 10 dni (za ma\u010dke s te\u017eo 3 kg)"},"content":{"rendered":"<p>&nbsp;<\/p>\n<p><span class=\"s1\">FipMed GS-441524 tablete je u\u010dinkovito zdravilo za zdravljenje ma\u010djega infekcijskega peritonitisa (FIP).<\/span><\/p>\n<p class=\"p1\"><span class=\"s1\">Vsaka tableta FipMed za 3 kg ma\u010dke vsebuje 45 mg GS-441524.<\/span><\/p>\n<p class=\"p1\"><span class=\"s1\">Namenjen je ma\u010dkam, ki ne tehtajo ve\u010d kot 3 kg.<\/span><\/p>\n<p class=\"p1\"><span class=\"s1\">GS-441524 je presnovno stabilen. Vendar se absorbirana koli\u010dina po prebavi ne bo v celoti presnovila. Ocenjena presnovljena koli\u010dina zadostuje za mokro in suho FIP. Pri okularni FIP in nevrolo\u0161ki FIP podvojite odmerek. Vzemite dve tableti namesto ene.    <\/span><\/p>\n<p>&nbsp;<\/p>\n<p class=\"p1\"><span class=\"s1\">Tablete in odmerjanje zdravila FIPMed so oblikovani na podlagi priporo\u010dil Dr. Nielsa Pedersena:<\/span><\/p>\n<p><strong>Mokro \/ suho FIP Odmerjanje za tablete:<\/strong><\/p>\n<p>Tableta Dejanski GS441524 Vsebina: 15mg\/kg<\/p>\n<p>Po 60-odstotni izgubi zaradi prebave in presnove*: 6mg\/kg<\/p>\n<p><strong>Okularni \/ nevrolo\u0161ki FIP Odmerjanje za tablete:<\/strong><\/p>\n<p>Tableta Dejanski GS441524 Vsebina: 30mg\/kg<\/p>\n<p>Po 60-odstotni izgubi zaradi prebave in presnove*: 12 mg\/kg<\/p>\n<p>&nbsp;<\/p>\n<p>* Ugotovljeno je bilo, da tudi peroralno dajanje zagotavlja koncentracijo v krvi, vendar nekoliko pozneje in le do pribli\u017eno 40 % najvi\u0161je koncentracije v primerjavi s podko\u017enim in intravenskim dajanjem. GS-441424 se iz \u010drevesja absorbira s pribli\u017eno 50-odstotno u\u010dinkovitostjo kot podko\u017eno ali intravensko dajanje. Glede na omejitve absorpcije peroralnega GS-441524 bi pri\u010dakovali, da bo peroralni odmerek pribli\u017eno dvakrat ve\u010dji od injekcijskega. (Niels Pedersen NC, 2018).   <\/p>\n<p>https:\/\/www.vetmed.ucdavis.edu\/sites\/g\/files\/dgvnsk4586\/files\/inline-files\/Use%20of%20oral%20GS-441524%20for%20FIP%20treatmemt_0.pdf<\/p>\n<p>&nbsp;<\/p>\n<p class=\"p1\"><span class=\"s1\">Vsak trak vsebuje 10 peroralnih tablet (10 dni zdravljenja)<\/span><\/p>\n","protected":false},"excerpt":{"rendered":"<p>&nbsp;<\/p>\n<p class=\"p1\"><span class=\"s1\">FipMed GS-441524 tablete je u\u010dinkovito zdravilo za zdravljenje ma\u010djega infekcijskega peritonitisa (FIP).<\/span><\/p>\n<p class=\"p1\"><span class=\"s1\">Vsaka tableta FipMed za 3 kg ma\u010dke vsebuje 45 mg GS-441524. Oblikovana je za ma\u010dke, ki ne tehtajo ve\u010d kot 3 kg. <\/span><\/p>\n<p class=\"p1\"><span class=\"s1\">GS-441524 je presnovno stabilen. Vendar se absorbirana koli\u010dina po prebavi ne bo v celoti presnovila. Ocenjena presnovljena koli\u010dina zadostuje za mokro in suho FIP. Pri okularni FIP in nevrolo\u0161ki FIP podvojite odmerek. Vzemite dve tableti namesto ene.    <\/span><\/p>\n<p class=\"p1\"><span class=\"s1\">Vsak trak vsebuje 10 peroralnih tablet (10 dni zdravljenja)<\/span><\/p>\n","protected":false},"featured_media":29632,"template":"","meta":{"_glsr_average":0,"_glsr_ranking":0,"_glsr_reviews":0},"product_cat":[1228],"product_tag":[],"_links":{"self":[{"href":"https:\/\/fipmed.co\/sl\/wp-json\/wp\/v2\/product\/29631"}],"collection":[{"href":"https:\/\/fipmed.co\/sl\/wp-json\/wp\/v2\/product"}],"about":[{"href":"https:\/\/fipmed.co\/sl\/wp-json\/wp\/v2\/types\/product"}],"wp:featuredmedia":[{"embeddable":true,"href":"https:\/\/fipmed.co\/sl\/wp-json\/wp\/v2\/media\/29632"}],"wp:attachment":[{"href":"https:\/\/fipmed.co\/sl\/wp-json\/wp\/v2\/media?parent=29631"}],"wp:term":[{"taxonomy":"product_cat","embeddable":true,"href":"https:\/\/fipmed.co\/sl\/wp-json\/wp\/v2\/product_cat?post=29631"},{"taxonomy":"product_tag","embeddable":true,"href":"https:\/\/fipmed.co\/sl\/wp-json\/wp\/v2\/product_tag?post=29631"}],"curies":[{"name":"wp","href":"https:\/\/api.w.org\/{rel}","templated":true}]}}