{"id":22277,"date":"2022-12-02T08:10:56","date_gmt":"2022-12-02T08:10:56","guid":{"rendered":"https:\/\/fipmed.co\/vat-fip-eller-torr-fip-typer-av-katt-fip\/"},"modified":"2022-12-02T08:10:56","modified_gmt":"2022-12-02T08:10:56","slug":"vat-fip-eller-torr-fip-typer-av-katt-fip","status":"publish","type":"page","link":"https:\/\/fipmed.co\/sv\/vat-fip-eller-torr-fip-typer-av-katt-fip\/","title":{"rendered":"4 typer av FIP hos katt: v\u00e5t FIP, torr FIP, okul\u00e4r FIP och neurologisk FIP"},"content":{"rendered":"<p>Felin infekti\u00f6s peritonit (FIP) \u00e4r en vanlig och d\u00f6dlig sjukdom f\u00f6r katter.<br \/>\nInte nog med det, den finns ocks\u00e5 i flera varianter och kan p\u00e5verka en katt p\u00e5 olika s\u00e4tt.<br \/>\nI den h\u00e4r artikeln kommer vi att prata om de olika typerna av FIP som kan manifesteras.    <\/p>\n<h2><strong>Typer av FIP hos katt<\/strong><\/h2>\n<p>  FIP kan yttra sig p\u00e5 tre olika s\u00e4tt: en v\u00e5t, effusiv, exsudativ form; en torr, granulomat\u00f6s, parenkymat\u00f6s, icke-effusiv form; och en blandform.<br \/>\nDen f\u00f6rsta formen k\u00e4nnetecknas av fibrin\u00f6s peritonit, pleurit eller perikardit med utgjutningar i buken, br\u00f6stkorgen och\/eller perikardiet.<br \/>\nCNS och andra organ, inklusive \u00f6gonen, uppvisar granulomat\u00f6sa f\u00f6r\u00e4ndringar i den andra varianten, som saknar tydliga utgjutningar.<br \/>\nEftersom varje katt med FIP uppvisar effusioner i varierande grad tillsammans med mer eller mindre granulomat\u00f6sa organf\u00f6r\u00e4ndringar, har det fastst\u00e4llts att det inte \u00e4r till n\u00e5gon hj\u00e4lp att skilja mellan dessa typer (och endast till nytta f\u00f6r den diagnostiska metoden).<br \/>\nFormerna kan ocks\u00e5 \u00f6verg\u00e5 i varandra.<br \/>\nFIP kan s\u00e5ledes helt enkelt vara mer eller mindre produktiv eller exsudativ hos en viss katt vid en viss tidpunkt.       <\/p>\n<h2><strong>Skillnader mellan torr och v\u00e5t FIP<\/strong><\/h2>\n<p><strong>Icke-effektiv &#8221;torr<\/strong> &#8221; FIP Hos vissa kattdjur sker ingen eller endast liten v\u00e4tskeansamling vid &#8221;torr&#8221; eller icke-effektiv FIP.<br \/>\nVid den torra formen \u00e4r \u00f6gonen, hj\u00e4rnan, levern, tarmen eller andra organ ofta kraftigt inflammerade, vilket kan orsaka ett antal kliniska symtom.<br \/>\nF\u00f6r m\u00e5nga katter med FIP som inte \u00e4r smittsam \u00e4r \u00f6gonproblem det enda kliniska symtomet.<br \/>\nN\u00e4r en sjukdom f\u00e5r f\u00e4ste f\u00f6rs\u00e4mras majoriteten av de drabbade snabbt, men vissa katter kan fungera normalt under n\u00e5gra veckor.<br \/>\nTyv\u00e4rr leder n\u00e4stan alla fall av sjukdomen till d\u00f6den.<br \/>\nEndast en liten del av de katter som uts\u00e4tts f\u00f6r felint coronavirus, \u00e4ven de som har potential att <a href=\"\/?page_id=13322\" target=\"_blank\" rel=\"noopener\">orsaka FIP<\/a>, kan f\u00f6rsvara sig mot det, vilket leder till klinisk sjukdom hos de flesta smittade katter.<br \/>\nSom redan n\u00e4mnts avlider dock de som blir sjuka n\u00e4stan alltid. Flytande <strong>&#8221;v\u00e5t&#8221; FIP<\/strong> V\u00e4tskeansamling i br\u00f6stet eller magen, som kan g\u00f6ra det sv\u00e5rt att andas, \u00e4r det avg\u00f6rande kliniska symtomet p\u00e5 flytande FIP.<br \/>\nAptitl\u00f6shet, feber, viktnedg\u00e5ng, gulsot och diarr\u00e9 \u00e4r andra symtom.         <\/p>\n<h2><strong>DIAGNOS AV V\u00c5T &amp; TORR FIP  <\/strong><\/h2>\n<p><strong>Diagnostisering av effusiv FIP<\/strong> Den effusiva typen av sjukdomen \u00e4r nu l\u00e4ttare att diagnostisera \u00e4n vad den en g\u00e5ng var.<br \/>\nEffusiv FIP kan diagnostiseras om viralt RNA hittas i ett prov av effusionen (v\u00e4tska som dr\u00e4neras fr\u00e5n kroppen), till exempel med hj\u00e4lp av en polymeraskedjereaktion med omv\u00e4nd transkription (RT-PCR).<br \/>\nF\u00f6r att g\u00f6ra detta m\u00e5ste dock ett prov skickas till ett externt veterin\u00e4rmedicinskt laboratorium.<br \/>\nFlera diagnostiska metoder som finns tillg\u00e4ngliga p\u00e5 djursjukhuset kan snabbt utesluta en \u00f6verdriven FIP-diagnos, t.ex:     <\/p>\n<ol>\n<li>Kontrollera utfl\u00f6dets totala proteinhalt; om den \u00e4r l\u00e4gre \u00e4n 35 g\/l \u00e4r FIP mycket osannolikt.<\/li>\n<li>Best\u00e4m f\u00f6rh\u00e5llandet mellan albumin och globulin i utgjutningen; om det \u00e4r st\u00f6rre \u00e4n 0,8 \u00e4r FIP uteslutet; om det \u00e4r mindre \u00e4n 0,4 \u00e4r FIP ett potentiellt diagnostiserbart men os\u00e4kert tillst\u00e5nd.<\/li>\n<li>Unders\u00f6k cellerna i blodutgjutningen; om majoriteten av dem \u00e4r lymfocyter (en typ av vita blodkroppar) kan FIP uteslutas som diagnos.<\/li>\n<\/ol>\n<p><strong>Diagnos av icke-effusiv F<\/strong> IP Eftersom de kliniska indikationerna p\u00e5 icke-effusiv FIP tenderar att vara mer tvetydiga och varierande \u00e4n de f\u00f6r effusiv FIP, \u00e4r listan \u00f6ver differentialdiagnoser betydligt l\u00e4ngre. N\u00e4r f\u00f6ljande villkor \u00e4r uppfyllda b\u00f6r diagnosen icke-effusiv FIP tas i beaktande..:  <\/p>\n<ol>\n<li>Bakgrund: Katten \u00e4r ung (under 2 \u00e5r) och renrasig; kattungar med stamtavla st\u00e5r f\u00f6r n\u00e4stan 70% av fallen av FIP.<\/li>\n<li>Tidigare h\u00e4ndelser: katten var stressad p\u00e5 grund av en nyligen genomf\u00f6rd kastrering eller vaccination<\/li>\n<li>Tidigare: Katten kan ha haft en chans att f\u00e5 FCoV p\u00e5 grund av faktorer som att den kommer fr\u00e5n ett avels- eller omplaceringshem eller att den nyligen har introducerats f\u00f6r en renrasig kattunge eller katt.<\/li>\n<li>Kliniska indikatorer inkluderar intraokul\u00e4ra tecken, anorexi, \u00e4ta mindre \u00e4n vanligt, misslyckas med att g\u00e5 upp i vikt, misslyckas med att g\u00e5 upp i vikt, blir anorektisk och gulsot.<\/li>\n<li>Hypergammaglobulinemi; f\u00f6rh\u00f6jt bilirubin utan f\u00f6rh\u00f6jda leverenzymer.<\/li>\n<li>Lymfopeni med icke-regenerativ, vanligen m\u00e5ttlig, anemi.<\/li>\n<li>Serologi: P\u00e5 grund av den h\u00f6ga f\u00f6rekomsten av FCoV i avels- och omplacerings katterier b\u00f6r denna parameter anv\u00e4ndas med f\u00f6rsiktighet.<br \/>\nKatten uppvisar en h\u00f6g antikroppstiter mot FCoV. <\/li>\n<\/ol>\n<p>  Om katten \u00e4r seronegativ kan non-effusive FIP uteslutas som diagnos om antikroppstestet har h\u00f6g k\u00e4nslighet.<br \/>\nFCoV Immunocomb (Biogal), Speed F-Corona rapid immunochromatographic (RIM) test (Virbac) och det snabbaste RIM-testet f\u00f6r felin infekti\u00f6s peritonit (MegaCor Diagnostic) visade sig alla vara 100 % k\u00e4nsliga i en studie som unders\u00f6kte flera kommersiellt tillg\u00e4ngliga interna FCoV-antikroppstester.<br \/>\nMed tv\u00e5 olika huvudtyper av FIP b\u00f6r katt\u00e4gare ha mer kunskap om detta \u00e4mne, s\u00e5 att de vet hur de ska behandla sina katter i v\u00e4rsta fall.<br \/>\nOm de inte utbildar sig ordentligt om olika typer av FIP kan de v\u00e4nda sig till sin veterin\u00e4r f\u00f6r att hitta ett l\u00e4mpligt s\u00e4tt att behandla kattens <a href=\"\/?page_id=883\" target=\"_blank\" rel=\"noopener\">FIP<\/a>.     <\/p>\n<h1><strong>Okul\u00e4r FIP<\/strong><\/h1>\n<p>  Denna typ av FIP kan orsaka allvarliga komplikationer hos katter, eftersom den ocks\u00e5 tr\u00e4nger igenom blod-\u00f6gonbarri\u00e4ren.  &nbsp;<\/p>\n<p><strong>\u00d6gonblodbarri\u00e4r \u00d6<\/strong> gonblodbarri\u00e4ren hos katter \u00e4r en viktig skyddsbarri\u00e4r mot spridning av FIP.<br \/>\nDenna barri\u00e4r best\u00e5r av celler som t\u00e4cker \u00f6gats fr\u00e4mre kammare, och dessa celler f\u00f6rhindrar patogener fr\u00e5n att tr\u00e4nga in och orsaka inflammation i detta k\u00e4nsliga omr\u00e5de.<br \/>\n\u00c4ven om detta g\u00f6r det sv\u00e5rt f\u00f6r ett virus som FCoV att komma \u00e5t okul\u00e4ra strukturer, kan skador uppst\u00e5 p\u00e5 grund av att barri\u00e4rerna bryts ned n\u00e4r kronisk inflammation uppst\u00e5r.<br \/>\nProteash\u00e4mmare som GC376 har ocks\u00e5 visat sig vara ineffektiva n\u00e4r det g\u00e4ller att passera blod-\u00f6gonbarri\u00e4ren, vilket g\u00f6r dem mindre anv\u00e4ndbara vid behandling av fall d\u00e4r okul\u00e4ra strukturer kan p\u00e5verkas av FIP.<br \/>\nF\u00f6r att makrofager laddade med viruspartiklar ska komma in i okul\u00e4ra strukturer m\u00e5ste de f\u00f6rst bryta igenom detta lager; utan framg\u00e5ngsrika passager genom varje successivt lager kan sjukdoms\u00f6verf\u00f6ring inte ske. &nbsp;<strong>Hur torr FIP utvecklas<\/strong> till okul\u00e4r FIP Torr FIP \u00e4r den mer d\u00f6dliga formen av sjukdomen och kan potentiellt utvecklas till okul\u00e4r FIP hos ungef\u00e4r en tredjedel av de katter som lider av denna typ.<br \/>\nVid okul\u00e4r FIP, eller uveit, utvecklas \u00f6gonlesioner till f\u00f6ljd av att blod-\u00f6gonbarri\u00e4ren f\u00f6rsvagas av viruset.<br \/>\nDetta leder till f\u00f6rh\u00f6jda glukosniv\u00e5er som orsakar svullnad och inflammation i \u00f6gonen.        &nbsp;<\/p>\n<h1><strong>Neurologisk FIP<\/strong><\/h1>\n<p>  Torr FIP kan ocks\u00e5 utvecklas till den farligaste formen av FIP, neurologisk FIP.  &nbsp;<\/p>\n<p><strong>Blodhj\u00e4rnbarri\u00e4ren Blod<\/strong> hj\u00e4rnbarri\u00e4ren (BBB) \u00e4r ett viktigt skyddsskikt som bildas av speciella celler som t\u00e4cker v\u00e4ggarna i de sm\u00e5 k\u00e4rlen i och runt hj\u00e4rnan.<br \/>\nDenna extremt t\u00e4ta barri\u00e4r spelar en viktig roll f\u00f6r att skydda v\u00e5rt centrala nervsystem fr\u00e5n skador genom att blockera potentiellt giftiga material som cirkulerar genom blodomloppet, inklusive systemiska toxiner.<br \/>\nDet \u00e4r d\u00e4rf\u00f6r inte f\u00f6rv\u00e5nande att neurologiska st\u00f6rningar kan uppst\u00e5 n\u00e4r denna barri\u00e4r bryts p\u00e5 grund av olika tillst\u00e5nd eller smitt\u00e4mnen, som till exempel vid FIP.<br \/>\nFIPV, som orsakar en intensiv inflammatorisk reaktion runt k\u00e4rl i olika v\u00e4vnader, inklusive hj\u00e4rnan, \u00e4r en vanlig orsak som ligger bakom 45-50% av alla fall av infektionsutl\u00f6sta neurologiska sjukdomar hos katter.<br \/>\nMed andra ord kan f\u00f6rlust av denna viktiga sk\u00f6ld kraftigt \u00f6ka risken f\u00f6r att utveckla neurologiska komplikationer till f\u00f6ljd av FIPV-infektion och skulle f\u00e5 allvarliga konsekvenser f\u00f6r terapeutiska ingrepp. &nbsp;<strong>Hur torr FIP utvecklas till neurologisk<\/strong> FIP Torr FIP kan i vissa fall utvecklas till n\u00e4sta steg, neurologisk FIP.<br \/>\nT\u00e4theten och spridningen av cirkulerande vita blodkroppar och monocyter \u00f6kar i takt med att Dry FIP fortskrider.<br \/>\nDessa celler forts\u00e4tter att tr\u00e4nga in i cerebrospinalv\u00e4tskan tills ett inflammatoriskt tillst\u00e5nd uppst\u00e5r, vilket leder till neurologiska skador.<br \/>\nNeurologisk FIP p\u00e5verkar fr\u00e4mst kattens nervsystem, med de vanligaste symtomen som skakningar, g\u00e5ngsv\u00e5righeter (ataxi), mental f\u00f6rvirring och aggressivt beteende.<\/p>\n","protected":false},"excerpt":{"rendered":"<p>Felin infekti\u00f6s peritonit (FIP) \u00e4r en vanlig och d\u00f6dlig sjukdom f\u00f6r katter. Inte nog med det, den finns ocks\u00e5 i flera varianter och kan p\u00e5verka en katt p\u00e5 olika s\u00e4tt. I den h\u00e4r artikeln kommer vi att prata om de olika typerna av FIP som kan manifesteras. Typer av FIP hos katt FIP kan yttra [&hellip;]<\/p>\n","protected":false},"author":11,"featured_media":22278,"parent":0,"menu_order":0,"comment_status":"closed","ping_status":"closed","template":"","meta":{"_glsr_average":0,"_glsr_ranking":0,"_glsr_reviews":0,"footnotes":""},"categories":[858],"tags":[859,860],"_links":{"self":[{"href":"https:\/\/fipmed.co\/sv\/wp-json\/wp\/v2\/pages\/22277"}],"collection":[{"href":"https:\/\/fipmed.co\/sv\/wp-json\/wp\/v2\/pages"}],"about":[{"href":"https:\/\/fipmed.co\/sv\/wp-json\/wp\/v2\/types\/page"}],"author":[{"embeddable":true,"href":"https:\/\/fipmed.co\/sv\/wp-json\/wp\/v2\/users\/11"}],"replies":[{"embeddable":true,"href":"https:\/\/fipmed.co\/sv\/wp-json\/wp\/v2\/comments?post=22277"}],"version-history":[{"count":0,"href":"https:\/\/fipmed.co\/sv\/wp-json\/wp\/v2\/pages\/22277\/revisions"}],"wp:featuredmedia":[{"embeddable":true,"href":"https:\/\/fipmed.co\/sv\/wp-json\/wp\/v2\/media\/22278"}],"wp:attachment":[{"href":"https:\/\/fipmed.co\/sv\/wp-json\/wp\/v2\/media?parent=22277"}],"wp:term":[{"taxonomy":"category","embeddable":true,"href":"https:\/\/fipmed.co\/sv\/wp-json\/wp\/v2\/categories?post=22277"},{"taxonomy":"post_tag","embeddable":true,"href":"https:\/\/fipmed.co\/sv\/wp-json\/wp\/v2\/tags?post=22277"}],"curies":[{"name":"wp","href":"https:\/\/api.w.org\/{rel}","templated":true}]}}