{"id":22285,"date":"2024-03-25T06:01:34","date_gmt":"2024-03-25T06:01:34","guid":{"rendered":"https:\/\/fipmed.co\/8-sjukdomar-liknande-fip-som-kan-misstas-som-feline-infektios-peritonit-fip\/"},"modified":"2024-03-25T06:01:34","modified_gmt":"2024-03-25T06:01:34","slug":"8-sjukdomar-liknande-fip-som-kan-misstas-som-feline-infektios-peritonit-fip","status":"publish","type":"page","link":"https:\/\/fipmed.co\/sv\/8-sjukdomar-liknande-fip-som-kan-misstas-som-feline-infektios-peritonit-fip\/","title":{"rendered":"8 Sjukdomar som liknar FIP och som kan misstas f\u00f6r Felin infekti\u00f6s peritonit (FIP)"},"content":{"rendered":"<p>FIP <strong>har mycket liknande symtom som m\u00e5nga<\/strong> andra sjukdomar Att diagnostisera Felin infekti\u00f6s peritonit (FIP) kan vara en stor utmaning, eftersom m\u00e5nga av symtomen delas med sjukdomar som liknar FIP och som kan misstas f\u00f6r Felin infekti\u00f6s peritonit.<br \/>\nDetta inkluderar viktminskning, svaghet, letargi, feber, anorexi och okul\u00e4ra lesioner.<br \/>\nEftersom dessa tillst\u00e5nd \u00e4r s\u00e5 lika varandra \u00e4r det viktigt att konsultera en veterin\u00e4r f\u00f6r att f\u00e5 r\u00e4tt diagnos.<br \/>\nFelint coronavirus (FCoV), som har kopplats till FIP, finns dessutom i allm\u00e4nhet hos katter, \u00e4ven hos friska katter.<br \/>\nEn annan utmaning n\u00e4r det g\u00e4ller diagnos \u00e4r virusets systemiska effekter.<br \/>\nDet kan leda till inflammation i hela kroppen och p\u00e5verka flera organ.<br \/>\nViruset riktar in sig p\u00e5 olika delar av kattens immunsystem, inklusive lymfatisk v\u00e4vnad, blodk\u00e4rl och celler i flera organ.<br \/>\nDetta leder till systemisk inflammation som p\u00e5verkar m\u00e5nga delar av kroppen.<br \/>\nDenna multiorganp\u00e5verkan kan orsaka m\u00e5nga tecken och symtom, t.ex. f\u00f6rstorade lymfk\u00f6rtlar eller buk, aptitl\u00f6shet, minskad aktivitetsniv\u00e5 eller feber, vilket g\u00f6r det extremt sv\u00e5rt att st\u00e4lla en korrekt diagnos.<br \/>\nEn felaktig diagnos kan leda till felbehandling som orsakar ytterligare h\u00e4lsokomplikationer.<br \/>\nI vissa fall kan katter till och med sakna kliniska tecken innan de g\u00e5r in i mer avancerade stadier av FIP, vilket inneb\u00e4r att en rutinm\u00e4ssig fysisk unders\u00f6kning inte r\u00e4cker f\u00f6r identifiering under de inledande stadierna. &nbsp;<strong>FCoV-virus finns hos n\u00e4stan alla<\/strong> katter Felint coronavirus (FCoV) \u00e4r ett vanligt virus som finns hos katter \u00f6ver hela v\u00e4rlden, \u00e4ven om det kan f\u00f6rekomma i olika takt beroende p\u00e5 milj\u00f6n.<br \/>\nDet uppskattas att upp till 80 % av katterna har exponerats f\u00f6r FCoV och kan b\u00e4ra p\u00e5 viruset utan att visa n\u00e5gra kliniska tecken eller symtom.<br \/>\nN\u00e4r det f\u00f6rekommer i stora m\u00e4ngder kan det dock orsaka infektioner som FIP.<br \/>\nD\u00e4rf\u00f6r \u00e4r experterna \u00f6verens om att noggrann \u00f6vervakning och sp\u00e5rning av detta virus \u00e4r viktigt f\u00f6r katt\u00e4gare med flera katter &#8211; s\u00e4rskilt de som bor i katthem eller p\u00e5 djurhem d\u00e4r smittspridningen snabbt kan bli h\u00f6g.<br \/>\nVilda katter b\u00e4r ocks\u00e5 p\u00e5 FCoV, vilket tyder p\u00e5 att det sprids globalt antingen genom direktkontakt mellan arter eller genom milj\u00f6smitta fr\u00e5n avf\u00f6ring eller infekterade dammpartiklar som sp\u00e5ras av f\u00e5glar och sm\u00e5 d\u00e4ggdjur som lever i liknande omr\u00e5den. &nbsp;<strong>Komorbiditet med FIP \u00e4r ocks\u00e5 mycket<\/strong> vanligt Vanlig komorbiditet med FIP \u00e4r toxoplasmos, FELV, FIV, FPV, inflammatorisk tarmsjukdom, cancer, hemotrofisk mykoplasmainfektion hos katt, lymfom, hj\u00e4rtproblem och leverinflammation.<br \/>\nEftersom komorbiditet vid FIP kan f\u00f6rekomma tillsammans med andra infektionssjukdomar f\u00f6rsv\u00e5rar detta ytterligare m\u00f6jligheterna att fastst\u00e4lla en korrekt diagnos.<br \/>\nH\u00e4r \u00e4r de sjukdomar som uppvisar liknande symtom som FIP och som ofta misstas f\u00f6r FIP.                  <\/p>\n<h3><\/h3>\n<h3>Toxoplasmos<\/h3>\n<p>  Toxoplasmos orsakas av parasiten Toxoplasma gondii, som kan smitta b\u00e5de m\u00e4nniskor och katter.<br \/>\nDetta virus \u00e4r lika vanligt som FCoV hos katter.<br \/>\nSjukdomen kan ge allm\u00e4nna symtom som feber, aptitl\u00f6shet och letargi, vilket \u00e4ven f\u00f6rekommer vid FIP.<br \/>\nKatter kan ocks\u00e5 uppvisa neurologiska manifestationer som liknar FIP.<br \/>\nToxoplasmos feldiagnostiseras ofta som FIP p\u00e5 grund av likheten i symtomen.<br \/>\nLatent reaktivering av toxoplasma hos katter kan ytterligare f\u00f6rsv\u00e5ra diagnosen.       <\/p>\n<h3><\/h3>\n<h3>FELV<\/h3>\n<p>  Feline Leukemia Virus \u00e4r ett retrovirus som kan leda till immunosuppression hos katter, medan FIP \u00e4r en immunmedierad sjukdom som orsakas av en mutant form av Feline Coronavirus.<br \/>\nFeLV kan predisponera katter f\u00f6r m\u00e5nga andra sjukdomar, inklusive FIP.<br \/>\nF\u00f6r b\u00e5da sjukdomarna uts\u00f6ndras virusen i saliv, n\u00e4ssekret, urin, avf\u00f6ring och mj\u00f6lk fr\u00e5n infekterade katter.<br \/>\n\u00d6verf\u00f6ring av viruset mellan katter kan ske fr\u00e5n ett bits\u00e5r, under \u00f6msesidig putsning och genom gemensam anv\u00e4ndning av kattl\u00e5dor och matsk\u00e5lar.<br \/>\nKatter med FeLV kan leva ett normalt liv under l\u00e5nga perioder.<br \/>\nMedian\u00f6verlevnadstiden f\u00f6r katter efter att FeLV diagnostiserats \u00e4r 2,5 \u00e5r, medan FIP utvecklas mycket snabbare utan behandling.       <\/p>\n<h3><\/h3>\n<h3>FIV<\/h3>\n<p>  FIV orsakas av Feline Immunodeficiency Virus, som p\u00e5verkar kattens immunf\u00f6rsvar.<br \/>\nDet liknar m\u00e4nniskans HIV p\u00e5 m\u00e5nga s\u00e4tt.<br \/>\nFIV g\u00f6r dem mer mottagliga f\u00f6r andra infektioner och \u00f6verf\u00f6rs fr\u00e4mst genom bett och n\u00e4ra kontakt med infekterade katter.<br \/>\nB\u00e5da sjukdomarna p\u00e5verkar katten systemiskt.<br \/>\nFIV f\u00f6rs\u00e4mrar kattens immunf\u00f6rsvar, medan FIP angriper kroppen via inflammation.<br \/>\nB\u00e5da sjukdomarna \u00e4r ocks\u00e5 smittsamma.<br \/>\nFIV kan inte botas, men FIP kan botas med GS441524.        <\/p>\n<h3><\/h3>\n<h3>FPV<\/h3>\n<p>  Felint panleukopenivirus (FPV) och felin infekti\u00f6s peritonit (FIP) \u00e4r b\u00e5da virussjukdomar som kan drabba katter.<br \/>\nD\u00e4rf\u00f6r kan deras kliniska symptom ocks\u00e5 vara likartade.<br \/>\nSymtom i samband med en FPV-infektion kan vara feber, letargi, kr\u00e4kningar eller diarr\u00e9, precis som vid FIP.<br \/>\nSmitts\u00e4ttet f\u00f6r de olika virusen skiljer sig dock \u00e5t.<br \/>\nFPV kan endast \u00f6verf\u00f6ras genom kontakt med kontaminerad avf\u00f6ring, medan infektioner relaterade till FIP verkar kr\u00e4va direktkontakt mellan katter eller indirekt \u00f6verf\u00f6ring via s\u00e4ngkl\u00e4der eller matsk\u00e5lar.      <\/p>\n<h3><\/h3>\n<h3>Inflammatorisk tarmsjukdom<\/h3>\n<p>  Inflammatory Bowel Disease (IBD) och FIP \u00e4r b\u00e5da allvarliga sjukdomar hos kattdjur som kan ha liknande symtom men skiljer sig \u00e5t n\u00e4r det g\u00e4ller orsak, diagnos och behandling.<br \/>\nIBD \u00e4r en kronisk sjukdom med inflammation i matsm\u00e4ltningskanalen som orsakas av en immunmedierad process.<br \/>\nDen orsakar malabsorption, kr\u00e4kningar, diarr\u00e9 och viktminskning p\u00e5 grund av skada eller irritation i tunntarmens slemhinna.<br \/>\nFIP orsakas \u00e5 andra sidan av infektion med vissa stammar av felint coronavirus, t.ex. FeCV.<br \/>\nFIP orsakar ocks\u00e5 matsm\u00e4ltningsproblem i tarmomr\u00e5det och ger d\u00e4rf\u00f6r liknande symtom som IBD.      <\/p>\n<h3><\/h3>\n<h3>Cancer<\/h3>\n<p>  Cancer hos katter orsakas av okontrollerad tillv\u00e4xt av onormala celler, till skillnad fr\u00e5n FIP som orsakas av en mutation av det felina coronaviruset.<br \/>\nSymtomen p\u00e5 cancer kan variera fr\u00e5n en typ till en annan och kan orsaka synliga kn\u00f6lar, lesioner eller flytningar, medan FIP p\u00e5verkar flera delar p\u00e5 grund av inflammation i hela kroppen, vilket orsakar anorexi, feber, andningsproblem och v\u00e4tskeansamling i vissa fall.   <\/p>\n<h3><\/h3>\n<h3>Hemotrofisk mykoplasmos hos katt<\/h3>\n<p>  Felin hemotrofisk mykoplasmos (FHM) och FIP \u00e4r tv\u00e5 sjukdomar som drabbar katter under liknande f\u00f6rh\u00e5llanden.<br \/>\nB\u00e5da kan orsaka inflammation i kroppen, vilket leder till svaghet, viktminskning, feber, gulsot, uttorkning och allm\u00e4n sjukdomsk\u00e4nsla.<br \/>\nFIP orsakas dock av en infektion med ett felint coronavirus som kallas FCoV, medan FHM orsakas av en infekti\u00f6s bakterie som kallas mykoplasma och som finns naturligt i m\u00e5nga katters halsar.    <\/p>\n<h3><\/h3>\n<h3>Lymfom<\/h3>\n<p>  Lymfom och FIP \u00e4r tv\u00e5 sjukdomar som \u00e4r vanliga hos katter och som kan ha mycket liknande symtom, eftersom b\u00e5da orsakar inflammation i flera kroppsdelar.<br \/>\nLymfom \u00e4r en typ av cancer som uppst\u00e5r i lymfsystemet och orsakas av en malign mutation, medan FIP \u00e4r en immunologisk sjukdom som f\u00f6rknippas med coronaviruset och leder till ett l\u00e4ckande peritonealmembran.<br \/>\nBehandlingarna varierar stort beroende p\u00e5 om det \u00e4r lymfom eller FIP.    <\/p>\n<h3><\/h3>\n<h3>Hj\u00e4rtproblem<\/h3>\n<p>  N\u00e4r det g\u00e4ller katter b\u00f6r man inte bortse fr\u00e5n hj\u00e4rth\u00e4lsan eftersom dessa djur kan drabbas av flera kardiovaskul\u00e4ra problem.<br \/>\nEftersom FIP vanligtvis orsakar systemisk inflammation i kroppen kan den p\u00e5verka hj\u00e4rtat indirekt p\u00e5 samma s\u00e4tt som andra hj\u00e4rtsjukdomar, t.ex. hypertrofisk kardiomyopati eller kongestiv hj\u00e4rtsvikt.<br \/>\nDet \u00e4r viktigt att k\u00e4nna till att \u00e4ven om b\u00e5da sjukdomarna har en del gemensamma symtom &#8211; bland annat aptitl\u00f6shet, viktminskning och feber &#8211; s\u00e5 \u00e4r de s\u00e5 pass olika att det kr\u00e4vs olika diagnostiska tester f\u00f6r att st\u00e4lla en definitiv diagnos f\u00f6r b\u00e5da tillst\u00e5nden.<br \/>\nEtt antal ytterligare tester kan ocks\u00e5 vara n\u00f6dv\u00e4ndiga n\u00e4r man har att g\u00f6ra med ett potentiellt hj\u00e4rtproblem, inklusive r\u00f6ntgen och elektrokardiogram.     <\/p>\n<h3><\/h3>\n<h3>Inflammation i levern<\/h3>\n<p>  Leverinflammation \u00e4r kroppens naturliga f\u00f6rsvarsmekanism mot sjukdomar och virus som kan leda till komplikationer p\u00e5 l\u00e4ngre sikt.<br \/>\nDet \u00e4r viktigt f\u00f6r katt\u00e4gare att vara medvetna om leverinflammation kontra FIP, eftersom de ofta uppvisar liknande symtom, inklusive d\u00e5lig aptit, sl\u00f6het, gulsot och minskad energiniv\u00e5.<br \/>\nFIP leder ocks\u00e5 till inflammerad lever och kan orsaka leverproblem.<br \/>\nDet \u00e4r alltf\u00f6r l\u00e4tt att tro att det bara \u00e4r ett leverproblem n\u00e4r det inte \u00e4r det.     <\/p>\n<h3><\/h3>\n<h3>Bakteriell peritonit<\/h3>\n<p>  Precis som FIP \u00e4r bakteriell peritonit ett allvarligt och potentiellt livshotande tillst\u00e5nd hos katter.<br \/>\nDet \u00e4r en inflammation i bukhinnan som orsakas av bakterier, med symtom som kan vara mycket lika FIP beroende p\u00e5 hur l\u00e5ngt framskriden sjukdomen har blivit.<br \/>\nBakteriell peritonit orsakas oftast av tarmbakterier som E. coli eller salmonella som kommer in i tarmarna eller blodomloppet p\u00e5 grund av cancer, leversjukdom, skador p\u00e5 skyddande lager i kroppen, t.ex. efter trauma (t.ex. bilolyckor), parasiter, dietproblem som matallergier eller intolerans och andra virusinfektioner (inklusive felint immunbristvirus) som tidigare kan ha f\u00f6rsvagat immunf\u00f6rsvaret hos katter.    <\/p>\n<h3><\/h3>\n<h3>Bakteriell pleurit<\/h3>\n<p>  Bakteriell pleurit \u00e4r en infektion i lungs\u00e4cken, som \u00e4r ett tunt v\u00e4vnadsskikt som bildar en s\u00e4ck runt varje lunga.<br \/>\nDen kan ge liknande symtom som FIP.<br \/>\nB\u00e5da sjukdomarna orsakar hosta, andningssv\u00e5righeter eller till och med kollaps om de inte behandlas.<br \/>\nMen medan FIP i allm\u00e4nhet leder till inflammation i flera organ samtidigt, riktar sig bakteriell pleurit specifikt mot de nedre luftv\u00e4garna och kan vara mycket lokal \u00e4ven om den kr\u00e4ver snabb behandling p\u00e5 grund av sin aggressiva natur.<br \/>\nDiagnosen av denna infektion inneb\u00e4r vanligtvis att man tar ett v\u00e4tskeprov antingen fr\u00e5n lungorna eller fr\u00e5n v\u00e4vnadsprover som tagits under en operation.<br \/>\nBehandlingen av bakteriell pleurit best\u00e5r ofta av antibiotika som ges intraven\u00f6st om m\u00f6jligt samt kompletterande syrgasbehandling och andra st\u00f6djande behandlingar beroende p\u00e5 patientens sv\u00e5righetsgrad.       <\/p>\n<h3><\/h3>\n<h3>Cryptococcosis<\/h3>\n<p>  Cryptococcosis, eller kryptokocksjukdom, \u00e4r en svampinfektion som orsakas av svamparten Cryptococcus neoformans som finns i jord och f\u00e5gelspillning.<br \/>\nSymtomen f\u00f6r b\u00e5da sjukdomarna \u00e4r ganska lika och omfattar viktminskning, feber, anorexi och letargi.<br \/>\nTecken p\u00e5 neurologiska problem som huvudlutning och ataxi kan ocks\u00e5 f\u00f6rekomma vid kryptokockos.<\/p>\n","protected":false},"excerpt":{"rendered":"<p>FIP har mycket liknande symtom som m\u00e5nga andra sjukdomar Att diagnostisera Felin infekti\u00f6s peritonit (FIP) kan vara en stor utmaning, eftersom m\u00e5nga av symtomen delas med sjukdomar som liknar FIP och som kan misstas f\u00f6r Felin infekti\u00f6s peritonit. Detta inkluderar viktminskning, svaghet, letargi, feber, anorexi och okul\u00e4ra lesioner. Eftersom dessa tillst\u00e5nd \u00e4r s\u00e5 lika varandra [&hellip;]<\/p>\n","protected":false},"author":1,"featured_media":22286,"parent":0,"menu_order":0,"comment_status":"closed","ping_status":"closed","template":"","meta":{"_glsr_average":0,"_glsr_ranking":0,"_glsr_reviews":0,"footnotes":""},"categories":[864],"tags":[],"_links":{"self":[{"href":"https:\/\/fipmed.co\/sv\/wp-json\/wp\/v2\/pages\/22285"}],"collection":[{"href":"https:\/\/fipmed.co\/sv\/wp-json\/wp\/v2\/pages"}],"about":[{"href":"https:\/\/fipmed.co\/sv\/wp-json\/wp\/v2\/types\/page"}],"author":[{"embeddable":true,"href":"https:\/\/fipmed.co\/sv\/wp-json\/wp\/v2\/users\/1"}],"replies":[{"embeddable":true,"href":"https:\/\/fipmed.co\/sv\/wp-json\/wp\/v2\/comments?post=22285"}],"version-history":[{"count":0,"href":"https:\/\/fipmed.co\/sv\/wp-json\/wp\/v2\/pages\/22285\/revisions"}],"wp:featuredmedia":[{"embeddable":true,"href":"https:\/\/fipmed.co\/sv\/wp-json\/wp\/v2\/media\/22286"}],"wp:attachment":[{"href":"https:\/\/fipmed.co\/sv\/wp-json\/wp\/v2\/media?parent=22285"}],"wp:term":[{"taxonomy":"category","embeddable":true,"href":"https:\/\/fipmed.co\/sv\/wp-json\/wp\/v2\/categories?post=22285"},{"taxonomy":"post_tag","embeddable":true,"href":"https:\/\/fipmed.co\/sv\/wp-json\/wp\/v2\/tags?post=22285"}],"curies":[{"name":"wp","href":"https:\/\/api.w.org\/{rel}","templated":true}]}}