{"id":22289,"date":"2024-03-25T07:31:47","date_gmt":"2024-03-25T07:31:47","guid":{"rendered":"https:\/\/fipmed.co\/vanliga-fip-komorbiditeter\/"},"modified":"2024-03-25T07:31:47","modified_gmt":"2024-03-25T07:31:47","slug":"vanliga-fip-komorbiditeter","status":"publish","type":"page","link":"https:\/\/fipmed.co\/sv\/vanliga-fip-komorbiditeter\/","title":{"rendered":"9 Vanliga FIP-komorbiditeter"},"content":{"rendered":"<h2>Varf\u00f6r f\u00f6rekommer FIP ofta tillsammans med andra sjukdomar?<\/h2>\n<p>  Katter med andra tillst\u00e5nd \u00e4n FIP \u00e4r ofta av en tillf\u00e4llighet positiva f\u00f6r FCoV-antikroppar eller viruset.<br \/>\nH\u00e4r \u00e4r 9 vanliga FIP-komorbiditeter.<br \/>\nFIP kan vara ett resultat av att immunsystemet f\u00f6rsvagas av redan existerande tillst\u00e5nd, virusmutation eller att den ursprungliga sjukdomen orsakar ytterligare komplikationer.    <\/p>\n<h3>Redan befintligt tillst\u00e5nd<\/h3>\n<p>  Att ha ett redan befintligt tillst\u00e5nd kan g\u00f6ra katter mer mottagliga f\u00f6r FIP &#8211; vilket p\u00e5verkar deras allm\u00e4nna h\u00e4lsa och livskvalitet.<br \/>\nDetta beror p\u00e5 att andra sjukdomar eller f\u00f6rsvagat immunf\u00f6rsvar kan vara en orsak till den mutation i viruset som orsakar FIP.<br \/>\nDet \u00e4r inte alltid som redan existerande tillst\u00e5nd \u00e4r uppenbara, men n\u00e5gra vanliga tecken kan vara feber, viktminskning, sl\u00f6het, anorexi och uttorkning, som alla \u00e4r tecken p\u00e5 bakteriella infektioner.<br \/>\nOm de uppt\u00e4cks tidigt kan antibiotika eller extra n\u00e4ring bidra till att mildra ytterligare skador p\u00e5 kattens redan f\u00f6rsvagade tillst\u00e5nd.<br \/>\nDessutom \u00e4r det viktigt att h\u00e5lla immuniseringen uppdaterad eftersom detta ocks\u00e5 kan fungera som ett skydd mot potentiella sekund\u00e4ra utvecklingar orsakade av redan existerande sjukdomar som FIP.      <\/p>\n<h3>Mutation av virus<\/h3>\n<p>  Mutationer i virusets spike-protein, som \u00e4r en viktig del av det felina coronaviruset, kan orsaka f\u00f6r\u00e4ndringar i hur viruset sprids och replikeras.<br \/>\nN\u00e4r det finns mutationer i just detta protein \u00f6kar FIP:s f\u00f6rm\u00e5ga att infektera katter och g\u00f6r att sjukdomen blir allvarligare n\u00e4r den bryter ut.<br \/>\nDessutom kan dessa spikar st\u00f6ra andra processer som oftast f\u00f6rknippas med immunsystemets cellfunktion, vilket leder till onormala resultat av den vanliga sjukdomsutvecklingen.<br \/>\nSom ett resultat kan olika samsjukligheter kopplade till FIP, s\u00e5som lunginflammation, kronisk njursjukdom (CKD), felint leukemivirus (FeLV), cancer eller autoimmuna sjukdomar utvecklas i h\u00f6gre takt \u00e4n f\u00f6rv\u00e4ntat p\u00e5 grund av f\u00f6rsvagade immunsvar orsakade av n\u00e4mnda virusmutationer som redan finns i cellerna.     <\/p>\n<h3>Initial sjukdom orsakad av svagt immunf\u00f6rsvar<\/h3>\n<p>  N\u00e4r en katt har en underliggande infektion kan immunf\u00f6rsvaret f\u00f6rsvagas.<br \/>\nDet f\u00f6rsvagade immunf\u00f6rsvaret leder till en h\u00f6gre risk f\u00f6r att utveckla FIP.<br \/>\nP\u00e5frestningar i milj\u00f6n kan ocks\u00e5 f\u00f6rsvaga immunf\u00f6rsvaret och \u00f6ka mottagligheten f\u00f6r FIPV-infektioner.<br \/>\nI synnerhet katter med FeLV-infektioner (Feline Leukemia Virus) \u00e4r mer mottagliga f\u00f6r FIP-virus \u00e4n andra friska katter eftersom deras f\u00f6rsvagade immunsystem inte effektivt kan bek\u00e4mpa nya virus.<br \/>\nUnga katter och de som redan har nedsatt immunf\u00f6rsvar kan ha sv\u00e5rt att bek\u00e4mpa katastrofala virusinfektioner som FIPV.      &nbsp;<\/p>\n<h2>Har lunginflammation och FIP<\/h2>\n<p>  Lunginflammation \u00e4r en vanlig komorbiditet i samband med FIP hos katter.<br \/>\nDet inneb\u00e4r att om din katt har FIP kommer den sannolikt ocks\u00e5 att ha lunginflammation som en del av infektionen.<br \/>\nLunginflammation uppst\u00e5r n\u00e4r inflammation blockerar luftv\u00e4garna som leder till lungorna och kan drabba katter i alla \u00e5ldrar och av alla raser.<br \/>\nKatter med FIP kan utveckla lunginflammation eftersom viruspartiklar fr\u00e5n FCoV orsakar ett inflammatoriskt svar som kan leda till andningssv\u00e5righeter och hosta p\u00e5 grund av v\u00e4tskeansamling i lungorna och pleurah\u00e5lan respektive bukh\u00e5lan.<br \/>\nSymtom p\u00e5 lunginflammation upptr\u00e4der i allm\u00e4nhet inom tv\u00e5 veckor efter exponering f\u00f6r felint coronavirus, bland annat aptitl\u00f6shet, letargi, feber, snabb andning, \u00f6kad hj\u00e4rtfrekvens, anstr\u00e4ngd andning (s\u00e5 kallad dyspn\u00e9), viktminskning och upphostning av blodigt slem.      <\/p>\n<h2><strong>Att ha CKD och FIP<\/strong><\/h2>\n<p>  Katter med kronisk njursjukdom (CKD) l\u00f6per \u00f6kad risk att drabbas av FIP, en potentiellt d\u00f6dlig virusinfektion.<br \/>\nStudier har visat att katter som lider av odiagnostiserad eller d\u00e5ligt hanterad CKD kan vara mer ben\u00e4gna att drabbas av FIP, p\u00e5 grund av deras f\u00f6rsvagade immunsystem som orsakats av den tidigare sjukdomen.<br \/>\nFaktum \u00e4r att CKD ofta avsl\u00f6jas n\u00e4r FIP upptr\u00e4der hos ett drabbat djur &#8211; vilket tyder p\u00e5 att sjukdomen redan fanns d\u00e4r innan den visade tecken p\u00e5 FIP.<br \/>\nDetta tyder p\u00e5 ett samband mellan de tv\u00e5 sjukdomarna och hur de kan p\u00e5verka varandra negativt.<br \/>\nLyckligtvis kan en tidig diagnos av CKS och FIP ge katterna b\u00e4ttre resultat, eftersom snabb behandling av b\u00e5da sjukdomarna kan bromsa utvecklingen av b\u00e5da sjukdomarna och lindra symtomen som f\u00f6rknippas med dem, t.ex. njursvikt eller feber.      <\/p>\n<h2>Att ha FELV och FIP<\/h2>\n<p>  Infektion med felint leukemivirus (FeLV) \u00e4r en vanlig komorbiditet vid FIP.<br \/>\nDe flesta katter som utvecklar FIP har en befintlig sjukdom eller infektion som FeLV, vilket g\u00f6r dem mer mottagliga f\u00f6r virus och andra infekti\u00f6sa \u00e4mnen.<br \/>\nMutationen av viruset kan leda till opportunistiska infektioner i f\u00f6rsvagade immunsystem, vilket leder till sjukdomsutveckling.<br \/>\nN\u00e4r FeLV-infektion f\u00f6rekommer i samband med FIP drabbas m\u00e5nga infekterade katter av djup panleukopeni &#8211; en minskning av antalet vita blodkroppar som h\u00e4mmar kattens immunf\u00f6rsvar.<br \/>\nDenna typ av anemi orsakar en drastisk minskning av trombocytniv\u00e5erna och \u00f6kar sk\u00f6rheten i vener och art\u00e4rer vilket leder till bl\u00f6dningsproblem i hela kroppen.<br \/>\nAndra tillst\u00e5nd som f\u00f6rknippas med FeLV \u00e4r maligniteter, immunsuppression och \u00f6kad virusbelastning hos drabbade katter, vilka alla \u00e4r faktorer som bidrar till en betydande f\u00f6rs\u00e4mring av kattens h\u00e4lsotillst\u00e5nd vid diagnos av FIP.       <\/p>\n<h2>Har cancer och FIP<\/h2>\n<p>  Katter som utvecklar cancer, eller felin neoplasi, kan vara lika mottagliga f\u00f6r att drabbas av andra samtidiga sjukdomar som FIP.<br \/>\nDet finns inga bevis f\u00f6r ett direkt samband mellan cancer och FIP hos katter, men experter ser en \u00f6kad s\u00e5rbarhet hos vissa katter med cancer som ocks\u00e5 drabbas av FIP.<br \/>\nDet svagare immunf\u00f6rsvaret hos dem som \u00e4r infekterade av b\u00e5da tillst\u00e5nden \u00e4r sannolikt en bidragande faktor till att b\u00e5da sjukdomarna upptr\u00e4der samtidigt.<br \/>\nSymtomen kan \u00f6verlappa varandra n\u00e5got beroende p\u00e5 specifika typer av cancer och den virusstam som \u00e4r inblandad i FIP, t.ex. kronisk viktminskning\/vikt\u00f6kning, sl\u00f6het, svag h\u00e4lsa \u00f6verlag, \u00e5terkommande feberepisoder eller andningsproblem ses bland drabbade katter i b\u00e5da tillst\u00e5nden samtidigt.<br \/>\nEftersom dessa tv\u00e5 sjukdomar har vissa gemensamma indikatorer kr\u00e4ver en s\u00e4ker diagnos vanligtvis en fullst\u00e4ndig blodpanelunders\u00f6kning som ger veterin\u00e4ren b\u00e4ttre m\u00f6jlighet att analysera infektionens art och omfattning.      <\/p>\n<h2>Att ha autoimmuna sjukdomar och FIP<\/h2>\n<p>  Katt\u00e4gare m\u00e5ste vara medvetna om de potentiella riskfaktorer som \u00e4r f\u00f6rknippade med FIP, varav en kan vara autoimmuna sjukdomar.<br \/>\nAutoimmuna sjukdomar upptr\u00e4der hos katter n\u00e4r kroppens antikroppar angriper de egna v\u00e4vnaderna och organen i st\u00e4llet f\u00f6r fr\u00e4mmande \u00e4mnen som bakterier och virus.<br \/>\nDetta f\u00f6rsvagade immunsystem g\u00f6r katten mer s\u00e5rbar f\u00f6r infektioner som FIP.<br \/>\nDessutom kan redan existerande tillst\u00e5nd fr\u00e5n autoimmuna sjukdomar skapa en milj\u00f6 f\u00f6r mutationer i coronavirus som ursprungligen \u00e4r ofarliga men som kan utvecklas till FIP och orsaka skador p\u00e5 celler i vitala organ.<br \/>\nEftersom det \u00e4r en luftburen sjukdom kan \u00e4ven friska katter utan n\u00e5got befintligt tillst\u00e5nd fortfarande vara i riskzonen om de har utsatts f\u00f6r en infekterad katt som tassat p\u00e5 n\u00e4san eller nyst i n\u00e4rheten.      <\/p>\n<h2>Har bakteriell infektion och FIP<\/h2>\n<p>  Katt\u00e4gare b\u00f6r vara medvetna om att bakteriella infektioner kan spela en roll i utvecklingen och f\u00f6rloppet av FIP.<br \/>\nDessutom kan en obehandlad bakterieinfektion ytterligare f\u00f6rsvaga kattens immunf\u00f6rsvar, vilket leder till att den snabbare drabbas av FIP om den infekteras.   <\/p>\n<h2>Har FHV och FIP<\/h2>\n<p>  N\u00e4r en katt \u00e4r infekterad med b\u00e5de felint herpesvirus (FHV) och FIP kan detta vara ett s\u00e4rskilt allvarligt fall.<br \/>\nFHV f\u00f6rsvagar kroppens f\u00f6rm\u00e5ga att bek\u00e4mpa andra sjukdomar, vilket g\u00f6r katter mer mottagliga f\u00f6r att bli sjuka av andra infektioner som FIP.<br \/>\nDessutom kan sjukdomstecken utvecklas snabbare p\u00e5 grund av det f\u00f6rsvagade immunf\u00f6rsvaret.<br \/>\nDetta beror p\u00e5 att om tv\u00e5 agens, som FHV och FIP i detta fall, \u00e4r n\u00e4rvarande samtidigt, beroende p\u00e5 vilken stam som valts ut genom genmutation, bidrar de samtidigt till inflammation och orsakar ytterligare skadliga direkta effekter av sina egna replikationscykler inuti cellerna.     <\/p>\n<h2>Har FIV och FIP<\/h2>\n<p>  Att ha b\u00e5de FIV (Feline Immunodeficiency Virus) och FIP kan avsev\u00e4rt \u00f6ka h\u00e4lsoriskerna f\u00f6r katter, eftersom det finns en risk f\u00f6r dubbelinfektion.<br \/>\nDetta \u00f6kar tyv\u00e4rr risken f\u00f6r allvarliga komplikationer som organsvikt, viktminskning och till och med d\u00f6dsfall.<br \/>\nAv den anledningen \u00e4r det viktigt att katt\u00e4gare l\u00e5ter testa sitt djur om de misst\u00e4nker n\u00e5gon av sjukdomarna.<br \/>\nDet st\u00f6rsta problemet med att ha b\u00e5de FIV och FPV hos katter \u00e4r att det f\u00f6rsvagar djurets immunf\u00f6rsvar avsev\u00e4rt, vilket g\u00f6r dem mer mottagliga f\u00f6r sjukdomar eller infektioner fr\u00e5n bakterier eller virus.<br \/>\nN\u00e4r katter \u00e4r infekterade av tv\u00e5 sjukdomar samtidigt kan det f\u00f6rv\u00e4rra symtomen och \u00e4ven komplicera behandlingsalternativen.<br \/>\nI vissa fall kan en katt f\u00f6rst bara visa tecken p\u00e5 ett tillst\u00e5nd &#8211; men sedan utveckla b\u00e5da samtidigt p\u00e5 grund av f\u00f6rsvagat immunf\u00f6rsvar \u00f6ver tid &#8211; s\u00e5 det \u00e4r viktigt att h\u00e5lla utkik efter tidiga varningstecken som feber, tr\u00f6tthet och \u00f6kad andningsfrekvens.       <\/p>\n<h2>Har FIP under graviditeten<\/h2>\n<p>  FIP under dr\u00e4ktighet \u00e4r s\u00e4rskilt oroande f\u00f6r en katt och hennes kattungar.<br \/>\nFIP kan f\u00f6rekomma hos ett litet antal dr\u00e4ktiga katter, vilket leder till en allvarlig d\u00f6dlighet b\u00e5de hos modern och hos kullen av of\u00f6dda kattungar.<br \/>\nSjukdomen utvecklas snabbt med sm\u00e5 chanser till tillfrisknande eftersom katter som infekterats av viruset drabbas av v\u00e4tskeansamlingar i kroppsh\u00e5lorna, or\u00f6rlighet i tarmen, njursvikt, leverskador eller andra organinflammationer.<br \/>\nTill r\u00e5ga p\u00e5 allt kan ett foster, \u00e4ven om det fortfarande \u00e4r vid liv i slutet av dr\u00e4ktigheten n\u00e4r modern drabbas av FIP, \u00e4nd\u00e5 d\u00f6 p\u00e5 grund av n\u00e4ringsbrist till f\u00f6ljd av moderns f\u00f6rsvagade tillst\u00e5nd.<br \/>\nMed tanke p\u00e5 hur kritisk en FIP-infektion under dr\u00e4ktigheten kan vara f\u00f6r b\u00e5de mamman och de drabbade barnen, b\u00f6r \u00e4garna snabbt s\u00f6ka l\u00e4karv\u00e5rd om de uppt\u00e4cker n\u00e5gra symtom som \u00e4r relaterade till denna sjukdom medan deras katt \u00e4r dr\u00e4ktig.<\/p>\n","protected":false},"excerpt":{"rendered":"<p>Varf\u00f6r f\u00f6rekommer FIP ofta tillsammans med andra sjukdomar? Katter med andra tillst\u00e5nd \u00e4n FIP \u00e4r ofta av en tillf\u00e4llighet positiva f\u00f6r FCoV-antikroppar eller viruset. H\u00e4r \u00e4r 9 vanliga FIP-komorbiditeter. FIP kan vara ett resultat av att immunsystemet f\u00f6rsvagas av redan existerande tillst\u00e5nd, virusmutation eller att den ursprungliga sjukdomen orsakar ytterligare komplikationer. Redan befintligt tillst\u00e5nd Att [&hellip;]<\/p>\n","protected":false},"author":1,"featured_media":22290,"parent":0,"menu_order":0,"comment_status":"closed","ping_status":"closed","template":"","meta":{"_glsr_average":0,"_glsr_ranking":0,"_glsr_reviews":0,"footnotes":""},"categories":[864],"tags":[],"_links":{"self":[{"href":"https:\/\/fipmed.co\/sv\/wp-json\/wp\/v2\/pages\/22289"}],"collection":[{"href":"https:\/\/fipmed.co\/sv\/wp-json\/wp\/v2\/pages"}],"about":[{"href":"https:\/\/fipmed.co\/sv\/wp-json\/wp\/v2\/types\/page"}],"author":[{"embeddable":true,"href":"https:\/\/fipmed.co\/sv\/wp-json\/wp\/v2\/users\/1"}],"replies":[{"embeddable":true,"href":"https:\/\/fipmed.co\/sv\/wp-json\/wp\/v2\/comments?post=22289"}],"version-history":[{"count":0,"href":"https:\/\/fipmed.co\/sv\/wp-json\/wp\/v2\/pages\/22289\/revisions"}],"wp:featuredmedia":[{"embeddable":true,"href":"https:\/\/fipmed.co\/sv\/wp-json\/wp\/v2\/media\/22290"}],"wp:attachment":[{"href":"https:\/\/fipmed.co\/sv\/wp-json\/wp\/v2\/media?parent=22289"}],"wp:term":[{"taxonomy":"category","embeddable":true,"href":"https:\/\/fipmed.co\/sv\/wp-json\/wp\/v2\/categories?post=22289"},{"taxonomy":"post_tag","embeddable":true,"href":"https:\/\/fipmed.co\/sv\/wp-json\/wp\/v2\/tags?post=22289"}],"curies":[{"name":"wp","href":"https:\/\/api.w.org\/{rel}","templated":true}]}}