{"id":22319,"date":"2024-03-25T07:24:09","date_gmt":"2024-03-25T07:24:09","guid":{"rendered":"https:\/\/fipmed.co\/allt-om-fip-aterfall-prevention-orsaker-och-behandling\/"},"modified":"2024-03-25T07:24:09","modified_gmt":"2024-03-25T07:24:09","slug":"allt-om-fip-aterfall-prevention-orsaker-och-behandling","status":"publish","type":"page","link":"https:\/\/fipmed.co\/sv\/allt-om-fip-aterfall-prevention-orsaker-och-behandling\/","title":{"rendered":"Allt om \u00e5terfall i FIP: F\u00f6rebyggande, orsaker och behandling"},"content":{"rendered":"<p>&nbsp;<\/p>\n<h2>Varf\u00f6r intr\u00e4ffar ett \u00e5terfall i FIP?<\/h2>\n<p>  FIP orsakas av ett virus, vilket inneb\u00e4r att sjukdomen kan f\u00f6rbli latent (inaktiv) i en infekterad katts kropp under en tid efter den f\u00f6rsta behandlingen.<br \/>\nEtt \u00e5terfall av FIP kan intr\u00e4ffa till och med m\u00e5nader eller veckor efter avslutad behandling om viruset \u00e5teraktiverar sig sj\u00e4lvt.<br \/>\nDet har dessutom visat sig att \u00e5terfall \u00e4r vanligare hos katter med neurologiska FIP-symtom \u00e4n hos katter med andra former av sjukdomen, vilket g\u00f6r dem s\u00e4rskilt s\u00e5rbara f\u00f6r detta problem.<br \/>\nF\u00f6r v\u00e4letablerade fall med infektioner i \u00f6gon, hj\u00e4rna och ryggrad kan en behandling p\u00e5 minst 12 veckor vara n\u00f6dv\u00e4ndig f\u00f6r att katten ska bli helt frisk fr\u00e5n FIP.     <\/p>\n<h2>Hur f\u00f6rhindrar man \u00e5terfall av FIP vid behandling med GS441524?<\/h2>\n<h3>Anv\u00e4nd inte immunosuppressiva medel<\/h3>\n<p>  Immunsuppressiva medel \u00e4r l\u00e4kemedel som normalt f\u00f6rskrivs f\u00f6r att minska skador fr\u00e5n inflammation vid behandling av felin infekti\u00f6s peritonit (FIP) under den f\u00f6rsta perioden.<br \/>\nImmunsuppressiva l\u00e4kemedel kan st\u00f6ra kroppens f\u00f6rm\u00e5ga att \u00e5terh\u00e4mta sig fr\u00e5n FIP, eftersom de f\u00f6rsvagar det naturliga f\u00f6rsvarssystemet genom att minska inflammation och undertrycka immuniteten.<br \/>\nDetta kan leda till en \u00f6kad risk f\u00f6r \u00e5terfall eller ytterligare komplikationer som t.ex. infektion.    <\/p>\n<h3>Forts\u00e4tt behandlingen i minst 84 dagar<\/h3>\n<p>  Rekommendationen att behandla katter med \u00e5terfall i FIP med GS441524 i 84 dagar st\u00f6ds av forskning som visar att det \u00f6kar behandlingens effekt.<br \/>\nAv 393 patienter uppn\u00e5dde 90% en framg\u00e5ngsrik kur n\u00e4r de administrerade GS441524 under 12 veckor och 11,4% f\u00f6rl\u00e4ngde sin behandling efter 84 dagar f\u00f6r att uppn\u00e5 \u00e4nnu b\u00e4ttre resultat.<br \/>\nDetta understryker ytterligare vikten av att fullf\u00f6lja hela den rekommenderade dosen f\u00f6r att optimera behandlingsresultaten.<br \/>\nUnderdosering av GS441524 \u00f6kar risken f\u00f6r \u00e5terfall och l\u00e4kemedelsresistens, vilket i slut\u00e4ndan kan leda till en misslyckad behandling f\u00f6r din kattkompis.     <\/p>\n<h3>Tillhandah\u00e5lla tillr\u00e4cklig v\u00e4tske- och n\u00e4ringstillf\u00f6rsel<\/h3>\n<p>  Det \u00e4r viktigt att ge tillr\u00e4ckligt med v\u00e4tska och n\u00e4ringstillf\u00f6rsel under behandlingen av \u00e5terfall i FIP.<br \/>\nV\u00e4tsketillf\u00f6rsel \u00e4r oerh\u00f6rt viktigt vid behandling av katter med FIP, eftersom det bidrar till att uppr\u00e4tth\u00e5lla normal organfunktion och st\u00f6der immunsystemets svar mot viruset.<br \/>\nDessutom kan det bidra till att minska vissa av de problem med blodkoagulering som \u00e4r f\u00f6rknippade med sjukdomen.<br \/>\nSamtidigt spelar r\u00e4tt n\u00e4ring en viktig roll f\u00f6r att st\u00f6dja l\u00e4kning och \u00e5terh\u00e4mtning.<br \/>\nTillr\u00e4ckligt proteinintag kr\u00e4vs f\u00f6r att bygga upp muskler som p\u00e5verkats av infektionen och \u00e5terst\u00e4lla f\u00f6rlorade energiniv\u00e5er p\u00e5 grund av ett f\u00f6rsvagat tillst\u00e5nd eller l\u00e4kemedelsbiverkningar, medan vissa kosttillskott kan bidra till att \u00f6ka kattens immunitet ytterligare f\u00f6r att motverka viruset.      <\/p>\n<h2>Hur behandlar man ett \u00e5terfall om det intr\u00e4ffar?<\/h2>\n<h3>\u00d6ka doseringen av GS441524<\/h3>\n<p>  Om ett \u00e5terfall intr\u00e4ffar efter behandling av FIP hos katter \u00e4r det n\u00f6dv\u00e4ndigt att \u00f6ka dosen av GS441524 med 50 %.<br \/>\nEn h\u00f6gre dos kan ge b\u00e4ttre effekt vid behandling av \u00e5terfall av FIP.<br \/>\nOm din katt har utvecklat h\u00f6g resistens mot GS441524 kan du kombinera behandlingen med GC376.<br \/>\nN\u00e4r \u00e5terfall intr\u00e4ffar \u00e4r dock chansen att katten \u00f6verlever vanligtvis liten.<\/p>\n","protected":false},"excerpt":{"rendered":"<p>&nbsp; Varf\u00f6r intr\u00e4ffar ett \u00e5terfall i FIP? FIP orsakas av ett virus, vilket inneb\u00e4r att sjukdomen kan f\u00f6rbli latent (inaktiv) i en infekterad katts kropp under en tid efter den f\u00f6rsta behandlingen. Ett \u00e5terfall av FIP kan intr\u00e4ffa till och med m\u00e5nader eller veckor efter avslutad behandling om viruset \u00e5teraktiverar sig sj\u00e4lvt. Det har dessutom [&hellip;]<\/p>\n","protected":false},"author":1,"featured_media":22320,"parent":0,"menu_order":0,"comment_status":"closed","ping_status":"closed","template":"","meta":{"_glsr_average":0,"_glsr_ranking":0,"_glsr_reviews":0,"footnotes":""},"categories":[864],"tags":[],"_links":{"self":[{"href":"https:\/\/fipmed.co\/sv\/wp-json\/wp\/v2\/pages\/22319"}],"collection":[{"href":"https:\/\/fipmed.co\/sv\/wp-json\/wp\/v2\/pages"}],"about":[{"href":"https:\/\/fipmed.co\/sv\/wp-json\/wp\/v2\/types\/page"}],"author":[{"embeddable":true,"href":"https:\/\/fipmed.co\/sv\/wp-json\/wp\/v2\/users\/1"}],"replies":[{"embeddable":true,"href":"https:\/\/fipmed.co\/sv\/wp-json\/wp\/v2\/comments?post=22319"}],"version-history":[{"count":0,"href":"https:\/\/fipmed.co\/sv\/wp-json\/wp\/v2\/pages\/22319\/revisions"}],"wp:featuredmedia":[{"embeddable":true,"href":"https:\/\/fipmed.co\/sv\/wp-json\/wp\/v2\/media\/22320"}],"wp:attachment":[{"href":"https:\/\/fipmed.co\/sv\/wp-json\/wp\/v2\/media?parent=22319"}],"wp:term":[{"taxonomy":"category","embeddable":true,"href":"https:\/\/fipmed.co\/sv\/wp-json\/wp\/v2\/categories?post=22319"},{"taxonomy":"post_tag","embeddable":true,"href":"https:\/\/fipmed.co\/sv\/wp-json\/wp\/v2\/tags?post=22319"}],"curies":[{"name":"wp","href":"https:\/\/api.w.org\/{rel}","templated":true}]}}