{"id":22325,"date":"2024-03-28T05:15:08","date_gmt":"2024-03-28T05:15:08","guid":{"rendered":"https:\/\/fipmed.co\/basta-oral-medicin-for-fip-fip-tabletter-och-kapslar\/"},"modified":"2024-03-28T05:15:08","modified_gmt":"2024-03-28T05:15:08","slug":"basta-oral-medicin-for-fip-fip-tabletter-och-kapslar","status":"publish","type":"page","link":"https:\/\/fipmed.co\/sv\/basta-oral-medicin-for-fip-fip-tabletter-och-kapslar\/","title":{"rendered":"B\u00e4sta orala medicinen f\u00f6r FIP &#8211; FIP-tabletter och -kapslar"},"content":{"rendered":"<p>\u00c4ven om injektioner i allm\u00e4nhet anses vara mer tillf\u00f6rlitliga \u00e4n den orala formen av GS-441524 f\u00f6r behandling av FIP, v\u00e4ljer ett antal katt\u00e4gare det orala alternativet f\u00f6r att undvika eventuella obehag som kan f\u00f6lja med injektioner.<br \/>\nVissa kattdjur kan k\u00e4nna obehag eller utveckla en motvilja mot injektioner efter en l\u00e4ngre tids behandling, och det finns de som starkt mots\u00e4tter sig proceduren.<br \/>\nDessutom finns det en risk f\u00f6r s\u00e5r p\u00e5 injektionsst\u00e4llet till f\u00f6ljd av l\u00e4kemedlets surhetsgrad.<br \/>\nI dessa situationer kan orala kapslar eller FIP-tabletter anv\u00e4ndas som ers\u00e4ttning f\u00f6r injektioner.<br \/>\nDet finns ingen anledning att oroa sig f\u00f6r l\u00e4kemedelsresistens n\u00e4r det g\u00e4ller oral administrering.<br \/>\nEffekten av GS-441524 vid behandling av b\u00e5de v\u00e5t och torr FIP \u00e4r konsekvent, oavsett vilken form det tas i.<br \/>\nI de f\u00f6rsta testerna av GS-441524 f\u00f6r behandling av FIP i f\u00e4lt injicerades det under huden.<br \/>\nB\u00e5de intraven\u00f6sa och subkutana injektioner gav h\u00f6ga blodniv\u00e5er som h\u00f6ll sig p\u00e5 niv\u00e5er som stoppade viruset i mer \u00e4n 24 timmar.<br \/>\nForskarna fann ocks\u00e5 att blodniv\u00e5erna h\u00f6jdes n\u00e4r l\u00e4kemedlet gavs via munnen, men det skedde lite senare och endast vid cirka 40 procent av de toppniv\u00e5er som s\u00e5gs vid subkutan och intraven\u00f6s administrering (Pedersen NC, privata uppgifter, 2018).<br \/>\nHundar med l\u00e4ngre tarmar som utvecklats f\u00f6r att \u00e4ta b\u00e5de k\u00f6tt och v\u00e4xter kan dock f\u00e5 i sig upp till 85 % av GS441524 via maten [1, 5].<br \/>\nI studier av absorption i munnen har man ofta anv\u00e4nt hundar som stand-in f\u00f6r m\u00e4nniskor.<br \/>\nDetta inneb\u00e4r att munabsorptionen hos m\u00e4nniskor sannolikt ocks\u00e5 \u00e4r h\u00f6gre \u00e4n hos katter.<br \/>\nD\u00e4rf\u00f6r valdes den subkutana metoden f\u00f6r tester i f\u00e4lt p\u00e5 katter eftersom den var enkel att anv\u00e4nda och gav h\u00f6ga blodniv\u00e5er.<br \/>\nKinesiska f\u00f6rs\u00e4ljare av GS-441524 kopierade den publicerade f\u00e4ltstudiens sp\u00e4dningsv\u00e4tska, l\u00e4kemedelskoncentration och subkutana administreringsmetod.<br \/>\nD\u00e4refter studerade de l\u00e4kemedlet och erbj\u00f6d det i pillerform.<br \/>\nForskare i Kina uppt\u00e4ckte att de kunde f\u00e5 effektiva blodniv\u00e5er av GS-441524 genom att bara g\u00f6ra sina orala versioner inneh\u00e5lla mer av l\u00e4kemedlet.<br \/>\nD\u00e4refter kom andra f\u00f6retag ut med sina egna versioner av GS-441524 som kunde tas genom munnen.<br \/>\nKonsumenterna kan k\u00f6pa kapslar och tabletter just nu.<br \/>\nEtiketterna n\u00e4mner ett antal popul\u00e4ra, s\u00e4kra kemikalier och medicinska \u00f6rter som ingredienser, men GS-441524 \u00e4r inte en av dem.<br \/>\nTulltj\u00e4nstem\u00e4nnen tittar f\u00f6rmodligen inte s\u00e5 noga p\u00e5 detta.<br \/>\nGS-441524 \u00e4r den aktiva substansen i alla orala varor, oavsett vad de inneh\u00e5ller i \u00f6vrigt.<br \/>\nDe f\u00f6retag som s\u00e4ljer sublinguala varor s\u00e4ger inte hur mycket GS-441524 som finns i dem, men det \u00e4r tydligt att det \u00e4r mycket mer \u00e4n vad som skulle beh\u00f6vas om l\u00e4kemedlet gavs under huden.<br \/>\nDet ser ut som om allt fler djur\u00e4gare och veterin\u00e4rer anv\u00e4nder oral GS-441524 som en del av eller hela behandlingen.<br \/>\nUnder de senaste tv\u00e5 \u00e5ren har kvaliteten p\u00e5 orala GS-441524-produkter \u00f6kat samtidigt som priset l\u00e5ngsamt har sjunkit.<br \/>\nP\u00e5 grund av problemet med reaktioner p\u00e5 injektionsst\u00e4llet och det faktum att orala beredningar av GS-441524 fungerar b\u00e4ttre, har munbehandlingen blivit mer popul\u00e4r.<br \/>\nAllt fler katter behandlas med l\u00e4kemedel som de tar via munnen, antingen under en del av behandlingen eller under hela den.                           <\/p>\n<h1>FIP Tabletter vs Kapslar: Sammans\u00e4ttning och dosering<\/h1>\n<p>  GS-441524 f\u00f6r oral anv\u00e4ndning inneh\u00e5ller mycket mer GS441524 som aktiv ingrediens f\u00f6r att kompensera f\u00f6r f\u00f6rlusten i absorption.<br \/>\nAlla de v\u00e4lk\u00e4nda orala produkterna \u00e4r piller.<br \/>\nMen FIPMed&#8217;s tabletter \u00e4r mindre s\u00e5 att de \u00e4r l\u00e4ttare att konsumera.<br \/>\nVissa orala l\u00e4kemedel \u00e4r FIP-kapslar som ocks\u00e5 \u00e4r fyllda med v\u00e4tska eller pulver, och om katterna biter p\u00e5 dem kan de f\u00f6rlora l\u00e4kemedlet i dem.<br \/>\nN\u00e4r katter bryter upp tabletterna har det h\u00e4nt att de reagerar d\u00e5ligt.<br \/>\nAnvisningarna f\u00f6r hur piller eller tabletter ska tas \u00e4r desamma f\u00f6r alla orala typer.<br \/>\nDet \u00e4r vanligtvis b\u00e4st att inte \u00e4ta eller dricka n\u00e5got under 30 minuter f\u00f6re och efter det att l\u00e4kemedlet ges.<br \/>\nVissa katter kan vara villiga att ta dem om de f\u00e5r en liten godbit, och m\u00e5nga katter \u00e4ter dem om de l\u00e4ggs p\u00e5 en tallrik tillsammans med en t\u00e4ckande godbit (som Churu).<br \/>\n\u00c4ven om b\u00e5de orala kapslar och piller \u00e4r lika effektiva \u00e4r det i allm\u00e4nhet sv\u00e5rare att administrera kapslar \u00e4n piller.<br \/>\nKapslarna \u00e4r st\u00f6rre, vilket g\u00f6r det sv\u00e5rt f\u00f6r katterna att sv\u00e4lja dem utan anstr\u00e4ngning.<br \/>\nDet kr\u00e4vs mer produktionskapacitet f\u00f6r att komprimera pulverformen till tabletter, medan amat\u00f6rproduktion anv\u00e4nder m\u00e4nsklig arbetskraft f\u00f6r att l\u00e4gga pulvret i kapslar.<br \/>\nFIPMED orala piller \u00e4r mindre j\u00e4mf\u00f6rt med de som finns p\u00e5 marknaden, men inneh\u00e5ller \u00e4nd\u00e5 en h\u00f6g absorberbar m\u00e4ngd GS441524.<br \/>\nDe s\u00e4ljs i 30 mg och 40 mg koncentrationer, inte som de 5 mg p\u00e5 marknaden, som du m\u00e5ste tillhandah\u00e5lla flera tabletter f\u00f6r samma effekt.<br \/>\nDe \u00e4r kompakta och kan enkelt administreras i de flesta situationer.               <\/p>\n<h1>Kostnad f\u00f6r FIP-tabletter<\/h1>\n<p>  Under det senaste \u00e5ret har priset p\u00e5 oral GS g\u00e5tt ner mycket.<br \/>\nP\u00e5 tal om priser \u00e4r oral GS-441524 20-40% dyrare \u00e4n dess injicerbara motsvarighet, men FIPMed&#8217;s tabletter \u00e4r de mest prisv\u00e4rda p\u00e5 marknaden och kostar n\u00e4stan lika mycket som injicerbara.   <\/p>\n<h1>Vad g\u00f6r skillnaden mellan mun och skott<\/h1>\n<p>  Oralt GS-441524 \u00e4r vanligtvis inte en bra id\u00e9 f\u00f6r katter som redan kr\u00e4ks eller kr\u00e4ks upp och har diarr\u00e9.<br \/>\nM\u00e4nniskor ger ofta katter med stora matsm\u00e4ltningsproblem injektioner tills problemen f\u00f6rsvinner.<br \/>\nSubkutan administrering av GS-441524 \u00e4r ocks\u00e5 mer tillf\u00f6rlitlig \u00e4n oral administrering.<br \/>\nDetta \u00e4r ofta en mycket viktig faktor vid den inledande v\u00e5rden av katter som \u00e4r mycket sjuka och ostadiga.<br \/>\nN\u00e4r man beslutar om man ska forts\u00e4tta att ge injicerbar GS-441524 till en katt beror det ofta p\u00e5 hur bra \u00e4garen kan g\u00f6ra injektionerna, hur redo katten \u00e4r att v\u00e4nja sig vid sm\u00e4rtan och hur ofta det uppst\u00e5r s\u00e5r p\u00e5 injektionsst\u00e4llet.<br \/>\nN\u00e4r detta h\u00e4nder \u00e4r oral medicinering ofta ett sk\u00f6nt avbrott f\u00f6r b\u00e5de \u00e4garen och katten.       <\/p>\n<h1>Hur effektiv \u00e4r oral GS-441524 som behandling av FIP<\/h1>\n<p>  N\u00e4r den administreras vid r\u00e4tt tidpunkt och i r\u00e4tt dos kan oral FIP-behandling vara lika effektiv som subkutana injektioner f\u00f6r att behandla felin infekti\u00f6s peritonit.<br \/>\n\u00c5 andra sidan \u00e4r experter p\u00e5 FIP-behandling i allm\u00e4nhet \u00f6verens om att katter som behandlas oralt har st\u00f6rre risk f\u00f6r \u00e5terfall j\u00e4mf\u00f6rt med dem som behandlas med injektioner under hela behandlingstiden.<br \/>\nOrala kapslar och piller kanske inte ger optimal behandling f\u00f6r katter med neurologiska former av FIP eller f\u00f6r katter som ofta kr\u00e4ks eller har diarr\u00e9.<br \/>\nF\u00f6r n\u00e4rvarande finns det inga rapporterade biverkningar kopplade till vare sig injektions- eller oral behandling av FIP.<br \/>\nVissa katter har inte reagerat bra p\u00e5 att ta GS-441524 via munnen som f\u00f6rsta behandling, eller s\u00e5 har de f\u00e5tt \u00e5terfall n\u00e4r de bytt fr\u00e5n injektioner till tabletter.<br \/>\nI andra fall har katter som f\u00e5tt samma m\u00e4ngd GS-441524 genom munnen botats fr\u00e5n sjukdomar som inte svarat bra p\u00e5 sprutor.<br \/>\nVi rekommenderar injicerbar form av GS-441524 som kan n\u00e5 de exakta m\u00e4ngder som beh\u00f6vs f\u00f6r att behandla Neuro FIP-sjukdomen, s\u00e4rskilt n\u00e4r viruset har blivit resistent mot olika l\u00e4kemedel.        &nbsp;  Refererade studier om GI-absorption av nukleosider relaterade till GS-441524 och GS-441524 1. Thomas L. En prekursor till remdesivir visar terapeutisk potential f\u00f6r COVID-19. https:\/\/www.news-medical.net\/news\/20210209\/A-precursor-to-remdesivir-showstherapeuticpotential-for-COVID-19.aspx. 2. Painter GR, Bowen RA, Bluemling GR, et al. Den profylaktiska och terapeutiska aktiviteten hos en brett aktiv ribonukleosidanalog i en murin modell av intranasal venezuelansk h\u00e4stencefalitvirusinfektion. Antiviral Res. 2019;171:104597. doi:10.1016\/j.antiviral.2019.104597 Efter oral administrering absorberas EIDD-1931 snabbt, vilket framg\u00e5r av T-max-v\u00e4rden i plasma som varierar mellan 0,5 och 1,0 h. Exponeringen \u00e4r h\u00f6g (C-ma-x-v\u00e4rden varierar mellan 30 och 40 \u03bcM) och \u00e4r dosberoende, men betydligt mindre \u00e4n dosproportionell. Observationen av minskande biotillg\u00e4nglighet med \u00f6kande dos kan tyda p\u00e5 kapacitetsbegr\u00e4nsad absorption, ett fenomen som har rapporterats f\u00f6r andra nukleosider (de Miranda et al., 1981). EIDD-1931 \u00e4r, liksom de flesta endogena nukleosider och xenobiotiska nukleosidanaloger, en mycket pol\u00e4r, hydrofil molekyl (cLog P =-2,2) och kr\u00e4ver d\u00e4rf\u00f6r sannolikt funktionella transport\u00f6rer f\u00f6r att passera cellmembranen. Detta beroende skulle kunna f\u00f6rklara det kapacitetsbegr\u00e4nsade upptag som observerades i de farmakokinetiska studier som gjordes med CD-1-m\u00f6ss. Tidigare rapporter har ocks\u00e5 visat att nukleosidupptaget i musens tarmepitelceller fr\u00e4mst f\u00f6rmedlas av natriumberoende koncentrerande nukleosidtransport\u00f6rer (Cass et al., 1999; Vijayalakshmi och Belt, 1988). 3. Cass, C.E., Young, J.D., Baldwin, S.A., Cabrita, M.A., Graham, K.A., Griffiths, M.,Jennings, L.L., Mackey, J.R., Ng, A.M., Ritzel, M.W., Vickers, M.F., Yao, S.Y., 1999.Nucleoside transporters of mammalian cells. Pharm. Biotechnol. 12313-12352 4. de Miranda, P., Krasny, H.C., Page, D.A., Elion, G.B., 1981. Dispositionen av acyklovir indifferenta arter. J. Pharmacol. Exp. Ther. 219 (2), 309-315 5. Vijayalakshmi, D., Belt, J.A., 1988. Natriumberoende nukleosidtransport i epitelceller fr\u00e5n musens tarm. Tv\u00e5 transportsystem med olika substratspecificiteter. Biol. Chem. 263 (36), 19419-19423. 6. Yan VC, Khadka S, Arthur K, Ackroyd JJ, Georgiou DK, Muller FL. Pharmacokinetics of Orally Administered GS-441524 in Dogs. bioRxiv, doi: https:\/\/doi.org\/10.1101\/2021.02.04.429674 7. https:\/\/ccah.vetmed.ucdavis.edu\/<\/p>\n","protected":false},"excerpt":{"rendered":"<p>\u00c4ven om injektioner i allm\u00e4nhet anses vara mer tillf\u00f6rlitliga \u00e4n den orala formen av GS-441524 f\u00f6r behandling av FIP, v\u00e4ljer ett antal katt\u00e4gare det orala alternativet f\u00f6r att undvika eventuella obehag som kan f\u00f6lja med injektioner. Vissa kattdjur kan k\u00e4nna obehag eller utveckla en motvilja mot injektioner efter en l\u00e4ngre tids behandling, och det finns [&hellip;]<\/p>\n","protected":false},"author":1,"featured_media":22326,"parent":0,"menu_order":0,"comment_status":"closed","ping_status":"closed","template":"","meta":{"_glsr_average":0,"_glsr_ranking":0,"_glsr_reviews":0,"footnotes":""},"categories":[858],"tags":[],"_links":{"self":[{"href":"https:\/\/fipmed.co\/sv\/wp-json\/wp\/v2\/pages\/22325"}],"collection":[{"href":"https:\/\/fipmed.co\/sv\/wp-json\/wp\/v2\/pages"}],"about":[{"href":"https:\/\/fipmed.co\/sv\/wp-json\/wp\/v2\/types\/page"}],"author":[{"embeddable":true,"href":"https:\/\/fipmed.co\/sv\/wp-json\/wp\/v2\/users\/1"}],"replies":[{"embeddable":true,"href":"https:\/\/fipmed.co\/sv\/wp-json\/wp\/v2\/comments?post=22325"}],"version-history":[{"count":0,"href":"https:\/\/fipmed.co\/sv\/wp-json\/wp\/v2\/pages\/22325\/revisions"}],"wp:featuredmedia":[{"embeddable":true,"href":"https:\/\/fipmed.co\/sv\/wp-json\/wp\/v2\/media\/22326"}],"wp:attachment":[{"href":"https:\/\/fipmed.co\/sv\/wp-json\/wp\/v2\/media?parent=22325"}],"wp:term":[{"taxonomy":"category","embeddable":true,"href":"https:\/\/fipmed.co\/sv\/wp-json\/wp\/v2\/categories?post=22325"},{"taxonomy":"post_tag","embeddable":true,"href":"https:\/\/fipmed.co\/sv\/wp-json\/wp\/v2\/tags?post=22325"}],"curies":[{"name":"wp","href":"https:\/\/api.w.org\/{rel}","templated":true}]}}