{"id":22341,"date":"2022-12-02T08:18:10","date_gmt":"2022-12-02T08:18:10","guid":{"rendered":"https:\/\/fipmed.co\/b12-vitaminer-for-katter-med-fip-ar-viktiga-for-aterhamtning\/"},"modified":"2022-12-02T08:18:10","modified_gmt":"2022-12-02T08:18:10","slug":"b12-vitaminer-for-katter-med-fip-ar-viktiga-for-aterhamtning","status":"publish","type":"page","link":"https:\/\/fipmed.co\/sv\/b12-vitaminer-for-katter-med-fip-ar-viktiga-for-aterhamtning\/","title":{"rendered":"B12-vitaminer f\u00f6r katter med FIP \u00e4r viktiga f\u00f6r tillfrisknandet"},"content":{"rendered":"<p>N\u00e4r man tar hand om en katt som drabbats av felin infekti\u00f6s peritonit (FIP) \u00e4r det mycket viktigt att se till att katten m\u00e5r bra.<br \/>\nDetta utvidgas till vitaminer f\u00f6r katter, och en viktig vitamin som katter ocks\u00e5 har \u00e4r vitamin B12.<br \/>\nI den h\u00e4r artikeln kommer vi att f\u00f6rklara vikten av vitamin B12 f\u00f6r katter.    <\/p>\n<h2><strong>Vad \u00e4r B12?<\/strong><\/h2>\n<p>  Kobalamin \u00e4r en annan term f\u00f6r vitamin B12, som \u00e4r samlingsnamnet f\u00f6r en klass av substanser med vitamin B12-verkan.<br \/>\nDessa substanser utm\u00e4rker sig genom sin koboltkoncentration p\u00e5 4,5%, vilket ger dem namnet &#8221;kobalamin&#8221; (kobolt + vitamin).   <\/p>\n<h2><strong>Var kommer den ifr\u00e5n?<\/strong><\/h2>\n<p>  Livsmedel av animaliskt ursprung, som k\u00f6tt, fisk, \u00e4gg och lever, \u00e4r k\u00e4llor till B12.<br \/>\nEn <a href=\"\/?page_id=893\">katt med FIP beh\u00f6ver<\/a> dock <a href=\"\/?page_id=893\">f\u00f6rmodligen kosttillskott<\/a>.   <\/p>\n<h2><strong>Vad g\u00f6r B12?<\/strong><\/h2>\n<p>  B12 har ett antal funktioner som alla \u00e4r avg\u00f6rande f\u00f6r ett starkt immunf\u00f6rsvar:  <\/p>\n<ul>\n<li>B12 stimulerar produktionen av r\u00f6da blodkroppar (utveckling och underh\u00e5ll av r\u00f6da blodkroppar).<br \/>\nF\u00f6r att stoppa anemi m\u00e5ste B12-niv\u00e5erna vara tillr\u00e4ckliga. <\/li>\n<li>B12 bevarar nervsystemets h\u00e4lsa (nervceller och normal myelinisering &#8211; de fetth\u00f6ljen som t\u00e4cker och skyddar nerv\u00e4ndarna).<br \/>\nF\u00f6r nerv- och kognitiva processer \u00e4r det avg\u00f6rande. <\/li>\n<li>B12 uppr\u00e4tth\u00e5ller tarmarnas h\u00e4lsa f\u00f6r att s\u00e4kerst\u00e4lla adekvat matsm\u00e4ltning och absorption samt metabolism av fetter och kolhydrater.<br \/>\nTarmarna beh\u00f6ver B12 f\u00f6r att fungera som b\u00e4st, men de kan inte absorbera det (fr\u00e5n maten) om de \u00e4r skadade eller sjuka, s\u00e5 det skapar lite av en catch-22. <\/li>\n<\/ul>\n<h2><strong>Vilka \u00e4r tecknen p\u00e5 B12-brist?<\/strong><\/h2>\n<p>  Kliniska symtom p\u00e5 B12-brist \u00e4r diarr\u00e9, obehag i buken, illam\u00e5ende, kr\u00e4kningar, aptitl\u00f6shet, malabsorptionssyndrom, f\u00f6rstoppning, gaser, viktminskning, utmattning och letargi.<br \/>\nVissa av de symtom som anges h\u00e4r \u00e4r ganska vanliga biverkningar av FIP och \u00e4r mycket v\u00e4lk\u00e4nda.<br \/>\nDin katts h\u00e4lsa kan f\u00f6rb\u00e4ttras om den f\u00e5r i sig tillr\u00e4ckligt med B12.<br \/>\nDessutom \u00e4r kognitiv f\u00f6rs\u00e4mring och svaghet i extremiteterna kopplade till B12-brist.<br \/>\n\u00c4ven n\u00e4r FIP p\u00e5verkar det neurologiska systemet brukar liknande symtom ses.      <\/p>\n<ol>\n<li><strong>Utarmningens cykel.<\/strong><\/li>\n<\/ol>\n<p>  Mag-tarmkanalen (GI) \u00e4r en av kroppens m\u00e5nga processer som p\u00e5verkas av den inflammatoriska sjukdomen FIP.<br \/>\nBukspottk\u00f6rteln, mj\u00e4lten och levern p\u00e5verkas ofta.<br \/>\nLeverns f\u00f6rr\u00e5d av B12 t\u00f6ms snabbt om immunf\u00f6rsvaret \u00e4r nedsatt.<br \/>\nEn cykel av f\u00f6rs\u00e4mrad B12-brist \u00e4r resultatet av B12-brist i levern, vilket ocks\u00e5 orsakar tarmcellskrympning och f\u00f6rlust av n\u00e4rings\u00e4mnen (inklusive B12 sj\u00e4lv).<br \/>\nDetta \u00e4r det dilemma som vi ber\u00f6rde tidigare i stycket.      <\/p>\n<ol start=\"2\">\n<li><strong>Den \u00f6verh\u00e4ngande risken f\u00f6r anemi.<\/strong><\/li>\n<\/ol>\n<p>  Din katts produktion av r\u00f6da blodkroppar h\u00e4mmas, vilket orsakar anemi.<br \/>\nBrist p\u00e5 B12 h\u00e4mmar och minskar kroppens f\u00f6rm\u00e5ga att bilda blod och \u00f6kar blodkroppsapoptosen.<br \/>\nMed andra ord blir din katt anemisk n\u00e4r B12-niv\u00e5erna sjunker.<br \/>\nDin katts f\u00f6rm\u00e5ga att motst\u00e5 sjukdomen (eller n\u00e5got annat) minskar avsev\u00e4rt n\u00e4r den f\u00e5r anemi.     <\/p>\n<ol start=\"3\">\n<li><strong>Ytterligare f\u00f6rsvagning av immunf\u00f6rsvaret mot FIP.<\/strong><\/li>\n<\/ol>\n<p>  Det \u00e4r viktigt att understryka att l\u00e5ga niv\u00e5er av vitamin B12 g\u00f6r m\u00e4nniskor mer mottagliga f\u00f6r infektioner och sjukdomar och \u00e4r mycket skadliga f\u00f6r nervsystemet, vilket kan leda till neurologiska problem och allvarliga och kanske irreversibla nervskador.<br \/>\nI sj\u00e4lva verket \u00e4r kobalaminbrist en vanlig orsak till metabolisk encefalopati, en av flera typer av encefalopati som \u00e4r kopplad till en prim\u00e4r sjukdom (t.ex. FIP) som f\u00f6rs\u00e4mrar blod-hj\u00e4rnbarri\u00e4rens processer och normal hj\u00e4rnfunktion.<br \/>\nSl\u00f6het, nedst\u00e4mdhet, ataxi, anorexi och enstaka kr\u00e4kningar \u00e4r n\u00e5gra av de vaga kliniska indikationer som i allvarliga fall kan leda till neurologisk sjukdom och blindhet hos katter.<br \/>\nDet \u00e4r allm\u00e4nt k\u00e4nt att FIP-katter ofta har anemi eller \u00e4r p\u00e5 v\u00e4g att f\u00e5 anemi, och att vissa uppvisar neurologiska symtom p\u00e5 tillst\u00e5ndet.<br \/>\nEn annan komponent i catch-22 \u00e4r att din katt kan ha s\u00e4mre f\u00f6rm\u00e5ga att lagra tillr\u00e4ckliga m\u00e4ngder B12 till f\u00f6ljd av FIP, vilket kan f\u00f6rv\u00e4rra symtomen p\u00e5 tillst\u00e5ndet.<br \/>\nOm du inte stoppar denna cykel och tillf\u00f6r de kritiska vitaminerna finns det inget s\u00e4tt att vinna.       <\/p>\n<h2><strong>S\u00e4tt f\u00f6r katter att p\u00e5 konstgjord v\u00e4g f\u00e5 i sig B12<\/strong><\/h2>\n<p><strong>B12-injektioner.<\/strong>  I de flesta l\u00e4nder \u00e4r kobalamin l\u00e4ttillg\u00e4ngligt utan recept.<br \/>\nF\u00f6r katter med en kroppsvikt p\u00e5 upp till 5 kg rekommenderas en subkutan injektion av 250 g kobalamin.<br \/>\nVi rekommenderar veckovisa injektioner f\u00f6r FIP-katter tills anemin har f\u00f6rsvunnit och RBC-v\u00e4rdena har stabiliserats.<br \/>\nDessutom kan B12 ges genom subkutan v\u00e4tskebehandling.<br \/>\nDin katt kan tycka att detta f\u00f6rfarande \u00e4r mer bekv\u00e4mt eftersom B12-injektioner g\u00f6r ont!      <strong>B12 orala kosttillskott.<\/strong>  Methylcobalamin b\u00f6r tas eftersom det f\u00f6rb\u00e4ttrar leverns prestanda avsev\u00e4rt.<br \/>\nKatter kan ta B12-tillskott som marknadsf\u00f6rs f\u00f6r m\u00e4nniskor.<br \/>\n500mcg (0,5mg) per dag skulle vara en utm\u00e4rkt startdos, men du kan ge upp till dubbla den m\u00e4ngden.<br \/>\n\u00c4ven om det kan verka h\u00f6gt \u00e4r det bara en liten del som faktiskt absorberas.<br \/>\nT\u00e4nk p\u00e5 att ta ett multivitamintillskott som \u00e4r utformat f\u00f6r katter och som ocks\u00e5 inneh\u00e5ller j\u00e4rn (f\u00f6r anemi).      <strong>N\u00e4ringsl\u00e4ra.<\/strong>  Underv\u00e4rdera inte naturliga k\u00e4llor till B12; om du kan, ge din katt ungef\u00e4r en sked f\u00e4rskt k\u00f6tt, lever eller fisk varje dag.<br \/>\nSnacksen kan till och med uppskattas av din katt, och lite r\u00e4cker l\u00e5ngt.   <\/p>\n<h2><strong>F\u00f6rdelar med B12: vitaminer f\u00f6r katter<\/strong><\/h2>\n<p>  B12 bidrar till bildandet av r\u00f6da blodkroppar (utveckling och underh\u00e5ll av r\u00f6da blodkroppar).<br \/>\nF\u00f6r att stoppa anemi m\u00e5ste B12-niv\u00e5erna vara tillr\u00e4ckliga.<br \/>\nB12 bevarar h\u00e4lsan i det neurologiska systemet (nervceller och normal myelinisering &#8211; de fetth\u00f6ljen som t\u00e4cker och skyddar nerv\u00e4ndarna).<br \/>\nF\u00f6r nerv- och kognitiva processer \u00e4r det avg\u00f6rande.<br \/>\nB12 fr\u00e4mjar tarmh\u00e4lsan f\u00f6r f\u00f6rb\u00e4ttrad matsm\u00e4ltning och absorption samt metabolism av fetter och kolhydrater.      <\/p>\n<h2><strong>10 tecken p\u00e5 B12-brist<\/strong><\/h2>\n<ol>\n<li>Illam\u00e5ende<\/li>\n<li>Kr\u00e4kningar<\/li>\n<li>Bristande aptit<\/li>\n<li>Problem med absorption av mat<\/li>\n<li>F\u00f6rstoppning<\/li>\n<li>Gas<\/li>\n<li>Viktminskning<\/li>\n<li>Tr\u00f6tthet\/ letargi<\/li>\n<li>Magsm\u00e4rta<\/li>\n<li>Diarr\u00e9<\/li>\n<\/ol>\n<h2><strong>Dosering av vitaminer f\u00f6r katter B12 under FIP-behandling<\/strong><\/h2>\n<p>  Varje vecka, upp till 250-500 mikrogram (mcg) f\u00f6r vuxna katter som inte \u00e4r anemiska.<br \/>\nR\u00e5dg\u00f6r med din veterin\u00e4r om r\u00e4tt dosering f\u00f6r kattungar.<br \/>\nDet kan vara n\u00f6dv\u00e4ndigt att ge katter med sv\u00e5r anemi upp till 1000 mikrogram varje vecka.<br \/>\nGS-441524 med enbart vitamin B12 kanske inte \u00e4r tillr\u00e4ckligt vid sv\u00e5r anemi.<br \/>\nDet kan vara n\u00f6dv\u00e4ndigt att ge ytterligare B12-injektioner varje vecka.<br \/>\nTala med din veterin\u00e4r.       <\/p>\n<h2><strong>Doseringsber\u00e4kning vid anv\u00e4ndning av GS-441524 + B12<\/strong><\/h2>\n<p>  Med eller utan vitamin B12 \u00e4r doseringen f\u00f6r GS-441524 densamma.<br \/>\n<strong>Exempel: En katt p\u00e5 3 kg som har diagnostiserats med den <a href=\"\/?page_id=897\">v\u00e5ta formen<\/a> av FIP. <\/strong> Dosen f\u00f6r FIP i dess v\u00e5ta form \u00e4r 6 mg\/kg.<br \/>\nDaglig injektion av 0,9 ml GS-441524 \u00e4r lika med 3 kg x 6 mg\/kg 20 mg\/ml.<br \/>\nDen rekommenderade dagliga dosen av vitamin B12 \u00e4r 45 mcg (0,9 ml x 50 mcg\/ml).<br \/>\nDenna katt kommer att f\u00e5 315 mcg vitamin B12 varje vecka.      <\/p>\n<h2><strong>Varf\u00f6r katter med FIP beh\u00f6ver vitamin B12  <\/strong><\/h2>\n<p><strong>H\u00f6g risk f\u00f6r anemi.<\/strong>  Under en FIP-sjukdom utvecklar katter ofta anemi.<br \/>\nBrist p\u00e5 B12 p\u00e5skyndar nedbrytningen av blodkropparna och begr\u00e4nsar kroppens naturliga f\u00f6rm\u00e5ga att bilda nytt blod.<br \/>\nKatter som har l\u00e5ga B12-niv\u00e5er blir anemiska.<br \/>\nKatters f\u00f6rm\u00e5ga att motst\u00e5 FIP-viruset och andra infektioner f\u00f6rs\u00e4mras avsev\u00e4rt n\u00e4r de f\u00e5r blodbrist.     <strong>F\u00f6rsvagat immunf\u00f6rsvar.<\/strong>  Otillr\u00e4ckliga B12-niv\u00e5er \u00f6kar kroppens s\u00e5rbarhet f\u00f6r infektioner och sjukdomar och \u00e4r s\u00e4rskilt skadliga f\u00f6r kattens nervsystem.<br \/>\nDetta leder till att neurologiska symtom upptr\u00e4der snabbare och kan leda till allvarliga eller irreparabla nervskador.<br \/>\nEn prim\u00e4r sjukdom (som FIP) som st\u00f6r hj\u00e4rnans normala funktion och blod-hj\u00e4rnbarri\u00e4rsystemet \u00e4r en vanlig orsak till encefalopati, vilket inkluderar metabolisk encefalopati, en av flera typer av encefalopati.<br \/>\nB12-brist \u00e4r en viktig orsak till denna encefalopati.<br \/>\nSl\u00f6het, nedst\u00e4mdhet, ataxi, anorexi och enstaka kr\u00e4kningar \u00e4r n\u00e5gra av de vaga kliniska indikationer som i allvarliga fall kan orsaka neurologisk sjukdom och blindhet hos katter.<br \/>\nDet \u00e4r v\u00e4ldokumenterat att FIPV-infekterade katter ofta uppvisar anemi eller anemiliknande symtom.<br \/>\nM\u00e5nga m\u00e4nniskor har neurologiska tecken.<br \/>\nDetta \u00e4r ett exempel p\u00e5 en klassisk negativ \u00e5terkopplingsloop: FIP-infektionen utvecklas snabbare n\u00e4r B12-niv\u00e5erna \u00e4r otillr\u00e4ckliga.<br \/>\nFIP g\u00f6r det sv\u00e5rare f\u00f6r katterna att uppr\u00e4tth\u00e5lla tillr\u00e4ckligt med B12 i kroppen. <strong>Snabb utarmning av n\u00e4rings\u00e4mnen<\/strong> Eftersom FIP \u00e4r ett inflammatoriskt tillst\u00e5nd kan det skada levern, GI (mag-tarmkanalen), bukspottk\u00f6rteln och mj\u00e4lten n\u00e4r en katt diagnostiseras med det.<br \/>\nLevern f\u00f6rbrukar snabbt sitt lager av B12 n\u00e4r immunf\u00f6rsvaret \u00e4r nedsatt.<br \/>\nN\u00e4r B12-niv\u00e5erna i levern \u00e4r l\u00e5ga kommer tarmcellerna att krympa och kroppen f\u00e5r problem med att ta upp n\u00e4ring.<br \/>\nDetta kommer att s\u00e4tta ig\u00e5ng en slinga som g\u00f6r B12-bristen v\u00e4rre.             <\/p>\n<h2><strong>VANLIGA FR\u00c5GOR OCH SVAR<\/strong><\/h2>\n<p><strong>Hur kan B12 f\u00f6rb\u00e4ttra min katts allm\u00e4nna v\u00e4lbefinnande?<\/strong>  Hematologi, kemi och\/eller blodprov kan anv\u00e4ndas f\u00f6r att m\u00e4ta din katts h\u00e4lsoutveckling.<br \/>\nDu b\u00f6r dock observera f\u00f6r\u00e4ndringar i kattens beteende, t.ex. \u00f6kad energi, mindre sl\u00f6het och \u00f6kad hunger.<br \/>\nDet \u00e4r viktigt att komma ih\u00e5g att katter inte kan f\u00f6rst\u00e5 sin sjukdom eller orsakerna till den.<br \/>\nAllt de k\u00e4nner till \u00e4r en allm\u00e4n k\u00e4nsla av att vara sjuka.<br \/>\nDeras behandlingsregim kan dra nytta av att anv\u00e4nda B12 f\u00f6r att minska deras lidande och f\u00f6rb\u00e4ttra deras livskvalitet.      <strong>Kan B12 hj\u00e4lpa till att bota FIP?<\/strong>  Nej, det \u00e4r det inte.<br \/>\nDet \u00e4r det inte.<br \/>\nB12 \u00e4r INTE en <a href=\"https:\/\/fipmed.co\/\">FIP-behandling<\/a>.<br \/>\nMen det hj\u00e4lper din katts immunsystem att utf\u00f6ra viktiga uppgifter.<br \/>\nDu beh\u00f6ver all hj\u00e4lp du kan f\u00e5 om du vill ge din katt en chans att bek\u00e4mpa viruset.<br \/>\nOm du inte vidtar alla f\u00f6rsiktighets\u00e5tg\u00e4rder f\u00f6r att \u00f6ka dina chanser att lyckas kan du inte f\u00f6rv\u00e4nta dig att uppn\u00e5 dina m\u00e5l med den prim\u00e4ra behandlingen.<br \/>\nSammanfattningsvis inneb\u00e4r hanteringen av FIP mer \u00e4n att bara ge en prim\u00e4r behandling, som PI, FOI osv.<br \/>\nSom kattens v\u00e5rdnadshavare \u00e4r det ditt ansvar att uppr\u00e4tth\u00e5lla och f\u00f6rb\u00e4ttra immunf\u00f6rsvaret f\u00f6r att ge din katt b\u00e4sta m\u00f6jliga chans att \u00f6verleva.<br \/>\nDet \u00e4r inte en l\u00e4tt uppgift med tanke p\u00e5 FIP:s storlek och sv\u00e5righetsgrad.<br \/>\nAllt vi \u00e4gare kan g\u00f6ra \u00e4r att anv\u00e4nda alla vapen vi har till v\u00e5rt f\u00f6rfogande f\u00f6r att k\u00e4mpa s\u00e5 l\u00e4nge och s\u00e5 h\u00e5rt vi kan.<br \/>\nI den h\u00e4r konflikten r\u00e4knas varje f\u00f6rdel, och B12 \u00e4r ett avg\u00f6rande vapen.<br \/>\nMan vet aldrig vilken till synes obetydlig men i slut\u00e4ndan viktig \u00e5tg\u00e4rd som i slut\u00e4ndan kan g\u00f6ra en v\u00e4sentlig skillnad.<br \/>\nGe din katt en chans att lyckas.              <strong>Varf\u00f6r kan en kattunge beh\u00f6va en B12-injektion?<\/strong>  Katter f\u00e5r i sig vitamin B12 p\u00e5 naturlig v\u00e4g genom maten.<br \/>\nTyv\u00e4rr har m\u00e5nga kattungar problem med att tarmarna absorberar n\u00e4rings\u00e4mnen p\u00e5 r\u00e4tt s\u00e4tt och kan snabbt f\u00e5 B12-brist.<br \/>\nP\u00e5 grund av detta kan kattungar inte dra nytta av orala tillskott; ist\u00e4llet \u00e4r ett injicerbart vitamin ett mer p\u00e5litligt s\u00e4tt att garantera detta.<br \/>\nEn injektion av vitamin B12 kan vara till nytta f\u00f6r kattungar med de tillst\u00e5nd som anges nedan som en del av deras st\u00f6djande v\u00e5rd:     <\/p>\n<ul>\n<li>Obehag i buken<\/li>\n<li>Malabsorption<\/li>\n<li>Inappetans<\/li>\n<li>Diarr\u00e9<\/li>\n<li>F\u00f6rstoppning<\/li>\n<li>Lethargiskt tillst\u00e5nd<\/li>\n<li>Viktminskning<\/li>\n<li>Kr\u00e4kningar<\/li>\n<li>Anemi<\/li>\n<li>FIP<\/li>\n<li>Panleukopeni<\/li>\n<\/ul>\n<p>  \u00c4ven om B12 inte kan l\u00f6sa dessa problem p\u00e5 egen hand kan det hj\u00e4lpa till att uppr\u00e4tth\u00e5lla kattungens immunologiska och matsm\u00e4ltningssystem under behandling och \u00e5terh\u00e4mtning.  <strong>F\u00f6rn\u00f6denheter som beh\u00f6vs<\/strong><\/p>\n<ul>\n<li>Injicerbart B12 tillhandah\u00e5llet av veterin\u00e4r<\/li>\n<li>Sterilez 1cc spruta<\/li>\n<li>25 g n\u00e5lar<\/li>\n<li>Dispenser f\u00f6r stickande och sk\u00e4rande f\u00f6rem\u00e5l<\/li>\n<\/ul>\n<p>  \u00c4ven om B12 inte direkt hj\u00e4lper en katt att bli frisk fr\u00e5n FIP, kan det hj\u00e4lpa genom att st\u00f6dja kattens immunf\u00f6rsvar och indirekt hj\u00e4lpa katten att \u00e5terh\u00e4mta sig fr\u00e5n det sjuka tillst\u00e5ndet.<br \/>\nD\u00e4rf\u00f6r b\u00f6r fler katt\u00e4gare k\u00e4nna till detta och ofta ge sina katter B12 f\u00f6r att f\u00f6rb\u00e4ttra deras tillst\u00e5nd, oavsett om de \u00e4r friska eller sjuka.<\/p>\n","protected":false},"excerpt":{"rendered":"<p>N\u00e4r man tar hand om en katt som drabbats av felin infekti\u00f6s peritonit (FIP) \u00e4r det mycket viktigt att se till att katten m\u00e5r bra. Detta utvidgas till vitaminer f\u00f6r katter, och en viktig vitamin som katter ocks\u00e5 har \u00e4r vitamin B12. I den h\u00e4r artikeln kommer vi att f\u00f6rklara vikten av vitamin B12 f\u00f6r [&hellip;]<\/p>\n","protected":false},"author":11,"featured_media":22342,"parent":0,"menu_order":0,"comment_status":"closed","ping_status":"closed","template":"","meta":{"_glsr_average":0,"_glsr_ranking":0,"_glsr_reviews":0,"footnotes":""},"categories":[858],"tags":[859,890,888,889,887],"_links":{"self":[{"href":"https:\/\/fipmed.co\/sv\/wp-json\/wp\/v2\/pages\/22341"}],"collection":[{"href":"https:\/\/fipmed.co\/sv\/wp-json\/wp\/v2\/pages"}],"about":[{"href":"https:\/\/fipmed.co\/sv\/wp-json\/wp\/v2\/types\/page"}],"author":[{"embeddable":true,"href":"https:\/\/fipmed.co\/sv\/wp-json\/wp\/v2\/users\/11"}],"replies":[{"embeddable":true,"href":"https:\/\/fipmed.co\/sv\/wp-json\/wp\/v2\/comments?post=22341"}],"version-history":[{"count":0,"href":"https:\/\/fipmed.co\/sv\/wp-json\/wp\/v2\/pages\/22341\/revisions"}],"wp:featuredmedia":[{"embeddable":true,"href":"https:\/\/fipmed.co\/sv\/wp-json\/wp\/v2\/media\/22342"}],"wp:attachment":[{"href":"https:\/\/fipmed.co\/sv\/wp-json\/wp\/v2\/media?parent=22341"}],"wp:term":[{"taxonomy":"category","embeddable":true,"href":"https:\/\/fipmed.co\/sv\/wp-json\/wp\/v2\/categories?post=22341"},{"taxonomy":"post_tag","embeddable":true,"href":"https:\/\/fipmed.co\/sv\/wp-json\/wp\/v2\/tags?post=22341"}],"curies":[{"name":"wp","href":"https:\/\/api.w.org\/{rel}","templated":true}]}}