{"id":22356,"date":"2022-12-02T08:05:01","date_gmt":"2022-12-02T08:05:01","guid":{"rendered":"https:\/\/fipmed.co\/katt-fip-behandling-medicinsk-framsteg-for-fip-raddar-katter\/"},"modified":"2022-12-02T08:05:01","modified_gmt":"2022-12-02T08:05:01","slug":"katt-fip-behandling-medicinsk-framsteg-for-fip-raddar-katter","status":"publish","type":"page","link":"https:\/\/fipmed.co\/sv\/katt-fip-behandling-medicinsk-framsteg-for-fip-raddar-katter\/","title":{"rendered":"Behandling av FIP hos katt: Medicinska framsteg f\u00f6r FIP r\u00e4ddar katter"},"content":{"rendered":"<p>Det finns redan en bepr\u00f6vad FIP-behandling f\u00f6r katter.<br \/>\nMen p\u00e5 grund av bristande ekonomisk motivation finns det f\u00f6r n\u00e4rvarande ingen medicin f\u00f6r <a href=\"\/?page_id=883\" target=\"_blank\" rel=\"noopener\">FIP hos katter<\/a> som har godk\u00e4nts officiellt.<br \/>\nUnderst\u00f6djande behandling kan lindra obehaget men \u00f6kar inte \u00f6verlevnadschanserna, t.ex. antiinflammatoriska l\u00e4kemedel och dr\u00e4nering av v\u00e4tska fr\u00e5n br\u00f6stkorg och buk.<br \/>\nTidigare har avlivning varit det b\u00e4sta alternativet med tanke p\u00e5 sjukdomens snabba och h\u00f6ga d\u00f6dlighet, men idag kan behandling ges med goda resultat.<br \/>\nDet finns n\u00e5gra pr\u00f6vningsl\u00e4kemedel som unders\u00f6ks just nu, bland annat GS441524, GC376, CL-Pro och Remdesivir.<br \/>\nDessa mediciner \u00e4r f\u00f6r n\u00e4rvarande inte lagligt tillg\u00e4ngliga f\u00f6r klinisk anv\u00e4ndning f\u00f6r katter.       <\/p>\n<h2><\/h2>\n<p><strong>ANTIVIRALS (proteash\u00e4mmare, polymerash\u00e4mmare, nukleosidanaloger<\/strong> ) De enda <a href=\"https:\/\/fipmed.co\/\" target=\"_blank\" rel=\"noopener\">behandlingar som nu ger hopp f\u00f6r katter med FIP<\/a> \u00e4r GS441524, som \u00e4r en nukleosidanalog, och GC376, en proteash\u00e4mmare.<br \/>\nGS441524 \u00e4r fortfarande det b\u00e4sta alternativet f\u00f6r behandling av FIP p\u00e5 grund av den l\u00e4gre \u00e5terfallsfrekvensen j\u00e4mf\u00f6rt med GC376.<br \/>\nDet \u00e4r ocks\u00e5 mer snabbverkande j\u00e4mf\u00f6rt med Remdesivir.<br \/>\nRemdesivir \u00e4r i sj\u00e4lva verket en f\u00f6reg\u00e5ngare till GS441524, s\u00e5 det kr\u00e4vs ett extra steg f\u00f6r att Remdesivir ska omvandlas till GS441524 f\u00f6r att det ska fungera. &nbsp;<strong>GS-441524<\/strong> Bevis har l\u00e4mnats f\u00f6r att denna medicin fungerar bra i m\u00e5nga situationer.<br \/>\nDet har varit sv\u00e5rt att f\u00e5 tag p\u00e5 den.<br \/>\nRemdesivir \u00e4r, som tidigare n\u00e4mnts, den protid eller prodrug som kroppen sedan omvandlar till GS-441524.<br \/>\nAtt ge medicinen i sin protid- eller prodrugform hj\u00e4lper till att f\u00e5 den in i immunsystemets celler som inneh\u00e5ller immunosuppressiva koronavirus.<br \/>\nI vissa l\u00e4kemedelstester f\u00f6r katter gavs GS-441524 i sin ursprungliga formulering utan att n\u00e5gon framg\u00e5ngsrik botning av FIP s\u00e5gs.         &nbsp;  GS441524 \u00e4r fortfarande v\u00e5rt b\u00e4sta behandlingsalternativ f\u00f6r n\u00e4rvarande.<br \/>\nMen p\u00e5 grund av den h\u00f6ga kostnaden och bristen p\u00e5 tillg\u00e5ng till detta l\u00e4kemedel b\u00f6r katt\u00e4gare vara mer angel\u00e4gna om att f\u00f6rhindra att deras katt smittas av sjukdomen fr\u00e5n f\u00f6rsta b\u00f6rjan. &nbsp;<strong>GC376<\/strong> GC376 kan betraktas som ett bredspektrumantiviralt l\u00e4kemedel som h\u00e4mmar <sup>Mpro<\/sup> hos flera virus, inklusive coronavirus som FCoV, epidemiskt diarr\u00e9virus fr\u00e5n svin (PEDV), SARS-CoV, MERS-CoV, SARS-CoV-2, coronavirus hos iller och mink.<br \/>\nGC376 \u00e4r en prodrug till GC373, en annan dipeptidbaserad proteash\u00e4mmare.<br \/>\nBehandling av FIP hos katter med GC376 f\u00f6rknippades med biverkningar s\u00e5som \u00f6verg\u00e5ende stickningar vid injektionsst\u00e4llena, subkutan fibros, h\u00e5ravfall och onormal eruption av permanenta t\u00e4nder hos juvenila katter<span class=\"anchor-text\">[4<\/span>].<br \/>\nD\u00e4rf\u00f6r kr\u00e4vs ytterligare studier f\u00f6r att utv\u00e4rdera de eventuella biverkningar som \u00e4r f\u00f6rknippade med anv\u00e4ndningen av GC376 i djurmodeller, innan det anv\u00e4nds i kliniska pr\u00f6vningar.<br \/>\nGC376 f\u00f6rhindrar replikationen av FCoV-virus med en annan mekanism.<br \/>\n\u00c5terfallsfrekvensen hos katter som behandlas med GC376 \u00e4r dock betydligt h\u00f6gre \u00e4n f\u00f6r GS441524.<br \/>\nGC376 \u00e4r b\u00e4st n\u00e4r katterna utvecklar resistens mot GS441524, s\u00e4rskilt vid \u00e5terfall.<br \/>\nD\u00e5 \u00e4r det l\u00e4mpligt att anv\u00e4nda GC376 ist\u00e4llet.<br \/>\nDet finns ocks\u00e5 forskningsstudier som visar att en kombination av b\u00e5de GS441524 och GC376 ger b\u00e4ttre resultat och \u00e4ven m\u00f6jliggjorde en kortare behandlingstid p\u00e5 6 veckor i st\u00e4llet f\u00f6r de vanliga 12 veckorna.           &nbsp;<\/p>\n<p class=\"p1\"><b>Felint interferon<\/b><\/p>\n<p>  Interferon \u00e4r det som kroppen naturligt tillverkar som svar p\u00e5 en virusinfektion.<br \/>\nDet finns tv\u00e5 typer av interferoner tillg\u00e4ngliga f\u00f6r veterin\u00e4rer: interferon omega f\u00f6r katt (Virbagen Omega,\u00ae tillverkat av Virbac i Frankrike) och interferon alfa f\u00f6r m\u00e4nniska, som finns under n\u00e5gra olika varum\u00e4rken.<br \/>\nDet \u00e4r att f\u00f6redra att anv\u00e4nda felint interferon, eftersom interferoner \u00e4r artspecifika: de fungerar b\u00e4st i ursprungsarten.<br \/>\nInterferon-omega \u00e4r en injektion som marknadsf\u00f6rs f\u00f6r katter med FIP.<br \/>\nEn liten tidig studie visade lovande resultat och d\u00e4rf\u00f6r blev det under en kort period en del av standardbehandlingen.<br \/>\nDet var en av de tidigaste <a href=\"\/?page_id=887\" target=\"_blank\" rel=\"noopener\">tillg\u00e4ngliga behandlingarna<\/a> f\u00f6r FIP, men framg\u00e5ngsgraden var l\u00e5g.<br \/>\nEn st\u00f6rre dubbelblind placebokontrollerad studie visade att interferon inte gav n\u00e5gra f\u00f6rdelar.<br \/>\nDet borde ha varit slutet p\u00e5 fr\u00e5gan, men l\u00e4kemedlet finns fortfarande tillg\u00e4ngligt och folk forts\u00e4tter att h\u00e4nvisa till det tidigare dokumentet utan att ta h\u00e4nsyn till det senare.         &nbsp;<\/p>\n<p><strong>KORTIKOSTEROIDER (ENDAST F\u00d6R PALLIALITIV)<\/strong><\/p>\n<p class=\"p1\"><span class=\"s1\">Under den tidiga sjukdomsperioden kan underst\u00f6djande (symtomatisk) medicinering kr\u00e4vas f\u00f6r att h\u00e5lla katterna vid liv tillr\u00e4ckligt l\u00e4nge f\u00f6r att antivirala medel ska hinna verka.<br \/>\nAntiinflammatoriska medel ing\u00e5r ofta i medicineringen (kortikosteroider, NSAIDS).<br \/>\nDet \u00e4r att f\u00f6redra att undvika \u00f6verdriven anv\u00e4ndning av dessa mediciner, s\u00e5vida det inte \u00e4r kortvarigt och endast om det finns tvingande sk\u00e4l f\u00f6r det, s\u00e4rskilt hos extremt sjuka katter under de f\u00f6rsta dagarna.  <\/span><\/p>\n<p class=\"p1\"><span class=\"s1\">Det prim\u00e4ra m\u00e5let med behandlingen av FIP \u00e4r att f\u00f6rhindra virusreplikation i makrofager, vilket omedelbart stoppar bildandet av de olika inflammatoriska och immunsuppressiva cytokiner som ger upphov till FIP-symtom.<br \/>\nMedan vissa l\u00e4kemedel, s\u00e5som kortikosteroider (prednisolon) och NSAIDS (meloxikam), kan minska inflammatoriska cytokiner, blockerar GS-441524 helt dessa skadliga cytokiner.<br \/>\nInom 24-48 timmar kommer FipMed att ge betydande f\u00f6rb\u00e4ttringar av temperatur, aktivitet, hunger och andra symtom.<br \/>\nDenna f\u00f6rb\u00e4ttring kommer att vara betydligt st\u00f6rre \u00e4n n\u00e5got annat l\u00e4kemedel kan ge.<br \/>\nOm det inte finns tvingande sk\u00e4l att forts\u00e4tta anv\u00e4nda andra l\u00e4kemedel, b\u00f6r de d\u00e4rf\u00f6r s\u00e4ttas ut s\u00e5 snart det sker en m\u00e4rkbar och konsekvent f\u00f6rb\u00e4ttring av <a href=\"\/?page_id=899\" target=\"_blank\" rel=\"noopener\">FIP-symtomen<\/a>.    <\/span><\/p>\n<p class=\"p1\"><span class=\"s1\">F\u00f6rutom att maskera FIP-relaterade symtom kan steroider st\u00f6ra distributionen av GS-441524 genom blod-hj\u00e4rnbarri\u00e4ren.<br \/>\nFlera unders\u00f6kningar har visat att steroider kan minska permeabiliteten \u00f6ver blod-hj\u00e4rnbarri\u00e4ren.<br \/>\nHos katter kan minskad permeabilitet minska effektiviteten av GS-441524 och \u00f6ka sannolikheten f\u00f6r \u00e5terfall.  <\/span><\/p>\n<p>&nbsp;<\/p>\n<p class=\"p1\"><span class=\"s1\"><b><a href=\"\/?page_id=6163\" target=\"_blank\" rel=\"noopener\">GS 441524<\/a> S\u00e4kerhet som FIP-behandling<\/b><\/span><\/p>\n<p class=\"p1\"><span class=\"s1\">GS-441524 har visat sig vara ett s\u00e4kert och effektivt behandlingsalternativ.<br \/>\nL\u00e4kemedlet utvecklades ursprungligen som en antiviral behandling f\u00f6r m\u00e4nniskor men har sedan dess anpassats f\u00f6r anv\u00e4ndning p\u00e5 kattdjur. <span class=\"Apple-converted-space\"> <\/span><\/span><\/p>\n<p class=\"p1\"><span class=\"s1\">Flera studier har visat att l\u00e4kemedlet inte orsakar betydande biverkningar eller toxicitet n\u00e4r det administreras enligt anvisningarna.<\/span><\/p>\n<p class=\"p1\"><span class=\"s1\">Vissa katter kan uppleva lindriga biverkningar s\u00e5som illam\u00e5ende eller sl\u00f6het under behandlingen.<br \/>\nDessa symtom f\u00f6rsvinner vanligtvis snabbt och kr\u00e4ver inget ingripande fr\u00e5n en veterin\u00e4r. <span class=\"Apple-converted-space\"> <\/span><\/span><\/p>\n<p>&nbsp;<\/p>\n","protected":false},"excerpt":{"rendered":"<p>Det finns redan en bepr\u00f6vad FIP-behandling f\u00f6r katter. Men p\u00e5 grund av bristande ekonomisk motivation finns det f\u00f6r n\u00e4rvarande ingen medicin f\u00f6r FIP hos katter som har godk\u00e4nts officiellt. Underst\u00f6djande behandling kan lindra obehaget men \u00f6kar inte \u00f6verlevnadschanserna, t.ex. antiinflammatoriska l\u00e4kemedel och dr\u00e4nering av v\u00e4tska fr\u00e5n br\u00f6stkorg och buk. Tidigare har avlivning varit det b\u00e4sta [&hellip;]<\/p>\n","protected":false},"author":11,"featured_media":22360,"parent":0,"menu_order":0,"comment_status":"closed","ping_status":"closed","template":"","meta":{"_glsr_average":0,"_glsr_ranking":0,"_glsr_reviews":0,"footnotes":""},"categories":[858],"tags":[859,893],"_links":{"self":[{"href":"https:\/\/fipmed.co\/sv\/wp-json\/wp\/v2\/pages\/22356"}],"collection":[{"href":"https:\/\/fipmed.co\/sv\/wp-json\/wp\/v2\/pages"}],"about":[{"href":"https:\/\/fipmed.co\/sv\/wp-json\/wp\/v2\/types\/page"}],"author":[{"embeddable":true,"href":"https:\/\/fipmed.co\/sv\/wp-json\/wp\/v2\/users\/11"}],"replies":[{"embeddable":true,"href":"https:\/\/fipmed.co\/sv\/wp-json\/wp\/v2\/comments?post=22356"}],"version-history":[{"count":0,"href":"https:\/\/fipmed.co\/sv\/wp-json\/wp\/v2\/pages\/22356\/revisions"}],"wp:featuredmedia":[{"embeddable":true,"href":"https:\/\/fipmed.co\/sv\/wp-json\/wp\/v2\/media\/22360"}],"wp:attachment":[{"href":"https:\/\/fipmed.co\/sv\/wp-json\/wp\/v2\/media?parent=22356"}],"wp:term":[{"taxonomy":"category","embeddable":true,"href":"https:\/\/fipmed.co\/sv\/wp-json\/wp\/v2\/categories?post=22356"},{"taxonomy":"post_tag","embeddable":true,"href":"https:\/\/fipmed.co\/sv\/wp-json\/wp\/v2\/tags?post=22356"}],"curies":[{"name":"wp","href":"https:\/\/api.w.org\/{rel}","templated":true}]}}