{"id":22372,"date":"2024-03-25T05:50:49","date_gmt":"2024-03-25T05:50:49","guid":{"rendered":"https:\/\/fipmed.co\/felin-infektios-peritonit-fip-riskfaktorer\/"},"modified":"2024-03-25T05:50:49","modified_gmt":"2024-03-25T05:50:49","slug":"felin-infektios-peritonit-fip-riskfaktorer","status":"publish","type":"page","link":"https:\/\/fipmed.co\/sv\/felin-infektios-peritonit-fip-riskfaktorer\/","title":{"rendered":"Felin infekti\u00f6s peritonit: Riskfaktorer f\u00f6r FIP"},"content":{"rendered":"<p><strong>Vilka \u00e4r n\u00e5gra av riskfaktorerna f\u00f6r FIP?<\/strong>  Vissa katter \u00e4r mer ben\u00e4gna att f\u00e5 FIP \u00e4n andra, \u00e4ven om coronaviruset som \u00e4r ansvarigt f\u00f6r detta finns \u00f6verallt.<br \/>\nNedan f\u00f6ljer n\u00e5gra av de riskfaktorer som \u00f6kar risken f\u00f6r att en katt ska drabbas av FIP. &nbsp;<strong>\u00c5lder<\/strong> 50% av katterna som utvecklar FIP \u00e4r yngre \u00e4n 2 \u00e5r, s\u00e5 de smittades troligen som kattungar n\u00e4r deras immunsystem var f\u00f6r ungt f\u00f6r att hantera FCoV-infektionen.<br \/>\nYngre katter och \u00e4ldre katter har ofta ett omoget eller f\u00f6rsvagat immunsystem som kan g\u00f6ra att de l\u00f6per st\u00f6rre risk att utveckla FIP.<br \/>\nUnga kattungar kan ocks\u00e5 ha utsatts f\u00f6r viruset n\u00e4r de vistats i katthem eller p\u00e5 djurhem. &nbsp;<strong>Ras som riskfaktor<\/strong> f\u00f6r FIP Vissa raser, t.ex. renrasiga katter eller katter fr\u00e5n katthem, kan l\u00f6pa h\u00f6gre risk f\u00f6r FIP.<br \/>\nPerserkatter och besl\u00e4ktade raser verkar vara mer mottagliga.<br \/>\nDet finns bevis som tyder p\u00e5 att perserkatter b\u00e4r p\u00e5 &#8221;predisponerande alleler&#8221; f\u00f6r detta tillst\u00e5nd, vilket g\u00f6r dem s\u00e5rbara n\u00e4r de uts\u00e4tts f\u00f6r det virus som orsakar FIP.<br \/>\nKatter fr\u00e5n katterier eller renrasiga linjer kan vara s\u00e4rskilt ben\u00e4gna att utveckla FIP.<br \/>\nAbessinier, bengaler, birmaner, himalayaner, ragdoll och rex har en betydligt h\u00f6gre risk att drabbas av sjukdomen j\u00e4mf\u00f6rt med andra katter.<br \/>\nAndra kattraser som burmeser, exotiska korth\u00e5rskatter, manxes, perser och russian blues har ocks\u00e5 visat sig vara mer mottagliga f\u00f6r FIP p\u00e5 grund av genetik och \u00f6kad exponering i avelsprogram.<br \/>\nMan tror att vissa genetiska faktorer som \u00e4r f\u00f6rknippade med perserkatter (och deras tillh\u00f6rande raser) g\u00f6r dem n\u00e5got mindre kapabla \u00e4n andra kattarter att kontrollera det virus som orsakar FIP &#8211; vilket g\u00f6r dem mer mottagliga f\u00f6r infektion om de kommer i kontakt med det.           &nbsp;<\/p>\n<p><strong>Tr\u00e5nga boendef\u00f6rh\u00e5llanden<\/strong><strong> <\/strong>  Katter som lever i tr\u00e5nga eller stressiga milj\u00f6er, t.ex. i hush\u00e5ll med flera katter eller p\u00e5 katthem, kan ha en h\u00f6gre risk att uts\u00e4ttas f\u00f6r felint coronavirus, vilket kan \u00f6ka sannolikheten f\u00f6r att utveckla FIP.<br \/>\nN\u00e5gra av riskfaktorerna f\u00f6r FIP i samband med tr\u00e5ngboddhet \u00e4r n\u00e4rheten till andra katter, delade resurser (t.ex. matsk\u00e5lar, kattl\u00e5dor och s\u00e4ngar) och ett f\u00f6rsvagat immunsystem p\u00e5 grund av stress.<br \/>\nExponering f\u00f6r andra katter \u00e4r en viktig faktor f\u00f6r smittspridning eftersom infekterade katter uts\u00f6ndrar virus i saliv eller avf\u00f6ring.<br \/>\nN\u00e4ra kontakt mellan katter g\u00f6r att viruset l\u00e4ttare kan spridas.<br \/>\nI hush\u00e5ll med flera katter och p\u00e5 katthem \u00e4r det viktigt att minska risken f\u00f6r smittspridning genom att fr\u00e4mja goda hygienrutiner som att desinficera ytor med hush\u00e5llsreng\u00f6ringsmedel och tv\u00e4tta h\u00e4nderna regelbundet n\u00e4r man klappar olika katter.<br \/>\nDet \u00e4r ocks\u00e5 viktigt att uppmuntra h\u00e4lsosamma beteenden bland katterna, bland annat genom att ge dem gott om utrymme s\u00e5 att de inte sl\u00e5ss om revir.<br \/>\nAnv\u00e4nd skadedjursbek\u00e4mpning, t.ex. loppf\u00f6rebyggande behandlingar vid behov, och erbjud berikande aktiviteter, t.ex. leksaker, matst\u00e4llen och kl\u00e4ttertorn.<br \/>\nSe till att katterna f\u00e5r lika mycket mat, s\u00e5 att de inte beh\u00f6ver &#8221;sl\u00e5ss&#8221; om maten, och ordna bekv\u00e4ma viloplatser. &nbsp;<strong>Genetik<\/strong> Vissa katter kan ha en genetisk predisposition som g\u00f6r dem mer mottagliga f\u00f6r att utveckla FIP.<br \/>\nDet kan ha att g\u00f6ra med deras immunsystem eller deras f\u00f6rm\u00e5ga att kontrollera det felina coronaviruset.<br \/>\nEn katts genetiska upps\u00e4ttning kan g\u00f6ra den mer s\u00e5rbar f\u00f6r infektion, antingen genom att g\u00f6ra den of\u00f6rm\u00f6gen att k\u00e4nna igen och bek\u00e4mpa invaderande viruspartiklar eller genom att g\u00f6ra cellmembranen mindre motst\u00e5ndskraftiga mot viruset.<br \/>\nDe kan ocks\u00e5 g\u00f6ra vissa celler hos katter mottagliga f\u00f6r ett immunsvar som utl\u00f6ser inflammation som leder till ytterligare v\u00e4vnadsskada.<br \/>\nVissa katter kan dessutom sakna f\u00f6rm\u00e5ga att kontrollera replikationen av den farliga felina coronavirusstammen som f\u00f6rknippas med FIP, vilket \u00f6kar deras ben\u00e4genhet att utveckla detta tillst\u00e5nd. &nbsp;<strong>Stress Stress<\/strong> p\u00e5verkar katters immunsystem negativt och minskar deras f\u00f6rm\u00e5ga att bek\u00e4mpa infektioner.<br \/>\nKatter kan bli stressade n\u00e4r de upplever en betydande f\u00f6r\u00e4ndring i sin milj\u00f6 eller sina rutiner, t.ex. n\u00e4r de flyttar eller f\u00e5r ett nytt husdjur.<br \/>\nN\u00e4r en katt uts\u00e4tts f\u00f6r stressfaktorer fris\u00e4tter kroppen hormoner som h\u00e4mmar produktionen och funktionen hos vissa immunceller.<br \/>\nDetta leder till att kattens immunsystem f\u00f6rs\u00e4mras, vilket g\u00f6r den mer mottaglig inte bara f\u00f6r FIP utan \u00e4ven f\u00f6r andra sjukdomar, t.ex. s\u00e5dana som orsakas av parasiter och bakterier.<br \/>\nDe flesta katter som utvecklar FIP har tidigare varit stressade n\u00e5gra veckor eller m\u00e5nader innan FIP utvecklas.<br \/>\nGenom att ge dina husdjur milj\u00f6berikande aktiviteter och minimera potentiella k\u00e4llor till stress kan du bidra till att minska deras s\u00e5rbarhet f\u00f6r denna sjukdom.                  &nbsp;<\/p>\n<p><strong>Immunsystemets status<\/strong><strong> <\/strong>  Katter med nedsatt immunf\u00f6rsvar, t.ex. de som har Feline Leukemia Virus (FeLV) eller Feline Immunodeficiency Virus (FIV), l\u00f6per h\u00f6gre risk att utveckla FIP.<br \/>\nFeLV och FIV \u00e4r virusinfektioner som drabbar katter och som b\u00e5da angriper kattens immunsystem.<br \/>\nKatter med f\u00f6rsvagat immunf\u00f6rsvar p\u00e5 grund av n\u00e5got av virusen har d\u00e4rf\u00f6r ofta sv\u00e5rt att bek\u00e4mpa andra sjukdomar, d\u00e4ribland FIP.<br \/>\nKatter med underliggande sjukdomar som FeLV eller FIV kan vara mindre kapabla att s\u00e4tta in ett effektivt svar mot coronavirusinfektion n\u00e4r de uts\u00e4tts f\u00f6r det och mer ben\u00e4gna att duka under f\u00f6r att utveckla sjukdomen.<br \/>\nDet b\u00e4sta s\u00e4ttet f\u00f6r djur\u00e4gare att minimera kattens risk att utveckla FIP \u00e4r att k\u00e4nna till dess h\u00e4lsohistoria.<br \/>\nRegelbundna bes\u00f6k hos veterin\u00e4ren b\u00f6r omfatta grundliga kontroller av kattens allm\u00e4nna h\u00e4lsa, inklusive tester f\u00f6r dessa virus, s\u00e5 att du kan uppt\u00e4cka eventuella tecken tidigt och ge katten r\u00e4tt v\u00e5rd och behandling om det beh\u00f6vs.<\/p>\n","protected":false},"excerpt":{"rendered":"<p>Vilka \u00e4r n\u00e5gra av riskfaktorerna f\u00f6r FIP? Vissa katter \u00e4r mer ben\u00e4gna att f\u00e5 FIP \u00e4n andra, \u00e4ven om coronaviruset som \u00e4r ansvarigt f\u00f6r detta finns \u00f6verallt. Nedan f\u00f6ljer n\u00e5gra av de riskfaktorer som \u00f6kar risken f\u00f6r att en katt ska drabbas av FIP. &nbsp;\u00c5lder 50% av katterna som utvecklar FIP \u00e4r yngre \u00e4n 2 [&hellip;]<\/p>\n","protected":false},"author":1,"featured_media":22373,"parent":0,"menu_order":0,"comment_status":"closed","ping_status":"closed","template":"","meta":{"_glsr_average":0,"_glsr_ranking":0,"_glsr_reviews":0,"footnotes":""},"categories":[864],"tags":[],"_links":{"self":[{"href":"https:\/\/fipmed.co\/sv\/wp-json\/wp\/v2\/pages\/22372"}],"collection":[{"href":"https:\/\/fipmed.co\/sv\/wp-json\/wp\/v2\/pages"}],"about":[{"href":"https:\/\/fipmed.co\/sv\/wp-json\/wp\/v2\/types\/page"}],"author":[{"embeddable":true,"href":"https:\/\/fipmed.co\/sv\/wp-json\/wp\/v2\/users\/1"}],"replies":[{"embeddable":true,"href":"https:\/\/fipmed.co\/sv\/wp-json\/wp\/v2\/comments?post=22372"}],"version-history":[{"count":0,"href":"https:\/\/fipmed.co\/sv\/wp-json\/wp\/v2\/pages\/22372\/revisions"}],"wp:featuredmedia":[{"embeddable":true,"href":"https:\/\/fipmed.co\/sv\/wp-json\/wp\/v2\/media\/22373"}],"wp:attachment":[{"href":"https:\/\/fipmed.co\/sv\/wp-json\/wp\/v2\/media?parent=22372"}],"wp:term":[{"taxonomy":"category","embeddable":true,"href":"https:\/\/fipmed.co\/sv\/wp-json\/wp\/v2\/categories?post=22372"},{"taxonomy":"post_tag","embeddable":true,"href":"https:\/\/fipmed.co\/sv\/wp-json\/wp\/v2\/tags?post=22372"}],"curies":[{"name":"wp","href":"https:\/\/api.w.org\/{rel}","templated":true}]}}